{"id":83372,"date":"2020-09-14T12:50:49","date_gmt":"2020-09-14T10:50:49","guid":{"rendered":"https:\/\/tourtravelandmore.com\/?post_type=product&#038;p=83372"},"modified":"2022-10-20T17:16:24","modified_gmt":"2022-10-20T15:16:24","slug":"tour-privado-de-palermo-y-monreale-desde-palermo","status":"publish","type":"product","link":"https:\/\/tourtravelandmore.com\/es\/tours\/italia-es\/palermo-es\/tour-privado-de-palermo-y-monreale-desde-palermo\/","title":{"rendered":"Tour privado de Palermo y Monreale desde Palermo"},"content":{"rendered":"<h2><strong>Descripci\u00f3n del Tour privado de Palermo y Monreale desde Palermo<\/strong><\/h2>\n<p><strong>Palermo<\/strong> es una de las ciudades m\u00e1s bellas de Sicilia e incluso de Italia. Disfrute de este <strong>tour privado por Palermo<\/strong> c\u00f3modo en un <strong>veh\u00edculo privado de lujo con conductor<\/strong> y <strong>gu\u00eda tur\u00edstico oficial<\/strong>.<\/p>\n<p><strong>Palermo<\/strong> es conocida como la capital tur\u00edstica y econ\u00f3mica de la regi\u00f3n de Sicilia. Fue fundada por los fenicios y posteriormente conquistada por los griegos. La ciudad tuvo su mejor momento bajo la dominaci\u00f3n \u00e1rabe (siglos IX al XI d.C.). M\u00e1s tarde, los normandos conquistaron la ciudad y destruyeron muchas de las mezquitas y palacios.<\/p>\n<p>La ciudad de Palermo tiene un clima hermoso todo el a\u00f1o y cuenta con una oferta gastron\u00f3mica deslumbrante, por eso es el lugar perfecto para tus vacaciones.<\/p>\n<p><b>Monreale<\/b><span style=\"font-weight: 400;\"> es un municipio italiano de la provincia de Palermo. Esta encantadora ciudad es una de las m\u00e1s visitadas de toda Sicilia. Es el lugar perfecto para relajarse y tambi\u00e9n para disfrutar de la maravillosa naturaleza y arquitectura que caracteriza a esta ciudad.<\/span><\/p>\n<p>En caso de que lo prefiera, tambi\u00e9n podemos ofrecerle la posibilidad de visitar Palermo con un gu\u00eda tur\u00edstico local. Eche un vistazo a <a href=\"https:\/\/tourtravelandmore.com\/es\/tours\/italia-es\/palermo-es\/tour-privado-a-pie-3-horas-de-palermo\/\">nuestro tour privado a pie por Palermo<\/a>.<\/p>\n<h2><strong>Puntos de inter\u00e9s<\/strong><\/h2>\n<p>La ciudad de Palermo ha sido hogar de muchas culturas diferentes durante toda su historia, es por eso que es una ciudad alucinante que vale la pena conocer.<\/p>\n<p>En primer lugar, se encontrar\u00e1 con su conductor privado y su gu\u00eda tur\u00edstico oficial en su hotel o lugar de elecci\u00f3n en Palermo. La hora de inicio del tour la determinar\u00e1 usted.<\/p>\n<p>Durante este tour privado por Palermo conocer\u00e1s los sitios m\u00e1s emblem\u00e1ticos de la ciudad. Entre otros monumentos y lugares de inter\u00e9s que puede conocer durante este tour privado por Palermo:<\/p>\n<ul>\n<li><strong>Quattro Canti<\/strong><\/li>\n<li><strong>Mercado Hist\u00f3rico de Palermo<\/strong><\/li>\n<li><a href=\"https:\/\/www.teatromassimo.it\">Teatro Massimo<\/a><\/li>\n<li><strong>Iglesia &#8220;Santa Maria dell\u2019Ammiraglio Martorana&#8221;<\/strong><\/li>\n<li><strong>Palacio normando<\/strong><\/li>\n<li><strong>Duomo (Catedral de Palermo)<\/strong><\/li>\n<li><strong>San Giovanni degli Eremiti<\/strong><\/li>\n<li><strong>Iglesia de Santa Maria dell\u2019Ammiraglio Martorana<\/strong><\/li>\n<\/ul>\n<p><span style=\"font-weight: 400;\">Luego de este hermoso recorrido por Palermo, su conductor privado y su gu\u00eda oficial le llevar\u00e1n a <\/span><b>Monreale<\/b><span style=\"font-weight: 400;\">.<\/span><\/p>\n<p><span style=\"font-weight: 400;\">Esta ciudad alberga una de las catedrales m\u00e1s espectaculares del mundo. Esta catedral data del siglo XII y es uno de los mejores ejemplos de arquitectura normanda. La<\/span><a href=\"https:\/\/www.tiqets.com\/en\/cathedral-of-monreale-tickets-l146726\/\"> <span style=\"font-weight: 400;\">catedral<\/span><\/a><span style=\"font-weight: 400;\"> tiene, en su interior, la mayor concentraci\u00f3n de escenas de mosaico del mundo. La entrada al Duomo est\u00e1 incluida en el precio de este tour.<\/span><\/p>\n<ul>\n<li style=\"font-weight: 400;\" aria-level=\"1\"><strong>Duomo di Monreale.\u00a0<\/strong><\/li>\n<li style=\"font-weight: 400;\" aria-level=\"1\"><strong>Benedictine Cloister.\u00a0<\/strong><\/li>\n<li style=\"font-weight: 400;\" aria-level=\"1\"><strong>Le Absidi.\u00a0<\/strong><\/li>\n<li style=\"font-weight: 400;\" aria-level=\"1\"><strong>Piazza Vittorio Emanuele.\u00a0<\/strong><\/li>\n<li style=\"font-weight: 400;\" aria-level=\"1\"><strong>Fontana del Tritone.\u00a0<\/strong><\/li>\n<li style=\"font-weight: 400;\" aria-level=\"1\"><strong>Museo Diocesano di Monreale.\u00a0<\/strong><\/li>\n<li style=\"font-weight: 400;\" aria-level=\"1\"><strong>AcquaPark Monreale.<\/strong><\/li>\n<li style=\"font-weight: 400;\" aria-level=\"1\"><strong>Ciambr&#8217;Art.\u00a0<\/strong><\/li>\n<\/ul>\n<p><strong>Si est\u00e1 interesado<\/strong> en visitar alg\u00fan monumento o museo de la ciudad, no dude en contactar con nosotros. Podemos gestionar entradas sin colas a cualquier sitio de Palermo.<\/p>\n<p>Su conductor y gu\u00eda privados estar\u00e1n a su total disposici\u00f3n durante el recorrido de 4 horas. Podr\u00e1s visitar todos los rincones de esta incre\u00edble ciudad italiana.<\/p>\n<p>Finalmente, su conductor y gu\u00eda privado lo dejar\u00e1n en su hotel o punto de partida en Palermo.<\/p>\n","protected":false},"excerpt":{"rendered":"<p>La ciudad de Palermo es la capital de la regi\u00f3n de Sicilia y tiene mucho que ofrecer. Podr\u00e1 admirar todos los imprescindibles de esta ciudad \u00fanica junto con su conductor privado y gu\u00eda tur\u00edstico oficial. Visite lugares como el <strong>Duomo<\/strong>, <strong>Quattro Canti<\/strong> y el <strong>mercado hist\u00f3rico de Palermo<\/strong>.<\/p>\n","protected":false},"featured_media":141182,"comment_status":"open","ping_status":"closed","template":"","meta":{"_acf_changed":false},"product_brand":[],"product_cat":[699,705,717,862],"product_tag":[],"class_list":{"0":"post-83372","1":"product","2":"type-product","3":"status-publish","4":"has-post-thumbnail","6":"product_cat-palermo-es","7":"product_cat-palermo-actividades-es","8":"product_cat-palermo-rutas-turisticas-privadas-es","9":"product_cat-palermo-excursiones-privadas-cruceros-es","11":"first","12":"instock","13":"shipping-taxable","14":"purchasable","15":"product-type-simple"},"acf":[],"yoast_head":"<!-- This site is optimized with the Yoast SEO Premium plugin v25.3.1 (Yoast SEO v25.3.1) - https:\/\/yoast.com\/wordpress\/plugins\/seo\/ -->\n<title>Tour Privado por Palermo y Monreale desde Palermo | TTM<\/title>\n<meta name=\"description\" content=\"Disfrute de este tour privado por Palermo y Monreale con vuestro gu\u00eda oficial y chofer privado y conozca los lugares m\u00e1s emblem\u00e1ticos de esta incre\u00edble ciudad \u2705\" \/>\n<meta name=\"robots\" content=\"index, follow, max-snippet:-1, max-image-preview:large, max-video-preview:-1\" \/>\n<link rel=\"canonical\" href=\"https:\/\/tourtravelandmore.com\/es\/tours\/italia-es\/palermo-es\/tour-privado-de-palermo-y-monreale-desde-palermo\/\" \/>\n<meta property=\"og:locale\" content=\"es_ES\" \/>\n<meta property=\"og:type\" content=\"article\" \/>\n<meta property=\"og:title\" content=\"Tour privado de Palermo y Monreale desde Palermo\" \/>\n<meta property=\"og:description\" content=\"Disfrute de este tour privado por Palermo y Monreale con vuestro gu\u00eda oficial y chofer privado y conozca los lugares m\u00e1s emblem\u00e1ticos de esta incre\u00edble ciudad \u2705\" \/>\n<meta property=\"og:url\" content=\"https:\/\/tourtravelandmore.com\/es\/tours\/italia-es\/palermo-es\/tour-privado-de-palermo-y-monreale-desde-palermo\/\" \/>\n<meta property=\"og:site_name\" content=\"Tour Travel And More\" \/>\n<meta property=\"article:publisher\" content=\"https:\/\/www.facebook.com\/tourtravelandmore\/\" \/>\n<meta property=\"article:modified_time\" content=\"2022-10-20T15:16:24+00:00\" \/>\n<meta property=\"og:image\" content=\"https:\/\/tourtravelandmore.com\/wp-content\/uploads\/2020\/09\/pexels-giota-sakellariou-4089286-scaled.jpg\" \/>\n\t<meta property=\"og:image:width\" content=\"2560\" \/>\n\t<meta property=\"og:image:height\" content=\"1706\" \/>\n\t<meta property=\"og:image:type\" content=\"image\/jpeg\" \/>\n<meta name=\"twitter:card\" content=\"summary_large_image\" \/>\n<meta name=\"twitter:site\" content=\"@TourTravel_More\" \/>\n<meta name=\"twitter:label1\" content=\"Tiempo de lectura\" \/>\n\t<meta name=\"twitter:data1\" content=\"3 minutos\" \/>\n<script type=\"application\/ld+json\" class=\"yoast-schema-graph\">{\"@context\":\"https:\/\/schema.org\",\"@graph\":[{\"@type\":\"WebPage\",\"@id\":\"https:\/\/tourtravelandmore.com\/es\/tours\/italia-es\/palermo-es\/tour-privado-de-palermo-y-monreale-desde-palermo\/\",\"url\":\"https:\/\/tourtravelandmore.com\/es\/tours\/italia-es\/palermo-es\/tour-privado-de-palermo-y-monreale-desde-palermo\/\",\"name\":\"Tour Privado por Palermo y Monreale desde Palermo | TTM\",\"isPartOf\":{\"@id\":\"https:\/\/tourtravelandmore.com\/es\/#website\"},\"primaryImageOfPage\":{\"@id\":\"https:\/\/tourtravelandmore.com\/es\/tours\/italia-es\/palermo-es\/tour-privado-de-palermo-y-monreale-desde-palermo\/#primaryimage\"},\"image\":{\"@id\":\"https:\/\/tourtravelandmore.com\/es\/tours\/italia-es\/palermo-es\/tour-privado-de-palermo-y-monreale-desde-palermo\/#primaryimage\"},\"thumbnailUrl\":\"https:\/\/tourtravelandmore.com\/wp-content\/uploads\/2020\/09\/pexels-giota-sakellariou-4089286-scaled.jpg\",\"datePublished\":\"2020-09-14T10:50:49+00:00\",\"dateModified\":\"2022-10-20T15:16:24+00:00\",\"description\":\"Disfrute de este tour privado por Palermo y Monreale con vuestro gu\u00eda oficial y chofer privado y conozca los lugares m\u00e1s emblem\u00e1ticos de esta incre\u00edble ciudad \u2705\",\"breadcrumb\":{\"@id\":\"https:\/\/tourtravelandmore.com\/es\/tours\/italia-es\/palermo-es\/tour-privado-de-palermo-y-monreale-desde-palermo\/#breadcrumb\"},\"inLanguage\":\"es\",\"potentialAction\":[{\"@type\":\"ReadAction\",\"target\":[\"https:\/\/tourtravelandmore.com\/es\/tours\/italia-es\/palermo-es\/tour-privado-de-palermo-y-monreale-desde-palermo\/\"]}]},{\"@type\":\"ImageObject\",\"inLanguage\":\"es\",\"@id\":\"https:\/\/tourtravelandmore.com\/es\/tours\/italia-es\/palermo-es\/tour-privado-de-palermo-y-monreale-desde-palermo\/#primaryimage\",\"url\":\"https:\/\/tourtravelandmore.com\/wp-content\/uploads\/2020\/09\/pexels-giota-sakellariou-4089286-scaled.jpg\",\"contentUrl\":\"https:\/\/tourtravelandmore.com\/wp-content\/uploads\/2020\/09\/pexels-giota-sakellariou-4089286-scaled.jpg\",\"width\":2560,\"height\":1706},{\"@type\":\"BreadcrumbList\",\"@id\":\"https:\/\/tourtravelandmore.com\/es\/tours\/italia-es\/palermo-es\/tour-privado-de-palermo-y-monreale-desde-palermo\/#breadcrumb\",\"itemListElement\":[{\"@type\":\"ListItem\",\"position\":1,\"name\":\"Home\",\"item\":\"https:\/\/tourtravelandmore.com\/es\/\"},{\"@type\":\"ListItem\",\"position\":2,\"name\":\"Tours\",\"item\":\"https:\/\/tourtravelandmore.com\/es\/tours\/\"},{\"@type\":\"ListItem\",\"position\":3,\"name\":\"Tour privado de Palermo y Monreale desde Palermo\"}]},{\"@type\":\"WebSite\",\"@id\":\"https:\/\/tourtravelandmore.com\/es\/#website\",\"url\":\"https:\/\/tourtravelandmore.com\/es\/\",\"name\":\"Tour Travel And More\",\"description\":\"Private sightseeing tours and luxury transfers in Spain\",\"publisher\":{\"@id\":\"https:\/\/tourtravelandmore.com\/es\/#organization\"},\"potentialAction\":[{\"@type\":\"SearchAction\",\"target\":{\"@type\":\"EntryPoint\",\"urlTemplate\":\"https:\/\/tourtravelandmore.com\/es\/?s={search_term_string}\"},\"query-input\":{\"@type\":\"PropertyValueSpecification\",\"valueRequired\":true,\"valueName\":\"search_term_string\"}}],\"inLanguage\":\"es\"},{\"@type\":\"Organization\",\"@id\":\"https:\/\/tourtravelandmore.com\/es\/#organization\",\"name\":\"Tour Travel And More\",\"url\":\"https:\/\/tourtravelandmore.com\/es\/\",\"logo\":{\"@type\":\"ImageObject\",\"inLanguage\":\"es\",\"@id\":\"https:\/\/tourtravelandmore.com\/es\/#\/schema\/logo\/image\/\",\"url\":\"https:\/\/tourtravelandmore.com\/wp-content\/uploads\/2022\/12\/cropped-logo-cabecera-new.png\",\"contentUrl\":\"https:\/\/tourtravelandmore.com\/wp-content\/uploads\/2022\/12\/cropped-logo-cabecera-new.png\",\"width\":430,\"height\":61,\"caption\":\"Tour Travel And More\"},\"image\":{\"@id\":\"https:\/\/tourtravelandmore.com\/es\/#\/schema\/logo\/image\/\"},\"sameAs\":[\"https:\/\/www.facebook.com\/tourtravelandmore\/\",\"https:\/\/x.com\/TourTravel_More\"]}]}<\/script>\n<!-- \/ Yoast SEO Premium plugin. -->","yoast_head_json":{"title":"Tour Privado por Palermo y Monreale desde Palermo | TTM","description":"Disfrute de este tour privado por Palermo y Monreale con vuestro gu\u00eda oficial y chofer privado y conozca los lugares m\u00e1s emblem\u00e1ticos de esta incre\u00edble ciudad \u2705","robots":{"index":"index","follow":"follow","max-snippet":"max-snippet:-1","max-image-preview":"max-image-preview:large","max-video-preview":"max-video-preview:-1"},"canonical":"https:\/\/tourtravelandmore.com\/es\/tours\/italia-es\/palermo-es\/tour-privado-de-palermo-y-monreale-desde-palermo\/","og_locale":"es_ES","og_type":"article","og_title":"Tour privado de Palermo y Monreale desde Palermo","og_description":"Disfrute de este tour privado por Palermo y Monreale con vuestro gu\u00eda oficial y chofer privado y conozca los lugares m\u00e1s emblem\u00e1ticos de esta incre\u00edble ciudad \u2705","og_url":"https:\/\/tourtravelandmore.com\/es\/tours\/italia-es\/palermo-es\/tour-privado-de-palermo-y-monreale-desde-palermo\/","og_site_name":"Tour Travel And More","article_publisher":"https:\/\/www.facebook.com\/tourtravelandmore\/","article_modified_time":"2022-10-20T15:16:24+00:00","og_image":[{"width":2560,"height":1706,"url":"https:\/\/tourtravelandmore.com\/wp-content\/uploads\/2020\/09\/pexels-giota-sakellariou-4089286-scaled.jpg","type":"image\/jpeg"}],"twitter_card":"summary_large_image","twitter_site":"@TourTravel_More","twitter_misc":{"Tiempo de lectura":"3 minutos"},"schema":{"@context":"https:\/\/schema.org","@graph":[{"@type":"WebPage","@id":"https:\/\/tourtravelandmore.com\/es\/tours\/italia-es\/palermo-es\/tour-privado-de-palermo-y-monreale-desde-palermo\/","url":"https:\/\/tourtravelandmore.com\/es\/tours\/italia-es\/palermo-es\/tour-privado-de-palermo-y-monreale-desde-palermo\/","name":"Tour Privado por Palermo y Monreale desde Palermo | TTM","isPartOf":{"@id":"https:\/\/tourtravelandmore.com\/es\/#website"},"primaryImageOfPage":{"@id":"https:\/\/tourtravelandmore.com\/es\/tours\/italia-es\/palermo-es\/tour-privado-de-palermo-y-monreale-desde-palermo\/#primaryimage"},"image":{"@id":"https:\/\/tourtravelandmore.com\/es\/tours\/italia-es\/palermo-es\/tour-privado-de-palermo-y-monreale-desde-palermo\/#primaryimage"},"thumbnailUrl":"https:\/\/tourtravelandmore.com\/wp-content\/uploads\/2020\/09\/pexels-giota-sakellariou-4089286-scaled.jpg","datePublished":"2020-09-14T10:50:49+00:00","dateModified":"2022-10-20T15:16:24+00:00","description":"Disfrute de este tour privado por Palermo y Monreale con vuestro gu\u00eda oficial y chofer privado y conozca los lugares m\u00e1s emblem\u00e1ticos de esta incre\u00edble ciudad \u2705","breadcrumb":{"@id":"https:\/\/tourtravelandmore.com\/es\/tours\/italia-es\/palermo-es\/tour-privado-de-palermo-y-monreale-desde-palermo\/#breadcrumb"},"inLanguage":"es","potentialAction":[{"@type":"ReadAction","target":["https:\/\/tourtravelandmore.com\/es\/tours\/italia-es\/palermo-es\/tour-privado-de-palermo-y-monreale-desde-palermo\/"]}]},{"@type":"ImageObject","inLanguage":"es","@id":"https:\/\/tourtravelandmore.com\/es\/tours\/italia-es\/palermo-es\/tour-privado-de-palermo-y-monreale-desde-palermo\/#primaryimage","url":"https:\/\/tourtravelandmore.com\/wp-content\/uploads\/2020\/09\/pexels-giota-sakellariou-4089286-scaled.jpg","contentUrl":"https:\/\/tourtravelandmore.com\/wp-content\/uploads\/2020\/09\/pexels-giota-sakellariou-4089286-scaled.jpg","width":2560,"height":1706},{"@type":"BreadcrumbList","@id":"https:\/\/tourtravelandmore.com\/es\/tours\/italia-es\/palermo-es\/tour-privado-de-palermo-y-monreale-desde-palermo\/#breadcrumb","itemListElement":[{"@type":"ListItem","position":1,"name":"Home","item":"https:\/\/tourtravelandmore.com\/es\/"},{"@type":"ListItem","position":2,"name":"Tours","item":"https:\/\/tourtravelandmore.com\/es\/tours\/"},{"@type":"ListItem","position":3,"name":"Tour privado de Palermo y Monreale desde Palermo"}]},{"@type":"WebSite","@id":"https:\/\/tourtravelandmore.com\/es\/#website","url":"https:\/\/tourtravelandmore.com\/es\/","name":"Tour Travel And More","description":"Private sightseeing tours and luxury transfers in Spain","publisher":{"@id":"https:\/\/tourtravelandmore.com\/es\/#organization"},"potentialAction":[{"@type":"SearchAction","target":{"@type":"EntryPoint","urlTemplate":"https:\/\/tourtravelandmore.com\/es\/?s={search_term_string}"},"query-input":{"@type":"PropertyValueSpecification","valueRequired":true,"valueName":"search_term_string"}}],"inLanguage":"es"},{"@type":"Organization","@id":"https:\/\/tourtravelandmore.com\/es\/#organization","name":"Tour Travel And More","url":"https:\/\/tourtravelandmore.com\/es\/","logo":{"@type":"ImageObject","inLanguage":"es","@id":"https:\/\/tourtravelandmore.com\/es\/#\/schema\/logo\/image\/","url":"https:\/\/tourtravelandmore.com\/wp-content\/uploads\/2022\/12\/cropped-logo-cabecera-new.png","contentUrl":"https:\/\/tourtravelandmore.com\/wp-content\/uploads\/2022\/12\/cropped-logo-cabecera-new.png","width":430,"height":61,"caption":"Tour Travel And More"},"image":{"@id":"https:\/\/tourtravelandmore.com\/es\/#\/schema\/logo\/image\/"},"sameAs":["https:\/\/www.facebook.com\/tourtravelandmore\/","https:\/\/x.com\/TourTravel_More"]}]}},"_links":{"self":[{"href":"https:\/\/tourtravelandmore.com\/es\/wp-json\/wp\/v2\/product\/83372","targetHints":{"allow":["GET"]}}],"collection":[{"href":"https:\/\/tourtravelandmore.com\/es\/wp-json\/wp\/v2\/product"}],"about":[{"href":"https:\/\/tourtravelandmore.com\/es\/wp-json\/wp\/v2\/types\/product"}],"replies":[{"embeddable":true,"href":"https:\/\/tourtravelandmore.com\/es\/wp-json\/wp\/v2\/comments?post=83372"}],"wp:featuredmedia":[{"embeddable":true,"href":"https:\/\/tourtravelandmore.com\/es\/wp-json\/wp\/v2\/media\/141182"}],"wp:attachment":[{"href":"https:\/\/tourtravelandmore.com\/es\/wp-json\/wp\/v2\/media?parent=83372"}],"wp:term":[{"taxonomy":"product_brand","embeddable":true,"href":"https:\/\/tourtravelandmore.com\/es\/wp-json\/wp\/v2\/product_brand?post=83372"},{"taxonomy":"product_cat","embeddable":true,"href":"https:\/\/tourtravelandmore.com\/es\/wp-json\/wp\/v2\/product_cat?post=83372"},{"taxonomy":"product_tag","embeddable":true,"href":"https:\/\/tourtravelandmore.com\/es\/wp-json\/wp\/v2\/product_tag?post=83372"}],"curies":[{"name":"wp","href":"https:\/\/api.w.org\/{rel}","templated":true}]}}