{"id":8334,"date":"2016-10-20T10:46:42","date_gmt":"2016-10-24T15:04:24","guid":{"rendered":"http:\/\/tourtravelandmore.com\/es\/?post_type=product&#038;p=8334"},"modified":"2022-11-26T00:57:53","modified_gmt":"2022-11-25T23:57:53","slug":"tour-privado-museo-dali-figueras","status":"publish","type":"product","link":"https:\/\/tourtravelandmore.com\/es\/tours\/espana-es\/barcelona-es\/tour-privado-museo-dali-figueras\/","title":{"rendered":"Tour Privado del Museo Dali y Figueras"},"content":{"rendered":"<h2><strong>Descripci\u00f3n del Tour Privado del Museo Dali y Figueras<\/strong><\/h2>\n<p>Disfrute de este <strong>tour del Museo Dali, con su gu\u00eda oficial privado y su veh\u00edculo con conductor privado. <\/strong>Conoce los <strong>lugares m\u00e1s emblem\u00e1ticos de Figureras<\/strong> como el <strong>Museo Dali<\/strong>.<\/p>\n<p>Nuestro conductor a la hora escogida estar\u00e1 esperando enfrente de su Hotel, Apartamento o Terminal de Cruceros. Nuestro gu\u00eda estar\u00e1 esperando en el Museo Dali, para empezar desde ah\u00ed un recorrido de 2 horas. Una vez finalicemos el Tour del Museo Dali podr\u00e1n disfrutar de tiempo libre para pasear por Figueres y comer algo antes de volver a Barcelona.<\/p>\n<p>La duraci\u00f3n total del tour son 6 horas.<\/p>\n<p>Pueden escoger la hora de salida del tour y vuestro sitio de recogida dentro de la ciudad de Barcelona.<\/p>\n<p>Este tour es completamente personalizable y pod\u00e9is organizarlo como quer\u00e1is, podemos personalizar vuestro tour s\u00f3lo contactando con nosotros. Aqu\u00ed os dejamos un ejemplo de itinerario, el tour ser\u00e1 personalizado para que ve\u00e1is y conozc\u00e1is principalmente el Museo Dali, y la ciudad donde est\u00e1 ubicado, Figueras.<\/p>\n<h2>Puntos de inter\u00e9s en el Tour Privado del Museo Dali y Figueras<\/h2>\n<p>La ciudad de Figueres, es reconocida mundialmente por haber sido la cuna de <a href=\"https:\/\/es.wikipedia.org\/wiki\/Salvador_Dal%C3%AD\"><strong>Salvador Dali<\/strong><\/a>, quien naci\u00f3 a unos pocos kil\u00f3metros de la ciudad, en un pueblo costero ubicado en la Costa Brava llamado <strong>Cadaqu\u00e9s<\/strong> (es posible extender la visita para poder visitar el pueblo y la casa del gran Dali, no dude en consultar a trav\u00e9s del formulario de contacto, recuerde que todos los tours son personalizables a su propio gusto e inter\u00e9s)<\/p>\n<p>El Museo Dal\u00ed fue inaugurado en 1974 y construido sobre los restos del antiguo Teatro Municipal de Figueres. Fue dise\u00f1ador exclusivamente por Salvador Dal\u00ed y una de sus grandes obras. El Tour del Museo Dali, es una oportunidad \u00fanica de observar, vivir y conocer la obra y el pensamiento del genio y artista. El Museo Dal\u00ed est\u00e1 centrado en la obra de Salvador Dali y contiene muchas obras que describen toda la trayectoria art\u00edstica del pintor, desde sus principios, impresionismo, futurismo, cubismoy\u00a0 y las creaciones surrealistas hasta las realizadas en sus \u00faltimos a\u00f1os de vida.<\/p>\n<p>Si desean alargar el tour y conocer la Casa de Dali y su pueblo d\u00f3nde naci\u00f3 Cadaqu\u00e9s, pueden escoger el <a href=\"https:\/\/tourtravelandmore.com\/es\/tours\/espana-es\/barcelona-es\/barcelona-actividades-es\/tour-privado-museo-dali-y-cadaques-desde-barcelona-10-horas\/\">Tour Privado del Museo Dali y Cadaqu\u00e9s en 10 Horas.<\/a><\/p>\n","protected":false},"excerpt":{"rendered":"<p>Aproveche esta oportunidad para conocer y disfrutar del <strong>Museo de Dali<\/strong> y de <strong>Figueras<\/strong> con vuestro guia oficial privado y vuestro veh\u00edculo de lujo con chofer gracias a este <strong>tour privado<\/strong>.<\/p>\n<h4>Destacado<\/h4>\n<ul>\n<li>[icon name=\"clock-o\" class=\"\" unprefixed_class=\"\"] <strong>Tour privado<\/strong> de 6 horas<\/li>\n<li>[icon name=\"graduation-cap\" class=\"\" unprefixed_class=\"\"] Gu\u00eda oficial privado en ingles o espa\u00f1ol (otros idiomas bajo consulta) por 2 horas en Figueras<\/li>\n<li>[icon name=\"car\" class=\"\" unprefixed_class=\"\"] Vehiculo privado de lujo con chofer\/guia en espa\u00f1ol o ingles (otras lenguas bajo consulta)<\/li>\n<li>[icon name=\"star\" class=\"\" unprefixed_class=\"\"] Disfrute del museo Dali y de Figueras<\/li>\n<li>[icon name=\"star\" class=\"\" unprefixed_class=\"\"] Posibilidad de coordinar el comienzo desde su hotel, apartamento, aeropuerto, puerto o punto de selecci\u00f3n personal.<\/li>\n<\/ul>\n","protected":false},"featured_media":7720,"comment_status":"open","ping_status":"closed","template":"","meta":{"_acf_changed":false},"product_brand":[],"product_cat":[69,283,266,267,547],"product_tag":[],"class_list":{"0":"post-8334","1":"product","2":"type-product","3":"status-publish","4":"has-post-thumbnail","6":"product_cat-barcelona-es","7":"product_cat-barcelona-top-ventas-es","8":"product_cat-barcelona-actividades-es","9":"product_cat-barcelona-excursiones-es","10":"product_cat-barcelona-excursiones-privadas-cruceros-es","12":"first","13":"instock","14":"shipping-taxable","15":"purchasable","16":"product-type-simple"},"acf":[],"yoast_head":"<!-- This site is optimized with the Yoast SEO Premium plugin v25.3.1 (Yoast SEO v25.3.1) - https:\/\/yoast.com\/wordpress\/plugins\/seo\/ -->\n<title>\u27a1\ufe0f Tour Museo Dali | Tour Travel &amp; More<\/title>\n<meta name=\"description\" content=\"Disfrute de este Tour del Museo Dali, d\u00f3nde conocer\u00e1 el Museo y Figueres junto a su gu\u00eda oficial. Conocer\u00e1 la historia y las obras de Salvador Dali \u2705\" \/>\n<meta name=\"robots\" content=\"index, follow, max-snippet:-1, max-image-preview:large, max-video-preview:-1\" \/>\n<link rel=\"canonical\" href=\"https:\/\/tourtravelandmore.com\/es\/tours\/espana-es\/barcelona-es\/tour-privado-museo-dali-figueras\/\" \/>\n<meta property=\"og:locale\" content=\"es_ES\" \/>\n<meta property=\"og:type\" content=\"article\" \/>\n<meta property=\"og:title\" content=\"Tour Privado del Museo Dali y Figueras\" \/>\n<meta property=\"og:description\" content=\"Disfrute de este Tour del Museo Dali, d\u00f3nde conocer\u00e1 el Museo y Figueres junto a su gu\u00eda oficial. Conocer\u00e1 la historia y las obras de Salvador Dali \u2705\" \/>\n<meta property=\"og:url\" content=\"https:\/\/tourtravelandmore.com\/es\/tours\/espana-es\/barcelona-es\/tour-privado-museo-dali-figueras\/\" \/>\n<meta property=\"og:site_name\" content=\"Tour Travel And More\" \/>\n<meta property=\"article:publisher\" content=\"https:\/\/www.facebook.com\/tourtravelandmore\/\" \/>\n<meta property=\"article:modified_time\" content=\"2022-11-25T23:57:53+00:00\" \/>\n<meta property=\"og:image\" content=\"https:\/\/tourtravelandmore.com\/wp-content\/uploads\/2016\/10\/barcelona-tour-dali.jpg\" \/>\n\t<meta property=\"og:image:width\" content=\"928\" \/>\n\t<meta property=\"og:image:height\" content=\"970\" \/>\n\t<meta property=\"og:image:type\" content=\"image\/jpeg\" \/>\n<meta name=\"twitter:card\" content=\"summary_large_image\" \/>\n<meta name=\"twitter:site\" content=\"@TourTravel_More\" \/>\n<meta name=\"twitter:label1\" content=\"Tiempo de lectura\" \/>\n\t<meta name=\"twitter:data1\" content=\"2 minutos\" \/>\n<script type=\"application\/ld+json\" class=\"yoast-schema-graph\">{\"@context\":\"https:\/\/schema.org\",\"@graph\":[{\"@type\":\"WebPage\",\"@id\":\"https:\/\/tourtravelandmore.com\/es\/tours\/espana-es\/barcelona-es\/tour-privado-museo-dali-figueras\/\",\"url\":\"https:\/\/tourtravelandmore.com\/es\/tours\/espana-es\/barcelona-es\/tour-privado-museo-dali-figueras\/\",\"name\":\"\u27a1\ufe0f Tour Museo Dali | Tour Travel & More\",\"isPartOf\":{\"@id\":\"https:\/\/tourtravelandmore.com\/es\/#website\"},\"primaryImageOfPage\":{\"@id\":\"https:\/\/tourtravelandmore.com\/es\/tours\/espana-es\/barcelona-es\/tour-privado-museo-dali-figueras\/#primaryimage\"},\"image\":{\"@id\":\"https:\/\/tourtravelandmore.com\/es\/tours\/espana-es\/barcelona-es\/tour-privado-museo-dali-figueras\/#primaryimage\"},\"thumbnailUrl\":\"https:\/\/tourtravelandmore.com\/wp-content\/uploads\/2016\/10\/barcelona-tour-dali.jpg\",\"datePublished\":\"2016-10-24T15:04:24+00:00\",\"dateModified\":\"2022-11-25T23:57:53+00:00\",\"description\":\"Disfrute de este Tour del Museo Dali, d\u00f3nde conocer\u00e1 el Museo y Figueres junto a su gu\u00eda oficial. Conocer\u00e1 la historia y las obras de Salvador Dali \u2705\",\"breadcrumb\":{\"@id\":\"https:\/\/tourtravelandmore.com\/es\/tours\/espana-es\/barcelona-es\/tour-privado-museo-dali-figueras\/#breadcrumb\"},\"inLanguage\":\"es\",\"potentialAction\":[{\"@type\":\"ReadAction\",\"target\":[\"https:\/\/tourtravelandmore.com\/es\/tours\/espana-es\/barcelona-es\/tour-privado-museo-dali-figueras\/\"]}]},{\"@type\":\"ImageObject\",\"inLanguage\":\"es\",\"@id\":\"https:\/\/tourtravelandmore.com\/es\/tours\/espana-es\/barcelona-es\/tour-privado-museo-dali-figueras\/#primaryimage\",\"url\":\"https:\/\/tourtravelandmore.com\/wp-content\/uploads\/2016\/10\/barcelona-tour-dali.jpg\",\"contentUrl\":\"https:\/\/tourtravelandmore.com\/wp-content\/uploads\/2016\/10\/barcelona-tour-dali.jpg\",\"width\":928,\"height\":970},{\"@type\":\"BreadcrumbList\",\"@id\":\"https:\/\/tourtravelandmore.com\/es\/tours\/espana-es\/barcelona-es\/tour-privado-museo-dali-figueras\/#breadcrumb\",\"itemListElement\":[{\"@type\":\"ListItem\",\"position\":1,\"name\":\"Home\",\"item\":\"https:\/\/tourtravelandmore.com\/es\/\"},{\"@type\":\"ListItem\",\"position\":2,\"name\":\"Tours\",\"item\":\"https:\/\/tourtravelandmore.com\/es\/tours\/\"},{\"@type\":\"ListItem\",\"position\":3,\"name\":\"Tour Privado del Museo Dali y Figueras\"}]},{\"@type\":\"WebSite\",\"@id\":\"https:\/\/tourtravelandmore.com\/es\/#website\",\"url\":\"https:\/\/tourtravelandmore.com\/es\/\",\"name\":\"Tour Travel And More\",\"description\":\"Private sightseeing tours and luxury transfers in Spain\",\"publisher\":{\"@id\":\"https:\/\/tourtravelandmore.com\/es\/#organization\"},\"potentialAction\":[{\"@type\":\"SearchAction\",\"target\":{\"@type\":\"EntryPoint\",\"urlTemplate\":\"https:\/\/tourtravelandmore.com\/es\/?s={search_term_string}\"},\"query-input\":{\"@type\":\"PropertyValueSpecification\",\"valueRequired\":true,\"valueName\":\"search_term_string\"}}],\"inLanguage\":\"es\"},{\"@type\":\"Organization\",\"@id\":\"https:\/\/tourtravelandmore.com\/es\/#organization\",\"name\":\"Tour Travel And More\",\"url\":\"https:\/\/tourtravelandmore.com\/es\/\",\"logo\":{\"@type\":\"ImageObject\",\"inLanguage\":\"es\",\"@id\":\"https:\/\/tourtravelandmore.com\/es\/#\/schema\/logo\/image\/\",\"url\":\"https:\/\/tourtravelandmore.com\/wp-content\/uploads\/2022\/12\/cropped-logo-cabecera-new.png\",\"contentUrl\":\"https:\/\/tourtravelandmore.com\/wp-content\/uploads\/2022\/12\/cropped-logo-cabecera-new.png\",\"width\":430,\"height\":61,\"caption\":\"Tour Travel And More\"},\"image\":{\"@id\":\"https:\/\/tourtravelandmore.com\/es\/#\/schema\/logo\/image\/\"},\"sameAs\":[\"https:\/\/www.facebook.com\/tourtravelandmore\/\",\"https:\/\/x.com\/TourTravel_More\"]}]}<\/script>\n<!-- \/ Yoast SEO Premium plugin. -->","yoast_head_json":{"title":"\u27a1\ufe0f Tour Museo Dali | Tour Travel & More","description":"Disfrute de este Tour del Museo Dali, d\u00f3nde conocer\u00e1 el Museo y Figueres junto a su gu\u00eda oficial. Conocer\u00e1 la historia y las obras de Salvador Dali \u2705","robots":{"index":"index","follow":"follow","max-snippet":"max-snippet:-1","max-image-preview":"max-image-preview:large","max-video-preview":"max-video-preview:-1"},"canonical":"https:\/\/tourtravelandmore.com\/es\/tours\/espana-es\/barcelona-es\/tour-privado-museo-dali-figueras\/","og_locale":"es_ES","og_type":"article","og_title":"Tour Privado del Museo Dali y Figueras","og_description":"Disfrute de este Tour del Museo Dali, d\u00f3nde conocer\u00e1 el Museo y Figueres junto a su gu\u00eda oficial. Conocer\u00e1 la historia y las obras de Salvador Dali \u2705","og_url":"https:\/\/tourtravelandmore.com\/es\/tours\/espana-es\/barcelona-es\/tour-privado-museo-dali-figueras\/","og_site_name":"Tour Travel And More","article_publisher":"https:\/\/www.facebook.com\/tourtravelandmore\/","article_modified_time":"2022-11-25T23:57:53+00:00","og_image":[{"width":928,"height":970,"url":"https:\/\/tourtravelandmore.com\/wp-content\/uploads\/2016\/10\/barcelona-tour-dali.jpg","type":"image\/jpeg"}],"twitter_card":"summary_large_image","twitter_site":"@TourTravel_More","twitter_misc":{"Tiempo de lectura":"2 minutos"},"schema":{"@context":"https:\/\/schema.org","@graph":[{"@type":"WebPage","@id":"https:\/\/tourtravelandmore.com\/es\/tours\/espana-es\/barcelona-es\/tour-privado-museo-dali-figueras\/","url":"https:\/\/tourtravelandmore.com\/es\/tours\/espana-es\/barcelona-es\/tour-privado-museo-dali-figueras\/","name":"\u27a1\ufe0f Tour Museo Dali | Tour Travel & More","isPartOf":{"@id":"https:\/\/tourtravelandmore.com\/es\/#website"},"primaryImageOfPage":{"@id":"https:\/\/tourtravelandmore.com\/es\/tours\/espana-es\/barcelona-es\/tour-privado-museo-dali-figueras\/#primaryimage"},"image":{"@id":"https:\/\/tourtravelandmore.com\/es\/tours\/espana-es\/barcelona-es\/tour-privado-museo-dali-figueras\/#primaryimage"},"thumbnailUrl":"https:\/\/tourtravelandmore.com\/wp-content\/uploads\/2016\/10\/barcelona-tour-dali.jpg","datePublished":"2016-10-24T15:04:24+00:00","dateModified":"2022-11-25T23:57:53+00:00","description":"Disfrute de este Tour del Museo Dali, d\u00f3nde conocer\u00e1 el Museo y Figueres junto a su gu\u00eda oficial. Conocer\u00e1 la historia y las obras de Salvador Dali \u2705","breadcrumb":{"@id":"https:\/\/tourtravelandmore.com\/es\/tours\/espana-es\/barcelona-es\/tour-privado-museo-dali-figueras\/#breadcrumb"},"inLanguage":"es","potentialAction":[{"@type":"ReadAction","target":["https:\/\/tourtravelandmore.com\/es\/tours\/espana-es\/barcelona-es\/tour-privado-museo-dali-figueras\/"]}]},{"@type":"ImageObject","inLanguage":"es","@id":"https:\/\/tourtravelandmore.com\/es\/tours\/espana-es\/barcelona-es\/tour-privado-museo-dali-figueras\/#primaryimage","url":"https:\/\/tourtravelandmore.com\/wp-content\/uploads\/2016\/10\/barcelona-tour-dali.jpg","contentUrl":"https:\/\/tourtravelandmore.com\/wp-content\/uploads\/2016\/10\/barcelona-tour-dali.jpg","width":928,"height":970},{"@type":"BreadcrumbList","@id":"https:\/\/tourtravelandmore.com\/es\/tours\/espana-es\/barcelona-es\/tour-privado-museo-dali-figueras\/#breadcrumb","itemListElement":[{"@type":"ListItem","position":1,"name":"Home","item":"https:\/\/tourtravelandmore.com\/es\/"},{"@type":"ListItem","position":2,"name":"Tours","item":"https:\/\/tourtravelandmore.com\/es\/tours\/"},{"@type":"ListItem","position":3,"name":"Tour Privado del Museo Dali y Figueras"}]},{"@type":"WebSite","@id":"https:\/\/tourtravelandmore.com\/es\/#website","url":"https:\/\/tourtravelandmore.com\/es\/","name":"Tour Travel And More","description":"Private sightseeing tours and luxury transfers in Spain","publisher":{"@id":"https:\/\/tourtravelandmore.com\/es\/#organization"},"potentialAction":[{"@type":"SearchAction","target":{"@type":"EntryPoint","urlTemplate":"https:\/\/tourtravelandmore.com\/es\/?s={search_term_string}"},"query-input":{"@type":"PropertyValueSpecification","valueRequired":true,"valueName":"search_term_string"}}],"inLanguage":"es"},{"@type":"Organization","@id":"https:\/\/tourtravelandmore.com\/es\/#organization","name":"Tour Travel And More","url":"https:\/\/tourtravelandmore.com\/es\/","logo":{"@type":"ImageObject","inLanguage":"es","@id":"https:\/\/tourtravelandmore.com\/es\/#\/schema\/logo\/image\/","url":"https:\/\/tourtravelandmore.com\/wp-content\/uploads\/2022\/12\/cropped-logo-cabecera-new.png","contentUrl":"https:\/\/tourtravelandmore.com\/wp-content\/uploads\/2022\/12\/cropped-logo-cabecera-new.png","width":430,"height":61,"caption":"Tour Travel And More"},"image":{"@id":"https:\/\/tourtravelandmore.com\/es\/#\/schema\/logo\/image\/"},"sameAs":["https:\/\/www.facebook.com\/tourtravelandmore\/","https:\/\/x.com\/TourTravel_More"]}]}},"_links":{"self":[{"href":"https:\/\/tourtravelandmore.com\/es\/wp-json\/wp\/v2\/product\/8334","targetHints":{"allow":["GET"]}}],"collection":[{"href":"https:\/\/tourtravelandmore.com\/es\/wp-json\/wp\/v2\/product"}],"about":[{"href":"https:\/\/tourtravelandmore.com\/es\/wp-json\/wp\/v2\/types\/product"}],"replies":[{"embeddable":true,"href":"https:\/\/tourtravelandmore.com\/es\/wp-json\/wp\/v2\/comments?post=8334"}],"wp:featuredmedia":[{"embeddable":true,"href":"https:\/\/tourtravelandmore.com\/es\/wp-json\/wp\/v2\/media\/7720"}],"wp:attachment":[{"href":"https:\/\/tourtravelandmore.com\/es\/wp-json\/wp\/v2\/media?parent=8334"}],"wp:term":[{"taxonomy":"product_brand","embeddable":true,"href":"https:\/\/tourtravelandmore.com\/es\/wp-json\/wp\/v2\/product_brand?post=8334"},{"taxonomy":"product_cat","embeddable":true,"href":"https:\/\/tourtravelandmore.com\/es\/wp-json\/wp\/v2\/product_cat?post=8334"},{"taxonomy":"product_tag","embeddable":true,"href":"https:\/\/tourtravelandmore.com\/es\/wp-json\/wp\/v2\/product_tag?post=8334"}],"curies":[{"name":"wp","href":"https:\/\/api.w.org\/{rel}","templated":true}]}}