{"id":83287,"date":"2020-09-10T18:36:28","date_gmt":"2020-09-10T16:36:29","guid":{"rendered":"https:\/\/tourtravelandmore.com\/?post_type=product&#038;p=83287"},"modified":"2021-06-25T18:56:19","modified_gmt":"2021-06-25T16:56:19","slug":"tour-privado-vegas-desde-la","status":"publish","type":"product","link":"https:\/\/tourtravelandmore.com\/es\/tours\/eeuu-es\/los-angeles-es\/los-angeles-actividades-es\/tour-privado-vegas-desde-la\/","title":{"rendered":"Excursi\u00f3n privada a Las Vegas desde Los \u00c1ngeles"},"content":{"rendered":"<h2><strong>Descripci\u00f3n del Tour Privado<\/strong><\/h2>\n<p class=\"p1\"><span class=\"s1\">Quien no desea visitar Las Vegas? De seguro est\u00e1 en la lista de deseos de muchos! A veces es dif\u00edcil encontrar los d\u00edas o tiempo para visitar Las Vegas. Por ello este tour privado a Las Vegas desde L.A., es ideal para ti. Perm\u00edtannos llevarle a Las Vegas en esta excursi\u00f3n privada desde Los \u00c1ngeles!<\/span><\/p>\n<p class=\"p1\"><span class=\"s1\">Como todos nuestros tours privados, su chofer le recoger\u00e1 en su hotel en Los Angeles. Su chofer privado le llevar\u00e1 a la maravillosa ciudad de Las Vegas.<\/span><\/p>\n<p class=\"p1\"><span class=\"s1\">Una vez all\u00ed se encontrar\u00e1 con su gu\u00eda oficial privado para una visita de la ciudad. Disfruta lo mejor de Las Vegas con su gu\u00eda local, c\u00f3modo en su veh\u00edculo privado.<\/span><\/p>\n<p class=\"p1\"><span class=\"s1\">Al finalizar su tour privado de Las Vegas tendr\u00e1 tiempo libre para comer algo. A continuaci\u00f3n su chofer privado le llevar\u00e1 de vuelta a su hotel en Los Angeles.<\/span><\/p>\n<h2><strong>Puntos de inter\u00e9s en el Tour<\/strong><\/h2>\n<p class=\"p1\"><span class=\"s1\">Su tour privado a Las Vegas desde Los Angeles comenzar\u00e1 desde su hotel. Su chofer le recoger\u00e1 por la ma\u00f1ana y le llevar\u00e1 hacia Las Vegas. <\/span><span class=\"s1\">Una vez all\u00ed le estar\u00e1 esperando su gu\u00eda oficial privado para una visita guiada de la ciudad. Su gu\u00eda privado estar\u00e1 a su entera disposici\u00f3n para ense\u00f1arle los sitios m\u00e1s emblem\u00e1ticos e importantes de la ciudad.<\/span><\/p>\n<p class=\"p1\"><span class=\"s1\">Hay mucho para ver en Las Vegas; desde hoteles de lujo, luces de ne\u00f3n y sitios de fiesta conocidos. Disfruta de explorar la ciudad junto a su gu\u00eda oficial privado.<\/span><\/p>\n<p class=\"p1\"><span class=\"s1\">Algunos de los sitios que podr\u00e1 visitar durante su tour en Las Vegas son:<\/span><\/p>\n<ul class=\"ul1\">\n<li class=\"li1\"><strong><span class=\"s1\">Calle Fremont<\/span><\/strong><\/li>\n<li class=\"li1\"><strong><span class=\"s1\">Downtown Vegas<\/span><\/strong><\/li>\n<li class=\"li1\"><strong><span class=\"s1\">Centro de la ciudad<\/span><\/strong><\/li>\n<li class=\"li1\"><strong><span class=\"s1\">4.2 millas: Vegas Strip<\/span><\/strong><\/li>\n<li class=\"li1\"><strong><span class=\"s1\">Parada fotogr\u00e1fica en el emblem\u00e1tico cartel \u00a8welcome to fabulous Las Vegas\u00a8<\/span><\/strong><\/li>\n<li class=\"li1\"><strong><span class=\"s1\">Linq<\/span><\/strong><\/li>\n<li class=\"li1\"><strong><span class=\"s1\">Caesars Palace<\/span><\/strong><\/li>\n<li class=\"li1\"><strong><span class=\"s1\">Bellagio<\/span><\/strong><\/li>\n<li class=\"li1\"><strong><span class=\"s1\">Aria <\/span><\/strong><\/li>\n<li class=\"li1\"><strong><span class=\"s1\">MGM Grand<\/span><\/strong><\/li>\n<li class=\"li1\"><strong><span class=\"s1\">The Venetian<\/span><\/strong><\/li>\n<li class=\"li1\"><strong><span class=\"s1\">Wynn Las Vegas<\/span><\/strong><\/li>\n<li class=\"li1\"><strong><span class=\"s1\">New York &#8211; New York<\/span><\/strong><\/li>\n<li class=\"li1\"><strong><span class=\"s1\">Torre Eiffel<\/span><\/strong><\/li>\n<li class=\"li1\"><strong><span class=\"s1\">Mucho m\u00e1s!<\/span><\/strong><\/li>\n<\/ul>\n<p class=\"p1\"><span class=\"s1\">Tendr\u00e1 tiempo libre para comer algo en Las Vegas antes de retornar hacia Los \u00c1ngeles.<\/span><\/p>\n<p>Puede consultar <a href=\"https:\/\/tourtravelandmore.com\/es\/ciudad\/eeuu-es\/los-angeles-es\/\"><strong>aqu\u00ed<\/strong><\/a> el resto de tours privados que ofrecemos en la ciudad de Los Angeles.<\/p>\n","protected":false},"excerpt":{"rendered":"<p>Disfrute de este <strong>tour privado a Las Vegas desde L.A.<\/strong> junto a su chofer privado. Descubra y explore la magn\u00edfica ciudad que nunca duerme junto a un <strong>gu\u00eda oficial de Las Vegas<\/strong>, experto en su ciudad!<\/p>\n","protected":false},"featured_media":83309,"comment_status":"open","ping_status":"closed","template":"","meta":{"_acf_changed":false},"product_brand":[],"product_cat":[1602,2576,2568,2571],"product_tag":[],"class_list":{"0":"post-83287","1":"product","2":"type-product","3":"status-publish","4":"has-post-thumbnail","6":"product_cat-eeuu-es","7":"product_cat-los-angeles-es","8":"product_cat-los-angeles-actividades-es","9":"product_cat-los-angeles-excursiones-es","11":"first","12":"instock","13":"shipping-taxable","14":"purchasable","15":"product-type-simple"},"acf":[],"yoast_head":"<!-- This site is optimized with the Yoast SEO Premium plugin v25.3.1 (Yoast SEO v25.3.1) - https:\/\/yoast.com\/wordpress\/plugins\/seo\/ -->\n<title>Tour privado a Las Vegas desde LA con chofer privado y gu\u00eda local<\/title>\n<meta name=\"description\" content=\"\u2192 Reserve ya este tour privado a Las Vegas desde LA junto a su chofer privado y gu\u00eda oficial en Las Vegas. Descubra la ciudad de Las Vegas!\" \/>\n<meta name=\"robots\" content=\"index, follow, max-snippet:-1, max-image-preview:large, max-video-preview:-1\" \/>\n<link rel=\"canonical\" href=\"https:\/\/tourtravelandmore.com\/es\/tours\/eeuu-es\/los-angeles-es\/los-angeles-actividades-es\/tour-privado-vegas-desde-la\/\" \/>\n<meta property=\"og:locale\" content=\"es_ES\" \/>\n<meta property=\"og:type\" content=\"article\" \/>\n<meta property=\"og:title\" content=\"Excursi\u00f3n privada a Las Vegas desde Los \u00c1ngeles\" \/>\n<meta property=\"og:description\" content=\"\u2192 Reserve ya este tour privado a Las Vegas desde LA junto a su chofer privado y gu\u00eda oficial en Las Vegas. Descubra la ciudad de Las Vegas!\" \/>\n<meta property=\"og:url\" content=\"https:\/\/tourtravelandmore.com\/es\/tours\/eeuu-es\/los-angeles-es\/los-angeles-actividades-es\/tour-privado-vegas-desde-la\/\" \/>\n<meta property=\"og:site_name\" content=\"Tour Travel And More\" \/>\n<meta property=\"article:publisher\" content=\"https:\/\/www.facebook.com\/tourtravelandmore\/\" \/>\n<meta property=\"article:modified_time\" content=\"2021-06-25T16:56:19+00:00\" \/>\n<meta property=\"og:image\" content=\"https:\/\/tourtravelandmore.com\/wp-content\/uploads\/2020\/09\/welcome-vegas-min.jpg\" \/>\n\t<meta property=\"og:image:width\" content=\"966\" \/>\n\t<meta property=\"og:image:height\" content=\"966\" \/>\n\t<meta property=\"og:image:type\" content=\"image\/jpeg\" \/>\n<meta name=\"twitter:card\" content=\"summary_large_image\" \/>\n<meta name=\"twitter:site\" content=\"@TourTravel_More\" \/>\n<meta name=\"twitter:label1\" content=\"Tiempo de lectura\" \/>\n\t<meta name=\"twitter:data1\" content=\"2 minutos\" \/>\n<script type=\"application\/ld+json\" class=\"yoast-schema-graph\">{\"@context\":\"https:\/\/schema.org\",\"@graph\":[{\"@type\":\"WebPage\",\"@id\":\"https:\/\/tourtravelandmore.com\/es\/tours\/eeuu-es\/los-angeles-es\/los-angeles-actividades-es\/tour-privado-vegas-desde-la\/\",\"url\":\"https:\/\/tourtravelandmore.com\/es\/tours\/eeuu-es\/los-angeles-es\/los-angeles-actividades-es\/tour-privado-vegas-desde-la\/\",\"name\":\"Tour privado a Las Vegas desde LA con chofer privado y gu\u00eda local\",\"isPartOf\":{\"@id\":\"https:\/\/tourtravelandmore.com\/es\/#website\"},\"primaryImageOfPage\":{\"@id\":\"https:\/\/tourtravelandmore.com\/es\/tours\/eeuu-es\/los-angeles-es\/los-angeles-actividades-es\/tour-privado-vegas-desde-la\/#primaryimage\"},\"image\":{\"@id\":\"https:\/\/tourtravelandmore.com\/es\/tours\/eeuu-es\/los-angeles-es\/los-angeles-actividades-es\/tour-privado-vegas-desde-la\/#primaryimage\"},\"thumbnailUrl\":\"https:\/\/tourtravelandmore.com\/wp-content\/uploads\/2020\/09\/welcome-vegas-min.jpg\",\"datePublished\":\"2020-09-10T16:36:29+00:00\",\"dateModified\":\"2021-06-25T16:56:19+00:00\",\"description\":\"\u2192 Reserve ya este tour privado a Las Vegas desde LA junto a su chofer privado y gu\u00eda oficial en Las Vegas. Descubra la ciudad de Las Vegas!\",\"breadcrumb\":{\"@id\":\"https:\/\/tourtravelandmore.com\/es\/tours\/eeuu-es\/los-angeles-es\/los-angeles-actividades-es\/tour-privado-vegas-desde-la\/#breadcrumb\"},\"inLanguage\":\"es\",\"potentialAction\":[{\"@type\":\"ReadAction\",\"target\":[\"https:\/\/tourtravelandmore.com\/es\/tours\/eeuu-es\/los-angeles-es\/los-angeles-actividades-es\/tour-privado-vegas-desde-la\/\"]}]},{\"@type\":\"ImageObject\",\"inLanguage\":\"es\",\"@id\":\"https:\/\/tourtravelandmore.com\/es\/tours\/eeuu-es\/los-angeles-es\/los-angeles-actividades-es\/tour-privado-vegas-desde-la\/#primaryimage\",\"url\":\"https:\/\/tourtravelandmore.com\/wp-content\/uploads\/2020\/09\/welcome-vegas-min.jpg\",\"contentUrl\":\"https:\/\/tourtravelandmore.com\/wp-content\/uploads\/2020\/09\/welcome-vegas-min.jpg\",\"width\":966,\"height\":966,\"caption\":\"welcome vegas\"},{\"@type\":\"BreadcrumbList\",\"@id\":\"https:\/\/tourtravelandmore.com\/es\/tours\/eeuu-es\/los-angeles-es\/los-angeles-actividades-es\/tour-privado-vegas-desde-la\/#breadcrumb\",\"itemListElement\":[{\"@type\":\"ListItem\",\"position\":1,\"name\":\"Home\",\"item\":\"https:\/\/tourtravelandmore.com\/es\/\"},{\"@type\":\"ListItem\",\"position\":2,\"name\":\"Tours\",\"item\":\"https:\/\/tourtravelandmore.com\/es\/tours\/\"},{\"@type\":\"ListItem\",\"position\":3,\"name\":\"Excursi\u00f3n privada a Las Vegas desde Los \u00c1ngeles\"}]},{\"@type\":\"WebSite\",\"@id\":\"https:\/\/tourtravelandmore.com\/es\/#website\",\"url\":\"https:\/\/tourtravelandmore.com\/es\/\",\"name\":\"Tour Travel And More\",\"description\":\"Private sightseeing tours and luxury transfers in Spain\",\"publisher\":{\"@id\":\"https:\/\/tourtravelandmore.com\/es\/#organization\"},\"potentialAction\":[{\"@type\":\"SearchAction\",\"target\":{\"@type\":\"EntryPoint\",\"urlTemplate\":\"https:\/\/tourtravelandmore.com\/es\/?s={search_term_string}\"},\"query-input\":{\"@type\":\"PropertyValueSpecification\",\"valueRequired\":true,\"valueName\":\"search_term_string\"}}],\"inLanguage\":\"es\"},{\"@type\":\"Organization\",\"@id\":\"https:\/\/tourtravelandmore.com\/es\/#organization\",\"name\":\"Tour Travel And More\",\"url\":\"https:\/\/tourtravelandmore.com\/es\/\",\"logo\":{\"@type\":\"ImageObject\",\"inLanguage\":\"es\",\"@id\":\"https:\/\/tourtravelandmore.com\/es\/#\/schema\/logo\/image\/\",\"url\":\"https:\/\/tourtravelandmore.com\/wp-content\/uploads\/2022\/12\/cropped-logo-cabecera-new.png\",\"contentUrl\":\"https:\/\/tourtravelandmore.com\/wp-content\/uploads\/2022\/12\/cropped-logo-cabecera-new.png\",\"width\":430,\"height\":61,\"caption\":\"Tour Travel And More\"},\"image\":{\"@id\":\"https:\/\/tourtravelandmore.com\/es\/#\/schema\/logo\/image\/\"},\"sameAs\":[\"https:\/\/www.facebook.com\/tourtravelandmore\/\",\"https:\/\/x.com\/TourTravel_More\"]}]}<\/script>\n<!-- \/ Yoast SEO Premium plugin. -->","yoast_head_json":{"title":"Tour privado a Las Vegas desde LA con chofer privado y gu\u00eda local","description":"\u2192 Reserve ya este tour privado a Las Vegas desde LA junto a su chofer privado y gu\u00eda oficial en Las Vegas. Descubra la ciudad de Las Vegas!","robots":{"index":"index","follow":"follow","max-snippet":"max-snippet:-1","max-image-preview":"max-image-preview:large","max-video-preview":"max-video-preview:-1"},"canonical":"https:\/\/tourtravelandmore.com\/es\/tours\/eeuu-es\/los-angeles-es\/los-angeles-actividades-es\/tour-privado-vegas-desde-la\/","og_locale":"es_ES","og_type":"article","og_title":"Excursi\u00f3n privada a Las Vegas desde Los \u00c1ngeles","og_description":"\u2192 Reserve ya este tour privado a Las Vegas desde LA junto a su chofer privado y gu\u00eda oficial en Las Vegas. Descubra la ciudad de Las Vegas!","og_url":"https:\/\/tourtravelandmore.com\/es\/tours\/eeuu-es\/los-angeles-es\/los-angeles-actividades-es\/tour-privado-vegas-desde-la\/","og_site_name":"Tour Travel And More","article_publisher":"https:\/\/www.facebook.com\/tourtravelandmore\/","article_modified_time":"2021-06-25T16:56:19+00:00","og_image":[{"width":966,"height":966,"url":"https:\/\/tourtravelandmore.com\/wp-content\/uploads\/2020\/09\/welcome-vegas-min.jpg","type":"image\/jpeg"}],"twitter_card":"summary_large_image","twitter_site":"@TourTravel_More","twitter_misc":{"Tiempo de lectura":"2 minutos"},"schema":{"@context":"https:\/\/schema.org","@graph":[{"@type":"WebPage","@id":"https:\/\/tourtravelandmore.com\/es\/tours\/eeuu-es\/los-angeles-es\/los-angeles-actividades-es\/tour-privado-vegas-desde-la\/","url":"https:\/\/tourtravelandmore.com\/es\/tours\/eeuu-es\/los-angeles-es\/los-angeles-actividades-es\/tour-privado-vegas-desde-la\/","name":"Tour privado a Las Vegas desde LA con chofer privado y gu\u00eda local","isPartOf":{"@id":"https:\/\/tourtravelandmore.com\/es\/#website"},"primaryImageOfPage":{"@id":"https:\/\/tourtravelandmore.com\/es\/tours\/eeuu-es\/los-angeles-es\/los-angeles-actividades-es\/tour-privado-vegas-desde-la\/#primaryimage"},"image":{"@id":"https:\/\/tourtravelandmore.com\/es\/tours\/eeuu-es\/los-angeles-es\/los-angeles-actividades-es\/tour-privado-vegas-desde-la\/#primaryimage"},"thumbnailUrl":"https:\/\/tourtravelandmore.com\/wp-content\/uploads\/2020\/09\/welcome-vegas-min.jpg","datePublished":"2020-09-10T16:36:29+00:00","dateModified":"2021-06-25T16:56:19+00:00","description":"\u2192 Reserve ya este tour privado a Las Vegas desde LA junto a su chofer privado y gu\u00eda oficial en Las Vegas. Descubra la ciudad de Las Vegas!","breadcrumb":{"@id":"https:\/\/tourtravelandmore.com\/es\/tours\/eeuu-es\/los-angeles-es\/los-angeles-actividades-es\/tour-privado-vegas-desde-la\/#breadcrumb"},"inLanguage":"es","potentialAction":[{"@type":"ReadAction","target":["https:\/\/tourtravelandmore.com\/es\/tours\/eeuu-es\/los-angeles-es\/los-angeles-actividades-es\/tour-privado-vegas-desde-la\/"]}]},{"@type":"ImageObject","inLanguage":"es","@id":"https:\/\/tourtravelandmore.com\/es\/tours\/eeuu-es\/los-angeles-es\/los-angeles-actividades-es\/tour-privado-vegas-desde-la\/#primaryimage","url":"https:\/\/tourtravelandmore.com\/wp-content\/uploads\/2020\/09\/welcome-vegas-min.jpg","contentUrl":"https:\/\/tourtravelandmore.com\/wp-content\/uploads\/2020\/09\/welcome-vegas-min.jpg","width":966,"height":966,"caption":"welcome vegas"},{"@type":"BreadcrumbList","@id":"https:\/\/tourtravelandmore.com\/es\/tours\/eeuu-es\/los-angeles-es\/los-angeles-actividades-es\/tour-privado-vegas-desde-la\/#breadcrumb","itemListElement":[{"@type":"ListItem","position":1,"name":"Home","item":"https:\/\/tourtravelandmore.com\/es\/"},{"@type":"ListItem","position":2,"name":"Tours","item":"https:\/\/tourtravelandmore.com\/es\/tours\/"},{"@type":"ListItem","position":3,"name":"Excursi\u00f3n privada a Las Vegas desde Los \u00c1ngeles"}]},{"@type":"WebSite","@id":"https:\/\/tourtravelandmore.com\/es\/#website","url":"https:\/\/tourtravelandmore.com\/es\/","name":"Tour Travel And More","description":"Private sightseeing tours and luxury transfers in Spain","publisher":{"@id":"https:\/\/tourtravelandmore.com\/es\/#organization"},"potentialAction":[{"@type":"SearchAction","target":{"@type":"EntryPoint","urlTemplate":"https:\/\/tourtravelandmore.com\/es\/?s={search_term_string}"},"query-input":{"@type":"PropertyValueSpecification","valueRequired":true,"valueName":"search_term_string"}}],"inLanguage":"es"},{"@type":"Organization","@id":"https:\/\/tourtravelandmore.com\/es\/#organization","name":"Tour Travel And More","url":"https:\/\/tourtravelandmore.com\/es\/","logo":{"@type":"ImageObject","inLanguage":"es","@id":"https:\/\/tourtravelandmore.com\/es\/#\/schema\/logo\/image\/","url":"https:\/\/tourtravelandmore.com\/wp-content\/uploads\/2022\/12\/cropped-logo-cabecera-new.png","contentUrl":"https:\/\/tourtravelandmore.com\/wp-content\/uploads\/2022\/12\/cropped-logo-cabecera-new.png","width":430,"height":61,"caption":"Tour Travel And More"},"image":{"@id":"https:\/\/tourtravelandmore.com\/es\/#\/schema\/logo\/image\/"},"sameAs":["https:\/\/www.facebook.com\/tourtravelandmore\/","https:\/\/x.com\/TourTravel_More"]}]}},"_links":{"self":[{"href":"https:\/\/tourtravelandmore.com\/es\/wp-json\/wp\/v2\/product\/83287","targetHints":{"allow":["GET"]}}],"collection":[{"href":"https:\/\/tourtravelandmore.com\/es\/wp-json\/wp\/v2\/product"}],"about":[{"href":"https:\/\/tourtravelandmore.com\/es\/wp-json\/wp\/v2\/types\/product"}],"replies":[{"embeddable":true,"href":"https:\/\/tourtravelandmore.com\/es\/wp-json\/wp\/v2\/comments?post=83287"}],"wp:featuredmedia":[{"embeddable":true,"href":"https:\/\/tourtravelandmore.com\/es\/wp-json\/wp\/v2\/media\/83309"}],"wp:attachment":[{"href":"https:\/\/tourtravelandmore.com\/es\/wp-json\/wp\/v2\/media?parent=83287"}],"wp:term":[{"taxonomy":"product_brand","embeddable":true,"href":"https:\/\/tourtravelandmore.com\/es\/wp-json\/wp\/v2\/product_brand?post=83287"},{"taxonomy":"product_cat","embeddable":true,"href":"https:\/\/tourtravelandmore.com\/es\/wp-json\/wp\/v2\/product_cat?post=83287"},{"taxonomy":"product_tag","embeddable":true,"href":"https:\/\/tourtravelandmore.com\/es\/wp-json\/wp\/v2\/product_tag?post=83287"}],"curies":[{"name":"wp","href":"https:\/\/api.w.org\/{rel}","templated":true}]}}