{"id":83265,"date":"2020-09-10T17:51:28","date_gmt":"2020-09-10T15:51:29","guid":{"rendered":"https:\/\/tourtravelandmore.com\/?post_type=product&#038;p=83265"},"modified":"2022-01-18T19:22:09","modified_gmt":"2022-01-18T18:22:09","slug":"excursion-privada-a-santa-barbara-solvang","status":"publish","type":"product","link":"https:\/\/tourtravelandmore.com\/es\/tours\/eeuu-es\/los-angeles-es\/los-angeles-actividades-es\/excursion-privada-a-santa-barbara-solvang\/","title":{"rendered":"Tour privado de Santa B\u00e1rbara y Solvang desde Los \u00c1ngeles"},"content":{"rendered":"<h2><strong>Descripci\u00f3n del Tour Privado<\/strong><\/h2>\n<p class=\"p1\"><span class=\"s1\">Los \u00c1ngeles tiene mucho que ofrecer, pero esto no significa que no pueda utilizar un d\u00eda para disfrutar de una excursi\u00f3n privada para visitar Santa B\u00e1rbara y Solvang. Disfrute de este tour privado a Santa Barbara y Solvang en su veh\u00edculo privado con chofer y gu\u00eda tur\u00edstico.<\/span><\/p>\n<p class=\"p1\"><span class=\"s1\">Este es un recorrido completamente privado, lo recogeremos de su hotel o lugar de elecci\u00f3n dentro de la ciudad de Los \u00c1ngeles. Si llega desde fuera de la ciudad o necesita que lo recojan en el hotel, en el aeropuerto o en cualquier otro lugar, h\u00e1ganoslo saber.<\/span><\/p>\n<p class=\"p1\"><span class=\"s1\">El tiempo total de conducci\u00f3n ser\u00e1 de alrededor de 2.5 horas en cada sentido. Pasar\u00e1 alrededor de 2 horas en cada lugar y tendr\u00e1 algo de tiempo libre para un almuerzo r\u00e1pido antes de regresar a Los \u00c1ngeles.<\/span><\/p>\n<p class=\"p1\"><span class=\"s1\">Disfruta de una visita de Solvang; \u00a1Una ciudad fundada por viajeros daneses que quer\u00edan establecer una comunidad danesa! Te da una breve vista de Dinamarca y es una ubicaci\u00f3n realmente incre\u00edble. Tambi\u00e9n disfrutaremos de una parada y visita a la ciudad de Santa B\u00e1rbara. Esta es tambi\u00e9n una ciudad costera \u00fanica, con hermosas vistas panor\u00e1micas y un ambiente mediterr\u00e1neo.<\/span><\/p>\n<p class=\"p1\"><span class=\"s1\">Este recorrido se puede personalizar para satisfacer sus propias necesidades y sus paradas espec\u00edficas.<\/span><\/p>\n<h2><strong>Puntos de inter\u00e9s de Santa B\u00e1rbara y Solvang<\/strong><\/h2>\n<p class=\"p1\"><span class=\"s1\">Como todos los tours privados, este tour privado a Santa Barbara y Solvang comenzar\u00e1 desde su hotel o lugar de elecci\u00f3n en Los \u00c1ngeles. Una vez que se haya reunido con su gu\u00eda y conductor nos dirigiremos hacia Santa B\u00e1rbara.<\/span><\/p>\n<p class=\"p1\"><span class=\"s1\">En primer lugar, llegaremos a Santa B\u00e1rbara. Esta es una hermosa ciudad costera que tiene una sensaci\u00f3n de Europa y el Mediterr\u00e1neo, es una parada obligada cuando vaya a Solvang. Santa B\u00e1rbara es muy popular entre los turistas y tambi\u00e9n tiene muchos lugares tur\u00edsticos. Santa B\u00e1rbara ha sido habitada primero por espa\u00f1oles y tiene un bello trasfondo hist\u00f3rico, as\u00ed como monumentos \u00fanicos como Capillas, Misi\u00f3n de Santa B\u00e1rbara y mucho m\u00e1s.<\/span><\/p>\n<p class=\"p1\"><span class=\"s1\">Al ser una ciudad costera, tenemos que organizar una parada en el hermoso paseo mar\u00edtimo. Entre otros, aqu\u00ed hay algunos lugares que visitar\u00e1;<\/span><\/p>\n<ul class=\"ul1\">\n<li class=\"li3\"><strong><span class=\"s2\">Stearns Wharf<\/span><\/strong><\/li>\n<li class=\"li3\"><strong><span class=\"s2\">Mission Santa Barbara<\/span><\/strong><\/li>\n<li class=\"li3\"><strong><span class=\"s2\">Tribunal Superior del Condado de California de Santa B\u00e1rbara<\/span><\/strong><\/li>\n<li class=\"li3\"><strong><span class=\"s2\">Presidio Real de Santa B\u00e1rbara<\/span><\/strong><\/li>\n<li class=\"li3\"><strong><span class=\"s2\"> \u00a1Mucho m\u00e1s!<\/span><\/strong><\/li>\n<\/ul>\n<p class=\"p1\"><span class=\"s1\">Tendr\u00e1s algo de tiempo para un almuerzo muy r\u00e1pido antes de dirigirte hacia Solvang.<\/span><\/p>\n<p class=\"p1\"><span class=\"s1\">Solvang es ahora una gran comunidad danesa muy lejos de casa. Es como visitar mini Dinamarca a solo unas horas de Los \u00c1ngeles. Incluso hay una copia de una estatua famosa que est\u00e1 en Copenhague; \u00a1Peque\u00f1a sirena! Incluso han replicado la Torre Redonda en una versi\u00f3n m\u00e1s peque\u00f1a, por supuesto.<\/span><\/p>\n<p class=\"p1\"><span class=\"s1\">Solvang es realmente una atracci\u00f3n tur\u00edstica. \u00a1No todos conocen esta ubicaci\u00f3n especial a solo 2.5 horas de Los \u00c1ngeles!<\/span><\/p>\n<p class=\"p1\"><span class=\"s1\">Aqu\u00ed hay algunos sitios que disfrutar\u00e1 en Solvang adem\u00e1s de los hermosos monumentos y sitios:<\/span><\/p>\n<ul class=\"ul1\">\n<li class=\"li3\"><strong><span class=\"s2\">Museo de Historia y Arte de Elverhoj (vista exterior)<\/span><\/strong><\/li>\n<li class=\"li3\"><strong><span class=\"s2\">Misi\u00f3n Santa In\u00e9s (Ynez)<\/span><\/strong><\/li>\n<li class=\"li3\"><strong><span class=\"s2\">Parque Hans Christian Andersen<\/span><\/strong><\/li>\n<\/ul>\n<p class=\"p1\"><span class=\"s1\">Luego lo devolveremos de regreso a su hotel o lugar de elecci\u00f3n en Los \u00c1ngeles. La duraci\u00f3n total ser\u00e1 de alrededor de 9-10 horas desde la recogida hasta la devoluci\u00f3n. <\/span><\/p>\n<p>Puede consultar <a href=\"https:\/\/tourtravelandmore.com\/es\/ciudad\/eeuu-es\/los-angeles-es\/\"><strong>aqu\u00ed<\/strong><\/a> el resto de tours privados que ofrecemos en la ciudad de Los Angeles.<\/p>\n","protected":false},"excerpt":{"rendered":"<p>Disfrute de este <strong>tour privado a Santa Barbara y Solvang<\/strong> junto a su chofer\/gu\u00eda oficial. Descubra y explore la magn\u00edfica costa de Santa Barbara y el asentamiento dan\u00e9s en Solvang junto a un gu\u00eda local.<\/p>\n","protected":false},"featured_media":83275,"comment_status":"open","ping_status":"closed","template":"","meta":{"_acf_changed":false},"product_brand":[],"product_cat":[1602,2576,2568,2571],"product_tag":[],"class_list":{"0":"post-83265","1":"product","2":"type-product","3":"status-publish","4":"has-post-thumbnail","6":"product_cat-eeuu-es","7":"product_cat-los-angeles-es","8":"product_cat-los-angeles-actividades-es","9":"product_cat-los-angeles-excursiones-es","11":"first","12":"instock","13":"shipping-taxable","14":"purchasable","15":"product-type-simple"},"acf":[],"yoast_head":"<!-- This site is optimized with the Yoast SEO Premium plugin v25.3.1 (Yoast SEO v25.3.1) - https:\/\/yoast.com\/wordpress\/plugins\/seo\/ -->\n<title>Tour privado a Santa Barbara y Solvang con chofer\/gu\u00eda oficial desde LA<\/title>\n<meta name=\"description\" content=\"\u2192 Reserve ya este tour privado a Santa Barbara y Solvang junto a su chofer\/gu\u00eda oficial. Descubra y explore la magn\u00edfica costa de California. \u2705\" \/>\n<meta name=\"robots\" content=\"index, follow, max-snippet:-1, max-image-preview:large, max-video-preview:-1\" \/>\n<link rel=\"canonical\" href=\"https:\/\/tourtravelandmore.com\/es\/tours\/eeuu-es\/los-angeles-es\/los-angeles-actividades-es\/excursion-privada-a-santa-barbara-solvang\/\" \/>\n<meta property=\"og:locale\" content=\"es_ES\" \/>\n<meta property=\"og:type\" content=\"article\" \/>\n<meta property=\"og:title\" content=\"Tour privado de Santa B\u00e1rbara y Solvang desde Los \u00c1ngeles\" \/>\n<meta property=\"og:description\" content=\"\u2192 Reserve ya este tour privado a Santa Barbara y Solvang junto a su chofer\/gu\u00eda oficial. Descubra y explore la magn\u00edfica costa de California. \u2705\" \/>\n<meta property=\"og:url\" content=\"https:\/\/tourtravelandmore.com\/es\/tours\/eeuu-es\/los-angeles-es\/los-angeles-actividades-es\/excursion-privada-a-santa-barbara-solvang\/\" \/>\n<meta property=\"og:site_name\" content=\"Tour Travel And More\" \/>\n<meta property=\"article:publisher\" content=\"https:\/\/www.facebook.com\/tourtravelandmore\/\" \/>\n<meta property=\"article:modified_time\" content=\"2022-01-18T18:22:09+00:00\" \/>\n<meta property=\"og:image\" content=\"https:\/\/tourtravelandmore.com\/wp-content\/uploads\/2020\/09\/santa-barbara-min.jpg\" \/>\n\t<meta property=\"og:image:width\" content=\"960\" \/>\n\t<meta property=\"og:image:height\" content=\"640\" \/>\n\t<meta property=\"og:image:type\" content=\"image\/jpeg\" \/>\n<meta name=\"twitter:card\" content=\"summary_large_image\" \/>\n<meta name=\"twitter:site\" content=\"@TourTravel_More\" \/>\n<meta name=\"twitter:label1\" content=\"Tiempo de lectura\" \/>\n\t<meta name=\"twitter:data1\" content=\"3 minutos\" \/>\n<script type=\"application\/ld+json\" class=\"yoast-schema-graph\">{\"@context\":\"https:\/\/schema.org\",\"@graph\":[{\"@type\":\"WebPage\",\"@id\":\"https:\/\/tourtravelandmore.com\/es\/tours\/eeuu-es\/los-angeles-es\/los-angeles-actividades-es\/excursion-privada-a-santa-barbara-solvang\/\",\"url\":\"https:\/\/tourtravelandmore.com\/es\/tours\/eeuu-es\/los-angeles-es\/los-angeles-actividades-es\/excursion-privada-a-santa-barbara-solvang\/\",\"name\":\"Tour privado a Santa Barbara y Solvang con chofer\/gu\u00eda oficial desde LA\",\"isPartOf\":{\"@id\":\"https:\/\/tourtravelandmore.com\/es\/#website\"},\"primaryImageOfPage\":{\"@id\":\"https:\/\/tourtravelandmore.com\/es\/tours\/eeuu-es\/los-angeles-es\/los-angeles-actividades-es\/excursion-privada-a-santa-barbara-solvang\/#primaryimage\"},\"image\":{\"@id\":\"https:\/\/tourtravelandmore.com\/es\/tours\/eeuu-es\/los-angeles-es\/los-angeles-actividades-es\/excursion-privada-a-santa-barbara-solvang\/#primaryimage\"},\"thumbnailUrl\":\"https:\/\/tourtravelandmore.com\/wp-content\/uploads\/2020\/09\/santa-barbara-min.jpg\",\"datePublished\":\"2020-09-10T15:51:29+00:00\",\"dateModified\":\"2022-01-18T18:22:09+00:00\",\"description\":\"\u2192 Reserve ya este tour privado a Santa Barbara y Solvang junto a su chofer\/gu\u00eda oficial. Descubra y explore la magn\u00edfica costa de California. \u2705\",\"breadcrumb\":{\"@id\":\"https:\/\/tourtravelandmore.com\/es\/tours\/eeuu-es\/los-angeles-es\/los-angeles-actividades-es\/excursion-privada-a-santa-barbara-solvang\/#breadcrumb\"},\"inLanguage\":\"es\",\"potentialAction\":[{\"@type\":\"ReadAction\",\"target\":[\"https:\/\/tourtravelandmore.com\/es\/tours\/eeuu-es\/los-angeles-es\/los-angeles-actividades-es\/excursion-privada-a-santa-barbara-solvang\/\"]}]},{\"@type\":\"ImageObject\",\"inLanguage\":\"es\",\"@id\":\"https:\/\/tourtravelandmore.com\/es\/tours\/eeuu-es\/los-angeles-es\/los-angeles-actividades-es\/excursion-privada-a-santa-barbara-solvang\/#primaryimage\",\"url\":\"https:\/\/tourtravelandmore.com\/wp-content\/uploads\/2020\/09\/santa-barbara-min.jpg\",\"contentUrl\":\"https:\/\/tourtravelandmore.com\/wp-content\/uploads\/2020\/09\/santa-barbara-min.jpg\",\"width\":960,\"height\":640,\"caption\":\"Santa Barbara california\"},{\"@type\":\"BreadcrumbList\",\"@id\":\"https:\/\/tourtravelandmore.com\/es\/tours\/eeuu-es\/los-angeles-es\/los-angeles-actividades-es\/excursion-privada-a-santa-barbara-solvang\/#breadcrumb\",\"itemListElement\":[{\"@type\":\"ListItem\",\"position\":1,\"name\":\"Home\",\"item\":\"https:\/\/tourtravelandmore.com\/es\/\"},{\"@type\":\"ListItem\",\"position\":2,\"name\":\"Tours\",\"item\":\"https:\/\/tourtravelandmore.com\/es\/tours\/\"},{\"@type\":\"ListItem\",\"position\":3,\"name\":\"Tour privado de Santa B\u00e1rbara y Solvang desde Los \u00c1ngeles\"}]},{\"@type\":\"WebSite\",\"@id\":\"https:\/\/tourtravelandmore.com\/es\/#website\",\"url\":\"https:\/\/tourtravelandmore.com\/es\/\",\"name\":\"Tour Travel And More\",\"description\":\"Private sightseeing tours and luxury transfers in Spain\",\"publisher\":{\"@id\":\"https:\/\/tourtravelandmore.com\/es\/#organization\"},\"potentialAction\":[{\"@type\":\"SearchAction\",\"target\":{\"@type\":\"EntryPoint\",\"urlTemplate\":\"https:\/\/tourtravelandmore.com\/es\/?s={search_term_string}\"},\"query-input\":{\"@type\":\"PropertyValueSpecification\",\"valueRequired\":true,\"valueName\":\"search_term_string\"}}],\"inLanguage\":\"es\"},{\"@type\":\"Organization\",\"@id\":\"https:\/\/tourtravelandmore.com\/es\/#organization\",\"name\":\"Tour Travel And More\",\"url\":\"https:\/\/tourtravelandmore.com\/es\/\",\"logo\":{\"@type\":\"ImageObject\",\"inLanguage\":\"es\",\"@id\":\"https:\/\/tourtravelandmore.com\/es\/#\/schema\/logo\/image\/\",\"url\":\"https:\/\/tourtravelandmore.com\/wp-content\/uploads\/2022\/12\/cropped-logo-cabecera-new.png\",\"contentUrl\":\"https:\/\/tourtravelandmore.com\/wp-content\/uploads\/2022\/12\/cropped-logo-cabecera-new.png\",\"width\":430,\"height\":61,\"caption\":\"Tour Travel And More\"},\"image\":{\"@id\":\"https:\/\/tourtravelandmore.com\/es\/#\/schema\/logo\/image\/\"},\"sameAs\":[\"https:\/\/www.facebook.com\/tourtravelandmore\/\",\"https:\/\/x.com\/TourTravel_More\"]}]}<\/script>\n<!-- \/ Yoast SEO Premium plugin. -->","yoast_head_json":{"title":"Tour privado a Santa Barbara y Solvang con chofer\/gu\u00eda oficial desde LA","description":"\u2192 Reserve ya este tour privado a Santa Barbara y Solvang junto a su chofer\/gu\u00eda oficial. Descubra y explore la magn\u00edfica costa de California. \u2705","robots":{"index":"index","follow":"follow","max-snippet":"max-snippet:-1","max-image-preview":"max-image-preview:large","max-video-preview":"max-video-preview:-1"},"canonical":"https:\/\/tourtravelandmore.com\/es\/tours\/eeuu-es\/los-angeles-es\/los-angeles-actividades-es\/excursion-privada-a-santa-barbara-solvang\/","og_locale":"es_ES","og_type":"article","og_title":"Tour privado de Santa B\u00e1rbara y Solvang desde Los \u00c1ngeles","og_description":"\u2192 Reserve ya este tour privado a Santa Barbara y Solvang junto a su chofer\/gu\u00eda oficial. Descubra y explore la magn\u00edfica costa de California. \u2705","og_url":"https:\/\/tourtravelandmore.com\/es\/tours\/eeuu-es\/los-angeles-es\/los-angeles-actividades-es\/excursion-privada-a-santa-barbara-solvang\/","og_site_name":"Tour Travel And More","article_publisher":"https:\/\/www.facebook.com\/tourtravelandmore\/","article_modified_time":"2022-01-18T18:22:09+00:00","og_image":[{"width":960,"height":640,"url":"https:\/\/tourtravelandmore.com\/wp-content\/uploads\/2020\/09\/santa-barbara-min.jpg","type":"image\/jpeg"}],"twitter_card":"summary_large_image","twitter_site":"@TourTravel_More","twitter_misc":{"Tiempo de lectura":"3 minutos"},"schema":{"@context":"https:\/\/schema.org","@graph":[{"@type":"WebPage","@id":"https:\/\/tourtravelandmore.com\/es\/tours\/eeuu-es\/los-angeles-es\/los-angeles-actividades-es\/excursion-privada-a-santa-barbara-solvang\/","url":"https:\/\/tourtravelandmore.com\/es\/tours\/eeuu-es\/los-angeles-es\/los-angeles-actividades-es\/excursion-privada-a-santa-barbara-solvang\/","name":"Tour privado a Santa Barbara y Solvang con chofer\/gu\u00eda oficial desde LA","isPartOf":{"@id":"https:\/\/tourtravelandmore.com\/es\/#website"},"primaryImageOfPage":{"@id":"https:\/\/tourtravelandmore.com\/es\/tours\/eeuu-es\/los-angeles-es\/los-angeles-actividades-es\/excursion-privada-a-santa-barbara-solvang\/#primaryimage"},"image":{"@id":"https:\/\/tourtravelandmore.com\/es\/tours\/eeuu-es\/los-angeles-es\/los-angeles-actividades-es\/excursion-privada-a-santa-barbara-solvang\/#primaryimage"},"thumbnailUrl":"https:\/\/tourtravelandmore.com\/wp-content\/uploads\/2020\/09\/santa-barbara-min.jpg","datePublished":"2020-09-10T15:51:29+00:00","dateModified":"2022-01-18T18:22:09+00:00","description":"\u2192 Reserve ya este tour privado a Santa Barbara y Solvang junto a su chofer\/gu\u00eda oficial. Descubra y explore la magn\u00edfica costa de California. \u2705","breadcrumb":{"@id":"https:\/\/tourtravelandmore.com\/es\/tours\/eeuu-es\/los-angeles-es\/los-angeles-actividades-es\/excursion-privada-a-santa-barbara-solvang\/#breadcrumb"},"inLanguage":"es","potentialAction":[{"@type":"ReadAction","target":["https:\/\/tourtravelandmore.com\/es\/tours\/eeuu-es\/los-angeles-es\/los-angeles-actividades-es\/excursion-privada-a-santa-barbara-solvang\/"]}]},{"@type":"ImageObject","inLanguage":"es","@id":"https:\/\/tourtravelandmore.com\/es\/tours\/eeuu-es\/los-angeles-es\/los-angeles-actividades-es\/excursion-privada-a-santa-barbara-solvang\/#primaryimage","url":"https:\/\/tourtravelandmore.com\/wp-content\/uploads\/2020\/09\/santa-barbara-min.jpg","contentUrl":"https:\/\/tourtravelandmore.com\/wp-content\/uploads\/2020\/09\/santa-barbara-min.jpg","width":960,"height":640,"caption":"Santa Barbara california"},{"@type":"BreadcrumbList","@id":"https:\/\/tourtravelandmore.com\/es\/tours\/eeuu-es\/los-angeles-es\/los-angeles-actividades-es\/excursion-privada-a-santa-barbara-solvang\/#breadcrumb","itemListElement":[{"@type":"ListItem","position":1,"name":"Home","item":"https:\/\/tourtravelandmore.com\/es\/"},{"@type":"ListItem","position":2,"name":"Tours","item":"https:\/\/tourtravelandmore.com\/es\/tours\/"},{"@type":"ListItem","position":3,"name":"Tour privado de Santa B\u00e1rbara y Solvang desde Los \u00c1ngeles"}]},{"@type":"WebSite","@id":"https:\/\/tourtravelandmore.com\/es\/#website","url":"https:\/\/tourtravelandmore.com\/es\/","name":"Tour Travel And More","description":"Private sightseeing tours and luxury transfers in Spain","publisher":{"@id":"https:\/\/tourtravelandmore.com\/es\/#organization"},"potentialAction":[{"@type":"SearchAction","target":{"@type":"EntryPoint","urlTemplate":"https:\/\/tourtravelandmore.com\/es\/?s={search_term_string}"},"query-input":{"@type":"PropertyValueSpecification","valueRequired":true,"valueName":"search_term_string"}}],"inLanguage":"es"},{"@type":"Organization","@id":"https:\/\/tourtravelandmore.com\/es\/#organization","name":"Tour Travel And More","url":"https:\/\/tourtravelandmore.com\/es\/","logo":{"@type":"ImageObject","inLanguage":"es","@id":"https:\/\/tourtravelandmore.com\/es\/#\/schema\/logo\/image\/","url":"https:\/\/tourtravelandmore.com\/wp-content\/uploads\/2022\/12\/cropped-logo-cabecera-new.png","contentUrl":"https:\/\/tourtravelandmore.com\/wp-content\/uploads\/2022\/12\/cropped-logo-cabecera-new.png","width":430,"height":61,"caption":"Tour Travel And More"},"image":{"@id":"https:\/\/tourtravelandmore.com\/es\/#\/schema\/logo\/image\/"},"sameAs":["https:\/\/www.facebook.com\/tourtravelandmore\/","https:\/\/x.com\/TourTravel_More"]}]}},"_links":{"self":[{"href":"https:\/\/tourtravelandmore.com\/es\/wp-json\/wp\/v2\/product\/83265","targetHints":{"allow":["GET"]}}],"collection":[{"href":"https:\/\/tourtravelandmore.com\/es\/wp-json\/wp\/v2\/product"}],"about":[{"href":"https:\/\/tourtravelandmore.com\/es\/wp-json\/wp\/v2\/types\/product"}],"replies":[{"embeddable":true,"href":"https:\/\/tourtravelandmore.com\/es\/wp-json\/wp\/v2\/comments?post=83265"}],"wp:featuredmedia":[{"embeddable":true,"href":"https:\/\/tourtravelandmore.com\/es\/wp-json\/wp\/v2\/media\/83275"}],"wp:attachment":[{"href":"https:\/\/tourtravelandmore.com\/es\/wp-json\/wp\/v2\/media?parent=83265"}],"wp:term":[{"taxonomy":"product_brand","embeddable":true,"href":"https:\/\/tourtravelandmore.com\/es\/wp-json\/wp\/v2\/product_brand?post=83265"},{"taxonomy":"product_cat","embeddable":true,"href":"https:\/\/tourtravelandmore.com\/es\/wp-json\/wp\/v2\/product_cat?post=83265"},{"taxonomy":"product_tag","embeddable":true,"href":"https:\/\/tourtravelandmore.com\/es\/wp-json\/wp\/v2\/product_tag?post=83265"}],"curies":[{"name":"wp","href":"https:\/\/api.w.org\/{rel}","templated":true}]}}