{"id":83242,"date":"2020-09-10T16:59:19","date_gmt":"2020-09-10T14:59:21","guid":{"rendered":"https:\/\/tourtravelandmore.com\/?post_type=product&#038;p=83242"},"modified":"2023-09-18T21:44:27","modified_gmt":"2023-09-18T19:44:27","slug":"excursion-palm-springs-es","status":"publish","type":"product","link":"https:\/\/tourtravelandmore.com\/es\/tours\/eeuu-es\/los-angeles-es\/los-angeles-actividades-es\/excursion-palm-springs-es\/","title":{"rendered":"Tour privado de un d\u00eda a Palm Springs desde Los \u00c1ngeles"},"content":{"rendered":"<h2><strong>Descripci\u00f3n del Tour Privado<\/strong><\/h2>\n<p class=\"p1\"><span class=\"s1\">Vamos hacia el desierto de Sonora para visitar la ciudad de Palm Springs. Disfruta de este tour completamente privado con un traslado privado desde tu hotel o lugar de elecci\u00f3n en Los \u00c1ngeles.<\/span><\/p>\n<p class=\"p1\"><span class=\"s1\">Primero lo recogeremos de su hotel en la ciudad de Los \u00c1ngeles y nos dirigiremos hacia Palm Springs. El trayecto en cada sentido es un poco menos de 2 horas.<\/span><\/p>\n<p class=\"p1\"><span class=\"s1\">Una vez que lleguemos a Palm Springs, podr\u00e1 disfrutar de lo mejor de esta ubicaci\u00f3n des\u00e9rtica. \u00a1Ad\u00e9ntrate en esta aventura para conocer la naturaleza, el desierto y la vida silvestre a solo unas horas de Los \u00c1ngeles!<\/span><\/p>\n<p class=\"p1\"><span class=\"s1\">Como todos nuestros tours, este es un tour completamente privado y nuestros expertos en viajes lo ayudar\u00e1n a crear una experiencia perfecta para usted. Cont\u00e1ctanos para m\u00e1s informaci\u00f3n.<\/span><\/p>\n<h2><strong>Puntos de inter\u00e9s en Palm Springs<\/strong><\/h2>\n<p class=\"p1\"><span class=\"s1\">Despu\u00e9s de que lo hayamos recogido en un veh\u00edculo privado, nos dirigiremos hacia <a href=\"https:\/\/www.visitpalmsprings.com\/\" rel=\"nofollow\">Palm Springs<\/a>. Disfruta del hermoso paisaje saliendo de Los \u00c1ngeles, as\u00ed como el paseo por el desierto de Palm Springs.<\/span><\/p>\n<p class=\"p1\"><span class=\"s1\">Una vez all\u00ed, disfrutar\u00e1 de una visita a los sitios m\u00e1s importantes. Como hay mucho que ver, aqu\u00ed hay una breve lista, si hay alg\u00fan museo o jard\u00edn que le gustar\u00eda visitar espec\u00edficamente av\u00edsenos cuando se comunique con nosotros y personalizaremos el recorrido para que se ajuste a su recorrido deseado.<\/span><\/p>\n<p class=\"p1\"><span class=\"s1\">Aqu\u00ed hay algunos ejemplos de los sitios que puede ver:<\/span><\/p>\n<ul class=\"ul1\">\n<li class=\"li3\"><strong><span class=\"s2\">Telef\u00e9rico de Palm Springs<\/span><\/strong><\/li>\n<li class=\"li3\"><strong><span class=\"s2\">Museo de arte de Pal Springs (vista exterior)<\/span><\/strong><\/li>\n<li class=\"li3\"><strong><span class=\"s2\">Ca\u00f1ones indios<\/span><\/strong><\/li>\n<li class=\"li3\"><strong><span class=\"s2\">Jard\u00edn Bot\u00e1nico y Vida Zool\u00f3gica<\/span><\/strong><\/li>\n<li class=\"li3\"><strong><span class=\"s2\">Jard\u00edn Bot\u00e1nico y Desierto<\/span><\/strong><\/li>\n<li class=\"li3\"><strong><span class=\"s2\">Vista del Monte San Jacinto<\/span><\/strong><\/li>\n<li class=\"li3\"><strong><span class=\"s2\">Museo a\u00e9reo de Palm Springs (vista exterior)<\/span><\/strong><\/li>\n<li class=\"li3\"><strong><span class=\"s2\">South Palm Canyon Drive<\/span><\/strong><\/li>\n<li class=\"li3\"><strong><span class=\"s2\">Sunnylands Center and Garden<\/span><\/strong><\/li>\n<li class=\"li3\"><strong><span class=\"s2\">Vista del centro de visitantes de Palm Springs<\/span><\/strong><\/li>\n<li class=\"li3\"><strong><span class=\"s2\">Unidad de North Palm Canyon<\/span><\/strong><\/li>\n<li class=\"li3\"><strong><span class=\"s2\">\u00a1Mucho m\u00e1s!<\/span><\/strong><\/li>\n<\/ul>\n<p class=\"p1\"><span class=\"s1\">Tambi\u00e9n tendr\u00e1 algo de tiempo libre antes de regresar a su hotel en Los \u00c1ngeles.<\/span><\/p>\n<p>Puede consultar <a href=\"https:\/\/tourtravelandmore.com\/es\/ciudad\/eeuu-es\/los-angeles-es\/\"><strong>aqu\u00ed<\/strong><\/a> el resto de tours privados que ofrecemos en la ciudad de Los Angeles.<\/p>\n","protected":false},"excerpt":{"rendered":"<p>Disfrute de este<strong> tour privado a palm springs<\/strong> junto a su chofer\/gu\u00eda oficial. Descubra y explore el magn\u00edfico desierto de California en una excursi\u00f3n privada a medida desde Los \u00c1ngeles. Cont\u00e1ctenos para una experiencia personalizada.<\/p>\n","protected":false},"featured_media":83254,"comment_status":"open","ping_status":"closed","template":"","meta":{"_acf_changed":false},"product_brand":[],"product_cat":[1602,2576,2568,2571],"product_tag":[],"class_list":{"0":"post-83242","1":"product","2":"type-product","3":"status-publish","4":"has-post-thumbnail","6":"product_cat-eeuu-es","7":"product_cat-los-angeles-es","8":"product_cat-los-angeles-actividades-es","9":"product_cat-los-angeles-excursiones-es","11":"first","12":"instock","13":"shipping-taxable","14":"purchasable","15":"product-type-simple"},"acf":[],"yoast_head":"<!-- This site is optimized with the Yoast SEO Premium plugin v25.3.1 (Yoast SEO v25.3.1) - https:\/\/yoast.com\/wordpress\/plugins\/seo\/ -->\n<title>Tour privado a Palm Springs con chofer\/gu\u00eda oficial | Tour Travel &amp; More<\/title>\n<meta name=\"description\" content=\"\u2192 Reserve este tour privado a palm springs junto a su chofer\/gu\u00eda oficial. Descubra y explore el magn\u00edfico desierto de California \u2705\" \/>\n<meta name=\"robots\" content=\"index, follow, max-snippet:-1, max-image-preview:large, max-video-preview:-1\" \/>\n<link rel=\"canonical\" href=\"https:\/\/tourtravelandmore.com\/es\/tours\/eeuu-es\/los-angeles-es\/los-angeles-actividades-es\/excursion-palm-springs-es\/\" \/>\n<meta property=\"og:locale\" content=\"es_ES\" \/>\n<meta property=\"og:type\" content=\"article\" \/>\n<meta property=\"og:title\" content=\"Tour privado de un d\u00eda a Palm Springs desde Los \u00c1ngeles\" \/>\n<meta property=\"og:description\" content=\"\u2192 Reserve este tour privado a palm springs junto a su chofer\/gu\u00eda oficial. Descubra y explore el magn\u00edfico desierto de California \u2705\" \/>\n<meta property=\"og:url\" content=\"https:\/\/tourtravelandmore.com\/es\/tours\/eeuu-es\/los-angeles-es\/los-angeles-actividades-es\/excursion-palm-springs-es\/\" \/>\n<meta property=\"og:site_name\" content=\"Tour Travel And More\" \/>\n<meta property=\"article:publisher\" content=\"https:\/\/www.facebook.com\/tourtravelandmore\/\" \/>\n<meta property=\"article:modified_time\" content=\"2023-09-18T19:44:27+00:00\" \/>\n<meta property=\"og:image\" content=\"https:\/\/tourtravelandmore.com\/wp-content\/uploads\/2020\/09\/desert-highway-palm-spring-min.jpg\" \/>\n\t<meta property=\"og:image:width\" content=\"910\" \/>\n\t<meta property=\"og:image:height\" content=\"607\" \/>\n\t<meta property=\"og:image:type\" content=\"image\/jpeg\" \/>\n<meta name=\"twitter:card\" content=\"summary_large_image\" \/>\n<meta name=\"twitter:site\" content=\"@TourTravel_More\" \/>\n<meta name=\"twitter:label1\" content=\"Tiempo de lectura\" \/>\n\t<meta name=\"twitter:data1\" content=\"2 minutos\" \/>\n<script type=\"application\/ld+json\" class=\"yoast-schema-graph\">{\"@context\":\"https:\/\/schema.org\",\"@graph\":[{\"@type\":\"WebPage\",\"@id\":\"https:\/\/tourtravelandmore.com\/es\/tours\/eeuu-es\/los-angeles-es\/los-angeles-actividades-es\/excursion-palm-springs-es\/\",\"url\":\"https:\/\/tourtravelandmore.com\/es\/tours\/eeuu-es\/los-angeles-es\/los-angeles-actividades-es\/excursion-palm-springs-es\/\",\"name\":\"Tour privado a Palm Springs con chofer\/gu\u00eda oficial | Tour Travel & More\",\"isPartOf\":{\"@id\":\"https:\/\/tourtravelandmore.com\/es\/#website\"},\"primaryImageOfPage\":{\"@id\":\"https:\/\/tourtravelandmore.com\/es\/tours\/eeuu-es\/los-angeles-es\/los-angeles-actividades-es\/excursion-palm-springs-es\/#primaryimage\"},\"image\":{\"@id\":\"https:\/\/tourtravelandmore.com\/es\/tours\/eeuu-es\/los-angeles-es\/los-angeles-actividades-es\/excursion-palm-springs-es\/#primaryimage\"},\"thumbnailUrl\":\"https:\/\/tourtravelandmore.com\/wp-content\/uploads\/2020\/09\/desert-highway-palm-spring-min.jpg\",\"datePublished\":\"2020-09-10T14:59:21+00:00\",\"dateModified\":\"2023-09-18T19:44:27+00:00\",\"description\":\"\u2192 Reserve este tour privado a palm springs junto a su chofer\/gu\u00eda oficial. Descubra y explore el magn\u00edfico desierto de California \u2705\",\"breadcrumb\":{\"@id\":\"https:\/\/tourtravelandmore.com\/es\/tours\/eeuu-es\/los-angeles-es\/los-angeles-actividades-es\/excursion-palm-springs-es\/#breadcrumb\"},\"inLanguage\":\"es\",\"potentialAction\":[{\"@type\":\"ReadAction\",\"target\":[\"https:\/\/tourtravelandmore.com\/es\/tours\/eeuu-es\/los-angeles-es\/los-angeles-actividades-es\/excursion-palm-springs-es\/\"]}]},{\"@type\":\"ImageObject\",\"inLanguage\":\"es\",\"@id\":\"https:\/\/tourtravelandmore.com\/es\/tours\/eeuu-es\/los-angeles-es\/los-angeles-actividades-es\/excursion-palm-springs-es\/#primaryimage\",\"url\":\"https:\/\/tourtravelandmore.com\/wp-content\/uploads\/2020\/09\/desert-highway-palm-spring-min.jpg\",\"contentUrl\":\"https:\/\/tourtravelandmore.com\/wp-content\/uploads\/2020\/09\/desert-highway-palm-spring-min.jpg\",\"width\":910,\"height\":607,\"caption\":\"Desert highway palm springs\"},{\"@type\":\"BreadcrumbList\",\"@id\":\"https:\/\/tourtravelandmore.com\/es\/tours\/eeuu-es\/los-angeles-es\/los-angeles-actividades-es\/excursion-palm-springs-es\/#breadcrumb\",\"itemListElement\":[{\"@type\":\"ListItem\",\"position\":1,\"name\":\"Home\",\"item\":\"https:\/\/tourtravelandmore.com\/es\/\"},{\"@type\":\"ListItem\",\"position\":2,\"name\":\"Tours\",\"item\":\"https:\/\/tourtravelandmore.com\/es\/tours\/\"},{\"@type\":\"ListItem\",\"position\":3,\"name\":\"Tour privado de un d\u00eda a Palm Springs desde Los \u00c1ngeles\"}]},{\"@type\":\"WebSite\",\"@id\":\"https:\/\/tourtravelandmore.com\/es\/#website\",\"url\":\"https:\/\/tourtravelandmore.com\/es\/\",\"name\":\"Tour Travel And More\",\"description\":\"Private sightseeing tours and luxury transfers in Spain\",\"publisher\":{\"@id\":\"https:\/\/tourtravelandmore.com\/es\/#organization\"},\"potentialAction\":[{\"@type\":\"SearchAction\",\"target\":{\"@type\":\"EntryPoint\",\"urlTemplate\":\"https:\/\/tourtravelandmore.com\/es\/?s={search_term_string}\"},\"query-input\":{\"@type\":\"PropertyValueSpecification\",\"valueRequired\":true,\"valueName\":\"search_term_string\"}}],\"inLanguage\":\"es\"},{\"@type\":\"Organization\",\"@id\":\"https:\/\/tourtravelandmore.com\/es\/#organization\",\"name\":\"Tour Travel And More\",\"url\":\"https:\/\/tourtravelandmore.com\/es\/\",\"logo\":{\"@type\":\"ImageObject\",\"inLanguage\":\"es\",\"@id\":\"https:\/\/tourtravelandmore.com\/es\/#\/schema\/logo\/image\/\",\"url\":\"https:\/\/tourtravelandmore.com\/wp-content\/uploads\/2022\/12\/cropped-logo-cabecera-new.png\",\"contentUrl\":\"https:\/\/tourtravelandmore.com\/wp-content\/uploads\/2022\/12\/cropped-logo-cabecera-new.png\",\"width\":430,\"height\":61,\"caption\":\"Tour Travel And More\"},\"image\":{\"@id\":\"https:\/\/tourtravelandmore.com\/es\/#\/schema\/logo\/image\/\"},\"sameAs\":[\"https:\/\/www.facebook.com\/tourtravelandmore\/\",\"https:\/\/x.com\/TourTravel_More\"]}]}<\/script>\n<!-- \/ Yoast SEO Premium plugin. -->","yoast_head_json":{"title":"Tour privado a Palm Springs con chofer\/gu\u00eda oficial | Tour Travel & More","description":"\u2192 Reserve este tour privado a palm springs junto a su chofer\/gu\u00eda oficial. Descubra y explore el magn\u00edfico desierto de California \u2705","robots":{"index":"index","follow":"follow","max-snippet":"max-snippet:-1","max-image-preview":"max-image-preview:large","max-video-preview":"max-video-preview:-1"},"canonical":"https:\/\/tourtravelandmore.com\/es\/tours\/eeuu-es\/los-angeles-es\/los-angeles-actividades-es\/excursion-palm-springs-es\/","og_locale":"es_ES","og_type":"article","og_title":"Tour privado de un d\u00eda a Palm Springs desde Los \u00c1ngeles","og_description":"\u2192 Reserve este tour privado a palm springs junto a su chofer\/gu\u00eda oficial. Descubra y explore el magn\u00edfico desierto de California \u2705","og_url":"https:\/\/tourtravelandmore.com\/es\/tours\/eeuu-es\/los-angeles-es\/los-angeles-actividades-es\/excursion-palm-springs-es\/","og_site_name":"Tour Travel And More","article_publisher":"https:\/\/www.facebook.com\/tourtravelandmore\/","article_modified_time":"2023-09-18T19:44:27+00:00","og_image":[{"width":910,"height":607,"url":"https:\/\/tourtravelandmore.com\/wp-content\/uploads\/2020\/09\/desert-highway-palm-spring-min.jpg","type":"image\/jpeg"}],"twitter_card":"summary_large_image","twitter_site":"@TourTravel_More","twitter_misc":{"Tiempo de lectura":"2 minutos"},"schema":{"@context":"https:\/\/schema.org","@graph":[{"@type":"WebPage","@id":"https:\/\/tourtravelandmore.com\/es\/tours\/eeuu-es\/los-angeles-es\/los-angeles-actividades-es\/excursion-palm-springs-es\/","url":"https:\/\/tourtravelandmore.com\/es\/tours\/eeuu-es\/los-angeles-es\/los-angeles-actividades-es\/excursion-palm-springs-es\/","name":"Tour privado a Palm Springs con chofer\/gu\u00eda oficial | Tour Travel & More","isPartOf":{"@id":"https:\/\/tourtravelandmore.com\/es\/#website"},"primaryImageOfPage":{"@id":"https:\/\/tourtravelandmore.com\/es\/tours\/eeuu-es\/los-angeles-es\/los-angeles-actividades-es\/excursion-palm-springs-es\/#primaryimage"},"image":{"@id":"https:\/\/tourtravelandmore.com\/es\/tours\/eeuu-es\/los-angeles-es\/los-angeles-actividades-es\/excursion-palm-springs-es\/#primaryimage"},"thumbnailUrl":"https:\/\/tourtravelandmore.com\/wp-content\/uploads\/2020\/09\/desert-highway-palm-spring-min.jpg","datePublished":"2020-09-10T14:59:21+00:00","dateModified":"2023-09-18T19:44:27+00:00","description":"\u2192 Reserve este tour privado a palm springs junto a su chofer\/gu\u00eda oficial. Descubra y explore el magn\u00edfico desierto de California \u2705","breadcrumb":{"@id":"https:\/\/tourtravelandmore.com\/es\/tours\/eeuu-es\/los-angeles-es\/los-angeles-actividades-es\/excursion-palm-springs-es\/#breadcrumb"},"inLanguage":"es","potentialAction":[{"@type":"ReadAction","target":["https:\/\/tourtravelandmore.com\/es\/tours\/eeuu-es\/los-angeles-es\/los-angeles-actividades-es\/excursion-palm-springs-es\/"]}]},{"@type":"ImageObject","inLanguage":"es","@id":"https:\/\/tourtravelandmore.com\/es\/tours\/eeuu-es\/los-angeles-es\/los-angeles-actividades-es\/excursion-palm-springs-es\/#primaryimage","url":"https:\/\/tourtravelandmore.com\/wp-content\/uploads\/2020\/09\/desert-highway-palm-spring-min.jpg","contentUrl":"https:\/\/tourtravelandmore.com\/wp-content\/uploads\/2020\/09\/desert-highway-palm-spring-min.jpg","width":910,"height":607,"caption":"Desert highway palm springs"},{"@type":"BreadcrumbList","@id":"https:\/\/tourtravelandmore.com\/es\/tours\/eeuu-es\/los-angeles-es\/los-angeles-actividades-es\/excursion-palm-springs-es\/#breadcrumb","itemListElement":[{"@type":"ListItem","position":1,"name":"Home","item":"https:\/\/tourtravelandmore.com\/es\/"},{"@type":"ListItem","position":2,"name":"Tours","item":"https:\/\/tourtravelandmore.com\/es\/tours\/"},{"@type":"ListItem","position":3,"name":"Tour privado de un d\u00eda a Palm Springs desde Los \u00c1ngeles"}]},{"@type":"WebSite","@id":"https:\/\/tourtravelandmore.com\/es\/#website","url":"https:\/\/tourtravelandmore.com\/es\/","name":"Tour Travel And More","description":"Private sightseeing tours and luxury transfers in Spain","publisher":{"@id":"https:\/\/tourtravelandmore.com\/es\/#organization"},"potentialAction":[{"@type":"SearchAction","target":{"@type":"EntryPoint","urlTemplate":"https:\/\/tourtravelandmore.com\/es\/?s={search_term_string}"},"query-input":{"@type":"PropertyValueSpecification","valueRequired":true,"valueName":"search_term_string"}}],"inLanguage":"es"},{"@type":"Organization","@id":"https:\/\/tourtravelandmore.com\/es\/#organization","name":"Tour Travel And More","url":"https:\/\/tourtravelandmore.com\/es\/","logo":{"@type":"ImageObject","inLanguage":"es","@id":"https:\/\/tourtravelandmore.com\/es\/#\/schema\/logo\/image\/","url":"https:\/\/tourtravelandmore.com\/wp-content\/uploads\/2022\/12\/cropped-logo-cabecera-new.png","contentUrl":"https:\/\/tourtravelandmore.com\/wp-content\/uploads\/2022\/12\/cropped-logo-cabecera-new.png","width":430,"height":61,"caption":"Tour Travel And More"},"image":{"@id":"https:\/\/tourtravelandmore.com\/es\/#\/schema\/logo\/image\/"},"sameAs":["https:\/\/www.facebook.com\/tourtravelandmore\/","https:\/\/x.com\/TourTravel_More"]}]}},"_links":{"self":[{"href":"https:\/\/tourtravelandmore.com\/es\/wp-json\/wp\/v2\/product\/83242","targetHints":{"allow":["GET"]}}],"collection":[{"href":"https:\/\/tourtravelandmore.com\/es\/wp-json\/wp\/v2\/product"}],"about":[{"href":"https:\/\/tourtravelandmore.com\/es\/wp-json\/wp\/v2\/types\/product"}],"replies":[{"embeddable":true,"href":"https:\/\/tourtravelandmore.com\/es\/wp-json\/wp\/v2\/comments?post=83242"}],"wp:featuredmedia":[{"embeddable":true,"href":"https:\/\/tourtravelandmore.com\/es\/wp-json\/wp\/v2\/media\/83254"}],"wp:attachment":[{"href":"https:\/\/tourtravelandmore.com\/es\/wp-json\/wp\/v2\/media?parent=83242"}],"wp:term":[{"taxonomy":"product_brand","embeddable":true,"href":"https:\/\/tourtravelandmore.com\/es\/wp-json\/wp\/v2\/product_brand?post=83242"},{"taxonomy":"product_cat","embeddable":true,"href":"https:\/\/tourtravelandmore.com\/es\/wp-json\/wp\/v2\/product_cat?post=83242"},{"taxonomy":"product_tag","embeddable":true,"href":"https:\/\/tourtravelandmore.com\/es\/wp-json\/wp\/v2\/product_tag?post=83242"}],"curies":[{"name":"wp","href":"https:\/\/api.w.org\/{rel}","templated":true}]}}