{"id":83176,"date":"2020-09-07T12:55:10","date_gmt":"2020-09-07T10:55:11","guid":{"rendered":"https:\/\/tourtravelandmore.com\/?post_type=product&#038;p=83176"},"modified":"2022-01-18T19:22:23","modified_gmt":"2022-01-18T18:22:23","slug":"tour-de-hollywood-y-sus-celebridades-tour-privado-con-guia-y-vehiculo","status":"publish","type":"product","link":"https:\/\/tourtravelandmore.com\/es\/tours\/eeuu-es\/los-angeles-es\/los-angeles-actividades-es\/tour-de-hollywood-y-sus-celebridades-tour-privado-con-guia-y-vehiculo\/","title":{"rendered":"Tour celebridades Hollywood"},"content":{"rendered":"<h2><strong>Descripci\u00f3n del Tour Privado<\/strong><\/h2>\n<p>Disfruta de este tour de Hollywood y las celebridades con su gu\u00eda oficial y veh\u00edculo con conductor.<\/p>\n<p><span lang=\"es\">El nombre Hollywood habla por s\u00ed solo. \u00a1Hollywood es un barrio de Los \u00c1ngeles adem\u00e1s de ser el coraz\u00f3n de la industria cinematogr\u00e1fica. Es uno de los lugares m\u00e1s conocidos del mundo y una parada obligatoria si vas a visitar la ciudad de los Angeles.<\/span><\/p>\n<p><span lang=\"es\">A lo largo de este tour de Hollywood y sus celebridades privado conoceremos la historia de Hollywood, tomaremos fotograf\u00edas impresionantes y hablaremos de las principales celebridades. Toda la industria del cine gira en torno a Hollywood .<\/span><\/p>\n<p><span lang=\"es\">Danos la oportunidad de ayudarte a conocer Hollywood y sus principales celebridades que han convertido los Angeles en uno de los lugares m\u00e1s famosos del mundo.<br \/>\n<\/span><\/p>\n<p>La duraci\u00f3n de este tour son 8 Horas.<\/p>\n<p><span lang=\"es\">Este es un recorrido completamente privado desde la recogida hasta la entrega. Ir\u00e1 en todo momento acompa\u00f1ado de un gu\u00eda oficial y un veh\u00edculo con conductor para que viva una experiencia \u00fanica.<\/span><\/p>\n<p><span lang=\"es\">P\u00f3ngase en contacto a trav\u00e9s del formulario de contacto con uno de nuestros expertos para organizar un recorrido privado perfecto para celebridades en Hollywood.<\/span><\/p>\n<h2><strong>Puntos de inter\u00e9s en el Tour de Celebridades en Hollywood<\/strong><\/h2>\n<p><span lang=\"es\">Este tour privado comenzar\u00e1 en su hotel o lugar de elecci\u00f3n en Los \u00c1ngeles. Disfrute del sabor de Hollywood, del estilo de vida de las celebridades y observe las casas de las celebridades.<\/span><\/p>\n<p><span lang=\"es\">El orden exacto de la visita privada depender\u00e1 de su recogida. Aqu\u00ed hay un ejemplo de lo que disfrutar\u00e1 durante su gira privada de celebridades por Hollywood.<\/span><\/p>\n<p><span lang=\"es\"><strong>Cartel de Hollywood:<\/strong> Organice una parada fotogr\u00e1fica perfecta en uno de los sitios m\u00e1s populares de Hollywood. Este es un lugar completamente famoso con hermosas vistas de Los \u00c1ngeles. <\/span><\/p>\n<p><span lang=\"es\"><strong>Hollywood Boulevard y Walk of Fame:<\/strong> Disfrute de excelentes lugares de rodaje con tantos lugares de celebridades famosas tambi\u00e9n. \u00a1Tambi\u00e9n pasaremos por el paseo de la fama y veremos las famosas estrellas en la acera! \u00a1Esta es una parada fotogr\u00e1fica \u00fanica!<\/span><\/p>\n<p><span lang=\"es\"><strong>Beverly Hills:<\/strong> \u00a1hogar de los famosos! Barrio residencial de lujo. Es verdaderamente un lugar para hacer fotos.<\/span><\/p>\n<p><span lang=\"es\"><strong>Rodeo Drive:<\/strong> \u00a1distrito comercial de lujo! <\/span><\/p>\n<p><span lang=\"es\"><strong>Sunset strip:<\/strong> \u00a1disfruta de lugares de fiesta famosos, lugares de comediantes y lugares de m\u00fasica! \u00a1Lleg\u00f3 la fiesta!<\/span><\/p>\n<p><span lang=\"es\"><strong>Vista de las casas de celebridades:<\/strong> por ejemplo, tenga una vista en las casas de: Elvis Presley; Virgen; Dr. Phil; Bruno Mars; Justin Timberlake; Mick Jagger; Tom Cruise &#8230;<\/span><\/p>\n<p>Puede consultar <a href=\"https:\/\/tourtravelandmore.com\/es\/ciudad\/eeuu-es\/\"><strong>aqu\u00ed<\/strong><\/a> el resto de tours privados que ofrecemos en la ciudad de Los Angeles.<\/p>\n","protected":false},"excerpt":{"rendered":"<p>Disfrute de este <strong>tour de Hollywood y sus celebridades<\/strong>, con su gu\u00eda oficial y vehiculo privado. Descubre una de las ciudades m\u00e1s famosas del mundo. <span lang=\"es\"><strong>Cartel de Hollywood, Paseo de la Fama, Beverly Hillsm Rodeo Drive<\/strong> y mucho m\u00e1s!<\/span><\/p>\n","protected":false},"featured_media":83152,"comment_status":"open","ping_status":"closed","template":"","meta":{"_acf_changed":false},"product_brand":[],"product_cat":[1602,2576,2568,2570],"product_tag":[],"class_list":{"0":"post-83176","1":"product","2":"type-product","3":"status-publish","4":"has-post-thumbnail","6":"product_cat-eeuu-es","7":"product_cat-los-angeles-es","8":"product_cat-los-angeles-actividades-es","9":"product_cat-los-angeles-tours-es","11":"first","12":"instock","13":"shipping-taxable","14":"purchasable","15":"product-type-simple"},"acf":[],"yoast_head":"<!-- This site is optimized with the Yoast SEO Premium plugin v25.3.1 (Yoast SEO v25.3.1) - https:\/\/yoast.com\/wordpress\/plugins\/seo\/ -->\n<title>Tour de Hollywood y sus Celebridades - Tour privado con Guia y Vehiculo<\/title>\n<meta name=\"description\" content=\"\u2192 Reserve ya este tour de Hollywood y sus celebridades, con su guia oficial y vehiculo privado. Una experiencia inolvidable\" \/>\n<meta name=\"robots\" content=\"index, follow, max-snippet:-1, max-image-preview:large, max-video-preview:-1\" \/>\n<link rel=\"canonical\" href=\"https:\/\/tourtravelandmore.com\/es\/tours\/eeuu-es\/los-angeles-es\/los-angeles-actividades-es\/tour-de-hollywood-y-sus-celebridades-tour-privado-con-guia-y-vehiculo\/\" \/>\n<meta property=\"og:locale\" content=\"es_ES\" \/>\n<meta property=\"og:type\" content=\"article\" \/>\n<meta property=\"og:title\" content=\"Tour celebridades Hollywood\" \/>\n<meta property=\"og:description\" content=\"\u2192 Reserve ya este tour de Hollywood y sus celebridades, con su guia oficial y vehiculo privado. Una experiencia inolvidable\" \/>\n<meta property=\"og:url\" content=\"https:\/\/tourtravelandmore.com\/es\/tours\/eeuu-es\/los-angeles-es\/los-angeles-actividades-es\/tour-de-hollywood-y-sus-celebridades-tour-privado-con-guia-y-vehiculo\/\" \/>\n<meta property=\"og:site_name\" content=\"Tour Travel And More\" \/>\n<meta property=\"article:publisher\" content=\"https:\/\/www.facebook.com\/tourtravelandmore\/\" \/>\n<meta property=\"article:modified_time\" content=\"2022-01-18T18:22:23+00:00\" \/>\n<meta property=\"og:image\" content=\"https:\/\/tourtravelandmore.com\/wp-content\/uploads\/2020\/09\/Los-Angeles-4-scaled.jpg\" \/>\n\t<meta property=\"og:image:width\" content=\"1920\" \/>\n\t<meta property=\"og:image:height\" content=\"2560\" \/>\n\t<meta property=\"og:image:type\" content=\"image\/jpeg\" \/>\n<meta name=\"twitter:card\" content=\"summary_large_image\" \/>\n<meta name=\"twitter:site\" content=\"@TourTravel_More\" \/>\n<meta name=\"twitter:label1\" content=\"Tiempo de lectura\" \/>\n\t<meta name=\"twitter:data1\" content=\"2 minutos\" \/>\n<script type=\"application\/ld+json\" class=\"yoast-schema-graph\">{\"@context\":\"https:\/\/schema.org\",\"@graph\":[{\"@type\":\"WebPage\",\"@id\":\"https:\/\/tourtravelandmore.com\/es\/tours\/eeuu-es\/los-angeles-es\/los-angeles-actividades-es\/tour-de-hollywood-y-sus-celebridades-tour-privado-con-guia-y-vehiculo\/\",\"url\":\"https:\/\/tourtravelandmore.com\/es\/tours\/eeuu-es\/los-angeles-es\/los-angeles-actividades-es\/tour-de-hollywood-y-sus-celebridades-tour-privado-con-guia-y-vehiculo\/\",\"name\":\"Tour de Hollywood y sus Celebridades - Tour privado con Guia y Vehiculo\",\"isPartOf\":{\"@id\":\"https:\/\/tourtravelandmore.com\/es\/#website\"},\"primaryImageOfPage\":{\"@id\":\"https:\/\/tourtravelandmore.com\/es\/tours\/eeuu-es\/los-angeles-es\/los-angeles-actividades-es\/tour-de-hollywood-y-sus-celebridades-tour-privado-con-guia-y-vehiculo\/#primaryimage\"},\"image\":{\"@id\":\"https:\/\/tourtravelandmore.com\/es\/tours\/eeuu-es\/los-angeles-es\/los-angeles-actividades-es\/tour-de-hollywood-y-sus-celebridades-tour-privado-con-guia-y-vehiculo\/#primaryimage\"},\"thumbnailUrl\":\"https:\/\/tourtravelandmore.com\/wp-content\/uploads\/2020\/09\/Los-Angeles-4-scaled.jpg\",\"datePublished\":\"2020-09-07T10:55:11+00:00\",\"dateModified\":\"2022-01-18T18:22:23+00:00\",\"description\":\"\u2192 Reserve ya este tour de Hollywood y sus celebridades, con su guia oficial y vehiculo privado. Una experiencia inolvidable\",\"breadcrumb\":{\"@id\":\"https:\/\/tourtravelandmore.com\/es\/tours\/eeuu-es\/los-angeles-es\/los-angeles-actividades-es\/tour-de-hollywood-y-sus-celebridades-tour-privado-con-guia-y-vehiculo\/#breadcrumb\"},\"inLanguage\":\"es\",\"potentialAction\":[{\"@type\":\"ReadAction\",\"target\":[\"https:\/\/tourtravelandmore.com\/es\/tours\/eeuu-es\/los-angeles-es\/los-angeles-actividades-es\/tour-de-hollywood-y-sus-celebridades-tour-privado-con-guia-y-vehiculo\/\"]}]},{\"@type\":\"ImageObject\",\"inLanguage\":\"es\",\"@id\":\"https:\/\/tourtravelandmore.com\/es\/tours\/eeuu-es\/los-angeles-es\/los-angeles-actividades-es\/tour-de-hollywood-y-sus-celebridades-tour-privado-con-guia-y-vehiculo\/#primaryimage\",\"url\":\"https:\/\/tourtravelandmore.com\/wp-content\/uploads\/2020\/09\/Los-Angeles-4-scaled.jpg\",\"contentUrl\":\"https:\/\/tourtravelandmore.com\/wp-content\/uploads\/2020\/09\/Los-Angeles-4-scaled.jpg\",\"width\":1920,\"height\":2560},{\"@type\":\"BreadcrumbList\",\"@id\":\"https:\/\/tourtravelandmore.com\/es\/tours\/eeuu-es\/los-angeles-es\/los-angeles-actividades-es\/tour-de-hollywood-y-sus-celebridades-tour-privado-con-guia-y-vehiculo\/#breadcrumb\",\"itemListElement\":[{\"@type\":\"ListItem\",\"position\":1,\"name\":\"Home\",\"item\":\"https:\/\/tourtravelandmore.com\/es\/\"},{\"@type\":\"ListItem\",\"position\":2,\"name\":\"Tours\",\"item\":\"https:\/\/tourtravelandmore.com\/es\/tours\/\"},{\"@type\":\"ListItem\",\"position\":3,\"name\":\"Tour celebridades Hollywood\"}]},{\"@type\":\"WebSite\",\"@id\":\"https:\/\/tourtravelandmore.com\/es\/#website\",\"url\":\"https:\/\/tourtravelandmore.com\/es\/\",\"name\":\"Tour Travel And More\",\"description\":\"Private sightseeing tours and luxury transfers in Spain\",\"publisher\":{\"@id\":\"https:\/\/tourtravelandmore.com\/es\/#organization\"},\"potentialAction\":[{\"@type\":\"SearchAction\",\"target\":{\"@type\":\"EntryPoint\",\"urlTemplate\":\"https:\/\/tourtravelandmore.com\/es\/?s={search_term_string}\"},\"query-input\":{\"@type\":\"PropertyValueSpecification\",\"valueRequired\":true,\"valueName\":\"search_term_string\"}}],\"inLanguage\":\"es\"},{\"@type\":\"Organization\",\"@id\":\"https:\/\/tourtravelandmore.com\/es\/#organization\",\"name\":\"Tour Travel And More\",\"url\":\"https:\/\/tourtravelandmore.com\/es\/\",\"logo\":{\"@type\":\"ImageObject\",\"inLanguage\":\"es\",\"@id\":\"https:\/\/tourtravelandmore.com\/es\/#\/schema\/logo\/image\/\",\"url\":\"https:\/\/tourtravelandmore.com\/wp-content\/uploads\/2022\/12\/cropped-logo-cabecera-new.png\",\"contentUrl\":\"https:\/\/tourtravelandmore.com\/wp-content\/uploads\/2022\/12\/cropped-logo-cabecera-new.png\",\"width\":430,\"height\":61,\"caption\":\"Tour Travel And More\"},\"image\":{\"@id\":\"https:\/\/tourtravelandmore.com\/es\/#\/schema\/logo\/image\/\"},\"sameAs\":[\"https:\/\/www.facebook.com\/tourtravelandmore\/\",\"https:\/\/x.com\/TourTravel_More\"]}]}<\/script>\n<!-- \/ Yoast SEO Premium plugin. -->","yoast_head_json":{"title":"Tour de Hollywood y sus Celebridades - Tour privado con Guia y Vehiculo","description":"\u2192 Reserve ya este tour de Hollywood y sus celebridades, con su guia oficial y vehiculo privado. Una experiencia inolvidable","robots":{"index":"index","follow":"follow","max-snippet":"max-snippet:-1","max-image-preview":"max-image-preview:large","max-video-preview":"max-video-preview:-1"},"canonical":"https:\/\/tourtravelandmore.com\/es\/tours\/eeuu-es\/los-angeles-es\/los-angeles-actividades-es\/tour-de-hollywood-y-sus-celebridades-tour-privado-con-guia-y-vehiculo\/","og_locale":"es_ES","og_type":"article","og_title":"Tour celebridades Hollywood","og_description":"\u2192 Reserve ya este tour de Hollywood y sus celebridades, con su guia oficial y vehiculo privado. Una experiencia inolvidable","og_url":"https:\/\/tourtravelandmore.com\/es\/tours\/eeuu-es\/los-angeles-es\/los-angeles-actividades-es\/tour-de-hollywood-y-sus-celebridades-tour-privado-con-guia-y-vehiculo\/","og_site_name":"Tour Travel And More","article_publisher":"https:\/\/www.facebook.com\/tourtravelandmore\/","article_modified_time":"2022-01-18T18:22:23+00:00","og_image":[{"width":1920,"height":2560,"url":"https:\/\/tourtravelandmore.com\/wp-content\/uploads\/2020\/09\/Los-Angeles-4-scaled.jpg","type":"image\/jpeg"}],"twitter_card":"summary_large_image","twitter_site":"@TourTravel_More","twitter_misc":{"Tiempo de lectura":"2 minutos"},"schema":{"@context":"https:\/\/schema.org","@graph":[{"@type":"WebPage","@id":"https:\/\/tourtravelandmore.com\/es\/tours\/eeuu-es\/los-angeles-es\/los-angeles-actividades-es\/tour-de-hollywood-y-sus-celebridades-tour-privado-con-guia-y-vehiculo\/","url":"https:\/\/tourtravelandmore.com\/es\/tours\/eeuu-es\/los-angeles-es\/los-angeles-actividades-es\/tour-de-hollywood-y-sus-celebridades-tour-privado-con-guia-y-vehiculo\/","name":"Tour de Hollywood y sus Celebridades - Tour privado con Guia y Vehiculo","isPartOf":{"@id":"https:\/\/tourtravelandmore.com\/es\/#website"},"primaryImageOfPage":{"@id":"https:\/\/tourtravelandmore.com\/es\/tours\/eeuu-es\/los-angeles-es\/los-angeles-actividades-es\/tour-de-hollywood-y-sus-celebridades-tour-privado-con-guia-y-vehiculo\/#primaryimage"},"image":{"@id":"https:\/\/tourtravelandmore.com\/es\/tours\/eeuu-es\/los-angeles-es\/los-angeles-actividades-es\/tour-de-hollywood-y-sus-celebridades-tour-privado-con-guia-y-vehiculo\/#primaryimage"},"thumbnailUrl":"https:\/\/tourtravelandmore.com\/wp-content\/uploads\/2020\/09\/Los-Angeles-4-scaled.jpg","datePublished":"2020-09-07T10:55:11+00:00","dateModified":"2022-01-18T18:22:23+00:00","description":"\u2192 Reserve ya este tour de Hollywood y sus celebridades, con su guia oficial y vehiculo privado. Una experiencia inolvidable","breadcrumb":{"@id":"https:\/\/tourtravelandmore.com\/es\/tours\/eeuu-es\/los-angeles-es\/los-angeles-actividades-es\/tour-de-hollywood-y-sus-celebridades-tour-privado-con-guia-y-vehiculo\/#breadcrumb"},"inLanguage":"es","potentialAction":[{"@type":"ReadAction","target":["https:\/\/tourtravelandmore.com\/es\/tours\/eeuu-es\/los-angeles-es\/los-angeles-actividades-es\/tour-de-hollywood-y-sus-celebridades-tour-privado-con-guia-y-vehiculo\/"]}]},{"@type":"ImageObject","inLanguage":"es","@id":"https:\/\/tourtravelandmore.com\/es\/tours\/eeuu-es\/los-angeles-es\/los-angeles-actividades-es\/tour-de-hollywood-y-sus-celebridades-tour-privado-con-guia-y-vehiculo\/#primaryimage","url":"https:\/\/tourtravelandmore.com\/wp-content\/uploads\/2020\/09\/Los-Angeles-4-scaled.jpg","contentUrl":"https:\/\/tourtravelandmore.com\/wp-content\/uploads\/2020\/09\/Los-Angeles-4-scaled.jpg","width":1920,"height":2560},{"@type":"BreadcrumbList","@id":"https:\/\/tourtravelandmore.com\/es\/tours\/eeuu-es\/los-angeles-es\/los-angeles-actividades-es\/tour-de-hollywood-y-sus-celebridades-tour-privado-con-guia-y-vehiculo\/#breadcrumb","itemListElement":[{"@type":"ListItem","position":1,"name":"Home","item":"https:\/\/tourtravelandmore.com\/es\/"},{"@type":"ListItem","position":2,"name":"Tours","item":"https:\/\/tourtravelandmore.com\/es\/tours\/"},{"@type":"ListItem","position":3,"name":"Tour celebridades Hollywood"}]},{"@type":"WebSite","@id":"https:\/\/tourtravelandmore.com\/es\/#website","url":"https:\/\/tourtravelandmore.com\/es\/","name":"Tour Travel And More","description":"Private sightseeing tours and luxury transfers in Spain","publisher":{"@id":"https:\/\/tourtravelandmore.com\/es\/#organization"},"potentialAction":[{"@type":"SearchAction","target":{"@type":"EntryPoint","urlTemplate":"https:\/\/tourtravelandmore.com\/es\/?s={search_term_string}"},"query-input":{"@type":"PropertyValueSpecification","valueRequired":true,"valueName":"search_term_string"}}],"inLanguage":"es"},{"@type":"Organization","@id":"https:\/\/tourtravelandmore.com\/es\/#organization","name":"Tour Travel And More","url":"https:\/\/tourtravelandmore.com\/es\/","logo":{"@type":"ImageObject","inLanguage":"es","@id":"https:\/\/tourtravelandmore.com\/es\/#\/schema\/logo\/image\/","url":"https:\/\/tourtravelandmore.com\/wp-content\/uploads\/2022\/12\/cropped-logo-cabecera-new.png","contentUrl":"https:\/\/tourtravelandmore.com\/wp-content\/uploads\/2022\/12\/cropped-logo-cabecera-new.png","width":430,"height":61,"caption":"Tour Travel And More"},"image":{"@id":"https:\/\/tourtravelandmore.com\/es\/#\/schema\/logo\/image\/"},"sameAs":["https:\/\/www.facebook.com\/tourtravelandmore\/","https:\/\/x.com\/TourTravel_More"]}]}},"_links":{"self":[{"href":"https:\/\/tourtravelandmore.com\/es\/wp-json\/wp\/v2\/product\/83176","targetHints":{"allow":["GET"]}}],"collection":[{"href":"https:\/\/tourtravelandmore.com\/es\/wp-json\/wp\/v2\/product"}],"about":[{"href":"https:\/\/tourtravelandmore.com\/es\/wp-json\/wp\/v2\/types\/product"}],"replies":[{"embeddable":true,"href":"https:\/\/tourtravelandmore.com\/es\/wp-json\/wp\/v2\/comments?post=83176"}],"wp:featuredmedia":[{"embeddable":true,"href":"https:\/\/tourtravelandmore.com\/es\/wp-json\/wp\/v2\/media\/83152"}],"wp:attachment":[{"href":"https:\/\/tourtravelandmore.com\/es\/wp-json\/wp\/v2\/media?parent=83176"}],"wp:term":[{"taxonomy":"product_brand","embeddable":true,"href":"https:\/\/tourtravelandmore.com\/es\/wp-json\/wp\/v2\/product_brand?post=83176"},{"taxonomy":"product_cat","embeddable":true,"href":"https:\/\/tourtravelandmore.com\/es\/wp-json\/wp\/v2\/product_cat?post=83176"},{"taxonomy":"product_tag","embeddable":true,"href":"https:\/\/tourtravelandmore.com\/es\/wp-json\/wp\/v2\/product_tag?post=83176"}],"curies":[{"name":"wp","href":"https:\/\/api.w.org\/{rel}","templated":true}]}}