{"id":83166,"date":"2020-09-07T12:48:26","date_gmt":"2020-09-07T10:48:27","guid":{"rendered":"https:\/\/tourtravelandmore.com\/?post_type=product&#038;p=83166"},"modified":"2022-01-18T19:22:29","modified_gmt":"2022-01-18T18:22:29","slug":"tour-privado-hollywood-beverly-hills-santa-monica-y-venice","status":"publish","type":"product","link":"https:\/\/tourtravelandmore.com\/es\/tours\/eeuu-es\/los-angeles-es\/los-angeles-actividades-es\/tour-privado-hollywood-beverly-hills-santa-monica-y-venice\/","title":{"rendered":"Tour privado Hollywood, Beverly Hills, Santa Monica y Venice"},"content":{"rendered":"<h2><strong>Descripci\u00f3n del Tour Privado<\/strong><\/h2>\n<p>Los \u00c1ngeles es una ciudad que tiene mucho que ofrecer. Este tour privado de Hollywood de d\u00eda completo intenta cubrir todas las paradas obligatorias en esta ciudad \u00fanica. No es posible ver absolutamente todo en un d\u00eda, \u00a1pero con este tour privado de Hollywood conoceremos lo m\u00e1ximo de la ciudad en un d\u00eda.<\/p>\n<p>Si solo tiene un d\u00eda en la ciudad, \u00a1este tour privado de Hollywood es una excelente opci\u00f3n para descubrir los Angeles y Hollywood.<\/p>\n<p>Durante este tour privado de d\u00eda completo, disfrute de una visita a <strong>Venecia, Santa M\u00f3nica y una parada en Beverly Hills.<\/strong> Por supuesto, no podemos dejar de lado una parada en <strong>Hollywood<\/strong> , \u00a1una visita obligada en Los \u00c1ngeles!<\/p>\n<p>La duraci\u00f3n de este tour privado de los Angeles y Hollywood es de 8 Horas.<\/p>\n<p>El tour es completamente privado, podr\u00e1 escoger la hora y lugar de recogida.<\/p>\n<h2><strong>Puntos de inter\u00e9s en Hollywood, Beverly Hills, Santa Monica y Venice<\/strong><\/h2>\n<p>Este tour privado comenzar\u00e1 recogi\u00e9ndolo en su hotel o lugar de elecci\u00f3n dentro de la ciudad de Los \u00c1ngeles. Si llega al aeropuerto LAX, tambi\u00e9n podemos organizar una recogida desde all\u00ed. <span lang=\"es\">Si llega en un crucero, por supuesto, tambi\u00e9n podemos recogerlo en el puerto de cruceros de San Pedro.<\/span><\/p>\n<p>Nuestro gu\u00eda y conductor les recoger\u00e1n desde su hotel para empezar este tour de d\u00eda completo.<\/p>\n<p><span lang=\"es\">A continuaci\u00f3n, puede encontrar una lista de atracciones y sitios que disfrutar\u00e1 durante su experiencia:<\/span><\/p>\n<p><span lang=\"es\">Dependiendo de d\u00f3nde lo recojamos, \u00a1el orden de estos sitios variar\u00e1!<\/span><\/p>\n<p><span lang=\"es\"><strong>Letrero de Hollywood:<\/strong> Es el icono fotogr\u00e1fico de la ciudad.<\/span><\/p>\n<p><span lang=\"es\"><strong>Venecia y sus canales<\/strong> : Pare para disfrutar de esta ubicaci\u00f3n frente al mar, el letrero de Venecia, las hermosas vistas, su paseo mar\u00edtimo y mucho m\u00e1s.<\/span><\/p>\n<p><span lang=\"es\"><strong>Paseo de la fama de Hollywood:<\/strong> Podr\u00e1 ver el Ambiente de cine en el<strong> Paseo de la Fama, Teatro Dolby, antes Kodak, Estrellas de artistas en <b>Paseo<\/b> de la <b>Fama<\/b>, las huellas de los artistas en <b>Paseo<\/b> de la <b>Fama<\/b> y mucho m\u00e1s.<\/strong><\/span><\/p>\n<p><span lang=\"es\"><strong>Rodeo Drive:\u00a0<\/strong>Es la zona de compras m\u00e1s exclusiva de los Angeles. <\/span><\/p>\n<p><span lang=\"es\"><strong>Beverly Hills:<\/strong> \u00a1veamos a qui\u00e9n vemos hoy! \u00a1Celebridades y lujo por todas partes!<\/span><\/p>\n<p><span lang=\"es\"><strong>Santa M\u00f3nica:<\/strong> \u00a1esta ubicaci\u00f3n frente a la playa es imprescindible durante este tour de un d\u00eda completo! Es conocida como una ciudad tur\u00edstica y disfrutaremos un rato en Ocean Avenue. En segundo lugar, disfrutar\u00e1 del muelle de Santa M\u00f3nica y, por supuesto, no podemos perdernos el Pacific Park. Tambi\u00e9n habr\u00e1 algo de tiempo para ver el Third Street Promenade.<\/span><\/p>\n<p>A trav\u00e9s del formulario de contacto puede contactar con nosotros y nuestro equipo r\u00e1pidamente le enviar\u00e1 la informaci\u00f3n detallada del tour.<\/p>\n<p>Puedes consultar <a href=\"https:\/\/tourtravelandmore.com\/es\/ciudad\/eeuu-es\/\"><strong>aqui<\/strong><\/a>, el resto de tours privados que ofrecemos en los Angeles.<\/p>\n","protected":false},"excerpt":{"rendered":"<p>Disfrute de este <strong>tour privado de dia completo de Hollywood<\/strong> y conoce las zonas m\u00e1s importantes con su gu\u00eda oficial. <strong>Hollywood, Beverly Hills, Santa Monica y Venice.<\/strong><\/p>\n","protected":false},"featured_media":83146,"comment_status":"open","ping_status":"closed","template":"","meta":{"_acf_changed":false},"product_brand":[],"product_cat":[1602,2576,2568,2570],"product_tag":[],"class_list":{"0":"post-83166","1":"product","2":"type-product","3":"status-publish","4":"has-post-thumbnail","6":"product_cat-eeuu-es","7":"product_cat-los-angeles-es","8":"product_cat-los-angeles-actividades-es","9":"product_cat-los-angeles-tours-es","11":"first","12":"instock","13":"shipping-taxable","14":"purchasable","15":"product-type-simple"},"acf":[],"yoast_head":"<!-- This site is optimized with the Yoast SEO Premium plugin v25.3.1 (Yoast SEO v25.3.1) - https:\/\/yoast.com\/wordpress\/plugins\/seo\/ -->\n<title>Tour privado Hollywood, Beverly Hills, Santa Monica y Venice | TourTravel<\/title>\n<meta name=\"description\" content=\"Reserve ya este tour privado de Hollywood y conoce las zonas m\u00e1s importantes con guia oficial. Hollywood, Beverly Hills, Santa Monica y Venice\" \/>\n<meta name=\"robots\" content=\"index, follow, max-snippet:-1, max-image-preview:large, max-video-preview:-1\" \/>\n<link rel=\"canonical\" href=\"https:\/\/tourtravelandmore.com\/es\/tours\/eeuu-es\/los-angeles-es\/los-angeles-actividades-es\/tour-privado-hollywood-beverly-hills-santa-monica-y-venice\/\" \/>\n<meta property=\"og:locale\" content=\"es_ES\" \/>\n<meta property=\"og:type\" content=\"article\" \/>\n<meta property=\"og:title\" content=\"Tour privado Hollywood, Beverly Hills, Santa Monica y Venice\" \/>\n<meta property=\"og:description\" content=\"Reserve ya este tour privado de Hollywood y conoce las zonas m\u00e1s importantes con guia oficial. Hollywood, Beverly Hills, Santa Monica y Venice\" \/>\n<meta property=\"og:url\" content=\"https:\/\/tourtravelandmore.com\/es\/tours\/eeuu-es\/los-angeles-es\/los-angeles-actividades-es\/tour-privado-hollywood-beverly-hills-santa-monica-y-venice\/\" \/>\n<meta property=\"og:site_name\" content=\"Tour Travel And More\" \/>\n<meta property=\"article:publisher\" content=\"https:\/\/www.facebook.com\/tourtravelandmore\/\" \/>\n<meta property=\"article:modified_time\" content=\"2022-01-18T18:22:29+00:00\" \/>\n<meta property=\"og:image\" content=\"https:\/\/tourtravelandmore.com\/wp-content\/uploads\/2020\/09\/Los-Angeles-2-scaled.jpg\" \/>\n\t<meta property=\"og:image:width\" content=\"1706\" \/>\n\t<meta property=\"og:image:height\" content=\"2560\" \/>\n\t<meta property=\"og:image:type\" content=\"image\/jpeg\" \/>\n<meta name=\"twitter:card\" content=\"summary_large_image\" \/>\n<meta name=\"twitter:site\" content=\"@TourTravel_More\" \/>\n<meta name=\"twitter:label1\" content=\"Tiempo de lectura\" \/>\n\t<meta name=\"twitter:data1\" content=\"2 minutos\" \/>\n<script type=\"application\/ld+json\" class=\"yoast-schema-graph\">{\"@context\":\"https:\/\/schema.org\",\"@graph\":[{\"@type\":\"WebPage\",\"@id\":\"https:\/\/tourtravelandmore.com\/es\/tours\/eeuu-es\/los-angeles-es\/los-angeles-actividades-es\/tour-privado-hollywood-beverly-hills-santa-monica-y-venice\/\",\"url\":\"https:\/\/tourtravelandmore.com\/es\/tours\/eeuu-es\/los-angeles-es\/los-angeles-actividades-es\/tour-privado-hollywood-beverly-hills-santa-monica-y-venice\/\",\"name\":\"Tour privado Hollywood, Beverly Hills, Santa Monica y Venice | TourTravel\",\"isPartOf\":{\"@id\":\"https:\/\/tourtravelandmore.com\/es\/#website\"},\"primaryImageOfPage\":{\"@id\":\"https:\/\/tourtravelandmore.com\/es\/tours\/eeuu-es\/los-angeles-es\/los-angeles-actividades-es\/tour-privado-hollywood-beverly-hills-santa-monica-y-venice\/#primaryimage\"},\"image\":{\"@id\":\"https:\/\/tourtravelandmore.com\/es\/tours\/eeuu-es\/los-angeles-es\/los-angeles-actividades-es\/tour-privado-hollywood-beverly-hills-santa-monica-y-venice\/#primaryimage\"},\"thumbnailUrl\":\"https:\/\/tourtravelandmore.com\/wp-content\/uploads\/2020\/09\/Los-Angeles-2-scaled.jpg\",\"datePublished\":\"2020-09-07T10:48:27+00:00\",\"dateModified\":\"2022-01-18T18:22:29+00:00\",\"description\":\"Reserve ya este tour privado de Hollywood y conoce las zonas m\u00e1s importantes con guia oficial. Hollywood, Beverly Hills, Santa Monica y Venice\",\"breadcrumb\":{\"@id\":\"https:\/\/tourtravelandmore.com\/es\/tours\/eeuu-es\/los-angeles-es\/los-angeles-actividades-es\/tour-privado-hollywood-beverly-hills-santa-monica-y-venice\/#breadcrumb\"},\"inLanguage\":\"es\",\"potentialAction\":[{\"@type\":\"ReadAction\",\"target\":[\"https:\/\/tourtravelandmore.com\/es\/tours\/eeuu-es\/los-angeles-es\/los-angeles-actividades-es\/tour-privado-hollywood-beverly-hills-santa-monica-y-venice\/\"]}]},{\"@type\":\"ImageObject\",\"inLanguage\":\"es\",\"@id\":\"https:\/\/tourtravelandmore.com\/es\/tours\/eeuu-es\/los-angeles-es\/los-angeles-actividades-es\/tour-privado-hollywood-beverly-hills-santa-monica-y-venice\/#primaryimage\",\"url\":\"https:\/\/tourtravelandmore.com\/wp-content\/uploads\/2020\/09\/Los-Angeles-2-scaled.jpg\",\"contentUrl\":\"https:\/\/tourtravelandmore.com\/wp-content\/uploads\/2020\/09\/Los-Angeles-2-scaled.jpg\",\"width\":1706,\"height\":2560},{\"@type\":\"BreadcrumbList\",\"@id\":\"https:\/\/tourtravelandmore.com\/es\/tours\/eeuu-es\/los-angeles-es\/los-angeles-actividades-es\/tour-privado-hollywood-beverly-hills-santa-monica-y-venice\/#breadcrumb\",\"itemListElement\":[{\"@type\":\"ListItem\",\"position\":1,\"name\":\"Home\",\"item\":\"https:\/\/tourtravelandmore.com\/es\/\"},{\"@type\":\"ListItem\",\"position\":2,\"name\":\"Tours\",\"item\":\"https:\/\/tourtravelandmore.com\/es\/tours\/\"},{\"@type\":\"ListItem\",\"position\":3,\"name\":\"Tour privado Hollywood, Beverly Hills, Santa Monica y Venice\"}]},{\"@type\":\"WebSite\",\"@id\":\"https:\/\/tourtravelandmore.com\/es\/#website\",\"url\":\"https:\/\/tourtravelandmore.com\/es\/\",\"name\":\"Tour Travel And More\",\"description\":\"Private sightseeing tours and luxury transfers in Spain\",\"publisher\":{\"@id\":\"https:\/\/tourtravelandmore.com\/es\/#organization\"},\"potentialAction\":[{\"@type\":\"SearchAction\",\"target\":{\"@type\":\"EntryPoint\",\"urlTemplate\":\"https:\/\/tourtravelandmore.com\/es\/?s={search_term_string}\"},\"query-input\":{\"@type\":\"PropertyValueSpecification\",\"valueRequired\":true,\"valueName\":\"search_term_string\"}}],\"inLanguage\":\"es\"},{\"@type\":\"Organization\",\"@id\":\"https:\/\/tourtravelandmore.com\/es\/#organization\",\"name\":\"Tour Travel And More\",\"url\":\"https:\/\/tourtravelandmore.com\/es\/\",\"logo\":{\"@type\":\"ImageObject\",\"inLanguage\":\"es\",\"@id\":\"https:\/\/tourtravelandmore.com\/es\/#\/schema\/logo\/image\/\",\"url\":\"https:\/\/tourtravelandmore.com\/wp-content\/uploads\/2022\/12\/cropped-logo-cabecera-new.png\",\"contentUrl\":\"https:\/\/tourtravelandmore.com\/wp-content\/uploads\/2022\/12\/cropped-logo-cabecera-new.png\",\"width\":430,\"height\":61,\"caption\":\"Tour Travel And More\"},\"image\":{\"@id\":\"https:\/\/tourtravelandmore.com\/es\/#\/schema\/logo\/image\/\"},\"sameAs\":[\"https:\/\/www.facebook.com\/tourtravelandmore\/\",\"https:\/\/x.com\/TourTravel_More\"]}]}<\/script>\n<!-- \/ Yoast SEO Premium plugin. -->","yoast_head_json":{"title":"Tour privado Hollywood, Beverly Hills, Santa Monica y Venice | TourTravel","description":"Reserve ya este tour privado de Hollywood y conoce las zonas m\u00e1s importantes con guia oficial. Hollywood, Beverly Hills, Santa Monica y Venice","robots":{"index":"index","follow":"follow","max-snippet":"max-snippet:-1","max-image-preview":"max-image-preview:large","max-video-preview":"max-video-preview:-1"},"canonical":"https:\/\/tourtravelandmore.com\/es\/tours\/eeuu-es\/los-angeles-es\/los-angeles-actividades-es\/tour-privado-hollywood-beverly-hills-santa-monica-y-venice\/","og_locale":"es_ES","og_type":"article","og_title":"Tour privado Hollywood, Beverly Hills, Santa Monica y Venice","og_description":"Reserve ya este tour privado de Hollywood y conoce las zonas m\u00e1s importantes con guia oficial. Hollywood, Beverly Hills, Santa Monica y Venice","og_url":"https:\/\/tourtravelandmore.com\/es\/tours\/eeuu-es\/los-angeles-es\/los-angeles-actividades-es\/tour-privado-hollywood-beverly-hills-santa-monica-y-venice\/","og_site_name":"Tour Travel And More","article_publisher":"https:\/\/www.facebook.com\/tourtravelandmore\/","article_modified_time":"2022-01-18T18:22:29+00:00","og_image":[{"width":1706,"height":2560,"url":"https:\/\/tourtravelandmore.com\/wp-content\/uploads\/2020\/09\/Los-Angeles-2-scaled.jpg","type":"image\/jpeg"}],"twitter_card":"summary_large_image","twitter_site":"@TourTravel_More","twitter_misc":{"Tiempo de lectura":"2 minutos"},"schema":{"@context":"https:\/\/schema.org","@graph":[{"@type":"WebPage","@id":"https:\/\/tourtravelandmore.com\/es\/tours\/eeuu-es\/los-angeles-es\/los-angeles-actividades-es\/tour-privado-hollywood-beverly-hills-santa-monica-y-venice\/","url":"https:\/\/tourtravelandmore.com\/es\/tours\/eeuu-es\/los-angeles-es\/los-angeles-actividades-es\/tour-privado-hollywood-beverly-hills-santa-monica-y-venice\/","name":"Tour privado Hollywood, Beverly Hills, Santa Monica y Venice | TourTravel","isPartOf":{"@id":"https:\/\/tourtravelandmore.com\/es\/#website"},"primaryImageOfPage":{"@id":"https:\/\/tourtravelandmore.com\/es\/tours\/eeuu-es\/los-angeles-es\/los-angeles-actividades-es\/tour-privado-hollywood-beverly-hills-santa-monica-y-venice\/#primaryimage"},"image":{"@id":"https:\/\/tourtravelandmore.com\/es\/tours\/eeuu-es\/los-angeles-es\/los-angeles-actividades-es\/tour-privado-hollywood-beverly-hills-santa-monica-y-venice\/#primaryimage"},"thumbnailUrl":"https:\/\/tourtravelandmore.com\/wp-content\/uploads\/2020\/09\/Los-Angeles-2-scaled.jpg","datePublished":"2020-09-07T10:48:27+00:00","dateModified":"2022-01-18T18:22:29+00:00","description":"Reserve ya este tour privado de Hollywood y conoce las zonas m\u00e1s importantes con guia oficial. Hollywood, Beverly Hills, Santa Monica y Venice","breadcrumb":{"@id":"https:\/\/tourtravelandmore.com\/es\/tours\/eeuu-es\/los-angeles-es\/los-angeles-actividades-es\/tour-privado-hollywood-beverly-hills-santa-monica-y-venice\/#breadcrumb"},"inLanguage":"es","potentialAction":[{"@type":"ReadAction","target":["https:\/\/tourtravelandmore.com\/es\/tours\/eeuu-es\/los-angeles-es\/los-angeles-actividades-es\/tour-privado-hollywood-beverly-hills-santa-monica-y-venice\/"]}]},{"@type":"ImageObject","inLanguage":"es","@id":"https:\/\/tourtravelandmore.com\/es\/tours\/eeuu-es\/los-angeles-es\/los-angeles-actividades-es\/tour-privado-hollywood-beverly-hills-santa-monica-y-venice\/#primaryimage","url":"https:\/\/tourtravelandmore.com\/wp-content\/uploads\/2020\/09\/Los-Angeles-2-scaled.jpg","contentUrl":"https:\/\/tourtravelandmore.com\/wp-content\/uploads\/2020\/09\/Los-Angeles-2-scaled.jpg","width":1706,"height":2560},{"@type":"BreadcrumbList","@id":"https:\/\/tourtravelandmore.com\/es\/tours\/eeuu-es\/los-angeles-es\/los-angeles-actividades-es\/tour-privado-hollywood-beverly-hills-santa-monica-y-venice\/#breadcrumb","itemListElement":[{"@type":"ListItem","position":1,"name":"Home","item":"https:\/\/tourtravelandmore.com\/es\/"},{"@type":"ListItem","position":2,"name":"Tours","item":"https:\/\/tourtravelandmore.com\/es\/tours\/"},{"@type":"ListItem","position":3,"name":"Tour privado Hollywood, Beverly Hills, Santa Monica y Venice"}]},{"@type":"WebSite","@id":"https:\/\/tourtravelandmore.com\/es\/#website","url":"https:\/\/tourtravelandmore.com\/es\/","name":"Tour Travel And More","description":"Private sightseeing tours and luxury transfers in Spain","publisher":{"@id":"https:\/\/tourtravelandmore.com\/es\/#organization"},"potentialAction":[{"@type":"SearchAction","target":{"@type":"EntryPoint","urlTemplate":"https:\/\/tourtravelandmore.com\/es\/?s={search_term_string}"},"query-input":{"@type":"PropertyValueSpecification","valueRequired":true,"valueName":"search_term_string"}}],"inLanguage":"es"},{"@type":"Organization","@id":"https:\/\/tourtravelandmore.com\/es\/#organization","name":"Tour Travel And More","url":"https:\/\/tourtravelandmore.com\/es\/","logo":{"@type":"ImageObject","inLanguage":"es","@id":"https:\/\/tourtravelandmore.com\/es\/#\/schema\/logo\/image\/","url":"https:\/\/tourtravelandmore.com\/wp-content\/uploads\/2022\/12\/cropped-logo-cabecera-new.png","contentUrl":"https:\/\/tourtravelandmore.com\/wp-content\/uploads\/2022\/12\/cropped-logo-cabecera-new.png","width":430,"height":61,"caption":"Tour Travel And More"},"image":{"@id":"https:\/\/tourtravelandmore.com\/es\/#\/schema\/logo\/image\/"},"sameAs":["https:\/\/www.facebook.com\/tourtravelandmore\/","https:\/\/x.com\/TourTravel_More"]}]}},"_links":{"self":[{"href":"https:\/\/tourtravelandmore.com\/es\/wp-json\/wp\/v2\/product\/83166","targetHints":{"allow":["GET"]}}],"collection":[{"href":"https:\/\/tourtravelandmore.com\/es\/wp-json\/wp\/v2\/product"}],"about":[{"href":"https:\/\/tourtravelandmore.com\/es\/wp-json\/wp\/v2\/types\/product"}],"replies":[{"embeddable":true,"href":"https:\/\/tourtravelandmore.com\/es\/wp-json\/wp\/v2\/comments?post=83166"}],"wp:featuredmedia":[{"embeddable":true,"href":"https:\/\/tourtravelandmore.com\/es\/wp-json\/wp\/v2\/media\/83146"}],"wp:attachment":[{"href":"https:\/\/tourtravelandmore.com\/es\/wp-json\/wp\/v2\/media?parent=83166"}],"wp:term":[{"taxonomy":"product_brand","embeddable":true,"href":"https:\/\/tourtravelandmore.com\/es\/wp-json\/wp\/v2\/product_brand?post=83166"},{"taxonomy":"product_cat","embeddable":true,"href":"https:\/\/tourtravelandmore.com\/es\/wp-json\/wp\/v2\/product_cat?post=83166"},{"taxonomy":"product_tag","embeddable":true,"href":"https:\/\/tourtravelandmore.com\/es\/wp-json\/wp\/v2\/product_tag?post=83166"}],"curies":[{"name":"wp","href":"https:\/\/api.w.org\/{rel}","templated":true}]}}