{"id":8303,"date":"2016-10-21T13:00:53","date_gmt":"2016-10-24T14:38:40","guid":{"rendered":"http:\/\/tourtravelandmore.com\/es\/?post_type=product&#038;p=8303"},"modified":"2022-11-26T00:40:53","modified_gmt":"2022-11-25T23:40:53","slug":"tour-privado-gaudi-barcelona","status":"publish","type":"product","link":"https:\/\/tourtravelandmore.com\/es\/tours\/espana-es\/barcelona-es\/tour-privado-gaudi-barcelona\/","title":{"rendered":"Tour de Gaudi Barcelona &#8211; Tour Privado"},"content":{"rendered":"<h2><strong>Descripci\u00f3n del Tour de Gaudi Barcelona &#8211; Tour Privado<\/strong><\/h2>\n<p>Disfruta de este Tour privado de Gaudi en Barcelona junto a nuestro gu\u00eda privado oficial y nuestro Veh\u00edculo privado con conductor. A la hora seleccionado nuestro equipo estar\u00e1 esperando para comenzar y conocer los principales monumentos de la Obra de Gaud\u00ed: La Sagrada Familia, Park Guell, Casa Batll\u00f3 y La Pedrera.<\/p>\n<p>Pueden escoger la hora de salida del tour y vuestro lugar de recogida dentro de la ciudad de Barcelona. Este tour es completamente personalizable.<\/p>\n<p>Las entradas nuestro Equipo siempre las compra por adelantando para asegurarnos la disponibilidad y evitar colas, ya que al ir con gu\u00eda oficial siempre tenemos acceso preferente en los monumentos.<\/p>\n<p>A lo largo del tour de Gaudi de Barcelona conoceremos la Historia de Barcelona y a su vez la historia de Antonio Gaudi, Arquitecto espa\u00f1ol y m\u00e1ximo representante del modernismo catal\u00e1n.<\/p>\n<p>El orden del Tour depende del Horario de las entradas. Normalmente, empezamos siempre por la Sagrada Familia y Park Guell que son los monumentos que est\u00e1n m\u00e1s lejos del centro y luego nos dirigiremos a la zona de Paseo de Gracia para conocer la Casa Batllo y la Pedrera.<\/p>\n<p>La duraci\u00f3n del Tour son 4 horas e incluimos las entradas a la Sagrada Familia y Park guell, los otros dos monumentos los visitaremos desde fuera. Por tiempo no es posible entrar a los cuatro monumentos, pero si se quiere, hacer todo en un d\u00eda, si es posible, nos lo pode\u00eds especificar en el formulario de contacto de la web y os lo cotizaremos.<\/p>\n<h2><strong>Puntos de inter\u00e9s en el Tour de Gaudi Barcelona &#8211; Tour Privado<\/strong><\/h2>\n<p>A lo largo del tour de Gaudi de Barcelona va\u00eds a conocer la historia de Antonio Gaudi y su principal obra, adem\u00e1s de ir descubirnedo la ciudad junto a vuestro gu\u00eda a medida nos vayas desplazando de un lugar a otro.<\/p>\n<ul>\n<li><strong>Sagrada Familia<\/strong> (entradas incluidas): Es una bas\u00edlica cat\u00f3lica de Barcelona, iniciada en 1882 y a\u00fan en contrucci\u00f3n.Trabajo en este proyecto la mayor parte de su carrera profesional pero no puedo acabar. Pertenece al movimiento llamado modernismo, movimiento que recibi\u00f3 el nombre de Art Nouveau en Francia, Liberty en Italia, Jugendstil en Alemania y Sezessionstil en Austria.<\/li>\n<li><strong>Paseo de Gracia:<\/strong> Es una de las Avenidas Principales de Barcelona y una de las m\u00e1s famosas y importantes de la ciudad, adem\u00e1s de estar situados en ellas dos de los principales monumentos de la ciudad, la Casa Batllo y Pedrera, en ella est\u00e1n las tiendas de moda m\u00e1s importantes de la ciudad .<\/li>\n<li><strong>Park Guell<\/strong> (entradas incluidas): Es un parque m\u00e1gico creado y dise\u00f1ado con Antonio Gaudi, repleto de Historia y arte, gracias a esto se ha convertido en uno de los principales monumentos de la ciudad.<\/li>\n<li><strong>Casa Batllo: <\/strong>Como todas las obras de Gaudi se ha convertido en un lugar m\u00e1gico y una pieza clave de la arquitectura modernista.<\/li>\n<li><strong>La Pedrera: <\/strong>Tambi\u00e9n es conocida como la Casa Mil\u00e1,\u00a0 refleja la plenitud art\u00edstica de Gaud\u00ed en un momento en el que trabajaba en diferentes proyectos.<\/li>\n<li>\u00a1Mucho m\u00e1s!<\/li>\n<\/ul>\n<p>A trav\u00e9s del formulario de contacto del Tour pode\u00eds contactar con nuestro equipo y os llegar\u00e1 a vuestro email un correo con el detalle y precios.\u00a0 No dude\u00eds en contactar con nuestro equipo.<\/p>\n<p>Si quieres ver los Tours m\u00e1s relevantes de la ciudad, pod\u00e9is ir a nuestra <a href=\"https:\/\/tourtravelandmore.com\/es\/ciudad\/espana-es\/barcelona-es\/barcelona-top-ventas-es\/\"><strong><em>secci\u00f3n de Tours m\u00e1s vendidos.<\/em><\/strong><\/a><\/p>\n","protected":false},"excerpt":{"rendered":"<p>Disfrute de este <strong>tour privado por Barcelona completamente personalizado<\/strong> y disfrute de los monumentos y obras m\u00e1s importantes de <strong>Gaud\u00ed<\/strong>. Aproveche para conocer Barcelona en esta experiencia con tu propio gu\u00eda tur\u00edstico oficial y veh\u00edculo privado con ch\u00f3fer. Personalice su propia experiencia. \u00a1No te pierdas monumentos y lugares de inter\u00e9s como el <strong>Paseo de Gracia<\/strong>, el <strong>Park G\u00fcell<\/strong>, la <strong>Sagrada Familia de Gaud\u00ed<\/strong> y mucho m\u00e1s!<\/p>\n","protected":false},"featured_media":8149,"comment_status":"open","ping_status":"closed","template":"","meta":{"_acf_changed":false},"product_brand":[],"product_cat":[69,283,266,270,547],"product_tag":[],"class_list":{"0":"post-8303","1":"product","2":"type-product","3":"status-publish","4":"has-post-thumbnail","6":"product_cat-barcelona-es","7":"product_cat-barcelona-top-ventas-es","8":"product_cat-barcelona-actividades-es","9":"product_cat-barcelona-rutas-turisticas-privadas-es","10":"product_cat-barcelona-excursiones-privadas-cruceros-es","12":"first","13":"instock","14":"shipping-taxable","15":"purchasable","16":"product-type-simple"},"acf":[],"yoast_head":"<!-- This site is optimized with the Yoast SEO Premium plugin v25.3.1 (Yoast SEO v25.3.1) - https:\/\/yoast.com\/wordpress\/plugins\/seo\/ -->\n<title>\u27a1\ufe0f Tour de Gaudi en Barcelona | Tour Travel &amp; More<\/title>\n<meta name=\"description\" content=\"Descrubre los principales monumentos de Antonio Gaudi: La Sagrada Familia, Park Guell, Casa Batllo y La Pedrara a trav\u00e9s de este tour de Gaudi en Barcelona \u2705\" \/>\n<meta name=\"robots\" content=\"index, follow, max-snippet:-1, max-image-preview:large, max-video-preview:-1\" \/>\n<link rel=\"canonical\" href=\"https:\/\/tourtravelandmore.com\/es\/tours\/espana-es\/barcelona-es\/tour-privado-gaudi-barcelona\/\" \/>\n<meta property=\"og:locale\" content=\"es_ES\" \/>\n<meta property=\"og:type\" content=\"article\" \/>\n<meta property=\"og:title\" content=\"Tour de Gaudi Barcelona - Tour Privado\" \/>\n<meta property=\"og:description\" content=\"Descrubre los principales monumentos de Antonio Gaudi: La Sagrada Familia, Park Guell, Casa Batllo y La Pedrara a trav\u00e9s de este tour de Gaudi en Barcelona \u2705\" \/>\n<meta property=\"og:url\" content=\"https:\/\/tourtravelandmore.com\/es\/tours\/espana-es\/barcelona-es\/tour-privado-gaudi-barcelona\/\" \/>\n<meta property=\"og:site_name\" content=\"Tour Travel And More\" \/>\n<meta property=\"article:publisher\" content=\"https:\/\/www.facebook.com\/tourtravelandmore\/\" \/>\n<meta property=\"article:modified_time\" content=\"2022-11-25T23:40:53+00:00\" \/>\n<meta property=\"og:image\" content=\"https:\/\/tourtravelandmore.com\/wp-content\/uploads\/2016\/10\/barcelona-complete-experiencie-tour.jpg\" \/>\n\t<meta property=\"og:image:width\" content=\"1280\" \/>\n\t<meta property=\"og:image:height\" content=\"851\" \/>\n\t<meta property=\"og:image:type\" content=\"image\/jpeg\" \/>\n<meta name=\"twitter:card\" content=\"summary_large_image\" \/>\n<meta name=\"twitter:site\" content=\"@TourTravel_More\" \/>\n<meta name=\"twitter:label1\" content=\"Tiempo de lectura\" \/>\n\t<meta name=\"twitter:data1\" content=\"3 minutos\" \/>\n<script type=\"application\/ld+json\" class=\"yoast-schema-graph\">{\"@context\":\"https:\/\/schema.org\",\"@graph\":[{\"@type\":\"WebPage\",\"@id\":\"https:\/\/tourtravelandmore.com\/es\/tours\/espana-es\/barcelona-es\/tour-privado-gaudi-barcelona\/\",\"url\":\"https:\/\/tourtravelandmore.com\/es\/tours\/espana-es\/barcelona-es\/tour-privado-gaudi-barcelona\/\",\"name\":\"\u27a1\ufe0f Tour de Gaudi en Barcelona | Tour Travel & More\",\"isPartOf\":{\"@id\":\"https:\/\/tourtravelandmore.com\/es\/#website\"},\"primaryImageOfPage\":{\"@id\":\"https:\/\/tourtravelandmore.com\/es\/tours\/espana-es\/barcelona-es\/tour-privado-gaudi-barcelona\/#primaryimage\"},\"image\":{\"@id\":\"https:\/\/tourtravelandmore.com\/es\/tours\/espana-es\/barcelona-es\/tour-privado-gaudi-barcelona\/#primaryimage\"},\"thumbnailUrl\":\"https:\/\/tourtravelandmore.com\/wp-content\/uploads\/2016\/10\/barcelona-complete-experiencie-tour.jpg\",\"datePublished\":\"2016-10-24T14:38:40+00:00\",\"dateModified\":\"2022-11-25T23:40:53+00:00\",\"description\":\"Descrubre los principales monumentos de Antonio Gaudi: La Sagrada Familia, Park Guell, Casa Batllo y La Pedrara a trav\u00e9s de este tour de Gaudi en Barcelona \u2705\",\"breadcrumb\":{\"@id\":\"https:\/\/tourtravelandmore.com\/es\/tours\/espana-es\/barcelona-es\/tour-privado-gaudi-barcelona\/#breadcrumb\"},\"inLanguage\":\"es\",\"potentialAction\":[{\"@type\":\"ReadAction\",\"target\":[\"https:\/\/tourtravelandmore.com\/es\/tours\/espana-es\/barcelona-es\/tour-privado-gaudi-barcelona\/\"]}]},{\"@type\":\"ImageObject\",\"inLanguage\":\"es\",\"@id\":\"https:\/\/tourtravelandmore.com\/es\/tours\/espana-es\/barcelona-es\/tour-privado-gaudi-barcelona\/#primaryimage\",\"url\":\"https:\/\/tourtravelandmore.com\/wp-content\/uploads\/2016\/10\/barcelona-complete-experiencie-tour.jpg\",\"contentUrl\":\"https:\/\/tourtravelandmore.com\/wp-content\/uploads\/2016\/10\/barcelona-complete-experiencie-tour.jpg\",\"width\":1280,\"height\":851},{\"@type\":\"BreadcrumbList\",\"@id\":\"https:\/\/tourtravelandmore.com\/es\/tours\/espana-es\/barcelona-es\/tour-privado-gaudi-barcelona\/#breadcrumb\",\"itemListElement\":[{\"@type\":\"ListItem\",\"position\":1,\"name\":\"Home\",\"item\":\"https:\/\/tourtravelandmore.com\/es\/\"},{\"@type\":\"ListItem\",\"position\":2,\"name\":\"Tours\",\"item\":\"https:\/\/tourtravelandmore.com\/es\/tours\/\"},{\"@type\":\"ListItem\",\"position\":3,\"name\":\"Tour de Gaudi Barcelona &#8211; Tour Privado\"}]},{\"@type\":\"WebSite\",\"@id\":\"https:\/\/tourtravelandmore.com\/es\/#website\",\"url\":\"https:\/\/tourtravelandmore.com\/es\/\",\"name\":\"Tour Travel And More\",\"description\":\"Private sightseeing tours and luxury transfers in Spain\",\"publisher\":{\"@id\":\"https:\/\/tourtravelandmore.com\/es\/#organization\"},\"potentialAction\":[{\"@type\":\"SearchAction\",\"target\":{\"@type\":\"EntryPoint\",\"urlTemplate\":\"https:\/\/tourtravelandmore.com\/es\/?s={search_term_string}\"},\"query-input\":{\"@type\":\"PropertyValueSpecification\",\"valueRequired\":true,\"valueName\":\"search_term_string\"}}],\"inLanguage\":\"es\"},{\"@type\":\"Organization\",\"@id\":\"https:\/\/tourtravelandmore.com\/es\/#organization\",\"name\":\"Tour Travel And More\",\"url\":\"https:\/\/tourtravelandmore.com\/es\/\",\"logo\":{\"@type\":\"ImageObject\",\"inLanguage\":\"es\",\"@id\":\"https:\/\/tourtravelandmore.com\/es\/#\/schema\/logo\/image\/\",\"url\":\"https:\/\/tourtravelandmore.com\/wp-content\/uploads\/2022\/12\/cropped-logo-cabecera-new.png\",\"contentUrl\":\"https:\/\/tourtravelandmore.com\/wp-content\/uploads\/2022\/12\/cropped-logo-cabecera-new.png\",\"width\":430,\"height\":61,\"caption\":\"Tour Travel And More\"},\"image\":{\"@id\":\"https:\/\/tourtravelandmore.com\/es\/#\/schema\/logo\/image\/\"},\"sameAs\":[\"https:\/\/www.facebook.com\/tourtravelandmore\/\",\"https:\/\/x.com\/TourTravel_More\"]}]}<\/script>\n<!-- \/ Yoast SEO Premium plugin. -->","yoast_head_json":{"title":"\u27a1\ufe0f Tour de Gaudi en Barcelona | Tour Travel & More","description":"Descrubre los principales monumentos de Antonio Gaudi: La Sagrada Familia, Park Guell, Casa Batllo y La Pedrara a trav\u00e9s de este tour de Gaudi en Barcelona \u2705","robots":{"index":"index","follow":"follow","max-snippet":"max-snippet:-1","max-image-preview":"max-image-preview:large","max-video-preview":"max-video-preview:-1"},"canonical":"https:\/\/tourtravelandmore.com\/es\/tours\/espana-es\/barcelona-es\/tour-privado-gaudi-barcelona\/","og_locale":"es_ES","og_type":"article","og_title":"Tour de Gaudi Barcelona - Tour Privado","og_description":"Descrubre los principales monumentos de Antonio Gaudi: La Sagrada Familia, Park Guell, Casa Batllo y La Pedrara a trav\u00e9s de este tour de Gaudi en Barcelona \u2705","og_url":"https:\/\/tourtravelandmore.com\/es\/tours\/espana-es\/barcelona-es\/tour-privado-gaudi-barcelona\/","og_site_name":"Tour Travel And More","article_publisher":"https:\/\/www.facebook.com\/tourtravelandmore\/","article_modified_time":"2022-11-25T23:40:53+00:00","og_image":[{"width":1280,"height":851,"url":"https:\/\/tourtravelandmore.com\/wp-content\/uploads\/2016\/10\/barcelona-complete-experiencie-tour.jpg","type":"image\/jpeg"}],"twitter_card":"summary_large_image","twitter_site":"@TourTravel_More","twitter_misc":{"Tiempo de lectura":"3 minutos"},"schema":{"@context":"https:\/\/schema.org","@graph":[{"@type":"WebPage","@id":"https:\/\/tourtravelandmore.com\/es\/tours\/espana-es\/barcelona-es\/tour-privado-gaudi-barcelona\/","url":"https:\/\/tourtravelandmore.com\/es\/tours\/espana-es\/barcelona-es\/tour-privado-gaudi-barcelona\/","name":"\u27a1\ufe0f Tour de Gaudi en Barcelona | Tour Travel & More","isPartOf":{"@id":"https:\/\/tourtravelandmore.com\/es\/#website"},"primaryImageOfPage":{"@id":"https:\/\/tourtravelandmore.com\/es\/tours\/espana-es\/barcelona-es\/tour-privado-gaudi-barcelona\/#primaryimage"},"image":{"@id":"https:\/\/tourtravelandmore.com\/es\/tours\/espana-es\/barcelona-es\/tour-privado-gaudi-barcelona\/#primaryimage"},"thumbnailUrl":"https:\/\/tourtravelandmore.com\/wp-content\/uploads\/2016\/10\/barcelona-complete-experiencie-tour.jpg","datePublished":"2016-10-24T14:38:40+00:00","dateModified":"2022-11-25T23:40:53+00:00","description":"Descrubre los principales monumentos de Antonio Gaudi: La Sagrada Familia, Park Guell, Casa Batllo y La Pedrara a trav\u00e9s de este tour de Gaudi en Barcelona \u2705","breadcrumb":{"@id":"https:\/\/tourtravelandmore.com\/es\/tours\/espana-es\/barcelona-es\/tour-privado-gaudi-barcelona\/#breadcrumb"},"inLanguage":"es","potentialAction":[{"@type":"ReadAction","target":["https:\/\/tourtravelandmore.com\/es\/tours\/espana-es\/barcelona-es\/tour-privado-gaudi-barcelona\/"]}]},{"@type":"ImageObject","inLanguage":"es","@id":"https:\/\/tourtravelandmore.com\/es\/tours\/espana-es\/barcelona-es\/tour-privado-gaudi-barcelona\/#primaryimage","url":"https:\/\/tourtravelandmore.com\/wp-content\/uploads\/2016\/10\/barcelona-complete-experiencie-tour.jpg","contentUrl":"https:\/\/tourtravelandmore.com\/wp-content\/uploads\/2016\/10\/barcelona-complete-experiencie-tour.jpg","width":1280,"height":851},{"@type":"BreadcrumbList","@id":"https:\/\/tourtravelandmore.com\/es\/tours\/espana-es\/barcelona-es\/tour-privado-gaudi-barcelona\/#breadcrumb","itemListElement":[{"@type":"ListItem","position":1,"name":"Home","item":"https:\/\/tourtravelandmore.com\/es\/"},{"@type":"ListItem","position":2,"name":"Tours","item":"https:\/\/tourtravelandmore.com\/es\/tours\/"},{"@type":"ListItem","position":3,"name":"Tour de Gaudi Barcelona &#8211; Tour Privado"}]},{"@type":"WebSite","@id":"https:\/\/tourtravelandmore.com\/es\/#website","url":"https:\/\/tourtravelandmore.com\/es\/","name":"Tour Travel And More","description":"Private sightseeing tours and luxury transfers in Spain","publisher":{"@id":"https:\/\/tourtravelandmore.com\/es\/#organization"},"potentialAction":[{"@type":"SearchAction","target":{"@type":"EntryPoint","urlTemplate":"https:\/\/tourtravelandmore.com\/es\/?s={search_term_string}"},"query-input":{"@type":"PropertyValueSpecification","valueRequired":true,"valueName":"search_term_string"}}],"inLanguage":"es"},{"@type":"Organization","@id":"https:\/\/tourtravelandmore.com\/es\/#organization","name":"Tour Travel And More","url":"https:\/\/tourtravelandmore.com\/es\/","logo":{"@type":"ImageObject","inLanguage":"es","@id":"https:\/\/tourtravelandmore.com\/es\/#\/schema\/logo\/image\/","url":"https:\/\/tourtravelandmore.com\/wp-content\/uploads\/2022\/12\/cropped-logo-cabecera-new.png","contentUrl":"https:\/\/tourtravelandmore.com\/wp-content\/uploads\/2022\/12\/cropped-logo-cabecera-new.png","width":430,"height":61,"caption":"Tour Travel And More"},"image":{"@id":"https:\/\/tourtravelandmore.com\/es\/#\/schema\/logo\/image\/"},"sameAs":["https:\/\/www.facebook.com\/tourtravelandmore\/","https:\/\/x.com\/TourTravel_More"]}]}},"_links":{"self":[{"href":"https:\/\/tourtravelandmore.com\/es\/wp-json\/wp\/v2\/product\/8303","targetHints":{"allow":["GET"]}}],"collection":[{"href":"https:\/\/tourtravelandmore.com\/es\/wp-json\/wp\/v2\/product"}],"about":[{"href":"https:\/\/tourtravelandmore.com\/es\/wp-json\/wp\/v2\/types\/product"}],"replies":[{"embeddable":true,"href":"https:\/\/tourtravelandmore.com\/es\/wp-json\/wp\/v2\/comments?post=8303"}],"wp:featuredmedia":[{"embeddable":true,"href":"https:\/\/tourtravelandmore.com\/es\/wp-json\/wp\/v2\/media\/8149"}],"wp:attachment":[{"href":"https:\/\/tourtravelandmore.com\/es\/wp-json\/wp\/v2\/media?parent=8303"}],"wp:term":[{"taxonomy":"product_brand","embeddable":true,"href":"https:\/\/tourtravelandmore.com\/es\/wp-json\/wp\/v2\/product_brand?post=8303"},{"taxonomy":"product_cat","embeddable":true,"href":"https:\/\/tourtravelandmore.com\/es\/wp-json\/wp\/v2\/product_cat?post=8303"},{"taxonomy":"product_tag","embeddable":true,"href":"https:\/\/tourtravelandmore.com\/es\/wp-json\/wp\/v2\/product_tag?post=8303"}],"curies":[{"name":"wp","href":"https:\/\/api.w.org\/{rel}","templated":true}]}}