{"id":8297,"date":"2016-10-20T11:26:00","date_gmt":"2016-10-24T14:33:44","guid":{"rendered":"http:\/\/tourtravelandmore.com\/es\/?post_type=product&#038;p=8297"},"modified":"2022-11-26T01:08:51","modified_gmt":"2022-11-26T00:08:51","slug":"disposiciones-privadas-barcelona","status":"publish","type":"product","link":"https:\/\/tourtravelandmore.com\/es\/tours\/espana-es\/barcelona-es\/disposiciones-privadas-barcelona\/","title":{"rendered":"Disposiciones Privadas en Barcelona"},"content":{"rendered":"<h2>Descripci\u00f3n de las Disposiciones Privadas en Barcelona<\/h2>\n<p>Chofer Barcelona, es la mejor forma de moverse por la ciudad. Disponemos de una gran flota de vehiculos de lujo en Barcelona, compuesta por Mercedes E, Mercedes Viano, Mercedes Sprinter y Mini Bus. Siempre con choferes uniformados y con la posibilidad de contartarlo con idioma, Castellano o Ingl\u00e9s.<\/p>\n<p>Te ofrecemos <strong>disposiciones privadas<\/strong> <strong>para eventos, cenas, reuniones de trabajo, Bodas y Familia.<\/strong> Nuestra chofer en Barcelona est\u00e1 formado y uniformado. Cada servicio es personalizado para sus propias y cada una de sus necesidades. Escribenos en el formulario de contacto y haznos la solicitud seg\u00fan sus necesidades y le pasaremos una propuesta detallada.<\/p>\n<p>Podemos ofrecer <strong>todo tipo de disposiciones<\/strong>, desde pasar un d\u00eda en la playa en las afueras de la ciudad, hasta hacer un sube y baja para esquiar o cualquier tipo de disposici\u00f3n de cena o simplemente por la ciudad de Barcelona. Podemos hacer casi cualquier cosa que desee. \u00a1Solo tiene que ped\u00edrnoslo!<\/p>\n<p>El M\u00ednimo de la disposici\u00f3n son 4 horas, si no desea realizar una disposici\u00f3n puede consultar nuestro transfer<a href=\"https:\/\/tourtravelandmore.com\/es\/tours\/espana-es\/barcelona-es\/transfer-privado-aeropuerto-barcelona\/\">\u00a0privados con chofer.<\/a><\/p>\n<h2><strong>Puntos de inter\u00e9s:<\/strong><\/h2>\n<p>Nuestros conductores est\u00e1n formados y disponemos de todas las licencias en regla. Realizamos los siguientes servicios con veh\u00edculo con conductor o chofer:<\/p>\n<ul>\n<li><strong>Disposiciones para Tours<\/strong><\/li>\n<li><strong>Disposiciones para Bodas<\/strong><\/li>\n<li><strong>Disposiciones para Eventos <\/strong><\/li>\n<li><strong>Disposiciones para Ferias<\/strong><\/li>\n<li><strong>Disposiciones para ir a Cenar<\/strong><\/li>\n<li><strong>Disposiciones para reuniones de trabajo<\/strong><\/li>\n<\/ul>\n<p>No dude en contactar con nosotros para explicarnos su necesidad y nosotros le pasaremos una propuesta adaptada.<\/p>\n<p>Nuestras disposiciones siempre son <strong>en veh\u00edculo privado de lujo. <\/strong><\/p>\n<p>Pod\u00e9is escoger la hora de contrataci\u00f3n que mejor se adapte a vuestras necesidades, ya sea de d\u00eda o de noche. Nuestro Equipo de soporte siempre est\u00e1 en contacto con el conductor, en caso de un Evento siempre nuestra personal est\u00e1 atento a las llamadas, nuestro servicio tiene como objetivo conseguir un grado de satisfacci\u00f3n muy alto.<\/p>\n","protected":false},"excerpt":{"rendered":"<p>Aproveche esta oportunidad para disfrutar de una disposici\u00f3n dentro de la ciudad de <strong>Barcelona<\/strong> y disfrutelo de la manera m\u00e1s comoda y r\u00e1pida posible.<br \/>\nOrganizamos recogidas desde su hotel, aeropuerto, estaci\u00f3n de tren o cualquier lugar de Barcelona.<\/p>\n<h4>Destacado<\/h4>\n<ul>\n<li>[icon name=\"car\" class=\"\" unprefixed_class=\"\"] Vehiculo privado de lujo con chofer<\/li>\n<li>[icon name=\"check\" class=\"\" unprefixed_class=\"\"] Sin esperas y sin colas. La manera r\u00e1pida de llegar a su destino final<\/li>\n<\/ul>\n","protected":false},"featured_media":7738,"comment_status":"open","ping_status":"closed","template":"","meta":{"_acf_changed":false},"product_brand":[],"product_cat":[69,266,265],"product_tag":[],"class_list":{"0":"post-8297","1":"product","2":"type-product","3":"status-publish","4":"has-post-thumbnail","6":"product_cat-barcelona-es","7":"product_cat-barcelona-actividades-es","8":"product_cat-barcelona-traslados-es","10":"first","11":"instock","12":"shipping-taxable","13":"purchasable","14":"product-type-simple"},"acf":[],"yoast_head":"<!-- This site is optimized with the Yoast SEO Premium plugin v25.3.1 (Yoast SEO v25.3.1) - https:\/\/yoast.com\/wordpress\/plugins\/seo\/ -->\n<title>\u27a1\ufe0f Disposiciones Privadas en Barcelona | Tour Travel &amp; More<\/title>\n<meta name=\"description\" content=\"Contrata un Vehiculo de lujo Mercedes E o Viano con un chofer uniformado. Nuestro chofer en Barcelona conoce perfectamente la ciudad y sus calles \u2705\" \/>\n<meta name=\"robots\" content=\"index, follow, max-snippet:-1, max-image-preview:large, max-video-preview:-1\" \/>\n<link rel=\"canonical\" href=\"https:\/\/tourtravelandmore.com\/es\/tours\/espana-es\/barcelona-es\/disposiciones-privadas-barcelona\/\" \/>\n<meta property=\"og:locale\" content=\"es_ES\" \/>\n<meta property=\"og:type\" content=\"article\" \/>\n<meta property=\"og:title\" content=\"Disposiciones Privadas en Barcelona\" \/>\n<meta property=\"og:description\" content=\"Contrata un Vehiculo de lujo Mercedes E o Viano con un chofer uniformado. Nuestro chofer en Barcelona conoce perfectamente la ciudad y sus calles \u2705\" \/>\n<meta property=\"og:url\" content=\"https:\/\/tourtravelandmore.com\/es\/tours\/espana-es\/barcelona-es\/disposiciones-privadas-barcelona\/\" \/>\n<meta property=\"og:site_name\" content=\"Tour Travel And More\" \/>\n<meta property=\"article:publisher\" content=\"https:\/\/www.facebook.com\/tourtravelandmore\/\" \/>\n<meta property=\"article:modified_time\" content=\"2022-11-26T00:08:51+00:00\" \/>\n<meta property=\"og:image\" content=\"https:\/\/tourtravelandmore.com\/wp-content\/uploads\/2016\/10\/barcelona-wedding-transfer-3.jpg\" \/>\n\t<meta property=\"og:image:width\" content=\"1920\" \/>\n\t<meta property=\"og:image:height\" content=\"891\" \/>\n\t<meta property=\"og:image:type\" content=\"image\/jpeg\" \/>\n<meta name=\"twitter:card\" content=\"summary_large_image\" \/>\n<meta name=\"twitter:site\" content=\"@TourTravel_More\" \/>\n<meta name=\"twitter:label1\" content=\"Tiempo de lectura\" \/>\n\t<meta name=\"twitter:data1\" content=\"2 minutos\" \/>\n<script type=\"application\/ld+json\" class=\"yoast-schema-graph\">{\"@context\":\"https:\/\/schema.org\",\"@graph\":[{\"@type\":\"WebPage\",\"@id\":\"https:\/\/tourtravelandmore.com\/es\/tours\/espana-es\/barcelona-es\/disposiciones-privadas-barcelona\/\",\"url\":\"https:\/\/tourtravelandmore.com\/es\/tours\/espana-es\/barcelona-es\/disposiciones-privadas-barcelona\/\",\"name\":\"\u27a1\ufe0f Disposiciones Privadas en Barcelona | Tour Travel & More\",\"isPartOf\":{\"@id\":\"https:\/\/tourtravelandmore.com\/es\/#website\"},\"primaryImageOfPage\":{\"@id\":\"https:\/\/tourtravelandmore.com\/es\/tours\/espana-es\/barcelona-es\/disposiciones-privadas-barcelona\/#primaryimage\"},\"image\":{\"@id\":\"https:\/\/tourtravelandmore.com\/es\/tours\/espana-es\/barcelona-es\/disposiciones-privadas-barcelona\/#primaryimage\"},\"thumbnailUrl\":\"https:\/\/tourtravelandmore.com\/wp-content\/uploads\/2016\/10\/barcelona-wedding-transfer-3.jpg\",\"datePublished\":\"2016-10-24T14:33:44+00:00\",\"dateModified\":\"2022-11-26T00:08:51+00:00\",\"description\":\"Contrata un Vehiculo de lujo Mercedes E o Viano con un chofer uniformado. Nuestro chofer en Barcelona conoce perfectamente la ciudad y sus calles \u2705\",\"breadcrumb\":{\"@id\":\"https:\/\/tourtravelandmore.com\/es\/tours\/espana-es\/barcelona-es\/disposiciones-privadas-barcelona\/#breadcrumb\"},\"inLanguage\":\"es\",\"potentialAction\":[{\"@type\":\"ReadAction\",\"target\":[\"https:\/\/tourtravelandmore.com\/es\/tours\/espana-es\/barcelona-es\/disposiciones-privadas-barcelona\/\"]}]},{\"@type\":\"ImageObject\",\"inLanguage\":\"es\",\"@id\":\"https:\/\/tourtravelandmore.com\/es\/tours\/espana-es\/barcelona-es\/disposiciones-privadas-barcelona\/#primaryimage\",\"url\":\"https:\/\/tourtravelandmore.com\/wp-content\/uploads\/2016\/10\/barcelona-wedding-transfer-3.jpg\",\"contentUrl\":\"https:\/\/tourtravelandmore.com\/wp-content\/uploads\/2016\/10\/barcelona-wedding-transfer-3.jpg\",\"width\":1920,\"height\":891,\"caption\":\"BRABUS Upgrades - Mercedes AMG S-Class\"},{\"@type\":\"BreadcrumbList\",\"@id\":\"https:\/\/tourtravelandmore.com\/es\/tours\/espana-es\/barcelona-es\/disposiciones-privadas-barcelona\/#breadcrumb\",\"itemListElement\":[{\"@type\":\"ListItem\",\"position\":1,\"name\":\"Home\",\"item\":\"https:\/\/tourtravelandmore.com\/es\/\"},{\"@type\":\"ListItem\",\"position\":2,\"name\":\"Tours\",\"item\":\"https:\/\/tourtravelandmore.com\/es\/tours\/\"},{\"@type\":\"ListItem\",\"position\":3,\"name\":\"Disposiciones Privadas en Barcelona\"}]},{\"@type\":\"WebSite\",\"@id\":\"https:\/\/tourtravelandmore.com\/es\/#website\",\"url\":\"https:\/\/tourtravelandmore.com\/es\/\",\"name\":\"Tour Travel And More\",\"description\":\"Private sightseeing tours and luxury transfers in Spain\",\"publisher\":{\"@id\":\"https:\/\/tourtravelandmore.com\/es\/#organization\"},\"potentialAction\":[{\"@type\":\"SearchAction\",\"target\":{\"@type\":\"EntryPoint\",\"urlTemplate\":\"https:\/\/tourtravelandmore.com\/es\/?s={search_term_string}\"},\"query-input\":{\"@type\":\"PropertyValueSpecification\",\"valueRequired\":true,\"valueName\":\"search_term_string\"}}],\"inLanguage\":\"es\"},{\"@type\":\"Organization\",\"@id\":\"https:\/\/tourtravelandmore.com\/es\/#organization\",\"name\":\"Tour Travel And More\",\"url\":\"https:\/\/tourtravelandmore.com\/es\/\",\"logo\":{\"@type\":\"ImageObject\",\"inLanguage\":\"es\",\"@id\":\"https:\/\/tourtravelandmore.com\/es\/#\/schema\/logo\/image\/\",\"url\":\"https:\/\/tourtravelandmore.com\/wp-content\/uploads\/2022\/12\/cropped-logo-cabecera-new.png\",\"contentUrl\":\"https:\/\/tourtravelandmore.com\/wp-content\/uploads\/2022\/12\/cropped-logo-cabecera-new.png\",\"width\":430,\"height\":61,\"caption\":\"Tour Travel And More\"},\"image\":{\"@id\":\"https:\/\/tourtravelandmore.com\/es\/#\/schema\/logo\/image\/\"},\"sameAs\":[\"https:\/\/www.facebook.com\/tourtravelandmore\/\",\"https:\/\/x.com\/TourTravel_More\"]}]}<\/script>\n<!-- \/ Yoast SEO Premium plugin. -->","yoast_head_json":{"title":"\u27a1\ufe0f Disposiciones Privadas en Barcelona | Tour Travel & More","description":"Contrata un Vehiculo de lujo Mercedes E o Viano con un chofer uniformado. Nuestro chofer en Barcelona conoce perfectamente la ciudad y sus calles \u2705","robots":{"index":"index","follow":"follow","max-snippet":"max-snippet:-1","max-image-preview":"max-image-preview:large","max-video-preview":"max-video-preview:-1"},"canonical":"https:\/\/tourtravelandmore.com\/es\/tours\/espana-es\/barcelona-es\/disposiciones-privadas-barcelona\/","og_locale":"es_ES","og_type":"article","og_title":"Disposiciones Privadas en Barcelona","og_description":"Contrata un Vehiculo de lujo Mercedes E o Viano con un chofer uniformado. Nuestro chofer en Barcelona conoce perfectamente la ciudad y sus calles \u2705","og_url":"https:\/\/tourtravelandmore.com\/es\/tours\/espana-es\/barcelona-es\/disposiciones-privadas-barcelona\/","og_site_name":"Tour Travel And More","article_publisher":"https:\/\/www.facebook.com\/tourtravelandmore\/","article_modified_time":"2022-11-26T00:08:51+00:00","og_image":[{"width":1920,"height":891,"url":"https:\/\/tourtravelandmore.com\/wp-content\/uploads\/2016\/10\/barcelona-wedding-transfer-3.jpg","type":"image\/jpeg"}],"twitter_card":"summary_large_image","twitter_site":"@TourTravel_More","twitter_misc":{"Tiempo de lectura":"2 minutos"},"schema":{"@context":"https:\/\/schema.org","@graph":[{"@type":"WebPage","@id":"https:\/\/tourtravelandmore.com\/es\/tours\/espana-es\/barcelona-es\/disposiciones-privadas-barcelona\/","url":"https:\/\/tourtravelandmore.com\/es\/tours\/espana-es\/barcelona-es\/disposiciones-privadas-barcelona\/","name":"\u27a1\ufe0f Disposiciones Privadas en Barcelona | Tour Travel & More","isPartOf":{"@id":"https:\/\/tourtravelandmore.com\/es\/#website"},"primaryImageOfPage":{"@id":"https:\/\/tourtravelandmore.com\/es\/tours\/espana-es\/barcelona-es\/disposiciones-privadas-barcelona\/#primaryimage"},"image":{"@id":"https:\/\/tourtravelandmore.com\/es\/tours\/espana-es\/barcelona-es\/disposiciones-privadas-barcelona\/#primaryimage"},"thumbnailUrl":"https:\/\/tourtravelandmore.com\/wp-content\/uploads\/2016\/10\/barcelona-wedding-transfer-3.jpg","datePublished":"2016-10-24T14:33:44+00:00","dateModified":"2022-11-26T00:08:51+00:00","description":"Contrata un Vehiculo de lujo Mercedes E o Viano con un chofer uniformado. Nuestro chofer en Barcelona conoce perfectamente la ciudad y sus calles \u2705","breadcrumb":{"@id":"https:\/\/tourtravelandmore.com\/es\/tours\/espana-es\/barcelona-es\/disposiciones-privadas-barcelona\/#breadcrumb"},"inLanguage":"es","potentialAction":[{"@type":"ReadAction","target":["https:\/\/tourtravelandmore.com\/es\/tours\/espana-es\/barcelona-es\/disposiciones-privadas-barcelona\/"]}]},{"@type":"ImageObject","inLanguage":"es","@id":"https:\/\/tourtravelandmore.com\/es\/tours\/espana-es\/barcelona-es\/disposiciones-privadas-barcelona\/#primaryimage","url":"https:\/\/tourtravelandmore.com\/wp-content\/uploads\/2016\/10\/barcelona-wedding-transfer-3.jpg","contentUrl":"https:\/\/tourtravelandmore.com\/wp-content\/uploads\/2016\/10\/barcelona-wedding-transfer-3.jpg","width":1920,"height":891,"caption":"BRABUS Upgrades - Mercedes AMG S-Class"},{"@type":"BreadcrumbList","@id":"https:\/\/tourtravelandmore.com\/es\/tours\/espana-es\/barcelona-es\/disposiciones-privadas-barcelona\/#breadcrumb","itemListElement":[{"@type":"ListItem","position":1,"name":"Home","item":"https:\/\/tourtravelandmore.com\/es\/"},{"@type":"ListItem","position":2,"name":"Tours","item":"https:\/\/tourtravelandmore.com\/es\/tours\/"},{"@type":"ListItem","position":3,"name":"Disposiciones Privadas en Barcelona"}]},{"@type":"WebSite","@id":"https:\/\/tourtravelandmore.com\/es\/#website","url":"https:\/\/tourtravelandmore.com\/es\/","name":"Tour Travel And More","description":"Private sightseeing tours and luxury transfers in Spain","publisher":{"@id":"https:\/\/tourtravelandmore.com\/es\/#organization"},"potentialAction":[{"@type":"SearchAction","target":{"@type":"EntryPoint","urlTemplate":"https:\/\/tourtravelandmore.com\/es\/?s={search_term_string}"},"query-input":{"@type":"PropertyValueSpecification","valueRequired":true,"valueName":"search_term_string"}}],"inLanguage":"es"},{"@type":"Organization","@id":"https:\/\/tourtravelandmore.com\/es\/#organization","name":"Tour Travel And More","url":"https:\/\/tourtravelandmore.com\/es\/","logo":{"@type":"ImageObject","inLanguage":"es","@id":"https:\/\/tourtravelandmore.com\/es\/#\/schema\/logo\/image\/","url":"https:\/\/tourtravelandmore.com\/wp-content\/uploads\/2022\/12\/cropped-logo-cabecera-new.png","contentUrl":"https:\/\/tourtravelandmore.com\/wp-content\/uploads\/2022\/12\/cropped-logo-cabecera-new.png","width":430,"height":61,"caption":"Tour Travel And More"},"image":{"@id":"https:\/\/tourtravelandmore.com\/es\/#\/schema\/logo\/image\/"},"sameAs":["https:\/\/www.facebook.com\/tourtravelandmore\/","https:\/\/x.com\/TourTravel_More"]}]}},"_links":{"self":[{"href":"https:\/\/tourtravelandmore.com\/es\/wp-json\/wp\/v2\/product\/8297","targetHints":{"allow":["GET"]}}],"collection":[{"href":"https:\/\/tourtravelandmore.com\/es\/wp-json\/wp\/v2\/product"}],"about":[{"href":"https:\/\/tourtravelandmore.com\/es\/wp-json\/wp\/v2\/types\/product"}],"replies":[{"embeddable":true,"href":"https:\/\/tourtravelandmore.com\/es\/wp-json\/wp\/v2\/comments?post=8297"}],"wp:featuredmedia":[{"embeddable":true,"href":"https:\/\/tourtravelandmore.com\/es\/wp-json\/wp\/v2\/media\/7738"}],"wp:attachment":[{"href":"https:\/\/tourtravelandmore.com\/es\/wp-json\/wp\/v2\/media?parent=8297"}],"wp:term":[{"taxonomy":"product_brand","embeddable":true,"href":"https:\/\/tourtravelandmore.com\/es\/wp-json\/wp\/v2\/product_brand?post=8297"},{"taxonomy":"product_cat","embeddable":true,"href":"https:\/\/tourtravelandmore.com\/es\/wp-json\/wp\/v2\/product_cat?post=8297"},{"taxonomy":"product_tag","embeddable":true,"href":"https:\/\/tourtravelandmore.com\/es\/wp-json\/wp\/v2\/product_tag?post=8297"}],"curies":[{"name":"wp","href":"https:\/\/api.w.org\/{rel}","templated":true}]}}