{"id":82895,"date":"2020-08-25T15:10:36","date_gmt":"2020-08-25T13:10:37","guid":{"rendered":"https:\/\/tourtravelandmore.com\/?post_type=product&#038;p=82895"},"modified":"2023-09-11T09:51:08","modified_gmt":"2023-09-11T07:51:08","slug":"excursion-a-elafonisi-balos-y-falasarna-desde-chania","status":"publish","type":"product","link":"https:\/\/tourtravelandmore.com\/es\/tours\/grecia-es\/creta-es\/creta-actividades-es\/excursion-a-elafonisi-balos-y-falasarna-desde-chania\/","title":{"rendered":"Excursi\u00f3n privada a Elafonisi, Balos y Falasarna"},"content":{"rendered":"<h2><strong>Descripci\u00f3n de la Excursi\u00f3n privada a Elafonisi, Balos y Falasarna<\/strong><\/h2>\n<p>La Isla de Creta es muy conocida por sus incre\u00edbles playas, por lo que definitivamente debes experimentar esta <strong>Excursi\u00f3n a\u00a0Elafonisi, Balos y Falasarna desde Chania<\/strong>. En este tour visitaremos las playas m\u00e1s maravillosas y exclusivas de la isla.<\/p>\n<p>Tendr\u00e1 a su total disposici\u00f3n un v<strong>eh\u00edculo privado de lujo con conductor<\/strong> y un <strong>gu\u00eda tur\u00edstico oficial<\/strong>. Disfrutar\u00e1s de un tour de d\u00eda completo. La recogida podr\u00eda ser de cualquier parte de Chania. En caso de que se aloje en otro lugar de la isla, h\u00e1ganoslo saber y podemos gestionar la recogida desde all\u00ed.<\/p>\n<p>La <strong>Isla de Creta<\/strong> se encuentra en la parte sur del mar Egeo que separa el mar Egeo del mar de Libia. Es la isla m\u00e1s grande de Grecia y la quinta isla m\u00e1s grande del mar Mediterr\u00e1neo. Esta isla es parte de la Regi\u00f3n de Creta junto con otras islas e islotes.<\/p>\n<p>Esta excursi\u00f3n a\u00a0Elafonisi, Balos y Falasarna\u00a0es personalizado solo para usted y su grupo. Si quieres incluir alguna playa en concreto para visitar, podemos hacerlo por ti, solo tienes que informarnos.<\/p>\n<p>Tambi\u00e9n podemos ofrecerle otros tours privados desde Chania, eche un vistazo a <a href=\"https:\/\/tourtravelandmore.com\/es\/tours\/grecia-es\/creta-es\/creta-actividades-es\/tour-privado-a-heraklion-y-cnosos-desde-chania\/\">nuestro tour privado a Heraklion y Knossos<\/a>.<\/p>\n<h2><strong>Puntos de inter\u00e9s en la Excursi\u00f3n privada a Elafonisi, Balos y Falasarna<\/strong><\/h2>\n<p>En primer lugar, su conductor privado y gu\u00eda tur\u00edstico oficial lo recoger\u00e1n en Chania a la hora deseada por usted. Prep\u00e1rate para un tour de d\u00eda completo lleno de sol y playas incre\u00edbles.<\/p>\n<p>Todos nuestros gu\u00edas tienen licencia y est\u00e1n muy bien informados sobre la isla, por lo que volver\u00e1 de su recorrido con mucha informaci\u00f3n fresca.<\/p>\n<p>En este tour privado por las playas de Creta, visitar\u00e1 los siguientes lugares:<\/p>\n<ul>\n<li><strong><a href=\"https:\/\/en.wikipedia.org\/wiki\/Elafonisi\">Elafonisi<\/a>:<\/strong> en realidad es una isla, ubicada cerca de la esquina suroeste de la isla. Esta isla es una reserva natural protegida con aguas cristalinas y arena rosada. Admirar\u00e1 unas vistas \u00fanicas y ex\u00f3ticas de esta isla.<\/li>\n<li><strong>Balos<\/strong>: esta playa se encuentra entre el cabo de Gramvousa y el peque\u00f1o cabo de Tigali. Es muy famoso por sus incre\u00edbles aguas turquesas y su hermosa naturaleza.<\/li>\n<li><strong>Falasarna<\/strong>: es una de las playas m\u00e1s preciosas y \u00fanicas de Creta. Al final de la playa se encuentran las ruinas de la antigua ciudad romana de Falassarna.<\/li>\n<\/ul>\n<p>Durante el recorrido tendr\u00e1 tiempo libre para almorzar y degustar una comida t\u00edpica griega al mismo tiempo que estar\u00e1 admirando las vistas. Este es un recorrido perfecto para aquellos que aman la naturaleza y tambi\u00e9n disfrutan de un momento de relajaci\u00f3n.<\/p>\n<p><strong>Finalmente, su conductor privado y gu\u00eda tur\u00edstico oficial lo dejar\u00e1n en su hotel o punto de partida en Chania.<\/strong><\/p>\n","protected":false},"excerpt":{"rendered":"<p>Visite las playas m\u00e1s bonitas de Creta, Elafonisi, Balos y Falasarna, desde Chania con su conductor y gu\u00eda local privado.<\/p>\n","protected":false},"featured_media":82905,"comment_status":"open","ping_status":"closed","template":"","meta":{"_acf_changed":false},"product_brand":[],"product_cat":[2529,2536,2544],"product_tag":[],"class_list":{"0":"post-82895","1":"product","2":"type-product","3":"status-publish","4":"has-post-thumbnail","6":"product_cat-creta-es","7":"product_cat-creta-actividades-es","8":"product_cat-creta-excursiones-es","10":"first","11":"instock","12":"shipping-taxable","13":"purchasable","14":"product-type-simple"},"acf":[],"yoast_head":"<!-- This site is optimized with the Yoast SEO Premium plugin v25.3.1 (Yoast SEO v25.3.1) - https:\/\/yoast.com\/wordpress\/plugins\/seo\/ -->\n<title>\u27a1\ufe0f Excursi\u00f3n a\u00a0Elafonisi, Balos y Falasarna | Tour Travel &amp; More<\/title>\n<meta name=\"description\" content=\"Disfrute de esta excursi\u00f3n privada a Elafonisi, Balos y Falasarna desde Chania con su conductor privado y gu\u00eda local oficial \u2705\" \/>\n<meta name=\"robots\" content=\"index, follow, max-snippet:-1, max-image-preview:large, max-video-preview:-1\" \/>\n<link rel=\"canonical\" href=\"https:\/\/tourtravelandmore.com\/es\/tours\/grecia-es\/creta-es\/creta-actividades-es\/excursion-a-elafonisi-balos-y-falasarna-desde-chania\/\" \/>\n<meta property=\"og:locale\" content=\"es_ES\" \/>\n<meta property=\"og:type\" content=\"article\" \/>\n<meta property=\"og:title\" content=\"Excursi\u00f3n privada a Elafonisi, Balos y Falasarna\" \/>\n<meta property=\"og:description\" content=\"Disfrute de esta excursi\u00f3n privada a Elafonisi, Balos y Falasarna desde Chania con su conductor privado y gu\u00eda local oficial \u2705\" \/>\n<meta property=\"og:url\" content=\"https:\/\/tourtravelandmore.com\/es\/tours\/grecia-es\/creta-es\/creta-actividades-es\/excursion-a-elafonisi-balos-y-falasarna-desde-chania\/\" \/>\n<meta property=\"og:site_name\" content=\"Tour Travel And More\" \/>\n<meta property=\"article:publisher\" content=\"https:\/\/www.facebook.com\/tourtravelandmore\/\" \/>\n<meta property=\"article:modified_time\" content=\"2023-09-11T07:51:08+00:00\" \/>\n<meta property=\"og:image\" content=\"https:\/\/tourtravelandmore.com\/wp-content\/uploads\/2020\/08\/elafonisi-1.jpg\" \/>\n\t<meta property=\"og:image:width\" content=\"1024\" \/>\n\t<meta property=\"og:image:height\" content=\"683\" \/>\n\t<meta property=\"og:image:type\" content=\"image\/jpeg\" \/>\n<meta name=\"twitter:card\" content=\"summary_large_image\" \/>\n<meta name=\"twitter:site\" content=\"@TourTravel_More\" \/>\n<meta name=\"twitter:label1\" content=\"Tiempo de lectura\" \/>\n\t<meta name=\"twitter:data1\" content=\"2 minutos\" \/>\n<script type=\"application\/ld+json\" class=\"yoast-schema-graph\">{\"@context\":\"https:\/\/schema.org\",\"@graph\":[{\"@type\":\"WebPage\",\"@id\":\"https:\/\/tourtravelandmore.com\/es\/tours\/grecia-es\/creta-es\/creta-actividades-es\/excursion-a-elafonisi-balos-y-falasarna-desde-chania\/\",\"url\":\"https:\/\/tourtravelandmore.com\/es\/tours\/grecia-es\/creta-es\/creta-actividades-es\/excursion-a-elafonisi-balos-y-falasarna-desde-chania\/\",\"name\":\"\u27a1\ufe0f Excursi\u00f3n a\u00a0Elafonisi, Balos y Falasarna | Tour Travel & More\",\"isPartOf\":{\"@id\":\"https:\/\/tourtravelandmore.com\/es\/#website\"},\"primaryImageOfPage\":{\"@id\":\"https:\/\/tourtravelandmore.com\/es\/tours\/grecia-es\/creta-es\/creta-actividades-es\/excursion-a-elafonisi-balos-y-falasarna-desde-chania\/#primaryimage\"},\"image\":{\"@id\":\"https:\/\/tourtravelandmore.com\/es\/tours\/grecia-es\/creta-es\/creta-actividades-es\/excursion-a-elafonisi-balos-y-falasarna-desde-chania\/#primaryimage\"},\"thumbnailUrl\":\"https:\/\/tourtravelandmore.com\/wp-content\/uploads\/2020\/08\/elafonisi-1.jpg\",\"datePublished\":\"2020-08-25T13:10:37+00:00\",\"dateModified\":\"2023-09-11T07:51:08+00:00\",\"description\":\"Disfrute de esta excursi\u00f3n privada a Elafonisi, Balos y Falasarna desde Chania con su conductor privado y gu\u00eda local oficial \u2705\",\"breadcrumb\":{\"@id\":\"https:\/\/tourtravelandmore.com\/es\/tours\/grecia-es\/creta-es\/creta-actividades-es\/excursion-a-elafonisi-balos-y-falasarna-desde-chania\/#breadcrumb\"},\"inLanguage\":\"es\",\"potentialAction\":[{\"@type\":\"ReadAction\",\"target\":[\"https:\/\/tourtravelandmore.com\/es\/tours\/grecia-es\/creta-es\/creta-actividades-es\/excursion-a-elafonisi-balos-y-falasarna-desde-chania\/\"]}]},{\"@type\":\"ImageObject\",\"inLanguage\":\"es\",\"@id\":\"https:\/\/tourtravelandmore.com\/es\/tours\/grecia-es\/creta-es\/creta-actividades-es\/excursion-a-elafonisi-balos-y-falasarna-desde-chania\/#primaryimage\",\"url\":\"https:\/\/tourtravelandmore.com\/wp-content\/uploads\/2020\/08\/elafonisi-1.jpg\",\"contentUrl\":\"https:\/\/tourtravelandmore.com\/wp-content\/uploads\/2020\/08\/elafonisi-1.jpg\",\"width\":1024,\"height\":683},{\"@type\":\"BreadcrumbList\",\"@id\":\"https:\/\/tourtravelandmore.com\/es\/tours\/grecia-es\/creta-es\/creta-actividades-es\/excursion-a-elafonisi-balos-y-falasarna-desde-chania\/#breadcrumb\",\"itemListElement\":[{\"@type\":\"ListItem\",\"position\":1,\"name\":\"Home\",\"item\":\"https:\/\/tourtravelandmore.com\/es\/\"},{\"@type\":\"ListItem\",\"position\":2,\"name\":\"Tours\",\"item\":\"https:\/\/tourtravelandmore.com\/es\/tours\/\"},{\"@type\":\"ListItem\",\"position\":3,\"name\":\"Excursi\u00f3n privada a Elafonisi, Balos y Falasarna\"}]},{\"@type\":\"WebSite\",\"@id\":\"https:\/\/tourtravelandmore.com\/es\/#website\",\"url\":\"https:\/\/tourtravelandmore.com\/es\/\",\"name\":\"Tour Travel And More\",\"description\":\"Private sightseeing tours and luxury transfers in Spain\",\"publisher\":{\"@id\":\"https:\/\/tourtravelandmore.com\/es\/#organization\"},\"potentialAction\":[{\"@type\":\"SearchAction\",\"target\":{\"@type\":\"EntryPoint\",\"urlTemplate\":\"https:\/\/tourtravelandmore.com\/es\/?s={search_term_string}\"},\"query-input\":{\"@type\":\"PropertyValueSpecification\",\"valueRequired\":true,\"valueName\":\"search_term_string\"}}],\"inLanguage\":\"es\"},{\"@type\":\"Organization\",\"@id\":\"https:\/\/tourtravelandmore.com\/es\/#organization\",\"name\":\"Tour Travel And More\",\"url\":\"https:\/\/tourtravelandmore.com\/es\/\",\"logo\":{\"@type\":\"ImageObject\",\"inLanguage\":\"es\",\"@id\":\"https:\/\/tourtravelandmore.com\/es\/#\/schema\/logo\/image\/\",\"url\":\"https:\/\/tourtravelandmore.com\/wp-content\/uploads\/2022\/12\/cropped-logo-cabecera-new.png\",\"contentUrl\":\"https:\/\/tourtravelandmore.com\/wp-content\/uploads\/2022\/12\/cropped-logo-cabecera-new.png\",\"width\":430,\"height\":61,\"caption\":\"Tour Travel And More\"},\"image\":{\"@id\":\"https:\/\/tourtravelandmore.com\/es\/#\/schema\/logo\/image\/\"},\"sameAs\":[\"https:\/\/www.facebook.com\/tourtravelandmore\/\",\"https:\/\/x.com\/TourTravel_More\"]}]}<\/script>\n<!-- \/ Yoast SEO Premium plugin. -->","yoast_head_json":{"title":"\u27a1\ufe0f Excursi\u00f3n a\u00a0Elafonisi, Balos y Falasarna | Tour Travel & More","description":"Disfrute de esta excursi\u00f3n privada a Elafonisi, Balos y Falasarna desde Chania con su conductor privado y gu\u00eda local oficial \u2705","robots":{"index":"index","follow":"follow","max-snippet":"max-snippet:-1","max-image-preview":"max-image-preview:large","max-video-preview":"max-video-preview:-1"},"canonical":"https:\/\/tourtravelandmore.com\/es\/tours\/grecia-es\/creta-es\/creta-actividades-es\/excursion-a-elafonisi-balos-y-falasarna-desde-chania\/","og_locale":"es_ES","og_type":"article","og_title":"Excursi\u00f3n privada a Elafonisi, Balos y Falasarna","og_description":"Disfrute de esta excursi\u00f3n privada a Elafonisi, Balos y Falasarna desde Chania con su conductor privado y gu\u00eda local oficial \u2705","og_url":"https:\/\/tourtravelandmore.com\/es\/tours\/grecia-es\/creta-es\/creta-actividades-es\/excursion-a-elafonisi-balos-y-falasarna-desde-chania\/","og_site_name":"Tour Travel And More","article_publisher":"https:\/\/www.facebook.com\/tourtravelandmore\/","article_modified_time":"2023-09-11T07:51:08+00:00","og_image":[{"width":1024,"height":683,"url":"https:\/\/tourtravelandmore.com\/wp-content\/uploads\/2020\/08\/elafonisi-1.jpg","type":"image\/jpeg"}],"twitter_card":"summary_large_image","twitter_site":"@TourTravel_More","twitter_misc":{"Tiempo de lectura":"2 minutos"},"schema":{"@context":"https:\/\/schema.org","@graph":[{"@type":"WebPage","@id":"https:\/\/tourtravelandmore.com\/es\/tours\/grecia-es\/creta-es\/creta-actividades-es\/excursion-a-elafonisi-balos-y-falasarna-desde-chania\/","url":"https:\/\/tourtravelandmore.com\/es\/tours\/grecia-es\/creta-es\/creta-actividades-es\/excursion-a-elafonisi-balos-y-falasarna-desde-chania\/","name":"\u27a1\ufe0f Excursi\u00f3n a\u00a0Elafonisi, Balos y Falasarna | Tour Travel & More","isPartOf":{"@id":"https:\/\/tourtravelandmore.com\/es\/#website"},"primaryImageOfPage":{"@id":"https:\/\/tourtravelandmore.com\/es\/tours\/grecia-es\/creta-es\/creta-actividades-es\/excursion-a-elafonisi-balos-y-falasarna-desde-chania\/#primaryimage"},"image":{"@id":"https:\/\/tourtravelandmore.com\/es\/tours\/grecia-es\/creta-es\/creta-actividades-es\/excursion-a-elafonisi-balos-y-falasarna-desde-chania\/#primaryimage"},"thumbnailUrl":"https:\/\/tourtravelandmore.com\/wp-content\/uploads\/2020\/08\/elafonisi-1.jpg","datePublished":"2020-08-25T13:10:37+00:00","dateModified":"2023-09-11T07:51:08+00:00","description":"Disfrute de esta excursi\u00f3n privada a Elafonisi, Balos y Falasarna desde Chania con su conductor privado y gu\u00eda local oficial \u2705","breadcrumb":{"@id":"https:\/\/tourtravelandmore.com\/es\/tours\/grecia-es\/creta-es\/creta-actividades-es\/excursion-a-elafonisi-balos-y-falasarna-desde-chania\/#breadcrumb"},"inLanguage":"es","potentialAction":[{"@type":"ReadAction","target":["https:\/\/tourtravelandmore.com\/es\/tours\/grecia-es\/creta-es\/creta-actividades-es\/excursion-a-elafonisi-balos-y-falasarna-desde-chania\/"]}]},{"@type":"ImageObject","inLanguage":"es","@id":"https:\/\/tourtravelandmore.com\/es\/tours\/grecia-es\/creta-es\/creta-actividades-es\/excursion-a-elafonisi-balos-y-falasarna-desde-chania\/#primaryimage","url":"https:\/\/tourtravelandmore.com\/wp-content\/uploads\/2020\/08\/elafonisi-1.jpg","contentUrl":"https:\/\/tourtravelandmore.com\/wp-content\/uploads\/2020\/08\/elafonisi-1.jpg","width":1024,"height":683},{"@type":"BreadcrumbList","@id":"https:\/\/tourtravelandmore.com\/es\/tours\/grecia-es\/creta-es\/creta-actividades-es\/excursion-a-elafonisi-balos-y-falasarna-desde-chania\/#breadcrumb","itemListElement":[{"@type":"ListItem","position":1,"name":"Home","item":"https:\/\/tourtravelandmore.com\/es\/"},{"@type":"ListItem","position":2,"name":"Tours","item":"https:\/\/tourtravelandmore.com\/es\/tours\/"},{"@type":"ListItem","position":3,"name":"Excursi\u00f3n privada a Elafonisi, Balos y Falasarna"}]},{"@type":"WebSite","@id":"https:\/\/tourtravelandmore.com\/es\/#website","url":"https:\/\/tourtravelandmore.com\/es\/","name":"Tour Travel And More","description":"Private sightseeing tours and luxury transfers in Spain","publisher":{"@id":"https:\/\/tourtravelandmore.com\/es\/#organization"},"potentialAction":[{"@type":"SearchAction","target":{"@type":"EntryPoint","urlTemplate":"https:\/\/tourtravelandmore.com\/es\/?s={search_term_string}"},"query-input":{"@type":"PropertyValueSpecification","valueRequired":true,"valueName":"search_term_string"}}],"inLanguage":"es"},{"@type":"Organization","@id":"https:\/\/tourtravelandmore.com\/es\/#organization","name":"Tour Travel And More","url":"https:\/\/tourtravelandmore.com\/es\/","logo":{"@type":"ImageObject","inLanguage":"es","@id":"https:\/\/tourtravelandmore.com\/es\/#\/schema\/logo\/image\/","url":"https:\/\/tourtravelandmore.com\/wp-content\/uploads\/2022\/12\/cropped-logo-cabecera-new.png","contentUrl":"https:\/\/tourtravelandmore.com\/wp-content\/uploads\/2022\/12\/cropped-logo-cabecera-new.png","width":430,"height":61,"caption":"Tour Travel And More"},"image":{"@id":"https:\/\/tourtravelandmore.com\/es\/#\/schema\/logo\/image\/"},"sameAs":["https:\/\/www.facebook.com\/tourtravelandmore\/","https:\/\/x.com\/TourTravel_More"]}]}},"_links":{"self":[{"href":"https:\/\/tourtravelandmore.com\/es\/wp-json\/wp\/v2\/product\/82895","targetHints":{"allow":["GET"]}}],"collection":[{"href":"https:\/\/tourtravelandmore.com\/es\/wp-json\/wp\/v2\/product"}],"about":[{"href":"https:\/\/tourtravelandmore.com\/es\/wp-json\/wp\/v2\/types\/product"}],"replies":[{"embeddable":true,"href":"https:\/\/tourtravelandmore.com\/es\/wp-json\/wp\/v2\/comments?post=82895"}],"wp:featuredmedia":[{"embeddable":true,"href":"https:\/\/tourtravelandmore.com\/es\/wp-json\/wp\/v2\/media\/82905"}],"wp:attachment":[{"href":"https:\/\/tourtravelandmore.com\/es\/wp-json\/wp\/v2\/media?parent=82895"}],"wp:term":[{"taxonomy":"product_brand","embeddable":true,"href":"https:\/\/tourtravelandmore.com\/es\/wp-json\/wp\/v2\/product_brand?post=82895"},{"taxonomy":"product_cat","embeddable":true,"href":"https:\/\/tourtravelandmore.com\/es\/wp-json\/wp\/v2\/product_cat?post=82895"},{"taxonomy":"product_tag","embeddable":true,"href":"https:\/\/tourtravelandmore.com\/es\/wp-json\/wp\/v2\/product_tag?post=82895"}],"curies":[{"name":"wp","href":"https:\/\/api.w.org\/{rel}","templated":true}]}}