{"id":8285,"date":"2016-10-20T17:00:19","date_gmt":"2016-10-24T14:20:01","guid":{"rendered":"http:\/\/tourtravelandmore.com\/es\/?post_type=product&#038;p=8285"},"modified":"2022-11-26T01:03:03","modified_gmt":"2022-11-26T00:03:03","slug":"tour-privado-arquitectura-moderna-barcelona","status":"publish","type":"product","link":"https:\/\/tourtravelandmore.com\/es\/tours\/espana-es\/barcelona-es\/tour-privado-arquitectura-moderna-barcelona\/","title":{"rendered":"Tour Privado de Arquitectura Moderna de Barcelona"},"content":{"rendered":"<h2>Descripci\u00f3n del Tour Privado de Arquitectura Moderna de Barcelona<\/h2>\n<p>Disfrute de este <strong>Tour de Arquitectura Barcelona <\/strong>y conoce las principales obras de maestras de la arquitectura moderna en la ciudad de Barcelona, junto a su gu\u00eda oficial privado, especialista en arquitectura y su veh\u00edculo privado con conductor.<\/p>\n<p>Conocer\u00e1 las obras maestras de los arquitectos m\u00e1s importantes que han llevado a Barcelona a convertirse en una de las principales ciudades de Europa. <strong> Richard Rogers, Norman Foster, Arata Isozaki, Enric Miralles y Jean Nouvel se encuentran entre los muchos arquitectos internacionales que han dise\u00f1ado edificios en Barcelona en las \u00faltimas d\u00e9cadas.<\/strong><\/p>\n<p>La duraci\u00f3n del Tour\u00a0 de Arquitectura Barcelona son 4 Horas desde que es recogido en su apartamento, Hotel o Terminal de Cruceros.<\/p>\n<p>Pueden escoger la hora de salida del tour y vuestro lugar de recogida dentro de la ciudad de Barcelona, puede ser por la ma\u00f1ana o por la tarde.<\/p>\n<h2>Puntos de inter\u00e9s en el Tour Privado de Arquitectura Moderna de Barcelona<\/h2>\n<p>Aqu\u00ed os ponemos los principales Arquitectos y los edificios m\u00e1s importantes construidos en Barcelona. A lo largo del Tour vamos a conocer los edificios, la mayor\u00eda de los Edificios y bajaremos en aquellos m\u00e1s importantes para hacer fotos y explicaciones.<\/p>\n<h3><strong>Montjuic:<\/strong><\/h3>\n<ul>\n<li>Pabell\u00f3n de Barcelona: <strong>Mies van der Rohe&#8217;s P<\/strong><\/li>\n<li>Edificio Forum: <strong>Herzog &amp; de Meuron<\/strong><\/li>\n<li>Les Arenes:<strong> Richard Rogers<\/strong> (Cambio de la plaza de Toros en un centro comercial)<\/li>\n<li>Sala Sant Jordi: <strong>Arata Isozaki<\/strong><\/li>\n<li>Torre Calatrava: Santiago Calatrava<\/li>\n<\/ul>\n<h3><strong>Poblenou- Glorias:<\/strong><\/h3>\n<ul>\n<li style=\"list-style-type: none;\">\n<ul>\n<li style=\"list-style-type: none;\"><\/li>\n<\/ul>\n<\/li>\n<li>Torre Agbar: <strong>Jean Nouvel<\/strong><\/li>\n<li>Peix D\u00b4or: <strong>Frank Gehry<\/strong><\/li>\n<li>Puente Bac de Roda: <strong>Santiago Calatrava<\/strong><\/li>\n<li>Edificio Gas Natural: <strong>Miralles &amp; Tagliabue<\/strong><\/li>\n<li>Barcelona Disseny Hub: <strong>Martorell, Bohigas &amp; Mackey<\/strong><\/li>\n<li>Parc Diagonal Mar: <strong>Miralles &amp; Tagliabue<\/strong><\/li>\n<li>Barcelona Biomedical Researc:<strong> Manel Brullet &amp; Albert de Pineda<\/strong><\/li>\n<\/ul>\n<h3><strong>Hospitalet:<\/strong><\/h3>\n<ul>\n<li>Torre Hesper\u00eda: <strong>Richard Rogers<\/strong><\/li>\n<li>Torre Fira:<strong> Toyo Ito<\/strong><\/li>\n<\/ul>\n<h3><strong>Eixample:<\/strong><\/h3>\n<p>Suites Avenue: Toyo Ito<\/p>\n<h3><strong>Raval y el centro Historico:<\/strong><\/h3>\n<ul>\n<li>MACBA (Richard Meiers)<\/li>\n<li>Mercat Santa Catarina (Miralles &amp; Tagliabue)<\/li>\n<\/ul>\n<h3><strong>Tibidabo:<\/strong><\/h3>\n<p>Teleantena de Tibidabo: Norman Foster<\/p>\n<p>Una vez estemos en el Tibidabo aprovecharemos para bajarnos y disfrutar de las vistas de la ciudad desde un mirador y nuestro gu\u00eda oficial os explicar\u00e1 lo m\u00e1s importante del mosaico.<\/p>\n<p>Si desea conocer m\u00e1s acerca de nuestros tours de la ciudad de Barcelona, puede consultar nuestro listado de <a href=\"https:\/\/tourtravelandmore.com\/es\/ciudad\/espana-es\/barcelona-es\/\">Tours privados de Barcelona<\/a>.<\/p>\n","protected":false},"excerpt":{"rendered":"<p>Disfrute de este <strong>tour privado de arquitectura moderna de Barcelona<\/strong>. Aproveche esta inmejorable oportunidad para conocer y disfrutar de <strong>Barcelona<\/strong> durante este tour con vuestro guia oficial privado y vuestro veh\u00edculo de lujo con chofer. Disfrute caminando por <strong>Paseo de Gracia<\/strong>, la <strong>Tele-Antena de Norman Foster,\u00a0<\/strong>la <strong>Torre Agbar <\/strong>y mucho\u00a0m\u00e1s!<\/p>\n","protected":false},"featured_media":7980,"comment_status":"open","ping_status":"closed","template":"","meta":{"_acf_changed":false},"product_brand":[],"product_cat":[69,266,270,547],"product_tag":[],"class_list":{"0":"post-8285","1":"product","2":"type-product","3":"status-publish","4":"has-post-thumbnail","6":"product_cat-barcelona-es","7":"product_cat-barcelona-actividades-es","8":"product_cat-barcelona-rutas-turisticas-privadas-es","9":"product_cat-barcelona-excursiones-privadas-cruceros-es","11":"first","12":"instock","13":"shipping-taxable","14":"purchasable","15":"product-type-simple"},"acf":[],"yoast_head":"<!-- This site is optimized with the Yoast SEO Premium plugin v25.3.1 (Yoast SEO v25.3.1) - https:\/\/yoast.com\/wordpress\/plugins\/seo\/ -->\n<title>\u27a1\ufe0f Tour Arquitectura Barcelona | Tour Travel &amp; More<\/title>\n<meta name=\"description\" content=\"Disfruta de este tour arquitectura Barcelona junto a su privado oficial. Disfruta de los princiaples obras maestras de los mejores arquitectos modernos \u2705\" \/>\n<meta name=\"robots\" content=\"index, follow, max-snippet:-1, max-image-preview:large, max-video-preview:-1\" \/>\n<link rel=\"canonical\" href=\"https:\/\/tourtravelandmore.com\/es\/tours\/espana-es\/barcelona-es\/tour-privado-arquitectura-moderna-barcelona\/\" \/>\n<meta property=\"og:locale\" content=\"es_ES\" \/>\n<meta property=\"og:type\" content=\"article\" \/>\n<meta property=\"og:title\" content=\"Tour Privado de Arquitectura Moderna de Barcelona\" \/>\n<meta property=\"og:description\" content=\"Disfruta de este tour arquitectura Barcelona junto a su privado oficial. Disfruta de los princiaples obras maestras de los mejores arquitectos modernos \u2705\" \/>\n<meta property=\"og:url\" content=\"https:\/\/tourtravelandmore.com\/es\/tours\/espana-es\/barcelona-es\/tour-privado-arquitectura-moderna-barcelona\/\" \/>\n<meta property=\"og:site_name\" content=\"Tour Travel And More\" \/>\n<meta property=\"article:publisher\" content=\"https:\/\/www.facebook.com\/tourtravelandmore\/\" \/>\n<meta property=\"article:modified_time\" content=\"2022-11-26T00:03:03+00:00\" \/>\n<meta property=\"og:image\" content=\"https:\/\/tourtravelandmore.com\/wp-content\/uploads\/2016\/10\/barcelona-modern-arquitecture-tour.jpg\" \/>\n\t<meta property=\"og:image:width\" content=\"960\" \/>\n\t<meta property=\"og:image:height\" content=\"641\" \/>\n\t<meta property=\"og:image:type\" content=\"image\/jpeg\" \/>\n<meta name=\"twitter:card\" content=\"summary_large_image\" \/>\n<meta name=\"twitter:site\" content=\"@TourTravel_More\" \/>\n<meta name=\"twitter:label1\" content=\"Tiempo de lectura\" \/>\n\t<meta name=\"twitter:data1\" content=\"2 minutos\" \/>\n<script type=\"application\/ld+json\" class=\"yoast-schema-graph\">{\"@context\":\"https:\/\/schema.org\",\"@graph\":[{\"@type\":\"WebPage\",\"@id\":\"https:\/\/tourtravelandmore.com\/es\/tours\/espana-es\/barcelona-es\/tour-privado-arquitectura-moderna-barcelona\/\",\"url\":\"https:\/\/tourtravelandmore.com\/es\/tours\/espana-es\/barcelona-es\/tour-privado-arquitectura-moderna-barcelona\/\",\"name\":\"\u27a1\ufe0f Tour Arquitectura Barcelona | Tour Travel & More\",\"isPartOf\":{\"@id\":\"https:\/\/tourtravelandmore.com\/es\/#website\"},\"primaryImageOfPage\":{\"@id\":\"https:\/\/tourtravelandmore.com\/es\/tours\/espana-es\/barcelona-es\/tour-privado-arquitectura-moderna-barcelona\/#primaryimage\"},\"image\":{\"@id\":\"https:\/\/tourtravelandmore.com\/es\/tours\/espana-es\/barcelona-es\/tour-privado-arquitectura-moderna-barcelona\/#primaryimage\"},\"thumbnailUrl\":\"https:\/\/tourtravelandmore.com\/wp-content\/uploads\/2016\/10\/barcelona-modern-arquitecture-tour.jpg\",\"datePublished\":\"2016-10-24T14:20:01+00:00\",\"dateModified\":\"2022-11-26T00:03:03+00:00\",\"description\":\"Disfruta de este tour arquitectura Barcelona junto a su privado oficial. Disfruta de los princiaples obras maestras de los mejores arquitectos modernos \u2705\",\"breadcrumb\":{\"@id\":\"https:\/\/tourtravelandmore.com\/es\/tours\/espana-es\/barcelona-es\/tour-privado-arquitectura-moderna-barcelona\/#breadcrumb\"},\"inLanguage\":\"es\",\"potentialAction\":[{\"@type\":\"ReadAction\",\"target\":[\"https:\/\/tourtravelandmore.com\/es\/tours\/espana-es\/barcelona-es\/tour-privado-arquitectura-moderna-barcelona\/\"]}]},{\"@type\":\"ImageObject\",\"inLanguage\":\"es\",\"@id\":\"https:\/\/tourtravelandmore.com\/es\/tours\/espana-es\/barcelona-es\/tour-privado-arquitectura-moderna-barcelona\/#primaryimage\",\"url\":\"https:\/\/tourtravelandmore.com\/wp-content\/uploads\/2016\/10\/barcelona-modern-arquitecture-tour.jpg\",\"contentUrl\":\"https:\/\/tourtravelandmore.com\/wp-content\/uploads\/2016\/10\/barcelona-modern-arquitecture-tour.jpg\",\"width\":960,\"height\":641},{\"@type\":\"BreadcrumbList\",\"@id\":\"https:\/\/tourtravelandmore.com\/es\/tours\/espana-es\/barcelona-es\/tour-privado-arquitectura-moderna-barcelona\/#breadcrumb\",\"itemListElement\":[{\"@type\":\"ListItem\",\"position\":1,\"name\":\"Home\",\"item\":\"https:\/\/tourtravelandmore.com\/es\/\"},{\"@type\":\"ListItem\",\"position\":2,\"name\":\"Tours\",\"item\":\"https:\/\/tourtravelandmore.com\/es\/tours\/\"},{\"@type\":\"ListItem\",\"position\":3,\"name\":\"Tour Privado de Arquitectura Moderna de Barcelona\"}]},{\"@type\":\"WebSite\",\"@id\":\"https:\/\/tourtravelandmore.com\/es\/#website\",\"url\":\"https:\/\/tourtravelandmore.com\/es\/\",\"name\":\"Tour Travel And More\",\"description\":\"Private sightseeing tours and luxury transfers in Spain\",\"publisher\":{\"@id\":\"https:\/\/tourtravelandmore.com\/es\/#organization\"},\"potentialAction\":[{\"@type\":\"SearchAction\",\"target\":{\"@type\":\"EntryPoint\",\"urlTemplate\":\"https:\/\/tourtravelandmore.com\/es\/?s={search_term_string}\"},\"query-input\":{\"@type\":\"PropertyValueSpecification\",\"valueRequired\":true,\"valueName\":\"search_term_string\"}}],\"inLanguage\":\"es\"},{\"@type\":\"Organization\",\"@id\":\"https:\/\/tourtravelandmore.com\/es\/#organization\",\"name\":\"Tour Travel And More\",\"url\":\"https:\/\/tourtravelandmore.com\/es\/\",\"logo\":{\"@type\":\"ImageObject\",\"inLanguage\":\"es\",\"@id\":\"https:\/\/tourtravelandmore.com\/es\/#\/schema\/logo\/image\/\",\"url\":\"https:\/\/tourtravelandmore.com\/wp-content\/uploads\/2022\/12\/cropped-logo-cabecera-new.png\",\"contentUrl\":\"https:\/\/tourtravelandmore.com\/wp-content\/uploads\/2022\/12\/cropped-logo-cabecera-new.png\",\"width\":430,\"height\":61,\"caption\":\"Tour Travel And More\"},\"image\":{\"@id\":\"https:\/\/tourtravelandmore.com\/es\/#\/schema\/logo\/image\/\"},\"sameAs\":[\"https:\/\/www.facebook.com\/tourtravelandmore\/\",\"https:\/\/x.com\/TourTravel_More\"]}]}<\/script>\n<!-- \/ Yoast SEO Premium plugin. -->","yoast_head_json":{"title":"\u27a1\ufe0f Tour Arquitectura Barcelona | Tour Travel & More","description":"Disfruta de este tour arquitectura Barcelona junto a su privado oficial. Disfruta de los princiaples obras maestras de los mejores arquitectos modernos \u2705","robots":{"index":"index","follow":"follow","max-snippet":"max-snippet:-1","max-image-preview":"max-image-preview:large","max-video-preview":"max-video-preview:-1"},"canonical":"https:\/\/tourtravelandmore.com\/es\/tours\/espana-es\/barcelona-es\/tour-privado-arquitectura-moderna-barcelona\/","og_locale":"es_ES","og_type":"article","og_title":"Tour Privado de Arquitectura Moderna de Barcelona","og_description":"Disfruta de este tour arquitectura Barcelona junto a su privado oficial. Disfruta de los princiaples obras maestras de los mejores arquitectos modernos \u2705","og_url":"https:\/\/tourtravelandmore.com\/es\/tours\/espana-es\/barcelona-es\/tour-privado-arquitectura-moderna-barcelona\/","og_site_name":"Tour Travel And More","article_publisher":"https:\/\/www.facebook.com\/tourtravelandmore\/","article_modified_time":"2022-11-26T00:03:03+00:00","og_image":[{"width":960,"height":641,"url":"https:\/\/tourtravelandmore.com\/wp-content\/uploads\/2016\/10\/barcelona-modern-arquitecture-tour.jpg","type":"image\/jpeg"}],"twitter_card":"summary_large_image","twitter_site":"@TourTravel_More","twitter_misc":{"Tiempo de lectura":"2 minutos"},"schema":{"@context":"https:\/\/schema.org","@graph":[{"@type":"WebPage","@id":"https:\/\/tourtravelandmore.com\/es\/tours\/espana-es\/barcelona-es\/tour-privado-arquitectura-moderna-barcelona\/","url":"https:\/\/tourtravelandmore.com\/es\/tours\/espana-es\/barcelona-es\/tour-privado-arquitectura-moderna-barcelona\/","name":"\u27a1\ufe0f Tour Arquitectura Barcelona | Tour Travel & More","isPartOf":{"@id":"https:\/\/tourtravelandmore.com\/es\/#website"},"primaryImageOfPage":{"@id":"https:\/\/tourtravelandmore.com\/es\/tours\/espana-es\/barcelona-es\/tour-privado-arquitectura-moderna-barcelona\/#primaryimage"},"image":{"@id":"https:\/\/tourtravelandmore.com\/es\/tours\/espana-es\/barcelona-es\/tour-privado-arquitectura-moderna-barcelona\/#primaryimage"},"thumbnailUrl":"https:\/\/tourtravelandmore.com\/wp-content\/uploads\/2016\/10\/barcelona-modern-arquitecture-tour.jpg","datePublished":"2016-10-24T14:20:01+00:00","dateModified":"2022-11-26T00:03:03+00:00","description":"Disfruta de este tour arquitectura Barcelona junto a su privado oficial. Disfruta de los princiaples obras maestras de los mejores arquitectos modernos \u2705","breadcrumb":{"@id":"https:\/\/tourtravelandmore.com\/es\/tours\/espana-es\/barcelona-es\/tour-privado-arquitectura-moderna-barcelona\/#breadcrumb"},"inLanguage":"es","potentialAction":[{"@type":"ReadAction","target":["https:\/\/tourtravelandmore.com\/es\/tours\/espana-es\/barcelona-es\/tour-privado-arquitectura-moderna-barcelona\/"]}]},{"@type":"ImageObject","inLanguage":"es","@id":"https:\/\/tourtravelandmore.com\/es\/tours\/espana-es\/barcelona-es\/tour-privado-arquitectura-moderna-barcelona\/#primaryimage","url":"https:\/\/tourtravelandmore.com\/wp-content\/uploads\/2016\/10\/barcelona-modern-arquitecture-tour.jpg","contentUrl":"https:\/\/tourtravelandmore.com\/wp-content\/uploads\/2016\/10\/barcelona-modern-arquitecture-tour.jpg","width":960,"height":641},{"@type":"BreadcrumbList","@id":"https:\/\/tourtravelandmore.com\/es\/tours\/espana-es\/barcelona-es\/tour-privado-arquitectura-moderna-barcelona\/#breadcrumb","itemListElement":[{"@type":"ListItem","position":1,"name":"Home","item":"https:\/\/tourtravelandmore.com\/es\/"},{"@type":"ListItem","position":2,"name":"Tours","item":"https:\/\/tourtravelandmore.com\/es\/tours\/"},{"@type":"ListItem","position":3,"name":"Tour Privado de Arquitectura Moderna de Barcelona"}]},{"@type":"WebSite","@id":"https:\/\/tourtravelandmore.com\/es\/#website","url":"https:\/\/tourtravelandmore.com\/es\/","name":"Tour Travel And More","description":"Private sightseeing tours and luxury transfers in Spain","publisher":{"@id":"https:\/\/tourtravelandmore.com\/es\/#organization"},"potentialAction":[{"@type":"SearchAction","target":{"@type":"EntryPoint","urlTemplate":"https:\/\/tourtravelandmore.com\/es\/?s={search_term_string}"},"query-input":{"@type":"PropertyValueSpecification","valueRequired":true,"valueName":"search_term_string"}}],"inLanguage":"es"},{"@type":"Organization","@id":"https:\/\/tourtravelandmore.com\/es\/#organization","name":"Tour Travel And More","url":"https:\/\/tourtravelandmore.com\/es\/","logo":{"@type":"ImageObject","inLanguage":"es","@id":"https:\/\/tourtravelandmore.com\/es\/#\/schema\/logo\/image\/","url":"https:\/\/tourtravelandmore.com\/wp-content\/uploads\/2022\/12\/cropped-logo-cabecera-new.png","contentUrl":"https:\/\/tourtravelandmore.com\/wp-content\/uploads\/2022\/12\/cropped-logo-cabecera-new.png","width":430,"height":61,"caption":"Tour Travel And More"},"image":{"@id":"https:\/\/tourtravelandmore.com\/es\/#\/schema\/logo\/image\/"},"sameAs":["https:\/\/www.facebook.com\/tourtravelandmore\/","https:\/\/x.com\/TourTravel_More"]}]}},"_links":{"self":[{"href":"https:\/\/tourtravelandmore.com\/es\/wp-json\/wp\/v2\/product\/8285","targetHints":{"allow":["GET"]}}],"collection":[{"href":"https:\/\/tourtravelandmore.com\/es\/wp-json\/wp\/v2\/product"}],"about":[{"href":"https:\/\/tourtravelandmore.com\/es\/wp-json\/wp\/v2\/types\/product"}],"replies":[{"embeddable":true,"href":"https:\/\/tourtravelandmore.com\/es\/wp-json\/wp\/v2\/comments?post=8285"}],"wp:featuredmedia":[{"embeddable":true,"href":"https:\/\/tourtravelandmore.com\/es\/wp-json\/wp\/v2\/media\/7980"}],"wp:attachment":[{"href":"https:\/\/tourtravelandmore.com\/es\/wp-json\/wp\/v2\/media?parent=8285"}],"wp:term":[{"taxonomy":"product_brand","embeddable":true,"href":"https:\/\/tourtravelandmore.com\/es\/wp-json\/wp\/v2\/product_brand?post=8285"},{"taxonomy":"product_cat","embeddable":true,"href":"https:\/\/tourtravelandmore.com\/es\/wp-json\/wp\/v2\/product_cat?post=8285"},{"taxonomy":"product_tag","embeddable":true,"href":"https:\/\/tourtravelandmore.com\/es\/wp-json\/wp\/v2\/product_tag?post=8285"}],"curies":[{"name":"wp","href":"https:\/\/api.w.org\/{rel}","templated":true}]}}