{"id":82843,"date":"2020-08-25T10:50:50","date_gmt":"2020-08-25T08:50:51","guid":{"rendered":"https:\/\/tourtravelandmore.com\/?post_type=product&#038;p=82843"},"modified":"2023-09-11T09:51:54","modified_gmt":"2023-09-11T07:51:54","slug":"tour-privado-vinedos-de-creta","status":"publish","type":"product","link":"https:\/\/tourtravelandmore.com\/es\/tours\/grecia-es\/creta-es\/creta-actividades-es\/tour-privado-vinedos-de-creta\/","title":{"rendered":"Tour privado a vi\u00f1edos de Creta"},"content":{"rendered":"<h2><strong>Descripci\u00f3n del Tour privado a vi\u00f1edos de Creta<\/strong><\/h2>\n<p>Hay muchas actividades y sitios a visitar en Creta. Una de ellas, quiz\u00e1s la m\u00e1s tradicional, es visitar los vi\u00f1edos locales. Creta alberga la regi\u00f3n de vi\u00f1edos m\u00e1s antigua de Europa. Descubre el vino de Creta y sus productores durante un tour privado a los vi\u00f1edos de Creta.<\/p>\n<p>Durante este tour privado podr\u00e1 usted visitar los vi\u00f1edos de Creta, conocer a los productores locales y por supuesto explorar la gastronom\u00eda local. Es posible coordinar su tour privado desde La Canea y Heraklion.<\/p>\n<p>Nuestro tour privado a los vi\u00f1edos de Creta puede durar de 4 a 8 horas, dependiendo la cantidad de vi\u00f1edos que usted desea visitar. Todos nuestros tours incluyen la disposici\u00f3n de un chofer y veh\u00edculo privado. La disposici\u00f3n de un gu\u00eda oficial es opcional.<\/p>\n<h2><strong>Puntos de inter\u00e9s en el Tour privado a vi\u00f1edos de Creta<\/strong><\/h2>\n<p>Para comenzar su experiencia privada, su chofer le recoger\u00e1 en su sitio deseado, a su horario deseado. En caso de llegar a la isla en crucero, podemos coordinar recogida desde el puerto de cruceros.<\/p>\n<p>Durante este tour privado podr\u00e1 usted descubrir la regi\u00f3n de vi\u00f1edos m\u00e1s antigua de Europa. En caso de que le interese, podemos combinar la visita a vi\u00f1edos con una visita a f\u00e1bricas locales de aceite de oliva.<\/p>\n<p>El cultivo de vino en Creta se ha mantenido, sin pausas, durante aproximadamente 4000 a\u00f1os. Diversas muestras arqueol\u00f3gicas han comprobado que el vino se produce desde los tiempos Minoicos. Perm\u00edtannos ense\u00f1arle los mejores vi\u00f1edos de nuestra isla. Disfrutar\u00e1 visitas guiadas a cada vi\u00f1edo junto a los productores locales, as\u00ed como por supuesto tambi\u00e9n podr\u00e1 probar el vino local.<\/p>\n<p>En caso de solicitar una excursi\u00f3n de d\u00eda completa, podemos coordinar las visitas con un almuerzo tradicional griego. Su chofer\/gu\u00eda privado le recomendar\u00e1 los mejores sitios locales.<\/p>\n<p>Tenemos muchas opciones de tours privados en Creta, por favor ver nuestra <a href=\"https:\/\/tourtravelandmore.com\/es\/ciudad\/grecia-es\/creta-es\/creta-actividades-es\/\">lista de tours privados<\/a>.<\/p>\n","protected":false},"excerpt":{"rendered":"<p>La producci\u00f3n de vino en Creta existe desde los tiempos minoicos, hace 4000 a\u00f1os. Explore la isla y visite sus hist\u00f3ricos vi\u00f1edos durante un tour privado desde La Canea o Heraklion.<\/p>\n","protected":false},"featured_media":82853,"comment_status":"open","ping_status":"closed","template":"","meta":{"_acf_changed":false},"product_brand":[],"product_cat":[2529,2536,2544],"product_tag":[],"class_list":{"0":"post-82843","1":"product","2":"type-product","3":"status-publish","4":"has-post-thumbnail","6":"product_cat-creta-es","7":"product_cat-creta-actividades-es","8":"product_cat-creta-excursiones-es","10":"first","11":"instock","12":"shipping-taxable","13":"purchasable","14":"product-type-simple"},"acf":[],"yoast_head":"<!-- This site is optimized with the Yoast SEO Premium plugin v25.3.1 (Yoast SEO v25.3.1) - https:\/\/yoast.com\/wordpress\/plugins\/seo\/ -->\n<title>\u27a1\ufe0f Tour privado a los vi\u00f1edos de Creta con gu\u00eda local | Tour Travel &amp; More<\/title>\n<meta name=\"description\" content=\"Descubre los maravillosos vi\u00f1edos de Creta durante un tour privado a los vi\u00f1edos de Creta c\u00f3modo en tu veh\u00edculo privado \u2705\" \/>\n<meta name=\"robots\" content=\"index, follow, max-snippet:-1, max-image-preview:large, max-video-preview:-1\" \/>\n<link rel=\"canonical\" href=\"https:\/\/tourtravelandmore.com\/es\/tours\/grecia-es\/creta-es\/creta-actividades-es\/tour-privado-vinedos-de-creta\/\" \/>\n<meta property=\"og:locale\" content=\"es_ES\" \/>\n<meta property=\"og:type\" content=\"article\" \/>\n<meta property=\"og:title\" content=\"Tour privado a vi\u00f1edos de Creta\" \/>\n<meta property=\"og:description\" content=\"Descubre los maravillosos vi\u00f1edos de Creta durante un tour privado a los vi\u00f1edos de Creta c\u00f3modo en tu veh\u00edculo privado \u2705\" \/>\n<meta property=\"og:url\" content=\"https:\/\/tourtravelandmore.com\/es\/tours\/grecia-es\/creta-es\/creta-actividades-es\/tour-privado-vinedos-de-creta\/\" \/>\n<meta property=\"og:site_name\" content=\"Tour Travel And More\" \/>\n<meta property=\"article:publisher\" content=\"https:\/\/www.facebook.com\/tourtravelandmore\/\" \/>\n<meta property=\"article:modified_time\" content=\"2023-09-11T07:51:54+00:00\" \/>\n<meta property=\"og:image\" content=\"https:\/\/tourtravelandmore.com\/wp-content\/uploads\/2020\/08\/crete-4199333_960_720-min.jpg\" \/>\n\t<meta property=\"og:image:width\" content=\"960\" \/>\n\t<meta property=\"og:image:height\" content=\"640\" \/>\n\t<meta property=\"og:image:type\" content=\"image\/jpeg\" \/>\n<meta name=\"twitter:card\" content=\"summary_large_image\" \/>\n<meta name=\"twitter:site\" content=\"@TourTravel_More\" \/>\n<meta name=\"twitter:label1\" content=\"Tiempo de lectura\" \/>\n\t<meta name=\"twitter:data1\" content=\"2 minutos\" \/>\n<script type=\"application\/ld+json\" class=\"yoast-schema-graph\">{\"@context\":\"https:\/\/schema.org\",\"@graph\":[{\"@type\":\"WebPage\",\"@id\":\"https:\/\/tourtravelandmore.com\/es\/tours\/grecia-es\/creta-es\/creta-actividades-es\/tour-privado-vinedos-de-creta\/\",\"url\":\"https:\/\/tourtravelandmore.com\/es\/tours\/grecia-es\/creta-es\/creta-actividades-es\/tour-privado-vinedos-de-creta\/\",\"name\":\"\u27a1\ufe0f Tour privado a los vi\u00f1edos de Creta con gu\u00eda local | Tour Travel & More\",\"isPartOf\":{\"@id\":\"https:\/\/tourtravelandmore.com\/es\/#website\"},\"primaryImageOfPage\":{\"@id\":\"https:\/\/tourtravelandmore.com\/es\/tours\/grecia-es\/creta-es\/creta-actividades-es\/tour-privado-vinedos-de-creta\/#primaryimage\"},\"image\":{\"@id\":\"https:\/\/tourtravelandmore.com\/es\/tours\/grecia-es\/creta-es\/creta-actividades-es\/tour-privado-vinedos-de-creta\/#primaryimage\"},\"thumbnailUrl\":\"https:\/\/tourtravelandmore.com\/wp-content\/uploads\/2020\/08\/crete-4199333_960_720-min.jpg\",\"datePublished\":\"2020-08-25T08:50:51+00:00\",\"dateModified\":\"2023-09-11T07:51:54+00:00\",\"description\":\"Descubre los maravillosos vi\u00f1edos de Creta durante un tour privado a los vi\u00f1edos de Creta c\u00f3modo en tu veh\u00edculo privado \u2705\",\"breadcrumb\":{\"@id\":\"https:\/\/tourtravelandmore.com\/es\/tours\/grecia-es\/creta-es\/creta-actividades-es\/tour-privado-vinedos-de-creta\/#breadcrumb\"},\"inLanguage\":\"es\",\"potentialAction\":[{\"@type\":\"ReadAction\",\"target\":[\"https:\/\/tourtravelandmore.com\/es\/tours\/grecia-es\/creta-es\/creta-actividades-es\/tour-privado-vinedos-de-creta\/\"]}]},{\"@type\":\"ImageObject\",\"inLanguage\":\"es\",\"@id\":\"https:\/\/tourtravelandmore.com\/es\/tours\/grecia-es\/creta-es\/creta-actividades-es\/tour-privado-vinedos-de-creta\/#primaryimage\",\"url\":\"https:\/\/tourtravelandmore.com\/wp-content\/uploads\/2020\/08\/crete-4199333_960_720-min.jpg\",\"contentUrl\":\"https:\/\/tourtravelandmore.com\/wp-content\/uploads\/2020\/08\/crete-4199333_960_720-min.jpg\",\"width\":960,\"height\":640,\"caption\":\"Crete mountains\"},{\"@type\":\"BreadcrumbList\",\"@id\":\"https:\/\/tourtravelandmore.com\/es\/tours\/grecia-es\/creta-es\/creta-actividades-es\/tour-privado-vinedos-de-creta\/#breadcrumb\",\"itemListElement\":[{\"@type\":\"ListItem\",\"position\":1,\"name\":\"Home\",\"item\":\"https:\/\/tourtravelandmore.com\/es\/\"},{\"@type\":\"ListItem\",\"position\":2,\"name\":\"Tours\",\"item\":\"https:\/\/tourtravelandmore.com\/es\/tours\/\"},{\"@type\":\"ListItem\",\"position\":3,\"name\":\"Tour privado a vi\u00f1edos de Creta\"}]},{\"@type\":\"WebSite\",\"@id\":\"https:\/\/tourtravelandmore.com\/es\/#website\",\"url\":\"https:\/\/tourtravelandmore.com\/es\/\",\"name\":\"Tour Travel And More\",\"description\":\"Private sightseeing tours and luxury transfers in Spain\",\"publisher\":{\"@id\":\"https:\/\/tourtravelandmore.com\/es\/#organization\"},\"potentialAction\":[{\"@type\":\"SearchAction\",\"target\":{\"@type\":\"EntryPoint\",\"urlTemplate\":\"https:\/\/tourtravelandmore.com\/es\/?s={search_term_string}\"},\"query-input\":{\"@type\":\"PropertyValueSpecification\",\"valueRequired\":true,\"valueName\":\"search_term_string\"}}],\"inLanguage\":\"es\"},{\"@type\":\"Organization\",\"@id\":\"https:\/\/tourtravelandmore.com\/es\/#organization\",\"name\":\"Tour Travel And More\",\"url\":\"https:\/\/tourtravelandmore.com\/es\/\",\"logo\":{\"@type\":\"ImageObject\",\"inLanguage\":\"es\",\"@id\":\"https:\/\/tourtravelandmore.com\/es\/#\/schema\/logo\/image\/\",\"url\":\"https:\/\/tourtravelandmore.com\/wp-content\/uploads\/2022\/12\/cropped-logo-cabecera-new.png\",\"contentUrl\":\"https:\/\/tourtravelandmore.com\/wp-content\/uploads\/2022\/12\/cropped-logo-cabecera-new.png\",\"width\":430,\"height\":61,\"caption\":\"Tour Travel And More\"},\"image\":{\"@id\":\"https:\/\/tourtravelandmore.com\/es\/#\/schema\/logo\/image\/\"},\"sameAs\":[\"https:\/\/www.facebook.com\/tourtravelandmore\/\",\"https:\/\/x.com\/TourTravel_More\"]}]}<\/script>\n<!-- \/ Yoast SEO Premium plugin. -->","yoast_head_json":{"title":"\u27a1\ufe0f Tour privado a los vi\u00f1edos de Creta con gu\u00eda local | Tour Travel & More","description":"Descubre los maravillosos vi\u00f1edos de Creta durante un tour privado a los vi\u00f1edos de Creta c\u00f3modo en tu veh\u00edculo privado \u2705","robots":{"index":"index","follow":"follow","max-snippet":"max-snippet:-1","max-image-preview":"max-image-preview:large","max-video-preview":"max-video-preview:-1"},"canonical":"https:\/\/tourtravelandmore.com\/es\/tours\/grecia-es\/creta-es\/creta-actividades-es\/tour-privado-vinedos-de-creta\/","og_locale":"es_ES","og_type":"article","og_title":"Tour privado a vi\u00f1edos de Creta","og_description":"Descubre los maravillosos vi\u00f1edos de Creta durante un tour privado a los vi\u00f1edos de Creta c\u00f3modo en tu veh\u00edculo privado \u2705","og_url":"https:\/\/tourtravelandmore.com\/es\/tours\/grecia-es\/creta-es\/creta-actividades-es\/tour-privado-vinedos-de-creta\/","og_site_name":"Tour Travel And More","article_publisher":"https:\/\/www.facebook.com\/tourtravelandmore\/","article_modified_time":"2023-09-11T07:51:54+00:00","og_image":[{"width":960,"height":640,"url":"https:\/\/tourtravelandmore.com\/wp-content\/uploads\/2020\/08\/crete-4199333_960_720-min.jpg","type":"image\/jpeg"}],"twitter_card":"summary_large_image","twitter_site":"@TourTravel_More","twitter_misc":{"Tiempo de lectura":"2 minutos"},"schema":{"@context":"https:\/\/schema.org","@graph":[{"@type":"WebPage","@id":"https:\/\/tourtravelandmore.com\/es\/tours\/grecia-es\/creta-es\/creta-actividades-es\/tour-privado-vinedos-de-creta\/","url":"https:\/\/tourtravelandmore.com\/es\/tours\/grecia-es\/creta-es\/creta-actividades-es\/tour-privado-vinedos-de-creta\/","name":"\u27a1\ufe0f Tour privado a los vi\u00f1edos de Creta con gu\u00eda local | Tour Travel & More","isPartOf":{"@id":"https:\/\/tourtravelandmore.com\/es\/#website"},"primaryImageOfPage":{"@id":"https:\/\/tourtravelandmore.com\/es\/tours\/grecia-es\/creta-es\/creta-actividades-es\/tour-privado-vinedos-de-creta\/#primaryimage"},"image":{"@id":"https:\/\/tourtravelandmore.com\/es\/tours\/grecia-es\/creta-es\/creta-actividades-es\/tour-privado-vinedos-de-creta\/#primaryimage"},"thumbnailUrl":"https:\/\/tourtravelandmore.com\/wp-content\/uploads\/2020\/08\/crete-4199333_960_720-min.jpg","datePublished":"2020-08-25T08:50:51+00:00","dateModified":"2023-09-11T07:51:54+00:00","description":"Descubre los maravillosos vi\u00f1edos de Creta durante un tour privado a los vi\u00f1edos de Creta c\u00f3modo en tu veh\u00edculo privado \u2705","breadcrumb":{"@id":"https:\/\/tourtravelandmore.com\/es\/tours\/grecia-es\/creta-es\/creta-actividades-es\/tour-privado-vinedos-de-creta\/#breadcrumb"},"inLanguage":"es","potentialAction":[{"@type":"ReadAction","target":["https:\/\/tourtravelandmore.com\/es\/tours\/grecia-es\/creta-es\/creta-actividades-es\/tour-privado-vinedos-de-creta\/"]}]},{"@type":"ImageObject","inLanguage":"es","@id":"https:\/\/tourtravelandmore.com\/es\/tours\/grecia-es\/creta-es\/creta-actividades-es\/tour-privado-vinedos-de-creta\/#primaryimage","url":"https:\/\/tourtravelandmore.com\/wp-content\/uploads\/2020\/08\/crete-4199333_960_720-min.jpg","contentUrl":"https:\/\/tourtravelandmore.com\/wp-content\/uploads\/2020\/08\/crete-4199333_960_720-min.jpg","width":960,"height":640,"caption":"Crete mountains"},{"@type":"BreadcrumbList","@id":"https:\/\/tourtravelandmore.com\/es\/tours\/grecia-es\/creta-es\/creta-actividades-es\/tour-privado-vinedos-de-creta\/#breadcrumb","itemListElement":[{"@type":"ListItem","position":1,"name":"Home","item":"https:\/\/tourtravelandmore.com\/es\/"},{"@type":"ListItem","position":2,"name":"Tours","item":"https:\/\/tourtravelandmore.com\/es\/tours\/"},{"@type":"ListItem","position":3,"name":"Tour privado a vi\u00f1edos de Creta"}]},{"@type":"WebSite","@id":"https:\/\/tourtravelandmore.com\/es\/#website","url":"https:\/\/tourtravelandmore.com\/es\/","name":"Tour Travel And More","description":"Private sightseeing tours and luxury transfers in Spain","publisher":{"@id":"https:\/\/tourtravelandmore.com\/es\/#organization"},"potentialAction":[{"@type":"SearchAction","target":{"@type":"EntryPoint","urlTemplate":"https:\/\/tourtravelandmore.com\/es\/?s={search_term_string}"},"query-input":{"@type":"PropertyValueSpecification","valueRequired":true,"valueName":"search_term_string"}}],"inLanguage":"es"},{"@type":"Organization","@id":"https:\/\/tourtravelandmore.com\/es\/#organization","name":"Tour Travel And More","url":"https:\/\/tourtravelandmore.com\/es\/","logo":{"@type":"ImageObject","inLanguage":"es","@id":"https:\/\/tourtravelandmore.com\/es\/#\/schema\/logo\/image\/","url":"https:\/\/tourtravelandmore.com\/wp-content\/uploads\/2022\/12\/cropped-logo-cabecera-new.png","contentUrl":"https:\/\/tourtravelandmore.com\/wp-content\/uploads\/2022\/12\/cropped-logo-cabecera-new.png","width":430,"height":61,"caption":"Tour Travel And More"},"image":{"@id":"https:\/\/tourtravelandmore.com\/es\/#\/schema\/logo\/image\/"},"sameAs":["https:\/\/www.facebook.com\/tourtravelandmore\/","https:\/\/x.com\/TourTravel_More"]}]}},"_links":{"self":[{"href":"https:\/\/tourtravelandmore.com\/es\/wp-json\/wp\/v2\/product\/82843","targetHints":{"allow":["GET"]}}],"collection":[{"href":"https:\/\/tourtravelandmore.com\/es\/wp-json\/wp\/v2\/product"}],"about":[{"href":"https:\/\/tourtravelandmore.com\/es\/wp-json\/wp\/v2\/types\/product"}],"replies":[{"embeddable":true,"href":"https:\/\/tourtravelandmore.com\/es\/wp-json\/wp\/v2\/comments?post=82843"}],"wp:featuredmedia":[{"embeddable":true,"href":"https:\/\/tourtravelandmore.com\/es\/wp-json\/wp\/v2\/media\/82853"}],"wp:attachment":[{"href":"https:\/\/tourtravelandmore.com\/es\/wp-json\/wp\/v2\/media?parent=82843"}],"wp:term":[{"taxonomy":"product_brand","embeddable":true,"href":"https:\/\/tourtravelandmore.com\/es\/wp-json\/wp\/v2\/product_brand?post=82843"},{"taxonomy":"product_cat","embeddable":true,"href":"https:\/\/tourtravelandmore.com\/es\/wp-json\/wp\/v2\/product_cat?post=82843"},{"taxonomy":"product_tag","embeddable":true,"href":"https:\/\/tourtravelandmore.com\/es\/wp-json\/wp\/v2\/product_tag?post=82843"}],"curies":[{"name":"wp","href":"https:\/\/api.w.org\/{rel}","templated":true}]}}