{"id":82817,"date":"2020-08-25T09:38:58","date_gmt":"2020-08-25T07:38:59","guid":{"rendered":"https:\/\/tourtravelandmore.com\/?post_type=product&#038;p=82817"},"modified":"2023-09-11T09:53:37","modified_gmt":"2023-09-11T07:53:37","slug":"excursion-en-bote-privado-desde-creta","status":"publish","type":"product","link":"https:\/\/tourtravelandmore.com\/es\/tours\/grecia-es\/creta-es\/creta-actividades-es\/excursion-en-bote-privado-desde-creta\/","title":{"rendered":"Excursi\u00f3n en bote privado desde Creta"},"content":{"rendered":"<h2><strong>Descripci\u00f3n de la Excursi\u00f3n\u00a0en bote privado desde Creta<\/strong><\/h2>\n<p>La isla de Creta es la m\u00e1s grande de Grecia, y la quinta m\u00e1s grande del Mediterr\u00e1neo. Alberga maravillosas playas y puertos. No hay mejor modo para descubrir Creta, sus\u00a0alrededores y su magn\u00edfico entorno en bote privado. Cont\u00e1ctenos, le ayudaremos a coordinar su bote privado en Creta.<\/p>\n<p>Ofrecemos disposiciones privadas de medio d\u00eda y d\u00eda completo. El itinerario final, punto de recogida y horario de comienzo son adaptables a su inter\u00e9s.<\/p>\n<p>En caso de que este interesado en otro servicio privado en Creta, por favor vea nuestra <a href=\"https:\/\/tourtravelandmore.com\/es\/ciudad\/grecia-es\/creta-es\/\">lista de tours privados<\/a>.<\/p>\n<h2><strong>Puntos de inter\u00e9s en la excursi\u00f3n en bote privado<\/strong><\/h2>\n<p>La isla de Creta se extiende por aproximadamente 260 km. La cual est\u00e1 marcada por diversas cadenas monta\u00f1osas que se extienden de este a oeste. La poblaci\u00f3n de la isla ronda los 635.000 habitantes, 140.00 de ellos viviendo en Heraklion. El costado litoral norte es donde se encuentran la mayor\u00eda de las bah\u00edas y puertos naturales.<\/p>\n<p>El mejor modo de descubrir el maravilloso entorno de Creta es en bote privado. Las disposiciones normalmente inician en Heraklion o en Chania, desde donde pueden visitarse diversos sitios como: Balos, D\u00eda, Santorini, Milos, Chironisia, Thodorou y m\u00e1s!<\/p>\n<p>Durante nuestra disposici\u00f3n de <strong><em>bote privado en Creta<\/em><\/strong> podr\u00e1 usted visitar los sitios e islas m\u00e1s bonitas alrededor de Creta. Tendr\u00e1 un skipper profesional, experto y amplio conocedor de la regi\u00f3n, y un bote privado a su entera disposici\u00f3n. Es posible coordinar tambi\u00e9n un gu\u00eda oficial privado para que le acompa\u00f1e en su excursi\u00f3n. As\u00ed mismo, ofrecemos traslados privados desde y hacia su alojamiento en Creta.<\/p>\n<p>Podemos coordinar speed boats, yachts o el tipo de bote que usted desee. No dude en ponerse en contacto con nosotros para una experiencia personalizada!<\/p>\n","protected":false},"excerpt":{"rendered":"<p>Aproveche al m\u00e1ximo su visita a la isla y descubra los alrededores y sitios m\u00e1s bonitos c\u00f3modamente en su bote privado.<\/p>\n","protected":false},"featured_media":82831,"comment_status":"open","ping_status":"closed","template":"","meta":{"_acf_changed":false},"product_brand":[],"product_cat":[1605,2529,2536,2544],"product_tag":[],"class_list":{"0":"post-82817","1":"product","2":"type-product","3":"status-publish","4":"has-post-thumbnail","6":"product_cat-grecia-es","7":"product_cat-creta-es","8":"product_cat-creta-actividades-es","9":"product_cat-creta-excursiones-es","11":"first","12":"instock","13":"shipping-taxable","14":"purchasable","15":"product-type-simple"},"acf":[],"yoast_head":"<!-- This site is optimized with the Yoast SEO Premium plugin v25.3.1 (Yoast SEO v25.3.1) - https:\/\/yoast.com\/wordpress\/plugins\/seo\/ -->\n<title>\u27a1\ufe0f Bote privado en Creta - skipper profesional y botes de lujo | Tour Travel &amp; More<\/title>\n<meta name=\"description\" content=\"Disfrute de una experiencia de lujo privada en Creta. Disposici\u00f3n de botes privados en la isla de Creta junto a skipper profesional \u2705\" \/>\n<meta name=\"robots\" content=\"index, follow, max-snippet:-1, max-image-preview:large, max-video-preview:-1\" \/>\n<link rel=\"canonical\" href=\"https:\/\/tourtravelandmore.com\/es\/tours\/grecia-es\/creta-es\/creta-actividades-es\/excursion-en-bote-privado-desde-creta\/\" \/>\n<meta property=\"og:locale\" content=\"es_ES\" \/>\n<meta property=\"og:type\" content=\"article\" \/>\n<meta property=\"og:title\" content=\"Excursi\u00f3n en bote privado desde Creta\" \/>\n<meta property=\"og:description\" content=\"Disfrute de una experiencia de lujo privada en Creta. Disposici\u00f3n de botes privados en la isla de Creta junto a skipper profesional \u2705\" \/>\n<meta property=\"og:url\" content=\"https:\/\/tourtravelandmore.com\/es\/tours\/grecia-es\/creta-es\/creta-actividades-es\/excursion-en-bote-privado-desde-creta\/\" \/>\n<meta property=\"og:site_name\" content=\"Tour Travel And More\" \/>\n<meta property=\"article:publisher\" content=\"https:\/\/www.facebook.com\/tourtravelandmore\/\" \/>\n<meta property=\"article:modified_time\" content=\"2023-09-11T07:53:37+00:00\" \/>\n<meta property=\"og:image\" content=\"https:\/\/tourtravelandmore.com\/wp-content\/uploads\/2020\/08\/Balos-beach-min.jpg\" \/>\n\t<meta property=\"og:image:width\" content=\"910\" \/>\n\t<meta property=\"og:image:height\" content=\"607\" \/>\n\t<meta property=\"og:image:type\" content=\"image\/jpeg\" \/>\n<meta name=\"twitter:card\" content=\"summary_large_image\" \/>\n<meta name=\"twitter:site\" content=\"@TourTravel_More\" \/>\n<meta name=\"twitter:label1\" content=\"Tiempo de lectura\" \/>\n\t<meta name=\"twitter:data1\" content=\"2 minutos\" \/>\n<script type=\"application\/ld+json\" class=\"yoast-schema-graph\">{\"@context\":\"https:\/\/schema.org\",\"@graph\":[{\"@type\":\"WebPage\",\"@id\":\"https:\/\/tourtravelandmore.com\/es\/tours\/grecia-es\/creta-es\/creta-actividades-es\/excursion-en-bote-privado-desde-creta\/\",\"url\":\"https:\/\/tourtravelandmore.com\/es\/tours\/grecia-es\/creta-es\/creta-actividades-es\/excursion-en-bote-privado-desde-creta\/\",\"name\":\"\u27a1\ufe0f Bote privado en Creta - skipper profesional y botes de lujo | Tour Travel & More\",\"isPartOf\":{\"@id\":\"https:\/\/tourtravelandmore.com\/es\/#website\"},\"primaryImageOfPage\":{\"@id\":\"https:\/\/tourtravelandmore.com\/es\/tours\/grecia-es\/creta-es\/creta-actividades-es\/excursion-en-bote-privado-desde-creta\/#primaryimage\"},\"image\":{\"@id\":\"https:\/\/tourtravelandmore.com\/es\/tours\/grecia-es\/creta-es\/creta-actividades-es\/excursion-en-bote-privado-desde-creta\/#primaryimage\"},\"thumbnailUrl\":\"https:\/\/tourtravelandmore.com\/wp-content\/uploads\/2020\/08\/Balos-beach-min.jpg\",\"datePublished\":\"2020-08-25T07:38:59+00:00\",\"dateModified\":\"2023-09-11T07:53:37+00:00\",\"description\":\"Disfrute de una experiencia de lujo privada en Creta. Disposici\u00f3n de botes privados en la isla de Creta junto a skipper profesional \u2705\",\"breadcrumb\":{\"@id\":\"https:\/\/tourtravelandmore.com\/es\/tours\/grecia-es\/creta-es\/creta-actividades-es\/excursion-en-bote-privado-desde-creta\/#breadcrumb\"},\"inLanguage\":\"es\",\"potentialAction\":[{\"@type\":\"ReadAction\",\"target\":[\"https:\/\/tourtravelandmore.com\/es\/tours\/grecia-es\/creta-es\/creta-actividades-es\/excursion-en-bote-privado-desde-creta\/\"]}]},{\"@type\":\"ImageObject\",\"inLanguage\":\"es\",\"@id\":\"https:\/\/tourtravelandmore.com\/es\/tours\/grecia-es\/creta-es\/creta-actividades-es\/excursion-en-bote-privado-desde-creta\/#primaryimage\",\"url\":\"https:\/\/tourtravelandmore.com\/wp-content\/uploads\/2020\/08\/Balos-beach-min.jpg\",\"contentUrl\":\"https:\/\/tourtravelandmore.com\/wp-content\/uploads\/2020\/08\/Balos-beach-min.jpg\",\"width\":910,\"height\":607,\"caption\":\"Balos crete\"},{\"@type\":\"BreadcrumbList\",\"@id\":\"https:\/\/tourtravelandmore.com\/es\/tours\/grecia-es\/creta-es\/creta-actividades-es\/excursion-en-bote-privado-desde-creta\/#breadcrumb\",\"itemListElement\":[{\"@type\":\"ListItem\",\"position\":1,\"name\":\"Home\",\"item\":\"https:\/\/tourtravelandmore.com\/es\/\"},{\"@type\":\"ListItem\",\"position\":2,\"name\":\"Tours\",\"item\":\"https:\/\/tourtravelandmore.com\/es\/tours\/\"},{\"@type\":\"ListItem\",\"position\":3,\"name\":\"Excursi\u00f3n en bote privado desde Creta\"}]},{\"@type\":\"WebSite\",\"@id\":\"https:\/\/tourtravelandmore.com\/es\/#website\",\"url\":\"https:\/\/tourtravelandmore.com\/es\/\",\"name\":\"Tour Travel And More\",\"description\":\"Private sightseeing tours and luxury transfers in Spain\",\"publisher\":{\"@id\":\"https:\/\/tourtravelandmore.com\/es\/#organization\"},\"potentialAction\":[{\"@type\":\"SearchAction\",\"target\":{\"@type\":\"EntryPoint\",\"urlTemplate\":\"https:\/\/tourtravelandmore.com\/es\/?s={search_term_string}\"},\"query-input\":{\"@type\":\"PropertyValueSpecification\",\"valueRequired\":true,\"valueName\":\"search_term_string\"}}],\"inLanguage\":\"es\"},{\"@type\":\"Organization\",\"@id\":\"https:\/\/tourtravelandmore.com\/es\/#organization\",\"name\":\"Tour Travel And More\",\"url\":\"https:\/\/tourtravelandmore.com\/es\/\",\"logo\":{\"@type\":\"ImageObject\",\"inLanguage\":\"es\",\"@id\":\"https:\/\/tourtravelandmore.com\/es\/#\/schema\/logo\/image\/\",\"url\":\"https:\/\/tourtravelandmore.com\/wp-content\/uploads\/2022\/12\/cropped-logo-cabecera-new.png\",\"contentUrl\":\"https:\/\/tourtravelandmore.com\/wp-content\/uploads\/2022\/12\/cropped-logo-cabecera-new.png\",\"width\":430,\"height\":61,\"caption\":\"Tour Travel And More\"},\"image\":{\"@id\":\"https:\/\/tourtravelandmore.com\/es\/#\/schema\/logo\/image\/\"},\"sameAs\":[\"https:\/\/www.facebook.com\/tourtravelandmore\/\",\"https:\/\/x.com\/TourTravel_More\"]}]}<\/script>\n<!-- \/ Yoast SEO Premium plugin. -->","yoast_head_json":{"title":"\u27a1\ufe0f Bote privado en Creta - skipper profesional y botes de lujo | Tour Travel & More","description":"Disfrute de una experiencia de lujo privada en Creta. Disposici\u00f3n de botes privados en la isla de Creta junto a skipper profesional \u2705","robots":{"index":"index","follow":"follow","max-snippet":"max-snippet:-1","max-image-preview":"max-image-preview:large","max-video-preview":"max-video-preview:-1"},"canonical":"https:\/\/tourtravelandmore.com\/es\/tours\/grecia-es\/creta-es\/creta-actividades-es\/excursion-en-bote-privado-desde-creta\/","og_locale":"es_ES","og_type":"article","og_title":"Excursi\u00f3n en bote privado desde Creta","og_description":"Disfrute de una experiencia de lujo privada en Creta. Disposici\u00f3n de botes privados en la isla de Creta junto a skipper profesional \u2705","og_url":"https:\/\/tourtravelandmore.com\/es\/tours\/grecia-es\/creta-es\/creta-actividades-es\/excursion-en-bote-privado-desde-creta\/","og_site_name":"Tour Travel And More","article_publisher":"https:\/\/www.facebook.com\/tourtravelandmore\/","article_modified_time":"2023-09-11T07:53:37+00:00","og_image":[{"width":910,"height":607,"url":"https:\/\/tourtravelandmore.com\/wp-content\/uploads\/2020\/08\/Balos-beach-min.jpg","type":"image\/jpeg"}],"twitter_card":"summary_large_image","twitter_site":"@TourTravel_More","twitter_misc":{"Tiempo de lectura":"2 minutos"},"schema":{"@context":"https:\/\/schema.org","@graph":[{"@type":"WebPage","@id":"https:\/\/tourtravelandmore.com\/es\/tours\/grecia-es\/creta-es\/creta-actividades-es\/excursion-en-bote-privado-desde-creta\/","url":"https:\/\/tourtravelandmore.com\/es\/tours\/grecia-es\/creta-es\/creta-actividades-es\/excursion-en-bote-privado-desde-creta\/","name":"\u27a1\ufe0f Bote privado en Creta - skipper profesional y botes de lujo | Tour Travel & More","isPartOf":{"@id":"https:\/\/tourtravelandmore.com\/es\/#website"},"primaryImageOfPage":{"@id":"https:\/\/tourtravelandmore.com\/es\/tours\/grecia-es\/creta-es\/creta-actividades-es\/excursion-en-bote-privado-desde-creta\/#primaryimage"},"image":{"@id":"https:\/\/tourtravelandmore.com\/es\/tours\/grecia-es\/creta-es\/creta-actividades-es\/excursion-en-bote-privado-desde-creta\/#primaryimage"},"thumbnailUrl":"https:\/\/tourtravelandmore.com\/wp-content\/uploads\/2020\/08\/Balos-beach-min.jpg","datePublished":"2020-08-25T07:38:59+00:00","dateModified":"2023-09-11T07:53:37+00:00","description":"Disfrute de una experiencia de lujo privada en Creta. Disposici\u00f3n de botes privados en la isla de Creta junto a skipper profesional \u2705","breadcrumb":{"@id":"https:\/\/tourtravelandmore.com\/es\/tours\/grecia-es\/creta-es\/creta-actividades-es\/excursion-en-bote-privado-desde-creta\/#breadcrumb"},"inLanguage":"es","potentialAction":[{"@type":"ReadAction","target":["https:\/\/tourtravelandmore.com\/es\/tours\/grecia-es\/creta-es\/creta-actividades-es\/excursion-en-bote-privado-desde-creta\/"]}]},{"@type":"ImageObject","inLanguage":"es","@id":"https:\/\/tourtravelandmore.com\/es\/tours\/grecia-es\/creta-es\/creta-actividades-es\/excursion-en-bote-privado-desde-creta\/#primaryimage","url":"https:\/\/tourtravelandmore.com\/wp-content\/uploads\/2020\/08\/Balos-beach-min.jpg","contentUrl":"https:\/\/tourtravelandmore.com\/wp-content\/uploads\/2020\/08\/Balos-beach-min.jpg","width":910,"height":607,"caption":"Balos crete"},{"@type":"BreadcrumbList","@id":"https:\/\/tourtravelandmore.com\/es\/tours\/grecia-es\/creta-es\/creta-actividades-es\/excursion-en-bote-privado-desde-creta\/#breadcrumb","itemListElement":[{"@type":"ListItem","position":1,"name":"Home","item":"https:\/\/tourtravelandmore.com\/es\/"},{"@type":"ListItem","position":2,"name":"Tours","item":"https:\/\/tourtravelandmore.com\/es\/tours\/"},{"@type":"ListItem","position":3,"name":"Excursi\u00f3n en bote privado desde Creta"}]},{"@type":"WebSite","@id":"https:\/\/tourtravelandmore.com\/es\/#website","url":"https:\/\/tourtravelandmore.com\/es\/","name":"Tour Travel And More","description":"Private sightseeing tours and luxury transfers in Spain","publisher":{"@id":"https:\/\/tourtravelandmore.com\/es\/#organization"},"potentialAction":[{"@type":"SearchAction","target":{"@type":"EntryPoint","urlTemplate":"https:\/\/tourtravelandmore.com\/es\/?s={search_term_string}"},"query-input":{"@type":"PropertyValueSpecification","valueRequired":true,"valueName":"search_term_string"}}],"inLanguage":"es"},{"@type":"Organization","@id":"https:\/\/tourtravelandmore.com\/es\/#organization","name":"Tour Travel And More","url":"https:\/\/tourtravelandmore.com\/es\/","logo":{"@type":"ImageObject","inLanguage":"es","@id":"https:\/\/tourtravelandmore.com\/es\/#\/schema\/logo\/image\/","url":"https:\/\/tourtravelandmore.com\/wp-content\/uploads\/2022\/12\/cropped-logo-cabecera-new.png","contentUrl":"https:\/\/tourtravelandmore.com\/wp-content\/uploads\/2022\/12\/cropped-logo-cabecera-new.png","width":430,"height":61,"caption":"Tour Travel And More"},"image":{"@id":"https:\/\/tourtravelandmore.com\/es\/#\/schema\/logo\/image\/"},"sameAs":["https:\/\/www.facebook.com\/tourtravelandmore\/","https:\/\/x.com\/TourTravel_More"]}]}},"_links":{"self":[{"href":"https:\/\/tourtravelandmore.com\/es\/wp-json\/wp\/v2\/product\/82817","targetHints":{"allow":["GET"]}}],"collection":[{"href":"https:\/\/tourtravelandmore.com\/es\/wp-json\/wp\/v2\/product"}],"about":[{"href":"https:\/\/tourtravelandmore.com\/es\/wp-json\/wp\/v2\/types\/product"}],"replies":[{"embeddable":true,"href":"https:\/\/tourtravelandmore.com\/es\/wp-json\/wp\/v2\/comments?post=82817"}],"wp:featuredmedia":[{"embeddable":true,"href":"https:\/\/tourtravelandmore.com\/es\/wp-json\/wp\/v2\/media\/82831"}],"wp:attachment":[{"href":"https:\/\/tourtravelandmore.com\/es\/wp-json\/wp\/v2\/media?parent=82817"}],"wp:term":[{"taxonomy":"product_brand","embeddable":true,"href":"https:\/\/tourtravelandmore.com\/es\/wp-json\/wp\/v2\/product_brand?post=82817"},{"taxonomy":"product_cat","embeddable":true,"href":"https:\/\/tourtravelandmore.com\/es\/wp-json\/wp\/v2\/product_cat?post=82817"},{"taxonomy":"product_tag","embeddable":true,"href":"https:\/\/tourtravelandmore.com\/es\/wp-json\/wp\/v2\/product_tag?post=82817"}],"curies":[{"name":"wp","href":"https:\/\/api.w.org\/{rel}","templated":true}]}}