{"id":828,"date":"2016-03-13T13:23:47","date_gmt":"2016-04-14T18:59:05","guid":{"rendered":"http:\/\/tourtravelandmore.com\/?post_type=product&#038;p=828&#038;lang=es"},"modified":"2023-03-07T03:27:11","modified_gmt":"2023-03-07T02:27:11","slug":"tour-privado-a-pie-de-marbella-tour-con-guia-oficial","status":"publish","type":"product","link":"https:\/\/tourtravelandmore.com\/es\/tours\/espana-es\/marbella-puerto-banus-es\/tour-privado-a-pie-de-marbella-tour-con-guia-oficial\/","title":{"rendered":"Tour Privado a pie de Marbella"},"content":{"rendered":"<h2>Descripci\u00f3n del Tour Privado a pie de Marbella<\/h2>\n<p>Disfruta de este tour privado a pie de Marbella con gu\u00eda oficial privado.<\/p>\n<p>Marbella es una ciudad cosmopolita. Es conocida a nivel internacional en parte gracias a <strong>Puerto Ban\u00fas<\/strong>, aunque no le falta de nada para alcanzar tal m\u00e9rito. Este tour se centrar\u00e1 en la ciudad de Marbella, pero si desean ir a Puerto Ban\u00fas tambi\u00e9n, solo nos lo tienen que indicar en el formulario de contacto, y sumaremos un Taxi para ir y volver junto a su gu\u00eda.<\/p>\n<p>La duraci\u00f3n de este tour privado a pie es de 4 horas.<\/p>\n<p>Es un tour completamente privado, pueden escoger la hora y lugar de comienzo.<\/p>\n<h2>Puntos de inter\u00e9s en el Tour Privado a pie de Marbella<\/h2>\n<p>Este tour privado a pie Marbella nos centraremos en el<strong> Casco Historico<\/strong> de la ciudad. Formado por un entramado de callejuelas estrechas y sinuosas t\u00edpicas de Andaluc\u00eda, donde encontrar\u00e1s tiendas, arte, arquitectura, placitas inundadas de terrazas de bares, restaurantes y mucha vida que le dan a esta parte de la ciudad un ambiente \u00fanico y encantador.<\/p>\n<p>El lugar m\u00e1s importante del casco Historico es la famosa<strong> Plaza de los Naranjos. <\/strong>Rodeado de las t\u00edpicas casas blancas y varios edificios hist\u00f3ricos (<strong>Casa Consistorial<\/strong> <strong>o Ayuntamiento, Casa del Corregidor, Ermita de Santiago).<\/strong><\/p>\n<p>Junto al casco antiguo puedes visitar la <strong>Alcazaba y las Murallas<\/strong>, declarada Bien de Inter\u00e9s Cultural. Se encuentran en muy buen estado de conservaci\u00f3n y su origen se remonta al siglo X, durante la \u00e9poca \u00e1rabe; aunque la base se asienta sobre restos romanos de los siglos II y III antes de nuestra era.<\/p>\n<p>Desde el Casco Antiguo de Marbella si te diriges al paseo mar\u00edtimo te encontrar\u00e1s con la<strong> Avenida del Mar. La avenida act\u00faa como museo al aire libre, ya que alberga 10 esculturas de Salvador Dal\u00ed<br \/>\n<\/strong><\/p>\n<p>Si dispones de m\u00e1s d\u00edas en la ciudad de Marbella o en la Zona, puedes consultar <a href=\"https:\/\/tourtravelandmore.com\/es\/ciudad\/espana-es\/marbella-puerto-banus-es\/\"><strong>aqu\u00ed<\/strong><\/a>, el resto de nuestros tours privados en Marbella.<\/p>\n","protected":false},"excerpt":{"rendered":"<p>Descubre la ciudad de Marbella a pie, gracias a su gu\u00eda oficial privado. Descubre su Casco Historico y su famosa Plaza de los Naranjas, d\u00f3nde se encuentra el ayuntamiento <strong>de la ciudad, la Muralla, Alcazaba y su Avenida al Mar, d\u00f3nde se encuentran m\u00faltiples estatuas de Salvador Dal\u00ed.<\/strong><\/p>\n<p>&nbsp;<\/p>\n","protected":false},"featured_media":696,"comment_status":"open","ping_status":"closed","template":"","meta":{"_acf_changed":false},"product_brand":[],"product_cat":[88,89,92],"product_tag":[],"class_list":{"0":"post-828","1":"product","2":"type-product","3":"status-publish","4":"has-post-thumbnail","6":"product_cat-marbella-puerto-banus-es","7":"product_cat-marbella-puerto-banus-actividades-es","8":"product_cat-marbella-puerto-banus-tours-privados-pie-es","10":"first","11":"instock","12":"shipping-taxable","13":"purchasable","14":"product-type-simple"},"acf":[],"yoast_head":"<!-- This site is optimized with the Yoast SEO Premium plugin v25.3.1 (Yoast SEO v25.3.1) - https:\/\/yoast.com\/wordpress\/plugins\/seo\/ -->\n<title>\u27a1\ufe0f Tour Privado a pie de Marbella | Tour Travel &amp; More<\/title>\n<meta name=\"description\" content=\"Disfruta de este tour privado a pie por Marbella. Tour de Marbella andando con un gu\u00eda oficial privado. Walking Tour en Marbella \u2705\" \/>\n<meta name=\"robots\" content=\"index, follow, max-snippet:-1, max-image-preview:large, max-video-preview:-1\" \/>\n<link rel=\"canonical\" href=\"https:\/\/tourtravelandmore.com\/es\/tours\/espana-es\/marbella-puerto-banus-es\/tour-privado-a-pie-de-marbella-tour-con-guia-oficial\/\" \/>\n<meta property=\"og:locale\" content=\"es_ES\" \/>\n<meta property=\"og:type\" content=\"article\" \/>\n<meta property=\"og:title\" content=\"Tour Privado a pie de Marbella\" \/>\n<meta property=\"og:description\" content=\"Disfruta de este tour privado a pie por Marbella. Tour de Marbella andando con un gu\u00eda oficial privado. Walking Tour en Marbella \u2705\" \/>\n<meta property=\"og:url\" content=\"https:\/\/tourtravelandmore.com\/es\/tours\/espana-es\/marbella-puerto-banus-es\/tour-privado-a-pie-de-marbella-tour-con-guia-oficial\/\" \/>\n<meta property=\"og:site_name\" content=\"Tour Travel And More\" \/>\n<meta property=\"article:publisher\" content=\"https:\/\/www.facebook.com\/tourtravelandmore\/\" \/>\n<meta property=\"article:modified_time\" content=\"2023-03-07T02:27:11+00:00\" \/>\n<meta property=\"og:image\" content=\"https:\/\/tourtravelandmore.com\/wp-content\/uploads\/2016\/03\/Marbella-3.jpg\" \/>\n\t<meta property=\"og:image:width\" content=\"1620\" \/>\n\t<meta property=\"og:image:height\" content=\"1080\" \/>\n\t<meta property=\"og:image:type\" content=\"image\/jpeg\" \/>\n<meta name=\"twitter:card\" content=\"summary_large_image\" \/>\n<meta name=\"twitter:site\" content=\"@TourTravel_More\" \/>\n<meta name=\"twitter:label1\" content=\"Tiempo de lectura\" \/>\n\t<meta name=\"twitter:data1\" content=\"2 minutos\" \/>\n<script type=\"application\/ld+json\" class=\"yoast-schema-graph\">{\"@context\":\"https:\/\/schema.org\",\"@graph\":[{\"@type\":\"WebPage\",\"@id\":\"https:\/\/tourtravelandmore.com\/es\/tours\/espana-es\/marbella-puerto-banus-es\/tour-privado-a-pie-de-marbella-tour-con-guia-oficial\/\",\"url\":\"https:\/\/tourtravelandmore.com\/es\/tours\/espana-es\/marbella-puerto-banus-es\/tour-privado-a-pie-de-marbella-tour-con-guia-oficial\/\",\"name\":\"\u27a1\ufe0f Tour Privado a pie de Marbella | Tour Travel & More\",\"isPartOf\":{\"@id\":\"https:\/\/tourtravelandmore.com\/es\/#website\"},\"primaryImageOfPage\":{\"@id\":\"https:\/\/tourtravelandmore.com\/es\/tours\/espana-es\/marbella-puerto-banus-es\/tour-privado-a-pie-de-marbella-tour-con-guia-oficial\/#primaryimage\"},\"image\":{\"@id\":\"https:\/\/tourtravelandmore.com\/es\/tours\/espana-es\/marbella-puerto-banus-es\/tour-privado-a-pie-de-marbella-tour-con-guia-oficial\/#primaryimage\"},\"thumbnailUrl\":\"https:\/\/tourtravelandmore.com\/wp-content\/uploads\/2016\/03\/Marbella-3.jpg\",\"datePublished\":\"2016-04-14T18:59:05+00:00\",\"dateModified\":\"2023-03-07T02:27:11+00:00\",\"description\":\"Disfruta de este tour privado a pie por Marbella. Tour de Marbella andando con un gu\u00eda oficial privado. Walking Tour en Marbella \u2705\",\"breadcrumb\":{\"@id\":\"https:\/\/tourtravelandmore.com\/es\/tours\/espana-es\/marbella-puerto-banus-es\/tour-privado-a-pie-de-marbella-tour-con-guia-oficial\/#breadcrumb\"},\"inLanguage\":\"es\",\"potentialAction\":[{\"@type\":\"ReadAction\",\"target\":[\"https:\/\/tourtravelandmore.com\/es\/tours\/espana-es\/marbella-puerto-banus-es\/tour-privado-a-pie-de-marbella-tour-con-guia-oficial\/\"]}]},{\"@type\":\"ImageObject\",\"inLanguage\":\"es\",\"@id\":\"https:\/\/tourtravelandmore.com\/es\/tours\/espana-es\/marbella-puerto-banus-es\/tour-privado-a-pie-de-marbella-tour-con-guia-oficial\/#primaryimage\",\"url\":\"https:\/\/tourtravelandmore.com\/wp-content\/uploads\/2016\/03\/Marbella-3.jpg\",\"contentUrl\":\"https:\/\/tourtravelandmore.com\/wp-content\/uploads\/2016\/03\/Marbella-3.jpg\",\"width\":1620,\"height\":1080},{\"@type\":\"BreadcrumbList\",\"@id\":\"https:\/\/tourtravelandmore.com\/es\/tours\/espana-es\/marbella-puerto-banus-es\/tour-privado-a-pie-de-marbella-tour-con-guia-oficial\/#breadcrumb\",\"itemListElement\":[{\"@type\":\"ListItem\",\"position\":1,\"name\":\"Home\",\"item\":\"https:\/\/tourtravelandmore.com\/es\/\"},{\"@type\":\"ListItem\",\"position\":2,\"name\":\"Tours\",\"item\":\"https:\/\/tourtravelandmore.com\/es\/tours\/\"},{\"@type\":\"ListItem\",\"position\":3,\"name\":\"Tour Privado a pie de Marbella\"}]},{\"@type\":\"WebSite\",\"@id\":\"https:\/\/tourtravelandmore.com\/es\/#website\",\"url\":\"https:\/\/tourtravelandmore.com\/es\/\",\"name\":\"Tour Travel And More\",\"description\":\"Private sightseeing tours and luxury transfers in Spain\",\"publisher\":{\"@id\":\"https:\/\/tourtravelandmore.com\/es\/#organization\"},\"potentialAction\":[{\"@type\":\"SearchAction\",\"target\":{\"@type\":\"EntryPoint\",\"urlTemplate\":\"https:\/\/tourtravelandmore.com\/es\/?s={search_term_string}\"},\"query-input\":{\"@type\":\"PropertyValueSpecification\",\"valueRequired\":true,\"valueName\":\"search_term_string\"}}],\"inLanguage\":\"es\"},{\"@type\":\"Organization\",\"@id\":\"https:\/\/tourtravelandmore.com\/es\/#organization\",\"name\":\"Tour Travel And More\",\"url\":\"https:\/\/tourtravelandmore.com\/es\/\",\"logo\":{\"@type\":\"ImageObject\",\"inLanguage\":\"es\",\"@id\":\"https:\/\/tourtravelandmore.com\/es\/#\/schema\/logo\/image\/\",\"url\":\"https:\/\/tourtravelandmore.com\/wp-content\/uploads\/2022\/12\/cropped-logo-cabecera-new.png\",\"contentUrl\":\"https:\/\/tourtravelandmore.com\/wp-content\/uploads\/2022\/12\/cropped-logo-cabecera-new.png\",\"width\":430,\"height\":61,\"caption\":\"Tour Travel And More\"},\"image\":{\"@id\":\"https:\/\/tourtravelandmore.com\/es\/#\/schema\/logo\/image\/\"},\"sameAs\":[\"https:\/\/www.facebook.com\/tourtravelandmore\/\",\"https:\/\/x.com\/TourTravel_More\"]}]}<\/script>\n<!-- \/ Yoast SEO Premium plugin. -->","yoast_head_json":{"title":"\u27a1\ufe0f Tour Privado a pie de Marbella | Tour Travel & More","description":"Disfruta de este tour privado a pie por Marbella. Tour de Marbella andando con un gu\u00eda oficial privado. Walking Tour en Marbella \u2705","robots":{"index":"index","follow":"follow","max-snippet":"max-snippet:-1","max-image-preview":"max-image-preview:large","max-video-preview":"max-video-preview:-1"},"canonical":"https:\/\/tourtravelandmore.com\/es\/tours\/espana-es\/marbella-puerto-banus-es\/tour-privado-a-pie-de-marbella-tour-con-guia-oficial\/","og_locale":"es_ES","og_type":"article","og_title":"Tour Privado a pie de Marbella","og_description":"Disfruta de este tour privado a pie por Marbella. Tour de Marbella andando con un gu\u00eda oficial privado. Walking Tour en Marbella \u2705","og_url":"https:\/\/tourtravelandmore.com\/es\/tours\/espana-es\/marbella-puerto-banus-es\/tour-privado-a-pie-de-marbella-tour-con-guia-oficial\/","og_site_name":"Tour Travel And More","article_publisher":"https:\/\/www.facebook.com\/tourtravelandmore\/","article_modified_time":"2023-03-07T02:27:11+00:00","og_image":[{"width":1620,"height":1080,"url":"https:\/\/tourtravelandmore.com\/wp-content\/uploads\/2016\/03\/Marbella-3.jpg","type":"image\/jpeg"}],"twitter_card":"summary_large_image","twitter_site":"@TourTravel_More","twitter_misc":{"Tiempo de lectura":"2 minutos"},"schema":{"@context":"https:\/\/schema.org","@graph":[{"@type":"WebPage","@id":"https:\/\/tourtravelandmore.com\/es\/tours\/espana-es\/marbella-puerto-banus-es\/tour-privado-a-pie-de-marbella-tour-con-guia-oficial\/","url":"https:\/\/tourtravelandmore.com\/es\/tours\/espana-es\/marbella-puerto-banus-es\/tour-privado-a-pie-de-marbella-tour-con-guia-oficial\/","name":"\u27a1\ufe0f Tour Privado a pie de Marbella | Tour Travel & More","isPartOf":{"@id":"https:\/\/tourtravelandmore.com\/es\/#website"},"primaryImageOfPage":{"@id":"https:\/\/tourtravelandmore.com\/es\/tours\/espana-es\/marbella-puerto-banus-es\/tour-privado-a-pie-de-marbella-tour-con-guia-oficial\/#primaryimage"},"image":{"@id":"https:\/\/tourtravelandmore.com\/es\/tours\/espana-es\/marbella-puerto-banus-es\/tour-privado-a-pie-de-marbella-tour-con-guia-oficial\/#primaryimage"},"thumbnailUrl":"https:\/\/tourtravelandmore.com\/wp-content\/uploads\/2016\/03\/Marbella-3.jpg","datePublished":"2016-04-14T18:59:05+00:00","dateModified":"2023-03-07T02:27:11+00:00","description":"Disfruta de este tour privado a pie por Marbella. Tour de Marbella andando con un gu\u00eda oficial privado. Walking Tour en Marbella \u2705","breadcrumb":{"@id":"https:\/\/tourtravelandmore.com\/es\/tours\/espana-es\/marbella-puerto-banus-es\/tour-privado-a-pie-de-marbella-tour-con-guia-oficial\/#breadcrumb"},"inLanguage":"es","potentialAction":[{"@type":"ReadAction","target":["https:\/\/tourtravelandmore.com\/es\/tours\/espana-es\/marbella-puerto-banus-es\/tour-privado-a-pie-de-marbella-tour-con-guia-oficial\/"]}]},{"@type":"ImageObject","inLanguage":"es","@id":"https:\/\/tourtravelandmore.com\/es\/tours\/espana-es\/marbella-puerto-banus-es\/tour-privado-a-pie-de-marbella-tour-con-guia-oficial\/#primaryimage","url":"https:\/\/tourtravelandmore.com\/wp-content\/uploads\/2016\/03\/Marbella-3.jpg","contentUrl":"https:\/\/tourtravelandmore.com\/wp-content\/uploads\/2016\/03\/Marbella-3.jpg","width":1620,"height":1080},{"@type":"BreadcrumbList","@id":"https:\/\/tourtravelandmore.com\/es\/tours\/espana-es\/marbella-puerto-banus-es\/tour-privado-a-pie-de-marbella-tour-con-guia-oficial\/#breadcrumb","itemListElement":[{"@type":"ListItem","position":1,"name":"Home","item":"https:\/\/tourtravelandmore.com\/es\/"},{"@type":"ListItem","position":2,"name":"Tours","item":"https:\/\/tourtravelandmore.com\/es\/tours\/"},{"@type":"ListItem","position":3,"name":"Tour Privado a pie de Marbella"}]},{"@type":"WebSite","@id":"https:\/\/tourtravelandmore.com\/es\/#website","url":"https:\/\/tourtravelandmore.com\/es\/","name":"Tour Travel And More","description":"Private sightseeing tours and luxury transfers in Spain","publisher":{"@id":"https:\/\/tourtravelandmore.com\/es\/#organization"},"potentialAction":[{"@type":"SearchAction","target":{"@type":"EntryPoint","urlTemplate":"https:\/\/tourtravelandmore.com\/es\/?s={search_term_string}"},"query-input":{"@type":"PropertyValueSpecification","valueRequired":true,"valueName":"search_term_string"}}],"inLanguage":"es"},{"@type":"Organization","@id":"https:\/\/tourtravelandmore.com\/es\/#organization","name":"Tour Travel And More","url":"https:\/\/tourtravelandmore.com\/es\/","logo":{"@type":"ImageObject","inLanguage":"es","@id":"https:\/\/tourtravelandmore.com\/es\/#\/schema\/logo\/image\/","url":"https:\/\/tourtravelandmore.com\/wp-content\/uploads\/2022\/12\/cropped-logo-cabecera-new.png","contentUrl":"https:\/\/tourtravelandmore.com\/wp-content\/uploads\/2022\/12\/cropped-logo-cabecera-new.png","width":430,"height":61,"caption":"Tour Travel And More"},"image":{"@id":"https:\/\/tourtravelandmore.com\/es\/#\/schema\/logo\/image\/"},"sameAs":["https:\/\/www.facebook.com\/tourtravelandmore\/","https:\/\/x.com\/TourTravel_More"]}]}},"_links":{"self":[{"href":"https:\/\/tourtravelandmore.com\/es\/wp-json\/wp\/v2\/product\/828","targetHints":{"allow":["GET"]}}],"collection":[{"href":"https:\/\/tourtravelandmore.com\/es\/wp-json\/wp\/v2\/product"}],"about":[{"href":"https:\/\/tourtravelandmore.com\/es\/wp-json\/wp\/v2\/types\/product"}],"replies":[{"embeddable":true,"href":"https:\/\/tourtravelandmore.com\/es\/wp-json\/wp\/v2\/comments?post=828"}],"wp:featuredmedia":[{"embeddable":true,"href":"https:\/\/tourtravelandmore.com\/es\/wp-json\/wp\/v2\/media\/696"}],"wp:attachment":[{"href":"https:\/\/tourtravelandmore.com\/es\/wp-json\/wp\/v2\/media?parent=828"}],"wp:term":[{"taxonomy":"product_brand","embeddable":true,"href":"https:\/\/tourtravelandmore.com\/es\/wp-json\/wp\/v2\/product_brand?post=828"},{"taxonomy":"product_cat","embeddable":true,"href":"https:\/\/tourtravelandmore.com\/es\/wp-json\/wp\/v2\/product_cat?post=828"},{"taxonomy":"product_tag","embeddable":true,"href":"https:\/\/tourtravelandmore.com\/es\/wp-json\/wp\/v2\/product_tag?post=828"}],"curies":[{"name":"wp","href":"https:\/\/api.w.org\/{rel}","templated":true}]}}