{"id":82774,"date":"2020-08-24T19:01:33","date_gmt":"2020-08-24T17:01:34","guid":{"rendered":"https:\/\/tourtravelandmore.com\/?post_type=product&#038;p=82774"},"modified":"2023-09-11T09:49:57","modified_gmt":"2023-09-11T07:49:57","slug":"tour-privado-a-heraklion-y-cnosos-desde-chania","status":"publish","type":"product","link":"https:\/\/tourtravelandmore.com\/es\/tours\/grecia-es\/creta-es\/creta-actividades-es\/tour-privado-a-heraklion-y-cnosos-desde-chania\/","title":{"rendered":"Tour Privado a Heraklion y Cnosos desde Chania"},"content":{"rendered":"<h2><strong>Descripci\u00f3n del Tour Privado a Heraklion y Cnosos desde Chania<\/strong><\/h2>\n<p>Si est\u00e1 buscando una experiencia de d\u00eda completo, definitivamente no puede perderse este <strong>Tour Privado a Heraklion y Cnosos desde Chania<\/strong>. Nuestro tour privado incluye un v<strong>eh\u00edculo privado de lujo con chofer<\/strong> y <strong>gu\u00eda tur\u00edstico oficial<\/strong>.<\/p>\n<p>La isla de <strong>Creta<\/strong> se encuentra en la parte sur del mar Egeo, que separa el mar Egeo del mar de Libia. Es la isla m\u00e1s grande de Grecia y la quinta isla m\u00e1s grande del mar Mediterr\u00e1neo. Esta isla es parte de la Regi\u00f3n de Creta junto con otras islas e islotes.<\/p>\n<p>Por otro lado, tenemos a <strong>Heraklion<\/strong>, la capital de la isla. Esta ciudad es famosa por sus antiguas ruinas que rodean la ciudad. Otro dato interesante es que es la ciudad m\u00e1s grande de la isla y la cuarta ciudad m\u00e1s poblada de Grecia.<\/p>\n<p>Con este tour privado de Heraklion y Knossos, tienes la posibilidad de visitar los lugares y monumentos que m\u00e1s te interesan. En caso de que lo prefieras, tambi\u00e9n te damos la posibilidad de reducir horas de este tour. Puedes elegir c\u00f3mo quieres vivir esta experiencia privada.<\/p>\n<p>Tambi\u00e9n podemos ofrecerle recorridos m\u00e1s cortos, como nuestro <a href=\"https:\/\/tourtravelandmore.com\/es\/tours\/grecia-es\/creta-es\/creta-actividades-es\/tour-privado-a-pie-por-chania\/\">tour privado a pie por el casco antiguo de Chania<\/a>, \u00a1eche un vistazo!<\/p>\n<h2><strong>Puntos de inter\u00e9s en el Tour Privado a Heraklion y Cnosos<\/strong><\/h2>\n<p>En primer lugar, se reunir\u00e1 con su conductor privado en el lugar que elija en Chania. Este recorrido comenzar\u00e1 a la hora deseada por usted. Una vez en Heraklion se encontrar\u00e1 con su gu\u00eda oficial privado para un tour guiado.<\/p>\n<p>Todos nuestros gu\u00edas tienen licencia y conocen mucho la isla, por lo que aprender\u00e1s mucho con ellos.<\/p>\n<p>Durante este tour privado, podr\u00e1 visitar todos los sitios y monumentos m\u00e1s importantes de Heraklion y Knossos. Aqu\u00ed tienes un ejemplo de lo que puedes ver en una visita guiada de 8 horas:<\/p>\n<ul>\n<li><strong>Heraklion<\/strong>: la ciudad m\u00e1s importante de la isla<\/li>\n<li><a href=\"http:\/\/odysseus.culture.gr\/h\/3\/eh355.jsp?obj_id=2369\">Palacio de Knossos:<\/a> entrada incluida en el precio del tour<\/li>\n<li><strong>Fortaleza de Koules:<\/strong> Construida por los venecianos en el siglo XVI, es uno de los iconos de la ciudad.<\/li>\n<li><strong>Museo Arqueol\u00f3gico de Heraklion<\/strong><\/li>\n<li><strong>Museo de Historia de Creta<\/strong><\/li>\n<li><strong>Iglesia de San Tito<\/strong><\/li>\n<li><strong>Fortaleza de Roca al mar<\/strong><\/li>\n<li>\u00a1Y mucho m\u00e1s!<\/li>\n<\/ul>\n<p>Podemos incluir otras entradas a cualquier monumento o museo que desee visitar. Solo tienes que ponerte en contacto con nosotros y contarnos tus deseos y luego nosotros haremos el resto.<\/p>\n<p>Tambi\u00e9n tendr\u00e1s tiempo libre para almorzar y degustar una comida t\u00edpica griega. Te ofrecemos la posibilidad de hacer una reserva para ti para el almuerzo para que no tengas que preocuparte por nada.<\/p>\n<p>Finalmente, su conductor privado lo llevar\u00e1 de vuelta a su hotel o punto de partida en Chania.<\/p>\n","protected":false},"excerpt":{"rendered":"<p>Disfruta una excursi\u00f3n personalizada a Heraklion y Knossos desde Chania.<\/p>\n","protected":false},"featured_media":82784,"comment_status":"open","ping_status":"closed","template":"","meta":{"_acf_changed":false},"product_brand":[],"product_cat":[2529,2536,2544],"product_tag":[],"class_list":{"0":"post-82774","1":"product","2":"type-product","3":"status-publish","4":"has-post-thumbnail","6":"product_cat-creta-es","7":"product_cat-creta-actividades-es","8":"product_cat-creta-excursiones-es","10":"first","11":"instock","12":"shipping-taxable","13":"purchasable","14":"product-type-simple"},"acf":[],"yoast_head":"<!-- This site is optimized with the Yoast SEO Premium plugin v25.3.1 (Yoast SEO v25.3.1) - https:\/\/yoast.com\/wordpress\/plugins\/seo\/ -->\n<title>\u27a1\ufe0f Tour Privado a Heraklion y Cnosos desde Chania en veh\u00edculo privado | Tour Travel &amp; More<\/title>\n<meta name=\"description\" content=\"Disfrute de este Tour Privado a Heraklion y Cnosos desde Chania junto a su gu\u00eda oficial quien lo llevara a recorrer todos los lugares mas incre\u00edbles \u2705\" \/>\n<meta name=\"robots\" content=\"index, follow, max-snippet:-1, max-image-preview:large, max-video-preview:-1\" \/>\n<link rel=\"canonical\" href=\"https:\/\/tourtravelandmore.com\/es\/tours\/grecia-es\/creta-es\/creta-actividades-es\/tour-privado-a-heraklion-y-cnosos-desde-chania\/\" \/>\n<meta property=\"og:locale\" content=\"es_ES\" \/>\n<meta property=\"og:type\" content=\"article\" \/>\n<meta property=\"og:title\" content=\"Tour Privado a Heraklion y Cnosos desde Chania\" \/>\n<meta property=\"og:description\" content=\"Disfrute de este Tour Privado a Heraklion y Cnosos desde Chania junto a su gu\u00eda oficial quien lo llevara a recorrer todos los lugares mas incre\u00edbles \u2705\" \/>\n<meta property=\"og:url\" content=\"https:\/\/tourtravelandmore.com\/es\/tours\/grecia-es\/creta-es\/creta-actividades-es\/tour-privado-a-heraklion-y-cnosos-desde-chania\/\" \/>\n<meta property=\"og:site_name\" content=\"Tour Travel And More\" \/>\n<meta property=\"article:publisher\" content=\"https:\/\/www.facebook.com\/tourtravelandmore\/\" \/>\n<meta property=\"article:modified_time\" content=\"2023-09-11T07:49:57+00:00\" \/>\n<meta property=\"og:image\" content=\"https:\/\/tourtravelandmore.com\/wp-content\/uploads\/2020\/08\/Heraklion-2.jpg\" \/>\n\t<meta property=\"og:image:width\" content=\"1024\" \/>\n\t<meta property=\"og:image:height\" content=\"768\" \/>\n\t<meta property=\"og:image:type\" content=\"image\/jpeg\" \/>\n<meta name=\"twitter:card\" content=\"summary_large_image\" \/>\n<meta name=\"twitter:site\" content=\"@TourTravel_More\" \/>\n<meta name=\"twitter:label1\" content=\"Tiempo de lectura\" \/>\n\t<meta name=\"twitter:data1\" content=\"2 minutos\" \/>\n<script type=\"application\/ld+json\" class=\"yoast-schema-graph\">{\"@context\":\"https:\/\/schema.org\",\"@graph\":[{\"@type\":\"WebPage\",\"@id\":\"https:\/\/tourtravelandmore.com\/es\/tours\/grecia-es\/creta-es\/creta-actividades-es\/tour-privado-a-heraklion-y-cnosos-desde-chania\/\",\"url\":\"https:\/\/tourtravelandmore.com\/es\/tours\/grecia-es\/creta-es\/creta-actividades-es\/tour-privado-a-heraklion-y-cnosos-desde-chania\/\",\"name\":\"\u27a1\ufe0f Tour Privado a Heraklion y Cnosos desde Chania en veh\u00edculo privado | Tour Travel & More\",\"isPartOf\":{\"@id\":\"https:\/\/tourtravelandmore.com\/es\/#website\"},\"primaryImageOfPage\":{\"@id\":\"https:\/\/tourtravelandmore.com\/es\/tours\/grecia-es\/creta-es\/creta-actividades-es\/tour-privado-a-heraklion-y-cnosos-desde-chania\/#primaryimage\"},\"image\":{\"@id\":\"https:\/\/tourtravelandmore.com\/es\/tours\/grecia-es\/creta-es\/creta-actividades-es\/tour-privado-a-heraklion-y-cnosos-desde-chania\/#primaryimage\"},\"thumbnailUrl\":\"https:\/\/tourtravelandmore.com\/wp-content\/uploads\/2020\/08\/Heraklion-2.jpg\",\"datePublished\":\"2020-08-24T17:01:34+00:00\",\"dateModified\":\"2023-09-11T07:49:57+00:00\",\"description\":\"Disfrute de este Tour Privado a Heraklion y Cnosos desde Chania junto a su gu\u00eda oficial quien lo llevara a recorrer todos los lugares mas incre\u00edbles \u2705\",\"breadcrumb\":{\"@id\":\"https:\/\/tourtravelandmore.com\/es\/tours\/grecia-es\/creta-es\/creta-actividades-es\/tour-privado-a-heraklion-y-cnosos-desde-chania\/#breadcrumb\"},\"inLanguage\":\"es\",\"potentialAction\":[{\"@type\":\"ReadAction\",\"target\":[\"https:\/\/tourtravelandmore.com\/es\/tours\/grecia-es\/creta-es\/creta-actividades-es\/tour-privado-a-heraklion-y-cnosos-desde-chania\/\"]}]},{\"@type\":\"ImageObject\",\"inLanguage\":\"es\",\"@id\":\"https:\/\/tourtravelandmore.com\/es\/tours\/grecia-es\/creta-es\/creta-actividades-es\/tour-privado-a-heraklion-y-cnosos-desde-chania\/#primaryimage\",\"url\":\"https:\/\/tourtravelandmore.com\/wp-content\/uploads\/2020\/08\/Heraklion-2.jpg\",\"contentUrl\":\"https:\/\/tourtravelandmore.com\/wp-content\/uploads\/2020\/08\/Heraklion-2.jpg\",\"width\":1024,\"height\":768},{\"@type\":\"BreadcrumbList\",\"@id\":\"https:\/\/tourtravelandmore.com\/es\/tours\/grecia-es\/creta-es\/creta-actividades-es\/tour-privado-a-heraklion-y-cnosos-desde-chania\/#breadcrumb\",\"itemListElement\":[{\"@type\":\"ListItem\",\"position\":1,\"name\":\"Home\",\"item\":\"https:\/\/tourtravelandmore.com\/es\/\"},{\"@type\":\"ListItem\",\"position\":2,\"name\":\"Tours\",\"item\":\"https:\/\/tourtravelandmore.com\/es\/tours\/\"},{\"@type\":\"ListItem\",\"position\":3,\"name\":\"Tour Privado a Heraklion y Cnosos desde Chania\"}]},{\"@type\":\"WebSite\",\"@id\":\"https:\/\/tourtravelandmore.com\/es\/#website\",\"url\":\"https:\/\/tourtravelandmore.com\/es\/\",\"name\":\"Tour Travel And More\",\"description\":\"Private sightseeing tours and luxury transfers in Spain\",\"publisher\":{\"@id\":\"https:\/\/tourtravelandmore.com\/es\/#organization\"},\"potentialAction\":[{\"@type\":\"SearchAction\",\"target\":{\"@type\":\"EntryPoint\",\"urlTemplate\":\"https:\/\/tourtravelandmore.com\/es\/?s={search_term_string}\"},\"query-input\":{\"@type\":\"PropertyValueSpecification\",\"valueRequired\":true,\"valueName\":\"search_term_string\"}}],\"inLanguage\":\"es\"},{\"@type\":\"Organization\",\"@id\":\"https:\/\/tourtravelandmore.com\/es\/#organization\",\"name\":\"Tour Travel And More\",\"url\":\"https:\/\/tourtravelandmore.com\/es\/\",\"logo\":{\"@type\":\"ImageObject\",\"inLanguage\":\"es\",\"@id\":\"https:\/\/tourtravelandmore.com\/es\/#\/schema\/logo\/image\/\",\"url\":\"https:\/\/tourtravelandmore.com\/wp-content\/uploads\/2022\/12\/cropped-logo-cabecera-new.png\",\"contentUrl\":\"https:\/\/tourtravelandmore.com\/wp-content\/uploads\/2022\/12\/cropped-logo-cabecera-new.png\",\"width\":430,\"height\":61,\"caption\":\"Tour Travel And More\"},\"image\":{\"@id\":\"https:\/\/tourtravelandmore.com\/es\/#\/schema\/logo\/image\/\"},\"sameAs\":[\"https:\/\/www.facebook.com\/tourtravelandmore\/\",\"https:\/\/x.com\/TourTravel_More\"]}]}<\/script>\n<!-- \/ Yoast SEO Premium plugin. -->","yoast_head_json":{"title":"\u27a1\ufe0f Tour Privado a Heraklion y Cnosos desde Chania en veh\u00edculo privado | Tour Travel & More","description":"Disfrute de este Tour Privado a Heraklion y Cnosos desde Chania junto a su gu\u00eda oficial quien lo llevara a recorrer todos los lugares mas incre\u00edbles \u2705","robots":{"index":"index","follow":"follow","max-snippet":"max-snippet:-1","max-image-preview":"max-image-preview:large","max-video-preview":"max-video-preview:-1"},"canonical":"https:\/\/tourtravelandmore.com\/es\/tours\/grecia-es\/creta-es\/creta-actividades-es\/tour-privado-a-heraklion-y-cnosos-desde-chania\/","og_locale":"es_ES","og_type":"article","og_title":"Tour Privado a Heraklion y Cnosos desde Chania","og_description":"Disfrute de este Tour Privado a Heraklion y Cnosos desde Chania junto a su gu\u00eda oficial quien lo llevara a recorrer todos los lugares mas incre\u00edbles \u2705","og_url":"https:\/\/tourtravelandmore.com\/es\/tours\/grecia-es\/creta-es\/creta-actividades-es\/tour-privado-a-heraklion-y-cnosos-desde-chania\/","og_site_name":"Tour Travel And More","article_publisher":"https:\/\/www.facebook.com\/tourtravelandmore\/","article_modified_time":"2023-09-11T07:49:57+00:00","og_image":[{"width":1024,"height":768,"url":"https:\/\/tourtravelandmore.com\/wp-content\/uploads\/2020\/08\/Heraklion-2.jpg","type":"image\/jpeg"}],"twitter_card":"summary_large_image","twitter_site":"@TourTravel_More","twitter_misc":{"Tiempo de lectura":"2 minutos"},"schema":{"@context":"https:\/\/schema.org","@graph":[{"@type":"WebPage","@id":"https:\/\/tourtravelandmore.com\/es\/tours\/grecia-es\/creta-es\/creta-actividades-es\/tour-privado-a-heraklion-y-cnosos-desde-chania\/","url":"https:\/\/tourtravelandmore.com\/es\/tours\/grecia-es\/creta-es\/creta-actividades-es\/tour-privado-a-heraklion-y-cnosos-desde-chania\/","name":"\u27a1\ufe0f Tour Privado a Heraklion y Cnosos desde Chania en veh\u00edculo privado | Tour Travel & More","isPartOf":{"@id":"https:\/\/tourtravelandmore.com\/es\/#website"},"primaryImageOfPage":{"@id":"https:\/\/tourtravelandmore.com\/es\/tours\/grecia-es\/creta-es\/creta-actividades-es\/tour-privado-a-heraklion-y-cnosos-desde-chania\/#primaryimage"},"image":{"@id":"https:\/\/tourtravelandmore.com\/es\/tours\/grecia-es\/creta-es\/creta-actividades-es\/tour-privado-a-heraklion-y-cnosos-desde-chania\/#primaryimage"},"thumbnailUrl":"https:\/\/tourtravelandmore.com\/wp-content\/uploads\/2020\/08\/Heraklion-2.jpg","datePublished":"2020-08-24T17:01:34+00:00","dateModified":"2023-09-11T07:49:57+00:00","description":"Disfrute de este Tour Privado a Heraklion y Cnosos desde Chania junto a su gu\u00eda oficial quien lo llevara a recorrer todos los lugares mas incre\u00edbles \u2705","breadcrumb":{"@id":"https:\/\/tourtravelandmore.com\/es\/tours\/grecia-es\/creta-es\/creta-actividades-es\/tour-privado-a-heraklion-y-cnosos-desde-chania\/#breadcrumb"},"inLanguage":"es","potentialAction":[{"@type":"ReadAction","target":["https:\/\/tourtravelandmore.com\/es\/tours\/grecia-es\/creta-es\/creta-actividades-es\/tour-privado-a-heraklion-y-cnosos-desde-chania\/"]}]},{"@type":"ImageObject","inLanguage":"es","@id":"https:\/\/tourtravelandmore.com\/es\/tours\/grecia-es\/creta-es\/creta-actividades-es\/tour-privado-a-heraklion-y-cnosos-desde-chania\/#primaryimage","url":"https:\/\/tourtravelandmore.com\/wp-content\/uploads\/2020\/08\/Heraklion-2.jpg","contentUrl":"https:\/\/tourtravelandmore.com\/wp-content\/uploads\/2020\/08\/Heraklion-2.jpg","width":1024,"height":768},{"@type":"BreadcrumbList","@id":"https:\/\/tourtravelandmore.com\/es\/tours\/grecia-es\/creta-es\/creta-actividades-es\/tour-privado-a-heraklion-y-cnosos-desde-chania\/#breadcrumb","itemListElement":[{"@type":"ListItem","position":1,"name":"Home","item":"https:\/\/tourtravelandmore.com\/es\/"},{"@type":"ListItem","position":2,"name":"Tours","item":"https:\/\/tourtravelandmore.com\/es\/tours\/"},{"@type":"ListItem","position":3,"name":"Tour Privado a Heraklion y Cnosos desde Chania"}]},{"@type":"WebSite","@id":"https:\/\/tourtravelandmore.com\/es\/#website","url":"https:\/\/tourtravelandmore.com\/es\/","name":"Tour Travel And More","description":"Private sightseeing tours and luxury transfers in Spain","publisher":{"@id":"https:\/\/tourtravelandmore.com\/es\/#organization"},"potentialAction":[{"@type":"SearchAction","target":{"@type":"EntryPoint","urlTemplate":"https:\/\/tourtravelandmore.com\/es\/?s={search_term_string}"},"query-input":{"@type":"PropertyValueSpecification","valueRequired":true,"valueName":"search_term_string"}}],"inLanguage":"es"},{"@type":"Organization","@id":"https:\/\/tourtravelandmore.com\/es\/#organization","name":"Tour Travel And More","url":"https:\/\/tourtravelandmore.com\/es\/","logo":{"@type":"ImageObject","inLanguage":"es","@id":"https:\/\/tourtravelandmore.com\/es\/#\/schema\/logo\/image\/","url":"https:\/\/tourtravelandmore.com\/wp-content\/uploads\/2022\/12\/cropped-logo-cabecera-new.png","contentUrl":"https:\/\/tourtravelandmore.com\/wp-content\/uploads\/2022\/12\/cropped-logo-cabecera-new.png","width":430,"height":61,"caption":"Tour Travel And More"},"image":{"@id":"https:\/\/tourtravelandmore.com\/es\/#\/schema\/logo\/image\/"},"sameAs":["https:\/\/www.facebook.com\/tourtravelandmore\/","https:\/\/x.com\/TourTravel_More"]}]}},"_links":{"self":[{"href":"https:\/\/tourtravelandmore.com\/es\/wp-json\/wp\/v2\/product\/82774","targetHints":{"allow":["GET"]}}],"collection":[{"href":"https:\/\/tourtravelandmore.com\/es\/wp-json\/wp\/v2\/product"}],"about":[{"href":"https:\/\/tourtravelandmore.com\/es\/wp-json\/wp\/v2\/types\/product"}],"replies":[{"embeddable":true,"href":"https:\/\/tourtravelandmore.com\/es\/wp-json\/wp\/v2\/comments?post=82774"}],"wp:featuredmedia":[{"embeddable":true,"href":"https:\/\/tourtravelandmore.com\/es\/wp-json\/wp\/v2\/media\/82784"}],"wp:attachment":[{"href":"https:\/\/tourtravelandmore.com\/es\/wp-json\/wp\/v2\/media?parent=82774"}],"wp:term":[{"taxonomy":"product_brand","embeddable":true,"href":"https:\/\/tourtravelandmore.com\/es\/wp-json\/wp\/v2\/product_brand?post=82774"},{"taxonomy":"product_cat","embeddable":true,"href":"https:\/\/tourtravelandmore.com\/es\/wp-json\/wp\/v2\/product_cat?post=82774"},{"taxonomy":"product_tag","embeddable":true,"href":"https:\/\/tourtravelandmore.com\/es\/wp-json\/wp\/v2\/product_tag?post=82774"}],"curies":[{"name":"wp","href":"https:\/\/api.w.org\/{rel}","templated":true}]}}