{"id":8275,"date":"2016-10-20T16:46:24","date_gmt":"2016-10-24T11:48:02","guid":{"rendered":"http:\/\/tourtravelandmore.com\/es\/?post_type=product&#038;p=8275"},"modified":"2022-11-26T01:04:06","modified_gmt":"2022-11-26T00:04:06","slug":"tour-privado-compras-la-roca-village-desde-barcelona","status":"publish","type":"product","link":"https:\/\/tourtravelandmore.com\/es\/tours\/espana-es\/barcelona-es\/tour-privado-compras-la-roca-village-desde-barcelona\/","title":{"rendered":"Traslado a la Roca Village &#8211; Traslado Privado desde Barcelona"},"content":{"rendered":"<h2><strong>Descripci\u00f3n del Traslado a la Roca Village &#8211; Traslado Privado desde Barcelona<\/strong><\/h2>\n<p>Nuestro conductor os recoger\u00e1 desde Barcelona para iniciar el <strong>traslado a la roca village<\/strong>, en un veh\u00edculo privado de lujo. La Hora de inicio ser\u00e1 a la hora escogida por el viajero, nosotros nos adaptaremos. Para la vuelta hay dos formas. Podemos realizar otro traslado a la hora seleccionado, o el conductor puede esperar ah\u00ed, de esta forma si hacen muchas compras, pueden ir dejando las bolsas en el veh\u00edculo. Nuestro conductor no se mover\u00e1 del coche y estar\u00e1 vigilando en todo momento. Esta opci\u00f3n es la forma m\u00e1s f\u00e1cil para ir de compras. En el Formulario de contacto del tour nos lo pueden especificar y nuestro equipo le pasar\u00e1 la propuesta con todo detalle.<\/p>\n<p>Disfrute de esta oportunidad para ir en <strong>transporte privado desde Barcelona hasta La Roca Village<\/strong> para disfrutar de unas horas o de un d\u00eda entero de compras.<\/p>\n<p>La duraci\u00f3n de traslado a la roca village puede ser solo los traslado de ida y vuelto, a disposici\u00f3n con la espera del conductor, 2 Horas, 4 Horas, 6 Horas o 8 Horas.<\/p>\n<p>Este traslado a la Roca Village es completamente personalizable y pod\u00e9is organizarlo como quer\u00e1is y lo que busc\u00e1is.<\/p>\n<h2>Puntos de inter\u00e9s en el Traslado a la Roca Village &#8211; Traslado Privado desde Barcelona<\/h2>\n<p>Os recogeremos desde su hotel en Barcelona iremos hacia <strong><a href=\"https:\/\/www.tbvsc.com\/la-roca-village\/es\/marcas\">La Roca Village<\/a>, uno de los outlets m\u00e1s importantes de Europa y el mundo<\/strong>. Este complejo de tiendas al aire libre ofrece una experiencia \u00fanica en Barcelona con m\u00e1s de 130 tiendas de marcas nacionales e internacionales de lujo. Se ofrecen la moda de la temporada pasada con descuentos de hasta 60\u202f% sobre el precio recomendado.<\/p>\n<p>Disfruta de marcas como Armani, Loewe, Carolina Herera, Gucci, BDBA, Bimba &amp; Lola, Calvin Klein Jeans, Diesel, Hugo Boss, Michael Kors, Moncler, Ralph Lauren, Ray-Ban, Sita Murt, Tag Heur, Versace Company Store, Ermenegildo Zegna y mucho m\u00e1s.\u00a1Vuestro vehiculo privado os devolver\u00e1 a vuestro hotel o crucero para que pod\u00e1is ir a descansar y recuperar fuerzas!Este tour puede durar 4, 6, 8 horas o el n\u00famero de horas que ustedes deseen.<\/p>\n<p>Si desean conocer la ciudad de Barcelona, pueden consultar nuestros tours<a href=\"https:\/\/tourtravelandmore.com\/es\/ciudad\/espana-es\/barcelona-es\/\">\u00a0privados de la ciudad.<\/a><\/p>\n","protected":false},"excerpt":{"rendered":"<p>Disfrute de esta <strong>experiencia completamente privada en La Roca Village de Barcelona<\/strong>. Aproveche para disfrutar de esta gran experiencia de compras en el <strong>outlet de La Roca Village<\/strong> con tu propio veh\u00edculo privado con ch\u00f3fer. Tendr\u00e1s un d\u00eda completo para ir de compras en La Roca Village que cuenta con muchas marcas de ropa. Personalice su propia experiencia.<\/p>\n","protected":false},"featured_media":7902,"comment_status":"open","ping_status":"closed","template":"","meta":{"_acf_changed":false},"product_brand":[],"product_cat":[69,266,265],"product_tag":[],"class_list":{"0":"post-8275","1":"product","2":"type-product","3":"status-publish","4":"has-post-thumbnail","6":"product_cat-barcelona-es","7":"product_cat-barcelona-actividades-es","8":"product_cat-barcelona-traslados-es","10":"first","11":"instock","12":"shipping-taxable","13":"purchasable","14":"product-type-simple"},"acf":[],"yoast_head":"<!-- This site is optimized with the Yoast SEO Premium plugin v25.3.1 (Yoast SEO v25.3.1) - https:\/\/yoast.com\/wordpress\/plugins\/seo\/ -->\n<title>\u27a1\ufe0f Traslado a La Roca Village | Tour Travel &amp; More<\/title>\n<meta name=\"description\" content=\"Disfrute de esta oportunidad ir de compras a uno de los Outlets m\u00e1s importantes de Europa y el mundo, gracias a este Traslado a la Roca Village \u2705\" \/>\n<meta name=\"robots\" content=\"index, follow, max-snippet:-1, max-image-preview:large, max-video-preview:-1\" \/>\n<link rel=\"canonical\" href=\"https:\/\/tourtravelandmore.com\/es\/tours\/espana-es\/barcelona-es\/tour-privado-compras-la-roca-village-desde-barcelona\/\" \/>\n<meta property=\"og:locale\" content=\"es_ES\" \/>\n<meta property=\"og:type\" content=\"article\" \/>\n<meta property=\"og:title\" content=\"Traslado a la Roca Village - Traslado Privado desde Barcelona\" \/>\n<meta property=\"og:description\" content=\"Disfrute de esta oportunidad ir de compras a uno de los Outlets m\u00e1s importantes de Europa y el mundo, gracias a este Traslado a la Roca Village \u2705\" \/>\n<meta property=\"og:url\" content=\"https:\/\/tourtravelandmore.com\/es\/tours\/espana-es\/barcelona-es\/tour-privado-compras-la-roca-village-desde-barcelona\/\" \/>\n<meta property=\"og:site_name\" content=\"Tour Travel And More\" \/>\n<meta property=\"article:publisher\" content=\"https:\/\/www.facebook.com\/tourtravelandmore\/\" \/>\n<meta property=\"article:modified_time\" content=\"2022-11-26T00:04:06+00:00\" \/>\n<meta property=\"og:image\" content=\"https:\/\/tourtravelandmore.com\/wp-content\/uploads\/2016\/10\/costa-brava-la-roca-village-private-tour-5.jpg\" \/>\n\t<meta property=\"og:image:width\" content=\"960\" \/>\n\t<meta property=\"og:image:height\" content=\"719\" \/>\n\t<meta property=\"og:image:type\" content=\"image\/jpeg\" \/>\n<meta name=\"twitter:card\" content=\"summary_large_image\" \/>\n<meta name=\"twitter:site\" content=\"@TourTravel_More\" \/>\n<meta name=\"twitter:label1\" content=\"Tiempo de lectura\" \/>\n\t<meta name=\"twitter:data1\" content=\"2 minutos\" \/>\n<script type=\"application\/ld+json\" class=\"yoast-schema-graph\">{\"@context\":\"https:\/\/schema.org\",\"@graph\":[{\"@type\":\"WebPage\",\"@id\":\"https:\/\/tourtravelandmore.com\/es\/tours\/espana-es\/barcelona-es\/tour-privado-compras-la-roca-village-desde-barcelona\/\",\"url\":\"https:\/\/tourtravelandmore.com\/es\/tours\/espana-es\/barcelona-es\/tour-privado-compras-la-roca-village-desde-barcelona\/\",\"name\":\"\u27a1\ufe0f Traslado a La Roca Village | Tour Travel & More\",\"isPartOf\":{\"@id\":\"https:\/\/tourtravelandmore.com\/es\/#website\"},\"primaryImageOfPage\":{\"@id\":\"https:\/\/tourtravelandmore.com\/es\/tours\/espana-es\/barcelona-es\/tour-privado-compras-la-roca-village-desde-barcelona\/#primaryimage\"},\"image\":{\"@id\":\"https:\/\/tourtravelandmore.com\/es\/tours\/espana-es\/barcelona-es\/tour-privado-compras-la-roca-village-desde-barcelona\/#primaryimage\"},\"thumbnailUrl\":\"https:\/\/tourtravelandmore.com\/wp-content\/uploads\/2016\/10\/costa-brava-la-roca-village-private-tour-5.jpg\",\"datePublished\":\"2016-10-24T11:48:02+00:00\",\"dateModified\":\"2022-11-26T00:04:06+00:00\",\"description\":\"Disfrute de esta oportunidad ir de compras a uno de los Outlets m\u00e1s importantes de Europa y el mundo, gracias a este Traslado a la Roca Village \u2705\",\"breadcrumb\":{\"@id\":\"https:\/\/tourtravelandmore.com\/es\/tours\/espana-es\/barcelona-es\/tour-privado-compras-la-roca-village-desde-barcelona\/#breadcrumb\"},\"inLanguage\":\"es\",\"potentialAction\":[{\"@type\":\"ReadAction\",\"target\":[\"https:\/\/tourtravelandmore.com\/es\/tours\/espana-es\/barcelona-es\/tour-privado-compras-la-roca-village-desde-barcelona\/\"]}]},{\"@type\":\"ImageObject\",\"inLanguage\":\"es\",\"@id\":\"https:\/\/tourtravelandmore.com\/es\/tours\/espana-es\/barcelona-es\/tour-privado-compras-la-roca-village-desde-barcelona\/#primaryimage\",\"url\":\"https:\/\/tourtravelandmore.com\/wp-content\/uploads\/2016\/10\/costa-brava-la-roca-village-private-tour-5.jpg\",\"contentUrl\":\"https:\/\/tourtravelandmore.com\/wp-content\/uploads\/2016\/10\/costa-brava-la-roca-village-private-tour-5.jpg\",\"width\":960,\"height\":719},{\"@type\":\"BreadcrumbList\",\"@id\":\"https:\/\/tourtravelandmore.com\/es\/tours\/espana-es\/barcelona-es\/tour-privado-compras-la-roca-village-desde-barcelona\/#breadcrumb\",\"itemListElement\":[{\"@type\":\"ListItem\",\"position\":1,\"name\":\"Home\",\"item\":\"https:\/\/tourtravelandmore.com\/es\/\"},{\"@type\":\"ListItem\",\"position\":2,\"name\":\"Tours\",\"item\":\"https:\/\/tourtravelandmore.com\/es\/tours\/\"},{\"@type\":\"ListItem\",\"position\":3,\"name\":\"Traslado a la Roca Village &#8211; Traslado Privado desde Barcelona\"}]},{\"@type\":\"WebSite\",\"@id\":\"https:\/\/tourtravelandmore.com\/es\/#website\",\"url\":\"https:\/\/tourtravelandmore.com\/es\/\",\"name\":\"Tour Travel And More\",\"description\":\"Private sightseeing tours and luxury transfers in Spain\",\"publisher\":{\"@id\":\"https:\/\/tourtravelandmore.com\/es\/#organization\"},\"potentialAction\":[{\"@type\":\"SearchAction\",\"target\":{\"@type\":\"EntryPoint\",\"urlTemplate\":\"https:\/\/tourtravelandmore.com\/es\/?s={search_term_string}\"},\"query-input\":{\"@type\":\"PropertyValueSpecification\",\"valueRequired\":true,\"valueName\":\"search_term_string\"}}],\"inLanguage\":\"es\"},{\"@type\":\"Organization\",\"@id\":\"https:\/\/tourtravelandmore.com\/es\/#organization\",\"name\":\"Tour Travel And More\",\"url\":\"https:\/\/tourtravelandmore.com\/es\/\",\"logo\":{\"@type\":\"ImageObject\",\"inLanguage\":\"es\",\"@id\":\"https:\/\/tourtravelandmore.com\/es\/#\/schema\/logo\/image\/\",\"url\":\"https:\/\/tourtravelandmore.com\/wp-content\/uploads\/2022\/12\/cropped-logo-cabecera-new.png\",\"contentUrl\":\"https:\/\/tourtravelandmore.com\/wp-content\/uploads\/2022\/12\/cropped-logo-cabecera-new.png\",\"width\":430,\"height\":61,\"caption\":\"Tour Travel And More\"},\"image\":{\"@id\":\"https:\/\/tourtravelandmore.com\/es\/#\/schema\/logo\/image\/\"},\"sameAs\":[\"https:\/\/www.facebook.com\/tourtravelandmore\/\",\"https:\/\/x.com\/TourTravel_More\"]}]}<\/script>\n<!-- \/ Yoast SEO Premium plugin. -->","yoast_head_json":{"title":"\u27a1\ufe0f Traslado a La Roca Village | Tour Travel & More","description":"Disfrute de esta oportunidad ir de compras a uno de los Outlets m\u00e1s importantes de Europa y el mundo, gracias a este Traslado a la Roca Village \u2705","robots":{"index":"index","follow":"follow","max-snippet":"max-snippet:-1","max-image-preview":"max-image-preview:large","max-video-preview":"max-video-preview:-1"},"canonical":"https:\/\/tourtravelandmore.com\/es\/tours\/espana-es\/barcelona-es\/tour-privado-compras-la-roca-village-desde-barcelona\/","og_locale":"es_ES","og_type":"article","og_title":"Traslado a la Roca Village - Traslado Privado desde Barcelona","og_description":"Disfrute de esta oportunidad ir de compras a uno de los Outlets m\u00e1s importantes de Europa y el mundo, gracias a este Traslado a la Roca Village \u2705","og_url":"https:\/\/tourtravelandmore.com\/es\/tours\/espana-es\/barcelona-es\/tour-privado-compras-la-roca-village-desde-barcelona\/","og_site_name":"Tour Travel And More","article_publisher":"https:\/\/www.facebook.com\/tourtravelandmore\/","article_modified_time":"2022-11-26T00:04:06+00:00","og_image":[{"width":960,"height":719,"url":"https:\/\/tourtravelandmore.com\/wp-content\/uploads\/2016\/10\/costa-brava-la-roca-village-private-tour-5.jpg","type":"image\/jpeg"}],"twitter_card":"summary_large_image","twitter_site":"@TourTravel_More","twitter_misc":{"Tiempo de lectura":"2 minutos"},"schema":{"@context":"https:\/\/schema.org","@graph":[{"@type":"WebPage","@id":"https:\/\/tourtravelandmore.com\/es\/tours\/espana-es\/barcelona-es\/tour-privado-compras-la-roca-village-desde-barcelona\/","url":"https:\/\/tourtravelandmore.com\/es\/tours\/espana-es\/barcelona-es\/tour-privado-compras-la-roca-village-desde-barcelona\/","name":"\u27a1\ufe0f Traslado a La Roca Village | Tour Travel & More","isPartOf":{"@id":"https:\/\/tourtravelandmore.com\/es\/#website"},"primaryImageOfPage":{"@id":"https:\/\/tourtravelandmore.com\/es\/tours\/espana-es\/barcelona-es\/tour-privado-compras-la-roca-village-desde-barcelona\/#primaryimage"},"image":{"@id":"https:\/\/tourtravelandmore.com\/es\/tours\/espana-es\/barcelona-es\/tour-privado-compras-la-roca-village-desde-barcelona\/#primaryimage"},"thumbnailUrl":"https:\/\/tourtravelandmore.com\/wp-content\/uploads\/2016\/10\/costa-brava-la-roca-village-private-tour-5.jpg","datePublished":"2016-10-24T11:48:02+00:00","dateModified":"2022-11-26T00:04:06+00:00","description":"Disfrute de esta oportunidad ir de compras a uno de los Outlets m\u00e1s importantes de Europa y el mundo, gracias a este Traslado a la Roca Village \u2705","breadcrumb":{"@id":"https:\/\/tourtravelandmore.com\/es\/tours\/espana-es\/barcelona-es\/tour-privado-compras-la-roca-village-desde-barcelona\/#breadcrumb"},"inLanguage":"es","potentialAction":[{"@type":"ReadAction","target":["https:\/\/tourtravelandmore.com\/es\/tours\/espana-es\/barcelona-es\/tour-privado-compras-la-roca-village-desde-barcelona\/"]}]},{"@type":"ImageObject","inLanguage":"es","@id":"https:\/\/tourtravelandmore.com\/es\/tours\/espana-es\/barcelona-es\/tour-privado-compras-la-roca-village-desde-barcelona\/#primaryimage","url":"https:\/\/tourtravelandmore.com\/wp-content\/uploads\/2016\/10\/costa-brava-la-roca-village-private-tour-5.jpg","contentUrl":"https:\/\/tourtravelandmore.com\/wp-content\/uploads\/2016\/10\/costa-brava-la-roca-village-private-tour-5.jpg","width":960,"height":719},{"@type":"BreadcrumbList","@id":"https:\/\/tourtravelandmore.com\/es\/tours\/espana-es\/barcelona-es\/tour-privado-compras-la-roca-village-desde-barcelona\/#breadcrumb","itemListElement":[{"@type":"ListItem","position":1,"name":"Home","item":"https:\/\/tourtravelandmore.com\/es\/"},{"@type":"ListItem","position":2,"name":"Tours","item":"https:\/\/tourtravelandmore.com\/es\/tours\/"},{"@type":"ListItem","position":3,"name":"Traslado a la Roca Village &#8211; Traslado Privado desde Barcelona"}]},{"@type":"WebSite","@id":"https:\/\/tourtravelandmore.com\/es\/#website","url":"https:\/\/tourtravelandmore.com\/es\/","name":"Tour Travel And More","description":"Private sightseeing tours and luxury transfers in Spain","publisher":{"@id":"https:\/\/tourtravelandmore.com\/es\/#organization"},"potentialAction":[{"@type":"SearchAction","target":{"@type":"EntryPoint","urlTemplate":"https:\/\/tourtravelandmore.com\/es\/?s={search_term_string}"},"query-input":{"@type":"PropertyValueSpecification","valueRequired":true,"valueName":"search_term_string"}}],"inLanguage":"es"},{"@type":"Organization","@id":"https:\/\/tourtravelandmore.com\/es\/#organization","name":"Tour Travel And More","url":"https:\/\/tourtravelandmore.com\/es\/","logo":{"@type":"ImageObject","inLanguage":"es","@id":"https:\/\/tourtravelandmore.com\/es\/#\/schema\/logo\/image\/","url":"https:\/\/tourtravelandmore.com\/wp-content\/uploads\/2022\/12\/cropped-logo-cabecera-new.png","contentUrl":"https:\/\/tourtravelandmore.com\/wp-content\/uploads\/2022\/12\/cropped-logo-cabecera-new.png","width":430,"height":61,"caption":"Tour Travel And More"},"image":{"@id":"https:\/\/tourtravelandmore.com\/es\/#\/schema\/logo\/image\/"},"sameAs":["https:\/\/www.facebook.com\/tourtravelandmore\/","https:\/\/x.com\/TourTravel_More"]}]}},"_links":{"self":[{"href":"https:\/\/tourtravelandmore.com\/es\/wp-json\/wp\/v2\/product\/8275","targetHints":{"allow":["GET"]}}],"collection":[{"href":"https:\/\/tourtravelandmore.com\/es\/wp-json\/wp\/v2\/product"}],"about":[{"href":"https:\/\/tourtravelandmore.com\/es\/wp-json\/wp\/v2\/types\/product"}],"replies":[{"embeddable":true,"href":"https:\/\/tourtravelandmore.com\/es\/wp-json\/wp\/v2\/comments?post=8275"}],"wp:featuredmedia":[{"embeddable":true,"href":"https:\/\/tourtravelandmore.com\/es\/wp-json\/wp\/v2\/media\/7902"}],"wp:attachment":[{"href":"https:\/\/tourtravelandmore.com\/es\/wp-json\/wp\/v2\/media?parent=8275"}],"wp:term":[{"taxonomy":"product_brand","embeddable":true,"href":"https:\/\/tourtravelandmore.com\/es\/wp-json\/wp\/v2\/product_brand?post=8275"},{"taxonomy":"product_cat","embeddable":true,"href":"https:\/\/tourtravelandmore.com\/es\/wp-json\/wp\/v2\/product_cat?post=8275"},{"taxonomy":"product_tag","embeddable":true,"href":"https:\/\/tourtravelandmore.com\/es\/wp-json\/wp\/v2\/product_tag?post=8275"}],"curies":[{"name":"wp","href":"https:\/\/api.w.org\/{rel}","templated":true}]}}