{"id":82713,"date":"2020-08-20T19:56:50","date_gmt":"2020-08-20T17:56:51","guid":{"rendered":"https:\/\/tourtravelandmore.com\/?post_type=product&#038;p=82713"},"modified":"2023-09-08T13:34:28","modified_gmt":"2023-09-08T11:34:28","slug":"traslados-privados-en-santorini","status":"publish","type":"product","link":"https:\/\/tourtravelandmore.com\/es\/tours\/grecia-es\/santorini-es\/santorini-actividades-es\/traslados-privados-en-santorini\/","title":{"rendered":"Traslados Privados en Santorini &#8211; hacia\/desde cualquier sitio"},"content":{"rendered":"<h2><strong>Descripci\u00f3n de los Traslados\u00a0Privados en Santorini &#8211; hacia\/desde cualquier sitio<\/strong><\/h2>\n<p>Perm\u00edtannos coordinar su arribo o partida de Santorini. Coordinamos <strong>traslados privados en Santorini <\/strong>con chofer privado y veh\u00edculos de lujo. Le ofrecemos la forma m\u00e1s r\u00e1pida y f\u00e1cil de llegar a su destino final. Sin preocupaciones.<\/p>\n<p>Ofrecemos todo tipo de traslados en la isla. Arribos o partidas del aeropuerto, traslados desde o hacia la terminal de cruceros, traslados dentro de la isla y disposiciones privadas.<\/p>\n<p>En el caso de un arribo, ya sea al aeropuerto o puerto, su chofer privado le estar\u00e1 esperando con un cartel a su nombre.<\/p>\n<p>Tambi\u00e9n ofrecemos una amplia variedad de tours privados en Santorini, por favor mire nuestra <a href=\"https:\/\/tourtravelandmore.com\/es\/ciudad\/grecia-es\/santorini-es\/santorini-actividades-es\/\">lista de tours privados<\/a>.<\/p>\n<h2><strong>Puntos de inter\u00e9s<\/strong><\/h2>\n<p>Santorini es, junto a Mykonos, la isla m\u00e1s visitada y popular de Grecia. Es reconocida por su ambiente de lujo, tranquilidad y maravillosas playas y pueblos. La isla forma parte de las aclamadas islas C\u00edcladas, estando Santorini ubicada en la parte sur de \u00e9stas. Santorini est\u00e1 compuesta por diversas islas, fruto de la erupci\u00f3n del volc\u00e1n que la isla alberga.<\/p>\n<p>En Tour Travel and More ofrecemos actividades privadas, as\u00ed como tambi\u00e9n traslados y disposici\u00f3n de coche privado dentro de la isla. Todos los servicios que ofrecemos son en veh\u00edculos de lujo, y nuestros choferes son profesionales y amplios conocedores de la isla. No dude en contactarnos, coordinamos todo tipo de traslados privados en Santorini.<\/p>\n<p>No limitamos la cantidad de equipaje. Pero solicitamos por favor que nos informe con anticipaci\u00f3n en caso de llevar m\u00e1s de 1 maleta por persona.<\/p>\n<p>En caso de necesitar un asiento para beb\u00e9 o para ni\u00f1os, p\u00f3ngase en contacto con nosotros antes de su vuelo o crucero para organizarlo con anterioridad.<\/p>\n","protected":false},"excerpt":{"rendered":"<p>Disfrute de nuestro servicio de traslados privados dentro de la isla.<\/p>\n","protected":false},"featured_media":8555,"comment_status":"open","ping_status":"closed","template":"","meta":{"_acf_changed":false},"product_brand":[],"product_cat":[2518,2520,2526],"product_tag":[],"class_list":{"0":"post-82713","1":"product","2":"type-product","3":"status-publish","4":"has-post-thumbnail","6":"product_cat-santorini-es","7":"product_cat-santorini-actividades-es","8":"product_cat-santorini-traslados-es","10":"first","11":"instock","12":"shipping-taxable","13":"purchasable","14":"product-type-simple"},"acf":[],"yoast_head":"<!-- This site is optimized with the Yoast SEO Premium plugin v25.3.1 (Yoast SEO v25.3.1) - https:\/\/yoast.com\/wordpress\/plugins\/seo\/ -->\n<title>\u27a1\ufe0f Traslados Privados en Santorini: veh\u00edculo privado de lujo con chofer oficial | Tour Travel &amp; More<\/title>\n<meta name=\"description\" content=\"Traslados Privados en Santorini desde, hotel, aeropuerto o terminal de cruceros. Veh\u00edculos privados de lujo con chofer a su disposici\u00f3n \u2705\" \/>\n<meta name=\"robots\" content=\"index, follow, max-snippet:-1, max-image-preview:large, max-video-preview:-1\" \/>\n<link rel=\"canonical\" href=\"https:\/\/tourtravelandmore.com\/es\/tours\/grecia-es\/santorini-es\/santorini-actividades-es\/traslados-privados-en-santorini\/\" \/>\n<meta property=\"og:locale\" content=\"es_ES\" \/>\n<meta property=\"og:type\" content=\"article\" \/>\n<meta property=\"og:title\" content=\"Traslados Privados en Santorini - hacia\/desde cualquier sitio\" \/>\n<meta property=\"og:description\" content=\"Traslados Privados en Santorini desde, hotel, aeropuerto o terminal de cruceros. Veh\u00edculos privados de lujo con chofer a su disposici\u00f3n \u2705\" \/>\n<meta property=\"og:url\" content=\"https:\/\/tourtravelandmore.com\/es\/tours\/grecia-es\/santorini-es\/santorini-actividades-es\/traslados-privados-en-santorini\/\" \/>\n<meta property=\"og:site_name\" content=\"Tour Travel And More\" \/>\n<meta property=\"article:publisher\" content=\"https:\/\/www.facebook.com\/tourtravelandmore\/\" \/>\n<meta property=\"article:modified_time\" content=\"2023-09-08T11:34:28+00:00\" \/>\n<meta property=\"og:image\" content=\"https:\/\/tourtravelandmore.com\/wp-content\/uploads\/2016\/10\/madrid-private-transfer.png\" \/>\n\t<meta property=\"og:image:width\" content=\"640\" \/>\n\t<meta property=\"og:image:height\" content=\"425\" \/>\n\t<meta property=\"og:image:type\" content=\"image\/png\" \/>\n<meta name=\"twitter:card\" content=\"summary_large_image\" \/>\n<meta name=\"twitter:site\" content=\"@TourTravel_More\" \/>\n<meta name=\"twitter:label1\" content=\"Tiempo de lectura\" \/>\n\t<meta name=\"twitter:data1\" content=\"2 minutos\" \/>\n<script type=\"application\/ld+json\" class=\"yoast-schema-graph\">{\"@context\":\"https:\/\/schema.org\",\"@graph\":[{\"@type\":\"WebPage\",\"@id\":\"https:\/\/tourtravelandmore.com\/es\/tours\/grecia-es\/santorini-es\/santorini-actividades-es\/traslados-privados-en-santorini\/\",\"url\":\"https:\/\/tourtravelandmore.com\/es\/tours\/grecia-es\/santorini-es\/santorini-actividades-es\/traslados-privados-en-santorini\/\",\"name\":\"\u27a1\ufe0f Traslados Privados en Santorini: veh\u00edculo privado de lujo con chofer oficial | Tour Travel & More\",\"isPartOf\":{\"@id\":\"https:\/\/tourtravelandmore.com\/es\/#website\"},\"primaryImageOfPage\":{\"@id\":\"https:\/\/tourtravelandmore.com\/es\/tours\/grecia-es\/santorini-es\/santorini-actividades-es\/traslados-privados-en-santorini\/#primaryimage\"},\"image\":{\"@id\":\"https:\/\/tourtravelandmore.com\/es\/tours\/grecia-es\/santorini-es\/santorini-actividades-es\/traslados-privados-en-santorini\/#primaryimage\"},\"thumbnailUrl\":\"https:\/\/tourtravelandmore.com\/wp-content\/uploads\/2016\/10\/madrid-private-transfer.png\",\"datePublished\":\"2020-08-20T17:56:51+00:00\",\"dateModified\":\"2023-09-08T11:34:28+00:00\",\"description\":\"Traslados Privados en Santorini desde, hotel, aeropuerto o terminal de cruceros. Veh\u00edculos privados de lujo con chofer a su disposici\u00f3n \u2705\",\"breadcrumb\":{\"@id\":\"https:\/\/tourtravelandmore.com\/es\/tours\/grecia-es\/santorini-es\/santorini-actividades-es\/traslados-privados-en-santorini\/#breadcrumb\"},\"inLanguage\":\"es\",\"potentialAction\":[{\"@type\":\"ReadAction\",\"target\":[\"https:\/\/tourtravelandmore.com\/es\/tours\/grecia-es\/santorini-es\/santorini-actividades-es\/traslados-privados-en-santorini\/\"]}]},{\"@type\":\"ImageObject\",\"inLanguage\":\"es\",\"@id\":\"https:\/\/tourtravelandmore.com\/es\/tours\/grecia-es\/santorini-es\/santorini-actividades-es\/traslados-privados-en-santorini\/#primaryimage\",\"url\":\"https:\/\/tourtravelandmore.com\/wp-content\/uploads\/2016\/10\/madrid-private-transfer.png\",\"contentUrl\":\"https:\/\/tourtravelandmore.com\/wp-content\/uploads\/2016\/10\/madrid-private-transfer.png\",\"width\":640,\"height\":425},{\"@type\":\"BreadcrumbList\",\"@id\":\"https:\/\/tourtravelandmore.com\/es\/tours\/grecia-es\/santorini-es\/santorini-actividades-es\/traslados-privados-en-santorini\/#breadcrumb\",\"itemListElement\":[{\"@type\":\"ListItem\",\"position\":1,\"name\":\"Home\",\"item\":\"https:\/\/tourtravelandmore.com\/es\/\"},{\"@type\":\"ListItem\",\"position\":2,\"name\":\"Tours\",\"item\":\"https:\/\/tourtravelandmore.com\/es\/tours\/\"},{\"@type\":\"ListItem\",\"position\":3,\"name\":\"Traslados Privados en Santorini &#8211; hacia\/desde cualquier sitio\"}]},{\"@type\":\"WebSite\",\"@id\":\"https:\/\/tourtravelandmore.com\/es\/#website\",\"url\":\"https:\/\/tourtravelandmore.com\/es\/\",\"name\":\"Tour Travel And More\",\"description\":\"Private sightseeing tours and luxury transfers in Spain\",\"publisher\":{\"@id\":\"https:\/\/tourtravelandmore.com\/es\/#organization\"},\"potentialAction\":[{\"@type\":\"SearchAction\",\"target\":{\"@type\":\"EntryPoint\",\"urlTemplate\":\"https:\/\/tourtravelandmore.com\/es\/?s={search_term_string}\"},\"query-input\":{\"@type\":\"PropertyValueSpecification\",\"valueRequired\":true,\"valueName\":\"search_term_string\"}}],\"inLanguage\":\"es\"},{\"@type\":\"Organization\",\"@id\":\"https:\/\/tourtravelandmore.com\/es\/#organization\",\"name\":\"Tour Travel And More\",\"url\":\"https:\/\/tourtravelandmore.com\/es\/\",\"logo\":{\"@type\":\"ImageObject\",\"inLanguage\":\"es\",\"@id\":\"https:\/\/tourtravelandmore.com\/es\/#\/schema\/logo\/image\/\",\"url\":\"https:\/\/tourtravelandmore.com\/wp-content\/uploads\/2022\/12\/cropped-logo-cabecera-new.png\",\"contentUrl\":\"https:\/\/tourtravelandmore.com\/wp-content\/uploads\/2022\/12\/cropped-logo-cabecera-new.png\",\"width\":430,\"height\":61,\"caption\":\"Tour Travel And More\"},\"image\":{\"@id\":\"https:\/\/tourtravelandmore.com\/es\/#\/schema\/logo\/image\/\"},\"sameAs\":[\"https:\/\/www.facebook.com\/tourtravelandmore\/\",\"https:\/\/x.com\/TourTravel_More\"]}]}<\/script>\n<!-- \/ Yoast SEO Premium plugin. -->","yoast_head_json":{"title":"\u27a1\ufe0f Traslados Privados en Santorini: veh\u00edculo privado de lujo con chofer oficial | Tour Travel & More","description":"Traslados Privados en Santorini desde, hotel, aeropuerto o terminal de cruceros. Veh\u00edculos privados de lujo con chofer a su disposici\u00f3n \u2705","robots":{"index":"index","follow":"follow","max-snippet":"max-snippet:-1","max-image-preview":"max-image-preview:large","max-video-preview":"max-video-preview:-1"},"canonical":"https:\/\/tourtravelandmore.com\/es\/tours\/grecia-es\/santorini-es\/santorini-actividades-es\/traslados-privados-en-santorini\/","og_locale":"es_ES","og_type":"article","og_title":"Traslados Privados en Santorini - hacia\/desde cualquier sitio","og_description":"Traslados Privados en Santorini desde, hotel, aeropuerto o terminal de cruceros. Veh\u00edculos privados de lujo con chofer a su disposici\u00f3n \u2705","og_url":"https:\/\/tourtravelandmore.com\/es\/tours\/grecia-es\/santorini-es\/santorini-actividades-es\/traslados-privados-en-santorini\/","og_site_name":"Tour Travel And More","article_publisher":"https:\/\/www.facebook.com\/tourtravelandmore\/","article_modified_time":"2023-09-08T11:34:28+00:00","og_image":[{"width":640,"height":425,"url":"https:\/\/tourtravelandmore.com\/wp-content\/uploads\/2016\/10\/madrid-private-transfer.png","type":"image\/png"}],"twitter_card":"summary_large_image","twitter_site":"@TourTravel_More","twitter_misc":{"Tiempo de lectura":"2 minutos"},"schema":{"@context":"https:\/\/schema.org","@graph":[{"@type":"WebPage","@id":"https:\/\/tourtravelandmore.com\/es\/tours\/grecia-es\/santorini-es\/santorini-actividades-es\/traslados-privados-en-santorini\/","url":"https:\/\/tourtravelandmore.com\/es\/tours\/grecia-es\/santorini-es\/santorini-actividades-es\/traslados-privados-en-santorini\/","name":"\u27a1\ufe0f Traslados Privados en Santorini: veh\u00edculo privado de lujo con chofer oficial | Tour Travel & More","isPartOf":{"@id":"https:\/\/tourtravelandmore.com\/es\/#website"},"primaryImageOfPage":{"@id":"https:\/\/tourtravelandmore.com\/es\/tours\/grecia-es\/santorini-es\/santorini-actividades-es\/traslados-privados-en-santorini\/#primaryimage"},"image":{"@id":"https:\/\/tourtravelandmore.com\/es\/tours\/grecia-es\/santorini-es\/santorini-actividades-es\/traslados-privados-en-santorini\/#primaryimage"},"thumbnailUrl":"https:\/\/tourtravelandmore.com\/wp-content\/uploads\/2016\/10\/madrid-private-transfer.png","datePublished":"2020-08-20T17:56:51+00:00","dateModified":"2023-09-08T11:34:28+00:00","description":"Traslados Privados en Santorini desde, hotel, aeropuerto o terminal de cruceros. Veh\u00edculos privados de lujo con chofer a su disposici\u00f3n \u2705","breadcrumb":{"@id":"https:\/\/tourtravelandmore.com\/es\/tours\/grecia-es\/santorini-es\/santorini-actividades-es\/traslados-privados-en-santorini\/#breadcrumb"},"inLanguage":"es","potentialAction":[{"@type":"ReadAction","target":["https:\/\/tourtravelandmore.com\/es\/tours\/grecia-es\/santorini-es\/santorini-actividades-es\/traslados-privados-en-santorini\/"]}]},{"@type":"ImageObject","inLanguage":"es","@id":"https:\/\/tourtravelandmore.com\/es\/tours\/grecia-es\/santorini-es\/santorini-actividades-es\/traslados-privados-en-santorini\/#primaryimage","url":"https:\/\/tourtravelandmore.com\/wp-content\/uploads\/2016\/10\/madrid-private-transfer.png","contentUrl":"https:\/\/tourtravelandmore.com\/wp-content\/uploads\/2016\/10\/madrid-private-transfer.png","width":640,"height":425},{"@type":"BreadcrumbList","@id":"https:\/\/tourtravelandmore.com\/es\/tours\/grecia-es\/santorini-es\/santorini-actividades-es\/traslados-privados-en-santorini\/#breadcrumb","itemListElement":[{"@type":"ListItem","position":1,"name":"Home","item":"https:\/\/tourtravelandmore.com\/es\/"},{"@type":"ListItem","position":2,"name":"Tours","item":"https:\/\/tourtravelandmore.com\/es\/tours\/"},{"@type":"ListItem","position":3,"name":"Traslados Privados en Santorini &#8211; hacia\/desde cualquier sitio"}]},{"@type":"WebSite","@id":"https:\/\/tourtravelandmore.com\/es\/#website","url":"https:\/\/tourtravelandmore.com\/es\/","name":"Tour Travel And More","description":"Private sightseeing tours and luxury transfers in Spain","publisher":{"@id":"https:\/\/tourtravelandmore.com\/es\/#organization"},"potentialAction":[{"@type":"SearchAction","target":{"@type":"EntryPoint","urlTemplate":"https:\/\/tourtravelandmore.com\/es\/?s={search_term_string}"},"query-input":{"@type":"PropertyValueSpecification","valueRequired":true,"valueName":"search_term_string"}}],"inLanguage":"es"},{"@type":"Organization","@id":"https:\/\/tourtravelandmore.com\/es\/#organization","name":"Tour Travel And More","url":"https:\/\/tourtravelandmore.com\/es\/","logo":{"@type":"ImageObject","inLanguage":"es","@id":"https:\/\/tourtravelandmore.com\/es\/#\/schema\/logo\/image\/","url":"https:\/\/tourtravelandmore.com\/wp-content\/uploads\/2022\/12\/cropped-logo-cabecera-new.png","contentUrl":"https:\/\/tourtravelandmore.com\/wp-content\/uploads\/2022\/12\/cropped-logo-cabecera-new.png","width":430,"height":61,"caption":"Tour Travel And More"},"image":{"@id":"https:\/\/tourtravelandmore.com\/es\/#\/schema\/logo\/image\/"},"sameAs":["https:\/\/www.facebook.com\/tourtravelandmore\/","https:\/\/x.com\/TourTravel_More"]}]}},"_links":{"self":[{"href":"https:\/\/tourtravelandmore.com\/es\/wp-json\/wp\/v2\/product\/82713","targetHints":{"allow":["GET"]}}],"collection":[{"href":"https:\/\/tourtravelandmore.com\/es\/wp-json\/wp\/v2\/product"}],"about":[{"href":"https:\/\/tourtravelandmore.com\/es\/wp-json\/wp\/v2\/types\/product"}],"replies":[{"embeddable":true,"href":"https:\/\/tourtravelandmore.com\/es\/wp-json\/wp\/v2\/comments?post=82713"}],"wp:featuredmedia":[{"embeddable":true,"href":"https:\/\/tourtravelandmore.com\/es\/wp-json\/wp\/v2\/media\/8555"}],"wp:attachment":[{"href":"https:\/\/tourtravelandmore.com\/es\/wp-json\/wp\/v2\/media?parent=82713"}],"wp:term":[{"taxonomy":"product_brand","embeddable":true,"href":"https:\/\/tourtravelandmore.com\/es\/wp-json\/wp\/v2\/product_brand?post=82713"},{"taxonomy":"product_cat","embeddable":true,"href":"https:\/\/tourtravelandmore.com\/es\/wp-json\/wp\/v2\/product_cat?post=82713"},{"taxonomy":"product_tag","embeddable":true,"href":"https:\/\/tourtravelandmore.com\/es\/wp-json\/wp\/v2\/product_tag?post=82713"}],"curies":[{"name":"wp","href":"https:\/\/api.w.org\/{rel}","templated":true}]}}