{"id":82691,"date":"2020-08-20T17:24:00","date_gmt":"2020-08-20T15:24:00","guid":{"rendered":"https:\/\/tourtravelandmore.com\/?post_type=product&#038;p=82691"},"modified":"2023-09-08T13:29:38","modified_gmt":"2023-09-08T11:29:38","slug":"tour-privado-por-la-isla-de-santorini","status":"publish","type":"product","link":"https:\/\/tourtravelandmore.com\/es\/tours\/grecia-es\/santorini-es\/santorini-actividades-es\/tour-privado-por-la-isla-de-santorini\/","title":{"rendered":"Tour Privado de Santorini: Kontochori, Foinikia y Oia"},"content":{"rendered":"<h2><strong>Descripci\u00f3n del Tour Privado de Santorini: Kontochori, Foinikia y Oia<\/strong><\/h2>\n<p>Si usted visita la isla de Santorini por varios d\u00edas, o por el d\u00eda con su crucero, le recomendamos nuestro <em>tour privado en Santorini<\/em>. Ubicado en la regi\u00f3n de sur de las islas C\u00edcladas, Santorini es, junto a Mykonos, una de las islas m\u00e1s bonitas y visitadas de Grecia.<\/p>\n<p>Originalmente, una isla grande, la actual composici\u00f3n de Santorini es fruto de la erupci\u00f3n del volc\u00e1n que la isla alberga. Santorini alberga una naturaleza y pueblos maravillosos. Explore con nosotros sus sitios m\u00e1s emblem\u00e1ticos y especiales.<\/p>\n<p>La duraci\u00f3n de nuestra propuesta es de 4 horas, pero es posible coordinar un tour de mayor duraci\u00f3n. El itinerario final es absolutamente adaptable a su deseo personal. Con nuestro tour privado usted descubrir\u00e1 la isla junto a un gu\u00eda oficial privado, en un veh\u00edculo privado de lujo. Visitar\u00e1 los sitios m\u00e1s bonitos de Santorini, su naturaleza, pueblos y degustar\u00e1 su magn\u00edfica gastronom\u00eda.<\/p>\n<h2><strong>Puntos de inter\u00e9s en el Tour Privado de Santorini: Kontochori, Foinikia y Oia<\/strong><\/h2>\n<p>Para comenzar su tour privado, su chofer y gu\u00eda oficial le recoger\u00e1n en su sitio deseado en la isla. En caso de visitar Santorini en crucero, le esperar\u00e1n en la terminal de cruceros.<\/p>\n<p>Durante su tour privado visitar\u00e1 usted los sitios m\u00e1s bonitos y emblem\u00e1ticos de Santorini, como tambi\u00e9n aquellos sitios desconocidos por el turismo. El itinerario de su tour privado es ajustable a su deseo personal. Su gu\u00eda y chofer estar\u00e1n a su entera disposici\u00f3n durante su tour privado en Santorini.<\/p>\n<p>Entre otros sitios que podr\u00e1 visitar durante su tour privado:<\/p>\n<ul>\n<li><strong>Kontochori<\/strong>: Visita sus casas, tradiciones e iglesia<\/li>\n<li><strong>Foinikia<\/strong>: Camina este maravilloso pueblo y descubre sus coloridas casas<\/li>\n<li>Recomendamos hacer este tour por la tarde, para disfrutar de la puesta de sol en Oia al finalizar el mismo<\/li>\n<li>Mucho m\u00e1s!<\/li>\n<\/ul>\n<p>Durante su tour privado de Santorini tendr\u00e1 tiempo de degustar la fant\u00e1stica gastronom\u00eda local. Su gu\u00eda le recomendar\u00e1 los mejores sitios.<\/p>\n<p>Al finalizar su tour privado, su chofer y gu\u00eda le llevar\u00e1n a su sitio deseado en la isla. El itinerario y duraci\u00f3n del tour son ajustables a su deseo personal, cont\u00e1ctenos para una propuesta personalizada.<\/p>\n<p>Tambi\u00e9n ofrecemos tours privados a pie y disposici\u00f3n de bote privado en Santorini. Puede ver nuestras opciones en nuestra <a href=\"https:\/\/tourtravelandmore.com\/es\/ciudad\/grecia-es\/santorini-es\/santorini-actividades-es\/\">lista de tours privados<\/a>.<\/p>\n","protected":false},"excerpt":{"rendered":"<p>Atr\u00e9vase a descubrir la magn\u00edfica isla de Santorini junto a un gu\u00eda oficial privado, experto en tradici\u00f3n y cultura de la isla.<\/p>\n","protected":false},"featured_media":82705,"comment_status":"open","ping_status":"closed","template":"","meta":{"_acf_changed":false},"product_brand":[],"product_cat":[2518,2520,2522],"product_tag":[],"class_list":{"0":"post-82691","1":"product","2":"type-product","3":"status-publish","4":"has-post-thumbnail","6":"product_cat-santorini-es","7":"product_cat-santorini-actividades-es","8":"product_cat-santorini-excursiones-es","10":"first","11":"instock","12":"shipping-taxable","13":"purchasable","14":"product-type-simple"},"acf":[],"yoast_head":"<!-- This site is optimized with the Yoast SEO Premium plugin v25.3.1 (Yoast SEO v25.3.1) - https:\/\/yoast.com\/wordpress\/plugins\/seo\/ -->\n<title>\u27a1\ufe0f Tour privado en Santorini con chofer y gu\u00eda oficial privado | Tour Travel &amp; More<\/title>\n<meta name=\"description\" content=\"Explore la maravillosa isla de Santorini con nuestro tour privado en Santorini. Descubra sus pueblos, naturaleza, vistas panor\u00e1micas y mucho m\u00e1s! \u2705\" \/>\n<meta name=\"robots\" content=\"index, follow, max-snippet:-1, max-image-preview:large, max-video-preview:-1\" \/>\n<link rel=\"canonical\" href=\"https:\/\/tourtravelandmore.com\/es\/tours\/grecia-es\/santorini-es\/santorini-actividades-es\/tour-privado-por-la-isla-de-santorini\/\" \/>\n<meta property=\"og:locale\" content=\"es_ES\" \/>\n<meta property=\"og:type\" content=\"article\" \/>\n<meta property=\"og:title\" content=\"Tour Privado de Santorini: Kontochori, Foinikia y Oia\" \/>\n<meta property=\"og:description\" content=\"Explore la maravillosa isla de Santorini con nuestro tour privado en Santorini. Descubra sus pueblos, naturaleza, vistas panor\u00e1micas y mucho m\u00e1s! \u2705\" \/>\n<meta property=\"og:url\" content=\"https:\/\/tourtravelandmore.com\/es\/tours\/grecia-es\/santorini-es\/santorini-actividades-es\/tour-privado-por-la-isla-de-santorini\/\" \/>\n<meta property=\"og:site_name\" content=\"Tour Travel And More\" \/>\n<meta property=\"article:publisher\" content=\"https:\/\/www.facebook.com\/tourtravelandmore\/\" \/>\n<meta property=\"article:modified_time\" content=\"2023-09-08T11:29:38+00:00\" \/>\n<meta property=\"og:image\" content=\"https:\/\/tourtravelandmore.com\/wp-content\/uploads\/2020\/08\/Santorini-orange-min.jpg\" \/>\n\t<meta property=\"og:image:width\" content=\"960\" \/>\n\t<meta property=\"og:image:height\" content=\"672\" \/>\n\t<meta property=\"og:image:type\" content=\"image\/jpeg\" \/>\n<meta name=\"twitter:card\" content=\"summary_large_image\" \/>\n<meta name=\"twitter:site\" content=\"@TourTravel_More\" \/>\n<meta name=\"twitter:label1\" content=\"Tiempo de lectura\" \/>\n\t<meta name=\"twitter:data1\" content=\"2 minutos\" \/>\n<script type=\"application\/ld+json\" class=\"yoast-schema-graph\">{\"@context\":\"https:\/\/schema.org\",\"@graph\":[{\"@type\":\"WebPage\",\"@id\":\"https:\/\/tourtravelandmore.com\/es\/tours\/grecia-es\/santorini-es\/santorini-actividades-es\/tour-privado-por-la-isla-de-santorini\/\",\"url\":\"https:\/\/tourtravelandmore.com\/es\/tours\/grecia-es\/santorini-es\/santorini-actividades-es\/tour-privado-por-la-isla-de-santorini\/\",\"name\":\"\u27a1\ufe0f Tour privado en Santorini con chofer y gu\u00eda oficial privado | Tour Travel & More\",\"isPartOf\":{\"@id\":\"https:\/\/tourtravelandmore.com\/es\/#website\"},\"primaryImageOfPage\":{\"@id\":\"https:\/\/tourtravelandmore.com\/es\/tours\/grecia-es\/santorini-es\/santorini-actividades-es\/tour-privado-por-la-isla-de-santorini\/#primaryimage\"},\"image\":{\"@id\":\"https:\/\/tourtravelandmore.com\/es\/tours\/grecia-es\/santorini-es\/santorini-actividades-es\/tour-privado-por-la-isla-de-santorini\/#primaryimage\"},\"thumbnailUrl\":\"https:\/\/tourtravelandmore.com\/wp-content\/uploads\/2020\/08\/Santorini-orange-min.jpg\",\"datePublished\":\"2020-08-20T15:24:00+00:00\",\"dateModified\":\"2023-09-08T11:29:38+00:00\",\"description\":\"Explore la maravillosa isla de Santorini con nuestro tour privado en Santorini. Descubra sus pueblos, naturaleza, vistas panor\u00e1micas y mucho m\u00e1s! \u2705\",\"breadcrumb\":{\"@id\":\"https:\/\/tourtravelandmore.com\/es\/tours\/grecia-es\/santorini-es\/santorini-actividades-es\/tour-privado-por-la-isla-de-santorini\/#breadcrumb\"},\"inLanguage\":\"es\",\"potentialAction\":[{\"@type\":\"ReadAction\",\"target\":[\"https:\/\/tourtravelandmore.com\/es\/tours\/grecia-es\/santorini-es\/santorini-actividades-es\/tour-privado-por-la-isla-de-santorini\/\"]}]},{\"@type\":\"ImageObject\",\"inLanguage\":\"es\",\"@id\":\"https:\/\/tourtravelandmore.com\/es\/tours\/grecia-es\/santorini-es\/santorini-actividades-es\/tour-privado-por-la-isla-de-santorini\/#primaryimage\",\"url\":\"https:\/\/tourtravelandmore.com\/wp-content\/uploads\/2020\/08\/Santorini-orange-min.jpg\",\"contentUrl\":\"https:\/\/tourtravelandmore.com\/wp-content\/uploads\/2020\/08\/Santorini-orange-min.jpg\",\"width\":960,\"height\":672,\"caption\":\"Santorini orange\"},{\"@type\":\"BreadcrumbList\",\"@id\":\"https:\/\/tourtravelandmore.com\/es\/tours\/grecia-es\/santorini-es\/santorini-actividades-es\/tour-privado-por-la-isla-de-santorini\/#breadcrumb\",\"itemListElement\":[{\"@type\":\"ListItem\",\"position\":1,\"name\":\"Home\",\"item\":\"https:\/\/tourtravelandmore.com\/es\/\"},{\"@type\":\"ListItem\",\"position\":2,\"name\":\"Tours\",\"item\":\"https:\/\/tourtravelandmore.com\/es\/tours\/\"},{\"@type\":\"ListItem\",\"position\":3,\"name\":\"Tour Privado de Santorini: Kontochori, Foinikia y Oia\"}]},{\"@type\":\"WebSite\",\"@id\":\"https:\/\/tourtravelandmore.com\/es\/#website\",\"url\":\"https:\/\/tourtravelandmore.com\/es\/\",\"name\":\"Tour Travel And More\",\"description\":\"Private sightseeing tours and luxury transfers in Spain\",\"publisher\":{\"@id\":\"https:\/\/tourtravelandmore.com\/es\/#organization\"},\"potentialAction\":[{\"@type\":\"SearchAction\",\"target\":{\"@type\":\"EntryPoint\",\"urlTemplate\":\"https:\/\/tourtravelandmore.com\/es\/?s={search_term_string}\"},\"query-input\":{\"@type\":\"PropertyValueSpecification\",\"valueRequired\":true,\"valueName\":\"search_term_string\"}}],\"inLanguage\":\"es\"},{\"@type\":\"Organization\",\"@id\":\"https:\/\/tourtravelandmore.com\/es\/#organization\",\"name\":\"Tour Travel And More\",\"url\":\"https:\/\/tourtravelandmore.com\/es\/\",\"logo\":{\"@type\":\"ImageObject\",\"inLanguage\":\"es\",\"@id\":\"https:\/\/tourtravelandmore.com\/es\/#\/schema\/logo\/image\/\",\"url\":\"https:\/\/tourtravelandmore.com\/wp-content\/uploads\/2022\/12\/cropped-logo-cabecera-new.png\",\"contentUrl\":\"https:\/\/tourtravelandmore.com\/wp-content\/uploads\/2022\/12\/cropped-logo-cabecera-new.png\",\"width\":430,\"height\":61,\"caption\":\"Tour Travel And More\"},\"image\":{\"@id\":\"https:\/\/tourtravelandmore.com\/es\/#\/schema\/logo\/image\/\"},\"sameAs\":[\"https:\/\/www.facebook.com\/tourtravelandmore\/\",\"https:\/\/x.com\/TourTravel_More\"]}]}<\/script>\n<!-- \/ Yoast SEO Premium plugin. -->","yoast_head_json":{"title":"\u27a1\ufe0f Tour privado en Santorini con chofer y gu\u00eda oficial privado | Tour Travel & More","description":"Explore la maravillosa isla de Santorini con nuestro tour privado en Santorini. Descubra sus pueblos, naturaleza, vistas panor\u00e1micas y mucho m\u00e1s! \u2705","robots":{"index":"index","follow":"follow","max-snippet":"max-snippet:-1","max-image-preview":"max-image-preview:large","max-video-preview":"max-video-preview:-1"},"canonical":"https:\/\/tourtravelandmore.com\/es\/tours\/grecia-es\/santorini-es\/santorini-actividades-es\/tour-privado-por-la-isla-de-santorini\/","og_locale":"es_ES","og_type":"article","og_title":"Tour Privado de Santorini: Kontochori, Foinikia y Oia","og_description":"Explore la maravillosa isla de Santorini con nuestro tour privado en Santorini. Descubra sus pueblos, naturaleza, vistas panor\u00e1micas y mucho m\u00e1s! \u2705","og_url":"https:\/\/tourtravelandmore.com\/es\/tours\/grecia-es\/santorini-es\/santorini-actividades-es\/tour-privado-por-la-isla-de-santorini\/","og_site_name":"Tour Travel And More","article_publisher":"https:\/\/www.facebook.com\/tourtravelandmore\/","article_modified_time":"2023-09-08T11:29:38+00:00","og_image":[{"width":960,"height":672,"url":"https:\/\/tourtravelandmore.com\/wp-content\/uploads\/2020\/08\/Santorini-orange-min.jpg","type":"image\/jpeg"}],"twitter_card":"summary_large_image","twitter_site":"@TourTravel_More","twitter_misc":{"Tiempo de lectura":"2 minutos"},"schema":{"@context":"https:\/\/schema.org","@graph":[{"@type":"WebPage","@id":"https:\/\/tourtravelandmore.com\/es\/tours\/grecia-es\/santorini-es\/santorini-actividades-es\/tour-privado-por-la-isla-de-santorini\/","url":"https:\/\/tourtravelandmore.com\/es\/tours\/grecia-es\/santorini-es\/santorini-actividades-es\/tour-privado-por-la-isla-de-santorini\/","name":"\u27a1\ufe0f Tour privado en Santorini con chofer y gu\u00eda oficial privado | Tour Travel & More","isPartOf":{"@id":"https:\/\/tourtravelandmore.com\/es\/#website"},"primaryImageOfPage":{"@id":"https:\/\/tourtravelandmore.com\/es\/tours\/grecia-es\/santorini-es\/santorini-actividades-es\/tour-privado-por-la-isla-de-santorini\/#primaryimage"},"image":{"@id":"https:\/\/tourtravelandmore.com\/es\/tours\/grecia-es\/santorini-es\/santorini-actividades-es\/tour-privado-por-la-isla-de-santorini\/#primaryimage"},"thumbnailUrl":"https:\/\/tourtravelandmore.com\/wp-content\/uploads\/2020\/08\/Santorini-orange-min.jpg","datePublished":"2020-08-20T15:24:00+00:00","dateModified":"2023-09-08T11:29:38+00:00","description":"Explore la maravillosa isla de Santorini con nuestro tour privado en Santorini. Descubra sus pueblos, naturaleza, vistas panor\u00e1micas y mucho m\u00e1s! \u2705","breadcrumb":{"@id":"https:\/\/tourtravelandmore.com\/es\/tours\/grecia-es\/santorini-es\/santorini-actividades-es\/tour-privado-por-la-isla-de-santorini\/#breadcrumb"},"inLanguage":"es","potentialAction":[{"@type":"ReadAction","target":["https:\/\/tourtravelandmore.com\/es\/tours\/grecia-es\/santorini-es\/santorini-actividades-es\/tour-privado-por-la-isla-de-santorini\/"]}]},{"@type":"ImageObject","inLanguage":"es","@id":"https:\/\/tourtravelandmore.com\/es\/tours\/grecia-es\/santorini-es\/santorini-actividades-es\/tour-privado-por-la-isla-de-santorini\/#primaryimage","url":"https:\/\/tourtravelandmore.com\/wp-content\/uploads\/2020\/08\/Santorini-orange-min.jpg","contentUrl":"https:\/\/tourtravelandmore.com\/wp-content\/uploads\/2020\/08\/Santorini-orange-min.jpg","width":960,"height":672,"caption":"Santorini orange"},{"@type":"BreadcrumbList","@id":"https:\/\/tourtravelandmore.com\/es\/tours\/grecia-es\/santorini-es\/santorini-actividades-es\/tour-privado-por-la-isla-de-santorini\/#breadcrumb","itemListElement":[{"@type":"ListItem","position":1,"name":"Home","item":"https:\/\/tourtravelandmore.com\/es\/"},{"@type":"ListItem","position":2,"name":"Tours","item":"https:\/\/tourtravelandmore.com\/es\/tours\/"},{"@type":"ListItem","position":3,"name":"Tour Privado de Santorini: Kontochori, Foinikia y Oia"}]},{"@type":"WebSite","@id":"https:\/\/tourtravelandmore.com\/es\/#website","url":"https:\/\/tourtravelandmore.com\/es\/","name":"Tour Travel And More","description":"Private sightseeing tours and luxury transfers in Spain","publisher":{"@id":"https:\/\/tourtravelandmore.com\/es\/#organization"},"potentialAction":[{"@type":"SearchAction","target":{"@type":"EntryPoint","urlTemplate":"https:\/\/tourtravelandmore.com\/es\/?s={search_term_string}"},"query-input":{"@type":"PropertyValueSpecification","valueRequired":true,"valueName":"search_term_string"}}],"inLanguage":"es"},{"@type":"Organization","@id":"https:\/\/tourtravelandmore.com\/es\/#organization","name":"Tour Travel And More","url":"https:\/\/tourtravelandmore.com\/es\/","logo":{"@type":"ImageObject","inLanguage":"es","@id":"https:\/\/tourtravelandmore.com\/es\/#\/schema\/logo\/image\/","url":"https:\/\/tourtravelandmore.com\/wp-content\/uploads\/2022\/12\/cropped-logo-cabecera-new.png","contentUrl":"https:\/\/tourtravelandmore.com\/wp-content\/uploads\/2022\/12\/cropped-logo-cabecera-new.png","width":430,"height":61,"caption":"Tour Travel And More"},"image":{"@id":"https:\/\/tourtravelandmore.com\/es\/#\/schema\/logo\/image\/"},"sameAs":["https:\/\/www.facebook.com\/tourtravelandmore\/","https:\/\/x.com\/TourTravel_More"]}]}},"_links":{"self":[{"href":"https:\/\/tourtravelandmore.com\/es\/wp-json\/wp\/v2\/product\/82691","targetHints":{"allow":["GET"]}}],"collection":[{"href":"https:\/\/tourtravelandmore.com\/es\/wp-json\/wp\/v2\/product"}],"about":[{"href":"https:\/\/tourtravelandmore.com\/es\/wp-json\/wp\/v2\/types\/product"}],"replies":[{"embeddable":true,"href":"https:\/\/tourtravelandmore.com\/es\/wp-json\/wp\/v2\/comments?post=82691"}],"wp:featuredmedia":[{"embeddable":true,"href":"https:\/\/tourtravelandmore.com\/es\/wp-json\/wp\/v2\/media\/82705"}],"wp:attachment":[{"href":"https:\/\/tourtravelandmore.com\/es\/wp-json\/wp\/v2\/media?parent=82691"}],"wp:term":[{"taxonomy":"product_brand","embeddable":true,"href":"https:\/\/tourtravelandmore.com\/es\/wp-json\/wp\/v2\/product_brand?post=82691"},{"taxonomy":"product_cat","embeddable":true,"href":"https:\/\/tourtravelandmore.com\/es\/wp-json\/wp\/v2\/product_cat?post=82691"},{"taxonomy":"product_tag","embeddable":true,"href":"https:\/\/tourtravelandmore.com\/es\/wp-json\/wp\/v2\/product_tag?post=82691"}],"curies":[{"name":"wp","href":"https:\/\/api.w.org\/{rel}","templated":true}]}}