{"id":82665,"date":"2020-08-20T16:05:07","date_gmt":"2020-08-20T14:05:07","guid":{"rendered":"https:\/\/tourtravelandmore.com\/?post_type=product&#038;p=82665"},"modified":"2023-09-08T13:33:31","modified_gmt":"2023-09-08T11:33:31","slug":"excursion-en-bote-privado-en-santorini","status":"publish","type":"product","link":"https:\/\/tourtravelandmore.com\/es\/tours\/grecia-es\/santorini-es\/santorini-actividades-es\/excursion-en-bote-privado-en-santorini\/","title":{"rendered":"Excursi\u00f3n en bote privado desde Santorini"},"content":{"rendered":"<h2><strong>Descripci\u00f3n de la Excursi\u00f3n\u00a0en bote privado desde Santorini<\/strong><\/h2>\n<p>Santorini es una de las islas m\u00e1s bonitas y reconocidas del mar Egeo<em>. <\/em>El grupo de islas que conforma Santorini es parte de islas C\u00edcladas<em>.<\/em> No hay mejor modo para descubrir las islas de Santonina y su entorno m\u00e1gico que en bote privado. P\u00f3ngase en contacto con nosotros, le ayudaremos a coordinar su bote privado en Santorini.<\/p>\n<p>Ofrecemos disposiciones privadas de medio d\u00eda y d\u00eda completo desde cualquier sitio en Santorini. El itinerario final y el horario de comienzo son absolutamente adaptables a su deseo personal. Cont\u00e1ctennos para un itinerario personalizado.<\/p>\n<p>En caso de que este interesado en otra actividad privada en Santorini por favor vea nuestra <a href=\"https:\/\/tourtravelandmore.com\/es\/ciudad\/grecia-es\/santorini-es\/santorini-actividades-es\/\">lista de tours privados<\/a>.<\/p>\n<h2><strong>Puntos de inter\u00e9s en la Excursi\u00f3n en bote privado desde Santorini<\/strong><\/h2>\n<p>La isla volc\u00e1nica de Santorini es una de las m\u00e1s visitadas en Grecia. Y una de las m\u00e1s bonitas! Santorini alberga una magn\u00edfica gastronom\u00eda y fant\u00e1sticos vi\u00f1edos. Pero tambi\u00e9n alberga maravillosas playas con arena oscura, el azul profundo del Mar Egeo e islas rocosas.<\/p>\n<p>El mejor modo de descubrir el maravilloso entorno de Santorini es en bote privado. Algunos de los sitios que podr\u00e1 visitar durante su disposici\u00f3n privada son: Volcano, Aspronisi, Thirasia, Oia, Anafi e Ios.<\/p>\n<p>Durante nuestra disposici\u00f3n de <strong><em>bote privado en Santorini<\/em><\/strong> podr\u00e1 usted visitar los sitios que desee en los alrededores de la isla. Tendr\u00e1 un skipper profesional, experto conocedor de la regi\u00f3n, y un bote privado a su entera disposici\u00f3n. En caso de que lo desee, podemos coordinar tambi\u00e9n un gu\u00eda oficial privado para que le acompa\u00f1e en su excursi\u00f3n. As\u00ed mismo, podemos coordinar traslado privado desde y hacia su alojamiento en Santorini<\/p>\n<p>Podemos coordinar speed boats, yachts o el tipo de bote que usted desee. No dude en ponerse en contacto con nosotros para una experiencia personalizada!<\/p>\n","protected":false},"excerpt":{"rendered":"<p>Disfrute de la magn\u00edfica naturaleza de la isla y sus alrededores durante esta <strong>experiencia a medida en Santorini.<\/strong><\/p>\n","protected":false},"featured_media":82678,"comment_status":"open","ping_status":"closed","template":"","meta":{"_acf_changed":false},"product_brand":[],"product_cat":[1605,2518,2520,2522],"product_tag":[],"class_list":{"0":"post-82665","1":"product","2":"type-product","3":"status-publish","4":"has-post-thumbnail","6":"product_cat-grecia-es","7":"product_cat-santorini-es","8":"product_cat-santorini-actividades-es","9":"product_cat-santorini-excursiones-es","11":"first","12":"instock","13":"shipping-taxable","14":"purchasable","15":"product-type-simple"},"acf":[],"yoast_head":"<!-- This site is optimized with the Yoast SEO Premium plugin v25.3.1 (Yoast SEO v25.3.1) - https:\/\/yoast.com\/wordpress\/plugins\/seo\/ -->\n<title>\u27a1\ufe0f Bote privado en Santorini - skipper profesional y botes de lujo | Tour Travel &amp; More<\/title>\n<meta name=\"description\" content=\"Disfrute de una experiencia de lujo privada en Santorini. Disposici\u00f3n de bote privado en Santorini junto a skipper profesional \u2705\" \/>\n<meta name=\"robots\" content=\"index, follow, max-snippet:-1, max-image-preview:large, max-video-preview:-1\" \/>\n<link rel=\"canonical\" href=\"https:\/\/tourtravelandmore.com\/es\/tours\/grecia-es\/santorini-es\/santorini-actividades-es\/excursion-en-bote-privado-en-santorini\/\" \/>\n<meta property=\"og:locale\" content=\"es_ES\" \/>\n<meta property=\"og:type\" content=\"article\" \/>\n<meta property=\"og:title\" content=\"Excursi\u00f3n en bote privado desde Santorini\" \/>\n<meta property=\"og:description\" content=\"Disfrute de una experiencia de lujo privada en Santorini. Disposici\u00f3n de bote privado en Santorini junto a skipper profesional \u2705\" \/>\n<meta property=\"og:url\" content=\"https:\/\/tourtravelandmore.com\/es\/tours\/grecia-es\/santorini-es\/santorini-actividades-es\/excursion-en-bote-privado-en-santorini\/\" \/>\n<meta property=\"og:site_name\" content=\"Tour Travel And More\" \/>\n<meta property=\"article:publisher\" content=\"https:\/\/www.facebook.com\/tourtravelandmore\/\" \/>\n<meta property=\"article:modified_time\" content=\"2023-09-08T11:33:31+00:00\" \/>\n<meta property=\"og:image\" content=\"https:\/\/tourtravelandmore.com\/wp-content\/uploads\/2020\/08\/aspronisi-min.jpg\" \/>\n\t<meta property=\"og:image:width\" content=\"1024\" \/>\n\t<meta property=\"og:image:height\" content=\"509\" \/>\n\t<meta property=\"og:image:type\" content=\"image\/jpeg\" \/>\n<meta name=\"twitter:card\" content=\"summary_large_image\" \/>\n<meta name=\"twitter:site\" content=\"@TourTravel_More\" \/>\n<meta name=\"twitter:label1\" content=\"Tiempo de lectura\" \/>\n\t<meta name=\"twitter:data1\" content=\"2 minutos\" \/>\n<script type=\"application\/ld+json\" class=\"yoast-schema-graph\">{\"@context\":\"https:\/\/schema.org\",\"@graph\":[{\"@type\":\"WebPage\",\"@id\":\"https:\/\/tourtravelandmore.com\/es\/tours\/grecia-es\/santorini-es\/santorini-actividades-es\/excursion-en-bote-privado-en-santorini\/\",\"url\":\"https:\/\/tourtravelandmore.com\/es\/tours\/grecia-es\/santorini-es\/santorini-actividades-es\/excursion-en-bote-privado-en-santorini\/\",\"name\":\"\u27a1\ufe0f Bote privado en Santorini - skipper profesional y botes de lujo | Tour Travel & More\",\"isPartOf\":{\"@id\":\"https:\/\/tourtravelandmore.com\/es\/#website\"},\"primaryImageOfPage\":{\"@id\":\"https:\/\/tourtravelandmore.com\/es\/tours\/grecia-es\/santorini-es\/santorini-actividades-es\/excursion-en-bote-privado-en-santorini\/#primaryimage\"},\"image\":{\"@id\":\"https:\/\/tourtravelandmore.com\/es\/tours\/grecia-es\/santorini-es\/santorini-actividades-es\/excursion-en-bote-privado-en-santorini\/#primaryimage\"},\"thumbnailUrl\":\"https:\/\/tourtravelandmore.com\/wp-content\/uploads\/2020\/08\/aspronisi-min.jpg\",\"datePublished\":\"2020-08-20T14:05:07+00:00\",\"dateModified\":\"2023-09-08T11:33:31+00:00\",\"description\":\"Disfrute de una experiencia de lujo privada en Santorini. Disposici\u00f3n de bote privado en Santorini junto a skipper profesional \u2705\",\"breadcrumb\":{\"@id\":\"https:\/\/tourtravelandmore.com\/es\/tours\/grecia-es\/santorini-es\/santorini-actividades-es\/excursion-en-bote-privado-en-santorini\/#breadcrumb\"},\"inLanguage\":\"es\",\"potentialAction\":[{\"@type\":\"ReadAction\",\"target\":[\"https:\/\/tourtravelandmore.com\/es\/tours\/grecia-es\/santorini-es\/santorini-actividades-es\/excursion-en-bote-privado-en-santorini\/\"]}]},{\"@type\":\"ImageObject\",\"inLanguage\":\"es\",\"@id\":\"https:\/\/tourtravelandmore.com\/es\/tours\/grecia-es\/santorini-es\/santorini-actividades-es\/excursion-en-bote-privado-en-santorini\/#primaryimage\",\"url\":\"https:\/\/tourtravelandmore.com\/wp-content\/uploads\/2020\/08\/aspronisi-min.jpg\",\"contentUrl\":\"https:\/\/tourtravelandmore.com\/wp-content\/uploads\/2020\/08\/aspronisi-min.jpg\",\"width\":1024,\"height\":509,\"caption\":\"Aspronisi\"},{\"@type\":\"BreadcrumbList\",\"@id\":\"https:\/\/tourtravelandmore.com\/es\/tours\/grecia-es\/santorini-es\/santorini-actividades-es\/excursion-en-bote-privado-en-santorini\/#breadcrumb\",\"itemListElement\":[{\"@type\":\"ListItem\",\"position\":1,\"name\":\"Home\",\"item\":\"https:\/\/tourtravelandmore.com\/es\/\"},{\"@type\":\"ListItem\",\"position\":2,\"name\":\"Tours\",\"item\":\"https:\/\/tourtravelandmore.com\/es\/tours\/\"},{\"@type\":\"ListItem\",\"position\":3,\"name\":\"Excursi\u00f3n en bote privado desde Santorini\"}]},{\"@type\":\"WebSite\",\"@id\":\"https:\/\/tourtravelandmore.com\/es\/#website\",\"url\":\"https:\/\/tourtravelandmore.com\/es\/\",\"name\":\"Tour Travel And More\",\"description\":\"Private sightseeing tours and luxury transfers in Spain\",\"publisher\":{\"@id\":\"https:\/\/tourtravelandmore.com\/es\/#organization\"},\"potentialAction\":[{\"@type\":\"SearchAction\",\"target\":{\"@type\":\"EntryPoint\",\"urlTemplate\":\"https:\/\/tourtravelandmore.com\/es\/?s={search_term_string}\"},\"query-input\":{\"@type\":\"PropertyValueSpecification\",\"valueRequired\":true,\"valueName\":\"search_term_string\"}}],\"inLanguage\":\"es\"},{\"@type\":\"Organization\",\"@id\":\"https:\/\/tourtravelandmore.com\/es\/#organization\",\"name\":\"Tour Travel And More\",\"url\":\"https:\/\/tourtravelandmore.com\/es\/\",\"logo\":{\"@type\":\"ImageObject\",\"inLanguage\":\"es\",\"@id\":\"https:\/\/tourtravelandmore.com\/es\/#\/schema\/logo\/image\/\",\"url\":\"https:\/\/tourtravelandmore.com\/wp-content\/uploads\/2022\/12\/cropped-logo-cabecera-new.png\",\"contentUrl\":\"https:\/\/tourtravelandmore.com\/wp-content\/uploads\/2022\/12\/cropped-logo-cabecera-new.png\",\"width\":430,\"height\":61,\"caption\":\"Tour Travel And More\"},\"image\":{\"@id\":\"https:\/\/tourtravelandmore.com\/es\/#\/schema\/logo\/image\/\"},\"sameAs\":[\"https:\/\/www.facebook.com\/tourtravelandmore\/\",\"https:\/\/x.com\/TourTravel_More\"]}]}<\/script>\n<!-- \/ Yoast SEO Premium plugin. -->","yoast_head_json":{"title":"\u27a1\ufe0f Bote privado en Santorini - skipper profesional y botes de lujo | Tour Travel & More","description":"Disfrute de una experiencia de lujo privada en Santorini. Disposici\u00f3n de bote privado en Santorini junto a skipper profesional \u2705","robots":{"index":"index","follow":"follow","max-snippet":"max-snippet:-1","max-image-preview":"max-image-preview:large","max-video-preview":"max-video-preview:-1"},"canonical":"https:\/\/tourtravelandmore.com\/es\/tours\/grecia-es\/santorini-es\/santorini-actividades-es\/excursion-en-bote-privado-en-santorini\/","og_locale":"es_ES","og_type":"article","og_title":"Excursi\u00f3n en bote privado desde Santorini","og_description":"Disfrute de una experiencia de lujo privada en Santorini. Disposici\u00f3n de bote privado en Santorini junto a skipper profesional \u2705","og_url":"https:\/\/tourtravelandmore.com\/es\/tours\/grecia-es\/santorini-es\/santorini-actividades-es\/excursion-en-bote-privado-en-santorini\/","og_site_name":"Tour Travel And More","article_publisher":"https:\/\/www.facebook.com\/tourtravelandmore\/","article_modified_time":"2023-09-08T11:33:31+00:00","og_image":[{"width":1024,"height":509,"url":"https:\/\/tourtravelandmore.com\/wp-content\/uploads\/2020\/08\/aspronisi-min.jpg","type":"image\/jpeg"}],"twitter_card":"summary_large_image","twitter_site":"@TourTravel_More","twitter_misc":{"Tiempo de lectura":"2 minutos"},"schema":{"@context":"https:\/\/schema.org","@graph":[{"@type":"WebPage","@id":"https:\/\/tourtravelandmore.com\/es\/tours\/grecia-es\/santorini-es\/santorini-actividades-es\/excursion-en-bote-privado-en-santorini\/","url":"https:\/\/tourtravelandmore.com\/es\/tours\/grecia-es\/santorini-es\/santorini-actividades-es\/excursion-en-bote-privado-en-santorini\/","name":"\u27a1\ufe0f Bote privado en Santorini - skipper profesional y botes de lujo | Tour Travel & More","isPartOf":{"@id":"https:\/\/tourtravelandmore.com\/es\/#website"},"primaryImageOfPage":{"@id":"https:\/\/tourtravelandmore.com\/es\/tours\/grecia-es\/santorini-es\/santorini-actividades-es\/excursion-en-bote-privado-en-santorini\/#primaryimage"},"image":{"@id":"https:\/\/tourtravelandmore.com\/es\/tours\/grecia-es\/santorini-es\/santorini-actividades-es\/excursion-en-bote-privado-en-santorini\/#primaryimage"},"thumbnailUrl":"https:\/\/tourtravelandmore.com\/wp-content\/uploads\/2020\/08\/aspronisi-min.jpg","datePublished":"2020-08-20T14:05:07+00:00","dateModified":"2023-09-08T11:33:31+00:00","description":"Disfrute de una experiencia de lujo privada en Santorini. Disposici\u00f3n de bote privado en Santorini junto a skipper profesional \u2705","breadcrumb":{"@id":"https:\/\/tourtravelandmore.com\/es\/tours\/grecia-es\/santorini-es\/santorini-actividades-es\/excursion-en-bote-privado-en-santorini\/#breadcrumb"},"inLanguage":"es","potentialAction":[{"@type":"ReadAction","target":["https:\/\/tourtravelandmore.com\/es\/tours\/grecia-es\/santorini-es\/santorini-actividades-es\/excursion-en-bote-privado-en-santorini\/"]}]},{"@type":"ImageObject","inLanguage":"es","@id":"https:\/\/tourtravelandmore.com\/es\/tours\/grecia-es\/santorini-es\/santorini-actividades-es\/excursion-en-bote-privado-en-santorini\/#primaryimage","url":"https:\/\/tourtravelandmore.com\/wp-content\/uploads\/2020\/08\/aspronisi-min.jpg","contentUrl":"https:\/\/tourtravelandmore.com\/wp-content\/uploads\/2020\/08\/aspronisi-min.jpg","width":1024,"height":509,"caption":"Aspronisi"},{"@type":"BreadcrumbList","@id":"https:\/\/tourtravelandmore.com\/es\/tours\/grecia-es\/santorini-es\/santorini-actividades-es\/excursion-en-bote-privado-en-santorini\/#breadcrumb","itemListElement":[{"@type":"ListItem","position":1,"name":"Home","item":"https:\/\/tourtravelandmore.com\/es\/"},{"@type":"ListItem","position":2,"name":"Tours","item":"https:\/\/tourtravelandmore.com\/es\/tours\/"},{"@type":"ListItem","position":3,"name":"Excursi\u00f3n en bote privado desde Santorini"}]},{"@type":"WebSite","@id":"https:\/\/tourtravelandmore.com\/es\/#website","url":"https:\/\/tourtravelandmore.com\/es\/","name":"Tour Travel And More","description":"Private sightseeing tours and luxury transfers in Spain","publisher":{"@id":"https:\/\/tourtravelandmore.com\/es\/#organization"},"potentialAction":[{"@type":"SearchAction","target":{"@type":"EntryPoint","urlTemplate":"https:\/\/tourtravelandmore.com\/es\/?s={search_term_string}"},"query-input":{"@type":"PropertyValueSpecification","valueRequired":true,"valueName":"search_term_string"}}],"inLanguage":"es"},{"@type":"Organization","@id":"https:\/\/tourtravelandmore.com\/es\/#organization","name":"Tour Travel And More","url":"https:\/\/tourtravelandmore.com\/es\/","logo":{"@type":"ImageObject","inLanguage":"es","@id":"https:\/\/tourtravelandmore.com\/es\/#\/schema\/logo\/image\/","url":"https:\/\/tourtravelandmore.com\/wp-content\/uploads\/2022\/12\/cropped-logo-cabecera-new.png","contentUrl":"https:\/\/tourtravelandmore.com\/wp-content\/uploads\/2022\/12\/cropped-logo-cabecera-new.png","width":430,"height":61,"caption":"Tour Travel And More"},"image":{"@id":"https:\/\/tourtravelandmore.com\/es\/#\/schema\/logo\/image\/"},"sameAs":["https:\/\/www.facebook.com\/tourtravelandmore\/","https:\/\/x.com\/TourTravel_More"]}]}},"_links":{"self":[{"href":"https:\/\/tourtravelandmore.com\/es\/wp-json\/wp\/v2\/product\/82665","targetHints":{"allow":["GET"]}}],"collection":[{"href":"https:\/\/tourtravelandmore.com\/es\/wp-json\/wp\/v2\/product"}],"about":[{"href":"https:\/\/tourtravelandmore.com\/es\/wp-json\/wp\/v2\/types\/product"}],"replies":[{"embeddable":true,"href":"https:\/\/tourtravelandmore.com\/es\/wp-json\/wp\/v2\/comments?post=82665"}],"wp:featuredmedia":[{"embeddable":true,"href":"https:\/\/tourtravelandmore.com\/es\/wp-json\/wp\/v2\/media\/82678"}],"wp:attachment":[{"href":"https:\/\/tourtravelandmore.com\/es\/wp-json\/wp\/v2\/media?parent=82665"}],"wp:term":[{"taxonomy":"product_brand","embeddable":true,"href":"https:\/\/tourtravelandmore.com\/es\/wp-json\/wp\/v2\/product_brand?post=82665"},{"taxonomy":"product_cat","embeddable":true,"href":"https:\/\/tourtravelandmore.com\/es\/wp-json\/wp\/v2\/product_cat?post=82665"},{"taxonomy":"product_tag","embeddable":true,"href":"https:\/\/tourtravelandmore.com\/es\/wp-json\/wp\/v2\/product_tag?post=82665"}],"curies":[{"name":"wp","href":"https:\/\/api.w.org\/{rel}","templated":true}]}}