{"id":82639,"date":"2020-08-20T11:27:45","date_gmt":"2020-08-20T09:27:46","guid":{"rendered":"https:\/\/tourtravelandmore.com\/?post_type=product&#038;p=82639"},"modified":"2023-09-11T09:49:09","modified_gmt":"2023-09-11T07:49:09","slug":"tour-privado-a-pie-por-chania","status":"publish","type":"product","link":"https:\/\/tourtravelandmore.com\/es\/tours\/grecia-es\/creta-es\/creta-actividades-es\/tour-privado-a-pie-por-chania\/","title":{"rendered":"Tour Privado a pie por Chania"},"content":{"rendered":"<h2><strong>Descripci\u00f3n del Tour Privado a pie por Chania<\/strong><\/h2>\n<p>Si est\u00e1s de viaje por las <strong>Islas Griegas<\/strong>, definitivamente deber\u00edas visitar la isla \u00fanica de Creta. En particular, le recomendamos que visite el casco antiguo y con este <strong>Tour Privado a pie por Chania<\/strong> podr\u00e1 admirar su belleza. Tendr\u00e1s a tu total disposici\u00f3n un <strong>gu\u00eda tur\u00edstico oficial privado<\/strong> durante 4 horas.<\/p>\n<p>La <strong>Isla de Creta<\/strong> se encuentra en la parte sur del mar Egeo que separa el mar Egeo del mar de Libia. Es la isla m\u00e1s grande de Grecia y la quinta isla m\u00e1s grande del mar Mediterr\u00e1neo. Esta isla es parte de la Regi\u00f3n de Creta junto con otras islas e islotes.<\/p>\n<p>Por otro lado, <strong>Chania<\/strong> es una ciudad ubicada en el noreste de la isla de Creta. Uno de los lugares m\u00e1s importantes es su puerto del siglo XIV, que es muy famoso por su estilo veneciano. La ciudad de Chania se caracteriza por sus calles estrechas y sus restaurantes frente al mar.<\/p>\n<p>Disfrute de este recorrido privado a pie por Chania con un gu\u00eda tur\u00edstico local que le mostrar\u00e1 todos los rincones de esta fant\u00e1stica ciudad. Tiene una historia apasionante que seguramente querr\u00e1s conocer.<\/p>\n<p>Tambi\u00e9n ofrecemos tours privados de d\u00eda completo alrededor y desde la isla, eche un vistazo a <a href=\"https:\/\/tourtravelandmore.com\/es\/ciudad\/grecia-es\/creta-es\/\">nuestra lista de tours privados en Creta<\/a>.<\/p>\n<h2><strong>Puntos de inter\u00e9s en el Tour Privado a pie por Chania<\/strong><\/h2>\n<p>En primer lugar, se reunir\u00e1 con su gu\u00eda tur\u00edstico oficial privado en un lugar central de Chania a la hora que usted determine. Todos nuestros gu\u00edas tienen licencia y son muy conocedores de la ciudad, as\u00ed que aprender\u00e1s mucho con ellos.<\/p>\n<p>Durante este recorrido privado a pie, podr\u00e1 visitar todos los lugares y monumentos m\u00e1s importantes de Chania. Entre otros lugares podr\u00e1s ver:<\/p>\n<ul>\n<li><strong>Faro Veneciano de Chania<\/strong><\/li>\n<li><a href=\"https:\/\/www.cretanbeaches.com\/el\/\u03b9\u03c3\u03c4\u03bf\u03c1\u03af\u03b1-\u03c4\u03b7\u03c2-\u03ba\u03c1\u03ae\u03c4\u03b7\u03c2\/\u03c6\u03c1\u03bf\u03cd\u03c1\u03b9\u03b1-\u03ba\u03b1\u03b9-\u03ba\u03ac\u03c3\u03c4\u03c1\u03b1-\u03c3\u03c4\u03b7\u03bd-\u03ba\u03c1\u03ae\u03c4\u03b7\/\u03c6\u03c1\u03bf\u03cd\u03c1\u03b9\u03bf-\u03c6\u03b9\u03c1\u03ba\u03ac\u03c2-\u03c7\u03b1\u03bd\u03b9\u03ac\">Castillo de Firka<\/a><\/li>\n<li><strong>Museo Arqueologico<\/strong><\/li>\n<li><strong>Museo Naval<\/strong><\/li>\n<li><strong>Viejo Puerto Veneciano<\/strong><\/li>\n<li><strong>Museo de la batalla de Chania<\/strong><\/li>\n<li><strong>Iglesia de Agios Nikolaos<\/strong><\/li>\n<li><strong>Diferentes barrios de Chania<\/strong><\/li>\n<li>\u00a1Y mucho m\u00e1s!<\/li>\n<\/ul>\n<p>Podemos incluir entradas a cualquier monumento o museo que desee visitar. Solo tienes que ponerte en contacto con nosotros y hacernos saber tus deseos y luego nosotros haremos el resto.<\/p>\n<p>Este es un itinerario para un recorrido a pie de 4 horas, pero en caso de que lo prefiera podemos incluir m\u00e1s horas o incluso un veh\u00edculo privado de lujo. Como se trata de una experiencia privada, puede personalizar su propio recorrido.<\/p>\n<p>Finalmente, su gu\u00eda tur\u00edstico oficial privado lo dejar\u00e1 en un sitio central en Chania. En caso de que lo prefieras, tambi\u00e9n puede recomendarle restaurantes para degustar la t\u00edpica comida griega.<\/p>\n","protected":false},"excerpt":{"rendered":"<p>Explore la maravillosa ciudad historica de La Canea junto a un gu\u00eda local experto.<\/p>\n","protected":false},"featured_media":82653,"comment_status":"open","ping_status":"closed","template":"","meta":{"_acf_changed":false},"product_brand":[],"product_cat":[2529,2536,2546],"product_tag":[],"class_list":{"0":"post-82639","1":"product","2":"type-product","3":"status-publish","4":"has-post-thumbnail","6":"product_cat-creta-es","7":"product_cat-creta-actividades-es","8":"product_cat-creta-a-pie-es","10":"first","11":"instock","12":"shipping-taxable","13":"purchasable","14":"product-type-simple"},"acf":[],"yoast_head":"<!-- This site is optimized with the Yoast SEO Premium plugin v25.3.1 (Yoast SEO v25.3.1) - https:\/\/yoast.com\/wordpress\/plugins\/seo\/ -->\n<title>\u27a1\ufe0f Tour Privado a pie por Chania con gu\u00eda oficial privado | Tour Travel &amp; More<\/title>\n<meta name=\"description\" content=\"Disfrute de este Tour Privado a pie por Chania junto a su gu\u00eda oficial privado quien lo llevara a recorrer todos los lugares mas bellos de esta Isla \u2705\" \/>\n<meta name=\"robots\" content=\"index, follow, max-snippet:-1, max-image-preview:large, max-video-preview:-1\" \/>\n<link rel=\"canonical\" href=\"https:\/\/tourtravelandmore.com\/es\/tours\/grecia-es\/creta-es\/creta-actividades-es\/tour-privado-a-pie-por-chania\/\" \/>\n<meta property=\"og:locale\" content=\"es_ES\" \/>\n<meta property=\"og:type\" content=\"article\" \/>\n<meta property=\"og:title\" content=\"Tour Privado a pie por Chania\" \/>\n<meta property=\"og:description\" content=\"Disfrute de este Tour Privado a pie por Chania junto a su gu\u00eda oficial privado quien lo llevara a recorrer todos los lugares mas bellos de esta Isla \u2705\" \/>\n<meta property=\"og:url\" content=\"https:\/\/tourtravelandmore.com\/es\/tours\/grecia-es\/creta-es\/creta-actividades-es\/tour-privado-a-pie-por-chania\/\" \/>\n<meta property=\"og:site_name\" content=\"Tour Travel And More\" \/>\n<meta property=\"article:publisher\" content=\"https:\/\/www.facebook.com\/tourtravelandmore\/\" \/>\n<meta property=\"article:modified_time\" content=\"2023-09-11T07:49:09+00:00\" \/>\n<meta property=\"og:image\" content=\"https:\/\/tourtravelandmore.com\/wp-content\/uploads\/2020\/08\/chania-1.jpg\" \/>\n\t<meta property=\"og:image:width\" content=\"880\" \/>\n\t<meta property=\"og:image:height\" content=\"671\" \/>\n\t<meta property=\"og:image:type\" content=\"image\/jpeg\" \/>\n<meta name=\"twitter:card\" content=\"summary_large_image\" \/>\n<meta name=\"twitter:site\" content=\"@TourTravel_More\" \/>\n<meta name=\"twitter:label1\" content=\"Tiempo de lectura\" \/>\n\t<meta name=\"twitter:data1\" content=\"2 minutos\" \/>\n<script type=\"application\/ld+json\" class=\"yoast-schema-graph\">{\"@context\":\"https:\/\/schema.org\",\"@graph\":[{\"@type\":\"WebPage\",\"@id\":\"https:\/\/tourtravelandmore.com\/es\/tours\/grecia-es\/creta-es\/creta-actividades-es\/tour-privado-a-pie-por-chania\/\",\"url\":\"https:\/\/tourtravelandmore.com\/es\/tours\/grecia-es\/creta-es\/creta-actividades-es\/tour-privado-a-pie-por-chania\/\",\"name\":\"\u27a1\ufe0f Tour Privado a pie por Chania con gu\u00eda oficial privado | Tour Travel & More\",\"isPartOf\":{\"@id\":\"https:\/\/tourtravelandmore.com\/es\/#website\"},\"primaryImageOfPage\":{\"@id\":\"https:\/\/tourtravelandmore.com\/es\/tours\/grecia-es\/creta-es\/creta-actividades-es\/tour-privado-a-pie-por-chania\/#primaryimage\"},\"image\":{\"@id\":\"https:\/\/tourtravelandmore.com\/es\/tours\/grecia-es\/creta-es\/creta-actividades-es\/tour-privado-a-pie-por-chania\/#primaryimage\"},\"thumbnailUrl\":\"https:\/\/tourtravelandmore.com\/wp-content\/uploads\/2020\/08\/chania-1.jpg\",\"datePublished\":\"2020-08-20T09:27:46+00:00\",\"dateModified\":\"2023-09-11T07:49:09+00:00\",\"description\":\"Disfrute de este Tour Privado a pie por Chania junto a su gu\u00eda oficial privado quien lo llevara a recorrer todos los lugares mas bellos de esta Isla \u2705\",\"breadcrumb\":{\"@id\":\"https:\/\/tourtravelandmore.com\/es\/tours\/grecia-es\/creta-es\/creta-actividades-es\/tour-privado-a-pie-por-chania\/#breadcrumb\"},\"inLanguage\":\"es\",\"potentialAction\":[{\"@type\":\"ReadAction\",\"target\":[\"https:\/\/tourtravelandmore.com\/es\/tours\/grecia-es\/creta-es\/creta-actividades-es\/tour-privado-a-pie-por-chania\/\"]}]},{\"@type\":\"ImageObject\",\"inLanguage\":\"es\",\"@id\":\"https:\/\/tourtravelandmore.com\/es\/tours\/grecia-es\/creta-es\/creta-actividades-es\/tour-privado-a-pie-por-chania\/#primaryimage\",\"url\":\"https:\/\/tourtravelandmore.com\/wp-content\/uploads\/2020\/08\/chania-1.jpg\",\"contentUrl\":\"https:\/\/tourtravelandmore.com\/wp-content\/uploads\/2020\/08\/chania-1.jpg\",\"width\":880,\"height\":671},{\"@type\":\"BreadcrumbList\",\"@id\":\"https:\/\/tourtravelandmore.com\/es\/tours\/grecia-es\/creta-es\/creta-actividades-es\/tour-privado-a-pie-por-chania\/#breadcrumb\",\"itemListElement\":[{\"@type\":\"ListItem\",\"position\":1,\"name\":\"Home\",\"item\":\"https:\/\/tourtravelandmore.com\/es\/\"},{\"@type\":\"ListItem\",\"position\":2,\"name\":\"Tours\",\"item\":\"https:\/\/tourtravelandmore.com\/es\/tours\/\"},{\"@type\":\"ListItem\",\"position\":3,\"name\":\"Tour Privado a pie por Chania\"}]},{\"@type\":\"WebSite\",\"@id\":\"https:\/\/tourtravelandmore.com\/es\/#website\",\"url\":\"https:\/\/tourtravelandmore.com\/es\/\",\"name\":\"Tour Travel And More\",\"description\":\"Private sightseeing tours and luxury transfers in Spain\",\"publisher\":{\"@id\":\"https:\/\/tourtravelandmore.com\/es\/#organization\"},\"potentialAction\":[{\"@type\":\"SearchAction\",\"target\":{\"@type\":\"EntryPoint\",\"urlTemplate\":\"https:\/\/tourtravelandmore.com\/es\/?s={search_term_string}\"},\"query-input\":{\"@type\":\"PropertyValueSpecification\",\"valueRequired\":true,\"valueName\":\"search_term_string\"}}],\"inLanguage\":\"es\"},{\"@type\":\"Organization\",\"@id\":\"https:\/\/tourtravelandmore.com\/es\/#organization\",\"name\":\"Tour Travel And More\",\"url\":\"https:\/\/tourtravelandmore.com\/es\/\",\"logo\":{\"@type\":\"ImageObject\",\"inLanguage\":\"es\",\"@id\":\"https:\/\/tourtravelandmore.com\/es\/#\/schema\/logo\/image\/\",\"url\":\"https:\/\/tourtravelandmore.com\/wp-content\/uploads\/2022\/12\/cropped-logo-cabecera-new.png\",\"contentUrl\":\"https:\/\/tourtravelandmore.com\/wp-content\/uploads\/2022\/12\/cropped-logo-cabecera-new.png\",\"width\":430,\"height\":61,\"caption\":\"Tour Travel And More\"},\"image\":{\"@id\":\"https:\/\/tourtravelandmore.com\/es\/#\/schema\/logo\/image\/\"},\"sameAs\":[\"https:\/\/www.facebook.com\/tourtravelandmore\/\",\"https:\/\/x.com\/TourTravel_More\"]}]}<\/script>\n<!-- \/ Yoast SEO Premium plugin. -->","yoast_head_json":{"title":"\u27a1\ufe0f Tour Privado a pie por Chania con gu\u00eda oficial privado | Tour Travel & More","description":"Disfrute de este Tour Privado a pie por Chania junto a su gu\u00eda oficial privado quien lo llevara a recorrer todos los lugares mas bellos de esta Isla \u2705","robots":{"index":"index","follow":"follow","max-snippet":"max-snippet:-1","max-image-preview":"max-image-preview:large","max-video-preview":"max-video-preview:-1"},"canonical":"https:\/\/tourtravelandmore.com\/es\/tours\/grecia-es\/creta-es\/creta-actividades-es\/tour-privado-a-pie-por-chania\/","og_locale":"es_ES","og_type":"article","og_title":"Tour Privado a pie por Chania","og_description":"Disfrute de este Tour Privado a pie por Chania junto a su gu\u00eda oficial privado quien lo llevara a recorrer todos los lugares mas bellos de esta Isla \u2705","og_url":"https:\/\/tourtravelandmore.com\/es\/tours\/grecia-es\/creta-es\/creta-actividades-es\/tour-privado-a-pie-por-chania\/","og_site_name":"Tour Travel And More","article_publisher":"https:\/\/www.facebook.com\/tourtravelandmore\/","article_modified_time":"2023-09-11T07:49:09+00:00","og_image":[{"width":880,"height":671,"url":"https:\/\/tourtravelandmore.com\/wp-content\/uploads\/2020\/08\/chania-1.jpg","type":"image\/jpeg"}],"twitter_card":"summary_large_image","twitter_site":"@TourTravel_More","twitter_misc":{"Tiempo de lectura":"2 minutos"},"schema":{"@context":"https:\/\/schema.org","@graph":[{"@type":"WebPage","@id":"https:\/\/tourtravelandmore.com\/es\/tours\/grecia-es\/creta-es\/creta-actividades-es\/tour-privado-a-pie-por-chania\/","url":"https:\/\/tourtravelandmore.com\/es\/tours\/grecia-es\/creta-es\/creta-actividades-es\/tour-privado-a-pie-por-chania\/","name":"\u27a1\ufe0f Tour Privado a pie por Chania con gu\u00eda oficial privado | Tour Travel & More","isPartOf":{"@id":"https:\/\/tourtravelandmore.com\/es\/#website"},"primaryImageOfPage":{"@id":"https:\/\/tourtravelandmore.com\/es\/tours\/grecia-es\/creta-es\/creta-actividades-es\/tour-privado-a-pie-por-chania\/#primaryimage"},"image":{"@id":"https:\/\/tourtravelandmore.com\/es\/tours\/grecia-es\/creta-es\/creta-actividades-es\/tour-privado-a-pie-por-chania\/#primaryimage"},"thumbnailUrl":"https:\/\/tourtravelandmore.com\/wp-content\/uploads\/2020\/08\/chania-1.jpg","datePublished":"2020-08-20T09:27:46+00:00","dateModified":"2023-09-11T07:49:09+00:00","description":"Disfrute de este Tour Privado a pie por Chania junto a su gu\u00eda oficial privado quien lo llevara a recorrer todos los lugares mas bellos de esta Isla \u2705","breadcrumb":{"@id":"https:\/\/tourtravelandmore.com\/es\/tours\/grecia-es\/creta-es\/creta-actividades-es\/tour-privado-a-pie-por-chania\/#breadcrumb"},"inLanguage":"es","potentialAction":[{"@type":"ReadAction","target":["https:\/\/tourtravelandmore.com\/es\/tours\/grecia-es\/creta-es\/creta-actividades-es\/tour-privado-a-pie-por-chania\/"]}]},{"@type":"ImageObject","inLanguage":"es","@id":"https:\/\/tourtravelandmore.com\/es\/tours\/grecia-es\/creta-es\/creta-actividades-es\/tour-privado-a-pie-por-chania\/#primaryimage","url":"https:\/\/tourtravelandmore.com\/wp-content\/uploads\/2020\/08\/chania-1.jpg","contentUrl":"https:\/\/tourtravelandmore.com\/wp-content\/uploads\/2020\/08\/chania-1.jpg","width":880,"height":671},{"@type":"BreadcrumbList","@id":"https:\/\/tourtravelandmore.com\/es\/tours\/grecia-es\/creta-es\/creta-actividades-es\/tour-privado-a-pie-por-chania\/#breadcrumb","itemListElement":[{"@type":"ListItem","position":1,"name":"Home","item":"https:\/\/tourtravelandmore.com\/es\/"},{"@type":"ListItem","position":2,"name":"Tours","item":"https:\/\/tourtravelandmore.com\/es\/tours\/"},{"@type":"ListItem","position":3,"name":"Tour Privado a pie por Chania"}]},{"@type":"WebSite","@id":"https:\/\/tourtravelandmore.com\/es\/#website","url":"https:\/\/tourtravelandmore.com\/es\/","name":"Tour Travel And More","description":"Private sightseeing tours and luxury transfers in Spain","publisher":{"@id":"https:\/\/tourtravelandmore.com\/es\/#organization"},"potentialAction":[{"@type":"SearchAction","target":{"@type":"EntryPoint","urlTemplate":"https:\/\/tourtravelandmore.com\/es\/?s={search_term_string}"},"query-input":{"@type":"PropertyValueSpecification","valueRequired":true,"valueName":"search_term_string"}}],"inLanguage":"es"},{"@type":"Organization","@id":"https:\/\/tourtravelandmore.com\/es\/#organization","name":"Tour Travel And More","url":"https:\/\/tourtravelandmore.com\/es\/","logo":{"@type":"ImageObject","inLanguage":"es","@id":"https:\/\/tourtravelandmore.com\/es\/#\/schema\/logo\/image\/","url":"https:\/\/tourtravelandmore.com\/wp-content\/uploads\/2022\/12\/cropped-logo-cabecera-new.png","contentUrl":"https:\/\/tourtravelandmore.com\/wp-content\/uploads\/2022\/12\/cropped-logo-cabecera-new.png","width":430,"height":61,"caption":"Tour Travel And More"},"image":{"@id":"https:\/\/tourtravelandmore.com\/es\/#\/schema\/logo\/image\/"},"sameAs":["https:\/\/www.facebook.com\/tourtravelandmore\/","https:\/\/x.com\/TourTravel_More"]}]}},"_links":{"self":[{"href":"https:\/\/tourtravelandmore.com\/es\/wp-json\/wp\/v2\/product\/82639","targetHints":{"allow":["GET"]}}],"collection":[{"href":"https:\/\/tourtravelandmore.com\/es\/wp-json\/wp\/v2\/product"}],"about":[{"href":"https:\/\/tourtravelandmore.com\/es\/wp-json\/wp\/v2\/types\/product"}],"replies":[{"embeddable":true,"href":"https:\/\/tourtravelandmore.com\/es\/wp-json\/wp\/v2\/comments?post=82639"}],"wp:featuredmedia":[{"embeddable":true,"href":"https:\/\/tourtravelandmore.com\/es\/wp-json\/wp\/v2\/media\/82653"}],"wp:attachment":[{"href":"https:\/\/tourtravelandmore.com\/es\/wp-json\/wp\/v2\/media?parent=82639"}],"wp:term":[{"taxonomy":"product_brand","embeddable":true,"href":"https:\/\/tourtravelandmore.com\/es\/wp-json\/wp\/v2\/product_brand?post=82639"},{"taxonomy":"product_cat","embeddable":true,"href":"https:\/\/tourtravelandmore.com\/es\/wp-json\/wp\/v2\/product_cat?post=82639"},{"taxonomy":"product_tag","embeddable":true,"href":"https:\/\/tourtravelandmore.com\/es\/wp-json\/wp\/v2\/product_tag?post=82639"}],"curies":[{"name":"wp","href":"https:\/\/api.w.org\/{rel}","templated":true}]}}