{"id":82618,"date":"2020-08-20T09:39:17","date_gmt":"2020-08-20T07:39:19","guid":{"rendered":"https:\/\/tourtravelandmore.com\/?post_type=product&#038;p=82618"},"modified":"2023-09-04T11:33:11","modified_gmt":"2023-09-04T09:33:11","slug":"excursion-en-barco-privado-desde-mykonos","status":"publish","type":"product","link":"https:\/\/tourtravelandmore.com\/es\/tours\/grecia-es\/mykonos-es\/mykonos-actividades-es\/excursion-en-barco-privado-desde-mykonos\/","title":{"rendered":"Excursi\u00f3n en barco privado desde Mykonos"},"content":{"rendered":"<h2><strong>Descripci\u00f3n de la Excursi\u00f3n\u00a0en barco privado desde Mykonos<\/strong><\/h2>\n<p>Si ya lo has visto todo en <strong>Mykonos<\/strong>, no puedes perder la oportunidad de visitar las islas de su alrededor. No hay mejor manera de descubrir <strong>el archipi\u00e9lago de las C\u00edcladas<\/strong>\u00a0que con un barco privado con tripulaci\u00f3n profesional. P\u00f3ngase en contacto con nosotros y perm\u00edtanos ayudarlo a organizar su <strong>Excursi\u00f3n en barco privado desde Mykonos<\/strong>.<\/p>\n<p>Podemos organizar disposiciones de medio d\u00eda o d\u00eda completo desde Mykonos. El itinerario final es completamente adaptable a su inter\u00e9s personal. Ponte en contacto con nosotros y te ayudaremos a organizar un itinerario personalizado. Tambi\u00e9n te damos la opci\u00f3n de incluir un gu\u00eda tur\u00edstico oficial privado a tu experiencia en caso de que est\u00e9s dispuesto a conocer algunos datos interesantes de las islas.<\/p>\n<p>En caso de que desee otro tipo de tour privado en o desde Mykonos, consulte nuestra <a href=\"https:\/\/tourtravelandmore.com\/es\/ciudad\/grecia-es\/mykonos-es\/\">lista de excursiones privadas<\/a>.<\/p>\n<h2><strong>Puntos de inter\u00e9s en la Excursi\u00f3n en barco privado desde Mykonos<\/strong><\/h2>\n<p>Las <strong>Islas Griegas<\/strong> se dividen en varios archipi\u00e9lagos: C\u00edcladas, Dodecaneso, J\u00f3nico, Esp\u00f3radas, islas del norte del Egeo y las del Golfo Sar\u00f3nico.<\/p>\n<p><strong>Mykonos<\/strong> se encuentra en el Mar Egeo y, junto con Santorini, son las islas griegas m\u00e1s famosas. Esta isla es conocida como &#8220;isla de la luz&#8221; seg\u00fan la mitolog\u00eda griega, ya que fue nombrada como el h\u00e9roe Mykono, hijo de Apolo.<\/p>\n<p>Desde la isla de Mykonos se pueden visitar muchas otras islas griegas como: <strong>Delos<\/strong> y <strong>Rhenia<\/strong>, <strong>Tinos<\/strong>, <strong>Milos<\/strong> o incluso <strong>Santorini<\/strong>.<\/p>\n<p>Durante nuestra disposici\u00f3n en barco privado desde Mykonos, podr\u00e1 visitar los sitios e islas que desee. Tendr\u00e1s tripulaci\u00f3n profesional y un barco privado a tu entera disposici\u00f3n. La duraci\u00f3n de la disposici\u00f3n tambi\u00e9n es ajustable a su inter\u00e9s personal.<\/p>\n<p>Con <strong>Tour Travel &amp; More<\/strong>, tendr\u00e1 la oportunidad de disfrutar de un d\u00eda completo de aventuras. Explorar\u00e1 las hermosas islas c\u00edcladas, donde podr\u00e1 nadar en las cristalinas aguas del Mar Egeo. En caso de que lo necesite, tambi\u00e9n podemos organizar un p\u00edcnic o almuerzo completo en su barco, para que no tenga que preocuparse por nada.<\/p>\n<p>Podemos organizar lanchas r\u00e1pidas, yates o el tipo de embarcaci\u00f3n que prefiera. \u00a1Ponte en contacto con nosotros para una experiencia personalizada!<\/p>\n","protected":false},"excerpt":{"rendered":"<p>Disfrute de una experiencia de lujo privada en Mykonos. Aproveche al m\u00e1ximo su visita a Grecia y goce de la disposici\u00f3n de un bote privado para visitar el archipi\u00e9lago y las islas desde Mykonos. Disfrute de la magn\u00edfica naturaleza durante esta <strong>hermosa experiencia privada desde Mykonos.<\/strong><\/p>\n","protected":false},"featured_media":82628,"comment_status":"open","ping_status":"closed","template":"","meta":{"_acf_changed":false},"product_brand":[],"product_cat":[2496,3980,2498,2500],"product_tag":[],"class_list":{"0":"post-82618","1":"product","2":"type-product","3":"status-publish","4":"has-post-thumbnail","6":"product_cat-mykonos-es","7":"product_cat-yates-botes-privados-mykonos","8":"product_cat-mykonos-actividades-es","9":"product_cat-mykonos-excursiones-privadas-es","11":"first","12":"instock","13":"shipping-taxable","14":"purchasable","15":"product-type-simple"},"acf":[],"yoast_head":"<!-- This site is optimized with the Yoast SEO Premium plugin v25.3.1 (Yoast SEO v25.3.1) - https:\/\/yoast.com\/wordpress\/plugins\/seo\/ -->\n<title>\u27a1\ufe0f Excursi\u00f3n en barco privado desde Mykonos | Tour Travel &amp; More<\/title>\n<meta name=\"description\" content=\"Disfrute de una experiencia de lujo privada. Permitannos coordinar su barco privado desde Mykonos y descubra el maravilloso archipi\u00e9lago y las islas \u2705\" \/>\n<meta name=\"robots\" content=\"index, follow, max-snippet:-1, max-image-preview:large, max-video-preview:-1\" \/>\n<link rel=\"canonical\" href=\"https:\/\/tourtravelandmore.com\/es\/tours\/grecia-es\/mykonos-es\/mykonos-actividades-es\/excursion-en-barco-privado-desde-mykonos\/\" \/>\n<meta property=\"og:locale\" content=\"es_ES\" \/>\n<meta property=\"og:type\" content=\"article\" \/>\n<meta property=\"og:title\" content=\"Excursi\u00f3n en barco privado desde Mykonos\" \/>\n<meta property=\"og:description\" content=\"Disfrute de una experiencia de lujo privada. Permitannos coordinar su barco privado desde Mykonos y descubra el maravilloso archipi\u00e9lago y las islas \u2705\" \/>\n<meta property=\"og:url\" content=\"https:\/\/tourtravelandmore.com\/es\/tours\/grecia-es\/mykonos-es\/mykonos-actividades-es\/excursion-en-barco-privado-desde-mykonos\/\" \/>\n<meta property=\"og:site_name\" content=\"Tour Travel And More\" \/>\n<meta property=\"article:publisher\" content=\"https:\/\/www.facebook.com\/tourtravelandmore\/\" \/>\n<meta property=\"article:modified_time\" content=\"2023-09-04T09:33:11+00:00\" \/>\n<meta property=\"og:image\" content=\"https:\/\/tourtravelandmore.com\/wp-content\/uploads\/2020\/08\/isla-girga-5.jpg\" \/>\n\t<meta property=\"og:image:width\" content=\"481\" \/>\n\t<meta property=\"og:image:height\" content=\"320\" \/>\n\t<meta property=\"og:image:type\" content=\"image\/jpeg\" \/>\n<meta name=\"twitter:card\" content=\"summary_large_image\" \/>\n<meta name=\"twitter:site\" content=\"@TourTravel_More\" \/>\n<meta name=\"twitter:label1\" content=\"Tiempo de lectura\" \/>\n\t<meta name=\"twitter:data1\" content=\"2 minutos\" \/>\n<script type=\"application\/ld+json\" class=\"yoast-schema-graph\">{\"@context\":\"https:\/\/schema.org\",\"@graph\":[{\"@type\":\"WebPage\",\"@id\":\"https:\/\/tourtravelandmore.com\/es\/tours\/grecia-es\/mykonos-es\/mykonos-actividades-es\/excursion-en-barco-privado-desde-mykonos\/\",\"url\":\"https:\/\/tourtravelandmore.com\/es\/tours\/grecia-es\/mykonos-es\/mykonos-actividades-es\/excursion-en-barco-privado-desde-mykonos\/\",\"name\":\"\u27a1\ufe0f Excursi\u00f3n en barco privado desde Mykonos | Tour Travel & More\",\"isPartOf\":{\"@id\":\"https:\/\/tourtravelandmore.com\/es\/#website\"},\"primaryImageOfPage\":{\"@id\":\"https:\/\/tourtravelandmore.com\/es\/tours\/grecia-es\/mykonos-es\/mykonos-actividades-es\/excursion-en-barco-privado-desde-mykonos\/#primaryimage\"},\"image\":{\"@id\":\"https:\/\/tourtravelandmore.com\/es\/tours\/grecia-es\/mykonos-es\/mykonos-actividades-es\/excursion-en-barco-privado-desde-mykonos\/#primaryimage\"},\"thumbnailUrl\":\"https:\/\/tourtravelandmore.com\/wp-content\/uploads\/2020\/08\/isla-girga-5.jpg\",\"datePublished\":\"2020-08-20T07:39:19+00:00\",\"dateModified\":\"2023-09-04T09:33:11+00:00\",\"description\":\"Disfrute de una experiencia de lujo privada. Permitannos coordinar su barco privado desde Mykonos y descubra el maravilloso archipi\u00e9lago y las islas \u2705\",\"breadcrumb\":{\"@id\":\"https:\/\/tourtravelandmore.com\/es\/tours\/grecia-es\/mykonos-es\/mykonos-actividades-es\/excursion-en-barco-privado-desde-mykonos\/#breadcrumb\"},\"inLanguage\":\"es\",\"potentialAction\":[{\"@type\":\"ReadAction\",\"target\":[\"https:\/\/tourtravelandmore.com\/es\/tours\/grecia-es\/mykonos-es\/mykonos-actividades-es\/excursion-en-barco-privado-desde-mykonos\/\"]}]},{\"@type\":\"ImageObject\",\"inLanguage\":\"es\",\"@id\":\"https:\/\/tourtravelandmore.com\/es\/tours\/grecia-es\/mykonos-es\/mykonos-actividades-es\/excursion-en-barco-privado-desde-mykonos\/#primaryimage\",\"url\":\"https:\/\/tourtravelandmore.com\/wp-content\/uploads\/2020\/08\/isla-girga-5.jpg\",\"contentUrl\":\"https:\/\/tourtravelandmore.com\/wp-content\/uploads\/2020\/08\/isla-girga-5.jpg\",\"width\":481,\"height\":320},{\"@type\":\"BreadcrumbList\",\"@id\":\"https:\/\/tourtravelandmore.com\/es\/tours\/grecia-es\/mykonos-es\/mykonos-actividades-es\/excursion-en-barco-privado-desde-mykonos\/#breadcrumb\",\"itemListElement\":[{\"@type\":\"ListItem\",\"position\":1,\"name\":\"Home\",\"item\":\"https:\/\/tourtravelandmore.com\/es\/\"},{\"@type\":\"ListItem\",\"position\":2,\"name\":\"Tours\",\"item\":\"https:\/\/tourtravelandmore.com\/es\/tours\/\"},{\"@type\":\"ListItem\",\"position\":3,\"name\":\"Excursi\u00f3n en barco privado desde Mykonos\"}]},{\"@type\":\"WebSite\",\"@id\":\"https:\/\/tourtravelandmore.com\/es\/#website\",\"url\":\"https:\/\/tourtravelandmore.com\/es\/\",\"name\":\"Tour Travel And More\",\"description\":\"Private sightseeing tours and luxury transfers in Spain\",\"publisher\":{\"@id\":\"https:\/\/tourtravelandmore.com\/es\/#organization\"},\"potentialAction\":[{\"@type\":\"SearchAction\",\"target\":{\"@type\":\"EntryPoint\",\"urlTemplate\":\"https:\/\/tourtravelandmore.com\/es\/?s={search_term_string}\"},\"query-input\":{\"@type\":\"PropertyValueSpecification\",\"valueRequired\":true,\"valueName\":\"search_term_string\"}}],\"inLanguage\":\"es\"},{\"@type\":\"Organization\",\"@id\":\"https:\/\/tourtravelandmore.com\/es\/#organization\",\"name\":\"Tour Travel And More\",\"url\":\"https:\/\/tourtravelandmore.com\/es\/\",\"logo\":{\"@type\":\"ImageObject\",\"inLanguage\":\"es\",\"@id\":\"https:\/\/tourtravelandmore.com\/es\/#\/schema\/logo\/image\/\",\"url\":\"https:\/\/tourtravelandmore.com\/wp-content\/uploads\/2022\/12\/cropped-logo-cabecera-new.png\",\"contentUrl\":\"https:\/\/tourtravelandmore.com\/wp-content\/uploads\/2022\/12\/cropped-logo-cabecera-new.png\",\"width\":430,\"height\":61,\"caption\":\"Tour Travel And More\"},\"image\":{\"@id\":\"https:\/\/tourtravelandmore.com\/es\/#\/schema\/logo\/image\/\"},\"sameAs\":[\"https:\/\/www.facebook.com\/tourtravelandmore\/\",\"https:\/\/x.com\/TourTravel_More\"]}]}<\/script>\n<!-- \/ Yoast SEO Premium plugin. -->","yoast_head_json":{"title":"\u27a1\ufe0f Excursi\u00f3n en barco privado desde Mykonos | Tour Travel & More","description":"Disfrute de una experiencia de lujo privada. Permitannos coordinar su barco privado desde Mykonos y descubra el maravilloso archipi\u00e9lago y las islas \u2705","robots":{"index":"index","follow":"follow","max-snippet":"max-snippet:-1","max-image-preview":"max-image-preview:large","max-video-preview":"max-video-preview:-1"},"canonical":"https:\/\/tourtravelandmore.com\/es\/tours\/grecia-es\/mykonos-es\/mykonos-actividades-es\/excursion-en-barco-privado-desde-mykonos\/","og_locale":"es_ES","og_type":"article","og_title":"Excursi\u00f3n en barco privado desde Mykonos","og_description":"Disfrute de una experiencia de lujo privada. Permitannos coordinar su barco privado desde Mykonos y descubra el maravilloso archipi\u00e9lago y las islas \u2705","og_url":"https:\/\/tourtravelandmore.com\/es\/tours\/grecia-es\/mykonos-es\/mykonos-actividades-es\/excursion-en-barco-privado-desde-mykonos\/","og_site_name":"Tour Travel And More","article_publisher":"https:\/\/www.facebook.com\/tourtravelandmore\/","article_modified_time":"2023-09-04T09:33:11+00:00","og_image":[{"width":481,"height":320,"url":"https:\/\/tourtravelandmore.com\/wp-content\/uploads\/2020\/08\/isla-girga-5.jpg","type":"image\/jpeg"}],"twitter_card":"summary_large_image","twitter_site":"@TourTravel_More","twitter_misc":{"Tiempo de lectura":"2 minutos"},"schema":{"@context":"https:\/\/schema.org","@graph":[{"@type":"WebPage","@id":"https:\/\/tourtravelandmore.com\/es\/tours\/grecia-es\/mykonos-es\/mykonos-actividades-es\/excursion-en-barco-privado-desde-mykonos\/","url":"https:\/\/tourtravelandmore.com\/es\/tours\/grecia-es\/mykonos-es\/mykonos-actividades-es\/excursion-en-barco-privado-desde-mykonos\/","name":"\u27a1\ufe0f Excursi\u00f3n en barco privado desde Mykonos | Tour Travel & More","isPartOf":{"@id":"https:\/\/tourtravelandmore.com\/es\/#website"},"primaryImageOfPage":{"@id":"https:\/\/tourtravelandmore.com\/es\/tours\/grecia-es\/mykonos-es\/mykonos-actividades-es\/excursion-en-barco-privado-desde-mykonos\/#primaryimage"},"image":{"@id":"https:\/\/tourtravelandmore.com\/es\/tours\/grecia-es\/mykonos-es\/mykonos-actividades-es\/excursion-en-barco-privado-desde-mykonos\/#primaryimage"},"thumbnailUrl":"https:\/\/tourtravelandmore.com\/wp-content\/uploads\/2020\/08\/isla-girga-5.jpg","datePublished":"2020-08-20T07:39:19+00:00","dateModified":"2023-09-04T09:33:11+00:00","description":"Disfrute de una experiencia de lujo privada. Permitannos coordinar su barco privado desde Mykonos y descubra el maravilloso archipi\u00e9lago y las islas \u2705","breadcrumb":{"@id":"https:\/\/tourtravelandmore.com\/es\/tours\/grecia-es\/mykonos-es\/mykonos-actividades-es\/excursion-en-barco-privado-desde-mykonos\/#breadcrumb"},"inLanguage":"es","potentialAction":[{"@type":"ReadAction","target":["https:\/\/tourtravelandmore.com\/es\/tours\/grecia-es\/mykonos-es\/mykonos-actividades-es\/excursion-en-barco-privado-desde-mykonos\/"]}]},{"@type":"ImageObject","inLanguage":"es","@id":"https:\/\/tourtravelandmore.com\/es\/tours\/grecia-es\/mykonos-es\/mykonos-actividades-es\/excursion-en-barco-privado-desde-mykonos\/#primaryimage","url":"https:\/\/tourtravelandmore.com\/wp-content\/uploads\/2020\/08\/isla-girga-5.jpg","contentUrl":"https:\/\/tourtravelandmore.com\/wp-content\/uploads\/2020\/08\/isla-girga-5.jpg","width":481,"height":320},{"@type":"BreadcrumbList","@id":"https:\/\/tourtravelandmore.com\/es\/tours\/grecia-es\/mykonos-es\/mykonos-actividades-es\/excursion-en-barco-privado-desde-mykonos\/#breadcrumb","itemListElement":[{"@type":"ListItem","position":1,"name":"Home","item":"https:\/\/tourtravelandmore.com\/es\/"},{"@type":"ListItem","position":2,"name":"Tours","item":"https:\/\/tourtravelandmore.com\/es\/tours\/"},{"@type":"ListItem","position":3,"name":"Excursi\u00f3n en barco privado desde Mykonos"}]},{"@type":"WebSite","@id":"https:\/\/tourtravelandmore.com\/es\/#website","url":"https:\/\/tourtravelandmore.com\/es\/","name":"Tour Travel And More","description":"Private sightseeing tours and luxury transfers in Spain","publisher":{"@id":"https:\/\/tourtravelandmore.com\/es\/#organization"},"potentialAction":[{"@type":"SearchAction","target":{"@type":"EntryPoint","urlTemplate":"https:\/\/tourtravelandmore.com\/es\/?s={search_term_string}"},"query-input":{"@type":"PropertyValueSpecification","valueRequired":true,"valueName":"search_term_string"}}],"inLanguage":"es"},{"@type":"Organization","@id":"https:\/\/tourtravelandmore.com\/es\/#organization","name":"Tour Travel And More","url":"https:\/\/tourtravelandmore.com\/es\/","logo":{"@type":"ImageObject","inLanguage":"es","@id":"https:\/\/tourtravelandmore.com\/es\/#\/schema\/logo\/image\/","url":"https:\/\/tourtravelandmore.com\/wp-content\/uploads\/2022\/12\/cropped-logo-cabecera-new.png","contentUrl":"https:\/\/tourtravelandmore.com\/wp-content\/uploads\/2022\/12\/cropped-logo-cabecera-new.png","width":430,"height":61,"caption":"Tour Travel And More"},"image":{"@id":"https:\/\/tourtravelandmore.com\/es\/#\/schema\/logo\/image\/"},"sameAs":["https:\/\/www.facebook.com\/tourtravelandmore\/","https:\/\/x.com\/TourTravel_More"]}]}},"_links":{"self":[{"href":"https:\/\/tourtravelandmore.com\/es\/wp-json\/wp\/v2\/product\/82618","targetHints":{"allow":["GET"]}}],"collection":[{"href":"https:\/\/tourtravelandmore.com\/es\/wp-json\/wp\/v2\/product"}],"about":[{"href":"https:\/\/tourtravelandmore.com\/es\/wp-json\/wp\/v2\/types\/product"}],"replies":[{"embeddable":true,"href":"https:\/\/tourtravelandmore.com\/es\/wp-json\/wp\/v2\/comments?post=82618"}],"wp:featuredmedia":[{"embeddable":true,"href":"https:\/\/tourtravelandmore.com\/es\/wp-json\/wp\/v2\/media\/82628"}],"wp:attachment":[{"href":"https:\/\/tourtravelandmore.com\/es\/wp-json\/wp\/v2\/media?parent=82618"}],"wp:term":[{"taxonomy":"product_brand","embeddable":true,"href":"https:\/\/tourtravelandmore.com\/es\/wp-json\/wp\/v2\/product_brand?post=82618"},{"taxonomy":"product_cat","embeddable":true,"href":"https:\/\/tourtravelandmore.com\/es\/wp-json\/wp\/v2\/product_cat?post=82618"},{"taxonomy":"product_tag","embeddable":true,"href":"https:\/\/tourtravelandmore.com\/es\/wp-json\/wp\/v2\/product_tag?post=82618"}],"curies":[{"name":"wp","href":"https:\/\/api.w.org\/{rel}","templated":true}]}}