{"id":82591,"date":"2020-08-19T11:23:00","date_gmt":"2020-08-19T09:23:01","guid":{"rendered":"https:\/\/tourtravelandmore.com\/?post_type=product&#038;p=82591"},"modified":"2023-09-08T13:32:40","modified_gmt":"2023-09-08T11:32:40","slug":"tour-privado-a-pie-de-oia-santorini","status":"publish","type":"product","link":"https:\/\/tourtravelandmore.com\/es\/tours\/grecia-es\/santorini-es\/santorini-actividades-es\/tour-privado-a-pie-de-oia-santorini\/","title":{"rendered":"Tour Privado a pie de Oia"},"content":{"rendered":"<h2><strong>Descripci\u00f3n del Tour Privado a pie de Oia<\/strong><\/h2>\n<p>Descubre el maravilloso pueblo <strong><em>Oia<\/em><\/strong> en la isla de Santorini junto a un gu\u00eda privado durante nuestro <em><strong>tour privado a pie de Oia<\/strong>.<\/em><\/p>\n<p><strong>Santorini<\/strong> es parte de las famosas islas C\u00edcladas, ubicada en la parte m\u00e1s sur de estas. Junto a Mykonos es una de las islas m\u00e1s famosas de Grecia. Originalmente, una isla grande, Santorini est\u00e1 compuesta actualmente por diversas islas. Esta divisi\u00f3n es fruto de la erupci\u00f3n del volc\u00e1n que se encuentra all\u00ed.<\/p>\n<p>Oia es el pueblo m\u00e1s famoso de Santorini. Ubicado a 150 sobre el nivel del mar, Oia se encuentra en la parte norte de la isla. El pueblo ofrece maravillosas vistas panor\u00e1micas de la isla, la caldera y el volc\u00e1n. Podr\u00e1 explorar este maravilloso pueblo que inspir\u00f3 a pintores, poetas y m\u00e1s artistas, junto a un gu\u00eda local.<\/p>\n<p>Aprovecha esta oportunidad de caminar sus calles y disfrutar espectaculares vistas panor\u00e1micas de la isla. Su gu\u00eda oficial privado le ayudar\u00e1 a descubrir el pueblo y Santorini.<\/p>\n<h2><strong>Puntos de inter\u00e9s en el Tour Privado a pie de Oia<\/strong><\/h2>\n<p>Su gu\u00eda privado le recoger\u00e1 en su alojamiento central en Oia, o en un punto c\u00e9ntrico. A continuaci\u00f3n dar\u00e1n comienzo a su tour privado a pie de Oia.<\/p>\n<p>Durante su tour privado caminar\u00e1 el pueblo mientras aprende la historia y tradici\u00f3n del pueblo. Oia es tambi\u00e9n conocido localmente como Apanaro Meria, y es visitado por aquellos que buscan tranquilidad y lujo.<\/p>\n<p>Oia es el sitio perfecto para disfrutar de la puesta de sol en Grecia. Durante su tour privado apreciar\u00e1 las escaleras blancas, casas y edificaciones con diversos colores junto a su gu\u00eda privado.<\/p>\n<p>Algunos de los sitios que visitar\u00e1 durante su tour privado:<\/p>\n<ul>\n<li><span id=\"Alefkandra_la_famosa_pequena_Venecia_de_Mykonos\"><strong>Iglesia San Jorge: <\/strong>Tambi\u00e9n conocida como Perivolas, alberga un interior maravilloso.<\/span><\/li>\n<li><a href=\"https:\/\/www.santorini.com\/museums\/naval_museum.htm\"><strong>Museo mar\u00edtimo de Oia<\/strong><\/a>: Antiguamente, una mansi\u00f3n del siglo 19, el museo alberga equipamiento de la \u00e9poca de oro del nav\u00edo hel\u00e9nico.<\/li>\n<li><strong>Castillo Agios Nikolaos<\/strong>: Probablemente, el sitio m\u00e1s famoso para disfrutar de la puesta del sol en Grecia<\/li>\n<li><strong>Sus maravillosas calles y vistas panor\u00e1micas!<\/strong><\/li>\n<li>Mucho m\u00e1s!<\/li>\n<\/ul>\n<p>Recomendamos hacer el tour privado a pie de Oia durante la tarde para culminarlo en el castillo con la puesta de sol. Pero podemos tambi\u00e9n coordinar su tour privado durante el d\u00eda.<\/p>\n<p>En caso de que lo desee, podemos tambi\u00e9n coordinar la disposici\u00f3n de un veh\u00edculo privado de lujo para su tour, incluyendo otros puntos de la isla en el itinerario.<\/p>\n","protected":false},"excerpt":{"rendered":"<p>Explore el pueblo, sus maravillosas casas, escaleras y puntos de vista panor\u00e1micos junto a un gu\u00eda local.<\/p>\n","protected":false},"featured_media":82612,"comment_status":"open","ping_status":"closed","template":"","meta":{"_acf_changed":false},"product_brand":[],"product_cat":[2518,2520,2524],"product_tag":[],"class_list":{"0":"post-82591","1":"product","2":"type-product","3":"status-publish","4":"has-post-thumbnail","6":"product_cat-santorini-es","7":"product_cat-santorini-actividades-es","8":"product_cat-santorini-a-pie-es","10":"first","11":"instock","12":"shipping-taxable","13":"purchasable","14":"product-type-simple"},"acf":[],"yoast_head":"<!-- This site is optimized with the Yoast SEO Premium plugin v25.3.1 (Yoast SEO v25.3.1) - https:\/\/yoast.com\/wordpress\/plugins\/seo\/ -->\n<title>\u27a1\ufe0f Tour privado a pie de Oia en Santorini con gu\u00eda oficial privado | Tour Travel &amp; More<\/title>\n<meta name=\"description\" content=\"Explore el pueblo y sus maravillosas vistas panor\u00e1micas durante un tour privado a pie de Oia. Aprenda la cultura y tradici\u00f3n griega \u2705\" \/>\n<meta name=\"robots\" content=\"index, follow, max-snippet:-1, max-image-preview:large, max-video-preview:-1\" \/>\n<link rel=\"canonical\" href=\"https:\/\/tourtravelandmore.com\/es\/tours\/grecia-es\/santorini-es\/santorini-actividades-es\/tour-privado-a-pie-de-oia-santorini\/\" \/>\n<meta property=\"og:locale\" content=\"es_ES\" \/>\n<meta property=\"og:type\" content=\"article\" \/>\n<meta property=\"og:title\" content=\"Tour Privado a pie de Oia\" \/>\n<meta property=\"og:description\" content=\"Explore el pueblo y sus maravillosas vistas panor\u00e1micas durante un tour privado a pie de Oia. Aprenda la cultura y tradici\u00f3n griega \u2705\" \/>\n<meta property=\"og:url\" content=\"https:\/\/tourtravelandmore.com\/es\/tours\/grecia-es\/santorini-es\/santorini-actividades-es\/tour-privado-a-pie-de-oia-santorini\/\" \/>\n<meta property=\"og:site_name\" content=\"Tour Travel And More\" \/>\n<meta property=\"article:publisher\" content=\"https:\/\/www.facebook.com\/tourtravelandmore\/\" \/>\n<meta property=\"article:modified_time\" content=\"2023-09-08T11:32:40+00:00\" \/>\n<meta property=\"og:image\" content=\"https:\/\/tourtravelandmore.com\/wp-content\/uploads\/2020\/08\/santorini-greece-caldera-oia-volcano-mediterranean-sea-sun-light-flowers-min.jpg\" \/>\n\t<meta property=\"og:image:width\" content=\"880\" \/>\n\t<meta property=\"og:image:height\" content=\"660\" \/>\n\t<meta property=\"og:image:type\" content=\"image\/jpeg\" \/>\n<meta name=\"twitter:card\" content=\"summary_large_image\" \/>\n<meta name=\"twitter:site\" content=\"@TourTravel_More\" \/>\n<meta name=\"twitter:label1\" content=\"Tiempo de lectura\" \/>\n\t<meta name=\"twitter:data1\" content=\"2 minutos\" \/>\n<script type=\"application\/ld+json\" class=\"yoast-schema-graph\">{\"@context\":\"https:\/\/schema.org\",\"@graph\":[{\"@type\":\"WebPage\",\"@id\":\"https:\/\/tourtravelandmore.com\/es\/tours\/grecia-es\/santorini-es\/santorini-actividades-es\/tour-privado-a-pie-de-oia-santorini\/\",\"url\":\"https:\/\/tourtravelandmore.com\/es\/tours\/grecia-es\/santorini-es\/santorini-actividades-es\/tour-privado-a-pie-de-oia-santorini\/\",\"name\":\"\u27a1\ufe0f Tour privado a pie de Oia en Santorini con gu\u00eda oficial privado | Tour Travel & More\",\"isPartOf\":{\"@id\":\"https:\/\/tourtravelandmore.com\/es\/#website\"},\"primaryImageOfPage\":{\"@id\":\"https:\/\/tourtravelandmore.com\/es\/tours\/grecia-es\/santorini-es\/santorini-actividades-es\/tour-privado-a-pie-de-oia-santorini\/#primaryimage\"},\"image\":{\"@id\":\"https:\/\/tourtravelandmore.com\/es\/tours\/grecia-es\/santorini-es\/santorini-actividades-es\/tour-privado-a-pie-de-oia-santorini\/#primaryimage\"},\"thumbnailUrl\":\"https:\/\/tourtravelandmore.com\/wp-content\/uploads\/2020\/08\/santorini-greece-caldera-oia-volcano-mediterranean-sea-sun-light-flowers-min.jpg\",\"datePublished\":\"2020-08-19T09:23:01+00:00\",\"dateModified\":\"2023-09-08T11:32:40+00:00\",\"description\":\"Explore el pueblo y sus maravillosas vistas panor\u00e1micas durante un tour privado a pie de Oia. Aprenda la cultura y tradici\u00f3n griega \u2705\",\"breadcrumb\":{\"@id\":\"https:\/\/tourtravelandmore.com\/es\/tours\/grecia-es\/santorini-es\/santorini-actividades-es\/tour-privado-a-pie-de-oia-santorini\/#breadcrumb\"},\"inLanguage\":\"es\",\"potentialAction\":[{\"@type\":\"ReadAction\",\"target\":[\"https:\/\/tourtravelandmore.com\/es\/tours\/grecia-es\/santorini-es\/santorini-actividades-es\/tour-privado-a-pie-de-oia-santorini\/\"]}]},{\"@type\":\"ImageObject\",\"inLanguage\":\"es\",\"@id\":\"https:\/\/tourtravelandmore.com\/es\/tours\/grecia-es\/santorini-es\/santorini-actividades-es\/tour-privado-a-pie-de-oia-santorini\/#primaryimage\",\"url\":\"https:\/\/tourtravelandmore.com\/wp-content\/uploads\/2020\/08\/santorini-greece-caldera-oia-volcano-mediterranean-sea-sun-light-flowers-min.jpg\",\"contentUrl\":\"https:\/\/tourtravelandmore.com\/wp-content\/uploads\/2020\/08\/santorini-greece-caldera-oia-volcano-mediterranean-sea-sun-light-flowers-min.jpg\",\"width\":880,\"height\":660,\"caption\":\"Oia caldera\"},{\"@type\":\"BreadcrumbList\",\"@id\":\"https:\/\/tourtravelandmore.com\/es\/tours\/grecia-es\/santorini-es\/santorini-actividades-es\/tour-privado-a-pie-de-oia-santorini\/#breadcrumb\",\"itemListElement\":[{\"@type\":\"ListItem\",\"position\":1,\"name\":\"Home\",\"item\":\"https:\/\/tourtravelandmore.com\/es\/\"},{\"@type\":\"ListItem\",\"position\":2,\"name\":\"Tours\",\"item\":\"https:\/\/tourtravelandmore.com\/es\/tours\/\"},{\"@type\":\"ListItem\",\"position\":3,\"name\":\"Tour Privado a pie de Oia\"}]},{\"@type\":\"WebSite\",\"@id\":\"https:\/\/tourtravelandmore.com\/es\/#website\",\"url\":\"https:\/\/tourtravelandmore.com\/es\/\",\"name\":\"Tour Travel And More\",\"description\":\"Private sightseeing tours and luxury transfers in Spain\",\"publisher\":{\"@id\":\"https:\/\/tourtravelandmore.com\/es\/#organization\"},\"potentialAction\":[{\"@type\":\"SearchAction\",\"target\":{\"@type\":\"EntryPoint\",\"urlTemplate\":\"https:\/\/tourtravelandmore.com\/es\/?s={search_term_string}\"},\"query-input\":{\"@type\":\"PropertyValueSpecification\",\"valueRequired\":true,\"valueName\":\"search_term_string\"}}],\"inLanguage\":\"es\"},{\"@type\":\"Organization\",\"@id\":\"https:\/\/tourtravelandmore.com\/es\/#organization\",\"name\":\"Tour Travel And More\",\"url\":\"https:\/\/tourtravelandmore.com\/es\/\",\"logo\":{\"@type\":\"ImageObject\",\"inLanguage\":\"es\",\"@id\":\"https:\/\/tourtravelandmore.com\/es\/#\/schema\/logo\/image\/\",\"url\":\"https:\/\/tourtravelandmore.com\/wp-content\/uploads\/2022\/12\/cropped-logo-cabecera-new.png\",\"contentUrl\":\"https:\/\/tourtravelandmore.com\/wp-content\/uploads\/2022\/12\/cropped-logo-cabecera-new.png\",\"width\":430,\"height\":61,\"caption\":\"Tour Travel And More\"},\"image\":{\"@id\":\"https:\/\/tourtravelandmore.com\/es\/#\/schema\/logo\/image\/\"},\"sameAs\":[\"https:\/\/www.facebook.com\/tourtravelandmore\/\",\"https:\/\/x.com\/TourTravel_More\"]}]}<\/script>\n<!-- \/ Yoast SEO Premium plugin. -->","yoast_head_json":{"title":"\u27a1\ufe0f Tour privado a pie de Oia en Santorini con gu\u00eda oficial privado | Tour Travel & More","description":"Explore el pueblo y sus maravillosas vistas panor\u00e1micas durante un tour privado a pie de Oia. Aprenda la cultura y tradici\u00f3n griega \u2705","robots":{"index":"index","follow":"follow","max-snippet":"max-snippet:-1","max-image-preview":"max-image-preview:large","max-video-preview":"max-video-preview:-1"},"canonical":"https:\/\/tourtravelandmore.com\/es\/tours\/grecia-es\/santorini-es\/santorini-actividades-es\/tour-privado-a-pie-de-oia-santorini\/","og_locale":"es_ES","og_type":"article","og_title":"Tour Privado a pie de Oia","og_description":"Explore el pueblo y sus maravillosas vistas panor\u00e1micas durante un tour privado a pie de Oia. Aprenda la cultura y tradici\u00f3n griega \u2705","og_url":"https:\/\/tourtravelandmore.com\/es\/tours\/grecia-es\/santorini-es\/santorini-actividades-es\/tour-privado-a-pie-de-oia-santorini\/","og_site_name":"Tour Travel And More","article_publisher":"https:\/\/www.facebook.com\/tourtravelandmore\/","article_modified_time":"2023-09-08T11:32:40+00:00","og_image":[{"width":880,"height":660,"url":"https:\/\/tourtravelandmore.com\/wp-content\/uploads\/2020\/08\/santorini-greece-caldera-oia-volcano-mediterranean-sea-sun-light-flowers-min.jpg","type":"image\/jpeg"}],"twitter_card":"summary_large_image","twitter_site":"@TourTravel_More","twitter_misc":{"Tiempo de lectura":"2 minutos"},"schema":{"@context":"https:\/\/schema.org","@graph":[{"@type":"WebPage","@id":"https:\/\/tourtravelandmore.com\/es\/tours\/grecia-es\/santorini-es\/santorini-actividades-es\/tour-privado-a-pie-de-oia-santorini\/","url":"https:\/\/tourtravelandmore.com\/es\/tours\/grecia-es\/santorini-es\/santorini-actividades-es\/tour-privado-a-pie-de-oia-santorini\/","name":"\u27a1\ufe0f Tour privado a pie de Oia en Santorini con gu\u00eda oficial privado | Tour Travel & More","isPartOf":{"@id":"https:\/\/tourtravelandmore.com\/es\/#website"},"primaryImageOfPage":{"@id":"https:\/\/tourtravelandmore.com\/es\/tours\/grecia-es\/santorini-es\/santorini-actividades-es\/tour-privado-a-pie-de-oia-santorini\/#primaryimage"},"image":{"@id":"https:\/\/tourtravelandmore.com\/es\/tours\/grecia-es\/santorini-es\/santorini-actividades-es\/tour-privado-a-pie-de-oia-santorini\/#primaryimage"},"thumbnailUrl":"https:\/\/tourtravelandmore.com\/wp-content\/uploads\/2020\/08\/santorini-greece-caldera-oia-volcano-mediterranean-sea-sun-light-flowers-min.jpg","datePublished":"2020-08-19T09:23:01+00:00","dateModified":"2023-09-08T11:32:40+00:00","description":"Explore el pueblo y sus maravillosas vistas panor\u00e1micas durante un tour privado a pie de Oia. Aprenda la cultura y tradici\u00f3n griega \u2705","breadcrumb":{"@id":"https:\/\/tourtravelandmore.com\/es\/tours\/grecia-es\/santorini-es\/santorini-actividades-es\/tour-privado-a-pie-de-oia-santorini\/#breadcrumb"},"inLanguage":"es","potentialAction":[{"@type":"ReadAction","target":["https:\/\/tourtravelandmore.com\/es\/tours\/grecia-es\/santorini-es\/santorini-actividades-es\/tour-privado-a-pie-de-oia-santorini\/"]}]},{"@type":"ImageObject","inLanguage":"es","@id":"https:\/\/tourtravelandmore.com\/es\/tours\/grecia-es\/santorini-es\/santorini-actividades-es\/tour-privado-a-pie-de-oia-santorini\/#primaryimage","url":"https:\/\/tourtravelandmore.com\/wp-content\/uploads\/2020\/08\/santorini-greece-caldera-oia-volcano-mediterranean-sea-sun-light-flowers-min.jpg","contentUrl":"https:\/\/tourtravelandmore.com\/wp-content\/uploads\/2020\/08\/santorini-greece-caldera-oia-volcano-mediterranean-sea-sun-light-flowers-min.jpg","width":880,"height":660,"caption":"Oia caldera"},{"@type":"BreadcrumbList","@id":"https:\/\/tourtravelandmore.com\/es\/tours\/grecia-es\/santorini-es\/santorini-actividades-es\/tour-privado-a-pie-de-oia-santorini\/#breadcrumb","itemListElement":[{"@type":"ListItem","position":1,"name":"Home","item":"https:\/\/tourtravelandmore.com\/es\/"},{"@type":"ListItem","position":2,"name":"Tours","item":"https:\/\/tourtravelandmore.com\/es\/tours\/"},{"@type":"ListItem","position":3,"name":"Tour Privado a pie de Oia"}]},{"@type":"WebSite","@id":"https:\/\/tourtravelandmore.com\/es\/#website","url":"https:\/\/tourtravelandmore.com\/es\/","name":"Tour Travel And More","description":"Private sightseeing tours and luxury transfers in Spain","publisher":{"@id":"https:\/\/tourtravelandmore.com\/es\/#organization"},"potentialAction":[{"@type":"SearchAction","target":{"@type":"EntryPoint","urlTemplate":"https:\/\/tourtravelandmore.com\/es\/?s={search_term_string}"},"query-input":{"@type":"PropertyValueSpecification","valueRequired":true,"valueName":"search_term_string"}}],"inLanguage":"es"},{"@type":"Organization","@id":"https:\/\/tourtravelandmore.com\/es\/#organization","name":"Tour Travel And More","url":"https:\/\/tourtravelandmore.com\/es\/","logo":{"@type":"ImageObject","inLanguage":"es","@id":"https:\/\/tourtravelandmore.com\/es\/#\/schema\/logo\/image\/","url":"https:\/\/tourtravelandmore.com\/wp-content\/uploads\/2022\/12\/cropped-logo-cabecera-new.png","contentUrl":"https:\/\/tourtravelandmore.com\/wp-content\/uploads\/2022\/12\/cropped-logo-cabecera-new.png","width":430,"height":61,"caption":"Tour Travel And More"},"image":{"@id":"https:\/\/tourtravelandmore.com\/es\/#\/schema\/logo\/image\/"},"sameAs":["https:\/\/www.facebook.com\/tourtravelandmore\/","https:\/\/x.com\/TourTravel_More"]}]}},"_links":{"self":[{"href":"https:\/\/tourtravelandmore.com\/es\/wp-json\/wp\/v2\/product\/82591","targetHints":{"allow":["GET"]}}],"collection":[{"href":"https:\/\/tourtravelandmore.com\/es\/wp-json\/wp\/v2\/product"}],"about":[{"href":"https:\/\/tourtravelandmore.com\/es\/wp-json\/wp\/v2\/types\/product"}],"replies":[{"embeddable":true,"href":"https:\/\/tourtravelandmore.com\/es\/wp-json\/wp\/v2\/comments?post=82591"}],"wp:featuredmedia":[{"embeddable":true,"href":"https:\/\/tourtravelandmore.com\/es\/wp-json\/wp\/v2\/media\/82612"}],"wp:attachment":[{"href":"https:\/\/tourtravelandmore.com\/es\/wp-json\/wp\/v2\/media?parent=82591"}],"wp:term":[{"taxonomy":"product_brand","embeddable":true,"href":"https:\/\/tourtravelandmore.com\/es\/wp-json\/wp\/v2\/product_brand?post=82591"},{"taxonomy":"product_cat","embeddable":true,"href":"https:\/\/tourtravelandmore.com\/es\/wp-json\/wp\/v2\/product_cat?post=82591"},{"taxonomy":"product_tag","embeddable":true,"href":"https:\/\/tourtravelandmore.com\/es\/wp-json\/wp\/v2\/product_tag?post=82591"}],"curies":[{"name":"wp","href":"https:\/\/api.w.org\/{rel}","templated":true}]}}