{"id":82580,"date":"2020-08-18T19:46:50","date_gmt":"2020-08-18T17:46:50","guid":{"rendered":"https:\/\/tourtravelandmore.com\/?post_type=product&#038;p=82580"},"modified":"2023-09-04T11:25:43","modified_gmt":"2023-09-04T09:25:43","slug":"traslados-privados-en-mykonos-hacia-desde-cualquier-sitio","status":"publish","type":"product","link":"https:\/\/tourtravelandmore.com\/es\/tours\/grecia-es\/mykonos-es\/mykonos-actividades-es\/traslados-privados-en-mykonos-hacia-desde-cualquier-sitio\/","title":{"rendered":"Traslados Privados en Mykonos &#8211; hacia\/desde cualquier sitio"},"content":{"rendered":"<h2><strong>Descripci\u00f3n de los Traslados\u00a0Privados en Mykonos &#8211; hacia\/desde cualquier sitio<\/strong><\/h2>\n<p>Disfrute de una experiencia relajante en uno de nuestros <strong>veh\u00edculos privados de lujo<\/strong> con nuestros <strong>traslados privados en Mykonos<\/strong>. Le ofrecemos la forma m\u00e1s r\u00e1pida y f\u00e1cil de llegar a su destino final.<\/p>\n<p>Ofrecemos <strong>todo tipo de traslados<\/strong> como, por ejemplo, traslados al <a href=\"https:\/\/www.jmk-airport.gr\/el\">aeropuerto<\/a>, restaurantes o traslados a cualquier lugar de la isla.<\/p>\n<p>Una vez que llegue a su parada, nuestro personal lo estar\u00e1 esperando con un cartel en la terminal de llegadas. Durante su llegada a su destino final, tambi\u00e9n podr\u00e1 disfrutar de un paisaje panor\u00e1mico de la ciudad.<\/p>\n<p>Tambi\u00e9n disfrute de <strong>traslados privados<\/strong> desde su hotel o apartamento hasta la terminal de cruceros de Mykonos.<\/p>\n<p>Podemos llevarlo a su hotel en Mykonos o a cualquier playa en la isla como Kalafati o Paradise.<\/p>\n<p>Tambi\u00e9n ofrecemos una amplia variedad de tours privados en y desde Mykonos, mire <a href=\"https:\/\/tourtravelandmore.com\/es\/ciudad\/grecia-es\/mykonos-es\/\">nuestra lista de tours privados<\/a>.<\/p>\n<h2><strong>Puntos de inter\u00e9s en los Traslados Privados en Mykonos &#8211; hacia\/desde cualquier sitio<\/strong><\/h2>\n<p>Ofrecemos servicio de traslado y ofrecemos un <strong>servicio personalizado y privad<\/strong>o para todos los grupos. Todos nuestros veh\u00edculos son de alta gama.<\/p>\n<p>Todo lo que necesita hacer es contactarnos y organizaremos su transferencia de la mejor manera posible.<\/p>\n<p>Una vez que haya hecho la reserva, recibir\u00e1 un correo de confirmaci\u00f3n. Luego necesitaremos la informaci\u00f3n de su vuelo, la hora de llegada y la compa\u00f1\u00eda a\u00e9rea, o la informaci\u00f3n de su crucero. <strong>Entre 48 y 24 horas antes de su hora de llegada, necesitaremos una confirmaci\u00f3n de todos estos detalles para que su servicio de traslado sea perfecto.<\/strong><\/p>\n<p>No limitamos la cantidad de equipaje. Pero le rogamos que informe con cu\u00e1ntos equipajes viajar\u00e1 solo por cuestiones de log\u00edstica. A veces puede ser necesario un veh\u00edculo m\u00e1s grande y se pueden aplicar tarifas adicionales.<\/p>\n<p>Si necesita un asiento para beb\u00e9 o un asiento para ni\u00f1os, p\u00f3ngase en contacto con nosotros antes de su vuelo o crucero para organizarlo correctamente.<\/p>\n","protected":false},"excerpt":{"rendered":"<p>Aproveche esta oportunidad para <strong>llegar a su destino en Mykonos<\/strong> de la manera m\u00e1s c\u00f3moda y r\u00e1pida posible.<\/p>\n","protected":false},"featured_media":8555,"comment_status":"open","ping_status":"closed","template":"","meta":{"_acf_changed":false},"product_brand":[],"product_cat":[2496,2498,2504],"product_tag":[],"class_list":{"0":"post-82580","1":"product","2":"type-product","3":"status-publish","4":"has-post-thumbnail","6":"product_cat-mykonos-es","7":"product_cat-mykonos-actividades-es","8":"product_cat-mykonos-traslados-es","10":"first","11":"instock","12":"shipping-taxable","13":"purchasable","14":"product-type-simple"},"acf":[],"yoast_head":"<!-- This site is optimized with the Yoast SEO Premium plugin v25.3.1 (Yoast SEO v25.3.1) - https:\/\/yoast.com\/wordpress\/plugins\/seo\/ -->\n<title>\u27a1\ufe0f Traslados Privados en Mykonos | Tour Travel &amp; More<\/title>\n<meta name=\"description\" content=\"Traslados Privados en Mykonos desde, hotel, aeropuerto o terminal de cruceros. Veh\u00edculos privados de lujo con chofer a su disposici\u00f3n \u2705\" \/>\n<meta name=\"robots\" content=\"index, follow, max-snippet:-1, max-image-preview:large, max-video-preview:-1\" \/>\n<link rel=\"canonical\" href=\"https:\/\/tourtravelandmore.com\/es\/tours\/grecia-es\/mykonos-es\/mykonos-actividades-es\/traslados-privados-en-mykonos-hacia-desde-cualquier-sitio\/\" \/>\n<meta property=\"og:locale\" content=\"es_ES\" \/>\n<meta property=\"og:type\" content=\"article\" \/>\n<meta property=\"og:title\" content=\"Traslados Privados en Mykonos - hacia\/desde cualquier sitio\" \/>\n<meta property=\"og:description\" content=\"Traslados Privados en Mykonos desde, hotel, aeropuerto o terminal de cruceros. Veh\u00edculos privados de lujo con chofer a su disposici\u00f3n \u2705\" \/>\n<meta property=\"og:url\" content=\"https:\/\/tourtravelandmore.com\/es\/tours\/grecia-es\/mykonos-es\/mykonos-actividades-es\/traslados-privados-en-mykonos-hacia-desde-cualquier-sitio\/\" \/>\n<meta property=\"og:site_name\" content=\"Tour Travel And More\" \/>\n<meta property=\"article:publisher\" content=\"https:\/\/www.facebook.com\/tourtravelandmore\/\" \/>\n<meta property=\"article:modified_time\" content=\"2023-09-04T09:25:43+00:00\" \/>\n<meta property=\"og:image\" content=\"https:\/\/tourtravelandmore.com\/wp-content\/uploads\/2016\/10\/madrid-private-transfer.png\" \/>\n\t<meta property=\"og:image:width\" content=\"640\" \/>\n\t<meta property=\"og:image:height\" content=\"425\" \/>\n\t<meta property=\"og:image:type\" content=\"image\/png\" \/>\n<meta name=\"twitter:card\" content=\"summary_large_image\" \/>\n<meta name=\"twitter:site\" content=\"@TourTravel_More\" \/>\n<meta name=\"twitter:label1\" content=\"Tiempo de lectura\" \/>\n\t<meta name=\"twitter:data1\" content=\"2 minutos\" \/>\n<script type=\"application\/ld+json\" class=\"yoast-schema-graph\">{\"@context\":\"https:\/\/schema.org\",\"@graph\":[{\"@type\":\"WebPage\",\"@id\":\"https:\/\/tourtravelandmore.com\/es\/tours\/grecia-es\/mykonos-es\/mykonos-actividades-es\/traslados-privados-en-mykonos-hacia-desde-cualquier-sitio\/\",\"url\":\"https:\/\/tourtravelandmore.com\/es\/tours\/grecia-es\/mykonos-es\/mykonos-actividades-es\/traslados-privados-en-mykonos-hacia-desde-cualquier-sitio\/\",\"name\":\"\u27a1\ufe0f Traslados Privados en Mykonos | Tour Travel & More\",\"isPartOf\":{\"@id\":\"https:\/\/tourtravelandmore.com\/es\/#website\"},\"primaryImageOfPage\":{\"@id\":\"https:\/\/tourtravelandmore.com\/es\/tours\/grecia-es\/mykonos-es\/mykonos-actividades-es\/traslados-privados-en-mykonos-hacia-desde-cualquier-sitio\/#primaryimage\"},\"image\":{\"@id\":\"https:\/\/tourtravelandmore.com\/es\/tours\/grecia-es\/mykonos-es\/mykonos-actividades-es\/traslados-privados-en-mykonos-hacia-desde-cualquier-sitio\/#primaryimage\"},\"thumbnailUrl\":\"https:\/\/tourtravelandmore.com\/wp-content\/uploads\/2016\/10\/madrid-private-transfer.png\",\"datePublished\":\"2020-08-18T17:46:50+00:00\",\"dateModified\":\"2023-09-04T09:25:43+00:00\",\"description\":\"Traslados Privados en Mykonos desde, hotel, aeropuerto o terminal de cruceros. Veh\u00edculos privados de lujo con chofer a su disposici\u00f3n \u2705\",\"breadcrumb\":{\"@id\":\"https:\/\/tourtravelandmore.com\/es\/tours\/grecia-es\/mykonos-es\/mykonos-actividades-es\/traslados-privados-en-mykonos-hacia-desde-cualquier-sitio\/#breadcrumb\"},\"inLanguage\":\"es\",\"potentialAction\":[{\"@type\":\"ReadAction\",\"target\":[\"https:\/\/tourtravelandmore.com\/es\/tours\/grecia-es\/mykonos-es\/mykonos-actividades-es\/traslados-privados-en-mykonos-hacia-desde-cualquier-sitio\/\"]}]},{\"@type\":\"ImageObject\",\"inLanguage\":\"es\",\"@id\":\"https:\/\/tourtravelandmore.com\/es\/tours\/grecia-es\/mykonos-es\/mykonos-actividades-es\/traslados-privados-en-mykonos-hacia-desde-cualquier-sitio\/#primaryimage\",\"url\":\"https:\/\/tourtravelandmore.com\/wp-content\/uploads\/2016\/10\/madrid-private-transfer.png\",\"contentUrl\":\"https:\/\/tourtravelandmore.com\/wp-content\/uploads\/2016\/10\/madrid-private-transfer.png\",\"width\":640,\"height\":425},{\"@type\":\"BreadcrumbList\",\"@id\":\"https:\/\/tourtravelandmore.com\/es\/tours\/grecia-es\/mykonos-es\/mykonos-actividades-es\/traslados-privados-en-mykonos-hacia-desde-cualquier-sitio\/#breadcrumb\",\"itemListElement\":[{\"@type\":\"ListItem\",\"position\":1,\"name\":\"Home\",\"item\":\"https:\/\/tourtravelandmore.com\/es\/\"},{\"@type\":\"ListItem\",\"position\":2,\"name\":\"Tours\",\"item\":\"https:\/\/tourtravelandmore.com\/es\/tours\/\"},{\"@type\":\"ListItem\",\"position\":3,\"name\":\"Traslados Privados en Mykonos &#8211; hacia\/desde cualquier sitio\"}]},{\"@type\":\"WebSite\",\"@id\":\"https:\/\/tourtravelandmore.com\/es\/#website\",\"url\":\"https:\/\/tourtravelandmore.com\/es\/\",\"name\":\"Tour Travel And More\",\"description\":\"Private sightseeing tours and luxury transfers in Spain\",\"publisher\":{\"@id\":\"https:\/\/tourtravelandmore.com\/es\/#organization\"},\"potentialAction\":[{\"@type\":\"SearchAction\",\"target\":{\"@type\":\"EntryPoint\",\"urlTemplate\":\"https:\/\/tourtravelandmore.com\/es\/?s={search_term_string}\"},\"query-input\":{\"@type\":\"PropertyValueSpecification\",\"valueRequired\":true,\"valueName\":\"search_term_string\"}}],\"inLanguage\":\"es\"},{\"@type\":\"Organization\",\"@id\":\"https:\/\/tourtravelandmore.com\/es\/#organization\",\"name\":\"Tour Travel And More\",\"url\":\"https:\/\/tourtravelandmore.com\/es\/\",\"logo\":{\"@type\":\"ImageObject\",\"inLanguage\":\"es\",\"@id\":\"https:\/\/tourtravelandmore.com\/es\/#\/schema\/logo\/image\/\",\"url\":\"https:\/\/tourtravelandmore.com\/wp-content\/uploads\/2022\/12\/cropped-logo-cabecera-new.png\",\"contentUrl\":\"https:\/\/tourtravelandmore.com\/wp-content\/uploads\/2022\/12\/cropped-logo-cabecera-new.png\",\"width\":430,\"height\":61,\"caption\":\"Tour Travel And More\"},\"image\":{\"@id\":\"https:\/\/tourtravelandmore.com\/es\/#\/schema\/logo\/image\/\"},\"sameAs\":[\"https:\/\/www.facebook.com\/tourtravelandmore\/\",\"https:\/\/x.com\/TourTravel_More\"]}]}<\/script>\n<!-- \/ Yoast SEO Premium plugin. -->","yoast_head_json":{"title":"\u27a1\ufe0f Traslados Privados en Mykonos | Tour Travel & More","description":"Traslados Privados en Mykonos desde, hotel, aeropuerto o terminal de cruceros. Veh\u00edculos privados de lujo con chofer a su disposici\u00f3n \u2705","robots":{"index":"index","follow":"follow","max-snippet":"max-snippet:-1","max-image-preview":"max-image-preview:large","max-video-preview":"max-video-preview:-1"},"canonical":"https:\/\/tourtravelandmore.com\/es\/tours\/grecia-es\/mykonos-es\/mykonos-actividades-es\/traslados-privados-en-mykonos-hacia-desde-cualquier-sitio\/","og_locale":"es_ES","og_type":"article","og_title":"Traslados Privados en Mykonos - hacia\/desde cualquier sitio","og_description":"Traslados Privados en Mykonos desde, hotel, aeropuerto o terminal de cruceros. Veh\u00edculos privados de lujo con chofer a su disposici\u00f3n \u2705","og_url":"https:\/\/tourtravelandmore.com\/es\/tours\/grecia-es\/mykonos-es\/mykonos-actividades-es\/traslados-privados-en-mykonos-hacia-desde-cualquier-sitio\/","og_site_name":"Tour Travel And More","article_publisher":"https:\/\/www.facebook.com\/tourtravelandmore\/","article_modified_time":"2023-09-04T09:25:43+00:00","og_image":[{"width":640,"height":425,"url":"https:\/\/tourtravelandmore.com\/wp-content\/uploads\/2016\/10\/madrid-private-transfer.png","type":"image\/png"}],"twitter_card":"summary_large_image","twitter_site":"@TourTravel_More","twitter_misc":{"Tiempo de lectura":"2 minutos"},"schema":{"@context":"https:\/\/schema.org","@graph":[{"@type":"WebPage","@id":"https:\/\/tourtravelandmore.com\/es\/tours\/grecia-es\/mykonos-es\/mykonos-actividades-es\/traslados-privados-en-mykonos-hacia-desde-cualquier-sitio\/","url":"https:\/\/tourtravelandmore.com\/es\/tours\/grecia-es\/mykonos-es\/mykonos-actividades-es\/traslados-privados-en-mykonos-hacia-desde-cualquier-sitio\/","name":"\u27a1\ufe0f Traslados Privados en Mykonos | Tour Travel & More","isPartOf":{"@id":"https:\/\/tourtravelandmore.com\/es\/#website"},"primaryImageOfPage":{"@id":"https:\/\/tourtravelandmore.com\/es\/tours\/grecia-es\/mykonos-es\/mykonos-actividades-es\/traslados-privados-en-mykonos-hacia-desde-cualquier-sitio\/#primaryimage"},"image":{"@id":"https:\/\/tourtravelandmore.com\/es\/tours\/grecia-es\/mykonos-es\/mykonos-actividades-es\/traslados-privados-en-mykonos-hacia-desde-cualquier-sitio\/#primaryimage"},"thumbnailUrl":"https:\/\/tourtravelandmore.com\/wp-content\/uploads\/2016\/10\/madrid-private-transfer.png","datePublished":"2020-08-18T17:46:50+00:00","dateModified":"2023-09-04T09:25:43+00:00","description":"Traslados Privados en Mykonos desde, hotel, aeropuerto o terminal de cruceros. Veh\u00edculos privados de lujo con chofer a su disposici\u00f3n \u2705","breadcrumb":{"@id":"https:\/\/tourtravelandmore.com\/es\/tours\/grecia-es\/mykonos-es\/mykonos-actividades-es\/traslados-privados-en-mykonos-hacia-desde-cualquier-sitio\/#breadcrumb"},"inLanguage":"es","potentialAction":[{"@type":"ReadAction","target":["https:\/\/tourtravelandmore.com\/es\/tours\/grecia-es\/mykonos-es\/mykonos-actividades-es\/traslados-privados-en-mykonos-hacia-desde-cualquier-sitio\/"]}]},{"@type":"ImageObject","inLanguage":"es","@id":"https:\/\/tourtravelandmore.com\/es\/tours\/grecia-es\/mykonos-es\/mykonos-actividades-es\/traslados-privados-en-mykonos-hacia-desde-cualquier-sitio\/#primaryimage","url":"https:\/\/tourtravelandmore.com\/wp-content\/uploads\/2016\/10\/madrid-private-transfer.png","contentUrl":"https:\/\/tourtravelandmore.com\/wp-content\/uploads\/2016\/10\/madrid-private-transfer.png","width":640,"height":425},{"@type":"BreadcrumbList","@id":"https:\/\/tourtravelandmore.com\/es\/tours\/grecia-es\/mykonos-es\/mykonos-actividades-es\/traslados-privados-en-mykonos-hacia-desde-cualquier-sitio\/#breadcrumb","itemListElement":[{"@type":"ListItem","position":1,"name":"Home","item":"https:\/\/tourtravelandmore.com\/es\/"},{"@type":"ListItem","position":2,"name":"Tours","item":"https:\/\/tourtravelandmore.com\/es\/tours\/"},{"@type":"ListItem","position":3,"name":"Traslados Privados en Mykonos &#8211; hacia\/desde cualquier sitio"}]},{"@type":"WebSite","@id":"https:\/\/tourtravelandmore.com\/es\/#website","url":"https:\/\/tourtravelandmore.com\/es\/","name":"Tour Travel And More","description":"Private sightseeing tours and luxury transfers in Spain","publisher":{"@id":"https:\/\/tourtravelandmore.com\/es\/#organization"},"potentialAction":[{"@type":"SearchAction","target":{"@type":"EntryPoint","urlTemplate":"https:\/\/tourtravelandmore.com\/es\/?s={search_term_string}"},"query-input":{"@type":"PropertyValueSpecification","valueRequired":true,"valueName":"search_term_string"}}],"inLanguage":"es"},{"@type":"Organization","@id":"https:\/\/tourtravelandmore.com\/es\/#organization","name":"Tour Travel And More","url":"https:\/\/tourtravelandmore.com\/es\/","logo":{"@type":"ImageObject","inLanguage":"es","@id":"https:\/\/tourtravelandmore.com\/es\/#\/schema\/logo\/image\/","url":"https:\/\/tourtravelandmore.com\/wp-content\/uploads\/2022\/12\/cropped-logo-cabecera-new.png","contentUrl":"https:\/\/tourtravelandmore.com\/wp-content\/uploads\/2022\/12\/cropped-logo-cabecera-new.png","width":430,"height":61,"caption":"Tour Travel And More"},"image":{"@id":"https:\/\/tourtravelandmore.com\/es\/#\/schema\/logo\/image\/"},"sameAs":["https:\/\/www.facebook.com\/tourtravelandmore\/","https:\/\/x.com\/TourTravel_More"]}]}},"_links":{"self":[{"href":"https:\/\/tourtravelandmore.com\/es\/wp-json\/wp\/v2\/product\/82580","targetHints":{"allow":["GET"]}}],"collection":[{"href":"https:\/\/tourtravelandmore.com\/es\/wp-json\/wp\/v2\/product"}],"about":[{"href":"https:\/\/tourtravelandmore.com\/es\/wp-json\/wp\/v2\/types\/product"}],"replies":[{"embeddable":true,"href":"https:\/\/tourtravelandmore.com\/es\/wp-json\/wp\/v2\/comments?post=82580"}],"wp:featuredmedia":[{"embeddable":true,"href":"https:\/\/tourtravelandmore.com\/es\/wp-json\/wp\/v2\/media\/8555"}],"wp:attachment":[{"href":"https:\/\/tourtravelandmore.com\/es\/wp-json\/wp\/v2\/media?parent=82580"}],"wp:term":[{"taxonomy":"product_brand","embeddable":true,"href":"https:\/\/tourtravelandmore.com\/es\/wp-json\/wp\/v2\/product_brand?post=82580"},{"taxonomy":"product_cat","embeddable":true,"href":"https:\/\/tourtravelandmore.com\/es\/wp-json\/wp\/v2\/product_cat?post=82580"},{"taxonomy":"product_tag","embeddable":true,"href":"https:\/\/tourtravelandmore.com\/es\/wp-json\/wp\/v2\/product_tag?post=82580"}],"curies":[{"name":"wp","href":"https:\/\/api.w.org\/{rel}","templated":true}]}}