{"id":82569,"date":"2020-08-18T17:43:46","date_gmt":"2020-08-18T15:43:47","guid":{"rendered":"https:\/\/tourtravelandmore.com\/?post_type=product&#038;p=82569"},"modified":"2023-09-04T11:31:39","modified_gmt":"2023-09-04T09:31:39","slug":"tour-privado-por-la-isla-de-mykonos","status":"publish","type":"product","link":"https:\/\/tourtravelandmore.com\/es\/tours\/grecia-es\/mykonos-es\/mykonos-actividades-es\/tour-privado-por-la-isla-de-mykonos\/","title":{"rendered":"Tour Privado por la Isla de Mykonos"},"content":{"rendered":"<h2><strong>Descripci\u00f3n del Tour Privado por la Isla de Mykonos<\/strong><\/h2>\n<p>Si se encuentra en el puerto de cruceros de Mykonos o en su hotel, le recordamos este <strong>Tour Privado por la Isla de Mykonos<\/strong>. Hay muchos lugares donde puede ir guiado por uno de nuestros <strong>gu\u00edas oficiales<\/strong> y <strong>conductor privado<\/strong>.<\/p>\n<p><strong>Mykonos<\/strong> es una isla del grupo de las C\u00edcladas en el Mar Egeo y junto con Santorini, son las islas griegas m\u00e1s famosas. Esta isla, seg\u00fan la mitolog\u00eda griega, es conocida como <em>&#8220;isla de la luz&#8221;<\/em>, ya que fue nombrada como el h\u00e9roe <em>Mykono<\/em>, hijo de Apolo.<\/p>\n<p>La arquitectura \u00fanica de Mykonos la convierte en un lugar especial para todos los viajeros. Se caracteriza por peque\u00f1as casas de formas redondeadas, pintadas de blanco. Las ventanas y puertas de esas casas suelen estar pintadas con brillantes colores pasteles.<\/p>\n<p>Este tour privado por Mykonos se puede realizar en 4, 6 u 8 horas, donde visitar\u00e1s los lugares que prefieras. Cont\u00e1ctenos para que le enviemos una propuesta personalizada. Tendr\u00e1 a su total disposici\u00f3n un <strong>veh\u00edculo privado de lujo con conductor<\/strong> que puede llevarlo a las playas m\u00e1s hermosas.<\/p>\n<h2><strong>Puntos de inter\u00e9s en el Tour Privado por la Isla de Mykonos<\/strong><\/h2>\n<p>En primer lugar, su conductor privado y gu\u00eda tur\u00edstico oficial lo recoger\u00e1n en el lugar deseado en <a href=\"https:\/\/es.wikipedia.org\/wiki\/Miconos\">Mykonos<\/a>. En caso de que arribe en un crucero, podemos gestionar la recogida desde el puerto de cruceros.<\/p>\n<p>Durante este recorrido podr\u00e1s contemplar su arquitectura azul y blanca que la hacen tan especial. Tambi\u00e9n podr\u00e1s visitar sus playas m\u00e1s exclusivas e incluso admirar la incre\u00edble puesta de sol desde la isla.<\/p>\n<p>Entre otros lugares y sitios podr\u00e1s visitar:<\/p>\n<ul>\n<li><strong>Alefkandra<\/strong>: la famosa peque\u00f1a Venecia<\/li>\n<li><strong>Kato Myloi<\/strong>: conjunto de molinos de viento<\/li>\n<li><strong>Casco Antiguo (Chora)<\/strong>: es el lugar central de Mykonos, lleno de restaurantes, bares y tiendas.<\/li>\n<li><strong>Playa Psarou<\/strong>: una de las playas m\u00e1s exclusivas<\/li>\n<li><strong>Playa Lia<\/strong>: playa tranquila ubicada en el sur de la isla<\/li>\n<li><strong>Playa Platy Gialos<\/strong>: una de las playas m\u00e1s famosas ubicada cerca del casco antiguo<\/li>\n<li><strong>Playa Agrari<\/strong>: famosa por su arena dorada<\/li>\n<li><strong>Playas Para\u00edso y S\u00faper Para\u00edso<\/strong><\/li>\n<li>\u00a1Y mucho m\u00e1s!<\/li>\n<\/ul>\n<p>Durante este recorrido, tendr\u00e1 tiempo libre para almorzar y degustar una comida t\u00edpica griega. Su gu\u00eda privado puede recomendarle un restaurante muy agradable para su almuerzo.<\/p>\n<p>Finalmente, su conductor y gu\u00eda privado lo llevar\u00e1n de regreso a su punto de partida. Como se trata de un tour privado, podr\u00e1 personalizar su itinerario y visitar los lugares que prefiera. Solo tienes que contactarnos e informarnos tus deseos.<\/p>\n<p>Tenemos muchas opciones de tours privados en Mykonos, eche un vistazo a <a href=\"https:\/\/tourtravelandmore.com\/es\/ciudad\/grecia-es\/mykonos-es\/\">nuestra lista de tours privados y experiencias<\/a>.<\/p>\n","protected":false},"excerpt":{"rendered":"<p>Descubra la maravillosa isla de Mykonos junto a un gu\u00eda local experto.<\/p>\n","protected":false},"featured_media":82564,"comment_status":"open","ping_status":"closed","template":"","meta":{"_acf_changed":false},"product_brand":[],"product_cat":[2496,2498,2500],"product_tag":[],"class_list":{"0":"post-82569","1":"product","2":"type-product","3":"status-publish","4":"has-post-thumbnail","6":"product_cat-mykonos-es","7":"product_cat-mykonos-actividades-es","8":"product_cat-mykonos-excursiones-privadas-es","10":"first","11":"instock","12":"shipping-taxable","13":"purchasable","14":"product-type-simple"},"acf":[],"yoast_head":"<!-- This site is optimized with the Yoast SEO Premium plugin v25.3.1 (Yoast SEO v25.3.1) - https:\/\/yoast.com\/wordpress\/plugins\/seo\/ -->\n<title>\u27a1\ufe0f Tour Privado por la Isla de Mykonos con gu\u00eda oficial y chofer privado | Tour Travel &amp; More<\/title>\n<meta name=\"description\" content=\"Disfrute de este Tour Privado por la Isla de Mykonos junto a su gu\u00eda oficial privado, quien le ense\u00f1ar\u00e1 los lugares mas bellos de esta Isla \u2705\" \/>\n<meta name=\"robots\" content=\"index, follow, max-snippet:-1, max-image-preview:large, max-video-preview:-1\" \/>\n<link rel=\"canonical\" href=\"https:\/\/tourtravelandmore.com\/es\/tours\/grecia-es\/mykonos-es\/mykonos-actividades-es\/tour-privado-por-la-isla-de-mykonos\/\" \/>\n<meta property=\"og:locale\" content=\"es_ES\" \/>\n<meta property=\"og:type\" content=\"article\" \/>\n<meta property=\"og:title\" content=\"Tour Privado por la Isla de Mykonos\" \/>\n<meta property=\"og:description\" content=\"Disfrute de este Tour Privado por la Isla de Mykonos junto a su gu\u00eda oficial privado, quien le ense\u00f1ar\u00e1 los lugares mas bellos de esta Isla \u2705\" \/>\n<meta property=\"og:url\" content=\"https:\/\/tourtravelandmore.com\/es\/tours\/grecia-es\/mykonos-es\/mykonos-actividades-es\/tour-privado-por-la-isla-de-mykonos\/\" \/>\n<meta property=\"og:site_name\" content=\"Tour Travel And More\" \/>\n<meta property=\"article:publisher\" content=\"https:\/\/www.facebook.com\/tourtravelandmore\/\" \/>\n<meta property=\"article:modified_time\" content=\"2023-09-04T09:31:39+00:00\" \/>\n<meta property=\"og:image\" content=\"https:\/\/tourtravelandmore.com\/wp-content\/uploads\/2020\/08\/mykonos-3-scaled.jpg\" \/>\n\t<meta property=\"og:image:width\" content=\"2560\" \/>\n\t<meta property=\"og:image:height\" content=\"1703\" \/>\n\t<meta property=\"og:image:type\" content=\"image\/jpeg\" \/>\n<meta name=\"twitter:card\" content=\"summary_large_image\" \/>\n<meta name=\"twitter:site\" content=\"@TourTravel_More\" \/>\n<meta name=\"twitter:label1\" content=\"Tiempo de lectura\" \/>\n\t<meta name=\"twitter:data1\" content=\"2 minutos\" \/>\n<script type=\"application\/ld+json\" class=\"yoast-schema-graph\">{\"@context\":\"https:\/\/schema.org\",\"@graph\":[{\"@type\":\"WebPage\",\"@id\":\"https:\/\/tourtravelandmore.com\/es\/tours\/grecia-es\/mykonos-es\/mykonos-actividades-es\/tour-privado-por-la-isla-de-mykonos\/\",\"url\":\"https:\/\/tourtravelandmore.com\/es\/tours\/grecia-es\/mykonos-es\/mykonos-actividades-es\/tour-privado-por-la-isla-de-mykonos\/\",\"name\":\"\u27a1\ufe0f Tour Privado por la Isla de Mykonos con gu\u00eda oficial y chofer privado | Tour Travel & More\",\"isPartOf\":{\"@id\":\"https:\/\/tourtravelandmore.com\/es\/#website\"},\"primaryImageOfPage\":{\"@id\":\"https:\/\/tourtravelandmore.com\/es\/tours\/grecia-es\/mykonos-es\/mykonos-actividades-es\/tour-privado-por-la-isla-de-mykonos\/#primaryimage\"},\"image\":{\"@id\":\"https:\/\/tourtravelandmore.com\/es\/tours\/grecia-es\/mykonos-es\/mykonos-actividades-es\/tour-privado-por-la-isla-de-mykonos\/#primaryimage\"},\"thumbnailUrl\":\"https:\/\/tourtravelandmore.com\/wp-content\/uploads\/2020\/08\/mykonos-3-scaled.jpg\",\"datePublished\":\"2020-08-18T15:43:47+00:00\",\"dateModified\":\"2023-09-04T09:31:39+00:00\",\"description\":\"Disfrute de este Tour Privado por la Isla de Mykonos junto a su gu\u00eda oficial privado, quien le ense\u00f1ar\u00e1 los lugares mas bellos de esta Isla \u2705\",\"breadcrumb\":{\"@id\":\"https:\/\/tourtravelandmore.com\/es\/tours\/grecia-es\/mykonos-es\/mykonos-actividades-es\/tour-privado-por-la-isla-de-mykonos\/#breadcrumb\"},\"inLanguage\":\"es\",\"potentialAction\":[{\"@type\":\"ReadAction\",\"target\":[\"https:\/\/tourtravelandmore.com\/es\/tours\/grecia-es\/mykonos-es\/mykonos-actividades-es\/tour-privado-por-la-isla-de-mykonos\/\"]}]},{\"@type\":\"ImageObject\",\"inLanguage\":\"es\",\"@id\":\"https:\/\/tourtravelandmore.com\/es\/tours\/grecia-es\/mykonos-es\/mykonos-actividades-es\/tour-privado-por-la-isla-de-mykonos\/#primaryimage\",\"url\":\"https:\/\/tourtravelandmore.com\/wp-content\/uploads\/2020\/08\/mykonos-3-scaled.jpg\",\"contentUrl\":\"https:\/\/tourtravelandmore.com\/wp-content\/uploads\/2020\/08\/mykonos-3-scaled.jpg\",\"width\":2560,\"height\":1703,\"caption\":\"Coastline water boats against the cityscape of Mykonos island, Cyclades, Agean Sea, Greece.\"},{\"@type\":\"BreadcrumbList\",\"@id\":\"https:\/\/tourtravelandmore.com\/es\/tours\/grecia-es\/mykonos-es\/mykonos-actividades-es\/tour-privado-por-la-isla-de-mykonos\/#breadcrumb\",\"itemListElement\":[{\"@type\":\"ListItem\",\"position\":1,\"name\":\"Home\",\"item\":\"https:\/\/tourtravelandmore.com\/es\/\"},{\"@type\":\"ListItem\",\"position\":2,\"name\":\"Tours\",\"item\":\"https:\/\/tourtravelandmore.com\/es\/tours\/\"},{\"@type\":\"ListItem\",\"position\":3,\"name\":\"Tour Privado por la Isla de Mykonos\"}]},{\"@type\":\"WebSite\",\"@id\":\"https:\/\/tourtravelandmore.com\/es\/#website\",\"url\":\"https:\/\/tourtravelandmore.com\/es\/\",\"name\":\"Tour Travel And More\",\"description\":\"Private sightseeing tours and luxury transfers in Spain\",\"publisher\":{\"@id\":\"https:\/\/tourtravelandmore.com\/es\/#organization\"},\"potentialAction\":[{\"@type\":\"SearchAction\",\"target\":{\"@type\":\"EntryPoint\",\"urlTemplate\":\"https:\/\/tourtravelandmore.com\/es\/?s={search_term_string}\"},\"query-input\":{\"@type\":\"PropertyValueSpecification\",\"valueRequired\":true,\"valueName\":\"search_term_string\"}}],\"inLanguage\":\"es\"},{\"@type\":\"Organization\",\"@id\":\"https:\/\/tourtravelandmore.com\/es\/#organization\",\"name\":\"Tour Travel And More\",\"url\":\"https:\/\/tourtravelandmore.com\/es\/\",\"logo\":{\"@type\":\"ImageObject\",\"inLanguage\":\"es\",\"@id\":\"https:\/\/tourtravelandmore.com\/es\/#\/schema\/logo\/image\/\",\"url\":\"https:\/\/tourtravelandmore.com\/wp-content\/uploads\/2022\/12\/cropped-logo-cabecera-new.png\",\"contentUrl\":\"https:\/\/tourtravelandmore.com\/wp-content\/uploads\/2022\/12\/cropped-logo-cabecera-new.png\",\"width\":430,\"height\":61,\"caption\":\"Tour Travel And More\"},\"image\":{\"@id\":\"https:\/\/tourtravelandmore.com\/es\/#\/schema\/logo\/image\/\"},\"sameAs\":[\"https:\/\/www.facebook.com\/tourtravelandmore\/\",\"https:\/\/x.com\/TourTravel_More\"]}]}<\/script>\n<!-- \/ Yoast SEO Premium plugin. -->","yoast_head_json":{"title":"\u27a1\ufe0f Tour Privado por la Isla de Mykonos con gu\u00eda oficial y chofer privado | Tour Travel & More","description":"Disfrute de este Tour Privado por la Isla de Mykonos junto a su gu\u00eda oficial privado, quien le ense\u00f1ar\u00e1 los lugares mas bellos de esta Isla \u2705","robots":{"index":"index","follow":"follow","max-snippet":"max-snippet:-1","max-image-preview":"max-image-preview:large","max-video-preview":"max-video-preview:-1"},"canonical":"https:\/\/tourtravelandmore.com\/es\/tours\/grecia-es\/mykonos-es\/mykonos-actividades-es\/tour-privado-por-la-isla-de-mykonos\/","og_locale":"es_ES","og_type":"article","og_title":"Tour Privado por la Isla de Mykonos","og_description":"Disfrute de este Tour Privado por la Isla de Mykonos junto a su gu\u00eda oficial privado, quien le ense\u00f1ar\u00e1 los lugares mas bellos de esta Isla \u2705","og_url":"https:\/\/tourtravelandmore.com\/es\/tours\/grecia-es\/mykonos-es\/mykonos-actividades-es\/tour-privado-por-la-isla-de-mykonos\/","og_site_name":"Tour Travel And More","article_publisher":"https:\/\/www.facebook.com\/tourtravelandmore\/","article_modified_time":"2023-09-04T09:31:39+00:00","og_image":[{"width":2560,"height":1703,"url":"https:\/\/tourtravelandmore.com\/wp-content\/uploads\/2020\/08\/mykonos-3-scaled.jpg","type":"image\/jpeg"}],"twitter_card":"summary_large_image","twitter_site":"@TourTravel_More","twitter_misc":{"Tiempo de lectura":"2 minutos"},"schema":{"@context":"https:\/\/schema.org","@graph":[{"@type":"WebPage","@id":"https:\/\/tourtravelandmore.com\/es\/tours\/grecia-es\/mykonos-es\/mykonos-actividades-es\/tour-privado-por-la-isla-de-mykonos\/","url":"https:\/\/tourtravelandmore.com\/es\/tours\/grecia-es\/mykonos-es\/mykonos-actividades-es\/tour-privado-por-la-isla-de-mykonos\/","name":"\u27a1\ufe0f Tour Privado por la Isla de Mykonos con gu\u00eda oficial y chofer privado | Tour Travel & More","isPartOf":{"@id":"https:\/\/tourtravelandmore.com\/es\/#website"},"primaryImageOfPage":{"@id":"https:\/\/tourtravelandmore.com\/es\/tours\/grecia-es\/mykonos-es\/mykonos-actividades-es\/tour-privado-por-la-isla-de-mykonos\/#primaryimage"},"image":{"@id":"https:\/\/tourtravelandmore.com\/es\/tours\/grecia-es\/mykonos-es\/mykonos-actividades-es\/tour-privado-por-la-isla-de-mykonos\/#primaryimage"},"thumbnailUrl":"https:\/\/tourtravelandmore.com\/wp-content\/uploads\/2020\/08\/mykonos-3-scaled.jpg","datePublished":"2020-08-18T15:43:47+00:00","dateModified":"2023-09-04T09:31:39+00:00","description":"Disfrute de este Tour Privado por la Isla de Mykonos junto a su gu\u00eda oficial privado, quien le ense\u00f1ar\u00e1 los lugares mas bellos de esta Isla \u2705","breadcrumb":{"@id":"https:\/\/tourtravelandmore.com\/es\/tours\/grecia-es\/mykonos-es\/mykonos-actividades-es\/tour-privado-por-la-isla-de-mykonos\/#breadcrumb"},"inLanguage":"es","potentialAction":[{"@type":"ReadAction","target":["https:\/\/tourtravelandmore.com\/es\/tours\/grecia-es\/mykonos-es\/mykonos-actividades-es\/tour-privado-por-la-isla-de-mykonos\/"]}]},{"@type":"ImageObject","inLanguage":"es","@id":"https:\/\/tourtravelandmore.com\/es\/tours\/grecia-es\/mykonos-es\/mykonos-actividades-es\/tour-privado-por-la-isla-de-mykonos\/#primaryimage","url":"https:\/\/tourtravelandmore.com\/wp-content\/uploads\/2020\/08\/mykonos-3-scaled.jpg","contentUrl":"https:\/\/tourtravelandmore.com\/wp-content\/uploads\/2020\/08\/mykonos-3-scaled.jpg","width":2560,"height":1703,"caption":"Coastline water boats against the cityscape of Mykonos island, Cyclades, Agean Sea, Greece."},{"@type":"BreadcrumbList","@id":"https:\/\/tourtravelandmore.com\/es\/tours\/grecia-es\/mykonos-es\/mykonos-actividades-es\/tour-privado-por-la-isla-de-mykonos\/#breadcrumb","itemListElement":[{"@type":"ListItem","position":1,"name":"Home","item":"https:\/\/tourtravelandmore.com\/es\/"},{"@type":"ListItem","position":2,"name":"Tours","item":"https:\/\/tourtravelandmore.com\/es\/tours\/"},{"@type":"ListItem","position":3,"name":"Tour Privado por la Isla de Mykonos"}]},{"@type":"WebSite","@id":"https:\/\/tourtravelandmore.com\/es\/#website","url":"https:\/\/tourtravelandmore.com\/es\/","name":"Tour Travel And More","description":"Private sightseeing tours and luxury transfers in Spain","publisher":{"@id":"https:\/\/tourtravelandmore.com\/es\/#organization"},"potentialAction":[{"@type":"SearchAction","target":{"@type":"EntryPoint","urlTemplate":"https:\/\/tourtravelandmore.com\/es\/?s={search_term_string}"},"query-input":{"@type":"PropertyValueSpecification","valueRequired":true,"valueName":"search_term_string"}}],"inLanguage":"es"},{"@type":"Organization","@id":"https:\/\/tourtravelandmore.com\/es\/#organization","name":"Tour Travel And More","url":"https:\/\/tourtravelandmore.com\/es\/","logo":{"@type":"ImageObject","inLanguage":"es","@id":"https:\/\/tourtravelandmore.com\/es\/#\/schema\/logo\/image\/","url":"https:\/\/tourtravelandmore.com\/wp-content\/uploads\/2022\/12\/cropped-logo-cabecera-new.png","contentUrl":"https:\/\/tourtravelandmore.com\/wp-content\/uploads\/2022\/12\/cropped-logo-cabecera-new.png","width":430,"height":61,"caption":"Tour Travel And More"},"image":{"@id":"https:\/\/tourtravelandmore.com\/es\/#\/schema\/logo\/image\/"},"sameAs":["https:\/\/www.facebook.com\/tourtravelandmore\/","https:\/\/x.com\/TourTravel_More"]}]}},"_links":{"self":[{"href":"https:\/\/tourtravelandmore.com\/es\/wp-json\/wp\/v2\/product\/82569","targetHints":{"allow":["GET"]}}],"collection":[{"href":"https:\/\/tourtravelandmore.com\/es\/wp-json\/wp\/v2\/product"}],"about":[{"href":"https:\/\/tourtravelandmore.com\/es\/wp-json\/wp\/v2\/types\/product"}],"replies":[{"embeddable":true,"href":"https:\/\/tourtravelandmore.com\/es\/wp-json\/wp\/v2\/comments?post=82569"}],"wp:featuredmedia":[{"embeddable":true,"href":"https:\/\/tourtravelandmore.com\/es\/wp-json\/wp\/v2\/media\/82564"}],"wp:attachment":[{"href":"https:\/\/tourtravelandmore.com\/es\/wp-json\/wp\/v2\/media?parent=82569"}],"wp:term":[{"taxonomy":"product_brand","embeddable":true,"href":"https:\/\/tourtravelandmore.com\/es\/wp-json\/wp\/v2\/product_brand?post=82569"},{"taxonomy":"product_cat","embeddable":true,"href":"https:\/\/tourtravelandmore.com\/es\/wp-json\/wp\/v2\/product_cat?post=82569"},{"taxonomy":"product_tag","embeddable":true,"href":"https:\/\/tourtravelandmore.com\/es\/wp-json\/wp\/v2\/product_tag?post=82569"}],"curies":[{"name":"wp","href":"https:\/\/api.w.org\/{rel}","templated":true}]}}