{"id":82545,"date":"2020-08-18T12:25:34","date_gmt":"2020-08-18T10:25:35","guid":{"rendered":"https:\/\/tourtravelandmore.com\/?post_type=product&#038;p=82545"},"modified":"2023-09-04T11:29:47","modified_gmt":"2023-09-04T09:29:47","slug":"tour-privado-a-pie-por-mykonos","status":"publish","type":"product","link":"https:\/\/tourtravelandmore.com\/es\/tours\/grecia-es\/mykonos-es\/mykonos-actividades-es\/tour-privado-a-pie-por-mykonos\/","title":{"rendered":"Tour Privado a pie por Mykonos"},"content":{"rendered":"<h2><strong>Descripci\u00f3n del Tour Privado a pie por Mykonos<\/strong><\/h2>\n<p>Disfrute de la<strong> isla de Mykonos<\/strong> en todo su esplendor con este <strong>Tour Privado a pie por Mykonos<\/strong>. Tendr\u00e1 a su total disposici\u00f3n un <strong>gu\u00eda tur\u00edstico oficial privado<\/strong> para una visita guiada de 2,5 horas al <strong>casco antiguo (Chora)<\/strong> de Mykonos.<\/p>\n<p><strong>Mykonos<\/strong> es una isla del grupo de las C\u00edcladas en el Mar Egeo y junto con Santorini, son las islas griegas m\u00e1s famosas. Seg\u00fan la mitolog\u00eda griega, esta isla es conocida como la <em>&#8220;isla de la luz&#8221;<\/em>, ya que fue nombrada como el h\u00e9roe <em>Mykono<\/em>, hijo de Apolo.<\/p>\n<p>La arquitectura \u00fanica de Mykonos lo convierte en un lugar especial para los viajeros. Se caracteriza por peque\u00f1as casas de formas redondeadas, pintadas de blanco. Las ventanas y puertas de esas casas suelen estar pintadas con brillantes colores pastel.<\/p>\n<p>Aproveche para pasear por sus estrechas calles y admirar el maravilloso casco antiguo de Mykonos. Su gu\u00eda tur\u00edstico oficial te llevar\u00e1 a descubrir todos los rincones de esta \u00fanica isla.<\/p>\n<h2><strong>Puntos de inter\u00e9s en el Tour Privado a pie por Mykonos<\/strong><\/h2>\n<p>En primer lugar, su tour privado a pie por <a href=\"https:\/\/es.wikipedia.org\/wiki\/Miconos\">Mykonos<\/a> comenzar\u00e1 tan pronto como se encuentre con su gu\u00eda privado. El punto de encuentro puede ser en su hotel ubicado en el centro o en un punto de encuentro central a confirmar.<\/p>\n<p>Durante este recorrido podr\u00e1s contemplar su arquitectura azul y blanca que la hacen tan especial. Su gu\u00eda privado le explicar\u00e1 por qu\u00e9 los griegos eligieron esos colores para la isla.<\/p>\n<p>Entre otros lugares y sitios podr\u00e1s visitar:<\/p>\n<ul>\n<li><strong>Alefkandra<\/strong>: la famosa <strong>peque\u00f1a Venecia<\/strong><\/li>\n<li><strong>Kato Myloi<\/strong>: conjunto de molinos de viento<\/li>\n<li><strong>Camino Costero<\/strong>: lleno de restaurantes y bares que ofrecen incre\u00edbles vistas al mar<\/li>\n<li>S<strong>us encantadoras y estrechas calles<\/strong>: aqu\u00ed encontrar\u00e1s muchas tiendas de souvenirs y ropa t\u00edpica griega<\/li>\n<li>\u00a1Y mucho m\u00e1s!<\/li>\n<\/ul>\n<p>Tenemos que admitir que tan pronto como pongas los pies en Mykonos, la terminar\u00e1s amando. Es una de las islas m\u00e1s bellas de toda Europa.<\/p>\n<p>Finalmente, su gu\u00eda privado lo dejar\u00e1 en un lugar central del casco antiguo de Mykonos.<\/p>\n<p>En caso de que lo prefiera, podemos incluir un veh\u00edculo privado de lujo para una experiencia m\u00e1s completa. Eche un vistazo a nuestro city tour privado por la ciudad de Mykonos.<\/p>\n","protected":false},"excerpt":{"rendered":"<p>Descubre el centro de Mykonos junto a un gu\u00eda local experto.<\/p>\n","protected":false},"featured_media":82556,"comment_status":"open","ping_status":"closed","template":"","meta":{"_acf_changed":false},"product_brand":[],"product_cat":[2496,2498,2502],"product_tag":[],"class_list":{"0":"post-82545","1":"product","2":"type-product","3":"status-publish","4":"has-post-thumbnail","6":"product_cat-mykonos-es","7":"product_cat-mykonos-actividades-es","8":"product_cat-mykonos-a-pie-es","10":"first","11":"instock","12":"shipping-taxable","13":"purchasable","14":"product-type-simple"},"acf":[],"yoast_head":"<!-- This site is optimized with the Yoast SEO Premium plugin v25.3.1 (Yoast SEO v25.3.1) - https:\/\/yoast.com\/wordpress\/plugins\/seo\/ -->\n<title>\u27a1\ufe0f Tour Privado a pie por Mykonos con gu\u00eda oficial privado | Tour Travel &amp; More<\/title>\n<meta name=\"description\" content=\"Disfrute de este Tour Privado a pie por Mykonos junto a su gu\u00eda oficial privado, quien le ense\u00f1ar\u00e1 el centro de la isla \u2705\" \/>\n<meta name=\"robots\" content=\"index, follow, max-snippet:-1, max-image-preview:large, max-video-preview:-1\" \/>\n<link rel=\"canonical\" href=\"https:\/\/tourtravelandmore.com\/es\/tours\/grecia-es\/mykonos-es\/mykonos-actividades-es\/tour-privado-a-pie-por-mykonos\/\" \/>\n<meta property=\"og:locale\" content=\"es_ES\" \/>\n<meta property=\"og:type\" content=\"article\" \/>\n<meta property=\"og:title\" content=\"Tour Privado a pie por Mykonos\" \/>\n<meta property=\"og:description\" content=\"Disfrute de este Tour Privado a pie por Mykonos junto a su gu\u00eda oficial privado, quien le ense\u00f1ar\u00e1 el centro de la isla \u2705\" \/>\n<meta property=\"og:url\" content=\"https:\/\/tourtravelandmore.com\/es\/tours\/grecia-es\/mykonos-es\/mykonos-actividades-es\/tour-privado-a-pie-por-mykonos\/\" \/>\n<meta property=\"og:site_name\" content=\"Tour Travel And More\" \/>\n<meta property=\"article:publisher\" content=\"https:\/\/www.facebook.com\/tourtravelandmore\/\" \/>\n<meta property=\"article:modified_time\" content=\"2023-09-04T09:29:47+00:00\" \/>\n<meta property=\"og:image\" content=\"https:\/\/tourtravelandmore.com\/wp-content\/uploads\/2020\/08\/mykonos-4.jpg\" \/>\n\t<meta property=\"og:image:width\" content=\"880\" \/>\n\t<meta property=\"og:image:height\" content=\"660\" \/>\n\t<meta property=\"og:image:type\" content=\"image\/jpeg\" \/>\n<meta name=\"twitter:card\" content=\"summary_large_image\" \/>\n<meta name=\"twitter:site\" content=\"@TourTravel_More\" \/>\n<meta name=\"twitter:label1\" content=\"Tiempo de lectura\" \/>\n\t<meta name=\"twitter:data1\" content=\"2 minutos\" \/>\n<script type=\"application\/ld+json\" class=\"yoast-schema-graph\">{\"@context\":\"https:\/\/schema.org\",\"@graph\":[{\"@type\":\"WebPage\",\"@id\":\"https:\/\/tourtravelandmore.com\/es\/tours\/grecia-es\/mykonos-es\/mykonos-actividades-es\/tour-privado-a-pie-por-mykonos\/\",\"url\":\"https:\/\/tourtravelandmore.com\/es\/tours\/grecia-es\/mykonos-es\/mykonos-actividades-es\/tour-privado-a-pie-por-mykonos\/\",\"name\":\"\u27a1\ufe0f Tour Privado a pie por Mykonos con gu\u00eda oficial privado | Tour Travel & More\",\"isPartOf\":{\"@id\":\"https:\/\/tourtravelandmore.com\/es\/#website\"},\"primaryImageOfPage\":{\"@id\":\"https:\/\/tourtravelandmore.com\/es\/tours\/grecia-es\/mykonos-es\/mykonos-actividades-es\/tour-privado-a-pie-por-mykonos\/#primaryimage\"},\"image\":{\"@id\":\"https:\/\/tourtravelandmore.com\/es\/tours\/grecia-es\/mykonos-es\/mykonos-actividades-es\/tour-privado-a-pie-por-mykonos\/#primaryimage\"},\"thumbnailUrl\":\"https:\/\/tourtravelandmore.com\/wp-content\/uploads\/2020\/08\/mykonos-4.jpg\",\"datePublished\":\"2020-08-18T10:25:35+00:00\",\"dateModified\":\"2023-09-04T09:29:47+00:00\",\"description\":\"Disfrute de este Tour Privado a pie por Mykonos junto a su gu\u00eda oficial privado, quien le ense\u00f1ar\u00e1 el centro de la isla \u2705\",\"breadcrumb\":{\"@id\":\"https:\/\/tourtravelandmore.com\/es\/tours\/grecia-es\/mykonos-es\/mykonos-actividades-es\/tour-privado-a-pie-por-mykonos\/#breadcrumb\"},\"inLanguage\":\"es\",\"potentialAction\":[{\"@type\":\"ReadAction\",\"target\":[\"https:\/\/tourtravelandmore.com\/es\/tours\/grecia-es\/mykonos-es\/mykonos-actividades-es\/tour-privado-a-pie-por-mykonos\/\"]}]},{\"@type\":\"ImageObject\",\"inLanguage\":\"es\",\"@id\":\"https:\/\/tourtravelandmore.com\/es\/tours\/grecia-es\/mykonos-es\/mykonos-actividades-es\/tour-privado-a-pie-por-mykonos\/#primaryimage\",\"url\":\"https:\/\/tourtravelandmore.com\/wp-content\/uploads\/2020\/08\/mykonos-4.jpg\",\"contentUrl\":\"https:\/\/tourtravelandmore.com\/wp-content\/uploads\/2020\/08\/mykonos-4.jpg\",\"width\":880,\"height\":660},{\"@type\":\"BreadcrumbList\",\"@id\":\"https:\/\/tourtravelandmore.com\/es\/tours\/grecia-es\/mykonos-es\/mykonos-actividades-es\/tour-privado-a-pie-por-mykonos\/#breadcrumb\",\"itemListElement\":[{\"@type\":\"ListItem\",\"position\":1,\"name\":\"Home\",\"item\":\"https:\/\/tourtravelandmore.com\/es\/\"},{\"@type\":\"ListItem\",\"position\":2,\"name\":\"Tours\",\"item\":\"https:\/\/tourtravelandmore.com\/es\/tours\/\"},{\"@type\":\"ListItem\",\"position\":3,\"name\":\"Tour Privado a pie por Mykonos\"}]},{\"@type\":\"WebSite\",\"@id\":\"https:\/\/tourtravelandmore.com\/es\/#website\",\"url\":\"https:\/\/tourtravelandmore.com\/es\/\",\"name\":\"Tour Travel And More\",\"description\":\"Private sightseeing tours and luxury transfers in Spain\",\"publisher\":{\"@id\":\"https:\/\/tourtravelandmore.com\/es\/#organization\"},\"potentialAction\":[{\"@type\":\"SearchAction\",\"target\":{\"@type\":\"EntryPoint\",\"urlTemplate\":\"https:\/\/tourtravelandmore.com\/es\/?s={search_term_string}\"},\"query-input\":{\"@type\":\"PropertyValueSpecification\",\"valueRequired\":true,\"valueName\":\"search_term_string\"}}],\"inLanguage\":\"es\"},{\"@type\":\"Organization\",\"@id\":\"https:\/\/tourtravelandmore.com\/es\/#organization\",\"name\":\"Tour Travel And More\",\"url\":\"https:\/\/tourtravelandmore.com\/es\/\",\"logo\":{\"@type\":\"ImageObject\",\"inLanguage\":\"es\",\"@id\":\"https:\/\/tourtravelandmore.com\/es\/#\/schema\/logo\/image\/\",\"url\":\"https:\/\/tourtravelandmore.com\/wp-content\/uploads\/2022\/12\/cropped-logo-cabecera-new.png\",\"contentUrl\":\"https:\/\/tourtravelandmore.com\/wp-content\/uploads\/2022\/12\/cropped-logo-cabecera-new.png\",\"width\":430,\"height\":61,\"caption\":\"Tour Travel And More\"},\"image\":{\"@id\":\"https:\/\/tourtravelandmore.com\/es\/#\/schema\/logo\/image\/\"},\"sameAs\":[\"https:\/\/www.facebook.com\/tourtravelandmore\/\",\"https:\/\/x.com\/TourTravel_More\"]}]}<\/script>\n<!-- \/ Yoast SEO Premium plugin. -->","yoast_head_json":{"title":"\u27a1\ufe0f Tour Privado a pie por Mykonos con gu\u00eda oficial privado | Tour Travel & More","description":"Disfrute de este Tour Privado a pie por Mykonos junto a su gu\u00eda oficial privado, quien le ense\u00f1ar\u00e1 el centro de la isla \u2705","robots":{"index":"index","follow":"follow","max-snippet":"max-snippet:-1","max-image-preview":"max-image-preview:large","max-video-preview":"max-video-preview:-1"},"canonical":"https:\/\/tourtravelandmore.com\/es\/tours\/grecia-es\/mykonos-es\/mykonos-actividades-es\/tour-privado-a-pie-por-mykonos\/","og_locale":"es_ES","og_type":"article","og_title":"Tour Privado a pie por Mykonos","og_description":"Disfrute de este Tour Privado a pie por Mykonos junto a su gu\u00eda oficial privado, quien le ense\u00f1ar\u00e1 el centro de la isla \u2705","og_url":"https:\/\/tourtravelandmore.com\/es\/tours\/grecia-es\/mykonos-es\/mykonos-actividades-es\/tour-privado-a-pie-por-mykonos\/","og_site_name":"Tour Travel And More","article_publisher":"https:\/\/www.facebook.com\/tourtravelandmore\/","article_modified_time":"2023-09-04T09:29:47+00:00","og_image":[{"width":880,"height":660,"url":"https:\/\/tourtravelandmore.com\/wp-content\/uploads\/2020\/08\/mykonos-4.jpg","type":"image\/jpeg"}],"twitter_card":"summary_large_image","twitter_site":"@TourTravel_More","twitter_misc":{"Tiempo de lectura":"2 minutos"},"schema":{"@context":"https:\/\/schema.org","@graph":[{"@type":"WebPage","@id":"https:\/\/tourtravelandmore.com\/es\/tours\/grecia-es\/mykonos-es\/mykonos-actividades-es\/tour-privado-a-pie-por-mykonos\/","url":"https:\/\/tourtravelandmore.com\/es\/tours\/grecia-es\/mykonos-es\/mykonos-actividades-es\/tour-privado-a-pie-por-mykonos\/","name":"\u27a1\ufe0f Tour Privado a pie por Mykonos con gu\u00eda oficial privado | Tour Travel & More","isPartOf":{"@id":"https:\/\/tourtravelandmore.com\/es\/#website"},"primaryImageOfPage":{"@id":"https:\/\/tourtravelandmore.com\/es\/tours\/grecia-es\/mykonos-es\/mykonos-actividades-es\/tour-privado-a-pie-por-mykonos\/#primaryimage"},"image":{"@id":"https:\/\/tourtravelandmore.com\/es\/tours\/grecia-es\/mykonos-es\/mykonos-actividades-es\/tour-privado-a-pie-por-mykonos\/#primaryimage"},"thumbnailUrl":"https:\/\/tourtravelandmore.com\/wp-content\/uploads\/2020\/08\/mykonos-4.jpg","datePublished":"2020-08-18T10:25:35+00:00","dateModified":"2023-09-04T09:29:47+00:00","description":"Disfrute de este Tour Privado a pie por Mykonos junto a su gu\u00eda oficial privado, quien le ense\u00f1ar\u00e1 el centro de la isla \u2705","breadcrumb":{"@id":"https:\/\/tourtravelandmore.com\/es\/tours\/grecia-es\/mykonos-es\/mykonos-actividades-es\/tour-privado-a-pie-por-mykonos\/#breadcrumb"},"inLanguage":"es","potentialAction":[{"@type":"ReadAction","target":["https:\/\/tourtravelandmore.com\/es\/tours\/grecia-es\/mykonos-es\/mykonos-actividades-es\/tour-privado-a-pie-por-mykonos\/"]}]},{"@type":"ImageObject","inLanguage":"es","@id":"https:\/\/tourtravelandmore.com\/es\/tours\/grecia-es\/mykonos-es\/mykonos-actividades-es\/tour-privado-a-pie-por-mykonos\/#primaryimage","url":"https:\/\/tourtravelandmore.com\/wp-content\/uploads\/2020\/08\/mykonos-4.jpg","contentUrl":"https:\/\/tourtravelandmore.com\/wp-content\/uploads\/2020\/08\/mykonos-4.jpg","width":880,"height":660},{"@type":"BreadcrumbList","@id":"https:\/\/tourtravelandmore.com\/es\/tours\/grecia-es\/mykonos-es\/mykonos-actividades-es\/tour-privado-a-pie-por-mykonos\/#breadcrumb","itemListElement":[{"@type":"ListItem","position":1,"name":"Home","item":"https:\/\/tourtravelandmore.com\/es\/"},{"@type":"ListItem","position":2,"name":"Tours","item":"https:\/\/tourtravelandmore.com\/es\/tours\/"},{"@type":"ListItem","position":3,"name":"Tour Privado a pie por Mykonos"}]},{"@type":"WebSite","@id":"https:\/\/tourtravelandmore.com\/es\/#website","url":"https:\/\/tourtravelandmore.com\/es\/","name":"Tour Travel And More","description":"Private sightseeing tours and luxury transfers in Spain","publisher":{"@id":"https:\/\/tourtravelandmore.com\/es\/#organization"},"potentialAction":[{"@type":"SearchAction","target":{"@type":"EntryPoint","urlTemplate":"https:\/\/tourtravelandmore.com\/es\/?s={search_term_string}"},"query-input":{"@type":"PropertyValueSpecification","valueRequired":true,"valueName":"search_term_string"}}],"inLanguage":"es"},{"@type":"Organization","@id":"https:\/\/tourtravelandmore.com\/es\/#organization","name":"Tour Travel And More","url":"https:\/\/tourtravelandmore.com\/es\/","logo":{"@type":"ImageObject","inLanguage":"es","@id":"https:\/\/tourtravelandmore.com\/es\/#\/schema\/logo\/image\/","url":"https:\/\/tourtravelandmore.com\/wp-content\/uploads\/2022\/12\/cropped-logo-cabecera-new.png","contentUrl":"https:\/\/tourtravelandmore.com\/wp-content\/uploads\/2022\/12\/cropped-logo-cabecera-new.png","width":430,"height":61,"caption":"Tour Travel And More"},"image":{"@id":"https:\/\/tourtravelandmore.com\/es\/#\/schema\/logo\/image\/"},"sameAs":["https:\/\/www.facebook.com\/tourtravelandmore\/","https:\/\/x.com\/TourTravel_More"]}]}},"_links":{"self":[{"href":"https:\/\/tourtravelandmore.com\/es\/wp-json\/wp\/v2\/product\/82545","targetHints":{"allow":["GET"]}}],"collection":[{"href":"https:\/\/tourtravelandmore.com\/es\/wp-json\/wp\/v2\/product"}],"about":[{"href":"https:\/\/tourtravelandmore.com\/es\/wp-json\/wp\/v2\/types\/product"}],"replies":[{"embeddable":true,"href":"https:\/\/tourtravelandmore.com\/es\/wp-json\/wp\/v2\/comments?post=82545"}],"wp:featuredmedia":[{"embeddable":true,"href":"https:\/\/tourtravelandmore.com\/es\/wp-json\/wp\/v2\/media\/82556"}],"wp:attachment":[{"href":"https:\/\/tourtravelandmore.com\/es\/wp-json\/wp\/v2\/media?parent=82545"}],"wp:term":[{"taxonomy":"product_brand","embeddable":true,"href":"https:\/\/tourtravelandmore.com\/es\/wp-json\/wp\/v2\/product_brand?post=82545"},{"taxonomy":"product_cat","embeddable":true,"href":"https:\/\/tourtravelandmore.com\/es\/wp-json\/wp\/v2\/product_cat?post=82545"},{"taxonomy":"product_tag","embeddable":true,"href":"https:\/\/tourtravelandmore.com\/es\/wp-json\/wp\/v2\/product_tag?post=82545"}],"curies":[{"name":"wp","href":"https:\/\/api.w.org\/{rel}","templated":true}]}}