{"id":82520,"date":"2020-08-17T18:36:27","date_gmt":"2020-08-17T16:36:28","guid":{"rendered":"https:\/\/tourtravelandmore.com\/?post_type=product&#038;p=82520"},"modified":"2024-12-17T18:02:06","modified_gmt":"2024-12-17T17:02:06","slug":"excursion-en-barco-privado-desde-dubrovnik","status":"publish","type":"product","link":"https:\/\/tourtravelandmore.com\/es\/tours\/croacia-es\/dubrovnik-es\/dubrovnik-actividades-es\/excursion-en-barco-privado-desde-dubrovnik\/","title":{"rendered":"Excursi\u00f3n en barco privado desde Dubrovnik"},"content":{"rendered":"<h2><strong>Descripci\u00f3n de la Excursi\u00f3n\u00a0en barco privado desde Dubrovnik<\/strong><\/h2>\n<p>Si ya lo has visto todo en <strong>Dubrovnik<\/strong>, no puedes perder la oportunidad de visitar las islas de su alrededor. No hay mejor manera de descubrir <strong>el archipi\u00e9lago de Elaphiti<\/strong> que con un barco privado con tripulaci\u00f3n profesional. P\u00f3ngase en contacto con nosotros y perm\u00edtanos ayudarlo a organizar su <strong>Excursi\u00f3n en barco privado desde Dubrovnik<\/strong>.<\/p>\n<p>Podemos organizar disposiciones de medio d\u00eda o d\u00eda completo desde Dubrovnik. El itinerario final es completamente adaptable a su inter\u00e9s personal. Ponte en contacto con nosotros y te ayudaremos a organizar un itinerario personalizado. Tambi\u00e9n te damos la opci\u00f3n de incluir un gu\u00eda tur\u00edstico oficial privado a tu experiencia en caso de que est\u00e9s dispuesto a conocer algunos datos interesantes de las islas.<\/p>\n<p>En caso de que desee otro tipo de tour privado en o desde Dubrovnik, consulte <a href=\"https:\/\/tourtravelandmore.com\/es\/ciudad\/croacia-es\/dubrovnik-es\/#shop\/\">nuestra lista de excursiones privadas<\/a>.<\/p>\n<h2><strong>Puntos de inter\u00e9s en la Excursi\u00f3n\u00a0en barco privado desde Dubrovnik<\/strong><\/h2>\n<p>La ciudad de Dubrovnik se encuentra en el extremo sur de la Rep\u00fablica de Croacia. Esta hermosa ciudad est\u00e1 rodeada por fronteras de todas las costas, Montenegro, Bosnia y Herzegovina e Italia. En la Edad Media, Dubrovnik era conocida como la Ciudadela del Adri\u00e1tico, pero hoy en d\u00eda se la conoce como la <em>Perla del Adri\u00e1tico<\/em>.<\/p>\n<p><strong>Dubrovnik<\/strong> es una de las ciudades m\u00e1s bellas del Mediterr\u00e1neo y el principal centro de convenciones de Croacia. Hoy, Puerto de Gruz ha recibido el premio al Mejor Puerto de Cruceros del Mediterr\u00e1neo en 4 a\u00f1os diferentes. Sin duda, este puerto es uno de los m\u00e1s importantes de Europa.<\/p>\n<p>Las islas m\u00e1s visitadas cerca de Dubrovnik son, <strong>Lokrum<\/strong>, <strong>el archipi\u00e9lago de Elaphiti<\/strong>, <strong>Lopud<\/strong>, <strong>Kolocep<\/strong> y <strong>Sipan<\/strong>.<\/p>\n<p>Durante nuestra disposici\u00f3n en barco privado desde Dubrovnik, podr\u00e1 visitar los sitios e islas que desee. Tendr\u00e1s tripulaci\u00f3n profesional y un barco privado a tu entera disposici\u00f3n. La duraci\u00f3n de la disposici\u00f3n tambi\u00e9n es ajustable a su inter\u00e9s personal.<\/p>\n<p>Con <strong>Tour Travel &amp; More<\/strong>, tendr\u00e1 la oportunidad de disfrutar de un d\u00eda completo de aventuras. Explorar\u00e1 las hermosas islas d\u00e1lmatas, donde podr\u00e1 nadar en las cristalinas aguas del mar Adri\u00e1tico y tal vez incluso observar delfines. En caso de que lo necesite, tambi\u00e9n podemos organizar un picnic o almuerzo completo en su barco, para que no tenga que preocuparse por nada.<\/p>\n<p><strong>Podemos organizar lanchas r\u00e1pidas, yates o el tipo de embarcaci\u00f3n que prefiera. \u00a1Ponte en contacto con nosotros para una experiencia personalizada!<\/strong><\/p>\n","protected":false},"excerpt":{"rendered":"<p>Disfrute de una experiencia de lujo privada en <strong>Dubrovnik<\/strong>. Aproveche al m\u00e1ximo su visita a Croacia y goce de la disposici\u00f3n de un <strong>bote privado<\/strong> para visitar el archipi\u00e9lago y las islas desde Dubrovnik. Disfrute de la magn\u00edfica naturaleza durante esta <strong>hermosa experiencia privada desde Dubrovnik. <\/strong>El itinerario se adapta a sus intereses personales. Aproveche la oportunidad de hacer algo diferente en tus vacaciones en Croacia.<\/p>\n<p>&nbsp;<\/p>\n","protected":false},"featured_media":82530,"comment_status":"open","ping_status":"closed","template":"","meta":{"_acf_changed":false},"product_brand":[],"product_cat":[2083,2084,2097],"product_tag":[],"class_list":{"0":"post-82520","1":"product","2":"type-product","3":"status-publish","4":"has-post-thumbnail","6":"product_cat-dubrovnik-es","7":"product_cat-dubrovnik-actividades-es","8":"product_cat-dubrovnik-excursiones-privadas-cruceros-es","10":"first","11":"instock","12":"shipping-taxable","13":"purchasable","14":"product-type-simple"},"acf":[],"yoast_head":"<!-- This site is optimized with the Yoast SEO Premium plugin v25.3.1 (Yoast SEO v25.3.1) - https:\/\/yoast.com\/wordpress\/plugins\/seo\/ -->\n<title>\u27a1\ufe0f Excursi\u00f3n en barco privado desde Dubrovnik - Visite las hermosas islas | Tour Travel &amp; More<\/title>\n<meta name=\"description\" content=\"Disfrute de una experiencia de lujo privada. Permitannos coordinar su barco privado desde Dubrovnik y descubra el maravilloso archipi\u00e9lago y las islas \u2705\" \/>\n<meta name=\"robots\" content=\"index, follow, max-snippet:-1, max-image-preview:large, max-video-preview:-1\" \/>\n<link rel=\"canonical\" href=\"https:\/\/tourtravelandmore.com\/es\/tours\/croacia-es\/dubrovnik-es\/dubrovnik-actividades-es\/excursion-en-barco-privado-desde-dubrovnik\/\" \/>\n<meta property=\"og:locale\" content=\"es_ES\" \/>\n<meta property=\"og:type\" content=\"article\" \/>\n<meta property=\"og:title\" content=\"Excursi\u00f3n en barco privado desde Dubrovnik\" \/>\n<meta property=\"og:description\" content=\"Disfrute de una experiencia de lujo privada. Permitannos coordinar su barco privado desde Dubrovnik y descubra el maravilloso archipi\u00e9lago y las islas \u2705\" \/>\n<meta property=\"og:url\" content=\"https:\/\/tourtravelandmore.com\/es\/tours\/croacia-es\/dubrovnik-es\/dubrovnik-actividades-es\/excursion-en-barco-privado-desde-dubrovnik\/\" \/>\n<meta property=\"og:site_name\" content=\"Tour Travel And More\" \/>\n<meta property=\"article:publisher\" content=\"https:\/\/www.facebook.com\/tourtravelandmore\/\" \/>\n<meta property=\"article:modified_time\" content=\"2024-12-17T17:02:06+00:00\" \/>\n<meta property=\"og:image\" content=\"https:\/\/tourtravelandmore.com\/wp-content\/uploads\/2020\/08\/isla-dub-3.jpg\" \/>\n\t<meta property=\"og:image:width\" content=\"1024\" \/>\n\t<meta property=\"og:image:height\" content=\"683\" \/>\n\t<meta property=\"og:image:type\" content=\"image\/jpeg\" \/>\n<meta name=\"twitter:card\" content=\"summary_large_image\" \/>\n<meta name=\"twitter:site\" content=\"@TourTravel_More\" \/>\n<meta name=\"twitter:label1\" content=\"Tiempo de lectura\" \/>\n\t<meta name=\"twitter:data1\" content=\"2 minutos\" \/>\n<script type=\"application\/ld+json\" class=\"yoast-schema-graph\">{\"@context\":\"https:\/\/schema.org\",\"@graph\":[{\"@type\":\"WebPage\",\"@id\":\"https:\/\/tourtravelandmore.com\/es\/tours\/croacia-es\/dubrovnik-es\/dubrovnik-actividades-es\/excursion-en-barco-privado-desde-dubrovnik\/\",\"url\":\"https:\/\/tourtravelandmore.com\/es\/tours\/croacia-es\/dubrovnik-es\/dubrovnik-actividades-es\/excursion-en-barco-privado-desde-dubrovnik\/\",\"name\":\"\u27a1\ufe0f Excursi\u00f3n en barco privado desde Dubrovnik - Visite las hermosas islas | Tour Travel & More\",\"isPartOf\":{\"@id\":\"https:\/\/tourtravelandmore.com\/es\/#website\"},\"primaryImageOfPage\":{\"@id\":\"https:\/\/tourtravelandmore.com\/es\/tours\/croacia-es\/dubrovnik-es\/dubrovnik-actividades-es\/excursion-en-barco-privado-desde-dubrovnik\/#primaryimage\"},\"image\":{\"@id\":\"https:\/\/tourtravelandmore.com\/es\/tours\/croacia-es\/dubrovnik-es\/dubrovnik-actividades-es\/excursion-en-barco-privado-desde-dubrovnik\/#primaryimage\"},\"thumbnailUrl\":\"https:\/\/tourtravelandmore.com\/wp-content\/uploads\/2020\/08\/isla-dub-3.jpg\",\"datePublished\":\"2020-08-17T16:36:28+00:00\",\"dateModified\":\"2024-12-17T17:02:06+00:00\",\"description\":\"Disfrute de una experiencia de lujo privada. Permitannos coordinar su barco privado desde Dubrovnik y descubra el maravilloso archipi\u00e9lago y las islas \u2705\",\"breadcrumb\":{\"@id\":\"https:\/\/tourtravelandmore.com\/es\/tours\/croacia-es\/dubrovnik-es\/dubrovnik-actividades-es\/excursion-en-barco-privado-desde-dubrovnik\/#breadcrumb\"},\"inLanguage\":\"es\",\"potentialAction\":[{\"@type\":\"ReadAction\",\"target\":[\"https:\/\/tourtravelandmore.com\/es\/tours\/croacia-es\/dubrovnik-es\/dubrovnik-actividades-es\/excursion-en-barco-privado-desde-dubrovnik\/\"]}]},{\"@type\":\"ImageObject\",\"inLanguage\":\"es\",\"@id\":\"https:\/\/tourtravelandmore.com\/es\/tours\/croacia-es\/dubrovnik-es\/dubrovnik-actividades-es\/excursion-en-barco-privado-desde-dubrovnik\/#primaryimage\",\"url\":\"https:\/\/tourtravelandmore.com\/wp-content\/uploads\/2020\/08\/isla-dub-3.jpg\",\"contentUrl\":\"https:\/\/tourtravelandmore.com\/wp-content\/uploads\/2020\/08\/isla-dub-3.jpg\",\"width\":1024,\"height\":683},{\"@type\":\"BreadcrumbList\",\"@id\":\"https:\/\/tourtravelandmore.com\/es\/tours\/croacia-es\/dubrovnik-es\/dubrovnik-actividades-es\/excursion-en-barco-privado-desde-dubrovnik\/#breadcrumb\",\"itemListElement\":[{\"@type\":\"ListItem\",\"position\":1,\"name\":\"Home\",\"item\":\"https:\/\/tourtravelandmore.com\/es\/\"},{\"@type\":\"ListItem\",\"position\":2,\"name\":\"Tours\",\"item\":\"https:\/\/tourtravelandmore.com\/es\/tours\/\"},{\"@type\":\"ListItem\",\"position\":3,\"name\":\"Excursi\u00f3n en barco privado desde Dubrovnik\"}]},{\"@type\":\"WebSite\",\"@id\":\"https:\/\/tourtravelandmore.com\/es\/#website\",\"url\":\"https:\/\/tourtravelandmore.com\/es\/\",\"name\":\"Tour Travel And More\",\"description\":\"Private sightseeing tours and luxury transfers in Spain\",\"publisher\":{\"@id\":\"https:\/\/tourtravelandmore.com\/es\/#organization\"},\"potentialAction\":[{\"@type\":\"SearchAction\",\"target\":{\"@type\":\"EntryPoint\",\"urlTemplate\":\"https:\/\/tourtravelandmore.com\/es\/?s={search_term_string}\"},\"query-input\":{\"@type\":\"PropertyValueSpecification\",\"valueRequired\":true,\"valueName\":\"search_term_string\"}}],\"inLanguage\":\"es\"},{\"@type\":\"Organization\",\"@id\":\"https:\/\/tourtravelandmore.com\/es\/#organization\",\"name\":\"Tour Travel And More\",\"url\":\"https:\/\/tourtravelandmore.com\/es\/\",\"logo\":{\"@type\":\"ImageObject\",\"inLanguage\":\"es\",\"@id\":\"https:\/\/tourtravelandmore.com\/es\/#\/schema\/logo\/image\/\",\"url\":\"https:\/\/tourtravelandmore.com\/wp-content\/uploads\/2022\/12\/cropped-logo-cabecera-new.png\",\"contentUrl\":\"https:\/\/tourtravelandmore.com\/wp-content\/uploads\/2022\/12\/cropped-logo-cabecera-new.png\",\"width\":430,\"height\":61,\"caption\":\"Tour Travel And More\"},\"image\":{\"@id\":\"https:\/\/tourtravelandmore.com\/es\/#\/schema\/logo\/image\/\"},\"sameAs\":[\"https:\/\/www.facebook.com\/tourtravelandmore\/\",\"https:\/\/x.com\/TourTravel_More\"]}]}<\/script>\n<!-- \/ Yoast SEO Premium plugin. -->","yoast_head_json":{"title":"\u27a1\ufe0f Excursi\u00f3n en barco privado desde Dubrovnik - Visite las hermosas islas | Tour Travel & More","description":"Disfrute de una experiencia de lujo privada. Permitannos coordinar su barco privado desde Dubrovnik y descubra el maravilloso archipi\u00e9lago y las islas \u2705","robots":{"index":"index","follow":"follow","max-snippet":"max-snippet:-1","max-image-preview":"max-image-preview:large","max-video-preview":"max-video-preview:-1"},"canonical":"https:\/\/tourtravelandmore.com\/es\/tours\/croacia-es\/dubrovnik-es\/dubrovnik-actividades-es\/excursion-en-barco-privado-desde-dubrovnik\/","og_locale":"es_ES","og_type":"article","og_title":"Excursi\u00f3n en barco privado desde Dubrovnik","og_description":"Disfrute de una experiencia de lujo privada. Permitannos coordinar su barco privado desde Dubrovnik y descubra el maravilloso archipi\u00e9lago y las islas \u2705","og_url":"https:\/\/tourtravelandmore.com\/es\/tours\/croacia-es\/dubrovnik-es\/dubrovnik-actividades-es\/excursion-en-barco-privado-desde-dubrovnik\/","og_site_name":"Tour Travel And More","article_publisher":"https:\/\/www.facebook.com\/tourtravelandmore\/","article_modified_time":"2024-12-17T17:02:06+00:00","og_image":[{"width":1024,"height":683,"url":"https:\/\/tourtravelandmore.com\/wp-content\/uploads\/2020\/08\/isla-dub-3.jpg","type":"image\/jpeg"}],"twitter_card":"summary_large_image","twitter_site":"@TourTravel_More","twitter_misc":{"Tiempo de lectura":"2 minutos"},"schema":{"@context":"https:\/\/schema.org","@graph":[{"@type":"WebPage","@id":"https:\/\/tourtravelandmore.com\/es\/tours\/croacia-es\/dubrovnik-es\/dubrovnik-actividades-es\/excursion-en-barco-privado-desde-dubrovnik\/","url":"https:\/\/tourtravelandmore.com\/es\/tours\/croacia-es\/dubrovnik-es\/dubrovnik-actividades-es\/excursion-en-barco-privado-desde-dubrovnik\/","name":"\u27a1\ufe0f Excursi\u00f3n en barco privado desde Dubrovnik - Visite las hermosas islas | Tour Travel & More","isPartOf":{"@id":"https:\/\/tourtravelandmore.com\/es\/#website"},"primaryImageOfPage":{"@id":"https:\/\/tourtravelandmore.com\/es\/tours\/croacia-es\/dubrovnik-es\/dubrovnik-actividades-es\/excursion-en-barco-privado-desde-dubrovnik\/#primaryimage"},"image":{"@id":"https:\/\/tourtravelandmore.com\/es\/tours\/croacia-es\/dubrovnik-es\/dubrovnik-actividades-es\/excursion-en-barco-privado-desde-dubrovnik\/#primaryimage"},"thumbnailUrl":"https:\/\/tourtravelandmore.com\/wp-content\/uploads\/2020\/08\/isla-dub-3.jpg","datePublished":"2020-08-17T16:36:28+00:00","dateModified":"2024-12-17T17:02:06+00:00","description":"Disfrute de una experiencia de lujo privada. Permitannos coordinar su barco privado desde Dubrovnik y descubra el maravilloso archipi\u00e9lago y las islas \u2705","breadcrumb":{"@id":"https:\/\/tourtravelandmore.com\/es\/tours\/croacia-es\/dubrovnik-es\/dubrovnik-actividades-es\/excursion-en-barco-privado-desde-dubrovnik\/#breadcrumb"},"inLanguage":"es","potentialAction":[{"@type":"ReadAction","target":["https:\/\/tourtravelandmore.com\/es\/tours\/croacia-es\/dubrovnik-es\/dubrovnik-actividades-es\/excursion-en-barco-privado-desde-dubrovnik\/"]}]},{"@type":"ImageObject","inLanguage":"es","@id":"https:\/\/tourtravelandmore.com\/es\/tours\/croacia-es\/dubrovnik-es\/dubrovnik-actividades-es\/excursion-en-barco-privado-desde-dubrovnik\/#primaryimage","url":"https:\/\/tourtravelandmore.com\/wp-content\/uploads\/2020\/08\/isla-dub-3.jpg","contentUrl":"https:\/\/tourtravelandmore.com\/wp-content\/uploads\/2020\/08\/isla-dub-3.jpg","width":1024,"height":683},{"@type":"BreadcrumbList","@id":"https:\/\/tourtravelandmore.com\/es\/tours\/croacia-es\/dubrovnik-es\/dubrovnik-actividades-es\/excursion-en-barco-privado-desde-dubrovnik\/#breadcrumb","itemListElement":[{"@type":"ListItem","position":1,"name":"Home","item":"https:\/\/tourtravelandmore.com\/es\/"},{"@type":"ListItem","position":2,"name":"Tours","item":"https:\/\/tourtravelandmore.com\/es\/tours\/"},{"@type":"ListItem","position":3,"name":"Excursi\u00f3n en barco privado desde Dubrovnik"}]},{"@type":"WebSite","@id":"https:\/\/tourtravelandmore.com\/es\/#website","url":"https:\/\/tourtravelandmore.com\/es\/","name":"Tour Travel And More","description":"Private sightseeing tours and luxury transfers in Spain","publisher":{"@id":"https:\/\/tourtravelandmore.com\/es\/#organization"},"potentialAction":[{"@type":"SearchAction","target":{"@type":"EntryPoint","urlTemplate":"https:\/\/tourtravelandmore.com\/es\/?s={search_term_string}"},"query-input":{"@type":"PropertyValueSpecification","valueRequired":true,"valueName":"search_term_string"}}],"inLanguage":"es"},{"@type":"Organization","@id":"https:\/\/tourtravelandmore.com\/es\/#organization","name":"Tour Travel And More","url":"https:\/\/tourtravelandmore.com\/es\/","logo":{"@type":"ImageObject","inLanguage":"es","@id":"https:\/\/tourtravelandmore.com\/es\/#\/schema\/logo\/image\/","url":"https:\/\/tourtravelandmore.com\/wp-content\/uploads\/2022\/12\/cropped-logo-cabecera-new.png","contentUrl":"https:\/\/tourtravelandmore.com\/wp-content\/uploads\/2022\/12\/cropped-logo-cabecera-new.png","width":430,"height":61,"caption":"Tour Travel And More"},"image":{"@id":"https:\/\/tourtravelandmore.com\/es\/#\/schema\/logo\/image\/"},"sameAs":["https:\/\/www.facebook.com\/tourtravelandmore\/","https:\/\/x.com\/TourTravel_More"]}]}},"_links":{"self":[{"href":"https:\/\/tourtravelandmore.com\/es\/wp-json\/wp\/v2\/product\/82520","targetHints":{"allow":["GET"]}}],"collection":[{"href":"https:\/\/tourtravelandmore.com\/es\/wp-json\/wp\/v2\/product"}],"about":[{"href":"https:\/\/tourtravelandmore.com\/es\/wp-json\/wp\/v2\/types\/product"}],"replies":[{"embeddable":true,"href":"https:\/\/tourtravelandmore.com\/es\/wp-json\/wp\/v2\/comments?post=82520"}],"wp:featuredmedia":[{"embeddable":true,"href":"https:\/\/tourtravelandmore.com\/es\/wp-json\/wp\/v2\/media\/82530"}],"wp:attachment":[{"href":"https:\/\/tourtravelandmore.com\/es\/wp-json\/wp\/v2\/media?parent=82520"}],"wp:term":[{"taxonomy":"product_brand","embeddable":true,"href":"https:\/\/tourtravelandmore.com\/es\/wp-json\/wp\/v2\/product_brand?post=82520"},{"taxonomy":"product_cat","embeddable":true,"href":"https:\/\/tourtravelandmore.com\/es\/wp-json\/wp\/v2\/product_cat?post=82520"},{"taxonomy":"product_tag","embeddable":true,"href":"https:\/\/tourtravelandmore.com\/es\/wp-json\/wp\/v2\/product_tag?post=82520"}],"curies":[{"name":"wp","href":"https:\/\/api.w.org\/{rel}","templated":true}]}}