{"id":82491,"date":"2020-08-17T15:15:59","date_gmt":"2020-08-17T13:16:00","guid":{"rendered":"https:\/\/tourtravelandmore.com\/?post_type=product&#038;p=82491"},"modified":"2025-03-28T19:28:44","modified_gmt":"2025-03-28T18:28:44","slug":"tour-privado-por-zagreb","status":"publish","type":"product","link":"https:\/\/tourtravelandmore.com\/es\/tours\/croacia-es\/zagreb-es\/zagreb-actividades-es\/tour-privado-por-zagreb\/","title":{"rendered":"Tour Privado por Zagreb"},"content":{"rendered":"<h2><strong>Descripci\u00f3n del Tour Privado por Zagreb<\/strong><\/h2>\n<p>Si desea explorar completamente la Capital Croata, disfrute de este <strong>Tour Privado por Zagreb<\/strong> con un <strong>gu\u00eda tur\u00edstico oficial<\/strong> y <strong>conductor privado<\/strong>. Tendr\u00e1 una experiencia \u00fanica en un <strong>veh\u00edculo privado de lujo con aire acondicionado<\/strong>.<\/p>\n<p><strong>Zagreb<\/strong> es la ciudad m\u00e1s poblada de Croacia y, a diferencia de otras ciudades, se caracteriza por su arquitectura austroh\u00fangara. Es el mejor lugar para aquellos que quieran disfrutar de la cultura, el arte y por supuesto, algunas compras.<\/p>\n<p>Tendr\u00e1 4 horas completas para explorar esta fant\u00e1stica ciudad junto con su gu\u00eda tur\u00edstico. En caso de que lo prefiera, tambi\u00e9n podemos incluir la entrada a cualquier monumento o museo que desee visitar.<\/p>\n<p>Aproveche esta oportunidad para conocer la historia y la cultura de esta maravillosa ciudad con este tour privado por Zagreb. Este recorrido tambi\u00e9n se puede realizar caminando solo con su gu\u00eda tur\u00edstico oficial. Eche un vistazo a nuestro <a href=\"https:\/\/tourtravelandmore.com\/es\/tours\/croacia-es\/zagreb-es\/zagreb-actividades-es\/tour-privado-a-pie-por-zagreb\/\">tour privado a pie por Zagreb<\/a>.<\/p>\n<h2><strong>Puntos de inter\u00e9s en el Tour Privado por Zagreb<\/strong><\/h2>\n<p>Su primer contacto con <strong>Tour Travel &amp; More<\/strong> ser\u00e1 en su hotel o lugar de elecci\u00f3n en Zagreb. Su conductor privado y gu\u00eda tur\u00edstico oficial lo recoger\u00e1n a la hora deseada por usted.<\/p>\n<p>Con este tour privado, podr\u00e1 admirar todos los monumentos m\u00e1s importantes de Zagreb, como por ejemplo, la Catedral de Zagreb. La arquitectura de los edificios de Zagreb es diferente a la de otras ciudades croatas, por esa raz\u00f3n, es una gran ciudad para visitar.<\/p>\n<p>Entre otros monumentos y lugares podr\u00e1s visitar:<\/p>\n<ul>\n<li><a href=\"http:\/\/www.zg-nadbiskupija.hr\/nadbiskupija\/zupe?zupeid=169\" rel=\"nofollow\">Iglesia de San Marcos<\/a>, considerada uno de los edificios m\u00e1s bellos de Zagreb.<\/li>\n<li><strong>Plaza de San Marco<\/strong>s<\/li>\n<li><strong>Paseo de Strossmayer<\/strong><\/li>\n<li><strong>Torre Lotrcak<\/strong>, dentro puedes encontrar una galer\u00eda de arte y un ascensor que te llevar\u00e1 hasta la cima donde podr\u00e1s admirar incre\u00edbles vistas de la ciudad.<\/li>\n<li><strong>Catedral de Zagreb<\/strong>, s\u00edmbolo de la ciudad<\/li>\n<li><strong>Mercado Dola<\/strong>c: mercado lleno de comida tradicional croata<\/li>\n<li><strong>Calle Tkalcica<\/strong><\/li>\n<li>\u00a1y mucho m\u00e1s!<\/li>\n<\/ul>\n<p>Su gu\u00eda puede recomendarle un restaurante t\u00edpico croata para degustar su comida local. Tendr\u00e1s una experiencia completa en esta maravillosa ciudad, en otras palabras, terminar\u00e1s amando Zagreb.<\/p>\n<p>Finalmente, su conductor privado y su gu\u00eda tur\u00edstico oficial lo llevar\u00e1n de regreso a su hotel o lugar de elecci\u00f3n en Zagreb.<\/p>\n","protected":false},"excerpt":{"rendered":"<p>Con <strong>Tour Travel and More<\/strong>, definitivamente no debes perderte este <strong>tour privado por la ciudad de Zagreb<\/strong> en solo 4 horas. Es una elecci\u00f3n perfecta para conocer la ciudad de Zagreb si no dispone de mucho tiempo. Para aprovechar al m\u00e1ximo su tiempo, ser\u00e1 asistido por un gu\u00eda oficial que lo acompa\u00f1ar\u00e1 en este tour privado junto con un conductor privado en un veh\u00edculo de lujo.<\/p>\n","protected":false},"featured_media":82423,"comment_status":"open","ping_status":"closed","template":"","meta":{"_acf_changed":false},"product_brand":[],"product_cat":[2476,2478,2482],"product_tag":[],"class_list":{"0":"post-82491","1":"product","2":"type-product","3":"status-publish","4":"has-post-thumbnail","6":"product_cat-zagreb-es","7":"product_cat-zagreb-actividades-es","8":"product_cat-zagreb-excursiones-es","10":"first","11":"instock","12":"shipping-taxable","13":"purchasable","14":"product-type-simple"},"acf":[],"yoast_head":"<!-- This site is optimized with the Yoast SEO Premium plugin v25.3.1 (Yoast SEO v25.3.1) - https:\/\/yoast.com\/wordpress\/plugins\/seo\/ -->\n<title>\u27a1\ufe0f Tour Privado por Zagreb con gu\u00eda oficial local y chofer privado | Tour Travel &amp; More<\/title>\n<meta name=\"description\" content=\"Disfrute de este Tour Privado por Zagreb junto a su g\u00fa\u00eda oficial privado quien lo llevara a recorrer todos los lugares mas importantes de esta ciudad \u2705\" \/>\n<meta name=\"robots\" content=\"index, follow, max-snippet:-1, max-image-preview:large, max-video-preview:-1\" \/>\n<link rel=\"canonical\" href=\"https:\/\/tourtravelandmore.com\/es\/tours\/croacia-es\/zagreb-es\/zagreb-actividades-es\/tour-privado-por-zagreb\/\" \/>\n<meta property=\"og:locale\" content=\"es_ES\" \/>\n<meta property=\"og:type\" content=\"article\" \/>\n<meta property=\"og:title\" content=\"Tour Privado por Zagreb\" \/>\n<meta property=\"og:description\" content=\"Disfrute de este Tour Privado por Zagreb junto a su g\u00fa\u00eda oficial privado quien lo llevara a recorrer todos los lugares mas importantes de esta ciudad \u2705\" \/>\n<meta property=\"og:url\" content=\"https:\/\/tourtravelandmore.com\/es\/tours\/croacia-es\/zagreb-es\/zagreb-actividades-es\/tour-privado-por-zagreb\/\" \/>\n<meta property=\"og:site_name\" content=\"Tour Travel And More\" \/>\n<meta property=\"article:publisher\" content=\"https:\/\/www.facebook.com\/tourtravelandmore\/\" \/>\n<meta property=\"article:modified_time\" content=\"2025-03-28T18:28:44+00:00\" \/>\n<meta property=\"og:image\" content=\"https:\/\/tourtravelandmore.com\/wp-content\/uploads\/2020\/08\/zagreb-6.jpg\" \/>\n\t<meta property=\"og:image:width\" content=\"910\" \/>\n\t<meta property=\"og:image:height\" content=\"604\" \/>\n\t<meta property=\"og:image:type\" content=\"image\/jpeg\" \/>\n<meta name=\"twitter:card\" content=\"summary_large_image\" \/>\n<meta name=\"twitter:site\" content=\"@TourTravel_More\" \/>\n<meta name=\"twitter:label1\" content=\"Tiempo de lectura\" \/>\n\t<meta name=\"twitter:data1\" content=\"2 minutos\" \/>\n<script type=\"application\/ld+json\" class=\"yoast-schema-graph\">{\"@context\":\"https:\/\/schema.org\",\"@graph\":[{\"@type\":\"WebPage\",\"@id\":\"https:\/\/tourtravelandmore.com\/es\/tours\/croacia-es\/zagreb-es\/zagreb-actividades-es\/tour-privado-por-zagreb\/\",\"url\":\"https:\/\/tourtravelandmore.com\/es\/tours\/croacia-es\/zagreb-es\/zagreb-actividades-es\/tour-privado-por-zagreb\/\",\"name\":\"\u27a1\ufe0f Tour Privado por Zagreb con gu\u00eda oficial local y chofer privado | Tour Travel & More\",\"isPartOf\":{\"@id\":\"https:\/\/tourtravelandmore.com\/es\/#website\"},\"primaryImageOfPage\":{\"@id\":\"https:\/\/tourtravelandmore.com\/es\/tours\/croacia-es\/zagreb-es\/zagreb-actividades-es\/tour-privado-por-zagreb\/#primaryimage\"},\"image\":{\"@id\":\"https:\/\/tourtravelandmore.com\/es\/tours\/croacia-es\/zagreb-es\/zagreb-actividades-es\/tour-privado-por-zagreb\/#primaryimage\"},\"thumbnailUrl\":\"https:\/\/tourtravelandmore.com\/wp-content\/uploads\/2020\/08\/zagreb-6.jpg\",\"datePublished\":\"2020-08-17T13:16:00+00:00\",\"dateModified\":\"2025-03-28T18:28:44+00:00\",\"description\":\"Disfrute de este Tour Privado por Zagreb junto a su g\u00fa\u00eda oficial privado quien lo llevara a recorrer todos los lugares mas importantes de esta ciudad \u2705\",\"breadcrumb\":{\"@id\":\"https:\/\/tourtravelandmore.com\/es\/tours\/croacia-es\/zagreb-es\/zagreb-actividades-es\/tour-privado-por-zagreb\/#breadcrumb\"},\"inLanguage\":\"es\",\"potentialAction\":[{\"@type\":\"ReadAction\",\"target\":[\"https:\/\/tourtravelandmore.com\/es\/tours\/croacia-es\/zagreb-es\/zagreb-actividades-es\/tour-privado-por-zagreb\/\"]}]},{\"@type\":\"ImageObject\",\"inLanguage\":\"es\",\"@id\":\"https:\/\/tourtravelandmore.com\/es\/tours\/croacia-es\/zagreb-es\/zagreb-actividades-es\/tour-privado-por-zagreb\/#primaryimage\",\"url\":\"https:\/\/tourtravelandmore.com\/wp-content\/uploads\/2020\/08\/zagreb-6.jpg\",\"contentUrl\":\"https:\/\/tourtravelandmore.com\/wp-content\/uploads\/2020\/08\/zagreb-6.jpg\",\"width\":910,\"height\":604},{\"@type\":\"BreadcrumbList\",\"@id\":\"https:\/\/tourtravelandmore.com\/es\/tours\/croacia-es\/zagreb-es\/zagreb-actividades-es\/tour-privado-por-zagreb\/#breadcrumb\",\"itemListElement\":[{\"@type\":\"ListItem\",\"position\":1,\"name\":\"Home\",\"item\":\"https:\/\/tourtravelandmore.com\/es\/\"},{\"@type\":\"ListItem\",\"position\":2,\"name\":\"Tours\",\"item\":\"https:\/\/tourtravelandmore.com\/es\/tours\/\"},{\"@type\":\"ListItem\",\"position\":3,\"name\":\"Tour Privado por Zagreb\"}]},{\"@type\":\"WebSite\",\"@id\":\"https:\/\/tourtravelandmore.com\/es\/#website\",\"url\":\"https:\/\/tourtravelandmore.com\/es\/\",\"name\":\"Tour Travel And More\",\"description\":\"Private sightseeing tours and luxury transfers in Spain\",\"publisher\":{\"@id\":\"https:\/\/tourtravelandmore.com\/es\/#organization\"},\"potentialAction\":[{\"@type\":\"SearchAction\",\"target\":{\"@type\":\"EntryPoint\",\"urlTemplate\":\"https:\/\/tourtravelandmore.com\/es\/?s={search_term_string}\"},\"query-input\":{\"@type\":\"PropertyValueSpecification\",\"valueRequired\":true,\"valueName\":\"search_term_string\"}}],\"inLanguage\":\"es\"},{\"@type\":\"Organization\",\"@id\":\"https:\/\/tourtravelandmore.com\/es\/#organization\",\"name\":\"Tour Travel And More\",\"url\":\"https:\/\/tourtravelandmore.com\/es\/\",\"logo\":{\"@type\":\"ImageObject\",\"inLanguage\":\"es\",\"@id\":\"https:\/\/tourtravelandmore.com\/es\/#\/schema\/logo\/image\/\",\"url\":\"https:\/\/tourtravelandmore.com\/wp-content\/uploads\/2022\/12\/cropped-logo-cabecera-new.png\",\"contentUrl\":\"https:\/\/tourtravelandmore.com\/wp-content\/uploads\/2022\/12\/cropped-logo-cabecera-new.png\",\"width\":430,\"height\":61,\"caption\":\"Tour Travel And More\"},\"image\":{\"@id\":\"https:\/\/tourtravelandmore.com\/es\/#\/schema\/logo\/image\/\"},\"sameAs\":[\"https:\/\/www.facebook.com\/tourtravelandmore\/\",\"https:\/\/x.com\/TourTravel_More\"]}]}<\/script>\n<!-- \/ Yoast SEO Premium plugin. -->","yoast_head_json":{"title":"\u27a1\ufe0f Tour Privado por Zagreb con gu\u00eda oficial local y chofer privado | Tour Travel & More","description":"Disfrute de este Tour Privado por Zagreb junto a su g\u00fa\u00eda oficial privado quien lo llevara a recorrer todos los lugares mas importantes de esta ciudad \u2705","robots":{"index":"index","follow":"follow","max-snippet":"max-snippet:-1","max-image-preview":"max-image-preview:large","max-video-preview":"max-video-preview:-1"},"canonical":"https:\/\/tourtravelandmore.com\/es\/tours\/croacia-es\/zagreb-es\/zagreb-actividades-es\/tour-privado-por-zagreb\/","og_locale":"es_ES","og_type":"article","og_title":"Tour Privado por Zagreb","og_description":"Disfrute de este Tour Privado por Zagreb junto a su g\u00fa\u00eda oficial privado quien lo llevara a recorrer todos los lugares mas importantes de esta ciudad \u2705","og_url":"https:\/\/tourtravelandmore.com\/es\/tours\/croacia-es\/zagreb-es\/zagreb-actividades-es\/tour-privado-por-zagreb\/","og_site_name":"Tour Travel And More","article_publisher":"https:\/\/www.facebook.com\/tourtravelandmore\/","article_modified_time":"2025-03-28T18:28:44+00:00","og_image":[{"width":910,"height":604,"url":"https:\/\/tourtravelandmore.com\/wp-content\/uploads\/2020\/08\/zagreb-6.jpg","type":"image\/jpeg"}],"twitter_card":"summary_large_image","twitter_site":"@TourTravel_More","twitter_misc":{"Tiempo de lectura":"2 minutos"},"schema":{"@context":"https:\/\/schema.org","@graph":[{"@type":"WebPage","@id":"https:\/\/tourtravelandmore.com\/es\/tours\/croacia-es\/zagreb-es\/zagreb-actividades-es\/tour-privado-por-zagreb\/","url":"https:\/\/tourtravelandmore.com\/es\/tours\/croacia-es\/zagreb-es\/zagreb-actividades-es\/tour-privado-por-zagreb\/","name":"\u27a1\ufe0f Tour Privado por Zagreb con gu\u00eda oficial local y chofer privado | Tour Travel & More","isPartOf":{"@id":"https:\/\/tourtravelandmore.com\/es\/#website"},"primaryImageOfPage":{"@id":"https:\/\/tourtravelandmore.com\/es\/tours\/croacia-es\/zagreb-es\/zagreb-actividades-es\/tour-privado-por-zagreb\/#primaryimage"},"image":{"@id":"https:\/\/tourtravelandmore.com\/es\/tours\/croacia-es\/zagreb-es\/zagreb-actividades-es\/tour-privado-por-zagreb\/#primaryimage"},"thumbnailUrl":"https:\/\/tourtravelandmore.com\/wp-content\/uploads\/2020\/08\/zagreb-6.jpg","datePublished":"2020-08-17T13:16:00+00:00","dateModified":"2025-03-28T18:28:44+00:00","description":"Disfrute de este Tour Privado por Zagreb junto a su g\u00fa\u00eda oficial privado quien lo llevara a recorrer todos los lugares mas importantes de esta ciudad \u2705","breadcrumb":{"@id":"https:\/\/tourtravelandmore.com\/es\/tours\/croacia-es\/zagreb-es\/zagreb-actividades-es\/tour-privado-por-zagreb\/#breadcrumb"},"inLanguage":"es","potentialAction":[{"@type":"ReadAction","target":["https:\/\/tourtravelandmore.com\/es\/tours\/croacia-es\/zagreb-es\/zagreb-actividades-es\/tour-privado-por-zagreb\/"]}]},{"@type":"ImageObject","inLanguage":"es","@id":"https:\/\/tourtravelandmore.com\/es\/tours\/croacia-es\/zagreb-es\/zagreb-actividades-es\/tour-privado-por-zagreb\/#primaryimage","url":"https:\/\/tourtravelandmore.com\/wp-content\/uploads\/2020\/08\/zagreb-6.jpg","contentUrl":"https:\/\/tourtravelandmore.com\/wp-content\/uploads\/2020\/08\/zagreb-6.jpg","width":910,"height":604},{"@type":"BreadcrumbList","@id":"https:\/\/tourtravelandmore.com\/es\/tours\/croacia-es\/zagreb-es\/zagreb-actividades-es\/tour-privado-por-zagreb\/#breadcrumb","itemListElement":[{"@type":"ListItem","position":1,"name":"Home","item":"https:\/\/tourtravelandmore.com\/es\/"},{"@type":"ListItem","position":2,"name":"Tours","item":"https:\/\/tourtravelandmore.com\/es\/tours\/"},{"@type":"ListItem","position":3,"name":"Tour Privado por Zagreb"}]},{"@type":"WebSite","@id":"https:\/\/tourtravelandmore.com\/es\/#website","url":"https:\/\/tourtravelandmore.com\/es\/","name":"Tour Travel And More","description":"Private sightseeing tours and luxury transfers in Spain","publisher":{"@id":"https:\/\/tourtravelandmore.com\/es\/#organization"},"potentialAction":[{"@type":"SearchAction","target":{"@type":"EntryPoint","urlTemplate":"https:\/\/tourtravelandmore.com\/es\/?s={search_term_string}"},"query-input":{"@type":"PropertyValueSpecification","valueRequired":true,"valueName":"search_term_string"}}],"inLanguage":"es"},{"@type":"Organization","@id":"https:\/\/tourtravelandmore.com\/es\/#organization","name":"Tour Travel And More","url":"https:\/\/tourtravelandmore.com\/es\/","logo":{"@type":"ImageObject","inLanguage":"es","@id":"https:\/\/tourtravelandmore.com\/es\/#\/schema\/logo\/image\/","url":"https:\/\/tourtravelandmore.com\/wp-content\/uploads\/2022\/12\/cropped-logo-cabecera-new.png","contentUrl":"https:\/\/tourtravelandmore.com\/wp-content\/uploads\/2022\/12\/cropped-logo-cabecera-new.png","width":430,"height":61,"caption":"Tour Travel And More"},"image":{"@id":"https:\/\/tourtravelandmore.com\/es\/#\/schema\/logo\/image\/"},"sameAs":["https:\/\/www.facebook.com\/tourtravelandmore\/","https:\/\/x.com\/TourTravel_More"]}]}},"_links":{"self":[{"href":"https:\/\/tourtravelandmore.com\/es\/wp-json\/wp\/v2\/product\/82491","targetHints":{"allow":["GET"]}}],"collection":[{"href":"https:\/\/tourtravelandmore.com\/es\/wp-json\/wp\/v2\/product"}],"about":[{"href":"https:\/\/tourtravelandmore.com\/es\/wp-json\/wp\/v2\/types\/product"}],"replies":[{"embeddable":true,"href":"https:\/\/tourtravelandmore.com\/es\/wp-json\/wp\/v2\/comments?post=82491"}],"wp:featuredmedia":[{"embeddable":true,"href":"https:\/\/tourtravelandmore.com\/es\/wp-json\/wp\/v2\/media\/82423"}],"wp:attachment":[{"href":"https:\/\/tourtravelandmore.com\/es\/wp-json\/wp\/v2\/media?parent=82491"}],"wp:term":[{"taxonomy":"product_brand","embeddable":true,"href":"https:\/\/tourtravelandmore.com\/es\/wp-json\/wp\/v2\/product_brand?post=82491"},{"taxonomy":"product_cat","embeddable":true,"href":"https:\/\/tourtravelandmore.com\/es\/wp-json\/wp\/v2\/product_cat?post=82491"},{"taxonomy":"product_tag","embeddable":true,"href":"https:\/\/tourtravelandmore.com\/es\/wp-json\/wp\/v2\/product_tag?post=82491"}],"curies":[{"name":"wp","href":"https:\/\/api.w.org\/{rel}","templated":true}]}}