{"id":82465,"date":"2020-08-17T13:46:01","date_gmt":"2020-08-17T11:46:03","guid":{"rendered":"https:\/\/tourtravelandmore.com\/?post_type=product&#038;p=82465"},"modified":"2025-02-10T16:53:36","modified_gmt":"2025-02-10T15:53:36","slug":"disposicion-bote-privado-zadar","status":"publish","type":"product","link":"https:\/\/tourtravelandmore.com\/es\/tours\/croacia-es\/zadar-es\/zadar-actividades-es\/disposicion-bote-privado-zadar\/","title":{"rendered":"Disposici\u00f3n de bote privado desde Zadar"},"content":{"rendered":"<h2><strong>Descripci\u00f3n de la Excursi\u00f3n\u00a0en bote privado desde Zadar<\/strong><\/h2>\n<p>La maravillosa ciudad de Zadar est\u00e1 rodeada de hermosas islas y el parque nacional Islas Kornati. No existe mejor modo para descubrir el archipi\u00e9lago y el parque nacional que en bote privado desde Zadar. Cont\u00e1ctenos para una experiencia privada a medida desde Zadar.<\/p>\n<p>La duraci\u00f3n de la disposici\u00f3n es ajustable a su deseo personal. As\u00ed mismo, el itinerario de su excursi\u00f3n privada desde Zadar es adaptable a su inter\u00e9s. Durante su excursi\u00f3n tendr\u00e1 su bote privado con skipper profesional a su entera disposici\u00f3n.<\/p>\n<p>En caso de que le interese otra excursi\u00f3n desde Zadar no dude en ver nuestra propuesta de <a href=\"https:\/\/tourtravelandmore.com\/es\/ciudad\/croacia-es\/zadar-en\/zadar-activities-en#shop\/\">tours privados desde Zadar<\/a>.<\/p>\n<h2><strong>Puntos de inter\u00e9s en la Excursi\u00f3n\u00a0en bote privado desde Zadar<\/strong><\/h2>\n<p>La ciudad de Zadar est\u00e1 ubicada en la regi\u00f3n de Dalmacia. La ciudad es conocida por su hermosa arquitectura y por las obras del artista local Nikola Ba\u0161i\u0107; El \u00f3rgano del mar y el saludo al sol. M\u00e1s all\u00e1 de la ciudad misma, Zadar esta rodeada por un estupendo archipi\u00e9lago y un parque nacional de islas.<\/p>\n<p>El archipi\u00e9lago de Zadar y las Islas Kornati est\u00e1 compuesto por m\u00e1s de 300 islas, 89 de ellas estando inhabitadas. Las 3 islas m\u00e1s grandes y m\u00e1s visitadas son Dugi Otok, Ugljan y Pa\u0161man. Un poco m\u00e1s al sur se encuentra el Parque Nacional de las Islas Kornati. El Parque Nacional es reconocido por su belleza y naturaleza virgen.<\/p>\n<p>Durante nuestra disposici\u00f3n de <strong><em>bote privado desde Zadar<\/em><\/strong> podr\u00e1 usted visitar los sitios que desee. Tendr\u00e1 un skipper profesional y un bote privado a su entera disposici\u00f3n. En caso que lo solicite podemos coordinar tambi\u00e9n un gu\u00eda privado, conocedor experto de la regi\u00f3n. As\u00ed mismo, podemos coordinar traslado privado desde su alojamiento en Zadar o alrededores al puerto de la ciudad.<\/p>\n<p>Podemos coordinar speed boats, yachts o el tipo de bote que usted desee. No dude en ponerse en contacto con nosotros para una experiencia personalizada!<\/p>\n","protected":false},"excerpt":{"rendered":"<p>Disfrute de una experiencia de lujo privada en Zadar. Aproveche al m\u00e1ximo su visit a Croacia y goce de la <strong>disposici\u00f3n de un bote privado<\/strong> para visitar el a<strong>rchipi\u00e9lago y las islas Kornati desde Zadar<\/strong>. Disfrute de la magn\u00edfica naturaleza del parque nacional Islas Kornati durante esta hermosa experiencia privada desde Zadar<strong>.<\/strong><\/p>\n","protected":false},"featured_media":82485,"comment_status":"open","ping_status":"closed","template":"","meta":{"_acf_changed":false},"product_brand":[],"product_cat":[2456,2458,2462],"product_tag":[],"class_list":{"0":"post-82465","1":"product","2":"type-product","3":"status-publish","4":"has-post-thumbnail","6":"product_cat-zadar-es","7":"product_cat-zadar-actividades-es","8":"product_cat-zadar-excursion-crucero-es","10":"first","11":"instock","12":"shipping-taxable","13":"purchasable","14":"product-type-simple"},"acf":[],"yoast_head":"<!-- This site is optimized with the Yoast SEO Premium plugin v25.3.1 (Yoast SEO v25.3.1) - https:\/\/yoast.com\/wordpress\/plugins\/seo\/ -->\n<title>\u27a1\ufe0f Disposici\u00f3n de bote privado desde Zadar | Tour Travel &amp; More<\/title>\n<meta name=\"description\" content=\"Disfrute de una experiencia de lujo privada en Zadar. Permitannos coordinar su bote privado desde Zadar y descubra el maravilloso archipi\u00e9lago y las islas \u2705\" \/>\n<meta name=\"robots\" content=\"index, follow, max-snippet:-1, max-image-preview:large, max-video-preview:-1\" \/>\n<link rel=\"canonical\" href=\"https:\/\/tourtravelandmore.com\/es\/tours\/croacia-es\/zadar-es\/zadar-actividades-es\/disposicion-bote-privado-zadar\/\" \/>\n<meta property=\"og:locale\" content=\"es_ES\" \/>\n<meta property=\"og:type\" content=\"article\" \/>\n<meta property=\"og:title\" content=\"Disposici\u00f3n de bote privado desde Zadar\" \/>\n<meta property=\"og:description\" content=\"Disfrute de una experiencia de lujo privada en Zadar. Permitannos coordinar su bote privado desde Zadar y descubra el maravilloso archipi\u00e9lago y las islas \u2705\" \/>\n<meta property=\"og:url\" content=\"https:\/\/tourtravelandmore.com\/es\/tours\/croacia-es\/zadar-es\/zadar-actividades-es\/disposicion-bote-privado-zadar\/\" \/>\n<meta property=\"og:site_name\" content=\"Tour Travel And More\" \/>\n<meta property=\"article:publisher\" content=\"https:\/\/www.facebook.com\/tourtravelandmore\/\" \/>\n<meta property=\"article:modified_time\" content=\"2025-02-10T15:53:36+00:00\" \/>\n<meta property=\"og:image\" content=\"https:\/\/tourtravelandmore.com\/wp-content\/uploads\/2020\/08\/kornati-islands-island-group-abendstimmung-landscape-sea-croatia-rest-coast-horizon-min.jpg\" \/>\n\t<meta property=\"og:image:width\" content=\"880\" \/>\n\t<meta property=\"og:image:height\" content=\"495\" \/>\n\t<meta property=\"og:image:type\" content=\"image\/jpeg\" \/>\n<meta name=\"twitter:card\" content=\"summary_large_image\" \/>\n<meta name=\"twitter:site\" content=\"@TourTravel_More\" \/>\n<meta name=\"twitter:label1\" content=\"Tiempo de lectura\" \/>\n\t<meta name=\"twitter:data1\" content=\"2 minutos\" \/>\n<script type=\"application\/ld+json\" class=\"yoast-schema-graph\">{\"@context\":\"https:\/\/schema.org\",\"@graph\":[{\"@type\":\"WebPage\",\"@id\":\"https:\/\/tourtravelandmore.com\/es\/tours\/croacia-es\/zadar-es\/zadar-actividades-es\/disposicion-bote-privado-zadar\/\",\"url\":\"https:\/\/tourtravelandmore.com\/es\/tours\/croacia-es\/zadar-es\/zadar-actividades-es\/disposicion-bote-privado-zadar\/\",\"name\":\"\u27a1\ufe0f Disposici\u00f3n de bote privado desde Zadar | Tour Travel & More\",\"isPartOf\":{\"@id\":\"https:\/\/tourtravelandmore.com\/es\/#website\"},\"primaryImageOfPage\":{\"@id\":\"https:\/\/tourtravelandmore.com\/es\/tours\/croacia-es\/zadar-es\/zadar-actividades-es\/disposicion-bote-privado-zadar\/#primaryimage\"},\"image\":{\"@id\":\"https:\/\/tourtravelandmore.com\/es\/tours\/croacia-es\/zadar-es\/zadar-actividades-es\/disposicion-bote-privado-zadar\/#primaryimage\"},\"thumbnailUrl\":\"https:\/\/tourtravelandmore.com\/wp-content\/uploads\/2020\/08\/kornati-islands-island-group-abendstimmung-landscape-sea-croatia-rest-coast-horizon-min.jpg\",\"datePublished\":\"2020-08-17T11:46:03+00:00\",\"dateModified\":\"2025-02-10T15:53:36+00:00\",\"description\":\"Disfrute de una experiencia de lujo privada en Zadar. Permitannos coordinar su bote privado desde Zadar y descubra el maravilloso archipi\u00e9lago y las islas \u2705\",\"breadcrumb\":{\"@id\":\"https:\/\/tourtravelandmore.com\/es\/tours\/croacia-es\/zadar-es\/zadar-actividades-es\/disposicion-bote-privado-zadar\/#breadcrumb\"},\"inLanguage\":\"es\",\"potentialAction\":[{\"@type\":\"ReadAction\",\"target\":[\"https:\/\/tourtravelandmore.com\/es\/tours\/croacia-es\/zadar-es\/zadar-actividades-es\/disposicion-bote-privado-zadar\/\"]}]},{\"@type\":\"ImageObject\",\"inLanguage\":\"es\",\"@id\":\"https:\/\/tourtravelandmore.com\/es\/tours\/croacia-es\/zadar-es\/zadar-actividades-es\/disposicion-bote-privado-zadar\/#primaryimage\",\"url\":\"https:\/\/tourtravelandmore.com\/wp-content\/uploads\/2020\/08\/kornati-islands-island-group-abendstimmung-landscape-sea-croatia-rest-coast-horizon-min.jpg\",\"contentUrl\":\"https:\/\/tourtravelandmore.com\/wp-content\/uploads\/2020\/08\/kornati-islands-island-group-abendstimmung-landscape-sea-croatia-rest-coast-horizon-min.jpg\",\"width\":880,\"height\":495,\"caption\":\"Kornati islands\"},{\"@type\":\"BreadcrumbList\",\"@id\":\"https:\/\/tourtravelandmore.com\/es\/tours\/croacia-es\/zadar-es\/zadar-actividades-es\/disposicion-bote-privado-zadar\/#breadcrumb\",\"itemListElement\":[{\"@type\":\"ListItem\",\"position\":1,\"name\":\"Home\",\"item\":\"https:\/\/tourtravelandmore.com\/es\/\"},{\"@type\":\"ListItem\",\"position\":2,\"name\":\"Tours\",\"item\":\"https:\/\/tourtravelandmore.com\/es\/tours\/\"},{\"@type\":\"ListItem\",\"position\":3,\"name\":\"Disposici\u00f3n de bote privado desde Zadar\"}]},{\"@type\":\"WebSite\",\"@id\":\"https:\/\/tourtravelandmore.com\/es\/#website\",\"url\":\"https:\/\/tourtravelandmore.com\/es\/\",\"name\":\"Tour Travel And More\",\"description\":\"Private sightseeing tours and luxury transfers in Spain\",\"publisher\":{\"@id\":\"https:\/\/tourtravelandmore.com\/es\/#organization\"},\"potentialAction\":[{\"@type\":\"SearchAction\",\"target\":{\"@type\":\"EntryPoint\",\"urlTemplate\":\"https:\/\/tourtravelandmore.com\/es\/?s={search_term_string}\"},\"query-input\":{\"@type\":\"PropertyValueSpecification\",\"valueRequired\":true,\"valueName\":\"search_term_string\"}}],\"inLanguage\":\"es\"},{\"@type\":\"Organization\",\"@id\":\"https:\/\/tourtravelandmore.com\/es\/#organization\",\"name\":\"Tour Travel And More\",\"url\":\"https:\/\/tourtravelandmore.com\/es\/\",\"logo\":{\"@type\":\"ImageObject\",\"inLanguage\":\"es\",\"@id\":\"https:\/\/tourtravelandmore.com\/es\/#\/schema\/logo\/image\/\",\"url\":\"https:\/\/tourtravelandmore.com\/wp-content\/uploads\/2022\/12\/cropped-logo-cabecera-new.png\",\"contentUrl\":\"https:\/\/tourtravelandmore.com\/wp-content\/uploads\/2022\/12\/cropped-logo-cabecera-new.png\",\"width\":430,\"height\":61,\"caption\":\"Tour Travel And More\"},\"image\":{\"@id\":\"https:\/\/tourtravelandmore.com\/es\/#\/schema\/logo\/image\/\"},\"sameAs\":[\"https:\/\/www.facebook.com\/tourtravelandmore\/\",\"https:\/\/x.com\/TourTravel_More\"]}]}<\/script>\n<!-- \/ Yoast SEO Premium plugin. -->","yoast_head_json":{"title":"\u27a1\ufe0f Disposici\u00f3n de bote privado desde Zadar | Tour Travel & More","description":"Disfrute de una experiencia de lujo privada en Zadar. Permitannos coordinar su bote privado desde Zadar y descubra el maravilloso archipi\u00e9lago y las islas \u2705","robots":{"index":"index","follow":"follow","max-snippet":"max-snippet:-1","max-image-preview":"max-image-preview:large","max-video-preview":"max-video-preview:-1"},"canonical":"https:\/\/tourtravelandmore.com\/es\/tours\/croacia-es\/zadar-es\/zadar-actividades-es\/disposicion-bote-privado-zadar\/","og_locale":"es_ES","og_type":"article","og_title":"Disposici\u00f3n de bote privado desde Zadar","og_description":"Disfrute de una experiencia de lujo privada en Zadar. Permitannos coordinar su bote privado desde Zadar y descubra el maravilloso archipi\u00e9lago y las islas \u2705","og_url":"https:\/\/tourtravelandmore.com\/es\/tours\/croacia-es\/zadar-es\/zadar-actividades-es\/disposicion-bote-privado-zadar\/","og_site_name":"Tour Travel And More","article_publisher":"https:\/\/www.facebook.com\/tourtravelandmore\/","article_modified_time":"2025-02-10T15:53:36+00:00","og_image":[{"width":880,"height":495,"url":"https:\/\/tourtravelandmore.com\/wp-content\/uploads\/2020\/08\/kornati-islands-island-group-abendstimmung-landscape-sea-croatia-rest-coast-horizon-min.jpg","type":"image\/jpeg"}],"twitter_card":"summary_large_image","twitter_site":"@TourTravel_More","twitter_misc":{"Tiempo de lectura":"2 minutos"},"schema":{"@context":"https:\/\/schema.org","@graph":[{"@type":"WebPage","@id":"https:\/\/tourtravelandmore.com\/es\/tours\/croacia-es\/zadar-es\/zadar-actividades-es\/disposicion-bote-privado-zadar\/","url":"https:\/\/tourtravelandmore.com\/es\/tours\/croacia-es\/zadar-es\/zadar-actividades-es\/disposicion-bote-privado-zadar\/","name":"\u27a1\ufe0f Disposici\u00f3n de bote privado desde Zadar | Tour Travel & More","isPartOf":{"@id":"https:\/\/tourtravelandmore.com\/es\/#website"},"primaryImageOfPage":{"@id":"https:\/\/tourtravelandmore.com\/es\/tours\/croacia-es\/zadar-es\/zadar-actividades-es\/disposicion-bote-privado-zadar\/#primaryimage"},"image":{"@id":"https:\/\/tourtravelandmore.com\/es\/tours\/croacia-es\/zadar-es\/zadar-actividades-es\/disposicion-bote-privado-zadar\/#primaryimage"},"thumbnailUrl":"https:\/\/tourtravelandmore.com\/wp-content\/uploads\/2020\/08\/kornati-islands-island-group-abendstimmung-landscape-sea-croatia-rest-coast-horizon-min.jpg","datePublished":"2020-08-17T11:46:03+00:00","dateModified":"2025-02-10T15:53:36+00:00","description":"Disfrute de una experiencia de lujo privada en Zadar. Permitannos coordinar su bote privado desde Zadar y descubra el maravilloso archipi\u00e9lago y las islas \u2705","breadcrumb":{"@id":"https:\/\/tourtravelandmore.com\/es\/tours\/croacia-es\/zadar-es\/zadar-actividades-es\/disposicion-bote-privado-zadar\/#breadcrumb"},"inLanguage":"es","potentialAction":[{"@type":"ReadAction","target":["https:\/\/tourtravelandmore.com\/es\/tours\/croacia-es\/zadar-es\/zadar-actividades-es\/disposicion-bote-privado-zadar\/"]}]},{"@type":"ImageObject","inLanguage":"es","@id":"https:\/\/tourtravelandmore.com\/es\/tours\/croacia-es\/zadar-es\/zadar-actividades-es\/disposicion-bote-privado-zadar\/#primaryimage","url":"https:\/\/tourtravelandmore.com\/wp-content\/uploads\/2020\/08\/kornati-islands-island-group-abendstimmung-landscape-sea-croatia-rest-coast-horizon-min.jpg","contentUrl":"https:\/\/tourtravelandmore.com\/wp-content\/uploads\/2020\/08\/kornati-islands-island-group-abendstimmung-landscape-sea-croatia-rest-coast-horizon-min.jpg","width":880,"height":495,"caption":"Kornati islands"},{"@type":"BreadcrumbList","@id":"https:\/\/tourtravelandmore.com\/es\/tours\/croacia-es\/zadar-es\/zadar-actividades-es\/disposicion-bote-privado-zadar\/#breadcrumb","itemListElement":[{"@type":"ListItem","position":1,"name":"Home","item":"https:\/\/tourtravelandmore.com\/es\/"},{"@type":"ListItem","position":2,"name":"Tours","item":"https:\/\/tourtravelandmore.com\/es\/tours\/"},{"@type":"ListItem","position":3,"name":"Disposici\u00f3n de bote privado desde Zadar"}]},{"@type":"WebSite","@id":"https:\/\/tourtravelandmore.com\/es\/#website","url":"https:\/\/tourtravelandmore.com\/es\/","name":"Tour Travel And More","description":"Private sightseeing tours and luxury transfers in Spain","publisher":{"@id":"https:\/\/tourtravelandmore.com\/es\/#organization"},"potentialAction":[{"@type":"SearchAction","target":{"@type":"EntryPoint","urlTemplate":"https:\/\/tourtravelandmore.com\/es\/?s={search_term_string}"},"query-input":{"@type":"PropertyValueSpecification","valueRequired":true,"valueName":"search_term_string"}}],"inLanguage":"es"},{"@type":"Organization","@id":"https:\/\/tourtravelandmore.com\/es\/#organization","name":"Tour Travel And More","url":"https:\/\/tourtravelandmore.com\/es\/","logo":{"@type":"ImageObject","inLanguage":"es","@id":"https:\/\/tourtravelandmore.com\/es\/#\/schema\/logo\/image\/","url":"https:\/\/tourtravelandmore.com\/wp-content\/uploads\/2022\/12\/cropped-logo-cabecera-new.png","contentUrl":"https:\/\/tourtravelandmore.com\/wp-content\/uploads\/2022\/12\/cropped-logo-cabecera-new.png","width":430,"height":61,"caption":"Tour Travel And More"},"image":{"@id":"https:\/\/tourtravelandmore.com\/es\/#\/schema\/logo\/image\/"},"sameAs":["https:\/\/www.facebook.com\/tourtravelandmore\/","https:\/\/x.com\/TourTravel_More"]}]}},"_links":{"self":[{"href":"https:\/\/tourtravelandmore.com\/es\/wp-json\/wp\/v2\/product\/82465","targetHints":{"allow":["GET"]}}],"collection":[{"href":"https:\/\/tourtravelandmore.com\/es\/wp-json\/wp\/v2\/product"}],"about":[{"href":"https:\/\/tourtravelandmore.com\/es\/wp-json\/wp\/v2\/types\/product"}],"replies":[{"embeddable":true,"href":"https:\/\/tourtravelandmore.com\/es\/wp-json\/wp\/v2\/comments?post=82465"}],"wp:featuredmedia":[{"embeddable":true,"href":"https:\/\/tourtravelandmore.com\/es\/wp-json\/wp\/v2\/media\/82485"}],"wp:attachment":[{"href":"https:\/\/tourtravelandmore.com\/es\/wp-json\/wp\/v2\/media?parent=82465"}],"wp:term":[{"taxonomy":"product_brand","embeddable":true,"href":"https:\/\/tourtravelandmore.com\/es\/wp-json\/wp\/v2\/product_brand?post=82465"},{"taxonomy":"product_cat","embeddable":true,"href":"https:\/\/tourtravelandmore.com\/es\/wp-json\/wp\/v2\/product_cat?post=82465"},{"taxonomy":"product_tag","embeddable":true,"href":"https:\/\/tourtravelandmore.com\/es\/wp-json\/wp\/v2\/product_tag?post=82465"}],"curies":[{"name":"wp","href":"https:\/\/api.w.org\/{rel}","templated":true}]}}