{"id":8246,"date":"2016-10-20T16:30:38","date_gmt":"2016-10-24T11:13:53","guid":{"rendered":"http:\/\/tourtravelandmore.com\/es\/?post_type=product&#038;p=8246"},"modified":"2022-11-26T01:00:31","modified_gmt":"2022-11-26T00:00:31","slug":"tour-privado-costa-brava-girona-desde-barcelona","status":"publish","type":"product","link":"https:\/\/tourtravelandmore.com\/es\/tours\/espana-es\/barcelona-es\/tour-privado-costa-brava-girona-desde-barcelona\/","title":{"rendered":"Tour Privado Dia Completo por la Costa Brava y Girona desde Barcelona"},"content":{"rendered":"<h2>Descripci\u00f3n del Tour Privado D\u00eda Completo por la Costa Brava y Girona desde Barcelona<\/h2>\n<p>Disfrute de este <strong>tour de Girona y Costa Brava con su gu\u00eda oficial privado<\/strong> <strong>y su veh\u00edculo privado con conductor, <\/strong>Conoce la segunda ciudad m\u00e1s importante de Catalu\u00f1a, Girona y los principales pueblos de la Costa brava:<strong> Llafranc y Calella de Palafrugell y si nos queda tiempo llegaremos hasta Tamariu.<\/strong><\/p>\n<p>Su gu\u00eda estar\u00e1 esperando en <strong>Girona<\/strong> para realizar un recorrido privado a pie de 2 horas, para conocer lo m\u00e1s importante de la ciudad. Una vez terminemos el Tour el gu\u00eda nos dejar\u00e1 con nuestro conductor y nos llevar\u00e1 a conocer<strong> Llafran y Calella de Palafrugell,\u00a0<\/strong>ah\u00ed podremos parar para comer en un lugar t\u00edpico de pescado o incluso comer un arroz y disfrutar y pasear por los pueblos.<\/p>\n<p>La duraci\u00f3n del Tour son 10 Horas desde que salimos hasta que llegamos. La recogida puede ser en su Hotel, Apartamento, Terminal de Cruceros.<\/p>\n<p>Pueden escoger la hora de salida del tour y vuestro lugar de recogida dentro de la ciudad de Barcelona.<\/p>\n<p>Este tour es completamente personalizable y pod\u00e9is organizarlo como quer\u00e1is y lo que busc\u00e1is. Puede personalizar vuestro tour solo contactando con nosotros. Aqu\u00ed os dejamos un ejemplo de itinerario, el tour ser\u00e1 personalizado para que ve\u00e1is y conozc\u00e1is exactamente lo que quer\u00e9is ver en la Costa Brava catalana y en la ciudad de Girona.<\/p>\n<h2>Puntos de Inter\u00e9s en el Tour Privado Dia Completo por la Costa Brava y Girona desde Barcelona<\/h2>\n<p><span style=\"font-weight: 400;\">Os recogeremos desde su hotel o lugar indicado al horario elegido por vosotros en Barcelona, e iremos hacia Girona. Ciudad conocida como \u00a8la ciudad de los mil ataques\u00a8, ya que fue atacada 13 veces entre el 1300 y el 1800. Luego, resisti\u00f3 tres ataques napole\u00f3nicos, por eso tambi\u00e9n llamada \u00a8tres veces inmortal\u00a8.<\/span><\/p>\n<p><span style=\"font-weight: 400;\">All\u00ed se encontrar\u00e1n con su gu\u00eda profesional privado, quien les mostrar\u00e1 lo m\u00e1s representativo de la ciudad. <strong>Sus 11 puentes, La Catedral de Santa Mar\u00eda, los Ba\u00f1os \u00c1rabes y el Barrio Jud\u00edo, entre otros puntos emblem\u00e1ticos de Girona.<\/strong> <strong>Caminaremos bordeando el r\u00edo Onyar<\/strong>,<strong> ver\u00e9is las construcciones g\u00f3ticas y las paredes medievales que acogen la ciudad.<\/strong><\/span><\/p>\n<p><span style=\"font-weight: 400;\">Una vez hab\u00e9is visitado Girona con su gu\u00eda profesional privado, continuar\u00e1n en su coche privado hacia Calella de Palafrugell, uno de los pueblos m\u00e1s bonitos de la hermosa Costa Brava. Luego su chofer os ense\u00f1ara Llafranc y Tamariu, otros dos fant\u00e1sticos sitios de la costa brava.<br \/>\n<\/span><\/p>\n<p>Si quer\u00e9is no solo pod\u00e9is pasear por ambos pueblos T\u00edpicos de la Costa Brava, sino que pod\u00e9is haceros un ba\u00f1o en la playa y relatos antes de volver a la ciudad.<\/p>\n<p>Si est\u00e1is m\u00e1s interesados en conocer la Costa Brava y ba\u00f1aros en las diferentes playas y no tanto la historia, podemos organizar una disposici\u00f3n solo con vuestro conductor para ir a los pueblos.<\/p>\n<p>Tambi\u00e9n pod\u00e9is consultar el resto de los<a href=\"https:\/\/tourtravelandmore.com\/es\/ciudad\/espana-es\/barcelona-es\/\"> tours privados que ofrecemos en Barcelona.<\/a><\/p>\n","protected":false},"excerpt":{"rendered":"<p>Disfrute de este <strong>tour privado completamente personalizado a la Costa Brava, Girona y su casco antiguo desde Barcelona<\/strong>. Tendr\u00e1 un gu\u00eda tur\u00edstico oficial privado durante 2 horas en Girona y un veh\u00edculo privado de lujo con conductor durante todo el recorrido. Podr\u00e1s visitar lugares maravillosos como la <strong>Catedral de Girona<\/strong>, <strong>Calella de Palafrugell<\/strong>, <strong>Llafranc<\/strong> \u00a1y mucho m\u00e1s!.<\/p>\n","protected":false},"featured_media":7938,"comment_status":"open","ping_status":"closed","template":"","meta":{"_acf_changed":false},"product_brand":[],"product_cat":[69,283,266,270,267],"product_tag":[],"class_list":{"0":"post-8246","1":"product","2":"type-product","3":"status-publish","4":"has-post-thumbnail","6":"product_cat-barcelona-es","7":"product_cat-barcelona-top-ventas-es","8":"product_cat-barcelona-actividades-es","9":"product_cat-barcelona-rutas-turisticas-privadas-es","10":"product_cat-barcelona-excursiones-es","12":"first","13":"instock","14":"shipping-taxable","15":"purchasable","16":"product-type-simple"},"acf":[],"yoast_head":"<!-- This site is optimized with the Yoast SEO Premium plugin v25.3.1 (Yoast SEO v25.3.1) - https:\/\/yoast.com\/wordpress\/plugins\/seo\/ -->\n<title>\u27a1\ufe0f Tour Girona y Costa brava | Tour Travel &amp; More<\/title>\n<meta name=\"description\" content=\"El Tour de Girona y Costa Brava, podre\u00eds conocer con vuestro gu\u00eda privado Girona y los principales pueblos costeros: Llafranc y Calella de Palafrugell \u2705\" \/>\n<meta name=\"robots\" content=\"index, follow, max-snippet:-1, max-image-preview:large, max-video-preview:-1\" \/>\n<link rel=\"canonical\" href=\"https:\/\/tourtravelandmore.com\/es\/tours\/espana-es\/barcelona-es\/tour-privado-costa-brava-girona-desde-barcelona\/\" \/>\n<meta property=\"og:locale\" content=\"es_ES\" \/>\n<meta property=\"og:type\" content=\"article\" \/>\n<meta property=\"og:title\" content=\"Tour Privado Dia Completo por la Costa Brava y Girona desde Barcelona\" \/>\n<meta property=\"og:description\" content=\"El Tour de Girona y Costa Brava, podre\u00eds conocer con vuestro gu\u00eda privado Girona y los principales pueblos costeros: Llafranc y Calella de Palafrugell \u2705\" \/>\n<meta property=\"og:url\" content=\"https:\/\/tourtravelandmore.com\/es\/tours\/espana-es\/barcelona-es\/tour-privado-costa-brava-girona-desde-barcelona\/\" \/>\n<meta property=\"og:site_name\" content=\"Tour Travel And More\" \/>\n<meta property=\"article:publisher\" content=\"https:\/\/www.facebook.com\/tourtravelandmore\/\" \/>\n<meta property=\"article:modified_time\" content=\"2022-11-26T00:00:31+00:00\" \/>\n<meta property=\"og:image\" content=\"https:\/\/tourtravelandmore.com\/wp-content\/uploads\/2016\/10\/tour-girona-costa-brava.jpg\" \/>\n\t<meta property=\"og:image:width\" content=\"1101\" \/>\n\t<meta property=\"og:image:height\" content=\"828\" \/>\n\t<meta property=\"og:image:type\" content=\"image\/jpeg\" \/>\n<meta name=\"twitter:card\" content=\"summary_large_image\" \/>\n<meta name=\"twitter:site\" content=\"@TourTravel_More\" \/>\n<meta name=\"twitter:label1\" content=\"Tiempo de lectura\" \/>\n\t<meta name=\"twitter:data1\" content=\"3 minutos\" \/>\n<script type=\"application\/ld+json\" class=\"yoast-schema-graph\">{\"@context\":\"https:\/\/schema.org\",\"@graph\":[{\"@type\":\"WebPage\",\"@id\":\"https:\/\/tourtravelandmore.com\/es\/tours\/espana-es\/barcelona-es\/tour-privado-costa-brava-girona-desde-barcelona\/\",\"url\":\"https:\/\/tourtravelandmore.com\/es\/tours\/espana-es\/barcelona-es\/tour-privado-costa-brava-girona-desde-barcelona\/\",\"name\":\"\u27a1\ufe0f Tour Girona y Costa brava | Tour Travel & More\",\"isPartOf\":{\"@id\":\"https:\/\/tourtravelandmore.com\/es\/#website\"},\"primaryImageOfPage\":{\"@id\":\"https:\/\/tourtravelandmore.com\/es\/tours\/espana-es\/barcelona-es\/tour-privado-costa-brava-girona-desde-barcelona\/#primaryimage\"},\"image\":{\"@id\":\"https:\/\/tourtravelandmore.com\/es\/tours\/espana-es\/barcelona-es\/tour-privado-costa-brava-girona-desde-barcelona\/#primaryimage\"},\"thumbnailUrl\":\"https:\/\/tourtravelandmore.com\/wp-content\/uploads\/2016\/10\/tour-girona-costa-brava.jpg\",\"datePublished\":\"2016-10-24T11:13:53+00:00\",\"dateModified\":\"2022-11-26T00:00:31+00:00\",\"description\":\"El Tour de Girona y Costa Brava, podre\u00eds conocer con vuestro gu\u00eda privado Girona y los principales pueblos costeros: Llafranc y Calella de Palafrugell \u2705\",\"breadcrumb\":{\"@id\":\"https:\/\/tourtravelandmore.com\/es\/tours\/espana-es\/barcelona-es\/tour-privado-costa-brava-girona-desde-barcelona\/#breadcrumb\"},\"inLanguage\":\"es\",\"potentialAction\":[{\"@type\":\"ReadAction\",\"target\":[\"https:\/\/tourtravelandmore.com\/es\/tours\/espana-es\/barcelona-es\/tour-privado-costa-brava-girona-desde-barcelona\/\"]}]},{\"@type\":\"ImageObject\",\"inLanguage\":\"es\",\"@id\":\"https:\/\/tourtravelandmore.com\/es\/tours\/espana-es\/barcelona-es\/tour-privado-costa-brava-girona-desde-barcelona\/#primaryimage\",\"url\":\"https:\/\/tourtravelandmore.com\/wp-content\/uploads\/2016\/10\/tour-girona-costa-brava.jpg\",\"contentUrl\":\"https:\/\/tourtravelandmore.com\/wp-content\/uploads\/2016\/10\/tour-girona-costa-brava.jpg\",\"width\":1101,\"height\":828},{\"@type\":\"BreadcrumbList\",\"@id\":\"https:\/\/tourtravelandmore.com\/es\/tours\/espana-es\/barcelona-es\/tour-privado-costa-brava-girona-desde-barcelona\/#breadcrumb\",\"itemListElement\":[{\"@type\":\"ListItem\",\"position\":1,\"name\":\"Home\",\"item\":\"https:\/\/tourtravelandmore.com\/es\/\"},{\"@type\":\"ListItem\",\"position\":2,\"name\":\"Tours\",\"item\":\"https:\/\/tourtravelandmore.com\/es\/tours\/\"},{\"@type\":\"ListItem\",\"position\":3,\"name\":\"Tour Privado Dia Completo por la Costa Brava y Girona desde Barcelona\"}]},{\"@type\":\"WebSite\",\"@id\":\"https:\/\/tourtravelandmore.com\/es\/#website\",\"url\":\"https:\/\/tourtravelandmore.com\/es\/\",\"name\":\"Tour Travel And More\",\"description\":\"Private sightseeing tours and luxury transfers in Spain\",\"publisher\":{\"@id\":\"https:\/\/tourtravelandmore.com\/es\/#organization\"},\"potentialAction\":[{\"@type\":\"SearchAction\",\"target\":{\"@type\":\"EntryPoint\",\"urlTemplate\":\"https:\/\/tourtravelandmore.com\/es\/?s={search_term_string}\"},\"query-input\":{\"@type\":\"PropertyValueSpecification\",\"valueRequired\":true,\"valueName\":\"search_term_string\"}}],\"inLanguage\":\"es\"},{\"@type\":\"Organization\",\"@id\":\"https:\/\/tourtravelandmore.com\/es\/#organization\",\"name\":\"Tour Travel And More\",\"url\":\"https:\/\/tourtravelandmore.com\/es\/\",\"logo\":{\"@type\":\"ImageObject\",\"inLanguage\":\"es\",\"@id\":\"https:\/\/tourtravelandmore.com\/es\/#\/schema\/logo\/image\/\",\"url\":\"https:\/\/tourtravelandmore.com\/wp-content\/uploads\/2022\/12\/cropped-logo-cabecera-new.png\",\"contentUrl\":\"https:\/\/tourtravelandmore.com\/wp-content\/uploads\/2022\/12\/cropped-logo-cabecera-new.png\",\"width\":430,\"height\":61,\"caption\":\"Tour Travel And More\"},\"image\":{\"@id\":\"https:\/\/tourtravelandmore.com\/es\/#\/schema\/logo\/image\/\"},\"sameAs\":[\"https:\/\/www.facebook.com\/tourtravelandmore\/\",\"https:\/\/x.com\/TourTravel_More\"]}]}<\/script>\n<!-- \/ Yoast SEO Premium plugin. -->","yoast_head_json":{"title":"\u27a1\ufe0f Tour Girona y Costa brava | Tour Travel & More","description":"El Tour de Girona y Costa Brava, podre\u00eds conocer con vuestro gu\u00eda privado Girona y los principales pueblos costeros: Llafranc y Calella de Palafrugell \u2705","robots":{"index":"index","follow":"follow","max-snippet":"max-snippet:-1","max-image-preview":"max-image-preview:large","max-video-preview":"max-video-preview:-1"},"canonical":"https:\/\/tourtravelandmore.com\/es\/tours\/espana-es\/barcelona-es\/tour-privado-costa-brava-girona-desde-barcelona\/","og_locale":"es_ES","og_type":"article","og_title":"Tour Privado Dia Completo por la Costa Brava y Girona desde Barcelona","og_description":"El Tour de Girona y Costa Brava, podre\u00eds conocer con vuestro gu\u00eda privado Girona y los principales pueblos costeros: Llafranc y Calella de Palafrugell \u2705","og_url":"https:\/\/tourtravelandmore.com\/es\/tours\/espana-es\/barcelona-es\/tour-privado-costa-brava-girona-desde-barcelona\/","og_site_name":"Tour Travel And More","article_publisher":"https:\/\/www.facebook.com\/tourtravelandmore\/","article_modified_time":"2022-11-26T00:00:31+00:00","og_image":[{"width":1101,"height":828,"url":"https:\/\/tourtravelandmore.com\/wp-content\/uploads\/2016\/10\/tour-girona-costa-brava.jpg","type":"image\/jpeg"}],"twitter_card":"summary_large_image","twitter_site":"@TourTravel_More","twitter_misc":{"Tiempo de lectura":"3 minutos"},"schema":{"@context":"https:\/\/schema.org","@graph":[{"@type":"WebPage","@id":"https:\/\/tourtravelandmore.com\/es\/tours\/espana-es\/barcelona-es\/tour-privado-costa-brava-girona-desde-barcelona\/","url":"https:\/\/tourtravelandmore.com\/es\/tours\/espana-es\/barcelona-es\/tour-privado-costa-brava-girona-desde-barcelona\/","name":"\u27a1\ufe0f Tour Girona y Costa brava | Tour Travel & More","isPartOf":{"@id":"https:\/\/tourtravelandmore.com\/es\/#website"},"primaryImageOfPage":{"@id":"https:\/\/tourtravelandmore.com\/es\/tours\/espana-es\/barcelona-es\/tour-privado-costa-brava-girona-desde-barcelona\/#primaryimage"},"image":{"@id":"https:\/\/tourtravelandmore.com\/es\/tours\/espana-es\/barcelona-es\/tour-privado-costa-brava-girona-desde-barcelona\/#primaryimage"},"thumbnailUrl":"https:\/\/tourtravelandmore.com\/wp-content\/uploads\/2016\/10\/tour-girona-costa-brava.jpg","datePublished":"2016-10-24T11:13:53+00:00","dateModified":"2022-11-26T00:00:31+00:00","description":"El Tour de Girona y Costa Brava, podre\u00eds conocer con vuestro gu\u00eda privado Girona y los principales pueblos costeros: Llafranc y Calella de Palafrugell \u2705","breadcrumb":{"@id":"https:\/\/tourtravelandmore.com\/es\/tours\/espana-es\/barcelona-es\/tour-privado-costa-brava-girona-desde-barcelona\/#breadcrumb"},"inLanguage":"es","potentialAction":[{"@type":"ReadAction","target":["https:\/\/tourtravelandmore.com\/es\/tours\/espana-es\/barcelona-es\/tour-privado-costa-brava-girona-desde-barcelona\/"]}]},{"@type":"ImageObject","inLanguage":"es","@id":"https:\/\/tourtravelandmore.com\/es\/tours\/espana-es\/barcelona-es\/tour-privado-costa-brava-girona-desde-barcelona\/#primaryimage","url":"https:\/\/tourtravelandmore.com\/wp-content\/uploads\/2016\/10\/tour-girona-costa-brava.jpg","contentUrl":"https:\/\/tourtravelandmore.com\/wp-content\/uploads\/2016\/10\/tour-girona-costa-brava.jpg","width":1101,"height":828},{"@type":"BreadcrumbList","@id":"https:\/\/tourtravelandmore.com\/es\/tours\/espana-es\/barcelona-es\/tour-privado-costa-brava-girona-desde-barcelona\/#breadcrumb","itemListElement":[{"@type":"ListItem","position":1,"name":"Home","item":"https:\/\/tourtravelandmore.com\/es\/"},{"@type":"ListItem","position":2,"name":"Tours","item":"https:\/\/tourtravelandmore.com\/es\/tours\/"},{"@type":"ListItem","position":3,"name":"Tour Privado Dia Completo por la Costa Brava y Girona desde Barcelona"}]},{"@type":"WebSite","@id":"https:\/\/tourtravelandmore.com\/es\/#website","url":"https:\/\/tourtravelandmore.com\/es\/","name":"Tour Travel And More","description":"Private sightseeing tours and luxury transfers in Spain","publisher":{"@id":"https:\/\/tourtravelandmore.com\/es\/#organization"},"potentialAction":[{"@type":"SearchAction","target":{"@type":"EntryPoint","urlTemplate":"https:\/\/tourtravelandmore.com\/es\/?s={search_term_string}"},"query-input":{"@type":"PropertyValueSpecification","valueRequired":true,"valueName":"search_term_string"}}],"inLanguage":"es"},{"@type":"Organization","@id":"https:\/\/tourtravelandmore.com\/es\/#organization","name":"Tour Travel And More","url":"https:\/\/tourtravelandmore.com\/es\/","logo":{"@type":"ImageObject","inLanguage":"es","@id":"https:\/\/tourtravelandmore.com\/es\/#\/schema\/logo\/image\/","url":"https:\/\/tourtravelandmore.com\/wp-content\/uploads\/2022\/12\/cropped-logo-cabecera-new.png","contentUrl":"https:\/\/tourtravelandmore.com\/wp-content\/uploads\/2022\/12\/cropped-logo-cabecera-new.png","width":430,"height":61,"caption":"Tour Travel And More"},"image":{"@id":"https:\/\/tourtravelandmore.com\/es\/#\/schema\/logo\/image\/"},"sameAs":["https:\/\/www.facebook.com\/tourtravelandmore\/","https:\/\/x.com\/TourTravel_More"]}]}},"_links":{"self":[{"href":"https:\/\/tourtravelandmore.com\/es\/wp-json\/wp\/v2\/product\/8246","targetHints":{"allow":["GET"]}}],"collection":[{"href":"https:\/\/tourtravelandmore.com\/es\/wp-json\/wp\/v2\/product"}],"about":[{"href":"https:\/\/tourtravelandmore.com\/es\/wp-json\/wp\/v2\/types\/product"}],"replies":[{"embeddable":true,"href":"https:\/\/tourtravelandmore.com\/es\/wp-json\/wp\/v2\/comments?post=8246"}],"wp:featuredmedia":[{"embeddable":true,"href":"https:\/\/tourtravelandmore.com\/es\/wp-json\/wp\/v2\/media\/7938"}],"wp:attachment":[{"href":"https:\/\/tourtravelandmore.com\/es\/wp-json\/wp\/v2\/media?parent=8246"}],"wp:term":[{"taxonomy":"product_brand","embeddable":true,"href":"https:\/\/tourtravelandmore.com\/es\/wp-json\/wp\/v2\/product_brand?post=8246"},{"taxonomy":"product_cat","embeddable":true,"href":"https:\/\/tourtravelandmore.com\/es\/wp-json\/wp\/v2\/product_cat?post=8246"},{"taxonomy":"product_tag","embeddable":true,"href":"https:\/\/tourtravelandmore.com\/es\/wp-json\/wp\/v2\/product_tag?post=8246"}],"curies":[{"name":"wp","href":"https:\/\/api.w.org\/{rel}","templated":true}]}}