{"id":82439,"date":"2020-08-17T10:48:56","date_gmt":"2020-08-17T08:48:58","guid":{"rendered":"https:\/\/tourtravelandmore.com\/?post_type=product&#038;p=82439"},"modified":"2025-03-28T20:31:11","modified_gmt":"2025-03-28T19:31:11","slug":"tour-privado-a-ljubljana-bled-desde-zagreb","status":"publish","type":"product","link":"https:\/\/tourtravelandmore.com\/es\/tours\/croacia-es\/zagreb-es\/zagreb-actividades-es\/tour-privado-a-ljubljana-bled-desde-zagreb\/","title":{"rendered":"Tour Privado a Ljubljana y lago Bled"},"content":{"rendered":"<h2><strong>Descripci\u00f3n del Tour Privado a Ljubljana y lago Bled<\/strong><\/h2>\n<p>Visita Ljubljana, la capital verde europea de 2016, durante un nuestro tour privado desde Zagreb. Podr\u00e1 visitar tambi\u00e9n el lago Bled, uno de los sitios m\u00e1s bonitos y populares de Eslovenia. Aproveche al m\u00e1ximo su visita a Zagreb y disfrute nuestro tour privado a Ljubljana desde Zagreb.<\/p>\n<p>Ljubljana es la capital y ciudad m\u00e1s poblada de Eslovenia con m\u00e1s de 285.000 personas. Gracias a su restricci\u00f3n de veh\u00edculos la ciudad es conocida como la ciudad verde. Su relajada atm\u00f3sfera se puede sentir en su centro hist\u00f3rico, caf\u00e9s y restaurantes. El lago Bled es la imagen perfecta para una postal. Podr\u00e1 caminar alrededor del lago, disfrutar una hermosa vista de los alpes y visitar su peque\u00f1a isla.<\/p>\n<p>Durante su tour privado disfrutar\u00e1 de la disposici\u00f3n de un chofer y veh\u00edculo privados, as\u00ed como tambi\u00e9n un gu\u00eda oficial a su disposici\u00f3n.<\/p>\n<p>Ofrecemos diversos tours privados desde Zagreb, aqu\u00ed puede ver nuestra <a href=\"https:\/\/tourtravelandmore.com\/es\/ciudad\/croacia-es\/zagreb-es\/zagreb-actividades-es\/\">lista de tours privados<\/a>. Trabajamos para hacer de su visita a Zagreb un recuerdo inolvidable.<\/p>\n<h2><strong>Puntos de inter\u00e9s en el Tour Privado a Ljubljana y lago Bled<\/strong><\/h2>\n<p>Su chofer privado le recoger\u00e1 en su sitio deseado en Zagreb. El horario de recogida es adaptable a su deseo personal. A continuaci\u00f3n comenzar\u00e1 su tour privado a Ljubljana desde Zagreb. El trayecto tiene una duraci\u00f3n aproximada de 1 hora y 45 minutos. Una vez all\u00ed se encontrar\u00e1n con su gu\u00eda oficial privado. En caso que lo prefiera podemos coordinar un gu\u00eda privado desde Zagreb tambi\u00e9n.<\/p>\n<p>Ljubljana es una de las ciudades m\u00e1s bonitas de la regi\u00f3n. La capital de Eslovenia es reconocida por su tranquila y amigable atm\u00f3sfera. La arquitectura del centro hist\u00f3rico est\u00e1 marcada por diversas \u00e9pocas, y principalmente por el trabajo del reconocido arquitecto <strong>Jo\u017ee Ple\u010dnik. <\/strong>A trav\u00e9s de la ciudad fluye el r\u00edo Ljubljanica, el cual es cruzado por pintorescos puentes.<\/p>\n<p>El s\u00edmbolo de la ciudad es el drag\u00f3n, el cual domina el ic\u00f3nico Puente del Drag\u00f3n. La atracci\u00f3n m\u00e1s reconocida de <strong>Ljubljana es el castillo<\/strong>, el cual se encuentra en lo alto de una colina hace m\u00e1s de 900 a\u00f1os. La torre y mirador del castillo ofrece una de las vistas panor\u00e1micas m\u00e1s bonitas de la ciudad. <em>Usted podr\u00e1 descubrir la ciudad y sus sitios m\u00e1s emblem\u00e1ticos junto a un gu\u00eda oficial privado.<\/em><\/p>\n<p>Despu\u00e9s de Ljubljana visitar\u00e1n el lago Bled, ubicado a 45 minutes en coche. Este maravilloso lago alpino alberga la \u00fanica isla de Eslovenia, y es hace siglos reconocido por su belleza. El lago de Bled fue nominado para lista de las 7 maravillas del mundo. En caso que lo desee podr\u00e1 visitar la isla y el castillo en bote privado.<\/p>\n<p>Al finalizar su visita al lago Bled su chofer le llevar\u00e1 de vuelta a Zagreb.<\/p>\n<p>Por supuesto tendr\u00e1 tiempo libre para comer durante su tour privado a Ljubljana desde Zagreb.<\/p>\n","protected":false},"excerpt":{"rendered":"<p>Aproveche al m\u00e1ximo su visita a <strong>Zagreb<\/strong> y visite <strong>Eslovenia<\/strong> durante una excursi\u00f3n privada. Visitar\u00e1 la maravillosa ciudad de <strong>Ljubljana<\/strong>, la capital verde de Europa de la Comisi\u00f3n Europea en 2016, y el hermoso <strong>lago alpino Bled<\/strong>. Para aprovechar al m\u00e1ximo su tiempo en Ljubljana, contar\u00e1 con la asistencia de un gu\u00eda oficial que lo acompa\u00f1ar\u00e1 a dar un paseo por esta maravillosa ciudad. Adem\u00e1s, tendr\u00e1 a su total disposici\u00f3n un conductor privado en un veh\u00edculo de lujo.<\/p>\n","protected":false},"featured_media":82461,"comment_status":"open","ping_status":"closed","template":"","meta":{"_acf_changed":false},"product_brand":[],"product_cat":[2476,2478,2482],"product_tag":[],"class_list":{"0":"post-82439","1":"product","2":"type-product","3":"status-publish","4":"has-post-thumbnail","6":"product_cat-zagreb-es","7":"product_cat-zagreb-actividades-es","8":"product_cat-zagreb-excursiones-es","10":"first","11":"instock","12":"shipping-taxable","13":"purchasable","14":"product-type-simple"},"acf":[],"yoast_head":"<!-- This site is optimized with the Yoast SEO Premium plugin v25.3.1 (Yoast SEO v25.3.1) - https:\/\/yoast.com\/wordpress\/plugins\/seo\/ -->\n<title>\u27a1\ufe0f Tour privado a Ljubljana desde Zagreb con chofer y gu\u00eda oficial | Tour Travel &amp; More<\/title>\n<meta name=\"description\" content=\"Disfruta este tour privado a Ljubljana desde Zagreb con chofer y gu\u00eda privados. Visita tambi\u00e9n el lago Bled, uno de los sitios m\u00e1s bonitos de Eslovenia \u2705\" \/>\n<meta name=\"robots\" content=\"index, follow, max-snippet:-1, max-image-preview:large, max-video-preview:-1\" \/>\n<link rel=\"canonical\" href=\"https:\/\/tourtravelandmore.com\/es\/tours\/croacia-es\/zagreb-es\/zagreb-actividades-es\/tour-privado-a-ljubljana-bled-desde-zagreb\/\" \/>\n<meta property=\"og:locale\" content=\"es_ES\" \/>\n<meta property=\"og:type\" content=\"article\" \/>\n<meta property=\"og:title\" content=\"Tour Privado a Ljubljana y lago Bled\" \/>\n<meta property=\"og:description\" content=\"Disfruta este tour privado a Ljubljana desde Zagreb con chofer y gu\u00eda privados. Visita tambi\u00e9n el lago Bled, uno de los sitios m\u00e1s bonitos de Eslovenia \u2705\" \/>\n<meta property=\"og:url\" content=\"https:\/\/tourtravelandmore.com\/es\/tours\/croacia-es\/zagreb-es\/zagreb-actividades-es\/tour-privado-a-ljubljana-bled-desde-zagreb\/\" \/>\n<meta property=\"og:site_name\" content=\"Tour Travel And More\" \/>\n<meta property=\"article:publisher\" content=\"https:\/\/www.facebook.com\/tourtravelandmore\/\" \/>\n<meta property=\"article:modified_time\" content=\"2025-03-28T19:31:11+00:00\" \/>\n<meta property=\"og:image\" content=\"https:\/\/tourtravelandmore.com\/wp-content\/uploads\/2020\/08\/Ljubljana_made_by_Janez_Kotar-min.jpg\" \/>\n\t<meta property=\"og:image:width\" content=\"1280\" \/>\n\t<meta property=\"og:image:height\" content=\"853\" \/>\n\t<meta property=\"og:image:type\" content=\"image\/jpeg\" \/>\n<meta name=\"twitter:card\" content=\"summary_large_image\" \/>\n<meta name=\"twitter:site\" content=\"@TourTravel_More\" \/>\n<meta name=\"twitter:label1\" content=\"Tiempo de lectura\" \/>\n\t<meta name=\"twitter:data1\" content=\"3 minutos\" \/>\n<script type=\"application\/ld+json\" class=\"yoast-schema-graph\">{\"@context\":\"https:\/\/schema.org\",\"@graph\":[{\"@type\":\"WebPage\",\"@id\":\"https:\/\/tourtravelandmore.com\/es\/tours\/croacia-es\/zagreb-es\/zagreb-actividades-es\/tour-privado-a-ljubljana-bled-desde-zagreb\/\",\"url\":\"https:\/\/tourtravelandmore.com\/es\/tours\/croacia-es\/zagreb-es\/zagreb-actividades-es\/tour-privado-a-ljubljana-bled-desde-zagreb\/\",\"name\":\"\u27a1\ufe0f Tour privado a Ljubljana desde Zagreb con chofer y gu\u00eda oficial | Tour Travel & More\",\"isPartOf\":{\"@id\":\"https:\/\/tourtravelandmore.com\/es\/#website\"},\"primaryImageOfPage\":{\"@id\":\"https:\/\/tourtravelandmore.com\/es\/tours\/croacia-es\/zagreb-es\/zagreb-actividades-es\/tour-privado-a-ljubljana-bled-desde-zagreb\/#primaryimage\"},\"image\":{\"@id\":\"https:\/\/tourtravelandmore.com\/es\/tours\/croacia-es\/zagreb-es\/zagreb-actividades-es\/tour-privado-a-ljubljana-bled-desde-zagreb\/#primaryimage\"},\"thumbnailUrl\":\"https:\/\/tourtravelandmore.com\/wp-content\/uploads\/2020\/08\/Ljubljana_made_by_Janez_Kotar-min.jpg\",\"datePublished\":\"2020-08-17T08:48:58+00:00\",\"dateModified\":\"2025-03-28T19:31:11+00:00\",\"description\":\"Disfruta este tour privado a Ljubljana desde Zagreb con chofer y gu\u00eda privados. Visita tambi\u00e9n el lago Bled, uno de los sitios m\u00e1s bonitos de Eslovenia \u2705\",\"breadcrumb\":{\"@id\":\"https:\/\/tourtravelandmore.com\/es\/tours\/croacia-es\/zagreb-es\/zagreb-actividades-es\/tour-privado-a-ljubljana-bled-desde-zagreb\/#breadcrumb\"},\"inLanguage\":\"es\",\"potentialAction\":[{\"@type\":\"ReadAction\",\"target\":[\"https:\/\/tourtravelandmore.com\/es\/tours\/croacia-es\/zagreb-es\/zagreb-actividades-es\/tour-privado-a-ljubljana-bled-desde-zagreb\/\"]}]},{\"@type\":\"ImageObject\",\"inLanguage\":\"es\",\"@id\":\"https:\/\/tourtravelandmore.com\/es\/tours\/croacia-es\/zagreb-es\/zagreb-actividades-es\/tour-privado-a-ljubljana-bled-desde-zagreb\/#primaryimage\",\"url\":\"https:\/\/tourtravelandmore.com\/wp-content\/uploads\/2020\/08\/Ljubljana_made_by_Janez_Kotar-min.jpg\",\"contentUrl\":\"https:\/\/tourtravelandmore.com\/wp-content\/uploads\/2020\/08\/Ljubljana_made_by_Janez_Kotar-min.jpg\",\"width\":1280,\"height\":853,\"caption\":\"panorama ljubljana\"},{\"@type\":\"BreadcrumbList\",\"@id\":\"https:\/\/tourtravelandmore.com\/es\/tours\/croacia-es\/zagreb-es\/zagreb-actividades-es\/tour-privado-a-ljubljana-bled-desde-zagreb\/#breadcrumb\",\"itemListElement\":[{\"@type\":\"ListItem\",\"position\":1,\"name\":\"Home\",\"item\":\"https:\/\/tourtravelandmore.com\/es\/\"},{\"@type\":\"ListItem\",\"position\":2,\"name\":\"Tours\",\"item\":\"https:\/\/tourtravelandmore.com\/es\/tours\/\"},{\"@type\":\"ListItem\",\"position\":3,\"name\":\"Tour Privado a Ljubljana y lago Bled\"}]},{\"@type\":\"WebSite\",\"@id\":\"https:\/\/tourtravelandmore.com\/es\/#website\",\"url\":\"https:\/\/tourtravelandmore.com\/es\/\",\"name\":\"Tour Travel And More\",\"description\":\"Private sightseeing tours and luxury transfers in Spain\",\"publisher\":{\"@id\":\"https:\/\/tourtravelandmore.com\/es\/#organization\"},\"potentialAction\":[{\"@type\":\"SearchAction\",\"target\":{\"@type\":\"EntryPoint\",\"urlTemplate\":\"https:\/\/tourtravelandmore.com\/es\/?s={search_term_string}\"},\"query-input\":{\"@type\":\"PropertyValueSpecification\",\"valueRequired\":true,\"valueName\":\"search_term_string\"}}],\"inLanguage\":\"es\"},{\"@type\":\"Organization\",\"@id\":\"https:\/\/tourtravelandmore.com\/es\/#organization\",\"name\":\"Tour Travel And More\",\"url\":\"https:\/\/tourtravelandmore.com\/es\/\",\"logo\":{\"@type\":\"ImageObject\",\"inLanguage\":\"es\",\"@id\":\"https:\/\/tourtravelandmore.com\/es\/#\/schema\/logo\/image\/\",\"url\":\"https:\/\/tourtravelandmore.com\/wp-content\/uploads\/2022\/12\/cropped-logo-cabecera-new.png\",\"contentUrl\":\"https:\/\/tourtravelandmore.com\/wp-content\/uploads\/2022\/12\/cropped-logo-cabecera-new.png\",\"width\":430,\"height\":61,\"caption\":\"Tour Travel And More\"},\"image\":{\"@id\":\"https:\/\/tourtravelandmore.com\/es\/#\/schema\/logo\/image\/\"},\"sameAs\":[\"https:\/\/www.facebook.com\/tourtravelandmore\/\",\"https:\/\/x.com\/TourTravel_More\"]}]}<\/script>\n<!-- \/ Yoast SEO Premium plugin. -->","yoast_head_json":{"title":"\u27a1\ufe0f Tour privado a Ljubljana desde Zagreb con chofer y gu\u00eda oficial | Tour Travel & More","description":"Disfruta este tour privado a Ljubljana desde Zagreb con chofer y gu\u00eda privados. Visita tambi\u00e9n el lago Bled, uno de los sitios m\u00e1s bonitos de Eslovenia \u2705","robots":{"index":"index","follow":"follow","max-snippet":"max-snippet:-1","max-image-preview":"max-image-preview:large","max-video-preview":"max-video-preview:-1"},"canonical":"https:\/\/tourtravelandmore.com\/es\/tours\/croacia-es\/zagreb-es\/zagreb-actividades-es\/tour-privado-a-ljubljana-bled-desde-zagreb\/","og_locale":"es_ES","og_type":"article","og_title":"Tour Privado a Ljubljana y lago Bled","og_description":"Disfruta este tour privado a Ljubljana desde Zagreb con chofer y gu\u00eda privados. Visita tambi\u00e9n el lago Bled, uno de los sitios m\u00e1s bonitos de Eslovenia \u2705","og_url":"https:\/\/tourtravelandmore.com\/es\/tours\/croacia-es\/zagreb-es\/zagreb-actividades-es\/tour-privado-a-ljubljana-bled-desde-zagreb\/","og_site_name":"Tour Travel And More","article_publisher":"https:\/\/www.facebook.com\/tourtravelandmore\/","article_modified_time":"2025-03-28T19:31:11+00:00","og_image":[{"width":1280,"height":853,"url":"https:\/\/tourtravelandmore.com\/wp-content\/uploads\/2020\/08\/Ljubljana_made_by_Janez_Kotar-min.jpg","type":"image\/jpeg"}],"twitter_card":"summary_large_image","twitter_site":"@TourTravel_More","twitter_misc":{"Tiempo de lectura":"3 minutos"},"schema":{"@context":"https:\/\/schema.org","@graph":[{"@type":"WebPage","@id":"https:\/\/tourtravelandmore.com\/es\/tours\/croacia-es\/zagreb-es\/zagreb-actividades-es\/tour-privado-a-ljubljana-bled-desde-zagreb\/","url":"https:\/\/tourtravelandmore.com\/es\/tours\/croacia-es\/zagreb-es\/zagreb-actividades-es\/tour-privado-a-ljubljana-bled-desde-zagreb\/","name":"\u27a1\ufe0f Tour privado a Ljubljana desde Zagreb con chofer y gu\u00eda oficial | Tour Travel & More","isPartOf":{"@id":"https:\/\/tourtravelandmore.com\/es\/#website"},"primaryImageOfPage":{"@id":"https:\/\/tourtravelandmore.com\/es\/tours\/croacia-es\/zagreb-es\/zagreb-actividades-es\/tour-privado-a-ljubljana-bled-desde-zagreb\/#primaryimage"},"image":{"@id":"https:\/\/tourtravelandmore.com\/es\/tours\/croacia-es\/zagreb-es\/zagreb-actividades-es\/tour-privado-a-ljubljana-bled-desde-zagreb\/#primaryimage"},"thumbnailUrl":"https:\/\/tourtravelandmore.com\/wp-content\/uploads\/2020\/08\/Ljubljana_made_by_Janez_Kotar-min.jpg","datePublished":"2020-08-17T08:48:58+00:00","dateModified":"2025-03-28T19:31:11+00:00","description":"Disfruta este tour privado a Ljubljana desde Zagreb con chofer y gu\u00eda privados. Visita tambi\u00e9n el lago Bled, uno de los sitios m\u00e1s bonitos de Eslovenia \u2705","breadcrumb":{"@id":"https:\/\/tourtravelandmore.com\/es\/tours\/croacia-es\/zagreb-es\/zagreb-actividades-es\/tour-privado-a-ljubljana-bled-desde-zagreb\/#breadcrumb"},"inLanguage":"es","potentialAction":[{"@type":"ReadAction","target":["https:\/\/tourtravelandmore.com\/es\/tours\/croacia-es\/zagreb-es\/zagreb-actividades-es\/tour-privado-a-ljubljana-bled-desde-zagreb\/"]}]},{"@type":"ImageObject","inLanguage":"es","@id":"https:\/\/tourtravelandmore.com\/es\/tours\/croacia-es\/zagreb-es\/zagreb-actividades-es\/tour-privado-a-ljubljana-bled-desde-zagreb\/#primaryimage","url":"https:\/\/tourtravelandmore.com\/wp-content\/uploads\/2020\/08\/Ljubljana_made_by_Janez_Kotar-min.jpg","contentUrl":"https:\/\/tourtravelandmore.com\/wp-content\/uploads\/2020\/08\/Ljubljana_made_by_Janez_Kotar-min.jpg","width":1280,"height":853,"caption":"panorama ljubljana"},{"@type":"BreadcrumbList","@id":"https:\/\/tourtravelandmore.com\/es\/tours\/croacia-es\/zagreb-es\/zagreb-actividades-es\/tour-privado-a-ljubljana-bled-desde-zagreb\/#breadcrumb","itemListElement":[{"@type":"ListItem","position":1,"name":"Home","item":"https:\/\/tourtravelandmore.com\/es\/"},{"@type":"ListItem","position":2,"name":"Tours","item":"https:\/\/tourtravelandmore.com\/es\/tours\/"},{"@type":"ListItem","position":3,"name":"Tour Privado a Ljubljana y lago Bled"}]},{"@type":"WebSite","@id":"https:\/\/tourtravelandmore.com\/es\/#website","url":"https:\/\/tourtravelandmore.com\/es\/","name":"Tour Travel And More","description":"Private sightseeing tours and luxury transfers in Spain","publisher":{"@id":"https:\/\/tourtravelandmore.com\/es\/#organization"},"potentialAction":[{"@type":"SearchAction","target":{"@type":"EntryPoint","urlTemplate":"https:\/\/tourtravelandmore.com\/es\/?s={search_term_string}"},"query-input":{"@type":"PropertyValueSpecification","valueRequired":true,"valueName":"search_term_string"}}],"inLanguage":"es"},{"@type":"Organization","@id":"https:\/\/tourtravelandmore.com\/es\/#organization","name":"Tour Travel And More","url":"https:\/\/tourtravelandmore.com\/es\/","logo":{"@type":"ImageObject","inLanguage":"es","@id":"https:\/\/tourtravelandmore.com\/es\/#\/schema\/logo\/image\/","url":"https:\/\/tourtravelandmore.com\/wp-content\/uploads\/2022\/12\/cropped-logo-cabecera-new.png","contentUrl":"https:\/\/tourtravelandmore.com\/wp-content\/uploads\/2022\/12\/cropped-logo-cabecera-new.png","width":430,"height":61,"caption":"Tour Travel And More"},"image":{"@id":"https:\/\/tourtravelandmore.com\/es\/#\/schema\/logo\/image\/"},"sameAs":["https:\/\/www.facebook.com\/tourtravelandmore\/","https:\/\/x.com\/TourTravel_More"]}]}},"_links":{"self":[{"href":"https:\/\/tourtravelandmore.com\/es\/wp-json\/wp\/v2\/product\/82439","targetHints":{"allow":["GET"]}}],"collection":[{"href":"https:\/\/tourtravelandmore.com\/es\/wp-json\/wp\/v2\/product"}],"about":[{"href":"https:\/\/tourtravelandmore.com\/es\/wp-json\/wp\/v2\/types\/product"}],"replies":[{"embeddable":true,"href":"https:\/\/tourtravelandmore.com\/es\/wp-json\/wp\/v2\/comments?post=82439"}],"wp:featuredmedia":[{"embeddable":true,"href":"https:\/\/tourtravelandmore.com\/es\/wp-json\/wp\/v2\/media\/82461"}],"wp:attachment":[{"href":"https:\/\/tourtravelandmore.com\/es\/wp-json\/wp\/v2\/media?parent=82439"}],"wp:term":[{"taxonomy":"product_brand","embeddable":true,"href":"https:\/\/tourtravelandmore.com\/es\/wp-json\/wp\/v2\/product_brand?post=82439"},{"taxonomy":"product_cat","embeddable":true,"href":"https:\/\/tourtravelandmore.com\/es\/wp-json\/wp\/v2\/product_cat?post=82439"},{"taxonomy":"product_tag","embeddable":true,"href":"https:\/\/tourtravelandmore.com\/es\/wp-json\/wp\/v2\/product_tag?post=82439"}],"curies":[{"name":"wp","href":"https:\/\/api.w.org\/{rel}","templated":true}]}}