{"id":8241,"date":"2016-10-20T13:07:41","date_gmt":"2016-10-24T11:03:56","guid":{"rendered":"http:\/\/tourtravelandmore.com\/es\/?post_type=product&#038;p=8241"},"modified":"2025-04-14T18:37:09","modified_gmt":"2025-04-14T16:37:09","slug":"tour-privado-deporte-barcelona-camp-nou-barca","status":"publish","type":"product","link":"https:\/\/tourtravelandmore.com\/es\/tours\/espana-es\/barcelona-es\/tour-privado-deporte-barcelona-camp-nou-barca\/","title":{"rendered":"Tour del Camp Nou &#8211; Tour Privado"},"content":{"rendered":"<h2><strong>Descripci\u00f3n del Tour del Camp Nou &#8211; Tour Privado<\/strong><\/h2>\n<p>Nuestro conductor y gu\u00eda os recoger\u00e1n desde su Hotel, Apartamento o Terminal de Cruceros para empezar su tour del Camp Nou con su gu\u00eda oficial privado y veh\u00edculo oficial privado. Empezaremos el Tour del Camp Nou conociendo el estadio.<\/p>\n<p>El <a href=\"https:\/\/es.wikipedia.org\/wiki\/Camp_Nou\"><strong>Camp Nou<\/strong><\/a> es un estadio de F\u00fatbol y pertenece al Futbol Club Barcelona (Bar\u00e7a). Tiene una capacidad de 99.354 personas, actualmente es el estadio m\u00e1s grande de toda Europa. Es uno de los Clubs de f\u00fatbol m\u00e1s importantes y prestigiosos de Europa. Han ganado 5 Copas de Europa, 3 mundialitos de Clubs, 4 Recopas de Europa, 3 Copas de Ferias, 5 Supercopa de Europa, 26 Ligas y 30 Copas del Rey, 13 Super Copas de Espa\u00f1a y muchos m\u00e1s t\u00edtulos que podr\u00e1s ver a lo largo del Tour del Camp nou.<\/p>\n<p>La duraci\u00f3n del Tour del Camp Nou es de 4 horas, y dispondr\u00e1 de Tiempo para conocer con su gu\u00eda el Camp Nou, el Museo y poder para en la tienda oficial del Bar\u00e7a, si nos ha sobrado tiempo el resto del tour realizaremos una mini City Tour de la ciudad de Barcelona.<\/p>\n<h2><strong>Puntos de inter\u00e9s en el Tour del Camp Nou &#8211; Tour Privado<\/strong><\/h2>\n<p>Este tour del Camp Nou es la excursi\u00f3n perfecta para los amantes del deporte y los apasionados al F\u00fatbol. No se pierda, est\u00e1 fant\u00e1stica oportunidad de conocer el museo m\u00e1s visitado de toda Barcelona y el club social m\u00e1s selecto de la ciudad. \u00bfSe lo va a perder?<\/p>\n<p>Le ofrecemos un servicio privado, donde le recogeremos y le devolvemos donde usted quiera, adem\u00e1s de una visita guiada por el <strong>estadio del F.C Barcelona<\/strong>. Incluimos en el precio las entradas de ambos recintos, con el objetivo de hacer su estancia en la ciudad m\u00e1s c\u00f3moda y evitar colas. Est\u00e1s entrada son de acceso preferente.<\/p>\n<p>Disfrutar\u00e1 de una oportunidad de conocer la historia del <strong>F.C Barcelona<\/strong>, seguir\u00e1 los pasos de grandes estrellas como Kubala, Cruyff, Maradona, Guardiola, Ronaldinho, Messi, Neymar y muchas m\u00e1s estrellas.<\/p>\n<p>Podr\u00e1 disfrutar de una panor\u00e1mica del estadio, <strong>conocer el Museo, zona de trofeos, Espacio multimedia, Espacio Messi, el vestidor del equipo visitante, el t\u00fanel de jugadores, la zona mixta y la zona de prensa y el terreno de juego del Camp Nou.<\/strong><\/p>\n<p>A su vez, el tiempo restante, disfrutar\u00e1n de un City Tour por los puntos m\u00e1s emblem\u00e1ticos de la ciudad, siempre con la compa\u00f1\u00eda de su chofer y gu\u00eda privado. Si usted est\u00e1 interesado en visitar alg\u00fan sitio puntual en la ciudad, podemos organizarlo. Puede consultar nuestro apartado de <a href=\"https:\/\/tourtravelandmore.com\/es\/ciudad\/espana-es\/barcelona-es\/\">Tours privados de Barcelona.<\/a><\/p>\n<p>Una vez finalicemos el tour, vuestro veh\u00edculo privado os devolver\u00e1 a vuestro hotel o crucero para que pod\u00e1is ir a descansar y recuperar fuerzas.<\/p>\n","protected":false},"excerpt":{"rendered":"<p>Disfrute de este <strong>tour privado completamente personalizado al Camp Nou de Barcelona<\/strong> y admire uno de los estadios de f\u00fatbol m\u00e1s importantes de toda Europa. Aproveche para conocer Barcelona en esta experiencia con tu propio gu\u00eda tur\u00edstico oficial privado y veh\u00edculo privado con ch\u00f3fer. Personalice su propia experiencia. \u00a1No te pierdas monumentos y lugares de inter\u00e9s como el <strong>Camp Nou<\/strong> y el <strong>museo del Bar\u00e7a<\/strong> y mucho m\u00e1s!<\/p>\n","protected":false},"featured_media":7915,"comment_status":"open","ping_status":"closed","template":"","meta":{"_acf_changed":false},"product_brand":[],"product_cat":[69,283,266,270,547],"product_tag":[],"class_list":{"0":"post-8241","1":"product","2":"type-product","3":"status-publish","4":"has-post-thumbnail","6":"product_cat-barcelona-es","7":"product_cat-barcelona-top-ventas-es","8":"product_cat-barcelona-actividades-es","9":"product_cat-barcelona-rutas-turisticas-privadas-es","10":"product_cat-barcelona-excursiones-privadas-cruceros-es","12":"first","13":"instock","14":"shipping-taxable","15":"purchasable","16":"product-type-simple"},"acf":[],"yoast_head":"<!-- This site is optimized with the Yoast SEO Premium plugin v25.3.1 (Yoast SEO v25.3.1) - https:\/\/yoast.com\/wordpress\/plugins\/seo\/ -->\n<title>\u27a1\ufe0f Tour del Camp Nou - Tour Privado con gu\u00eda | Tour Travel &amp; More<\/title>\n<meta name=\"description\" content=\"Disfrute de este Tour del Camp Nou y conozca el Museo del Bar\u00e7a, zona de trofeos, vestuario, zona mixta, sala de prensa y terreno de juego, con su gu\u00eda \u2705\" \/>\n<meta name=\"robots\" content=\"index, follow, max-snippet:-1, max-image-preview:large, max-video-preview:-1\" \/>\n<link rel=\"canonical\" href=\"https:\/\/tourtravelandmore.com\/es\/tours\/espana-es\/barcelona-es\/tour-privado-deporte-barcelona-camp-nou-barca\/\" \/>\n<meta property=\"og:locale\" content=\"es_ES\" \/>\n<meta property=\"og:type\" content=\"article\" \/>\n<meta property=\"og:title\" content=\"Tour del Camp Nou - Tour Privado\" \/>\n<meta property=\"og:description\" content=\"Disfrute de este Tour del Camp Nou y conozca el Museo del Bar\u00e7a, zona de trofeos, vestuario, zona mixta, sala de prensa y terreno de juego, con su gu\u00eda \u2705\" \/>\n<meta property=\"og:url\" content=\"https:\/\/tourtravelandmore.com\/es\/tours\/espana-es\/barcelona-es\/tour-privado-deporte-barcelona-camp-nou-barca\/\" \/>\n<meta property=\"og:site_name\" content=\"Tour Travel And More\" \/>\n<meta property=\"article:publisher\" content=\"https:\/\/www.facebook.com\/tourtravelandmore\/\" \/>\n<meta property=\"article:modified_time\" content=\"2025-04-14T16:37:09+00:00\" \/>\n<meta property=\"og:image\" content=\"https:\/\/tourtravelandmore.com\/wp-content\/uploads\/2016\/10\/barcelona-footbal-fanatics-private-tour.jpg\" \/>\n\t<meta property=\"og:image:width\" content=\"1920\" \/>\n\t<meta property=\"og:image:height\" content=\"1080\" \/>\n\t<meta property=\"og:image:type\" content=\"image\/jpeg\" \/>\n<meta name=\"twitter:card\" content=\"summary_large_image\" \/>\n<meta name=\"twitter:site\" content=\"@TourTravel_More\" \/>\n<meta name=\"twitter:label1\" content=\"Tiempo de lectura\" \/>\n\t<meta name=\"twitter:data1\" content=\"2 minutos\" \/>\n<script type=\"application\/ld+json\" class=\"yoast-schema-graph\">{\"@context\":\"https:\/\/schema.org\",\"@graph\":[{\"@type\":\"WebPage\",\"@id\":\"https:\/\/tourtravelandmore.com\/es\/tours\/espana-es\/barcelona-es\/tour-privado-deporte-barcelona-camp-nou-barca\/\",\"url\":\"https:\/\/tourtravelandmore.com\/es\/tours\/espana-es\/barcelona-es\/tour-privado-deporte-barcelona-camp-nou-barca\/\",\"name\":\"\u27a1\ufe0f Tour del Camp Nou - Tour Privado con gu\u00eda | Tour Travel & More\",\"isPartOf\":{\"@id\":\"https:\/\/tourtravelandmore.com\/es\/#website\"},\"primaryImageOfPage\":{\"@id\":\"https:\/\/tourtravelandmore.com\/es\/tours\/espana-es\/barcelona-es\/tour-privado-deporte-barcelona-camp-nou-barca\/#primaryimage\"},\"image\":{\"@id\":\"https:\/\/tourtravelandmore.com\/es\/tours\/espana-es\/barcelona-es\/tour-privado-deporte-barcelona-camp-nou-barca\/#primaryimage\"},\"thumbnailUrl\":\"https:\/\/tourtravelandmore.com\/wp-content\/uploads\/2016\/10\/barcelona-footbal-fanatics-private-tour.jpg\",\"datePublished\":\"2016-10-24T11:03:56+00:00\",\"dateModified\":\"2025-04-14T16:37:09+00:00\",\"description\":\"Disfrute de este Tour del Camp Nou y conozca el Museo del Bar\u00e7a, zona de trofeos, vestuario, zona mixta, sala de prensa y terreno de juego, con su gu\u00eda \u2705\",\"breadcrumb\":{\"@id\":\"https:\/\/tourtravelandmore.com\/es\/tours\/espana-es\/barcelona-es\/tour-privado-deporte-barcelona-camp-nou-barca\/#breadcrumb\"},\"inLanguage\":\"es\",\"potentialAction\":[{\"@type\":\"ReadAction\",\"target\":[\"https:\/\/tourtravelandmore.com\/es\/tours\/espana-es\/barcelona-es\/tour-privado-deporte-barcelona-camp-nou-barca\/\"]}]},{\"@type\":\"ImageObject\",\"inLanguage\":\"es\",\"@id\":\"https:\/\/tourtravelandmore.com\/es\/tours\/espana-es\/barcelona-es\/tour-privado-deporte-barcelona-camp-nou-barca\/#primaryimage\",\"url\":\"https:\/\/tourtravelandmore.com\/wp-content\/uploads\/2016\/10\/barcelona-footbal-fanatics-private-tour.jpg\",\"contentUrl\":\"https:\/\/tourtravelandmore.com\/wp-content\/uploads\/2016\/10\/barcelona-footbal-fanatics-private-tour.jpg\",\"width\":1920,\"height\":1080},{\"@type\":\"BreadcrumbList\",\"@id\":\"https:\/\/tourtravelandmore.com\/es\/tours\/espana-es\/barcelona-es\/tour-privado-deporte-barcelona-camp-nou-barca\/#breadcrumb\",\"itemListElement\":[{\"@type\":\"ListItem\",\"position\":1,\"name\":\"Home\",\"item\":\"https:\/\/tourtravelandmore.com\/es\/\"},{\"@type\":\"ListItem\",\"position\":2,\"name\":\"Tours\",\"item\":\"https:\/\/tourtravelandmore.com\/es\/tours\/\"},{\"@type\":\"ListItem\",\"position\":3,\"name\":\"Tour del Camp Nou &#8211; Tour Privado\"}]},{\"@type\":\"WebSite\",\"@id\":\"https:\/\/tourtravelandmore.com\/es\/#website\",\"url\":\"https:\/\/tourtravelandmore.com\/es\/\",\"name\":\"Tour Travel And More\",\"description\":\"Private sightseeing tours and luxury transfers in Spain\",\"publisher\":{\"@id\":\"https:\/\/tourtravelandmore.com\/es\/#organization\"},\"potentialAction\":[{\"@type\":\"SearchAction\",\"target\":{\"@type\":\"EntryPoint\",\"urlTemplate\":\"https:\/\/tourtravelandmore.com\/es\/?s={search_term_string}\"},\"query-input\":{\"@type\":\"PropertyValueSpecification\",\"valueRequired\":true,\"valueName\":\"search_term_string\"}}],\"inLanguage\":\"es\"},{\"@type\":\"Organization\",\"@id\":\"https:\/\/tourtravelandmore.com\/es\/#organization\",\"name\":\"Tour Travel And More\",\"url\":\"https:\/\/tourtravelandmore.com\/es\/\",\"logo\":{\"@type\":\"ImageObject\",\"inLanguage\":\"es\",\"@id\":\"https:\/\/tourtravelandmore.com\/es\/#\/schema\/logo\/image\/\",\"url\":\"https:\/\/tourtravelandmore.com\/wp-content\/uploads\/2022\/12\/cropped-logo-cabecera-new.png\",\"contentUrl\":\"https:\/\/tourtravelandmore.com\/wp-content\/uploads\/2022\/12\/cropped-logo-cabecera-new.png\",\"width\":430,\"height\":61,\"caption\":\"Tour Travel And More\"},\"image\":{\"@id\":\"https:\/\/tourtravelandmore.com\/es\/#\/schema\/logo\/image\/\"},\"sameAs\":[\"https:\/\/www.facebook.com\/tourtravelandmore\/\",\"https:\/\/x.com\/TourTravel_More\"]}]}<\/script>\n<!-- \/ Yoast SEO Premium plugin. -->","yoast_head_json":{"title":"\u27a1\ufe0f Tour del Camp Nou - Tour Privado con gu\u00eda | Tour Travel & More","description":"Disfrute de este Tour del Camp Nou y conozca el Museo del Bar\u00e7a, zona de trofeos, vestuario, zona mixta, sala de prensa y terreno de juego, con su gu\u00eda \u2705","robots":{"index":"index","follow":"follow","max-snippet":"max-snippet:-1","max-image-preview":"max-image-preview:large","max-video-preview":"max-video-preview:-1"},"canonical":"https:\/\/tourtravelandmore.com\/es\/tours\/espana-es\/barcelona-es\/tour-privado-deporte-barcelona-camp-nou-barca\/","og_locale":"es_ES","og_type":"article","og_title":"Tour del Camp Nou - Tour Privado","og_description":"Disfrute de este Tour del Camp Nou y conozca el Museo del Bar\u00e7a, zona de trofeos, vestuario, zona mixta, sala de prensa y terreno de juego, con su gu\u00eda \u2705","og_url":"https:\/\/tourtravelandmore.com\/es\/tours\/espana-es\/barcelona-es\/tour-privado-deporte-barcelona-camp-nou-barca\/","og_site_name":"Tour Travel And More","article_publisher":"https:\/\/www.facebook.com\/tourtravelandmore\/","article_modified_time":"2025-04-14T16:37:09+00:00","og_image":[{"width":1920,"height":1080,"url":"https:\/\/tourtravelandmore.com\/wp-content\/uploads\/2016\/10\/barcelona-footbal-fanatics-private-tour.jpg","type":"image\/jpeg"}],"twitter_card":"summary_large_image","twitter_site":"@TourTravel_More","twitter_misc":{"Tiempo de lectura":"2 minutos"},"schema":{"@context":"https:\/\/schema.org","@graph":[{"@type":"WebPage","@id":"https:\/\/tourtravelandmore.com\/es\/tours\/espana-es\/barcelona-es\/tour-privado-deporte-barcelona-camp-nou-barca\/","url":"https:\/\/tourtravelandmore.com\/es\/tours\/espana-es\/barcelona-es\/tour-privado-deporte-barcelona-camp-nou-barca\/","name":"\u27a1\ufe0f Tour del Camp Nou - Tour Privado con gu\u00eda | Tour Travel & More","isPartOf":{"@id":"https:\/\/tourtravelandmore.com\/es\/#website"},"primaryImageOfPage":{"@id":"https:\/\/tourtravelandmore.com\/es\/tours\/espana-es\/barcelona-es\/tour-privado-deporte-barcelona-camp-nou-barca\/#primaryimage"},"image":{"@id":"https:\/\/tourtravelandmore.com\/es\/tours\/espana-es\/barcelona-es\/tour-privado-deporte-barcelona-camp-nou-barca\/#primaryimage"},"thumbnailUrl":"https:\/\/tourtravelandmore.com\/wp-content\/uploads\/2016\/10\/barcelona-footbal-fanatics-private-tour.jpg","datePublished":"2016-10-24T11:03:56+00:00","dateModified":"2025-04-14T16:37:09+00:00","description":"Disfrute de este Tour del Camp Nou y conozca el Museo del Bar\u00e7a, zona de trofeos, vestuario, zona mixta, sala de prensa y terreno de juego, con su gu\u00eda \u2705","breadcrumb":{"@id":"https:\/\/tourtravelandmore.com\/es\/tours\/espana-es\/barcelona-es\/tour-privado-deporte-barcelona-camp-nou-barca\/#breadcrumb"},"inLanguage":"es","potentialAction":[{"@type":"ReadAction","target":["https:\/\/tourtravelandmore.com\/es\/tours\/espana-es\/barcelona-es\/tour-privado-deporte-barcelona-camp-nou-barca\/"]}]},{"@type":"ImageObject","inLanguage":"es","@id":"https:\/\/tourtravelandmore.com\/es\/tours\/espana-es\/barcelona-es\/tour-privado-deporte-barcelona-camp-nou-barca\/#primaryimage","url":"https:\/\/tourtravelandmore.com\/wp-content\/uploads\/2016\/10\/barcelona-footbal-fanatics-private-tour.jpg","contentUrl":"https:\/\/tourtravelandmore.com\/wp-content\/uploads\/2016\/10\/barcelona-footbal-fanatics-private-tour.jpg","width":1920,"height":1080},{"@type":"BreadcrumbList","@id":"https:\/\/tourtravelandmore.com\/es\/tours\/espana-es\/barcelona-es\/tour-privado-deporte-barcelona-camp-nou-barca\/#breadcrumb","itemListElement":[{"@type":"ListItem","position":1,"name":"Home","item":"https:\/\/tourtravelandmore.com\/es\/"},{"@type":"ListItem","position":2,"name":"Tours","item":"https:\/\/tourtravelandmore.com\/es\/tours\/"},{"@type":"ListItem","position":3,"name":"Tour del Camp Nou &#8211; Tour Privado"}]},{"@type":"WebSite","@id":"https:\/\/tourtravelandmore.com\/es\/#website","url":"https:\/\/tourtravelandmore.com\/es\/","name":"Tour Travel And More","description":"Private sightseeing tours and luxury transfers in Spain","publisher":{"@id":"https:\/\/tourtravelandmore.com\/es\/#organization"},"potentialAction":[{"@type":"SearchAction","target":{"@type":"EntryPoint","urlTemplate":"https:\/\/tourtravelandmore.com\/es\/?s={search_term_string}"},"query-input":{"@type":"PropertyValueSpecification","valueRequired":true,"valueName":"search_term_string"}}],"inLanguage":"es"},{"@type":"Organization","@id":"https:\/\/tourtravelandmore.com\/es\/#organization","name":"Tour Travel And More","url":"https:\/\/tourtravelandmore.com\/es\/","logo":{"@type":"ImageObject","inLanguage":"es","@id":"https:\/\/tourtravelandmore.com\/es\/#\/schema\/logo\/image\/","url":"https:\/\/tourtravelandmore.com\/wp-content\/uploads\/2022\/12\/cropped-logo-cabecera-new.png","contentUrl":"https:\/\/tourtravelandmore.com\/wp-content\/uploads\/2022\/12\/cropped-logo-cabecera-new.png","width":430,"height":61,"caption":"Tour Travel And More"},"image":{"@id":"https:\/\/tourtravelandmore.com\/es\/#\/schema\/logo\/image\/"},"sameAs":["https:\/\/www.facebook.com\/tourtravelandmore\/","https:\/\/x.com\/TourTravel_More"]}]}},"_links":{"self":[{"href":"https:\/\/tourtravelandmore.com\/es\/wp-json\/wp\/v2\/product\/8241","targetHints":{"allow":["GET"]}}],"collection":[{"href":"https:\/\/tourtravelandmore.com\/es\/wp-json\/wp\/v2\/product"}],"about":[{"href":"https:\/\/tourtravelandmore.com\/es\/wp-json\/wp\/v2\/types\/product"}],"replies":[{"embeddable":true,"href":"https:\/\/tourtravelandmore.com\/es\/wp-json\/wp\/v2\/comments?post=8241"}],"wp:featuredmedia":[{"embeddable":true,"href":"https:\/\/tourtravelandmore.com\/es\/wp-json\/wp\/v2\/media\/7915"}],"wp:attachment":[{"href":"https:\/\/tourtravelandmore.com\/es\/wp-json\/wp\/v2\/media?parent=8241"}],"wp:term":[{"taxonomy":"product_brand","embeddable":true,"href":"https:\/\/tourtravelandmore.com\/es\/wp-json\/wp\/v2\/product_brand?post=8241"},{"taxonomy":"product_cat","embeddable":true,"href":"https:\/\/tourtravelandmore.com\/es\/wp-json\/wp\/v2\/product_cat?post=8241"},{"taxonomy":"product_tag","embeddable":true,"href":"https:\/\/tourtravelandmore.com\/es\/wp-json\/wp\/v2\/product_tag?post=8241"}],"curies":[{"name":"wp","href":"https:\/\/api.w.org\/{rel}","templated":true}]}}