{"id":82403,"date":"2020-08-14T17:30:03","date_gmt":"2020-08-14T15:30:04","guid":{"rendered":"https:\/\/tourtravelandmore.com\/?post_type=product&#038;p=82403"},"modified":"2025-03-28T19:28:40","modified_gmt":"2025-03-28T18:28:40","slug":"tour-privado-a-pie-por-zagreb","status":"publish","type":"product","link":"https:\/\/tourtravelandmore.com\/es\/tours\/croacia-es\/zagreb-es\/zagreb-actividades-es\/tour-privado-a-pie-por-zagreb\/","title":{"rendered":"Tour Privado a pie por Zagreb"},"content":{"rendered":"<h2><strong>Descripci\u00f3n del Tour Privado a pie por Zagreb<\/strong><\/h2>\n<p>La ciudad de Zagreb es la capital de Croacia, ubicada en el noroeste del pa\u00eds. Aproveche al m\u00e1ximo su tiempo en Zagreb y disfrute de nuestro <strong>Tour Privado a pie por Zagreb<\/strong> con un <strong>gu\u00eda oficial local<\/strong>.<\/p>\n<p><strong>Zagreb<\/strong> es la ciudad m\u00e1s poblada de Croacia y, a diferencia de otras ciudades, se caracteriza por su arquitectura austro-h\u00fangara. Es el mejor lugar para quienes quieran disfrutar de la cultura, el arte y por supuesto, algunas compras.<\/p>\n<p>Tendr\u00e1 3 horas completas para explorar esta fant\u00e1stica ciudad junto con su gu\u00eda tur\u00edstico. En caso de que lo prefiera, tambi\u00e9n podemos incluir la entrada a cualquier monumento o museo que desee visitar.<\/p>\n<p>Su primer contacto en <strong>Tour Travel and More<\/strong> ser\u00e1 en la entrada principal de la <strong>Catedral de Zagreb<\/strong> o en su hotel ubicado en el centro. Como se trata de un tour privado, usted determinar\u00e1 la hora de inicio.<\/p>\n<p>Aproveche esta oportunidad para conocer la historia y la cultura de esta maravillosa ciudad con este tour privado a pie por Zagreb. En caso de que prefiera incluir un veh\u00edculo privado de lujo en su experiencia, eche un vistazo a <a href=\"https:\/\/tourtravelandmore.com\/es\/tours\/croacia-es\/zagreb-es\/zagreb-actividades-es\/tour-privado-por-zagreb\/\">nuestro city tour por la ciudad de Zagreb<\/a>.<\/p>\n<h2><strong>Puntos de inter\u00e9s en el Tour Privado a pie por Zagreb<\/strong><\/h2>\n<p>En primer lugar, se encontrar\u00e1 con su gu\u00eda oficial privado en un punto de encuentro central en Zagreb. Con este tour privado a pie podr\u00e1s admirar la arquitectura y la cultura que caracterizan a esta \u00fanica ciudad.<\/p>\n<p>Su primera parada ser\u00e1 en la Catedral de Zagreb, que se encuentra en el barrio de <strong>Kaptol<\/strong>. Esta catedral es el s\u00edmbolo de la ciudad, con sus dos enormes torres g\u00f3ticas, visibles desde casi cualquier punto de la ciudad.<\/p>\n<p>En segundo lugar, continuar\u00e1 hasta la <a href=\"http:\/\/www.zg-nadbiskupija.hr\/nadbiskupija\/zupe?zupeid=169\" rel=\"nofollow\">Iglesia de San Marcos<\/a>, ubicada en la <strong>Plaza San Marcos<\/strong>. La iglesia es considerada uno de los edificios m\u00e1s bellos de Zagreb. Fue construido en el siglo XIII en estilo rom\u00e1nico y posteriormente renovado en estilo g\u00f3tico.<\/p>\n<p>En tercer lugar, visitar\u00e1 la <strong>Torre Lotrcak<\/strong> en el <strong>paseo Strossmayer<\/strong>. En el interior puedes encontrar una galer\u00eda de arte y un ascensor que te lleva hasta la cima donde podr\u00e1s admirar impresionantes vistas de la ciudad.<\/p>\n<p>Finalmente, caminar\u00e1s por la <strong>calle Tkalcica<\/strong> y visitar\u00e1s el <strong>Mercado Dolac<\/strong>. Si est\u00e1 dispuesto a degustar la gastronom\u00eda croata, estas dos \u00faltimas paradas ser\u00e1n perfectas para usted. Ambos lugares est\u00e1n llenos de vida, gente y comida deliciosa.<\/p>\n<p>Su gu\u00eda tur\u00edstico oficial privado estar\u00e1 a su total disposici\u00f3n durante todo el recorrido. Si desea hacer una parada espec\u00edfica, solo tiene que contactarnos, nos gusta hacer realidad los sue\u00f1os.<\/p>\n","protected":false},"excerpt":{"rendered":"<p>Con <strong>Tour Travel and More<\/strong>, definitivamente no debe perderse este <strong>tour privado a pie por la ciudad de Zagreb<\/strong> en solo 3 horas. Te acompa\u00f1ar\u00e1 un gu\u00eda tur\u00edstico local privado que te mostrar\u00e1 todos los rincones y monumentos asombrosos de esta ciudad \u00fanica. Podr\u00e1s visitar la <strong>Torre Lotrcak<\/strong> en el camino <strong>Strossmayer<\/strong>, la I<strong>glesia de San Marcos<\/strong> y mucho m\u00e1s!<\/p>\n","protected":false},"featured_media":82413,"comment_status":"open","ping_status":"closed","template":"","meta":{"_acf_changed":false},"product_brand":[],"product_cat":[2476,2478,2480],"product_tag":[],"class_list":{"0":"post-82403","1":"product","2":"type-product","3":"status-publish","4":"has-post-thumbnail","6":"product_cat-zagreb-es","7":"product_cat-zagreb-actividades-es","8":"product_cat-zagreb-a-pie-es","10":"first","11":"instock","12":"shipping-taxable","13":"purchasable","14":"product-type-simple"},"acf":[],"yoast_head":"<!-- This site is optimized with the Yoast SEO Premium plugin v25.3.1 (Yoast SEO v25.3.1) - https:\/\/yoast.com\/wordpress\/plugins\/seo\/ -->\n<title>\u27a1\ufe0f Tour Privado a pie por Zagreb con gu\u00eda oficial privado | Tour Travel &amp; More<\/title>\n<meta name=\"description\" content=\"Disfrute de este Tour Privado a pie por Zagreb junto a su g\u00fa\u00eda oficial privado quien lo llevara a recorrer todos los lugares mas importantes de esta ciudad \u2705\" \/>\n<meta name=\"robots\" content=\"index, follow, max-snippet:-1, max-image-preview:large, max-video-preview:-1\" \/>\n<link rel=\"canonical\" href=\"https:\/\/tourtravelandmore.com\/es\/tours\/croacia-es\/zagreb-es\/zagreb-actividades-es\/tour-privado-a-pie-por-zagreb\/\" \/>\n<meta property=\"og:locale\" content=\"es_ES\" \/>\n<meta property=\"og:type\" content=\"article\" \/>\n<meta property=\"og:title\" content=\"Tour Privado a pie por Zagreb\" \/>\n<meta property=\"og:description\" content=\"Disfrute de este Tour Privado a pie por Zagreb junto a su g\u00fa\u00eda oficial privado quien lo llevara a recorrer todos los lugares mas importantes de esta ciudad \u2705\" \/>\n<meta property=\"og:url\" content=\"https:\/\/tourtravelandmore.com\/es\/tours\/croacia-es\/zagreb-es\/zagreb-actividades-es\/tour-privado-a-pie-por-zagreb\/\" \/>\n<meta property=\"og:site_name\" content=\"Tour Travel And More\" \/>\n<meta property=\"article:publisher\" content=\"https:\/\/www.facebook.com\/tourtravelandmore\/\" \/>\n<meta property=\"article:modified_time\" content=\"2025-03-28T18:28:40+00:00\" \/>\n<meta property=\"og:image\" content=\"https:\/\/tourtravelandmore.com\/wp-content\/uploads\/2020\/08\/zagreb-5.jpg\" \/>\n\t<meta property=\"og:image:width\" content=\"1280\" \/>\n\t<meta property=\"og:image:height\" content=\"960\" \/>\n\t<meta property=\"og:image:type\" content=\"image\/jpeg\" \/>\n<meta name=\"twitter:card\" content=\"summary_large_image\" \/>\n<meta name=\"twitter:site\" content=\"@TourTravel_More\" \/>\n<meta name=\"twitter:label1\" content=\"Tiempo de lectura\" \/>\n\t<meta name=\"twitter:data1\" content=\"2 minutos\" \/>\n<script type=\"application\/ld+json\" class=\"yoast-schema-graph\">{\"@context\":\"https:\/\/schema.org\",\"@graph\":[{\"@type\":\"WebPage\",\"@id\":\"https:\/\/tourtravelandmore.com\/es\/tours\/croacia-es\/zagreb-es\/zagreb-actividades-es\/tour-privado-a-pie-por-zagreb\/\",\"url\":\"https:\/\/tourtravelandmore.com\/es\/tours\/croacia-es\/zagreb-es\/zagreb-actividades-es\/tour-privado-a-pie-por-zagreb\/\",\"name\":\"\u27a1\ufe0f Tour Privado a pie por Zagreb con gu\u00eda oficial privado | Tour Travel & More\",\"isPartOf\":{\"@id\":\"https:\/\/tourtravelandmore.com\/es\/#website\"},\"primaryImageOfPage\":{\"@id\":\"https:\/\/tourtravelandmore.com\/es\/tours\/croacia-es\/zagreb-es\/zagreb-actividades-es\/tour-privado-a-pie-por-zagreb\/#primaryimage\"},\"image\":{\"@id\":\"https:\/\/tourtravelandmore.com\/es\/tours\/croacia-es\/zagreb-es\/zagreb-actividades-es\/tour-privado-a-pie-por-zagreb\/#primaryimage\"},\"thumbnailUrl\":\"https:\/\/tourtravelandmore.com\/wp-content\/uploads\/2020\/08\/zagreb-5.jpg\",\"datePublished\":\"2020-08-14T15:30:04+00:00\",\"dateModified\":\"2025-03-28T18:28:40+00:00\",\"description\":\"Disfrute de este Tour Privado a pie por Zagreb junto a su g\u00fa\u00eda oficial privado quien lo llevara a recorrer todos los lugares mas importantes de esta ciudad \u2705\",\"breadcrumb\":{\"@id\":\"https:\/\/tourtravelandmore.com\/es\/tours\/croacia-es\/zagreb-es\/zagreb-actividades-es\/tour-privado-a-pie-por-zagreb\/#breadcrumb\"},\"inLanguage\":\"es\",\"potentialAction\":[{\"@type\":\"ReadAction\",\"target\":[\"https:\/\/tourtravelandmore.com\/es\/tours\/croacia-es\/zagreb-es\/zagreb-actividades-es\/tour-privado-a-pie-por-zagreb\/\"]}]},{\"@type\":\"ImageObject\",\"inLanguage\":\"es\",\"@id\":\"https:\/\/tourtravelandmore.com\/es\/tours\/croacia-es\/zagreb-es\/zagreb-actividades-es\/tour-privado-a-pie-por-zagreb\/#primaryimage\",\"url\":\"https:\/\/tourtravelandmore.com\/wp-content\/uploads\/2020\/08\/zagreb-5.jpg\",\"contentUrl\":\"https:\/\/tourtravelandmore.com\/wp-content\/uploads\/2020\/08\/zagreb-5.jpg\",\"width\":1280,\"height\":960},{\"@type\":\"BreadcrumbList\",\"@id\":\"https:\/\/tourtravelandmore.com\/es\/tours\/croacia-es\/zagreb-es\/zagreb-actividades-es\/tour-privado-a-pie-por-zagreb\/#breadcrumb\",\"itemListElement\":[{\"@type\":\"ListItem\",\"position\":1,\"name\":\"Home\",\"item\":\"https:\/\/tourtravelandmore.com\/es\/\"},{\"@type\":\"ListItem\",\"position\":2,\"name\":\"Tours\",\"item\":\"https:\/\/tourtravelandmore.com\/es\/tours\/\"},{\"@type\":\"ListItem\",\"position\":3,\"name\":\"Tour Privado a pie por Zagreb\"}]},{\"@type\":\"WebSite\",\"@id\":\"https:\/\/tourtravelandmore.com\/es\/#website\",\"url\":\"https:\/\/tourtravelandmore.com\/es\/\",\"name\":\"Tour Travel And More\",\"description\":\"Private sightseeing tours and luxury transfers in Spain\",\"publisher\":{\"@id\":\"https:\/\/tourtravelandmore.com\/es\/#organization\"},\"potentialAction\":[{\"@type\":\"SearchAction\",\"target\":{\"@type\":\"EntryPoint\",\"urlTemplate\":\"https:\/\/tourtravelandmore.com\/es\/?s={search_term_string}\"},\"query-input\":{\"@type\":\"PropertyValueSpecification\",\"valueRequired\":true,\"valueName\":\"search_term_string\"}}],\"inLanguage\":\"es\"},{\"@type\":\"Organization\",\"@id\":\"https:\/\/tourtravelandmore.com\/es\/#organization\",\"name\":\"Tour Travel And More\",\"url\":\"https:\/\/tourtravelandmore.com\/es\/\",\"logo\":{\"@type\":\"ImageObject\",\"inLanguage\":\"es\",\"@id\":\"https:\/\/tourtravelandmore.com\/es\/#\/schema\/logo\/image\/\",\"url\":\"https:\/\/tourtravelandmore.com\/wp-content\/uploads\/2022\/12\/cropped-logo-cabecera-new.png\",\"contentUrl\":\"https:\/\/tourtravelandmore.com\/wp-content\/uploads\/2022\/12\/cropped-logo-cabecera-new.png\",\"width\":430,\"height\":61,\"caption\":\"Tour Travel And More\"},\"image\":{\"@id\":\"https:\/\/tourtravelandmore.com\/es\/#\/schema\/logo\/image\/\"},\"sameAs\":[\"https:\/\/www.facebook.com\/tourtravelandmore\/\",\"https:\/\/x.com\/TourTravel_More\"]}]}<\/script>\n<!-- \/ Yoast SEO Premium plugin. -->","yoast_head_json":{"title":"\u27a1\ufe0f Tour Privado a pie por Zagreb con gu\u00eda oficial privado | Tour Travel & More","description":"Disfrute de este Tour Privado a pie por Zagreb junto a su g\u00fa\u00eda oficial privado quien lo llevara a recorrer todos los lugares mas importantes de esta ciudad \u2705","robots":{"index":"index","follow":"follow","max-snippet":"max-snippet:-1","max-image-preview":"max-image-preview:large","max-video-preview":"max-video-preview:-1"},"canonical":"https:\/\/tourtravelandmore.com\/es\/tours\/croacia-es\/zagreb-es\/zagreb-actividades-es\/tour-privado-a-pie-por-zagreb\/","og_locale":"es_ES","og_type":"article","og_title":"Tour Privado a pie por Zagreb","og_description":"Disfrute de este Tour Privado a pie por Zagreb junto a su g\u00fa\u00eda oficial privado quien lo llevara a recorrer todos los lugares mas importantes de esta ciudad \u2705","og_url":"https:\/\/tourtravelandmore.com\/es\/tours\/croacia-es\/zagreb-es\/zagreb-actividades-es\/tour-privado-a-pie-por-zagreb\/","og_site_name":"Tour Travel And More","article_publisher":"https:\/\/www.facebook.com\/tourtravelandmore\/","article_modified_time":"2025-03-28T18:28:40+00:00","og_image":[{"width":1280,"height":960,"url":"https:\/\/tourtravelandmore.com\/wp-content\/uploads\/2020\/08\/zagreb-5.jpg","type":"image\/jpeg"}],"twitter_card":"summary_large_image","twitter_site":"@TourTravel_More","twitter_misc":{"Tiempo de lectura":"2 minutos"},"schema":{"@context":"https:\/\/schema.org","@graph":[{"@type":"WebPage","@id":"https:\/\/tourtravelandmore.com\/es\/tours\/croacia-es\/zagreb-es\/zagreb-actividades-es\/tour-privado-a-pie-por-zagreb\/","url":"https:\/\/tourtravelandmore.com\/es\/tours\/croacia-es\/zagreb-es\/zagreb-actividades-es\/tour-privado-a-pie-por-zagreb\/","name":"\u27a1\ufe0f Tour Privado a pie por Zagreb con gu\u00eda oficial privado | Tour Travel & More","isPartOf":{"@id":"https:\/\/tourtravelandmore.com\/es\/#website"},"primaryImageOfPage":{"@id":"https:\/\/tourtravelandmore.com\/es\/tours\/croacia-es\/zagreb-es\/zagreb-actividades-es\/tour-privado-a-pie-por-zagreb\/#primaryimage"},"image":{"@id":"https:\/\/tourtravelandmore.com\/es\/tours\/croacia-es\/zagreb-es\/zagreb-actividades-es\/tour-privado-a-pie-por-zagreb\/#primaryimage"},"thumbnailUrl":"https:\/\/tourtravelandmore.com\/wp-content\/uploads\/2020\/08\/zagreb-5.jpg","datePublished":"2020-08-14T15:30:04+00:00","dateModified":"2025-03-28T18:28:40+00:00","description":"Disfrute de este Tour Privado a pie por Zagreb junto a su g\u00fa\u00eda oficial privado quien lo llevara a recorrer todos los lugares mas importantes de esta ciudad \u2705","breadcrumb":{"@id":"https:\/\/tourtravelandmore.com\/es\/tours\/croacia-es\/zagreb-es\/zagreb-actividades-es\/tour-privado-a-pie-por-zagreb\/#breadcrumb"},"inLanguage":"es","potentialAction":[{"@type":"ReadAction","target":["https:\/\/tourtravelandmore.com\/es\/tours\/croacia-es\/zagreb-es\/zagreb-actividades-es\/tour-privado-a-pie-por-zagreb\/"]}]},{"@type":"ImageObject","inLanguage":"es","@id":"https:\/\/tourtravelandmore.com\/es\/tours\/croacia-es\/zagreb-es\/zagreb-actividades-es\/tour-privado-a-pie-por-zagreb\/#primaryimage","url":"https:\/\/tourtravelandmore.com\/wp-content\/uploads\/2020\/08\/zagreb-5.jpg","contentUrl":"https:\/\/tourtravelandmore.com\/wp-content\/uploads\/2020\/08\/zagreb-5.jpg","width":1280,"height":960},{"@type":"BreadcrumbList","@id":"https:\/\/tourtravelandmore.com\/es\/tours\/croacia-es\/zagreb-es\/zagreb-actividades-es\/tour-privado-a-pie-por-zagreb\/#breadcrumb","itemListElement":[{"@type":"ListItem","position":1,"name":"Home","item":"https:\/\/tourtravelandmore.com\/es\/"},{"@type":"ListItem","position":2,"name":"Tours","item":"https:\/\/tourtravelandmore.com\/es\/tours\/"},{"@type":"ListItem","position":3,"name":"Tour Privado a pie por Zagreb"}]},{"@type":"WebSite","@id":"https:\/\/tourtravelandmore.com\/es\/#website","url":"https:\/\/tourtravelandmore.com\/es\/","name":"Tour Travel And More","description":"Private sightseeing tours and luxury transfers in Spain","publisher":{"@id":"https:\/\/tourtravelandmore.com\/es\/#organization"},"potentialAction":[{"@type":"SearchAction","target":{"@type":"EntryPoint","urlTemplate":"https:\/\/tourtravelandmore.com\/es\/?s={search_term_string}"},"query-input":{"@type":"PropertyValueSpecification","valueRequired":true,"valueName":"search_term_string"}}],"inLanguage":"es"},{"@type":"Organization","@id":"https:\/\/tourtravelandmore.com\/es\/#organization","name":"Tour Travel And More","url":"https:\/\/tourtravelandmore.com\/es\/","logo":{"@type":"ImageObject","inLanguage":"es","@id":"https:\/\/tourtravelandmore.com\/es\/#\/schema\/logo\/image\/","url":"https:\/\/tourtravelandmore.com\/wp-content\/uploads\/2022\/12\/cropped-logo-cabecera-new.png","contentUrl":"https:\/\/tourtravelandmore.com\/wp-content\/uploads\/2022\/12\/cropped-logo-cabecera-new.png","width":430,"height":61,"caption":"Tour Travel And More"},"image":{"@id":"https:\/\/tourtravelandmore.com\/es\/#\/schema\/logo\/image\/"},"sameAs":["https:\/\/www.facebook.com\/tourtravelandmore\/","https:\/\/x.com\/TourTravel_More"]}]}},"_links":{"self":[{"href":"https:\/\/tourtravelandmore.com\/es\/wp-json\/wp\/v2\/product\/82403","targetHints":{"allow":["GET"]}}],"collection":[{"href":"https:\/\/tourtravelandmore.com\/es\/wp-json\/wp\/v2\/product"}],"about":[{"href":"https:\/\/tourtravelandmore.com\/es\/wp-json\/wp\/v2\/types\/product"}],"replies":[{"embeddable":true,"href":"https:\/\/tourtravelandmore.com\/es\/wp-json\/wp\/v2\/comments?post=82403"}],"wp:featuredmedia":[{"embeddable":true,"href":"https:\/\/tourtravelandmore.com\/es\/wp-json\/wp\/v2\/media\/82413"}],"wp:attachment":[{"href":"https:\/\/tourtravelandmore.com\/es\/wp-json\/wp\/v2\/media?parent=82403"}],"wp:term":[{"taxonomy":"product_brand","embeddable":true,"href":"https:\/\/tourtravelandmore.com\/es\/wp-json\/wp\/v2\/product_brand?post=82403"},{"taxonomy":"product_cat","embeddable":true,"href":"https:\/\/tourtravelandmore.com\/es\/wp-json\/wp\/v2\/product_cat?post=82403"},{"taxonomy":"product_tag","embeddable":true,"href":"https:\/\/tourtravelandmore.com\/es\/wp-json\/wp\/v2\/product_tag?post=82403"}],"curies":[{"name":"wp","href":"https:\/\/api.w.org\/{rel}","templated":true}]}}