{"id":82381,"date":"2020-08-14T15:48:45","date_gmt":"2020-08-14T13:48:46","guid":{"rendered":"https:\/\/tourtravelandmore.com\/?post_type=product&#038;p=82381"},"modified":"2025-01-15T20:47:00","modified_gmt":"2025-01-15T19:47:00","slug":"tour-privado-al-parque-nacional-krka-desde-split","status":"publish","type":"product","link":"https:\/\/tourtravelandmore.com\/es\/tours\/croacia-es\/split-es\/split-actividades-es\/tour-privado-al-parque-nacional-krka-desde-split\/","title":{"rendered":"Tour Privado al Parque Nacional Krka desde Split"},"content":{"rendered":"<h2><strong>Descripci\u00f3n del Tour Privado al Parque Nacional Krka desde Split<\/strong><\/h2>\n<p>Si est\u00e1 buscando un d\u00eda de aventuras en un lugar \u00fanico e incre\u00edble, definitivamente no debe perderse este <strong>Tour Privado al Parque Nacional Krka desde Split<\/strong>.<\/p>\n<p>El <strong>Parque Nacional Krka<\/strong> es muy conocido por sus 7 cascadas consecutivas. Este parque est\u00e1 ubicado en el centro de la regi\u00f3n de Dalmacia, muy cerca de la ciudad de Milijevac.<\/p>\n<p>Disfrute esta excursi\u00f3n privada de d\u00eda completo y visite la maravillosa Catarata Skradinski Buk. Podr\u00e1 nadar en las aguas cristalinas del parque, caminar sus magn\u00edficos senderos y observar las magn\u00edficas cascadas.<\/p>\n<p>Despu\u00e9s de visitar el Parque Nacional podr\u00e1 visitar Sibenik. All\u00ed se encuentra la Catedral de Santiago, declarada por UNESCO como patrimonio de la humanidad. Durante su tour privado disfrutar\u00e1 una experiencia privada junto a su <strong>chofer<\/strong> y <b>gu\u00eda oficial privado.<\/b><\/p>\n<p>En caso que desee visitar el Parque Nacional de Lagos de Plitvice u otro sitio desde Split puede ver <a href=\"https:\/\/tourtravelandmore.com\/es\/ciudad\/croacia-es\/split-es\/\">nuestra lista de tours privados<\/a>.<\/p>\n<h2><strong>Puntos de inter\u00e9s en el Tour Privado al Parque Nacional Krka desde Split<\/strong><\/h2>\n<p>Para dar comienzo a su <strong>tour privado<\/strong> su chofer le recoger\u00e1 en su hotel, puerto de cruceros o sitio deseado en Split. A continuaci\u00f3n dar\u00e1n comienzo a su excursi\u00f3n privada al <a href=\"http:\/\/www.np-krka.hr\/en\/\">Parque Nacional de Krka<\/a> comfortablemente en<strong> veh\u00edculo privado de lujo.\u00a0<\/strong><\/p>\n<p>Despu\u00e9s de manejar una hora llegar\u00e1 a Skradin. Desde all\u00ed coger\u00e1n el bote electrico hacia la entrada del Parque Nacional de Krka. La entrada sin fila al parque nacional est\u00e1 incluida en el precio del tour.<\/p>\n<p>Una vez en el Parque Nacional podr\u00e1 nadar en las aguas cristalinas del parque, caminar en los maravillosos senderos y visitar la exhibici\u00f3n \u00e9tnica.\u00a0 Luego de haber disfrutado este maravilloso Parque Nacional retornar\u00e1n en el bote hacia Skradin. Una vez all\u00ed ir\u00e1n nuevamente junto a su chofer privado hacia Sibenik. Esta ciudad es conocida gracias a Game of Thrones y a su Catedral. Tendr\u00e1 tiempo libre para visitar la ciudad junto a su gu\u00eda privado. All\u00ed podr\u00e1 visitar la Catedral de Santiago, declarada por la <strong>UNESCO<\/strong> como patrimonio de la humanidad.<\/p>\n<p>Al finalizar su tour privado al Parque Nacional Krka desde Split su chofer privado le llevara de vuelta a su hotel, puerto de cruceros o sitio deseado en Split.<\/p>\n<p>Este es un tour completamente privado y personalizado. Nuestro equipo en <strong>Tour Travel and More<\/strong> est\u00e1 listo para hacer un recorrido perfecto para usted y su grupo. En caso de que quieras cambiar o incluir algo en el itinerario, solo tienes que contactarnos.<\/p>\n","protected":false},"excerpt":{"rendered":"<p>Aproveche al m\u00e1ximo su visita a <strong>Split<\/strong> y visite uno de los parques nacionales m\u00e1s hermosos de Europa: <strong>Las Cascadas de Krka<\/strong>. Durante su recorrido privado, explorar\u00e1 este maravilloso lugar con un experto local. Para aprovechar al m\u00e1ximo su tiempo, ser\u00e1 asistido por un gu\u00eda oficial que lo acompa\u00f1ar\u00e1 a un paseo con impresionantes vistas y le informar\u00e1 sobre la interesante historia de este hermoso parque. Tambi\u00e9n visitar\u00e1 la hermosa ciudad de <strong>Sibenik<\/strong> antes de regresar a Split.<\/p>\n","protected":false},"featured_media":82391,"comment_status":"open","ping_status":"closed","template":"","meta":{"_acf_changed":false},"product_brand":[],"product_cat":[2434,2436,2440,2438],"product_tag":[],"class_list":{"0":"post-82381","1":"product","2":"type-product","3":"status-publish","4":"has-post-thumbnail","6":"product_cat-split-es","7":"product_cat-split-actividades-es","8":"product_cat-split-tours-es","9":"product_cat-split-excursiones-es","11":"first","12":"instock","13":"shipping-taxable","14":"purchasable","15":"product-type-simple"},"acf":[],"yoast_head":"<!-- This site is optimized with the Yoast SEO Premium plugin v25.3.1 (Yoast SEO v25.3.1) - https:\/\/yoast.com\/wordpress\/plugins\/seo\/ -->\n<title>\u27a1\ufe0f Tour Privado al Parque Nacional Krka desde Split con gu\u00eda oficial | Tour Travel &amp; More<\/title>\n<meta name=\"description\" content=\"Visite uno de los parque nacionales m\u00e1s bonitos de toda Europa junto a un gu\u00eda local con nuestro tour privado a Krka desde Split \u2705\" \/>\n<meta name=\"robots\" content=\"index, follow, max-snippet:-1, max-image-preview:large, max-video-preview:-1\" \/>\n<link rel=\"canonical\" href=\"https:\/\/tourtravelandmore.com\/es\/tours\/croacia-es\/split-es\/split-actividades-es\/tour-privado-al-parque-nacional-krka-desde-split\/\" \/>\n<meta property=\"og:locale\" content=\"es_ES\" \/>\n<meta property=\"og:type\" content=\"article\" \/>\n<meta property=\"og:title\" content=\"Tour Privado al Parque Nacional Krka desde Split\" \/>\n<meta property=\"og:description\" content=\"Visite uno de los parque nacionales m\u00e1s bonitos de toda Europa junto a un gu\u00eda local con nuestro tour privado a Krka desde Split \u2705\" \/>\n<meta property=\"og:url\" content=\"https:\/\/tourtravelandmore.com\/es\/tours\/croacia-es\/split-es\/split-actividades-es\/tour-privado-al-parque-nacional-krka-desde-split\/\" \/>\n<meta property=\"og:site_name\" content=\"Tour Travel And More\" \/>\n<meta property=\"article:publisher\" content=\"https:\/\/www.facebook.com\/tourtravelandmore\/\" \/>\n<meta property=\"article:modified_time\" content=\"2025-01-15T19:47:00+00:00\" \/>\n<meta property=\"og:image\" content=\"https:\/\/tourtravelandmore.com\/wp-content\/uploads\/2020\/08\/krka-1.jpg\" \/>\n\t<meta property=\"og:image:width\" content=\"1920\" \/>\n\t<meta property=\"og:image:height\" content=\"1263\" \/>\n\t<meta property=\"og:image:type\" content=\"image\/jpeg\" \/>\n<meta name=\"twitter:card\" content=\"summary_large_image\" \/>\n<meta name=\"twitter:site\" content=\"@TourTravel_More\" \/>\n<meta name=\"twitter:label1\" content=\"Tiempo de lectura\" \/>\n\t<meta name=\"twitter:data1\" content=\"2 minutos\" \/>\n<script type=\"application\/ld+json\" class=\"yoast-schema-graph\">{\"@context\":\"https:\/\/schema.org\",\"@graph\":[{\"@type\":\"WebPage\",\"@id\":\"https:\/\/tourtravelandmore.com\/es\/tours\/croacia-es\/split-es\/split-actividades-es\/tour-privado-al-parque-nacional-krka-desde-split\/\",\"url\":\"https:\/\/tourtravelandmore.com\/es\/tours\/croacia-es\/split-es\/split-actividades-es\/tour-privado-al-parque-nacional-krka-desde-split\/\",\"name\":\"\u27a1\ufe0f Tour Privado al Parque Nacional Krka desde Split con gu\u00eda oficial | Tour Travel & More\",\"isPartOf\":{\"@id\":\"https:\/\/tourtravelandmore.com\/es\/#website\"},\"primaryImageOfPage\":{\"@id\":\"https:\/\/tourtravelandmore.com\/es\/tours\/croacia-es\/split-es\/split-actividades-es\/tour-privado-al-parque-nacional-krka-desde-split\/#primaryimage\"},\"image\":{\"@id\":\"https:\/\/tourtravelandmore.com\/es\/tours\/croacia-es\/split-es\/split-actividades-es\/tour-privado-al-parque-nacional-krka-desde-split\/#primaryimage\"},\"thumbnailUrl\":\"https:\/\/tourtravelandmore.com\/wp-content\/uploads\/2020\/08\/krka-1.jpg\",\"datePublished\":\"2020-08-14T13:48:46+00:00\",\"dateModified\":\"2025-01-15T19:47:00+00:00\",\"description\":\"Visite uno de los parque nacionales m\u00e1s bonitos de toda Europa junto a un gu\u00eda local con nuestro tour privado a Krka desde Split \u2705\",\"breadcrumb\":{\"@id\":\"https:\/\/tourtravelandmore.com\/es\/tours\/croacia-es\/split-es\/split-actividades-es\/tour-privado-al-parque-nacional-krka-desde-split\/#breadcrumb\"},\"inLanguage\":\"es\",\"potentialAction\":[{\"@type\":\"ReadAction\",\"target\":[\"https:\/\/tourtravelandmore.com\/es\/tours\/croacia-es\/split-es\/split-actividades-es\/tour-privado-al-parque-nacional-krka-desde-split\/\"]}]},{\"@type\":\"ImageObject\",\"inLanguage\":\"es\",\"@id\":\"https:\/\/tourtravelandmore.com\/es\/tours\/croacia-es\/split-es\/split-actividades-es\/tour-privado-al-parque-nacional-krka-desde-split\/#primaryimage\",\"url\":\"https:\/\/tourtravelandmore.com\/wp-content\/uploads\/2020\/08\/krka-1.jpg\",\"contentUrl\":\"https:\/\/tourtravelandmore.com\/wp-content\/uploads\/2020\/08\/krka-1.jpg\",\"width\":1920,\"height\":1263},{\"@type\":\"BreadcrumbList\",\"@id\":\"https:\/\/tourtravelandmore.com\/es\/tours\/croacia-es\/split-es\/split-actividades-es\/tour-privado-al-parque-nacional-krka-desde-split\/#breadcrumb\",\"itemListElement\":[{\"@type\":\"ListItem\",\"position\":1,\"name\":\"Home\",\"item\":\"https:\/\/tourtravelandmore.com\/es\/\"},{\"@type\":\"ListItem\",\"position\":2,\"name\":\"Tours\",\"item\":\"https:\/\/tourtravelandmore.com\/es\/tours\/\"},{\"@type\":\"ListItem\",\"position\":3,\"name\":\"Tour Privado al Parque Nacional Krka desde Split\"}]},{\"@type\":\"WebSite\",\"@id\":\"https:\/\/tourtravelandmore.com\/es\/#website\",\"url\":\"https:\/\/tourtravelandmore.com\/es\/\",\"name\":\"Tour Travel And More\",\"description\":\"Private sightseeing tours and luxury transfers in Spain\",\"publisher\":{\"@id\":\"https:\/\/tourtravelandmore.com\/es\/#organization\"},\"potentialAction\":[{\"@type\":\"SearchAction\",\"target\":{\"@type\":\"EntryPoint\",\"urlTemplate\":\"https:\/\/tourtravelandmore.com\/es\/?s={search_term_string}\"},\"query-input\":{\"@type\":\"PropertyValueSpecification\",\"valueRequired\":true,\"valueName\":\"search_term_string\"}}],\"inLanguage\":\"es\"},{\"@type\":\"Organization\",\"@id\":\"https:\/\/tourtravelandmore.com\/es\/#organization\",\"name\":\"Tour Travel And More\",\"url\":\"https:\/\/tourtravelandmore.com\/es\/\",\"logo\":{\"@type\":\"ImageObject\",\"inLanguage\":\"es\",\"@id\":\"https:\/\/tourtravelandmore.com\/es\/#\/schema\/logo\/image\/\",\"url\":\"https:\/\/tourtravelandmore.com\/wp-content\/uploads\/2022\/12\/cropped-logo-cabecera-new.png\",\"contentUrl\":\"https:\/\/tourtravelandmore.com\/wp-content\/uploads\/2022\/12\/cropped-logo-cabecera-new.png\",\"width\":430,\"height\":61,\"caption\":\"Tour Travel And More\"},\"image\":{\"@id\":\"https:\/\/tourtravelandmore.com\/es\/#\/schema\/logo\/image\/\"},\"sameAs\":[\"https:\/\/www.facebook.com\/tourtravelandmore\/\",\"https:\/\/x.com\/TourTravel_More\"]}]}<\/script>\n<!-- \/ Yoast SEO Premium plugin. -->","yoast_head_json":{"title":"\u27a1\ufe0f Tour Privado al Parque Nacional Krka desde Split con gu\u00eda oficial | Tour Travel & More","description":"Visite uno de los parque nacionales m\u00e1s bonitos de toda Europa junto a un gu\u00eda local con nuestro tour privado a Krka desde Split \u2705","robots":{"index":"index","follow":"follow","max-snippet":"max-snippet:-1","max-image-preview":"max-image-preview:large","max-video-preview":"max-video-preview:-1"},"canonical":"https:\/\/tourtravelandmore.com\/es\/tours\/croacia-es\/split-es\/split-actividades-es\/tour-privado-al-parque-nacional-krka-desde-split\/","og_locale":"es_ES","og_type":"article","og_title":"Tour Privado al Parque Nacional Krka desde Split","og_description":"Visite uno de los parque nacionales m\u00e1s bonitos de toda Europa junto a un gu\u00eda local con nuestro tour privado a Krka desde Split \u2705","og_url":"https:\/\/tourtravelandmore.com\/es\/tours\/croacia-es\/split-es\/split-actividades-es\/tour-privado-al-parque-nacional-krka-desde-split\/","og_site_name":"Tour Travel And More","article_publisher":"https:\/\/www.facebook.com\/tourtravelandmore\/","article_modified_time":"2025-01-15T19:47:00+00:00","og_image":[{"width":1920,"height":1263,"url":"https:\/\/tourtravelandmore.com\/wp-content\/uploads\/2020\/08\/krka-1.jpg","type":"image\/jpeg"}],"twitter_card":"summary_large_image","twitter_site":"@TourTravel_More","twitter_misc":{"Tiempo de lectura":"2 minutos"},"schema":{"@context":"https:\/\/schema.org","@graph":[{"@type":"WebPage","@id":"https:\/\/tourtravelandmore.com\/es\/tours\/croacia-es\/split-es\/split-actividades-es\/tour-privado-al-parque-nacional-krka-desde-split\/","url":"https:\/\/tourtravelandmore.com\/es\/tours\/croacia-es\/split-es\/split-actividades-es\/tour-privado-al-parque-nacional-krka-desde-split\/","name":"\u27a1\ufe0f Tour Privado al Parque Nacional Krka desde Split con gu\u00eda oficial | Tour Travel & More","isPartOf":{"@id":"https:\/\/tourtravelandmore.com\/es\/#website"},"primaryImageOfPage":{"@id":"https:\/\/tourtravelandmore.com\/es\/tours\/croacia-es\/split-es\/split-actividades-es\/tour-privado-al-parque-nacional-krka-desde-split\/#primaryimage"},"image":{"@id":"https:\/\/tourtravelandmore.com\/es\/tours\/croacia-es\/split-es\/split-actividades-es\/tour-privado-al-parque-nacional-krka-desde-split\/#primaryimage"},"thumbnailUrl":"https:\/\/tourtravelandmore.com\/wp-content\/uploads\/2020\/08\/krka-1.jpg","datePublished":"2020-08-14T13:48:46+00:00","dateModified":"2025-01-15T19:47:00+00:00","description":"Visite uno de los parque nacionales m\u00e1s bonitos de toda Europa junto a un gu\u00eda local con nuestro tour privado a Krka desde Split \u2705","breadcrumb":{"@id":"https:\/\/tourtravelandmore.com\/es\/tours\/croacia-es\/split-es\/split-actividades-es\/tour-privado-al-parque-nacional-krka-desde-split\/#breadcrumb"},"inLanguage":"es","potentialAction":[{"@type":"ReadAction","target":["https:\/\/tourtravelandmore.com\/es\/tours\/croacia-es\/split-es\/split-actividades-es\/tour-privado-al-parque-nacional-krka-desde-split\/"]}]},{"@type":"ImageObject","inLanguage":"es","@id":"https:\/\/tourtravelandmore.com\/es\/tours\/croacia-es\/split-es\/split-actividades-es\/tour-privado-al-parque-nacional-krka-desde-split\/#primaryimage","url":"https:\/\/tourtravelandmore.com\/wp-content\/uploads\/2020\/08\/krka-1.jpg","contentUrl":"https:\/\/tourtravelandmore.com\/wp-content\/uploads\/2020\/08\/krka-1.jpg","width":1920,"height":1263},{"@type":"BreadcrumbList","@id":"https:\/\/tourtravelandmore.com\/es\/tours\/croacia-es\/split-es\/split-actividades-es\/tour-privado-al-parque-nacional-krka-desde-split\/#breadcrumb","itemListElement":[{"@type":"ListItem","position":1,"name":"Home","item":"https:\/\/tourtravelandmore.com\/es\/"},{"@type":"ListItem","position":2,"name":"Tours","item":"https:\/\/tourtravelandmore.com\/es\/tours\/"},{"@type":"ListItem","position":3,"name":"Tour Privado al Parque Nacional Krka desde Split"}]},{"@type":"WebSite","@id":"https:\/\/tourtravelandmore.com\/es\/#website","url":"https:\/\/tourtravelandmore.com\/es\/","name":"Tour Travel And More","description":"Private sightseeing tours and luxury transfers in Spain","publisher":{"@id":"https:\/\/tourtravelandmore.com\/es\/#organization"},"potentialAction":[{"@type":"SearchAction","target":{"@type":"EntryPoint","urlTemplate":"https:\/\/tourtravelandmore.com\/es\/?s={search_term_string}"},"query-input":{"@type":"PropertyValueSpecification","valueRequired":true,"valueName":"search_term_string"}}],"inLanguage":"es"},{"@type":"Organization","@id":"https:\/\/tourtravelandmore.com\/es\/#organization","name":"Tour Travel And More","url":"https:\/\/tourtravelandmore.com\/es\/","logo":{"@type":"ImageObject","inLanguage":"es","@id":"https:\/\/tourtravelandmore.com\/es\/#\/schema\/logo\/image\/","url":"https:\/\/tourtravelandmore.com\/wp-content\/uploads\/2022\/12\/cropped-logo-cabecera-new.png","contentUrl":"https:\/\/tourtravelandmore.com\/wp-content\/uploads\/2022\/12\/cropped-logo-cabecera-new.png","width":430,"height":61,"caption":"Tour Travel And More"},"image":{"@id":"https:\/\/tourtravelandmore.com\/es\/#\/schema\/logo\/image\/"},"sameAs":["https:\/\/www.facebook.com\/tourtravelandmore\/","https:\/\/x.com\/TourTravel_More"]}]}},"_links":{"self":[{"href":"https:\/\/tourtravelandmore.com\/es\/wp-json\/wp\/v2\/product\/82381","targetHints":{"allow":["GET"]}}],"collection":[{"href":"https:\/\/tourtravelandmore.com\/es\/wp-json\/wp\/v2\/product"}],"about":[{"href":"https:\/\/tourtravelandmore.com\/es\/wp-json\/wp\/v2\/types\/product"}],"replies":[{"embeddable":true,"href":"https:\/\/tourtravelandmore.com\/es\/wp-json\/wp\/v2\/comments?post=82381"}],"wp:featuredmedia":[{"embeddable":true,"href":"https:\/\/tourtravelandmore.com\/es\/wp-json\/wp\/v2\/media\/82391"}],"wp:attachment":[{"href":"https:\/\/tourtravelandmore.com\/es\/wp-json\/wp\/v2\/media?parent=82381"}],"wp:term":[{"taxonomy":"product_brand","embeddable":true,"href":"https:\/\/tourtravelandmore.com\/es\/wp-json\/wp\/v2\/product_brand?post=82381"},{"taxonomy":"product_cat","embeddable":true,"href":"https:\/\/tourtravelandmore.com\/es\/wp-json\/wp\/v2\/product_cat?post=82381"},{"taxonomy":"product_tag","embeddable":true,"href":"https:\/\/tourtravelandmore.com\/es\/wp-json\/wp\/v2\/product_tag?post=82381"}],"curies":[{"name":"wp","href":"https:\/\/api.w.org\/{rel}","templated":true}]}}