{"id":82368,"date":"2020-08-14T11:48:38","date_gmt":"2020-08-14T09:48:39","guid":{"rendered":"https:\/\/tourtravelandmore.com\/?post_type=product&#038;p=82368"},"modified":"2025-02-14T18:38:13","modified_gmt":"2025-02-14T17:38:13","slug":"traslados-privados-en-zadar-hacia-desde-cualquier-sitio","status":"publish","type":"product","link":"https:\/\/tourtravelandmore.com\/es\/tours\/croacia-es\/zadar-es\/zadar-traslados-privados-es\/traslados-privados-en-zadar-hacia-desde-cualquier-sitio\/","title":{"rendered":"Traslados Privados en Zadar &#8211; hacia\/desde cualquier sitio"},"content":{"rendered":"<h2><strong>Descripci\u00f3n de los Traslados\u00a0Privados en Zadar &#8211; hacia\/desde cualquier sitio<\/strong><\/h2>\n<p>Disfrute de una experiencia relajante en uno de nuestros <strong>veh\u00edculos privados de lujo<\/strong> con nuestros <strong>traslados privados en Zadar<\/strong>. Cont\u00e1ctenos para una experiencia privada a medida.<\/p>\n<p>Ofrecemos <strong>todo tipo de traslados<\/strong> desde\/hacia Zadar. Traslados al aeropuerto, puerto de cruceros, estaci\u00f3n de bus u otras ciudades en los alrededores.<\/p>\n<p>En caso de reservar un traslado de arribo, nuestros choferes le estar\u00e1n esperando en la terminal con un cartel a su nombre. Para arribos al aeropuerto, nuestros choferes monitore\u00e1n el horario de aterrizaje, por lo no que tendr\u00e1 que preocuparse en caso de demoras en su vuelo.<\/p>\n<p>Ofrecemos traslados y disposiciones de veh\u00edculos en caso de que deseen visitar alg\u00fan sitio puntual en Zadar o alrededores.<\/p>\n<p>En caso de que arrive a la terminal de cruceros, podemos organizar un traslado privado a su hotel en Zadar o tambi\u00e9n ofrecemos <a href=\"https:\/\/tourtravelandmore.com\/es\/ciudad\/croacia-es\/zadar-es\/zadar-excursion-crucero-es\/\">excursiones privadas desde el puerto.<\/a><\/p>\n<h2><strong>Puntos de inter\u00e9s en los Traslados Privados en Zadar &#8211; hacia\/desde cualquier sitio<\/strong><\/h2>\n<p>Ofrecemos servicio de traslado privado en toda Croacia. Nuestro <strong>servicio es personalizado y privado<\/strong> para cada grupo. Todos nuestros veh\u00edculos son de alta gama y poseen la licencia requerida para operar en Europa.<\/p>\n<p>La ciudad se Zadar se encuentra en la regi\u00f3n de Dalmacia, en el centro de Croacia. Desde all\u00ed podr\u00e1 usted visitar los parque nacionales m\u00e1s bonitos de Croacia, c\u00f3mo as\u00ed tambi\u00e9n algunas de las ciudades m\u00e1s bonitas e hist\u00f3ricas como Split o Trogir.<\/p>\n<p>Durante nuestros traslados privados en Zadar no limitamos la cantidad de equipaje. Pero le rogamos que informe con cu\u00e1ntos equipajes viajar\u00e1 solo por cuestiones de log\u00edstica. A veces puede ser necesario un veh\u00edculo m\u00e1s grande y se podr\u00edan aplicar tarifas adicionales.<\/p>\n<p>En caso de necesitar un asiento para beb\u00e9 o ni\u00f1o, p\u00f3ngase en contacto con nosotros antes de su vuelo o crucero para organizarlo correctamente.<\/p>\n","protected":false},"excerpt":{"rendered":"<p>Aprovecha esta oportunidad para disfrutar de esta c\u00f3moda forma de llegar a tu destino final en <strong>Zadar<\/strong>. Tendr\u00e1s tu propio <strong>veh\u00edculo privado de lujo con chofer<\/strong> para llevarte r\u00e1pida y c\u00f3modamente a tu ubicaci\u00f3n elegida. La recogida puede realizarse en el hotel, aeropuerto, puerto de cruceros o lugar de elecci\u00f3n en Zadar o ciudad cercana.<\/p>\n","protected":false},"featured_media":8555,"comment_status":"open","ping_status":"closed","template":"","meta":{"_acf_changed":false},"product_brand":[],"product_cat":[2456,2464],"product_tag":[],"class_list":{"0":"post-82368","1":"product","2":"type-product","3":"status-publish","4":"has-post-thumbnail","6":"product_cat-zadar-es","7":"product_cat-zadar-traslados-privados-es","9":"first","10":"instock","11":"shipping-taxable","12":"purchasable","13":"product-type-simple"},"acf":[],"yoast_head":"<!-- This site is optimized with the Yoast SEO Premium plugin v25.3.1 (Yoast SEO v25.3.1) - https:\/\/yoast.com\/wordpress\/plugins\/seo\/ -->\n<title>\u27a1\ufe0f Traslados Privados en Zadar: veh\u00edculos privado de lujo con chofer oficial | Tour Travel &amp; More<\/title>\n<meta name=\"description\" content=\"Traslados privados desde\/hacia Zadar desde\/hacia el aeropuerto, puerto u otras ciudades en Croacia. Veh\u00edculos privados de lujo con chofer a su disposici\u00f3n \u2705\" \/>\n<meta name=\"robots\" content=\"index, follow, max-snippet:-1, max-image-preview:large, max-video-preview:-1\" \/>\n<link rel=\"canonical\" href=\"https:\/\/tourtravelandmore.com\/es\/tours\/croacia-es\/zadar-es\/zadar-traslados-privados-es\/traslados-privados-en-zadar-hacia-desde-cualquier-sitio\/\" \/>\n<meta property=\"og:locale\" content=\"es_ES\" \/>\n<meta property=\"og:type\" content=\"article\" \/>\n<meta property=\"og:title\" content=\"Traslados Privados en Zadar - hacia\/desde cualquier sitio\" \/>\n<meta property=\"og:description\" content=\"Traslados privados desde\/hacia Zadar desde\/hacia el aeropuerto, puerto u otras ciudades en Croacia. Veh\u00edculos privados de lujo con chofer a su disposici\u00f3n \u2705\" \/>\n<meta property=\"og:url\" content=\"https:\/\/tourtravelandmore.com\/es\/tours\/croacia-es\/zadar-es\/zadar-traslados-privados-es\/traslados-privados-en-zadar-hacia-desde-cualquier-sitio\/\" \/>\n<meta property=\"og:site_name\" content=\"Tour Travel And More\" \/>\n<meta property=\"article:publisher\" content=\"https:\/\/www.facebook.com\/tourtravelandmore\/\" \/>\n<meta property=\"article:modified_time\" content=\"2025-02-14T17:38:13+00:00\" \/>\n<meta property=\"og:image\" content=\"https:\/\/tourtravelandmore.com\/wp-content\/uploads\/2016\/10\/madrid-private-transfer.png\" \/>\n\t<meta property=\"og:image:width\" content=\"640\" \/>\n\t<meta property=\"og:image:height\" content=\"425\" \/>\n\t<meta property=\"og:image:type\" content=\"image\/png\" \/>\n<meta name=\"twitter:card\" content=\"summary_large_image\" \/>\n<meta name=\"twitter:site\" content=\"@TourTravel_More\" \/>\n<meta name=\"twitter:label1\" content=\"Tiempo de lectura\" \/>\n\t<meta name=\"twitter:data1\" content=\"2 minutos\" \/>\n<script type=\"application\/ld+json\" class=\"yoast-schema-graph\">{\"@context\":\"https:\/\/schema.org\",\"@graph\":[{\"@type\":\"WebPage\",\"@id\":\"https:\/\/tourtravelandmore.com\/es\/tours\/croacia-es\/zadar-es\/zadar-traslados-privados-es\/traslados-privados-en-zadar-hacia-desde-cualquier-sitio\/\",\"url\":\"https:\/\/tourtravelandmore.com\/es\/tours\/croacia-es\/zadar-es\/zadar-traslados-privados-es\/traslados-privados-en-zadar-hacia-desde-cualquier-sitio\/\",\"name\":\"\u27a1\ufe0f Traslados Privados en Zadar: veh\u00edculos privado de lujo con chofer oficial | Tour Travel & More\",\"isPartOf\":{\"@id\":\"https:\/\/tourtravelandmore.com\/es\/#website\"},\"primaryImageOfPage\":{\"@id\":\"https:\/\/tourtravelandmore.com\/es\/tours\/croacia-es\/zadar-es\/zadar-traslados-privados-es\/traslados-privados-en-zadar-hacia-desde-cualquier-sitio\/#primaryimage\"},\"image\":{\"@id\":\"https:\/\/tourtravelandmore.com\/es\/tours\/croacia-es\/zadar-es\/zadar-traslados-privados-es\/traslados-privados-en-zadar-hacia-desde-cualquier-sitio\/#primaryimage\"},\"thumbnailUrl\":\"https:\/\/tourtravelandmore.com\/wp-content\/uploads\/2016\/10\/madrid-private-transfer.png\",\"datePublished\":\"2020-08-14T09:48:39+00:00\",\"dateModified\":\"2025-02-14T17:38:13+00:00\",\"description\":\"Traslados privados desde\/hacia Zadar desde\/hacia el aeropuerto, puerto u otras ciudades en Croacia. Veh\u00edculos privados de lujo con chofer a su disposici\u00f3n \u2705\",\"breadcrumb\":{\"@id\":\"https:\/\/tourtravelandmore.com\/es\/tours\/croacia-es\/zadar-es\/zadar-traslados-privados-es\/traslados-privados-en-zadar-hacia-desde-cualquier-sitio\/#breadcrumb\"},\"inLanguage\":\"es\",\"potentialAction\":[{\"@type\":\"ReadAction\",\"target\":[\"https:\/\/tourtravelandmore.com\/es\/tours\/croacia-es\/zadar-es\/zadar-traslados-privados-es\/traslados-privados-en-zadar-hacia-desde-cualquier-sitio\/\"]}]},{\"@type\":\"ImageObject\",\"inLanguage\":\"es\",\"@id\":\"https:\/\/tourtravelandmore.com\/es\/tours\/croacia-es\/zadar-es\/zadar-traslados-privados-es\/traslados-privados-en-zadar-hacia-desde-cualquier-sitio\/#primaryimage\",\"url\":\"https:\/\/tourtravelandmore.com\/wp-content\/uploads\/2016\/10\/madrid-private-transfer.png\",\"contentUrl\":\"https:\/\/tourtravelandmore.com\/wp-content\/uploads\/2016\/10\/madrid-private-transfer.png\",\"width\":640,\"height\":425},{\"@type\":\"BreadcrumbList\",\"@id\":\"https:\/\/tourtravelandmore.com\/es\/tours\/croacia-es\/zadar-es\/zadar-traslados-privados-es\/traslados-privados-en-zadar-hacia-desde-cualquier-sitio\/#breadcrumb\",\"itemListElement\":[{\"@type\":\"ListItem\",\"position\":1,\"name\":\"Home\",\"item\":\"https:\/\/tourtravelandmore.com\/es\/\"},{\"@type\":\"ListItem\",\"position\":2,\"name\":\"Tours\",\"item\":\"https:\/\/tourtravelandmore.com\/es\/tours\/\"},{\"@type\":\"ListItem\",\"position\":3,\"name\":\"Traslados Privados en Zadar &#8211; hacia\/desde cualquier sitio\"}]},{\"@type\":\"WebSite\",\"@id\":\"https:\/\/tourtravelandmore.com\/es\/#website\",\"url\":\"https:\/\/tourtravelandmore.com\/es\/\",\"name\":\"Tour Travel And More\",\"description\":\"Private sightseeing tours and luxury transfers in Spain\",\"publisher\":{\"@id\":\"https:\/\/tourtravelandmore.com\/es\/#organization\"},\"potentialAction\":[{\"@type\":\"SearchAction\",\"target\":{\"@type\":\"EntryPoint\",\"urlTemplate\":\"https:\/\/tourtravelandmore.com\/es\/?s={search_term_string}\"},\"query-input\":{\"@type\":\"PropertyValueSpecification\",\"valueRequired\":true,\"valueName\":\"search_term_string\"}}],\"inLanguage\":\"es\"},{\"@type\":\"Organization\",\"@id\":\"https:\/\/tourtravelandmore.com\/es\/#organization\",\"name\":\"Tour Travel And More\",\"url\":\"https:\/\/tourtravelandmore.com\/es\/\",\"logo\":{\"@type\":\"ImageObject\",\"inLanguage\":\"es\",\"@id\":\"https:\/\/tourtravelandmore.com\/es\/#\/schema\/logo\/image\/\",\"url\":\"https:\/\/tourtravelandmore.com\/wp-content\/uploads\/2022\/12\/cropped-logo-cabecera-new.png\",\"contentUrl\":\"https:\/\/tourtravelandmore.com\/wp-content\/uploads\/2022\/12\/cropped-logo-cabecera-new.png\",\"width\":430,\"height\":61,\"caption\":\"Tour Travel And More\"},\"image\":{\"@id\":\"https:\/\/tourtravelandmore.com\/es\/#\/schema\/logo\/image\/\"},\"sameAs\":[\"https:\/\/www.facebook.com\/tourtravelandmore\/\",\"https:\/\/x.com\/TourTravel_More\"]}]}<\/script>\n<!-- \/ Yoast SEO Premium plugin. -->","yoast_head_json":{"title":"\u27a1\ufe0f Traslados Privados en Zadar: veh\u00edculos privado de lujo con chofer oficial | Tour Travel & More","description":"Traslados privados desde\/hacia Zadar desde\/hacia el aeropuerto, puerto u otras ciudades en Croacia. Veh\u00edculos privados de lujo con chofer a su disposici\u00f3n \u2705","robots":{"index":"index","follow":"follow","max-snippet":"max-snippet:-1","max-image-preview":"max-image-preview:large","max-video-preview":"max-video-preview:-1"},"canonical":"https:\/\/tourtravelandmore.com\/es\/tours\/croacia-es\/zadar-es\/zadar-traslados-privados-es\/traslados-privados-en-zadar-hacia-desde-cualquier-sitio\/","og_locale":"es_ES","og_type":"article","og_title":"Traslados Privados en Zadar - hacia\/desde cualquier sitio","og_description":"Traslados privados desde\/hacia Zadar desde\/hacia el aeropuerto, puerto u otras ciudades en Croacia. Veh\u00edculos privados de lujo con chofer a su disposici\u00f3n \u2705","og_url":"https:\/\/tourtravelandmore.com\/es\/tours\/croacia-es\/zadar-es\/zadar-traslados-privados-es\/traslados-privados-en-zadar-hacia-desde-cualquier-sitio\/","og_site_name":"Tour Travel And More","article_publisher":"https:\/\/www.facebook.com\/tourtravelandmore\/","article_modified_time":"2025-02-14T17:38:13+00:00","og_image":[{"width":640,"height":425,"url":"https:\/\/tourtravelandmore.com\/wp-content\/uploads\/2016\/10\/madrid-private-transfer.png","type":"image\/png"}],"twitter_card":"summary_large_image","twitter_site":"@TourTravel_More","twitter_misc":{"Tiempo de lectura":"2 minutos"},"schema":{"@context":"https:\/\/schema.org","@graph":[{"@type":"WebPage","@id":"https:\/\/tourtravelandmore.com\/es\/tours\/croacia-es\/zadar-es\/zadar-traslados-privados-es\/traslados-privados-en-zadar-hacia-desde-cualquier-sitio\/","url":"https:\/\/tourtravelandmore.com\/es\/tours\/croacia-es\/zadar-es\/zadar-traslados-privados-es\/traslados-privados-en-zadar-hacia-desde-cualquier-sitio\/","name":"\u27a1\ufe0f Traslados Privados en Zadar: veh\u00edculos privado de lujo con chofer oficial | Tour Travel & More","isPartOf":{"@id":"https:\/\/tourtravelandmore.com\/es\/#website"},"primaryImageOfPage":{"@id":"https:\/\/tourtravelandmore.com\/es\/tours\/croacia-es\/zadar-es\/zadar-traslados-privados-es\/traslados-privados-en-zadar-hacia-desde-cualquier-sitio\/#primaryimage"},"image":{"@id":"https:\/\/tourtravelandmore.com\/es\/tours\/croacia-es\/zadar-es\/zadar-traslados-privados-es\/traslados-privados-en-zadar-hacia-desde-cualquier-sitio\/#primaryimage"},"thumbnailUrl":"https:\/\/tourtravelandmore.com\/wp-content\/uploads\/2016\/10\/madrid-private-transfer.png","datePublished":"2020-08-14T09:48:39+00:00","dateModified":"2025-02-14T17:38:13+00:00","description":"Traslados privados desde\/hacia Zadar desde\/hacia el aeropuerto, puerto u otras ciudades en Croacia. Veh\u00edculos privados de lujo con chofer a su disposici\u00f3n \u2705","breadcrumb":{"@id":"https:\/\/tourtravelandmore.com\/es\/tours\/croacia-es\/zadar-es\/zadar-traslados-privados-es\/traslados-privados-en-zadar-hacia-desde-cualquier-sitio\/#breadcrumb"},"inLanguage":"es","potentialAction":[{"@type":"ReadAction","target":["https:\/\/tourtravelandmore.com\/es\/tours\/croacia-es\/zadar-es\/zadar-traslados-privados-es\/traslados-privados-en-zadar-hacia-desde-cualquier-sitio\/"]}]},{"@type":"ImageObject","inLanguage":"es","@id":"https:\/\/tourtravelandmore.com\/es\/tours\/croacia-es\/zadar-es\/zadar-traslados-privados-es\/traslados-privados-en-zadar-hacia-desde-cualquier-sitio\/#primaryimage","url":"https:\/\/tourtravelandmore.com\/wp-content\/uploads\/2016\/10\/madrid-private-transfer.png","contentUrl":"https:\/\/tourtravelandmore.com\/wp-content\/uploads\/2016\/10\/madrid-private-transfer.png","width":640,"height":425},{"@type":"BreadcrumbList","@id":"https:\/\/tourtravelandmore.com\/es\/tours\/croacia-es\/zadar-es\/zadar-traslados-privados-es\/traslados-privados-en-zadar-hacia-desde-cualquier-sitio\/#breadcrumb","itemListElement":[{"@type":"ListItem","position":1,"name":"Home","item":"https:\/\/tourtravelandmore.com\/es\/"},{"@type":"ListItem","position":2,"name":"Tours","item":"https:\/\/tourtravelandmore.com\/es\/tours\/"},{"@type":"ListItem","position":3,"name":"Traslados Privados en Zadar &#8211; hacia\/desde cualquier sitio"}]},{"@type":"WebSite","@id":"https:\/\/tourtravelandmore.com\/es\/#website","url":"https:\/\/tourtravelandmore.com\/es\/","name":"Tour Travel And More","description":"Private sightseeing tours and luxury transfers in Spain","publisher":{"@id":"https:\/\/tourtravelandmore.com\/es\/#organization"},"potentialAction":[{"@type":"SearchAction","target":{"@type":"EntryPoint","urlTemplate":"https:\/\/tourtravelandmore.com\/es\/?s={search_term_string}"},"query-input":{"@type":"PropertyValueSpecification","valueRequired":true,"valueName":"search_term_string"}}],"inLanguage":"es"},{"@type":"Organization","@id":"https:\/\/tourtravelandmore.com\/es\/#organization","name":"Tour Travel And More","url":"https:\/\/tourtravelandmore.com\/es\/","logo":{"@type":"ImageObject","inLanguage":"es","@id":"https:\/\/tourtravelandmore.com\/es\/#\/schema\/logo\/image\/","url":"https:\/\/tourtravelandmore.com\/wp-content\/uploads\/2022\/12\/cropped-logo-cabecera-new.png","contentUrl":"https:\/\/tourtravelandmore.com\/wp-content\/uploads\/2022\/12\/cropped-logo-cabecera-new.png","width":430,"height":61,"caption":"Tour Travel And More"},"image":{"@id":"https:\/\/tourtravelandmore.com\/es\/#\/schema\/logo\/image\/"},"sameAs":["https:\/\/www.facebook.com\/tourtravelandmore\/","https:\/\/x.com\/TourTravel_More"]}]}},"_links":{"self":[{"href":"https:\/\/tourtravelandmore.com\/es\/wp-json\/wp\/v2\/product\/82368","targetHints":{"allow":["GET"]}}],"collection":[{"href":"https:\/\/tourtravelandmore.com\/es\/wp-json\/wp\/v2\/product"}],"about":[{"href":"https:\/\/tourtravelandmore.com\/es\/wp-json\/wp\/v2\/types\/product"}],"replies":[{"embeddable":true,"href":"https:\/\/tourtravelandmore.com\/es\/wp-json\/wp\/v2\/comments?post=82368"}],"wp:featuredmedia":[{"embeddable":true,"href":"https:\/\/tourtravelandmore.com\/es\/wp-json\/wp\/v2\/media\/8555"}],"wp:attachment":[{"href":"https:\/\/tourtravelandmore.com\/es\/wp-json\/wp\/v2\/media?parent=82368"}],"wp:term":[{"taxonomy":"product_brand","embeddable":true,"href":"https:\/\/tourtravelandmore.com\/es\/wp-json\/wp\/v2\/product_brand?post=82368"},{"taxonomy":"product_cat","embeddable":true,"href":"https:\/\/tourtravelandmore.com\/es\/wp-json\/wp\/v2\/product_cat?post=82368"},{"taxonomy":"product_tag","embeddable":true,"href":"https:\/\/tourtravelandmore.com\/es\/wp-json\/wp\/v2\/product_tag?post=82368"}],"curies":[{"name":"wp","href":"https:\/\/api.w.org\/{rel}","templated":true}]}}