{"id":82342,"date":"2020-08-14T09:50:54","date_gmt":"2020-08-14T07:50:55","guid":{"rendered":"https:\/\/tourtravelandmore.com\/?post_type=product&#038;p=82342"},"modified":"2025-02-14T17:43:22","modified_gmt":"2025-02-14T16:43:22","slug":"tour-privado-de-trogir-y-split-desde-zadar","status":"publish","type":"product","link":"https:\/\/tourtravelandmore.com\/es\/tours\/croacia-es\/zadar-es\/zadar-actividades-es\/tour-privado-de-trogir-y-split-desde-zadar\/","title":{"rendered":"Tour Privado a Trogir y Split desde Zadar"},"content":{"rendered":"<h2><strong>Descripci\u00f3n del Tour Privado a Trogir y Split desde Zadar<\/strong><\/h2>\n<p>La regi\u00f3n de Dalmacia ofrece, m\u00e1s all\u00e1 de sus magnificos parques nacionales, maravillosos sitios hist\u00f3ricos. All\u00ed podr\u00e1 encontrar mucha historia y patrimonios, entre ellos Trogir y Split. Durante su tour privado a Trogir y Split desde Zadar usted podr\u00e1 visitar sitios declarados por UNESCO como patrimonio de la humanidad. Todo ello junto a un gu\u00eda oficial privado, experto en la historia de Croacia.<\/p>\n<p><strong>Split<\/strong> est\u00e1 situada en una peque\u00f1a peninsula, y su nombre tiene origen griego. Los griegos se asentaron all\u00ed en el Siglo 4. Su nombre deriva del griego \u2018Aspalathos\u2019, que en espa\u00f1ol significa \u201cflor del arbusto\u201d.<\/p>\n<p><strong>Trogir<\/strong> es una peque\u00f1a isla amurallada. La ciudad est\u00e1 unida por dos puentes a las isla de Ciovo y al resto de Croacia. Gracias a su maravillosa continuidad urban\u00edstica y sus edificios barrocos y renacentistas, Trogir fue declarada por la UNESCO como Patrimonio de la Humanidad en 1997.<\/p>\n<p>Con nuestro tour privado a Trogir y Split desde Zadar usted aprender\u00e1 la historia de ambos sitios. Su chofer privado estar\u00e1 a su entera disposici\u00f3n durante todo el tour, y su gu\u00eda local le esperar\u00e1 en Trogir y Split.<\/p>\n<h2><strong>Puntos de inter\u00e9s en el Tour Privado a Trogir y Split desde Zadar<\/strong><\/h2>\n<p>Para dar comienzo a su tour, su chofer privado le recoger\u00e1 en su sitio deseado en Zadar. Podemos coordinar al recogida en su hotel, apartamento o puerto de cruceros. El horario de recogida es a elecci\u00f3n.<\/p>\n<p>A continuaci\u00f3n su chofer le llevar\u00e1 hasta <em><strong><a href=\"https:\/\/whc.unesco.org\/en\/list\/810\/\">Trogir<\/a><\/strong><\/em>, el trayecto son aproximadamente 90 minutos. Una vez all\u00ed se encontrar\u00e1 con su gu\u00eda oficial privado, quien le ense\u00f1ar\u00e1 la historia y los sitios m\u00e1s emblem\u00e1ticos de Trogir. Caminar\u00e1n a trav\u00e9s de sus calles de piedra, plazas y el paseo mar\u00edtimo con maravillosas vistas del mar. Entre otros sitios visitar\u00e1:<\/p>\n<ul>\n<li><strong>Catedral de San Lorenzo:<\/strong> Construida entre el siglo XIII y XV, es el monumento m\u00e1s reconocido de Trogir.<\/li>\n<li><strong>Fuerte Veneciano de Kamerlengo:<\/strong> Fue construido por los venecianos entre los Siglos XIII y XV como base naval<\/li>\n<li><strong>Palacios Medievales Renacentistas<\/strong><\/li>\n<li><strong>Casas locales de piedra caliza<\/strong><\/li>\n<li>\u00a1mucho m\u00e1s!<\/li>\n<\/ul>\n<p>Despu\u00e9s de explorar Trogir continuar\u00e1n hacia Split. Una vez all\u00ed su gu\u00eda oficial privado les ense\u00f1ar\u00e1 la historia y los sitios m\u00e1s bonitos de la ciudad. Split es la segunda ciudad m\u00e1s habitada de Croacia, podr\u00e1 notarlo en su movimiento diario. La ciudad combina perfectamente su historia con la modernidad. All\u00ed podr\u00e1 visitar el emblem\u00e1tico Palacio Diocleciano, como tambi\u00e9n caminar por la famosa Riva, completa con restaurantes y caf\u00e9s. Entre otros sitios que podr\u00e1 visitar durante su tour privado:<\/p>\n<ul>\n<li><strong>Palacio Diocleciano<\/strong>: Uno de los monumentos romanos mejor preservados en el mundo<\/li>\n<li><strong>Catedral de San Diomo<\/strong>: La catedral m\u00e1s antigua de Europa<\/li>\n<li><strong>Plaza de Peristilo<\/strong>: Ubicada dentro del Palacio Diocleciano, fue edificada por uno de los \u00faltimos emperadores romanos<\/li>\n<li><strong>Golden Gate (Puerta Dorada)<\/strong>: La entrada por donde el emperador Diocleciano ingres\u00f3 a Split en el a\u00f1o 305<\/li>\n<li><strong>Riva<\/strong>: Este paseo mar\u00edtimo es una de las zonas m\u00e1s visitadas de la ciudad<\/li>\n<li>\u00a1Mucho m\u00e1s!<\/li>\n<\/ul>\n<p>En caso de que est\u00e9 interesado en visitar alg\u00fan monumento o museo en particular, h\u00e1ganoslo saber y gestionaremos la entrada para usted. Durante su tour privado tendr\u00e1n tiempo para degustar la magn\u00edfica gastronom\u00eda local. Su gu\u00eda privado le recomendar\u00e1 los mejores sitios locales!<\/p>\n<p>Finalmente, su conductor privado le llevar\u00e1n de regreso a su punto de partida en Zadar.<\/p>\n","protected":false},"excerpt":{"rendered":"<p>Aproveche al m\u00e1ximo su tiempo en <strong>Zadar<\/strong> y disfrute de una excursi\u00f3n privada de d\u00eda completo a <strong>Trogir y Split<\/strong>. Durante su recorrido, aprender\u00e1 la historia de ambos sitios y visitar\u00e1 sus lugares principales. Visitar\u00e1 los sitios del <strong>patrimonio mundial de la UNESCO<\/strong> junto a su gu\u00eda tur\u00edstico oficial privado y su conductor privado en un veh\u00edculo de lujo. Ponte en contacto con nosotros para una experiencia personalizada.<\/p>\n<p>&nbsp;<\/p>\n","protected":false},"featured_media":82352,"comment_status":"open","ping_status":"closed","template":"","meta":{"_acf_changed":false},"product_brand":[],"product_cat":[2456,2458,2462],"product_tag":[],"class_list":{"0":"post-82342","1":"product","2":"type-product","3":"status-publish","4":"has-post-thumbnail","6":"product_cat-zadar-es","7":"product_cat-zadar-actividades-es","8":"product_cat-zadar-excursion-crucero-es","10":"first","11":"instock","12":"shipping-taxable","13":"purchasable","14":"product-type-simple"},"acf":[],"yoast_head":"<!-- This site is optimized with the Yoast SEO Premium plugin v25.3.1 (Yoast SEO v25.3.1) - https:\/\/yoast.com\/wordpress\/plugins\/seo\/ -->\n<title>\u27a1\ufe0f Tour Privado a Trogir y Split desde Zadar con chofer privado y gu\u00eda oficial | Tour Travel &amp; More<\/title>\n<meta name=\"description\" content=\"Visite Trogir y Split, ambas Patrimonios de la UNESCO, durante un tour privado desde Zadar. Recogida y devoluci\u00f3n en Zadar, chofer y gu\u00eda oficial privados \u2705\" \/>\n<meta name=\"robots\" content=\"index, follow, max-snippet:-1, max-image-preview:large, max-video-preview:-1\" \/>\n<link rel=\"canonical\" href=\"https:\/\/tourtravelandmore.com\/es\/tours\/croacia-es\/zadar-es\/zadar-actividades-es\/tour-privado-de-trogir-y-split-desde-zadar\/\" \/>\n<meta property=\"og:locale\" content=\"es_ES\" \/>\n<meta property=\"og:type\" content=\"article\" \/>\n<meta property=\"og:title\" content=\"Tour Privado a Trogir y Split desde Zadar\" \/>\n<meta property=\"og:description\" content=\"Visite Trogir y Split, ambas Patrimonios de la UNESCO, durante un tour privado desde Zadar. Recogida y devoluci\u00f3n en Zadar, chofer y gu\u00eda oficial privados \u2705\" \/>\n<meta property=\"og:url\" content=\"https:\/\/tourtravelandmore.com\/es\/tours\/croacia-es\/zadar-es\/zadar-actividades-es\/tour-privado-de-trogir-y-split-desde-zadar\/\" \/>\n<meta property=\"og:site_name\" content=\"Tour Travel And More\" \/>\n<meta property=\"article:publisher\" content=\"https:\/\/www.facebook.com\/tourtravelandmore\/\" \/>\n<meta property=\"article:modified_time\" content=\"2025-02-14T16:43:22+00:00\" \/>\n<meta property=\"og:image\" content=\"https:\/\/tourtravelandmore.com\/wp-content\/uploads\/2020\/08\/croatia-split-architecture-city-min.jpg\" \/>\n\t<meta property=\"og:image:width\" content=\"910\" \/>\n\t<meta property=\"og:image:height\" content=\"607\" \/>\n\t<meta property=\"og:image:type\" content=\"image\/jpeg\" \/>\n<meta name=\"twitter:card\" content=\"summary_large_image\" \/>\n<meta name=\"twitter:site\" content=\"@TourTravel_More\" \/>\n<meta name=\"twitter:label1\" content=\"Tiempo de lectura\" \/>\n\t<meta name=\"twitter:data1\" content=\"3 minutos\" \/>\n<script type=\"application\/ld+json\" class=\"yoast-schema-graph\">{\"@context\":\"https:\/\/schema.org\",\"@graph\":[{\"@type\":\"WebPage\",\"@id\":\"https:\/\/tourtravelandmore.com\/es\/tours\/croacia-es\/zadar-es\/zadar-actividades-es\/tour-privado-de-trogir-y-split-desde-zadar\/\",\"url\":\"https:\/\/tourtravelandmore.com\/es\/tours\/croacia-es\/zadar-es\/zadar-actividades-es\/tour-privado-de-trogir-y-split-desde-zadar\/\",\"name\":\"\u27a1\ufe0f Tour Privado a Trogir y Split desde Zadar con chofer privado y gu\u00eda oficial | Tour Travel & More\",\"isPartOf\":{\"@id\":\"https:\/\/tourtravelandmore.com\/es\/#website\"},\"primaryImageOfPage\":{\"@id\":\"https:\/\/tourtravelandmore.com\/es\/tours\/croacia-es\/zadar-es\/zadar-actividades-es\/tour-privado-de-trogir-y-split-desde-zadar\/#primaryimage\"},\"image\":{\"@id\":\"https:\/\/tourtravelandmore.com\/es\/tours\/croacia-es\/zadar-es\/zadar-actividades-es\/tour-privado-de-trogir-y-split-desde-zadar\/#primaryimage\"},\"thumbnailUrl\":\"https:\/\/tourtravelandmore.com\/wp-content\/uploads\/2020\/08\/croatia-split-architecture-city-min.jpg\",\"datePublished\":\"2020-08-14T07:50:55+00:00\",\"dateModified\":\"2025-02-14T16:43:22+00:00\",\"description\":\"Visite Trogir y Split, ambas Patrimonios de la UNESCO, durante un tour privado desde Zadar. Recogida y devoluci\u00f3n en Zadar, chofer y gu\u00eda oficial privados \u2705\",\"breadcrumb\":{\"@id\":\"https:\/\/tourtravelandmore.com\/es\/tours\/croacia-es\/zadar-es\/zadar-actividades-es\/tour-privado-de-trogir-y-split-desde-zadar\/#breadcrumb\"},\"inLanguage\":\"es\",\"potentialAction\":[{\"@type\":\"ReadAction\",\"target\":[\"https:\/\/tourtravelandmore.com\/es\/tours\/croacia-es\/zadar-es\/zadar-actividades-es\/tour-privado-de-trogir-y-split-desde-zadar\/\"]}]},{\"@type\":\"ImageObject\",\"inLanguage\":\"es\",\"@id\":\"https:\/\/tourtravelandmore.com\/es\/tours\/croacia-es\/zadar-es\/zadar-actividades-es\/tour-privado-de-trogir-y-split-desde-zadar\/#primaryimage\",\"url\":\"https:\/\/tourtravelandmore.com\/wp-content\/uploads\/2020\/08\/croatia-split-architecture-city-min.jpg\",\"contentUrl\":\"https:\/\/tourtravelandmore.com\/wp-content\/uploads\/2020\/08\/croatia-split-architecture-city-min.jpg\",\"width\":910,\"height\":607,\"caption\":\"Split\"},{\"@type\":\"BreadcrumbList\",\"@id\":\"https:\/\/tourtravelandmore.com\/es\/tours\/croacia-es\/zadar-es\/zadar-actividades-es\/tour-privado-de-trogir-y-split-desde-zadar\/#breadcrumb\",\"itemListElement\":[{\"@type\":\"ListItem\",\"position\":1,\"name\":\"Home\",\"item\":\"https:\/\/tourtravelandmore.com\/es\/\"},{\"@type\":\"ListItem\",\"position\":2,\"name\":\"Tours\",\"item\":\"https:\/\/tourtravelandmore.com\/es\/tours\/\"},{\"@type\":\"ListItem\",\"position\":3,\"name\":\"Tour Privado a Trogir y Split desde Zadar\"}]},{\"@type\":\"WebSite\",\"@id\":\"https:\/\/tourtravelandmore.com\/es\/#website\",\"url\":\"https:\/\/tourtravelandmore.com\/es\/\",\"name\":\"Tour Travel And More\",\"description\":\"Private sightseeing tours and luxury transfers in Spain\",\"publisher\":{\"@id\":\"https:\/\/tourtravelandmore.com\/es\/#organization\"},\"potentialAction\":[{\"@type\":\"SearchAction\",\"target\":{\"@type\":\"EntryPoint\",\"urlTemplate\":\"https:\/\/tourtravelandmore.com\/es\/?s={search_term_string}\"},\"query-input\":{\"@type\":\"PropertyValueSpecification\",\"valueRequired\":true,\"valueName\":\"search_term_string\"}}],\"inLanguage\":\"es\"},{\"@type\":\"Organization\",\"@id\":\"https:\/\/tourtravelandmore.com\/es\/#organization\",\"name\":\"Tour Travel And More\",\"url\":\"https:\/\/tourtravelandmore.com\/es\/\",\"logo\":{\"@type\":\"ImageObject\",\"inLanguage\":\"es\",\"@id\":\"https:\/\/tourtravelandmore.com\/es\/#\/schema\/logo\/image\/\",\"url\":\"https:\/\/tourtravelandmore.com\/wp-content\/uploads\/2022\/12\/cropped-logo-cabecera-new.png\",\"contentUrl\":\"https:\/\/tourtravelandmore.com\/wp-content\/uploads\/2022\/12\/cropped-logo-cabecera-new.png\",\"width\":430,\"height\":61,\"caption\":\"Tour Travel And More\"},\"image\":{\"@id\":\"https:\/\/tourtravelandmore.com\/es\/#\/schema\/logo\/image\/\"},\"sameAs\":[\"https:\/\/www.facebook.com\/tourtravelandmore\/\",\"https:\/\/x.com\/TourTravel_More\"]}]}<\/script>\n<!-- \/ Yoast SEO Premium plugin. -->","yoast_head_json":{"title":"\u27a1\ufe0f Tour Privado a Trogir y Split desde Zadar con chofer privado y gu\u00eda oficial | Tour Travel & More","description":"Visite Trogir y Split, ambas Patrimonios de la UNESCO, durante un tour privado desde Zadar. Recogida y devoluci\u00f3n en Zadar, chofer y gu\u00eda oficial privados \u2705","robots":{"index":"index","follow":"follow","max-snippet":"max-snippet:-1","max-image-preview":"max-image-preview:large","max-video-preview":"max-video-preview:-1"},"canonical":"https:\/\/tourtravelandmore.com\/es\/tours\/croacia-es\/zadar-es\/zadar-actividades-es\/tour-privado-de-trogir-y-split-desde-zadar\/","og_locale":"es_ES","og_type":"article","og_title":"Tour Privado a Trogir y Split desde Zadar","og_description":"Visite Trogir y Split, ambas Patrimonios de la UNESCO, durante un tour privado desde Zadar. Recogida y devoluci\u00f3n en Zadar, chofer y gu\u00eda oficial privados \u2705","og_url":"https:\/\/tourtravelandmore.com\/es\/tours\/croacia-es\/zadar-es\/zadar-actividades-es\/tour-privado-de-trogir-y-split-desde-zadar\/","og_site_name":"Tour Travel And More","article_publisher":"https:\/\/www.facebook.com\/tourtravelandmore\/","article_modified_time":"2025-02-14T16:43:22+00:00","og_image":[{"width":910,"height":607,"url":"https:\/\/tourtravelandmore.com\/wp-content\/uploads\/2020\/08\/croatia-split-architecture-city-min.jpg","type":"image\/jpeg"}],"twitter_card":"summary_large_image","twitter_site":"@TourTravel_More","twitter_misc":{"Tiempo de lectura":"3 minutos"},"schema":{"@context":"https:\/\/schema.org","@graph":[{"@type":"WebPage","@id":"https:\/\/tourtravelandmore.com\/es\/tours\/croacia-es\/zadar-es\/zadar-actividades-es\/tour-privado-de-trogir-y-split-desde-zadar\/","url":"https:\/\/tourtravelandmore.com\/es\/tours\/croacia-es\/zadar-es\/zadar-actividades-es\/tour-privado-de-trogir-y-split-desde-zadar\/","name":"\u27a1\ufe0f Tour Privado a Trogir y Split desde Zadar con chofer privado y gu\u00eda oficial | Tour Travel & More","isPartOf":{"@id":"https:\/\/tourtravelandmore.com\/es\/#website"},"primaryImageOfPage":{"@id":"https:\/\/tourtravelandmore.com\/es\/tours\/croacia-es\/zadar-es\/zadar-actividades-es\/tour-privado-de-trogir-y-split-desde-zadar\/#primaryimage"},"image":{"@id":"https:\/\/tourtravelandmore.com\/es\/tours\/croacia-es\/zadar-es\/zadar-actividades-es\/tour-privado-de-trogir-y-split-desde-zadar\/#primaryimage"},"thumbnailUrl":"https:\/\/tourtravelandmore.com\/wp-content\/uploads\/2020\/08\/croatia-split-architecture-city-min.jpg","datePublished":"2020-08-14T07:50:55+00:00","dateModified":"2025-02-14T16:43:22+00:00","description":"Visite Trogir y Split, ambas Patrimonios de la UNESCO, durante un tour privado desde Zadar. Recogida y devoluci\u00f3n en Zadar, chofer y gu\u00eda oficial privados \u2705","breadcrumb":{"@id":"https:\/\/tourtravelandmore.com\/es\/tours\/croacia-es\/zadar-es\/zadar-actividades-es\/tour-privado-de-trogir-y-split-desde-zadar\/#breadcrumb"},"inLanguage":"es","potentialAction":[{"@type":"ReadAction","target":["https:\/\/tourtravelandmore.com\/es\/tours\/croacia-es\/zadar-es\/zadar-actividades-es\/tour-privado-de-trogir-y-split-desde-zadar\/"]}]},{"@type":"ImageObject","inLanguage":"es","@id":"https:\/\/tourtravelandmore.com\/es\/tours\/croacia-es\/zadar-es\/zadar-actividades-es\/tour-privado-de-trogir-y-split-desde-zadar\/#primaryimage","url":"https:\/\/tourtravelandmore.com\/wp-content\/uploads\/2020\/08\/croatia-split-architecture-city-min.jpg","contentUrl":"https:\/\/tourtravelandmore.com\/wp-content\/uploads\/2020\/08\/croatia-split-architecture-city-min.jpg","width":910,"height":607,"caption":"Split"},{"@type":"BreadcrumbList","@id":"https:\/\/tourtravelandmore.com\/es\/tours\/croacia-es\/zadar-es\/zadar-actividades-es\/tour-privado-de-trogir-y-split-desde-zadar\/#breadcrumb","itemListElement":[{"@type":"ListItem","position":1,"name":"Home","item":"https:\/\/tourtravelandmore.com\/es\/"},{"@type":"ListItem","position":2,"name":"Tours","item":"https:\/\/tourtravelandmore.com\/es\/tours\/"},{"@type":"ListItem","position":3,"name":"Tour Privado a Trogir y Split desde Zadar"}]},{"@type":"WebSite","@id":"https:\/\/tourtravelandmore.com\/es\/#website","url":"https:\/\/tourtravelandmore.com\/es\/","name":"Tour Travel And More","description":"Private sightseeing tours and luxury transfers in Spain","publisher":{"@id":"https:\/\/tourtravelandmore.com\/es\/#organization"},"potentialAction":[{"@type":"SearchAction","target":{"@type":"EntryPoint","urlTemplate":"https:\/\/tourtravelandmore.com\/es\/?s={search_term_string}"},"query-input":{"@type":"PropertyValueSpecification","valueRequired":true,"valueName":"search_term_string"}}],"inLanguage":"es"},{"@type":"Organization","@id":"https:\/\/tourtravelandmore.com\/es\/#organization","name":"Tour Travel And More","url":"https:\/\/tourtravelandmore.com\/es\/","logo":{"@type":"ImageObject","inLanguage":"es","@id":"https:\/\/tourtravelandmore.com\/es\/#\/schema\/logo\/image\/","url":"https:\/\/tourtravelandmore.com\/wp-content\/uploads\/2022\/12\/cropped-logo-cabecera-new.png","contentUrl":"https:\/\/tourtravelandmore.com\/wp-content\/uploads\/2022\/12\/cropped-logo-cabecera-new.png","width":430,"height":61,"caption":"Tour Travel And More"},"image":{"@id":"https:\/\/tourtravelandmore.com\/es\/#\/schema\/logo\/image\/"},"sameAs":["https:\/\/www.facebook.com\/tourtravelandmore\/","https:\/\/x.com\/TourTravel_More"]}]}},"_links":{"self":[{"href":"https:\/\/tourtravelandmore.com\/es\/wp-json\/wp\/v2\/product\/82342","targetHints":{"allow":["GET"]}}],"collection":[{"href":"https:\/\/tourtravelandmore.com\/es\/wp-json\/wp\/v2\/product"}],"about":[{"href":"https:\/\/tourtravelandmore.com\/es\/wp-json\/wp\/v2\/types\/product"}],"replies":[{"embeddable":true,"href":"https:\/\/tourtravelandmore.com\/es\/wp-json\/wp\/v2\/comments?post=82342"}],"wp:featuredmedia":[{"embeddable":true,"href":"https:\/\/tourtravelandmore.com\/es\/wp-json\/wp\/v2\/media\/82352"}],"wp:attachment":[{"href":"https:\/\/tourtravelandmore.com\/es\/wp-json\/wp\/v2\/media?parent=82342"}],"wp:term":[{"taxonomy":"product_brand","embeddable":true,"href":"https:\/\/tourtravelandmore.com\/es\/wp-json\/wp\/v2\/product_brand?post=82342"},{"taxonomy":"product_cat","embeddable":true,"href":"https:\/\/tourtravelandmore.com\/es\/wp-json\/wp\/v2\/product_cat?post=82342"},{"taxonomy":"product_tag","embeddable":true,"href":"https:\/\/tourtravelandmore.com\/es\/wp-json\/wp\/v2\/product_tag?post=82342"}],"curies":[{"name":"wp","href":"https:\/\/api.w.org\/{rel}","templated":true}]}}