{"id":8231,"date":"2016-10-21T12:47:18","date_gmt":"2016-10-24T10:54:46","guid":{"rendered":"http:\/\/tourtravelandmore.com\/es\/?post_type=product&#038;p=8231"},"modified":"2022-11-26T00:54:06","modified_gmt":"2022-11-25T23:54:06","slug":"experiencia-completa-privada-barcelona","status":"publish","type":"product","link":"https:\/\/tourtravelandmore.com\/es\/tours\/espana-es\/barcelona-es\/experiencia-completa-privada-barcelona\/","title":{"rendered":"Tour por Barcelona &#8211; experiencia privada a pie y en vehiculo"},"content":{"rendered":"<h2><strong>Descripci\u00f3n del Tour por Barcelona &#8211; experiencia privada a pie y en veh\u00edculo<\/strong><\/h2>\n<p>Este tour por Barcelona d\u00eda completo es la combinaci\u00f3n perfecta para aquellas personas que busquen un city tour privado de la ciudad de Barcelona y un Tour privado a pie, ya que se combinan ambas cosas y nos permite conocer la ciudad.<\/p>\n<p>La duraci\u00f3n del tour por Barcelona son 8 horas, de las cuales 4 horas con Veh\u00edculo privado con conductor y gu\u00eda privado, d\u00f3nde se aprovechara el veh\u00edculo para conocer las zonas m\u00e1s alejadas del centro de la ciudad. Las otras 4 horas haremos un recorrido a pie en el centro hist\u00f3rico de la ciudad junto a nuestro gu\u00eda oficial.<\/p>\n<p>Disfrute de este <strong>tour privado<\/strong> con vuestro gu\u00eda oficial y conoce los <strong>lugares m\u00e1s emblem\u00e1ticos de Barcelona<\/strong> c\u00f3modos dentro de vuestro veh\u00edculo privado con chofer.<\/p>\n<p>Pueden escoger la hora de salida del tour y vuestro lugar de recogida dentro de la ciudad de Barcelona.<\/p>\n<p>Recomendamos en verano hacer el recorrido a pie por la ma\u00f1ana y el city tour por la tarde asi aprovechamos, una menor temperatura por la ma\u00f1ana y el recorrido a pie es m\u00e1s agradable.<\/p>\n<p>Este tour por Barcelona es completamente personalizable y pod\u00e9is organizarlo como quer\u00e1is y lo que busc\u00e1is. Puede personalizar vuestro tour \u00fanicamente contactando con nosotros. Aqu\u00ed os dejamos un ejemplo de itinerario, el tour ser\u00e1 personalizado para que veais y conozc\u00e1is exactamente lo que quer\u00e9is ver en <strong>Barcelona<\/strong>.<\/p>\n<h2>Punto de Inter\u00e9s en el Tour por Barcelona &#8211; experiencia privada a pie y en veh\u00edculo<\/h2>\n<p>Durante estas 8 horas conoceremos lo m\u00e1s importante de la ciudad, la historia y obra de Antonio Gaudi, as\u00ed como sus principales Monumentos, y el centro hist\u00f3rico de la ciudad.<\/p>\n<p>A lo largo del tour no hay entrada incluida, pero si lo indican en el formulario de contacto del Tour podemos a\u00f1adir las entradas sin colas, para este Tour recomendamos un m\u00e1ximo de 2 monumentos para que nos quede tiempo para conocer el resto de la ciudad.<\/p>\n<ul>\n<li><strong>Monumentos Antonio Gaudi: <\/strong>Conoceremos la Historia de Antonio Gaudi, y la <strong>Sagrada Familia, Park Guell, Casa Batllo, y La Pedrera. <\/strong>Podemos a\u00f1adir a cualquier de estos monumentos.<\/li>\n<li><strong>Paseo de Gracia<\/strong><\/li>\n<li><strong>Montjuic<\/strong><\/li>\n<li><strong>Barrio G\u00f3tico<\/strong><\/li>\n<li><strong>Puerto ol\u00edmpico<\/strong><\/li>\n<li><strong>Barrio de la Barceloneta<\/strong><\/li>\n<li><strong>Barrio del Borne<\/strong><\/li>\n<li><strong>Ramblas Catalunya<\/strong><\/li>\n<li><strong>Las Ramblas<\/strong><\/li>\n<li><strong>Diagonal<\/strong><\/li>\n<li><strong>Camp Nou: <\/strong>Podemos a\u00f1adir la entrada al monumento si est\u00e1n interesados en conocer la historia del Bar\u00e7a, visitar el museo, el Campo, los Vestuarios y Sala de prensa.<\/li>\n<li><strong>Mucho m\u00e1s!!<\/strong><\/li>\n<\/ul>\n<p>Puedes ver el resto de<a href=\"https:\/\/tourtravelandmore.com\/es\/ciudad\/espana-es\/barcelona-es\/\"> Tours privado de Barcelona<\/a> y escoger m\u00e1s opciones si disponemos de m\u00e1s d\u00edas en la ciudad de Barcelona.<\/p>\n","protected":false},"excerpt":{"rendered":"<p>Disfrute de este<strong> tour privado por Barcelona completamente personalizado<\/strong> y conozca sus monumentos y lugares de inter\u00e9s m\u00e1s importantes. Aproveche para conocer Barcelona en esta completa experiencia con tu propio gu\u00eda tur\u00edstico oficial y veh\u00edculo privado con ch\u00f3fer. Personalice su propia experiencia. \u00a1No te pierdas monumentos y lugares de inter\u00e9s como el <b>La Barceloneta, Casa Battl\u00f3, La Pedrera<\/b>\u00a0y mucho m\u00e1s!<\/p>\n","protected":false},"featured_media":8081,"comment_status":"open","ping_status":"closed","template":"","meta":{"_acf_changed":false},"product_brand":[],"product_cat":[69,266,270,267],"product_tag":[],"class_list":{"0":"post-8231","1":"product","2":"type-product","3":"status-publish","4":"has-post-thumbnail","6":"product_cat-barcelona-es","7":"product_cat-barcelona-actividades-es","8":"product_cat-barcelona-rutas-turisticas-privadas-es","9":"product_cat-barcelona-excursiones-es","11":"first","12":"instock","13":"shipping-taxable","14":"purchasable","15":"product-type-simple"},"acf":[],"yoast_head":"<!-- This site is optimized with the Yoast SEO Premium plugin v25.3.1 (Yoast SEO v25.3.1) - https:\/\/yoast.com\/wordpress\/plugins\/seo\/ -->\n<title>\u27a1\ufe0f Tour por Barcelona | Tour Travel &amp; More<\/title>\n<meta name=\"description\" content=\"Disfrute de este tour por Barcelona con vehiculo privado y gu\u00eda. Este tour combina una parte en Vehiculo y otro parte a pie, vive una experiencia \u00fanica \u2705\" \/>\n<meta name=\"robots\" content=\"index, follow, max-snippet:-1, max-image-preview:large, max-video-preview:-1\" \/>\n<link rel=\"canonical\" href=\"https:\/\/tourtravelandmore.com\/es\/tours\/espana-es\/barcelona-es\/experiencia-completa-privada-barcelona\/\" \/>\n<meta property=\"og:locale\" content=\"es_ES\" \/>\n<meta property=\"og:type\" content=\"article\" \/>\n<meta property=\"og:title\" content=\"Tour por Barcelona - experiencia privada a pie y en vehiculo\" \/>\n<meta property=\"og:description\" content=\"Disfrute de este tour por Barcelona con vehiculo privado y gu\u00eda. Este tour combina una parte en Vehiculo y otro parte a pie, vive una experiencia \u00fanica \u2705\" \/>\n<meta property=\"og:url\" content=\"https:\/\/tourtravelandmore.com\/es\/tours\/espana-es\/barcelona-es\/experiencia-completa-privada-barcelona\/\" \/>\n<meta property=\"og:site_name\" content=\"Tour Travel And More\" \/>\n<meta property=\"article:publisher\" content=\"https:\/\/www.facebook.com\/tourtravelandmore\/\" \/>\n<meta property=\"article:modified_time\" content=\"2022-11-25T23:54:06+00:00\" \/>\n<meta property=\"og:image\" content=\"https:\/\/tourtravelandmore.com\/wp-content\/uploads\/2016\/10\/barcelona-walking-tour-7.jpg\" \/>\n\t<meta property=\"og:image:width\" content=\"920\" \/>\n\t<meta property=\"og:image:height\" content=\"853\" \/>\n\t<meta property=\"og:image:type\" content=\"image\/jpeg\" \/>\n<meta name=\"twitter:card\" content=\"summary_large_image\" \/>\n<meta name=\"twitter:site\" content=\"@TourTravel_More\" \/>\n<meta name=\"twitter:label1\" content=\"Tiempo de lectura\" \/>\n\t<meta name=\"twitter:data1\" content=\"2 minutos\" \/>\n<script type=\"application\/ld+json\" class=\"yoast-schema-graph\">{\"@context\":\"https:\/\/schema.org\",\"@graph\":[{\"@type\":\"WebPage\",\"@id\":\"https:\/\/tourtravelandmore.com\/es\/tours\/espana-es\/barcelona-es\/experiencia-completa-privada-barcelona\/\",\"url\":\"https:\/\/tourtravelandmore.com\/es\/tours\/espana-es\/barcelona-es\/experiencia-completa-privada-barcelona\/\",\"name\":\"\u27a1\ufe0f Tour por Barcelona | Tour Travel & More\",\"isPartOf\":{\"@id\":\"https:\/\/tourtravelandmore.com\/es\/#website\"},\"primaryImageOfPage\":{\"@id\":\"https:\/\/tourtravelandmore.com\/es\/tours\/espana-es\/barcelona-es\/experiencia-completa-privada-barcelona\/#primaryimage\"},\"image\":{\"@id\":\"https:\/\/tourtravelandmore.com\/es\/tours\/espana-es\/barcelona-es\/experiencia-completa-privada-barcelona\/#primaryimage\"},\"thumbnailUrl\":\"https:\/\/tourtravelandmore.com\/wp-content\/uploads\/2016\/10\/barcelona-walking-tour-7.jpg\",\"datePublished\":\"2016-10-24T10:54:46+00:00\",\"dateModified\":\"2022-11-25T23:54:06+00:00\",\"description\":\"Disfrute de este tour por Barcelona con vehiculo privado y gu\u00eda. Este tour combina una parte en Vehiculo y otro parte a pie, vive una experiencia \u00fanica \u2705\",\"breadcrumb\":{\"@id\":\"https:\/\/tourtravelandmore.com\/es\/tours\/espana-es\/barcelona-es\/experiencia-completa-privada-barcelona\/#breadcrumb\"},\"inLanguage\":\"es\",\"potentialAction\":[{\"@type\":\"ReadAction\",\"target\":[\"https:\/\/tourtravelandmore.com\/es\/tours\/espana-es\/barcelona-es\/experiencia-completa-privada-barcelona\/\"]}]},{\"@type\":\"ImageObject\",\"inLanguage\":\"es\",\"@id\":\"https:\/\/tourtravelandmore.com\/es\/tours\/espana-es\/barcelona-es\/experiencia-completa-privada-barcelona\/#primaryimage\",\"url\":\"https:\/\/tourtravelandmore.com\/wp-content\/uploads\/2016\/10\/barcelona-walking-tour-7.jpg\",\"contentUrl\":\"https:\/\/tourtravelandmore.com\/wp-content\/uploads\/2016\/10\/barcelona-walking-tour-7.jpg\",\"width\":920,\"height\":853},{\"@type\":\"BreadcrumbList\",\"@id\":\"https:\/\/tourtravelandmore.com\/es\/tours\/espana-es\/barcelona-es\/experiencia-completa-privada-barcelona\/#breadcrumb\",\"itemListElement\":[{\"@type\":\"ListItem\",\"position\":1,\"name\":\"Home\",\"item\":\"https:\/\/tourtravelandmore.com\/es\/\"},{\"@type\":\"ListItem\",\"position\":2,\"name\":\"Tours\",\"item\":\"https:\/\/tourtravelandmore.com\/es\/tours\/\"},{\"@type\":\"ListItem\",\"position\":3,\"name\":\"Tour por Barcelona &#8211; experiencia privada a pie y en vehiculo\"}]},{\"@type\":\"WebSite\",\"@id\":\"https:\/\/tourtravelandmore.com\/es\/#website\",\"url\":\"https:\/\/tourtravelandmore.com\/es\/\",\"name\":\"Tour Travel And More\",\"description\":\"Private sightseeing tours and luxury transfers in Spain\",\"publisher\":{\"@id\":\"https:\/\/tourtravelandmore.com\/es\/#organization\"},\"potentialAction\":[{\"@type\":\"SearchAction\",\"target\":{\"@type\":\"EntryPoint\",\"urlTemplate\":\"https:\/\/tourtravelandmore.com\/es\/?s={search_term_string}\"},\"query-input\":{\"@type\":\"PropertyValueSpecification\",\"valueRequired\":true,\"valueName\":\"search_term_string\"}}],\"inLanguage\":\"es\"},{\"@type\":\"Organization\",\"@id\":\"https:\/\/tourtravelandmore.com\/es\/#organization\",\"name\":\"Tour Travel And More\",\"url\":\"https:\/\/tourtravelandmore.com\/es\/\",\"logo\":{\"@type\":\"ImageObject\",\"inLanguage\":\"es\",\"@id\":\"https:\/\/tourtravelandmore.com\/es\/#\/schema\/logo\/image\/\",\"url\":\"https:\/\/tourtravelandmore.com\/wp-content\/uploads\/2022\/12\/cropped-logo-cabecera-new.png\",\"contentUrl\":\"https:\/\/tourtravelandmore.com\/wp-content\/uploads\/2022\/12\/cropped-logo-cabecera-new.png\",\"width\":430,\"height\":61,\"caption\":\"Tour Travel And More\"},\"image\":{\"@id\":\"https:\/\/tourtravelandmore.com\/es\/#\/schema\/logo\/image\/\"},\"sameAs\":[\"https:\/\/www.facebook.com\/tourtravelandmore\/\",\"https:\/\/x.com\/TourTravel_More\"]}]}<\/script>\n<!-- \/ Yoast SEO Premium plugin. -->","yoast_head_json":{"title":"\u27a1\ufe0f Tour por Barcelona | Tour Travel & More","description":"Disfrute de este tour por Barcelona con vehiculo privado y gu\u00eda. Este tour combina una parte en Vehiculo y otro parte a pie, vive una experiencia \u00fanica \u2705","robots":{"index":"index","follow":"follow","max-snippet":"max-snippet:-1","max-image-preview":"max-image-preview:large","max-video-preview":"max-video-preview:-1"},"canonical":"https:\/\/tourtravelandmore.com\/es\/tours\/espana-es\/barcelona-es\/experiencia-completa-privada-barcelona\/","og_locale":"es_ES","og_type":"article","og_title":"Tour por Barcelona - experiencia privada a pie y en vehiculo","og_description":"Disfrute de este tour por Barcelona con vehiculo privado y gu\u00eda. Este tour combina una parte en Vehiculo y otro parte a pie, vive una experiencia \u00fanica \u2705","og_url":"https:\/\/tourtravelandmore.com\/es\/tours\/espana-es\/barcelona-es\/experiencia-completa-privada-barcelona\/","og_site_name":"Tour Travel And More","article_publisher":"https:\/\/www.facebook.com\/tourtravelandmore\/","article_modified_time":"2022-11-25T23:54:06+00:00","og_image":[{"width":920,"height":853,"url":"https:\/\/tourtravelandmore.com\/wp-content\/uploads\/2016\/10\/barcelona-walking-tour-7.jpg","type":"image\/jpeg"}],"twitter_card":"summary_large_image","twitter_site":"@TourTravel_More","twitter_misc":{"Tiempo de lectura":"2 minutos"},"schema":{"@context":"https:\/\/schema.org","@graph":[{"@type":"WebPage","@id":"https:\/\/tourtravelandmore.com\/es\/tours\/espana-es\/barcelona-es\/experiencia-completa-privada-barcelona\/","url":"https:\/\/tourtravelandmore.com\/es\/tours\/espana-es\/barcelona-es\/experiencia-completa-privada-barcelona\/","name":"\u27a1\ufe0f Tour por Barcelona | Tour Travel & More","isPartOf":{"@id":"https:\/\/tourtravelandmore.com\/es\/#website"},"primaryImageOfPage":{"@id":"https:\/\/tourtravelandmore.com\/es\/tours\/espana-es\/barcelona-es\/experiencia-completa-privada-barcelona\/#primaryimage"},"image":{"@id":"https:\/\/tourtravelandmore.com\/es\/tours\/espana-es\/barcelona-es\/experiencia-completa-privada-barcelona\/#primaryimage"},"thumbnailUrl":"https:\/\/tourtravelandmore.com\/wp-content\/uploads\/2016\/10\/barcelona-walking-tour-7.jpg","datePublished":"2016-10-24T10:54:46+00:00","dateModified":"2022-11-25T23:54:06+00:00","description":"Disfrute de este tour por Barcelona con vehiculo privado y gu\u00eda. Este tour combina una parte en Vehiculo y otro parte a pie, vive una experiencia \u00fanica \u2705","breadcrumb":{"@id":"https:\/\/tourtravelandmore.com\/es\/tours\/espana-es\/barcelona-es\/experiencia-completa-privada-barcelona\/#breadcrumb"},"inLanguage":"es","potentialAction":[{"@type":"ReadAction","target":["https:\/\/tourtravelandmore.com\/es\/tours\/espana-es\/barcelona-es\/experiencia-completa-privada-barcelona\/"]}]},{"@type":"ImageObject","inLanguage":"es","@id":"https:\/\/tourtravelandmore.com\/es\/tours\/espana-es\/barcelona-es\/experiencia-completa-privada-barcelona\/#primaryimage","url":"https:\/\/tourtravelandmore.com\/wp-content\/uploads\/2016\/10\/barcelona-walking-tour-7.jpg","contentUrl":"https:\/\/tourtravelandmore.com\/wp-content\/uploads\/2016\/10\/barcelona-walking-tour-7.jpg","width":920,"height":853},{"@type":"BreadcrumbList","@id":"https:\/\/tourtravelandmore.com\/es\/tours\/espana-es\/barcelona-es\/experiencia-completa-privada-barcelona\/#breadcrumb","itemListElement":[{"@type":"ListItem","position":1,"name":"Home","item":"https:\/\/tourtravelandmore.com\/es\/"},{"@type":"ListItem","position":2,"name":"Tours","item":"https:\/\/tourtravelandmore.com\/es\/tours\/"},{"@type":"ListItem","position":3,"name":"Tour por Barcelona &#8211; experiencia privada a pie y en vehiculo"}]},{"@type":"WebSite","@id":"https:\/\/tourtravelandmore.com\/es\/#website","url":"https:\/\/tourtravelandmore.com\/es\/","name":"Tour Travel And More","description":"Private sightseeing tours and luxury transfers in Spain","publisher":{"@id":"https:\/\/tourtravelandmore.com\/es\/#organization"},"potentialAction":[{"@type":"SearchAction","target":{"@type":"EntryPoint","urlTemplate":"https:\/\/tourtravelandmore.com\/es\/?s={search_term_string}"},"query-input":{"@type":"PropertyValueSpecification","valueRequired":true,"valueName":"search_term_string"}}],"inLanguage":"es"},{"@type":"Organization","@id":"https:\/\/tourtravelandmore.com\/es\/#organization","name":"Tour Travel And More","url":"https:\/\/tourtravelandmore.com\/es\/","logo":{"@type":"ImageObject","inLanguage":"es","@id":"https:\/\/tourtravelandmore.com\/es\/#\/schema\/logo\/image\/","url":"https:\/\/tourtravelandmore.com\/wp-content\/uploads\/2022\/12\/cropped-logo-cabecera-new.png","contentUrl":"https:\/\/tourtravelandmore.com\/wp-content\/uploads\/2022\/12\/cropped-logo-cabecera-new.png","width":430,"height":61,"caption":"Tour Travel And More"},"image":{"@id":"https:\/\/tourtravelandmore.com\/es\/#\/schema\/logo\/image\/"},"sameAs":["https:\/\/www.facebook.com\/tourtravelandmore\/","https:\/\/x.com\/TourTravel_More"]}]}},"_links":{"self":[{"href":"https:\/\/tourtravelandmore.com\/es\/wp-json\/wp\/v2\/product\/8231","targetHints":{"allow":["GET"]}}],"collection":[{"href":"https:\/\/tourtravelandmore.com\/es\/wp-json\/wp\/v2\/product"}],"about":[{"href":"https:\/\/tourtravelandmore.com\/es\/wp-json\/wp\/v2\/types\/product"}],"replies":[{"embeddable":true,"href":"https:\/\/tourtravelandmore.com\/es\/wp-json\/wp\/v2\/comments?post=8231"}],"wp:featuredmedia":[{"embeddable":true,"href":"https:\/\/tourtravelandmore.com\/es\/wp-json\/wp\/v2\/media\/8081"}],"wp:attachment":[{"href":"https:\/\/tourtravelandmore.com\/es\/wp-json\/wp\/v2\/media?parent=8231"}],"wp:term":[{"taxonomy":"product_brand","embeddable":true,"href":"https:\/\/tourtravelandmore.com\/es\/wp-json\/wp\/v2\/product_brand?post=8231"},{"taxonomy":"product_cat","embeddable":true,"href":"https:\/\/tourtravelandmore.com\/es\/wp-json\/wp\/v2\/product_cat?post=8231"},{"taxonomy":"product_tag","embeddable":true,"href":"https:\/\/tourtravelandmore.com\/es\/wp-json\/wp\/v2\/product_tag?post=8231"}],"curies":[{"name":"wp","href":"https:\/\/api.w.org\/{rel}","templated":true}]}}