{"id":823,"date":"2016-03-13T13:28:03","date_gmt":"2016-04-14T18:57:11","guid":{"rendered":"http:\/\/tourtravelandmore.com\/?post_type=product&#038;p=823&#038;lang=es"},"modified":"2023-03-07T03:27:56","modified_gmt":"2023-03-07T02:27:56","slug":"tour-privado-puerto-banus-tour-a-pie-con-guia-oficial","status":"publish","type":"product","link":"https:\/\/tourtravelandmore.com\/es\/tours\/espana-es\/marbella-puerto-banus-es\/tour-privado-puerto-banus-tour-a-pie-con-guia-oficial\/","title":{"rendered":"Tour Privado a pie de Puerto Ban\u00fas"},"content":{"rendered":"<h2>Descripci\u00f3n del Tour Privado a pie de Puerto Ban\u00fas<\/h2>\n<p>Disfruta de este tour privado Puerto Banus a pie, con su gu\u00eda oficial privado.<\/p>\n<p>Puerto Ban\u00fas, fue creado en 1970<strong>,<\/strong> forma parte del llamado <strong>&#8216;Tri\u00e1ngulo de Oro&#8217;,<\/strong> que comprende las localidades malague\u00f1as de <strong>Marbella, Estepona y Benahav\u00eds<\/strong> y tambi\u00e9n, en t\u00e9rminos inmobiliarios, de la Milla de Oro marbell\u00ed.<\/p>\n<p>Llamado as\u00ed por el que fuera su ide\u00f3logo y promotor, <strong>Jos\u00e9 Ban\u00fas<\/strong>, este puerto, declarado <strong>Centro de Inter\u00e9s Tur\u00edstico Nacional<\/strong> y que posee la <strong>medalla de oro al M\u00e9rito Tur\u00edstico,<\/strong> atrae desde hace casi 50 a\u00f1os a millonarios, famosos, turistas y curiosos de todo el mundo.<\/p>\n<p>La duraci\u00f3n de este tour privado Puerto Banus a pie, es de 3 horas. Al ser un tour completamente privado pueden escoger la Hora y lugar de comienzo.<\/p>\n<h2>Puntos de inter\u00e9s en el Tour Privado a pie de Puerto Ban\u00fas<\/h2>\n<p>Puerto Ban\u00fas es el puerto deportivo m\u00e1s lujoso de Espa\u00f1a, <b>es el cuarto puerto deportivo m\u00e1s caro d\u00f3nde atracar tu yate.\u00a0<\/b><\/p>\n<p>Lo primero que vamos a recorrer, es el famoso <b>paseo mar\u00edtimo y aprovechar para ver las playas<\/b>.\u00a0 A lo largo de este Paseo Mar\u00edtimo, conoceremos el Puerto, sus principales Yates, y el Lujo, que forma parte de este lugar.<\/p>\n<p>En el puerto, podremos encontrar barcos de recreo de m\u00e1s de 40 metros de eslora y donde los Ferrari, Porsche, Masseratti, son marcas habituales de veh\u00edculos que se pueden ver, sin faltar las tiendas de moda de las primeras firmas.<\/p>\n<p>En Puerto Ban\u00fas hay una callecita, de casas blancas y que recuerda a un pueblo, que en realidad est\u00e1 llena de boutiques y tiendas de marcas importantes. Aqu\u00ed encontrar\u00e1s Dolce&amp;Gabbana, Gucci o por ejemplo Louis Vuitton.<\/p>\n<p>Si no desea pasar mucho tiempo en Puerto Ban\u00fas, podemos ir a Marbella en el mismo tiempo y visitar Marbella y Puerto Ban\u00fas, solo nos lo tiene que indicar y a\u00f1adiremos los Taxis de ida y vuelto al precio del tour.<\/p>\n<p>Si dispone de m\u00e1s d\u00edas puedes consultar <a href=\"https:\/\/tourtravelandmore.com\/es\/ciudad\/espana-es\/marbella-puerto-banus-es\/\"><strong>aqu\u00ed<\/strong><\/a>, el resto de los tours privados que ofrecemos en Puerto Ban\u00fas.<\/p>\n","protected":false},"excerpt":{"rendered":"<p>Disfruta de este <strong>walking tour personalizable de Puerto Ban\u00fas<\/strong>. Tome esta oportunidad para conocer y disfrutar de Puerto Ban\u00fas durante este tour con vuestro guia oficial privado. Disfruta de los monumentos y zonas m\u00e1s emblem\u00e1ticas de Puerto Ban\u00fas.<\/p>\n<p>&nbsp;<\/p>\n","protected":false},"featured_media":703,"comment_status":"open","ping_status":"closed","template":"","meta":{"_acf_changed":false},"product_brand":[],"product_cat":[88,89,92],"product_tag":[],"class_list":{"0":"post-823","1":"product","2":"type-product","3":"status-publish","4":"has-post-thumbnail","6":"product_cat-marbella-puerto-banus-es","7":"product_cat-marbella-puerto-banus-actividades-es","8":"product_cat-marbella-puerto-banus-tours-privados-pie-es","10":"first","11":"instock","12":"shipping-taxable","13":"purchasable","14":"product-type-simple"},"acf":[],"yoast_head":"<!-- This site is optimized with the Yoast SEO Premium plugin v25.3.1 (Yoast SEO v25.3.1) - https:\/\/yoast.com\/wordpress\/plugins\/seo\/ -->\n<title>\u27a1\ufe0f Tour Privado Puerto Banus | Tour Travel &amp; More<\/title>\n<meta name=\"description\" content=\"Disfruta de este tour privado Puerto Banus y conoce uno de los puertos m\u00e1s lujosos del mundo, su Paseo y sus principales calles, repletas de marcas de lujo \u2705\" \/>\n<meta name=\"robots\" content=\"index, follow, max-snippet:-1, max-image-preview:large, max-video-preview:-1\" \/>\n<link rel=\"canonical\" href=\"https:\/\/tourtravelandmore.com\/es\/tours\/espana-es\/marbella-puerto-banus-es\/tour-privado-puerto-banus-tour-a-pie-con-guia-oficial\/\" \/>\n<meta property=\"og:locale\" content=\"es_ES\" \/>\n<meta property=\"og:type\" content=\"article\" \/>\n<meta property=\"og:title\" content=\"Tour Privado a pie de Puerto Ban\u00fas\" \/>\n<meta property=\"og:description\" content=\"Disfruta de este tour privado Puerto Banus y conoce uno de los puertos m\u00e1s lujosos del mundo, su Paseo y sus principales calles, repletas de marcas de lujo \u2705\" \/>\n<meta property=\"og:url\" content=\"https:\/\/tourtravelandmore.com\/es\/tours\/espana-es\/marbella-puerto-banus-es\/tour-privado-puerto-banus-tour-a-pie-con-guia-oficial\/\" \/>\n<meta property=\"og:site_name\" content=\"Tour Travel And More\" \/>\n<meta property=\"article:publisher\" content=\"https:\/\/www.facebook.com\/tourtravelandmore\/\" \/>\n<meta property=\"article:modified_time\" content=\"2023-03-07T02:27:56+00:00\" \/>\n<meta property=\"og:image\" content=\"https:\/\/tourtravelandmore.com\/wp-content\/uploads\/2016\/03\/Marbella-10.jpg\" \/>\n\t<meta property=\"og:image:width\" content=\"1445\" \/>\n\t<meta property=\"og:image:height\" content=\"1080\" \/>\n\t<meta property=\"og:image:type\" content=\"image\/jpeg\" \/>\n<meta name=\"twitter:card\" content=\"summary_large_image\" \/>\n<meta name=\"twitter:site\" content=\"@TourTravel_More\" \/>\n<meta name=\"twitter:label1\" content=\"Tiempo de lectura\" \/>\n\t<meta name=\"twitter:data1\" content=\"2 minutos\" \/>\n<script type=\"application\/ld+json\" class=\"yoast-schema-graph\">{\"@context\":\"https:\/\/schema.org\",\"@graph\":[{\"@type\":\"WebPage\",\"@id\":\"https:\/\/tourtravelandmore.com\/es\/tours\/espana-es\/marbella-puerto-banus-es\/tour-privado-puerto-banus-tour-a-pie-con-guia-oficial\/\",\"url\":\"https:\/\/tourtravelandmore.com\/es\/tours\/espana-es\/marbella-puerto-banus-es\/tour-privado-puerto-banus-tour-a-pie-con-guia-oficial\/\",\"name\":\"\u27a1\ufe0f Tour Privado Puerto Banus | Tour Travel & More\",\"isPartOf\":{\"@id\":\"https:\/\/tourtravelandmore.com\/es\/#website\"},\"primaryImageOfPage\":{\"@id\":\"https:\/\/tourtravelandmore.com\/es\/tours\/espana-es\/marbella-puerto-banus-es\/tour-privado-puerto-banus-tour-a-pie-con-guia-oficial\/#primaryimage\"},\"image\":{\"@id\":\"https:\/\/tourtravelandmore.com\/es\/tours\/espana-es\/marbella-puerto-banus-es\/tour-privado-puerto-banus-tour-a-pie-con-guia-oficial\/#primaryimage\"},\"thumbnailUrl\":\"https:\/\/tourtravelandmore.com\/wp-content\/uploads\/2016\/03\/Marbella-10.jpg\",\"datePublished\":\"2016-04-14T18:57:11+00:00\",\"dateModified\":\"2023-03-07T02:27:56+00:00\",\"description\":\"Disfruta de este tour privado Puerto Banus y conoce uno de los puertos m\u00e1s lujosos del mundo, su Paseo y sus principales calles, repletas de marcas de lujo \u2705\",\"breadcrumb\":{\"@id\":\"https:\/\/tourtravelandmore.com\/es\/tours\/espana-es\/marbella-puerto-banus-es\/tour-privado-puerto-banus-tour-a-pie-con-guia-oficial\/#breadcrumb\"},\"inLanguage\":\"es\",\"potentialAction\":[{\"@type\":\"ReadAction\",\"target\":[\"https:\/\/tourtravelandmore.com\/es\/tours\/espana-es\/marbella-puerto-banus-es\/tour-privado-puerto-banus-tour-a-pie-con-guia-oficial\/\"]}]},{\"@type\":\"ImageObject\",\"inLanguage\":\"es\",\"@id\":\"https:\/\/tourtravelandmore.com\/es\/tours\/espana-es\/marbella-puerto-banus-es\/tour-privado-puerto-banus-tour-a-pie-con-guia-oficial\/#primaryimage\",\"url\":\"https:\/\/tourtravelandmore.com\/wp-content\/uploads\/2016\/03\/Marbella-10.jpg\",\"contentUrl\":\"https:\/\/tourtravelandmore.com\/wp-content\/uploads\/2016\/03\/Marbella-10.jpg\",\"width\":1445,\"height\":1080},{\"@type\":\"BreadcrumbList\",\"@id\":\"https:\/\/tourtravelandmore.com\/es\/tours\/espana-es\/marbella-puerto-banus-es\/tour-privado-puerto-banus-tour-a-pie-con-guia-oficial\/#breadcrumb\",\"itemListElement\":[{\"@type\":\"ListItem\",\"position\":1,\"name\":\"Home\",\"item\":\"https:\/\/tourtravelandmore.com\/es\/\"},{\"@type\":\"ListItem\",\"position\":2,\"name\":\"Tours\",\"item\":\"https:\/\/tourtravelandmore.com\/es\/tours\/\"},{\"@type\":\"ListItem\",\"position\":3,\"name\":\"Tour Privado a pie de Puerto Ban\u00fas\"}]},{\"@type\":\"WebSite\",\"@id\":\"https:\/\/tourtravelandmore.com\/es\/#website\",\"url\":\"https:\/\/tourtravelandmore.com\/es\/\",\"name\":\"Tour Travel And More\",\"description\":\"Private sightseeing tours and luxury transfers in Spain\",\"publisher\":{\"@id\":\"https:\/\/tourtravelandmore.com\/es\/#organization\"},\"potentialAction\":[{\"@type\":\"SearchAction\",\"target\":{\"@type\":\"EntryPoint\",\"urlTemplate\":\"https:\/\/tourtravelandmore.com\/es\/?s={search_term_string}\"},\"query-input\":{\"@type\":\"PropertyValueSpecification\",\"valueRequired\":true,\"valueName\":\"search_term_string\"}}],\"inLanguage\":\"es\"},{\"@type\":\"Organization\",\"@id\":\"https:\/\/tourtravelandmore.com\/es\/#organization\",\"name\":\"Tour Travel And More\",\"url\":\"https:\/\/tourtravelandmore.com\/es\/\",\"logo\":{\"@type\":\"ImageObject\",\"inLanguage\":\"es\",\"@id\":\"https:\/\/tourtravelandmore.com\/es\/#\/schema\/logo\/image\/\",\"url\":\"https:\/\/tourtravelandmore.com\/wp-content\/uploads\/2022\/12\/cropped-logo-cabecera-new.png\",\"contentUrl\":\"https:\/\/tourtravelandmore.com\/wp-content\/uploads\/2022\/12\/cropped-logo-cabecera-new.png\",\"width\":430,\"height\":61,\"caption\":\"Tour Travel And More\"},\"image\":{\"@id\":\"https:\/\/tourtravelandmore.com\/es\/#\/schema\/logo\/image\/\"},\"sameAs\":[\"https:\/\/www.facebook.com\/tourtravelandmore\/\",\"https:\/\/x.com\/TourTravel_More\"]}]}<\/script>\n<!-- \/ Yoast SEO Premium plugin. -->","yoast_head_json":{"title":"\u27a1\ufe0f Tour Privado Puerto Banus | Tour Travel & More","description":"Disfruta de este tour privado Puerto Banus y conoce uno de los puertos m\u00e1s lujosos del mundo, su Paseo y sus principales calles, repletas de marcas de lujo \u2705","robots":{"index":"index","follow":"follow","max-snippet":"max-snippet:-1","max-image-preview":"max-image-preview:large","max-video-preview":"max-video-preview:-1"},"canonical":"https:\/\/tourtravelandmore.com\/es\/tours\/espana-es\/marbella-puerto-banus-es\/tour-privado-puerto-banus-tour-a-pie-con-guia-oficial\/","og_locale":"es_ES","og_type":"article","og_title":"Tour Privado a pie de Puerto Ban\u00fas","og_description":"Disfruta de este tour privado Puerto Banus y conoce uno de los puertos m\u00e1s lujosos del mundo, su Paseo y sus principales calles, repletas de marcas de lujo \u2705","og_url":"https:\/\/tourtravelandmore.com\/es\/tours\/espana-es\/marbella-puerto-banus-es\/tour-privado-puerto-banus-tour-a-pie-con-guia-oficial\/","og_site_name":"Tour Travel And More","article_publisher":"https:\/\/www.facebook.com\/tourtravelandmore\/","article_modified_time":"2023-03-07T02:27:56+00:00","og_image":[{"width":1445,"height":1080,"url":"https:\/\/tourtravelandmore.com\/wp-content\/uploads\/2016\/03\/Marbella-10.jpg","type":"image\/jpeg"}],"twitter_card":"summary_large_image","twitter_site":"@TourTravel_More","twitter_misc":{"Tiempo de lectura":"2 minutos"},"schema":{"@context":"https:\/\/schema.org","@graph":[{"@type":"WebPage","@id":"https:\/\/tourtravelandmore.com\/es\/tours\/espana-es\/marbella-puerto-banus-es\/tour-privado-puerto-banus-tour-a-pie-con-guia-oficial\/","url":"https:\/\/tourtravelandmore.com\/es\/tours\/espana-es\/marbella-puerto-banus-es\/tour-privado-puerto-banus-tour-a-pie-con-guia-oficial\/","name":"\u27a1\ufe0f Tour Privado Puerto Banus | Tour Travel & More","isPartOf":{"@id":"https:\/\/tourtravelandmore.com\/es\/#website"},"primaryImageOfPage":{"@id":"https:\/\/tourtravelandmore.com\/es\/tours\/espana-es\/marbella-puerto-banus-es\/tour-privado-puerto-banus-tour-a-pie-con-guia-oficial\/#primaryimage"},"image":{"@id":"https:\/\/tourtravelandmore.com\/es\/tours\/espana-es\/marbella-puerto-banus-es\/tour-privado-puerto-banus-tour-a-pie-con-guia-oficial\/#primaryimage"},"thumbnailUrl":"https:\/\/tourtravelandmore.com\/wp-content\/uploads\/2016\/03\/Marbella-10.jpg","datePublished":"2016-04-14T18:57:11+00:00","dateModified":"2023-03-07T02:27:56+00:00","description":"Disfruta de este tour privado Puerto Banus y conoce uno de los puertos m\u00e1s lujosos del mundo, su Paseo y sus principales calles, repletas de marcas de lujo \u2705","breadcrumb":{"@id":"https:\/\/tourtravelandmore.com\/es\/tours\/espana-es\/marbella-puerto-banus-es\/tour-privado-puerto-banus-tour-a-pie-con-guia-oficial\/#breadcrumb"},"inLanguage":"es","potentialAction":[{"@type":"ReadAction","target":["https:\/\/tourtravelandmore.com\/es\/tours\/espana-es\/marbella-puerto-banus-es\/tour-privado-puerto-banus-tour-a-pie-con-guia-oficial\/"]}]},{"@type":"ImageObject","inLanguage":"es","@id":"https:\/\/tourtravelandmore.com\/es\/tours\/espana-es\/marbella-puerto-banus-es\/tour-privado-puerto-banus-tour-a-pie-con-guia-oficial\/#primaryimage","url":"https:\/\/tourtravelandmore.com\/wp-content\/uploads\/2016\/03\/Marbella-10.jpg","contentUrl":"https:\/\/tourtravelandmore.com\/wp-content\/uploads\/2016\/03\/Marbella-10.jpg","width":1445,"height":1080},{"@type":"BreadcrumbList","@id":"https:\/\/tourtravelandmore.com\/es\/tours\/espana-es\/marbella-puerto-banus-es\/tour-privado-puerto-banus-tour-a-pie-con-guia-oficial\/#breadcrumb","itemListElement":[{"@type":"ListItem","position":1,"name":"Home","item":"https:\/\/tourtravelandmore.com\/es\/"},{"@type":"ListItem","position":2,"name":"Tours","item":"https:\/\/tourtravelandmore.com\/es\/tours\/"},{"@type":"ListItem","position":3,"name":"Tour Privado a pie de Puerto Ban\u00fas"}]},{"@type":"WebSite","@id":"https:\/\/tourtravelandmore.com\/es\/#website","url":"https:\/\/tourtravelandmore.com\/es\/","name":"Tour Travel And More","description":"Private sightseeing tours and luxury transfers in Spain","publisher":{"@id":"https:\/\/tourtravelandmore.com\/es\/#organization"},"potentialAction":[{"@type":"SearchAction","target":{"@type":"EntryPoint","urlTemplate":"https:\/\/tourtravelandmore.com\/es\/?s={search_term_string}"},"query-input":{"@type":"PropertyValueSpecification","valueRequired":true,"valueName":"search_term_string"}}],"inLanguage":"es"},{"@type":"Organization","@id":"https:\/\/tourtravelandmore.com\/es\/#organization","name":"Tour Travel And More","url":"https:\/\/tourtravelandmore.com\/es\/","logo":{"@type":"ImageObject","inLanguage":"es","@id":"https:\/\/tourtravelandmore.com\/es\/#\/schema\/logo\/image\/","url":"https:\/\/tourtravelandmore.com\/wp-content\/uploads\/2022\/12\/cropped-logo-cabecera-new.png","contentUrl":"https:\/\/tourtravelandmore.com\/wp-content\/uploads\/2022\/12\/cropped-logo-cabecera-new.png","width":430,"height":61,"caption":"Tour Travel And More"},"image":{"@id":"https:\/\/tourtravelandmore.com\/es\/#\/schema\/logo\/image\/"},"sameAs":["https:\/\/www.facebook.com\/tourtravelandmore\/","https:\/\/x.com\/TourTravel_More"]}]}},"_links":{"self":[{"href":"https:\/\/tourtravelandmore.com\/es\/wp-json\/wp\/v2\/product\/823","targetHints":{"allow":["GET"]}}],"collection":[{"href":"https:\/\/tourtravelandmore.com\/es\/wp-json\/wp\/v2\/product"}],"about":[{"href":"https:\/\/tourtravelandmore.com\/es\/wp-json\/wp\/v2\/types\/product"}],"replies":[{"embeddable":true,"href":"https:\/\/tourtravelandmore.com\/es\/wp-json\/wp\/v2\/comments?post=823"}],"wp:featuredmedia":[{"embeddable":true,"href":"https:\/\/tourtravelandmore.com\/es\/wp-json\/wp\/v2\/media\/703"}],"wp:attachment":[{"href":"https:\/\/tourtravelandmore.com\/es\/wp-json\/wp\/v2\/media?parent=823"}],"wp:term":[{"taxonomy":"product_brand","embeddable":true,"href":"https:\/\/tourtravelandmore.com\/es\/wp-json\/wp\/v2\/product_brand?post=823"},{"taxonomy":"product_cat","embeddable":true,"href":"https:\/\/tourtravelandmore.com\/es\/wp-json\/wp\/v2\/product_cat?post=823"},{"taxonomy":"product_tag","embeddable":true,"href":"https:\/\/tourtravelandmore.com\/es\/wp-json\/wp\/v2\/product_tag?post=823"}],"curies":[{"name":"wp","href":"https:\/\/api.w.org\/{rel}","templated":true}]}}