{"id":82298,"date":"2020-08-13T18:11:40","date_gmt":"2020-08-13T16:11:41","guid":{"rendered":"https:\/\/tourtravelandmore.com\/?post_type=product&#038;p=82298"},"modified":"2025-02-10T17:35:07","modified_gmt":"2025-02-10T16:35:07","slug":"excursion-privada-a-los-lagos-de-plitvice-desde-zadar","status":"publish","type":"product","link":"https:\/\/tourtravelandmore.com\/es\/tours\/croacia-es\/zadar-es\/zadar-actividades-es\/excursion-privada-a-los-lagos-de-plitvice-desde-zadar\/","title":{"rendered":"Tour Privado del Parque Nacional Plitvice desde Zadar"},"content":{"rendered":"<h2><strong>Descripci\u00f3n del Tour Privado del Parque Nacional Plitvice desde Zadar<\/strong><\/h2>\n<p>El <em><strong>Parque Nacional de Lagos de Plitvice<\/strong><\/em> es uno de los parques m\u00e1s antiguos del sudoeste de Europa y el m\u00e1s grande Croacia. Si le gustan las excursiones a la naturaleza, la flora y la funa no puede perderse nuestra excursi\u00f3n privada a lagos de Plitvice desde Zadar.<\/p>\n<p>Este maravilloso parque nacional se encuentra en una regi\u00f3n monta\u00f1osa del centro de Croacia, junto a Bosnia y Herzegovina. El parque cubre un \u00e1rea de 29.482 hect\u00e1reas, y fue declarado por la UNESCO como Patrimonio de la Humanidad en 1979.<\/p>\n<p>El parque alberga 16 lagos, los cuales est\u00e1n conectados por diversas cascadas y cataratas. Disfrute su excursi\u00f3n privada al parque nacional Plitvice desde Zadar con <em><strong>chofer y gu\u00eda oficial privados<\/strong><\/em>.<\/p>\n<p>En caso de que le interese otra excursi\u00f3n desde Zadar no dude en ver nuestras propuestas de <a href=\"https:\/\/tourtravelandmore.com\/es\/ciudad\/croacia-es\/zadar-en\/zadar-activities-en#shop\/\">tours privados desde Zadar<\/a>.<\/p>\n<h2><strong>Puntos de inter\u00e9s en la Excursi\u00f3n Privada al Parque Nacional Plitvice desde Zadar<\/strong><\/h2>\n<p>Para dar comienzo a su excursi\u00f3n privada a lagos de Plitvice desde Zadar su chofer os recoger\u00e1 a su horario deseado. La recogida podr\u00e1 ser en su hotel, puerto de cruceros o sitio deseados. Ir\u00e1 hacia el Parque Nacional de los Lagos de Plitvice c\u00f3modamente en su<strong> veh\u00edculo de lujo privado<\/strong>. De camino al Parque Nacional disfrutar\u00e1n de paradas con maravillosas vistas panor\u00e1micas.<\/p>\n<p>Una vez all\u00ed se encontrar\u00e1n con su gu\u00eda oficial privado. Junto a su gu\u00eda visitar\u00e1n, a pie, los sitios m\u00e1s bonitos del parque. La <a href=\"https:\/\/np-plitvicka-jezera.hr\/en\/\">entrada al parque<\/a> est\u00e1 incluida en el precio del tour.<\/p>\n<p>Es posible acceder al Parque Nacional de dos modos, la entrada 1 (los lagos inferiores) o la entrada 2 (los lagos superiores). Desde los <strong>lagos inferiores<\/strong> se obtiene una vista panor\u00e1mica desde diversos miradores. Las escarpadas orillas est\u00e1n rodeadas de acantilados y abundan las grutas y cuevas.<\/p>\n<p>Sin embargo, desde los<strong> lagos superiores<\/strong> la vista y la experiencia son totalmente diferentes. El paisaje desde all\u00ed es m\u00e1s salvaje y espectacular. Desde aqu\u00ed es posible acercarse mucho a las cascadas y podr\u00e1 caminar por senderos sobre los lagos llenos de agua cristalina.<\/p>\n<p>Podr\u00e1 disfrutar de un paseo en bote el\u00e9ctrico dentro del parque en caso de que lo desee. Despu\u00e9s del recorrido, su gu\u00eda tur\u00edstico local le recomendar\u00e1 restaurantes donde podr\u00e1 degustar platos tradicionales.<\/p>\n<p>Al finalizar la visita al parque nacional, su chofer privado le llevar\u00e1 a su hotel o el puerto de cruceros en Zadar.<\/p>\n","protected":false},"excerpt":{"rendered":"<p>Aproveche al m\u00e1ximo su visita a los<strong> Lagos de Plitvice<\/strong> y explore este maravilloso <strong>Parque Nacional en Croacia<\/strong>. Durante su recorrido privado, descubrir\u00e1 las zonas m\u00e1s hermosas de los lagos de Plitvice. Para aprovechar al m\u00e1ximo su tiempo, ser\u00e1 asistido por un gu\u00eda oficial que lo acompa\u00f1ar\u00e1 a dar un paseo con impresionantes vistas y le contar\u00e1 historias sobre este hermoso parque. La recogida ser\u00e1 en cualquier parte de <strong>Zadar<\/strong>.<\/p>\n","protected":false},"featured_media":82284,"comment_status":"open","ping_status":"closed","template":"","meta":{"_acf_changed":false},"product_brand":[],"product_cat":[2456,2458,2462],"product_tag":[],"class_list":{"0":"post-82298","1":"product","2":"type-product","3":"status-publish","4":"has-post-thumbnail","6":"product_cat-zadar-es","7":"product_cat-zadar-actividades-es","8":"product_cat-zadar-excursion-crucero-es","10":"first","11":"instock","12":"shipping-taxable","13":"purchasable","14":"product-type-simple"},"acf":[],"yoast_head":"<!-- This site is optimized with the Yoast SEO Premium plugin v25.3.1 (Yoast SEO v25.3.1) - https:\/\/yoast.com\/wordpress\/plugins\/seo\/ -->\n<title>\u27a1\ufe0f Excursi\u00f3n privada al parque nacional Lagos de Plitvice desde Zadar | Tour Travel &amp; More<\/title>\n<meta name=\"description\" content=\"Visite uno de los parque nacionales m\u00e1s bonitos de toda Europa junto a un gu\u00eda local con nuestra excursi\u00f3n privada a Lagos de Plitvice desde Zadar \u2705\" \/>\n<meta name=\"robots\" content=\"index, follow, max-snippet:-1, max-image-preview:large, max-video-preview:-1\" \/>\n<link rel=\"canonical\" href=\"https:\/\/tourtravelandmore.com\/es\/tours\/croacia-es\/zadar-es\/zadar-actividades-es\/excursion-privada-a-los-lagos-de-plitvice-desde-zadar\/\" \/>\n<meta property=\"og:locale\" content=\"es_ES\" \/>\n<meta property=\"og:type\" content=\"article\" \/>\n<meta property=\"og:title\" content=\"Tour Privado del Parque Nacional Plitvice desde Zadar\" \/>\n<meta property=\"og:description\" content=\"Visite uno de los parque nacionales m\u00e1s bonitos de toda Europa junto a un gu\u00eda local con nuestra excursi\u00f3n privada a Lagos de Plitvice desde Zadar \u2705\" \/>\n<meta property=\"og:url\" content=\"https:\/\/tourtravelandmore.com\/es\/tours\/croacia-es\/zadar-es\/zadar-actividades-es\/excursion-privada-a-los-lagos-de-plitvice-desde-zadar\/\" \/>\n<meta property=\"og:site_name\" content=\"Tour Travel And More\" \/>\n<meta property=\"article:publisher\" content=\"https:\/\/www.facebook.com\/tourtravelandmore\/\" \/>\n<meta property=\"article:modified_time\" content=\"2025-02-10T16:35:07+00:00\" \/>\n<meta property=\"og:image\" content=\"https:\/\/tourtravelandmore.com\/wp-content\/uploads\/2020\/08\/lake-5.jpg\" \/>\n\t<meta property=\"og:image:width\" content=\"910\" \/>\n\t<meta property=\"og:image:height\" content=\"607\" \/>\n\t<meta property=\"og:image:type\" content=\"image\/jpeg\" \/>\n<meta name=\"twitter:card\" content=\"summary_large_image\" \/>\n<meta name=\"twitter:site\" content=\"@TourTravel_More\" \/>\n<meta name=\"twitter:label1\" content=\"Tiempo de lectura\" \/>\n\t<meta name=\"twitter:data1\" content=\"2 minutos\" \/>\n<script type=\"application\/ld+json\" class=\"yoast-schema-graph\">{\"@context\":\"https:\/\/schema.org\",\"@graph\":[{\"@type\":\"WebPage\",\"@id\":\"https:\/\/tourtravelandmore.com\/es\/tours\/croacia-es\/zadar-es\/zadar-actividades-es\/excursion-privada-a-los-lagos-de-plitvice-desde-zadar\/\",\"url\":\"https:\/\/tourtravelandmore.com\/es\/tours\/croacia-es\/zadar-es\/zadar-actividades-es\/excursion-privada-a-los-lagos-de-plitvice-desde-zadar\/\",\"name\":\"\u27a1\ufe0f Excursi\u00f3n privada al parque nacional Lagos de Plitvice desde Zadar | Tour Travel & More\",\"isPartOf\":{\"@id\":\"https:\/\/tourtravelandmore.com\/es\/#website\"},\"primaryImageOfPage\":{\"@id\":\"https:\/\/tourtravelandmore.com\/es\/tours\/croacia-es\/zadar-es\/zadar-actividades-es\/excursion-privada-a-los-lagos-de-plitvice-desde-zadar\/#primaryimage\"},\"image\":{\"@id\":\"https:\/\/tourtravelandmore.com\/es\/tours\/croacia-es\/zadar-es\/zadar-actividades-es\/excursion-privada-a-los-lagos-de-plitvice-desde-zadar\/#primaryimage\"},\"thumbnailUrl\":\"https:\/\/tourtravelandmore.com\/wp-content\/uploads\/2020\/08\/lake-5.jpg\",\"datePublished\":\"2020-08-13T16:11:41+00:00\",\"dateModified\":\"2025-02-10T16:35:07+00:00\",\"description\":\"Visite uno de los parque nacionales m\u00e1s bonitos de toda Europa junto a un gu\u00eda local con nuestra excursi\u00f3n privada a Lagos de Plitvice desde Zadar \u2705\",\"breadcrumb\":{\"@id\":\"https:\/\/tourtravelandmore.com\/es\/tours\/croacia-es\/zadar-es\/zadar-actividades-es\/excursion-privada-a-los-lagos-de-plitvice-desde-zadar\/#breadcrumb\"},\"inLanguage\":\"es\",\"potentialAction\":[{\"@type\":\"ReadAction\",\"target\":[\"https:\/\/tourtravelandmore.com\/es\/tours\/croacia-es\/zadar-es\/zadar-actividades-es\/excursion-privada-a-los-lagos-de-plitvice-desde-zadar\/\"]}]},{\"@type\":\"ImageObject\",\"inLanguage\":\"es\",\"@id\":\"https:\/\/tourtravelandmore.com\/es\/tours\/croacia-es\/zadar-es\/zadar-actividades-es\/excursion-privada-a-los-lagos-de-plitvice-desde-zadar\/#primaryimage\",\"url\":\"https:\/\/tourtravelandmore.com\/wp-content\/uploads\/2020\/08\/lake-5.jpg\",\"contentUrl\":\"https:\/\/tourtravelandmore.com\/wp-content\/uploads\/2020\/08\/lake-5.jpg\",\"width\":910,\"height\":607},{\"@type\":\"BreadcrumbList\",\"@id\":\"https:\/\/tourtravelandmore.com\/es\/tours\/croacia-es\/zadar-es\/zadar-actividades-es\/excursion-privada-a-los-lagos-de-plitvice-desde-zadar\/#breadcrumb\",\"itemListElement\":[{\"@type\":\"ListItem\",\"position\":1,\"name\":\"Home\",\"item\":\"https:\/\/tourtravelandmore.com\/es\/\"},{\"@type\":\"ListItem\",\"position\":2,\"name\":\"Tours\",\"item\":\"https:\/\/tourtravelandmore.com\/es\/tours\/\"},{\"@type\":\"ListItem\",\"position\":3,\"name\":\"Tour Privado del Parque Nacional Plitvice desde Zadar\"}]},{\"@type\":\"WebSite\",\"@id\":\"https:\/\/tourtravelandmore.com\/es\/#website\",\"url\":\"https:\/\/tourtravelandmore.com\/es\/\",\"name\":\"Tour Travel And More\",\"description\":\"Private sightseeing tours and luxury transfers in Spain\",\"publisher\":{\"@id\":\"https:\/\/tourtravelandmore.com\/es\/#organization\"},\"potentialAction\":[{\"@type\":\"SearchAction\",\"target\":{\"@type\":\"EntryPoint\",\"urlTemplate\":\"https:\/\/tourtravelandmore.com\/es\/?s={search_term_string}\"},\"query-input\":{\"@type\":\"PropertyValueSpecification\",\"valueRequired\":true,\"valueName\":\"search_term_string\"}}],\"inLanguage\":\"es\"},{\"@type\":\"Organization\",\"@id\":\"https:\/\/tourtravelandmore.com\/es\/#organization\",\"name\":\"Tour Travel And More\",\"url\":\"https:\/\/tourtravelandmore.com\/es\/\",\"logo\":{\"@type\":\"ImageObject\",\"inLanguage\":\"es\",\"@id\":\"https:\/\/tourtravelandmore.com\/es\/#\/schema\/logo\/image\/\",\"url\":\"https:\/\/tourtravelandmore.com\/wp-content\/uploads\/2022\/12\/cropped-logo-cabecera-new.png\",\"contentUrl\":\"https:\/\/tourtravelandmore.com\/wp-content\/uploads\/2022\/12\/cropped-logo-cabecera-new.png\",\"width\":430,\"height\":61,\"caption\":\"Tour Travel And More\"},\"image\":{\"@id\":\"https:\/\/tourtravelandmore.com\/es\/#\/schema\/logo\/image\/\"},\"sameAs\":[\"https:\/\/www.facebook.com\/tourtravelandmore\/\",\"https:\/\/x.com\/TourTravel_More\"]}]}<\/script>\n<!-- \/ Yoast SEO Premium plugin. -->","yoast_head_json":{"title":"\u27a1\ufe0f Excursi\u00f3n privada al parque nacional Lagos de Plitvice desde Zadar | Tour Travel & More","description":"Visite uno de los parque nacionales m\u00e1s bonitos de toda Europa junto a un gu\u00eda local con nuestra excursi\u00f3n privada a Lagos de Plitvice desde Zadar \u2705","robots":{"index":"index","follow":"follow","max-snippet":"max-snippet:-1","max-image-preview":"max-image-preview:large","max-video-preview":"max-video-preview:-1"},"canonical":"https:\/\/tourtravelandmore.com\/es\/tours\/croacia-es\/zadar-es\/zadar-actividades-es\/excursion-privada-a-los-lagos-de-plitvice-desde-zadar\/","og_locale":"es_ES","og_type":"article","og_title":"Tour Privado del Parque Nacional Plitvice desde Zadar","og_description":"Visite uno de los parque nacionales m\u00e1s bonitos de toda Europa junto a un gu\u00eda local con nuestra excursi\u00f3n privada a Lagos de Plitvice desde Zadar \u2705","og_url":"https:\/\/tourtravelandmore.com\/es\/tours\/croacia-es\/zadar-es\/zadar-actividades-es\/excursion-privada-a-los-lagos-de-plitvice-desde-zadar\/","og_site_name":"Tour Travel And More","article_publisher":"https:\/\/www.facebook.com\/tourtravelandmore\/","article_modified_time":"2025-02-10T16:35:07+00:00","og_image":[{"width":910,"height":607,"url":"https:\/\/tourtravelandmore.com\/wp-content\/uploads\/2020\/08\/lake-5.jpg","type":"image\/jpeg"}],"twitter_card":"summary_large_image","twitter_site":"@TourTravel_More","twitter_misc":{"Tiempo de lectura":"2 minutos"},"schema":{"@context":"https:\/\/schema.org","@graph":[{"@type":"WebPage","@id":"https:\/\/tourtravelandmore.com\/es\/tours\/croacia-es\/zadar-es\/zadar-actividades-es\/excursion-privada-a-los-lagos-de-plitvice-desde-zadar\/","url":"https:\/\/tourtravelandmore.com\/es\/tours\/croacia-es\/zadar-es\/zadar-actividades-es\/excursion-privada-a-los-lagos-de-plitvice-desde-zadar\/","name":"\u27a1\ufe0f Excursi\u00f3n privada al parque nacional Lagos de Plitvice desde Zadar | Tour Travel & More","isPartOf":{"@id":"https:\/\/tourtravelandmore.com\/es\/#website"},"primaryImageOfPage":{"@id":"https:\/\/tourtravelandmore.com\/es\/tours\/croacia-es\/zadar-es\/zadar-actividades-es\/excursion-privada-a-los-lagos-de-plitvice-desde-zadar\/#primaryimage"},"image":{"@id":"https:\/\/tourtravelandmore.com\/es\/tours\/croacia-es\/zadar-es\/zadar-actividades-es\/excursion-privada-a-los-lagos-de-plitvice-desde-zadar\/#primaryimage"},"thumbnailUrl":"https:\/\/tourtravelandmore.com\/wp-content\/uploads\/2020\/08\/lake-5.jpg","datePublished":"2020-08-13T16:11:41+00:00","dateModified":"2025-02-10T16:35:07+00:00","description":"Visite uno de los parque nacionales m\u00e1s bonitos de toda Europa junto a un gu\u00eda local con nuestra excursi\u00f3n privada a Lagos de Plitvice desde Zadar \u2705","breadcrumb":{"@id":"https:\/\/tourtravelandmore.com\/es\/tours\/croacia-es\/zadar-es\/zadar-actividades-es\/excursion-privada-a-los-lagos-de-plitvice-desde-zadar\/#breadcrumb"},"inLanguage":"es","potentialAction":[{"@type":"ReadAction","target":["https:\/\/tourtravelandmore.com\/es\/tours\/croacia-es\/zadar-es\/zadar-actividades-es\/excursion-privada-a-los-lagos-de-plitvice-desde-zadar\/"]}]},{"@type":"ImageObject","inLanguage":"es","@id":"https:\/\/tourtravelandmore.com\/es\/tours\/croacia-es\/zadar-es\/zadar-actividades-es\/excursion-privada-a-los-lagos-de-plitvice-desde-zadar\/#primaryimage","url":"https:\/\/tourtravelandmore.com\/wp-content\/uploads\/2020\/08\/lake-5.jpg","contentUrl":"https:\/\/tourtravelandmore.com\/wp-content\/uploads\/2020\/08\/lake-5.jpg","width":910,"height":607},{"@type":"BreadcrumbList","@id":"https:\/\/tourtravelandmore.com\/es\/tours\/croacia-es\/zadar-es\/zadar-actividades-es\/excursion-privada-a-los-lagos-de-plitvice-desde-zadar\/#breadcrumb","itemListElement":[{"@type":"ListItem","position":1,"name":"Home","item":"https:\/\/tourtravelandmore.com\/es\/"},{"@type":"ListItem","position":2,"name":"Tours","item":"https:\/\/tourtravelandmore.com\/es\/tours\/"},{"@type":"ListItem","position":3,"name":"Tour Privado del Parque Nacional Plitvice desde Zadar"}]},{"@type":"WebSite","@id":"https:\/\/tourtravelandmore.com\/es\/#website","url":"https:\/\/tourtravelandmore.com\/es\/","name":"Tour Travel And More","description":"Private sightseeing tours and luxury transfers in Spain","publisher":{"@id":"https:\/\/tourtravelandmore.com\/es\/#organization"},"potentialAction":[{"@type":"SearchAction","target":{"@type":"EntryPoint","urlTemplate":"https:\/\/tourtravelandmore.com\/es\/?s={search_term_string}"},"query-input":{"@type":"PropertyValueSpecification","valueRequired":true,"valueName":"search_term_string"}}],"inLanguage":"es"},{"@type":"Organization","@id":"https:\/\/tourtravelandmore.com\/es\/#organization","name":"Tour Travel And More","url":"https:\/\/tourtravelandmore.com\/es\/","logo":{"@type":"ImageObject","inLanguage":"es","@id":"https:\/\/tourtravelandmore.com\/es\/#\/schema\/logo\/image\/","url":"https:\/\/tourtravelandmore.com\/wp-content\/uploads\/2022\/12\/cropped-logo-cabecera-new.png","contentUrl":"https:\/\/tourtravelandmore.com\/wp-content\/uploads\/2022\/12\/cropped-logo-cabecera-new.png","width":430,"height":61,"caption":"Tour Travel And More"},"image":{"@id":"https:\/\/tourtravelandmore.com\/es\/#\/schema\/logo\/image\/"},"sameAs":["https:\/\/www.facebook.com\/tourtravelandmore\/","https:\/\/x.com\/TourTravel_More"]}]}},"_links":{"self":[{"href":"https:\/\/tourtravelandmore.com\/es\/wp-json\/wp\/v2\/product\/82298","targetHints":{"allow":["GET"]}}],"collection":[{"href":"https:\/\/tourtravelandmore.com\/es\/wp-json\/wp\/v2\/product"}],"about":[{"href":"https:\/\/tourtravelandmore.com\/es\/wp-json\/wp\/v2\/types\/product"}],"replies":[{"embeddable":true,"href":"https:\/\/tourtravelandmore.com\/es\/wp-json\/wp\/v2\/comments?post=82298"}],"wp:featuredmedia":[{"embeddable":true,"href":"https:\/\/tourtravelandmore.com\/es\/wp-json\/wp\/v2\/media\/82284"}],"wp:attachment":[{"href":"https:\/\/tourtravelandmore.com\/es\/wp-json\/wp\/v2\/media?parent=82298"}],"wp:term":[{"taxonomy":"product_brand","embeddable":true,"href":"https:\/\/tourtravelandmore.com\/es\/wp-json\/wp\/v2\/product_brand?post=82298"},{"taxonomy":"product_cat","embeddable":true,"href":"https:\/\/tourtravelandmore.com\/es\/wp-json\/wp\/v2\/product_cat?post=82298"},{"taxonomy":"product_tag","embeddable":true,"href":"https:\/\/tourtravelandmore.com\/es\/wp-json\/wp\/v2\/product_tag?post=82298"}],"curies":[{"name":"wp","href":"https:\/\/api.w.org\/{rel}","templated":true}]}}