{"id":82266,"date":"2020-08-13T15:06:53","date_gmt":"2020-08-13T13:06:55","guid":{"rendered":"https:\/\/tourtravelandmore.com\/?post_type=product&#038;p=82266"},"modified":"2025-01-15T21:04:30","modified_gmt":"2025-01-15T20:04:30","slug":"excursion-privada-a-los-lagos-de-plitvice-desde-split","status":"publish","type":"product","link":"https:\/\/tourtravelandmore.com\/es\/tours\/croacia-es\/split-es\/split-actividades-es\/excursion-privada-a-los-lagos-de-plitvice-desde-split\/","title":{"rendered":"Excursi\u00f3n Privada a los Lagos de Plitvice desde Split"},"content":{"rendered":"<h2><strong>Descripci\u00f3n<\/strong><\/h2>\n<p>Si est\u00e1 buscando una verdadera aventura al aire libre, no puede perderse esta <strong>Excursi\u00f3n privada a los Lagos de Plitvice desde Split<\/strong> con un g<strong>u\u00eda experto local<\/strong>.<\/p>\n<p>El <strong>Parque Nacional de los Lagos de Plitvice<\/strong> es uno de los parques m\u00e1s grandes y antiguos de toda Croacia. El parque est\u00e1 ubicado en una zona monta\u00f1osa del centro de Croacia, en la frontera con Bosnia y Herzegovina. Es un \u00e1rea protegida que se extiende sobre 73,350 acres y, como era de esperar, fue declarada <strong>Patrimonio de la Humanidad por la UNESCO<\/strong>.<\/p>\n<p>Este maravilloso parque tiene sus lagos dispuestos en cascadas, por eso y otras razones, es uno de los parques m\u00e1s visitados del mundo. Esta es una experiencia \u00fanica que puede disfrutar junto con su <strong>conductor privado<\/strong> y gu\u00eda tur\u00edstico oficial.<\/p>\n<p>Otro dato interesante, es que puedes realizar este tour desde Split y si lo prefieres, podemos dejarte en Zagreb. Como es un tour privado, t\u00fa decides c\u00f3mo quieres pasar esta incre\u00edble experiencia. Solo tienes que ponerte en contacto con nosotros y lo arreglaremos todo por ti.<\/p>\n<p>Si tiene otra idea de viaje de un d\u00eda, puede echar un vistazo a nuestro <a href=\"https:\/\/tourtravelandmore.com\/es\/tours\/croacia-es\/split-es\/split-actividades-es\/tour-privado-a-zadar-desde-split\/\">tour privado de d\u00eda completo a Zadar desde Split<\/a>. Estamos aqu\u00ed para hacer de sus vacaciones una experiencia totalmente \u00fanica.<\/p>\n<h2><strong>Puntos de inter\u00e9s<\/strong><\/h2>\n<p>En primer lugar, nuestro conductor privado lo recoger\u00e1 en su lugar a elecci\u00f3n en Split. Ir\u00e1 hacia el Parque Nacional de los Lagos de Plitvice c\u00f3modamente en su<strong> veh\u00edculo de lujo privado<\/strong>. De camino a los lagos de Plitvice haremos algunas paradas para aprovechar los bonitos miradores.<\/p>\n<p>En segundo lugar, a su llegada, se encontrar\u00e1 con su gu\u00eda tur\u00edstico oficial privado para una visita guiada de 3 horas. Con este itinerario visitar\u00e1 lo mejor del \u00e1rea del parque con sus 16 lagos conectados por cascadas y cascadas. El <a href=\"https:\/\/np-plitvicka-jezera.hr\/en\/\">boleto de entrada al parque<\/a> est\u00e1 incluido en el precio del tour.<\/p>\n<p>Hay dos entradas al Parque Nacional, la entrada 1 (los lagos inferiores) o la entrada 2 (los lagos superiores). Desde los <strong>lagos inferiores<\/strong>, se obtiene una vista panor\u00e1mica de los lagos desde los distintos miradores a lo largo del sendero. Las escarpadas orillas est\u00e1n rodeadas de acantilados y abundan las grutas y cuevas.<\/p>\n<p>Sin embargo, la vista y la experiencia son totalmente diferentes a los<strong> lagos superiores<\/strong>. El paisaje desde esta entrada es m\u00e1s salvaje y espectacular. Aqu\u00ed, te acercas mucho a las cascadas y caminas por senderos sobre los lagos llenos de agua cristalina.<\/p>\n<p>Despu\u00e9s del recorrido, su gu\u00eda tur\u00edstico local puede recomendar restaurantes donde quiz\u00e1s desee degustar platos tradicionales.<\/p>\n<p>Finalmente, su conductor privado lo llevar\u00e1 de regreso a Split, o como ya mencionamos, a Zagreb o cualquier lugar cercano. Tendr\u00e1 una experiencia \u00fanica con esta experiencia privada a los lagos de Plitvice desde Split. Tambi\u00e9n esta la opci\u00f3n de hacer el tour con un chofer\/gu\u00eda dependiendo en el idioma.<\/p>\n","protected":false},"excerpt":{"rendered":"<p>Aproveche al m\u00e1ximo su visita a los <strong>Lagos de Plitvice<\/strong> y explore este maravilloso <strong>Parque Nacional en Croacia<\/strong>. Durante su recorrido privado, descubrir\u00e1 las zonas m\u00e1s hermosas de los lagos de Plitvice. Para aprovechar al m\u00e1ximo su tiempo, ser\u00e1 asistido por un gu\u00eda oficial que lo acompa\u00f1ar\u00e1 a dar un paseo con impresionantes vistas y le contar\u00e1 historias sobre la interesante vida de este hermoso parque.<\/p>\n","protected":false},"featured_media":82276,"comment_status":"open","ping_status":"closed","template":"","meta":{"_acf_changed":false},"product_brand":[],"product_cat":[2434,2436,2440],"product_tag":[],"class_list":{"0":"post-82266","1":"product","2":"type-product","3":"status-publish","4":"has-post-thumbnail","6":"product_cat-split-es","7":"product_cat-split-actividades-es","8":"product_cat-split-tours-es","10":"first","11":"instock","12":"shipping-taxable","13":"purchasable","14":"product-type-simple"},"acf":[],"yoast_head":"<!-- This site is optimized with the Yoast SEO Premium plugin v25.3.1 (Yoast SEO v25.3.1) - https:\/\/yoast.com\/wordpress\/plugins\/seo\/ -->\n<title>Excursi\u00f3n Privada a los Lagos de Plitvice desde Split<\/title>\n<meta name=\"description\" content=\"Disfrute de esta Excursi\u00f3n Privada a los Lagos de Plitvice desde Split con chofer privado y gu\u00eda local oficial. Entrada al Parque Nacional incluida.\" \/>\n<meta name=\"robots\" content=\"index, follow, max-snippet:-1, max-image-preview:large, max-video-preview:-1\" \/>\n<link rel=\"canonical\" href=\"https:\/\/tourtravelandmore.com\/es\/tours\/croacia-es\/split-es\/split-actividades-es\/excursion-privada-a-los-lagos-de-plitvice-desde-split\/\" \/>\n<meta property=\"og:locale\" content=\"es_ES\" \/>\n<meta property=\"og:type\" content=\"article\" \/>\n<meta property=\"og:title\" content=\"Excursi\u00f3n Privada a los Lagos de Plitvice desde Split\" \/>\n<meta property=\"og:description\" content=\"Disfrute de esta Excursi\u00f3n Privada a los Lagos de Plitvice desde Split con chofer privado y gu\u00eda local oficial. Entrada al Parque Nacional incluida.\" \/>\n<meta property=\"og:url\" content=\"https:\/\/tourtravelandmore.com\/es\/tours\/croacia-es\/split-es\/split-actividades-es\/excursion-privada-a-los-lagos-de-plitvice-desde-split\/\" \/>\n<meta property=\"og:site_name\" content=\"Tour Travel And More\" \/>\n<meta property=\"article:publisher\" content=\"https:\/\/www.facebook.com\/tourtravelandmore\/\" \/>\n<meta property=\"article:modified_time\" content=\"2025-01-15T20:04:30+00:00\" \/>\n<meta property=\"og:image\" content=\"https:\/\/tourtravelandmore.com\/wp-content\/uploads\/2020\/08\/lake-1.jpg\" \/>\n\t<meta property=\"og:image:width\" content=\"2048\" \/>\n\t<meta property=\"og:image:height\" content=\"1536\" \/>\n\t<meta property=\"og:image:type\" content=\"image\/jpeg\" \/>\n<meta name=\"twitter:card\" content=\"summary_large_image\" \/>\n<meta name=\"twitter:site\" content=\"@TourTravel_More\" \/>\n<meta name=\"twitter:label1\" content=\"Tiempo de lectura\" \/>\n\t<meta name=\"twitter:data1\" content=\"3 minutos\" \/>\n<script type=\"application\/ld+json\" class=\"yoast-schema-graph\">{\"@context\":\"https:\/\/schema.org\",\"@graph\":[{\"@type\":\"WebPage\",\"@id\":\"https:\/\/tourtravelandmore.com\/es\/tours\/croacia-es\/split-es\/split-actividades-es\/excursion-privada-a-los-lagos-de-plitvice-desde-split\/\",\"url\":\"https:\/\/tourtravelandmore.com\/es\/tours\/croacia-es\/split-es\/split-actividades-es\/excursion-privada-a-los-lagos-de-plitvice-desde-split\/\",\"name\":\"Excursi\u00f3n Privada a los Lagos de Plitvice desde Split\",\"isPartOf\":{\"@id\":\"https:\/\/tourtravelandmore.com\/es\/#website\"},\"primaryImageOfPage\":{\"@id\":\"https:\/\/tourtravelandmore.com\/es\/tours\/croacia-es\/split-es\/split-actividades-es\/excursion-privada-a-los-lagos-de-plitvice-desde-split\/#primaryimage\"},\"image\":{\"@id\":\"https:\/\/tourtravelandmore.com\/es\/tours\/croacia-es\/split-es\/split-actividades-es\/excursion-privada-a-los-lagos-de-plitvice-desde-split\/#primaryimage\"},\"thumbnailUrl\":\"https:\/\/tourtravelandmore.com\/wp-content\/uploads\/2020\/08\/lake-1.jpg\",\"datePublished\":\"2020-08-13T13:06:55+00:00\",\"dateModified\":\"2025-01-15T20:04:30+00:00\",\"description\":\"Disfrute de esta Excursi\u00f3n Privada a los Lagos de Plitvice desde Split con chofer privado y gu\u00eda local oficial. Entrada al Parque Nacional incluida.\",\"breadcrumb\":{\"@id\":\"https:\/\/tourtravelandmore.com\/es\/tours\/croacia-es\/split-es\/split-actividades-es\/excursion-privada-a-los-lagos-de-plitvice-desde-split\/#breadcrumb\"},\"inLanguage\":\"es\",\"potentialAction\":[{\"@type\":\"ReadAction\",\"target\":[\"https:\/\/tourtravelandmore.com\/es\/tours\/croacia-es\/split-es\/split-actividades-es\/excursion-privada-a-los-lagos-de-plitvice-desde-split\/\"]}]},{\"@type\":\"ImageObject\",\"inLanguage\":\"es\",\"@id\":\"https:\/\/tourtravelandmore.com\/es\/tours\/croacia-es\/split-es\/split-actividades-es\/excursion-privada-a-los-lagos-de-plitvice-desde-split\/#primaryimage\",\"url\":\"https:\/\/tourtravelandmore.com\/wp-content\/uploads\/2020\/08\/lake-1.jpg\",\"contentUrl\":\"https:\/\/tourtravelandmore.com\/wp-content\/uploads\/2020\/08\/lake-1.jpg\",\"width\":2048,\"height\":1536,\"caption\":\"OLYMPUS DIGITAL CAMERA\"},{\"@type\":\"BreadcrumbList\",\"@id\":\"https:\/\/tourtravelandmore.com\/es\/tours\/croacia-es\/split-es\/split-actividades-es\/excursion-privada-a-los-lagos-de-plitvice-desde-split\/#breadcrumb\",\"itemListElement\":[{\"@type\":\"ListItem\",\"position\":1,\"name\":\"Home\",\"item\":\"https:\/\/tourtravelandmore.com\/es\/\"},{\"@type\":\"ListItem\",\"position\":2,\"name\":\"Tours\",\"item\":\"https:\/\/tourtravelandmore.com\/es\/tours\/\"},{\"@type\":\"ListItem\",\"position\":3,\"name\":\"Excursi\u00f3n Privada a los Lagos de Plitvice desde Split\"}]},{\"@type\":\"WebSite\",\"@id\":\"https:\/\/tourtravelandmore.com\/es\/#website\",\"url\":\"https:\/\/tourtravelandmore.com\/es\/\",\"name\":\"Tour Travel And More\",\"description\":\"Private sightseeing tours and luxury transfers in Spain\",\"publisher\":{\"@id\":\"https:\/\/tourtravelandmore.com\/es\/#organization\"},\"potentialAction\":[{\"@type\":\"SearchAction\",\"target\":{\"@type\":\"EntryPoint\",\"urlTemplate\":\"https:\/\/tourtravelandmore.com\/es\/?s={search_term_string}\"},\"query-input\":{\"@type\":\"PropertyValueSpecification\",\"valueRequired\":true,\"valueName\":\"search_term_string\"}}],\"inLanguage\":\"es\"},{\"@type\":\"Organization\",\"@id\":\"https:\/\/tourtravelandmore.com\/es\/#organization\",\"name\":\"Tour Travel And More\",\"url\":\"https:\/\/tourtravelandmore.com\/es\/\",\"logo\":{\"@type\":\"ImageObject\",\"inLanguage\":\"es\",\"@id\":\"https:\/\/tourtravelandmore.com\/es\/#\/schema\/logo\/image\/\",\"url\":\"https:\/\/tourtravelandmore.com\/wp-content\/uploads\/2022\/12\/cropped-logo-cabecera-new.png\",\"contentUrl\":\"https:\/\/tourtravelandmore.com\/wp-content\/uploads\/2022\/12\/cropped-logo-cabecera-new.png\",\"width\":430,\"height\":61,\"caption\":\"Tour Travel And More\"},\"image\":{\"@id\":\"https:\/\/tourtravelandmore.com\/es\/#\/schema\/logo\/image\/\"},\"sameAs\":[\"https:\/\/www.facebook.com\/tourtravelandmore\/\",\"https:\/\/x.com\/TourTravel_More\"]}]}<\/script>\n<!-- \/ Yoast SEO Premium plugin. -->","yoast_head_json":{"title":"Excursi\u00f3n Privada a los Lagos de Plitvice desde Split","description":"Disfrute de esta Excursi\u00f3n Privada a los Lagos de Plitvice desde Split con chofer privado y gu\u00eda local oficial. Entrada al Parque Nacional incluida.","robots":{"index":"index","follow":"follow","max-snippet":"max-snippet:-1","max-image-preview":"max-image-preview:large","max-video-preview":"max-video-preview:-1"},"canonical":"https:\/\/tourtravelandmore.com\/es\/tours\/croacia-es\/split-es\/split-actividades-es\/excursion-privada-a-los-lagos-de-plitvice-desde-split\/","og_locale":"es_ES","og_type":"article","og_title":"Excursi\u00f3n Privada a los Lagos de Plitvice desde Split","og_description":"Disfrute de esta Excursi\u00f3n Privada a los Lagos de Plitvice desde Split con chofer privado y gu\u00eda local oficial. Entrada al Parque Nacional incluida.","og_url":"https:\/\/tourtravelandmore.com\/es\/tours\/croacia-es\/split-es\/split-actividades-es\/excursion-privada-a-los-lagos-de-plitvice-desde-split\/","og_site_name":"Tour Travel And More","article_publisher":"https:\/\/www.facebook.com\/tourtravelandmore\/","article_modified_time":"2025-01-15T20:04:30+00:00","og_image":[{"width":2048,"height":1536,"url":"https:\/\/tourtravelandmore.com\/wp-content\/uploads\/2020\/08\/lake-1.jpg","type":"image\/jpeg"}],"twitter_card":"summary_large_image","twitter_site":"@TourTravel_More","twitter_misc":{"Tiempo de lectura":"3 minutos"},"schema":{"@context":"https:\/\/schema.org","@graph":[{"@type":"WebPage","@id":"https:\/\/tourtravelandmore.com\/es\/tours\/croacia-es\/split-es\/split-actividades-es\/excursion-privada-a-los-lagos-de-plitvice-desde-split\/","url":"https:\/\/tourtravelandmore.com\/es\/tours\/croacia-es\/split-es\/split-actividades-es\/excursion-privada-a-los-lagos-de-plitvice-desde-split\/","name":"Excursi\u00f3n Privada a los Lagos de Plitvice desde Split","isPartOf":{"@id":"https:\/\/tourtravelandmore.com\/es\/#website"},"primaryImageOfPage":{"@id":"https:\/\/tourtravelandmore.com\/es\/tours\/croacia-es\/split-es\/split-actividades-es\/excursion-privada-a-los-lagos-de-plitvice-desde-split\/#primaryimage"},"image":{"@id":"https:\/\/tourtravelandmore.com\/es\/tours\/croacia-es\/split-es\/split-actividades-es\/excursion-privada-a-los-lagos-de-plitvice-desde-split\/#primaryimage"},"thumbnailUrl":"https:\/\/tourtravelandmore.com\/wp-content\/uploads\/2020\/08\/lake-1.jpg","datePublished":"2020-08-13T13:06:55+00:00","dateModified":"2025-01-15T20:04:30+00:00","description":"Disfrute de esta Excursi\u00f3n Privada a los Lagos de Plitvice desde Split con chofer privado y gu\u00eda local oficial. Entrada al Parque Nacional incluida.","breadcrumb":{"@id":"https:\/\/tourtravelandmore.com\/es\/tours\/croacia-es\/split-es\/split-actividades-es\/excursion-privada-a-los-lagos-de-plitvice-desde-split\/#breadcrumb"},"inLanguage":"es","potentialAction":[{"@type":"ReadAction","target":["https:\/\/tourtravelandmore.com\/es\/tours\/croacia-es\/split-es\/split-actividades-es\/excursion-privada-a-los-lagos-de-plitvice-desde-split\/"]}]},{"@type":"ImageObject","inLanguage":"es","@id":"https:\/\/tourtravelandmore.com\/es\/tours\/croacia-es\/split-es\/split-actividades-es\/excursion-privada-a-los-lagos-de-plitvice-desde-split\/#primaryimage","url":"https:\/\/tourtravelandmore.com\/wp-content\/uploads\/2020\/08\/lake-1.jpg","contentUrl":"https:\/\/tourtravelandmore.com\/wp-content\/uploads\/2020\/08\/lake-1.jpg","width":2048,"height":1536,"caption":"OLYMPUS DIGITAL CAMERA"},{"@type":"BreadcrumbList","@id":"https:\/\/tourtravelandmore.com\/es\/tours\/croacia-es\/split-es\/split-actividades-es\/excursion-privada-a-los-lagos-de-plitvice-desde-split\/#breadcrumb","itemListElement":[{"@type":"ListItem","position":1,"name":"Home","item":"https:\/\/tourtravelandmore.com\/es\/"},{"@type":"ListItem","position":2,"name":"Tours","item":"https:\/\/tourtravelandmore.com\/es\/tours\/"},{"@type":"ListItem","position":3,"name":"Excursi\u00f3n Privada a los Lagos de Plitvice desde Split"}]},{"@type":"WebSite","@id":"https:\/\/tourtravelandmore.com\/es\/#website","url":"https:\/\/tourtravelandmore.com\/es\/","name":"Tour Travel And More","description":"Private sightseeing tours and luxury transfers in Spain","publisher":{"@id":"https:\/\/tourtravelandmore.com\/es\/#organization"},"potentialAction":[{"@type":"SearchAction","target":{"@type":"EntryPoint","urlTemplate":"https:\/\/tourtravelandmore.com\/es\/?s={search_term_string}"},"query-input":{"@type":"PropertyValueSpecification","valueRequired":true,"valueName":"search_term_string"}}],"inLanguage":"es"},{"@type":"Organization","@id":"https:\/\/tourtravelandmore.com\/es\/#organization","name":"Tour Travel And More","url":"https:\/\/tourtravelandmore.com\/es\/","logo":{"@type":"ImageObject","inLanguage":"es","@id":"https:\/\/tourtravelandmore.com\/es\/#\/schema\/logo\/image\/","url":"https:\/\/tourtravelandmore.com\/wp-content\/uploads\/2022\/12\/cropped-logo-cabecera-new.png","contentUrl":"https:\/\/tourtravelandmore.com\/wp-content\/uploads\/2022\/12\/cropped-logo-cabecera-new.png","width":430,"height":61,"caption":"Tour Travel And More"},"image":{"@id":"https:\/\/tourtravelandmore.com\/es\/#\/schema\/logo\/image\/"},"sameAs":["https:\/\/www.facebook.com\/tourtravelandmore\/","https:\/\/x.com\/TourTravel_More"]}]}},"_links":{"self":[{"href":"https:\/\/tourtravelandmore.com\/es\/wp-json\/wp\/v2\/product\/82266","targetHints":{"allow":["GET"]}}],"collection":[{"href":"https:\/\/tourtravelandmore.com\/es\/wp-json\/wp\/v2\/product"}],"about":[{"href":"https:\/\/tourtravelandmore.com\/es\/wp-json\/wp\/v2\/types\/product"}],"replies":[{"embeddable":true,"href":"https:\/\/tourtravelandmore.com\/es\/wp-json\/wp\/v2\/comments?post=82266"}],"wp:featuredmedia":[{"embeddable":true,"href":"https:\/\/tourtravelandmore.com\/es\/wp-json\/wp\/v2\/media\/82276"}],"wp:attachment":[{"href":"https:\/\/tourtravelandmore.com\/es\/wp-json\/wp\/v2\/media?parent=82266"}],"wp:term":[{"taxonomy":"product_brand","embeddable":true,"href":"https:\/\/tourtravelandmore.com\/es\/wp-json\/wp\/v2\/product_brand?post=82266"},{"taxonomy":"product_cat","embeddable":true,"href":"https:\/\/tourtravelandmore.com\/es\/wp-json\/wp\/v2\/product_cat?post=82266"},{"taxonomy":"product_tag","embeddable":true,"href":"https:\/\/tourtravelandmore.com\/es\/wp-json\/wp\/v2\/product_tag?post=82266"}],"curies":[{"name":"wp","href":"https:\/\/api.w.org\/{rel}","templated":true}]}}