{"id":82245,"date":"2020-08-13T11:36:06","date_gmt":"2020-08-13T09:36:07","guid":{"rendered":"https:\/\/tourtravelandmore.com\/?post_type=product&#038;p=82245"},"modified":"2025-01-14T19:19:02","modified_gmt":"2025-01-14T18:19:02","slug":"tour-privado-a-zadar-desde-split","status":"publish","type":"product","link":"https:\/\/tourtravelandmore.com\/es\/tours\/croacia-es\/split-es\/split-actividades-es\/tour-privado-a-zadar-desde-split\/","title":{"rendered":"Tour Privado a Zadar desde Split"},"content":{"rendered":"<h2><strong>Descripci\u00f3n de la Excursi\u00f3n\u00a0Privada a Zadar desde Split<\/strong><\/h2>\n<p>Si ya has visto todo en Split y a\u00fan quieres m\u00e1s, tenemos esta <strong>Excursi\u00f3n Privada a Zadar desde Split<\/strong> que te alucinar\u00e1. <strong>Zadar<\/strong> es una de las ciudades m\u00e1s antiguas y hermosas de Croacia. No pierda la oportunidad de descubrir y explorar esta maravillosa ciudad.<\/p>\n<p><strong>La ciudad de Zadar<\/strong> alberga antiguas ruinas romanas, iglesias medievales y una amplia oferta de museos. Durante su recorrido privado, aprender\u00e1 sobre la historia y el patrimonio de la ciudad.<\/p>\n<p>Tendr\u00e1 a su total disposici\u00f3n un <strong>veh\u00edculo privado de lujo con conductor de habla inglesa<\/strong> durante 8 horas desde Split. Una vez en Zadar, disfrutar\u00e1 de una <strong>visita guiada privada de 2 horas con un experto local<\/strong>. En caso de que lo prefiera, tambi\u00e9n podemos incluir entradas a cualquier monumento o museo que desee visitar.<\/p>\n<p>Esta excursi\u00f3n privada a Zadar desde Split es completamente personalizada. Solo tienes que ponerte en contacto con nosotros y decirnos tus preferencias, luego nosotros haremos el resto.<\/p>\n<p>En caso de que est\u00e9 interesado en un <a href=\"https:\/\/tourtravelandmore.com\/es\/tours\/croacia-es\/split-es\/split-actividades-es\/tour-privado-de-4-horas-a-trogir-y-split\/\">tour privado de medio d\u00eda a Trogir y Split<\/a> u otro lugar en Croacia, \u00a1no dude en contactarnos!.<\/p>\n<h2><strong>Puntos de inter\u00e9s en la Excursi\u00f3n Privada a Zadar desde Split<\/strong><\/h2>\n<p>En primer lugar, se reunir\u00e1 con su conductor privado en el lugar que elija en Split a la hora deseada por usted. En caso de que llegue en un crucero, tambi\u00e9n podemos gestionar la recogida en la terminal de cruceros.<\/p>\n<p>El viaje de Split a Zadar es de aproximadamente 2 horas y lo mismo para regresar. Su veh\u00edculo privado de lujo con aire acondicionado har\u00e1 que su viaje sea mucho m\u00e1s c\u00f3modo.<\/p>\n<p>Una vez en Zadar, se encontrar\u00e1 con su gu\u00eda tur\u00edstico privado para un recorrido a pie de 2 horas por los lugares m\u00e1s importantes de la ciudad. Visitar\u00e1 la <strong>Puerta de la Tierra<\/strong>, que alguna vez fue la entrada principal a la ciudad. Situado junto al puerto de Fo\u0161a, desde all\u00ed se puede disfrutar de unas maravillosas vistas del mar.<\/p>\n<p>Otra parada durante su recorrido ser\u00e1 la <strong>Plaza Renacentista de los 5 pozos<\/strong>, que est\u00e1 rodeada por la muralla medieval y la <strong>torre del Capit\u00e1n<\/strong>. Tambi\u00e9n visitar\u00e1 las murallas y baluartes de la ciudad y la <strong>iglesia de San Donato.<\/strong> La iglesia es el monumento m\u00e1s valioso de la arquitectura pre-rom\u00e1nica de la Alta Edad Media (siglo IX) en Croacia.<\/p>\n<p>Durante la \u00faltima parte de su recorrido privado, visitar\u00e1 el <strong>Foro Romano<\/strong> y las dos atracciones principales de Zadar: <a href=\"https:\/\/www.zadar.hr\/en\/experience\/history-culture\/sea-organ-sun-salutation\">el \u00f3rgano marino y el saludo al sol<\/a>, \u00a1donde podr\u00e1 disfrutar de la puesta de sol m\u00e1s hermosa de Croacia!.<\/p>\n<p>El Foro Romano se encuentra a solo unos pasos del paseo mar\u00edtimo. Fue encargado por el primer emperador romano, Augusto, y construido entre el siglo I a. C. y el siglo III d.C.<\/p>\n<p>Finalmente visitar\u00e1s el \u00d3rgano Marino y el Saludo al Sol, las atracciones m\u00e1s conocidas de Zadar. Ambas son obras del arquitecto local Nikola Ba\u0161i\u0107. El \u00f3rgano marino es un objeto de arte sonoro y un instrumento musical experimental que crea hermosas melod\u00edas repicadas utilizando solo el poder de las olas del mar.<\/p>\n<p>Al final del recorrido, su conductor privado lo llevar\u00e1 de regreso a su hotel o al punto de partida en Split.<\/p>\n","protected":false},"excerpt":{"rendered":"<p>Disfrute de este <strong>tour privado y personalizado desde Split a Zadar<\/strong> c\u00f3modo en su veh\u00edculo privado de lujo. Zadar es una ciudad croata \u00fanica llena de iglesias medievales, museos y ruinas. Su gu\u00eda local oficial privado le mostrar\u00e1 todos los rincones y secretos de esta ciudad \u00fanica. Podemos incluir entradas a cualquier lugar que desee visitar durante este tour privado. Su conductor y gu\u00eda privados estar\u00e1n a su entera disposici\u00f3n.<\/p>\n","protected":false},"featured_media":82255,"comment_status":"open","ping_status":"closed","template":"","meta":{"_acf_changed":false},"product_brand":[],"product_cat":[2434,2436,2440,2438],"product_tag":[],"class_list":{"0":"post-82245","1":"product","2":"type-product","3":"status-publish","4":"has-post-thumbnail","6":"product_cat-split-es","7":"product_cat-split-actividades-es","8":"product_cat-split-tours-es","9":"product_cat-split-excursiones-es","11":"first","12":"instock","13":"shipping-taxable","14":"purchasable","15":"product-type-simple"},"acf":[],"yoast_head":"<!-- This site is optimized with the Yoast SEO Premium plugin v25.3.1 (Yoast SEO v25.3.1) - https:\/\/yoast.com\/wordpress\/plugins\/seo\/ -->\n<title>\u27a1\ufe0f Excursi\u00f3n Privada a Zadar desde Split en veh\u00edculo privado de lujo | Tour Travel &amp; More<\/title>\n<meta name=\"description\" content=\"Disfrute de esta Excursi\u00f3n Privada a Zadar desde Split de 8 horas. Conozca los lugares mas importantes de Zadar junto a su experto gu\u00eda local \u2705\" \/>\n<meta name=\"robots\" content=\"index, follow, max-snippet:-1, max-image-preview:large, max-video-preview:-1\" \/>\n<link rel=\"canonical\" href=\"https:\/\/tourtravelandmore.com\/es\/tours\/croacia-es\/split-es\/split-actividades-es\/tour-privado-a-zadar-desde-split\/\" \/>\n<meta property=\"og:locale\" content=\"es_ES\" \/>\n<meta property=\"og:type\" content=\"article\" \/>\n<meta property=\"og:title\" content=\"Tour Privado a Zadar desde Split\" \/>\n<meta property=\"og:description\" content=\"Disfrute de esta Excursi\u00f3n Privada a Zadar desde Split de 8 horas. Conozca los lugares mas importantes de Zadar junto a su experto gu\u00eda local \u2705\" \/>\n<meta property=\"og:url\" content=\"https:\/\/tourtravelandmore.com\/es\/tours\/croacia-es\/split-es\/split-actividades-es\/tour-privado-a-zadar-desde-split\/\" \/>\n<meta property=\"og:site_name\" content=\"Tour Travel And More\" \/>\n<meta property=\"article:publisher\" content=\"https:\/\/www.facebook.com\/tourtravelandmore\/\" \/>\n<meta property=\"article:modified_time\" content=\"2025-01-14T18:19:02+00:00\" \/>\n<meta property=\"og:image\" content=\"https:\/\/tourtravelandmore.com\/wp-content\/uploads\/2020\/08\/zadar-2.jpg\" \/>\n\t<meta property=\"og:image:width\" content=\"1024\" \/>\n\t<meta property=\"og:image:height\" content=\"680\" \/>\n\t<meta property=\"og:image:type\" content=\"image\/jpeg\" \/>\n<meta name=\"twitter:card\" content=\"summary_large_image\" \/>\n<meta name=\"twitter:site\" content=\"@TourTravel_More\" \/>\n<meta name=\"twitter:label1\" content=\"Tiempo de lectura\" \/>\n\t<meta name=\"twitter:data1\" content=\"3 minutos\" \/>\n<script type=\"application\/ld+json\" class=\"yoast-schema-graph\">{\"@context\":\"https:\/\/schema.org\",\"@graph\":[{\"@type\":\"WebPage\",\"@id\":\"https:\/\/tourtravelandmore.com\/es\/tours\/croacia-es\/split-es\/split-actividades-es\/tour-privado-a-zadar-desde-split\/\",\"url\":\"https:\/\/tourtravelandmore.com\/es\/tours\/croacia-es\/split-es\/split-actividades-es\/tour-privado-a-zadar-desde-split\/\",\"name\":\"\u27a1\ufe0f Excursi\u00f3n Privada a Zadar desde Split en veh\u00edculo privado de lujo | Tour Travel & More\",\"isPartOf\":{\"@id\":\"https:\/\/tourtravelandmore.com\/es\/#website\"},\"primaryImageOfPage\":{\"@id\":\"https:\/\/tourtravelandmore.com\/es\/tours\/croacia-es\/split-es\/split-actividades-es\/tour-privado-a-zadar-desde-split\/#primaryimage\"},\"image\":{\"@id\":\"https:\/\/tourtravelandmore.com\/es\/tours\/croacia-es\/split-es\/split-actividades-es\/tour-privado-a-zadar-desde-split\/#primaryimage\"},\"thumbnailUrl\":\"https:\/\/tourtravelandmore.com\/wp-content\/uploads\/2020\/08\/zadar-2.jpg\",\"datePublished\":\"2020-08-13T09:36:07+00:00\",\"dateModified\":\"2025-01-14T18:19:02+00:00\",\"description\":\"Disfrute de esta Excursi\u00f3n Privada a Zadar desde Split de 8 horas. Conozca los lugares mas importantes de Zadar junto a su experto gu\u00eda local \u2705\",\"breadcrumb\":{\"@id\":\"https:\/\/tourtravelandmore.com\/es\/tours\/croacia-es\/split-es\/split-actividades-es\/tour-privado-a-zadar-desde-split\/#breadcrumb\"},\"inLanguage\":\"es\",\"potentialAction\":[{\"@type\":\"ReadAction\",\"target\":[\"https:\/\/tourtravelandmore.com\/es\/tours\/croacia-es\/split-es\/split-actividades-es\/tour-privado-a-zadar-desde-split\/\"]}]},{\"@type\":\"ImageObject\",\"inLanguage\":\"es\",\"@id\":\"https:\/\/tourtravelandmore.com\/es\/tours\/croacia-es\/split-es\/split-actividades-es\/tour-privado-a-zadar-desde-split\/#primaryimage\",\"url\":\"https:\/\/tourtravelandmore.com\/wp-content\/uploads\/2020\/08\/zadar-2.jpg\",\"contentUrl\":\"https:\/\/tourtravelandmore.com\/wp-content\/uploads\/2020\/08\/zadar-2.jpg\",\"width\":1024,\"height\":680},{\"@type\":\"BreadcrumbList\",\"@id\":\"https:\/\/tourtravelandmore.com\/es\/tours\/croacia-es\/split-es\/split-actividades-es\/tour-privado-a-zadar-desde-split\/#breadcrumb\",\"itemListElement\":[{\"@type\":\"ListItem\",\"position\":1,\"name\":\"Home\",\"item\":\"https:\/\/tourtravelandmore.com\/es\/\"},{\"@type\":\"ListItem\",\"position\":2,\"name\":\"Tours\",\"item\":\"https:\/\/tourtravelandmore.com\/es\/tours\/\"},{\"@type\":\"ListItem\",\"position\":3,\"name\":\"Tour Privado a Zadar desde Split\"}]},{\"@type\":\"WebSite\",\"@id\":\"https:\/\/tourtravelandmore.com\/es\/#website\",\"url\":\"https:\/\/tourtravelandmore.com\/es\/\",\"name\":\"Tour Travel And More\",\"description\":\"Private sightseeing tours and luxury transfers in Spain\",\"publisher\":{\"@id\":\"https:\/\/tourtravelandmore.com\/es\/#organization\"},\"potentialAction\":[{\"@type\":\"SearchAction\",\"target\":{\"@type\":\"EntryPoint\",\"urlTemplate\":\"https:\/\/tourtravelandmore.com\/es\/?s={search_term_string}\"},\"query-input\":{\"@type\":\"PropertyValueSpecification\",\"valueRequired\":true,\"valueName\":\"search_term_string\"}}],\"inLanguage\":\"es\"},{\"@type\":\"Organization\",\"@id\":\"https:\/\/tourtravelandmore.com\/es\/#organization\",\"name\":\"Tour Travel And More\",\"url\":\"https:\/\/tourtravelandmore.com\/es\/\",\"logo\":{\"@type\":\"ImageObject\",\"inLanguage\":\"es\",\"@id\":\"https:\/\/tourtravelandmore.com\/es\/#\/schema\/logo\/image\/\",\"url\":\"https:\/\/tourtravelandmore.com\/wp-content\/uploads\/2022\/12\/cropped-logo-cabecera-new.png\",\"contentUrl\":\"https:\/\/tourtravelandmore.com\/wp-content\/uploads\/2022\/12\/cropped-logo-cabecera-new.png\",\"width\":430,\"height\":61,\"caption\":\"Tour Travel And More\"},\"image\":{\"@id\":\"https:\/\/tourtravelandmore.com\/es\/#\/schema\/logo\/image\/\"},\"sameAs\":[\"https:\/\/www.facebook.com\/tourtravelandmore\/\",\"https:\/\/x.com\/TourTravel_More\"]}]}<\/script>\n<!-- \/ Yoast SEO Premium plugin. -->","yoast_head_json":{"title":"\u27a1\ufe0f Excursi\u00f3n Privada a Zadar desde Split en veh\u00edculo privado de lujo | Tour Travel & More","description":"Disfrute de esta Excursi\u00f3n Privada a Zadar desde Split de 8 horas. Conozca los lugares mas importantes de Zadar junto a su experto gu\u00eda local \u2705","robots":{"index":"index","follow":"follow","max-snippet":"max-snippet:-1","max-image-preview":"max-image-preview:large","max-video-preview":"max-video-preview:-1"},"canonical":"https:\/\/tourtravelandmore.com\/es\/tours\/croacia-es\/split-es\/split-actividades-es\/tour-privado-a-zadar-desde-split\/","og_locale":"es_ES","og_type":"article","og_title":"Tour Privado a Zadar desde Split","og_description":"Disfrute de esta Excursi\u00f3n Privada a Zadar desde Split de 8 horas. Conozca los lugares mas importantes de Zadar junto a su experto gu\u00eda local \u2705","og_url":"https:\/\/tourtravelandmore.com\/es\/tours\/croacia-es\/split-es\/split-actividades-es\/tour-privado-a-zadar-desde-split\/","og_site_name":"Tour Travel And More","article_publisher":"https:\/\/www.facebook.com\/tourtravelandmore\/","article_modified_time":"2025-01-14T18:19:02+00:00","og_image":[{"width":1024,"height":680,"url":"https:\/\/tourtravelandmore.com\/wp-content\/uploads\/2020\/08\/zadar-2.jpg","type":"image\/jpeg"}],"twitter_card":"summary_large_image","twitter_site":"@TourTravel_More","twitter_misc":{"Tiempo de lectura":"3 minutos"},"schema":{"@context":"https:\/\/schema.org","@graph":[{"@type":"WebPage","@id":"https:\/\/tourtravelandmore.com\/es\/tours\/croacia-es\/split-es\/split-actividades-es\/tour-privado-a-zadar-desde-split\/","url":"https:\/\/tourtravelandmore.com\/es\/tours\/croacia-es\/split-es\/split-actividades-es\/tour-privado-a-zadar-desde-split\/","name":"\u27a1\ufe0f Excursi\u00f3n Privada a Zadar desde Split en veh\u00edculo privado de lujo | Tour Travel & More","isPartOf":{"@id":"https:\/\/tourtravelandmore.com\/es\/#website"},"primaryImageOfPage":{"@id":"https:\/\/tourtravelandmore.com\/es\/tours\/croacia-es\/split-es\/split-actividades-es\/tour-privado-a-zadar-desde-split\/#primaryimage"},"image":{"@id":"https:\/\/tourtravelandmore.com\/es\/tours\/croacia-es\/split-es\/split-actividades-es\/tour-privado-a-zadar-desde-split\/#primaryimage"},"thumbnailUrl":"https:\/\/tourtravelandmore.com\/wp-content\/uploads\/2020\/08\/zadar-2.jpg","datePublished":"2020-08-13T09:36:07+00:00","dateModified":"2025-01-14T18:19:02+00:00","description":"Disfrute de esta Excursi\u00f3n Privada a Zadar desde Split de 8 horas. Conozca los lugares mas importantes de Zadar junto a su experto gu\u00eda local \u2705","breadcrumb":{"@id":"https:\/\/tourtravelandmore.com\/es\/tours\/croacia-es\/split-es\/split-actividades-es\/tour-privado-a-zadar-desde-split\/#breadcrumb"},"inLanguage":"es","potentialAction":[{"@type":"ReadAction","target":["https:\/\/tourtravelandmore.com\/es\/tours\/croacia-es\/split-es\/split-actividades-es\/tour-privado-a-zadar-desde-split\/"]}]},{"@type":"ImageObject","inLanguage":"es","@id":"https:\/\/tourtravelandmore.com\/es\/tours\/croacia-es\/split-es\/split-actividades-es\/tour-privado-a-zadar-desde-split\/#primaryimage","url":"https:\/\/tourtravelandmore.com\/wp-content\/uploads\/2020\/08\/zadar-2.jpg","contentUrl":"https:\/\/tourtravelandmore.com\/wp-content\/uploads\/2020\/08\/zadar-2.jpg","width":1024,"height":680},{"@type":"BreadcrumbList","@id":"https:\/\/tourtravelandmore.com\/es\/tours\/croacia-es\/split-es\/split-actividades-es\/tour-privado-a-zadar-desde-split\/#breadcrumb","itemListElement":[{"@type":"ListItem","position":1,"name":"Home","item":"https:\/\/tourtravelandmore.com\/es\/"},{"@type":"ListItem","position":2,"name":"Tours","item":"https:\/\/tourtravelandmore.com\/es\/tours\/"},{"@type":"ListItem","position":3,"name":"Tour Privado a Zadar desde Split"}]},{"@type":"WebSite","@id":"https:\/\/tourtravelandmore.com\/es\/#website","url":"https:\/\/tourtravelandmore.com\/es\/","name":"Tour Travel And More","description":"Private sightseeing tours and luxury transfers in Spain","publisher":{"@id":"https:\/\/tourtravelandmore.com\/es\/#organization"},"potentialAction":[{"@type":"SearchAction","target":{"@type":"EntryPoint","urlTemplate":"https:\/\/tourtravelandmore.com\/es\/?s={search_term_string}"},"query-input":{"@type":"PropertyValueSpecification","valueRequired":true,"valueName":"search_term_string"}}],"inLanguage":"es"},{"@type":"Organization","@id":"https:\/\/tourtravelandmore.com\/es\/#organization","name":"Tour Travel And More","url":"https:\/\/tourtravelandmore.com\/es\/","logo":{"@type":"ImageObject","inLanguage":"es","@id":"https:\/\/tourtravelandmore.com\/es\/#\/schema\/logo\/image\/","url":"https:\/\/tourtravelandmore.com\/wp-content\/uploads\/2022\/12\/cropped-logo-cabecera-new.png","contentUrl":"https:\/\/tourtravelandmore.com\/wp-content\/uploads\/2022\/12\/cropped-logo-cabecera-new.png","width":430,"height":61,"caption":"Tour Travel And More"},"image":{"@id":"https:\/\/tourtravelandmore.com\/es\/#\/schema\/logo\/image\/"},"sameAs":["https:\/\/www.facebook.com\/tourtravelandmore\/","https:\/\/x.com\/TourTravel_More"]}]}},"_links":{"self":[{"href":"https:\/\/tourtravelandmore.com\/es\/wp-json\/wp\/v2\/product\/82245","targetHints":{"allow":["GET"]}}],"collection":[{"href":"https:\/\/tourtravelandmore.com\/es\/wp-json\/wp\/v2\/product"}],"about":[{"href":"https:\/\/tourtravelandmore.com\/es\/wp-json\/wp\/v2\/types\/product"}],"replies":[{"embeddable":true,"href":"https:\/\/tourtravelandmore.com\/es\/wp-json\/wp\/v2\/comments?post=82245"}],"wp:featuredmedia":[{"embeddable":true,"href":"https:\/\/tourtravelandmore.com\/es\/wp-json\/wp\/v2\/media\/82255"}],"wp:attachment":[{"href":"https:\/\/tourtravelandmore.com\/es\/wp-json\/wp\/v2\/media?parent=82245"}],"wp:term":[{"taxonomy":"product_brand","embeddable":true,"href":"https:\/\/tourtravelandmore.com\/es\/wp-json\/wp\/v2\/product_brand?post=82245"},{"taxonomy":"product_cat","embeddable":true,"href":"https:\/\/tourtravelandmore.com\/es\/wp-json\/wp\/v2\/product_cat?post=82245"},{"taxonomy":"product_tag","embeddable":true,"href":"https:\/\/tourtravelandmore.com\/es\/wp-json\/wp\/v2\/product_tag?post=82245"}],"curies":[{"name":"wp","href":"https:\/\/api.w.org\/{rel}","templated":true}]}}