{"id":82223,"date":"2020-08-13T09:56:38","date_gmt":"2020-08-13T07:56:40","guid":{"rendered":"https:\/\/tourtravelandmore.com\/?post_type=product&#038;p=82223"},"modified":"2025-01-23T19:07:31","modified_gmt":"2025-01-23T18:07:31","slug":"tour-privado-de-4-horas-a-trogir-y-split","status":"publish","type":"product","link":"https:\/\/tourtravelandmore.com\/es\/tours\/croacia-es\/split-es\/split-actividades-es\/tour-privado-de-4-horas-a-trogir-y-split\/","title":{"rendered":"Tour Privado de Trogir y Split"},"content":{"rendered":"<h2><strong>Descripci\u00f3n del Tour Privado de Trogir y Split<\/strong><\/h2>\n<p>Si desea un recorrido corto por Split y sus alrededores, este <strong>Tour Privado de Trogir y Split<\/strong> podr\u00eda ser una excelente opci\u00f3n. Podr\u00e1 visitar una ciudad insular de la UNESCO y el centro antiguo de Split junto con un <strong>gu\u00eda oficial privado<\/strong>.<\/p>\n<p><strong>Split<\/strong> se encuentra en una peque\u00f1a pen\u00ednsula y debe su nombre a los antiguos griegos que se establecieron all\u00ed en el siglo IV. Su nombre deriva de la palabra griega &#8220;Aspalathos&#8221; que significa &#8220;flor del arbusto&#8221; en espa\u00f1ol.<\/p>\n<p>Por otro lado, <strong>Trogir<\/strong> es un pueblo que realmente vale la pena conocer. Es una ciudad hist\u00f3rica ubicada en la costa del mar Adri\u00e1tico en la regi\u00f3n de Split-Dalmacia. Un dato interesante, es que la ciudad fue construida sobre una peque\u00f1a isla ubicada entre el continente y la isla de Ciovo.<\/p>\n<p>Debido a su trazado urbano \u00fanico y la relevancia de algunos de sus edificios barrocos y renacentistas, Trogir fue declarado <a href=\"https:\/\/whc.unesco.org\/en\/list\/810\/\">Patrimonio de la Humanidad por la UNESCO<\/a> en 1997.<\/p>\n<p>Con este tour privado de Trogir y Split, podr\u00e1 visitar los pueblos antiguos de ambas ciudades y admirar su arquitectura \u00fanica. Su <strong>conductor privado<\/strong> y gu\u00eda tur\u00edstico oficial estar\u00e1n a su total disposici\u00f3n durante todo el recorrido. Este es un ejemplo de un recorrido de 4 horas, pero como es una experiencia privada, podr\u00e1 personalizar cualquier parte del viaje.<\/p>\n<h2><strong>Puntos de inter\u00e9s en el\u00a0<\/strong><\/h2>\n<p>En primer lugar, su conductor privado y su gu\u00eda tur\u00edstico oficial lo recoger\u00e1n en su lugar a elecci\u00f3n en Split en un veh\u00edculo de lujo. El recorrido puede comenzar a la hora deseada por usted.<\/p>\n<p>En segundo lugar, disfrutar\u00e1 de un viaje costero de 30 minutos hasta la ciudad isle\u00f1a de Trogir. Aqu\u00ed caminar\u00e1s por sus calles adoquinadas, plazas y paseo mar\u00edtimo para admirar sus impresionantes vistas. Tambi\u00e9n podr\u00e1 ver los siguientes lugares:<\/p>\n<ul>\n<li><strong>Catedral de San Lorenzo:<\/strong>\u00a0construida en el siglo XIII<\/li>\n<li><strong>Fuerte Veneciano de Kamerlengo:<\/strong>\u00a0construido en el siglo XVI<\/li>\n<li><strong>Palacios Medievales Renacentistas<\/strong><\/li>\n<li><strong>Casas locales de piedra caliza<\/strong><\/li>\n<li>\u00a1y mucho m\u00e1s!<\/li>\n<\/ul>\n<p>Despu\u00e9s de visitar esta incre\u00edble ciudad, regresar\u00e1 a Split para realizar una visita guiada por el casco antiguo. Una vez en Split, su gu\u00eda oficial privado lo llevar\u00e1 a visitar los monumentos y lugares m\u00e1s importantes, tales como:<\/p>\n<ul>\n<li><strong>Palacio Diocleciano<\/strong><\/li>\n<li><strong>Catedral de San Diomo<\/strong><\/li>\n<li><strong>Plaza de Peristilo<\/strong><\/li>\n<li><strong>Golden Gate (Puerta Dorada)<\/strong><\/li>\n<li><strong>Riva<\/strong><\/li>\n<li>\u00a1y mucho m\u00e1s!<\/li>\n<\/ul>\n<p>En caso de que est\u00e9 interesado en visitar alg\u00fan monumento o museo en particular, h\u00e1ganoslo saber y gestionaremos la entrada para usted.<\/p>\n<p>Finalmente, su conductor privado y su gu\u00eda tur\u00edstico oficial lo llevar\u00e1n de regreso a su punto de partida en Split.<\/p>\n<p>Si solo desea un recorrido r\u00e1pido por Split, eche un vistazo a nuestro <a href=\"https:\/\/tourtravelandmore.com\/es\/tours\/croacia-es\/split-es\/split-actividades-es\/tour-privado-a-pie-por-split\/\">tour privado a pie por Split<\/a>.<\/p>\n","protected":false},"excerpt":{"rendered":"<p>El pa\u00eds de Croacia tiene mucho que ofrecer, por lo que en esta ocasi\u00f3n, definitivamente recomendamos este <strong>tour privado de Split y Trogir desde Split<\/strong>. Este es un recorrido perfecto para aquellos que no tienen mucho tiempo para explorar. Tendr\u00e1 un veh\u00edculo privado de lujo con conductor disponible durante las primeras 2 horas para visitar Trogir, luego en Split, disfrutar\u00e1 de un recorrido privado por la ciudad. El gu\u00eda tur\u00edstico oficial estar\u00e1 a su disposici\u00f3n durante todo el recorrido.<\/p>\n","protected":false},"featured_media":82233,"comment_status":"open","ping_status":"closed","template":"","meta":{"_acf_changed":false},"product_brand":[],"product_cat":[2434,2436,2440,2438],"product_tag":[],"class_list":{"0":"post-82223","1":"product","2":"type-product","3":"status-publish","4":"has-post-thumbnail","6":"product_cat-split-es","7":"product_cat-split-actividades-es","8":"product_cat-split-tours-es","9":"product_cat-split-excursiones-es","11":"first","12":"instock","13":"shipping-taxable","14":"purchasable","15":"product-type-simple"},"acf":[],"yoast_head":"<!-- This site is optimized with the Yoast SEO Premium plugin v25.3.1 (Yoast SEO v25.3.1) - https:\/\/yoast.com\/wordpress\/plugins\/seo\/ -->\n<title>\u27a1\ufe0f Tour Privado de Trogir y Split con chofer privado y gu\u00eda oficial | Tour Travel &amp; More<\/title>\n<meta name=\"description\" content=\"Disfrute de este Tour Privado de Trogir y Split c\u00f3modo en su vehiculo privado de lujo con chofer. Conozca estas hermosas hist\u00f3ricas ciudades costeras \u2705\" \/>\n<meta name=\"robots\" content=\"index, follow, max-snippet:-1, max-image-preview:large, max-video-preview:-1\" \/>\n<link rel=\"canonical\" href=\"https:\/\/tourtravelandmore.com\/es\/tours\/croacia-es\/split-es\/split-actividades-es\/tour-privado-de-4-horas-a-trogir-y-split\/\" \/>\n<meta property=\"og:locale\" content=\"es_ES\" \/>\n<meta property=\"og:type\" content=\"article\" \/>\n<meta property=\"og:title\" content=\"Tour Privado de Trogir y Split\" \/>\n<meta property=\"og:description\" content=\"Disfrute de este Tour Privado de Trogir y Split c\u00f3modo en su vehiculo privado de lujo con chofer. Conozca estas hermosas hist\u00f3ricas ciudades costeras \u2705\" \/>\n<meta property=\"og:url\" content=\"https:\/\/tourtravelandmore.com\/es\/tours\/croacia-es\/split-es\/split-actividades-es\/tour-privado-de-4-horas-a-trogir-y-split\/\" \/>\n<meta property=\"og:site_name\" content=\"Tour Travel And More\" \/>\n<meta property=\"article:publisher\" content=\"https:\/\/www.facebook.com\/tourtravelandmore\/\" \/>\n<meta property=\"article:modified_time\" content=\"2025-01-23T18:07:31+00:00\" \/>\n<meta property=\"og:image\" content=\"https:\/\/tourtravelandmore.com\/wp-content\/uploads\/2020\/08\/trogir-1-scaled.jpg\" \/>\n\t<meta property=\"og:image:width\" content=\"2560\" \/>\n\t<meta property=\"og:image:height\" content=\"1702\" \/>\n\t<meta property=\"og:image:type\" content=\"image\/jpeg\" \/>\n<meta name=\"twitter:card\" content=\"summary_large_image\" \/>\n<meta name=\"twitter:site\" content=\"@TourTravel_More\" \/>\n<meta name=\"twitter:label1\" content=\"Tiempo de lectura\" \/>\n\t<meta name=\"twitter:data1\" content=\"2 minutos\" \/>\n<script type=\"application\/ld+json\" class=\"yoast-schema-graph\">{\"@context\":\"https:\/\/schema.org\",\"@graph\":[{\"@type\":\"WebPage\",\"@id\":\"https:\/\/tourtravelandmore.com\/es\/tours\/croacia-es\/split-es\/split-actividades-es\/tour-privado-de-4-horas-a-trogir-y-split\/\",\"url\":\"https:\/\/tourtravelandmore.com\/es\/tours\/croacia-es\/split-es\/split-actividades-es\/tour-privado-de-4-horas-a-trogir-y-split\/\",\"name\":\"\u27a1\ufe0f Tour Privado de Trogir y Split con chofer privado y gu\u00eda oficial | Tour Travel & More\",\"isPartOf\":{\"@id\":\"https:\/\/tourtravelandmore.com\/es\/#website\"},\"primaryImageOfPage\":{\"@id\":\"https:\/\/tourtravelandmore.com\/es\/tours\/croacia-es\/split-es\/split-actividades-es\/tour-privado-de-4-horas-a-trogir-y-split\/#primaryimage\"},\"image\":{\"@id\":\"https:\/\/tourtravelandmore.com\/es\/tours\/croacia-es\/split-es\/split-actividades-es\/tour-privado-de-4-horas-a-trogir-y-split\/#primaryimage\"},\"thumbnailUrl\":\"https:\/\/tourtravelandmore.com\/wp-content\/uploads\/2020\/08\/trogir-1-scaled.jpg\",\"datePublished\":\"2020-08-13T07:56:40+00:00\",\"dateModified\":\"2025-01-23T18:07:31+00:00\",\"description\":\"Disfrute de este Tour Privado de Trogir y Split c\u00f3modo en su vehiculo privado de lujo con chofer. Conozca estas hermosas hist\u00f3ricas ciudades costeras \u2705\",\"breadcrumb\":{\"@id\":\"https:\/\/tourtravelandmore.com\/es\/tours\/croacia-es\/split-es\/split-actividades-es\/tour-privado-de-4-horas-a-trogir-y-split\/#breadcrumb\"},\"inLanguage\":\"es\",\"potentialAction\":[{\"@type\":\"ReadAction\",\"target\":[\"https:\/\/tourtravelandmore.com\/es\/tours\/croacia-es\/split-es\/split-actividades-es\/tour-privado-de-4-horas-a-trogir-y-split\/\"]}]},{\"@type\":\"ImageObject\",\"inLanguage\":\"es\",\"@id\":\"https:\/\/tourtravelandmore.com\/es\/tours\/croacia-es\/split-es\/split-actividades-es\/tour-privado-de-4-horas-a-trogir-y-split\/#primaryimage\",\"url\":\"https:\/\/tourtravelandmore.com\/wp-content\/uploads\/2020\/08\/trogir-1-scaled.jpg\",\"contentUrl\":\"https:\/\/tourtravelandmore.com\/wp-content\/uploads\/2020\/08\/trogir-1-scaled.jpg\",\"width\":2560,\"height\":1702},{\"@type\":\"BreadcrumbList\",\"@id\":\"https:\/\/tourtravelandmore.com\/es\/tours\/croacia-es\/split-es\/split-actividades-es\/tour-privado-de-4-horas-a-trogir-y-split\/#breadcrumb\",\"itemListElement\":[{\"@type\":\"ListItem\",\"position\":1,\"name\":\"Home\",\"item\":\"https:\/\/tourtravelandmore.com\/es\/\"},{\"@type\":\"ListItem\",\"position\":2,\"name\":\"Tours\",\"item\":\"https:\/\/tourtravelandmore.com\/es\/tours\/\"},{\"@type\":\"ListItem\",\"position\":3,\"name\":\"Tour Privado de Trogir y Split\"}]},{\"@type\":\"WebSite\",\"@id\":\"https:\/\/tourtravelandmore.com\/es\/#website\",\"url\":\"https:\/\/tourtravelandmore.com\/es\/\",\"name\":\"Tour Travel And More\",\"description\":\"Private sightseeing tours and luxury transfers in Spain\",\"publisher\":{\"@id\":\"https:\/\/tourtravelandmore.com\/es\/#organization\"},\"potentialAction\":[{\"@type\":\"SearchAction\",\"target\":{\"@type\":\"EntryPoint\",\"urlTemplate\":\"https:\/\/tourtravelandmore.com\/es\/?s={search_term_string}\"},\"query-input\":{\"@type\":\"PropertyValueSpecification\",\"valueRequired\":true,\"valueName\":\"search_term_string\"}}],\"inLanguage\":\"es\"},{\"@type\":\"Organization\",\"@id\":\"https:\/\/tourtravelandmore.com\/es\/#organization\",\"name\":\"Tour Travel And More\",\"url\":\"https:\/\/tourtravelandmore.com\/es\/\",\"logo\":{\"@type\":\"ImageObject\",\"inLanguage\":\"es\",\"@id\":\"https:\/\/tourtravelandmore.com\/es\/#\/schema\/logo\/image\/\",\"url\":\"https:\/\/tourtravelandmore.com\/wp-content\/uploads\/2022\/12\/cropped-logo-cabecera-new.png\",\"contentUrl\":\"https:\/\/tourtravelandmore.com\/wp-content\/uploads\/2022\/12\/cropped-logo-cabecera-new.png\",\"width\":430,\"height\":61,\"caption\":\"Tour Travel And More\"},\"image\":{\"@id\":\"https:\/\/tourtravelandmore.com\/es\/#\/schema\/logo\/image\/\"},\"sameAs\":[\"https:\/\/www.facebook.com\/tourtravelandmore\/\",\"https:\/\/x.com\/TourTravel_More\"]}]}<\/script>\n<!-- \/ Yoast SEO Premium plugin. -->","yoast_head_json":{"title":"\u27a1\ufe0f Tour Privado de Trogir y Split con chofer privado y gu\u00eda oficial | Tour Travel & More","description":"Disfrute de este Tour Privado de Trogir y Split c\u00f3modo en su vehiculo privado de lujo con chofer. Conozca estas hermosas hist\u00f3ricas ciudades costeras \u2705","robots":{"index":"index","follow":"follow","max-snippet":"max-snippet:-1","max-image-preview":"max-image-preview:large","max-video-preview":"max-video-preview:-1"},"canonical":"https:\/\/tourtravelandmore.com\/es\/tours\/croacia-es\/split-es\/split-actividades-es\/tour-privado-de-4-horas-a-trogir-y-split\/","og_locale":"es_ES","og_type":"article","og_title":"Tour Privado de Trogir y Split","og_description":"Disfrute de este Tour Privado de Trogir y Split c\u00f3modo en su vehiculo privado de lujo con chofer. Conozca estas hermosas hist\u00f3ricas ciudades costeras \u2705","og_url":"https:\/\/tourtravelandmore.com\/es\/tours\/croacia-es\/split-es\/split-actividades-es\/tour-privado-de-4-horas-a-trogir-y-split\/","og_site_name":"Tour Travel And More","article_publisher":"https:\/\/www.facebook.com\/tourtravelandmore\/","article_modified_time":"2025-01-23T18:07:31+00:00","og_image":[{"width":2560,"height":1702,"url":"https:\/\/tourtravelandmore.com\/wp-content\/uploads\/2020\/08\/trogir-1-scaled.jpg","type":"image\/jpeg"}],"twitter_card":"summary_large_image","twitter_site":"@TourTravel_More","twitter_misc":{"Tiempo de lectura":"2 minutos"},"schema":{"@context":"https:\/\/schema.org","@graph":[{"@type":"WebPage","@id":"https:\/\/tourtravelandmore.com\/es\/tours\/croacia-es\/split-es\/split-actividades-es\/tour-privado-de-4-horas-a-trogir-y-split\/","url":"https:\/\/tourtravelandmore.com\/es\/tours\/croacia-es\/split-es\/split-actividades-es\/tour-privado-de-4-horas-a-trogir-y-split\/","name":"\u27a1\ufe0f Tour Privado de Trogir y Split con chofer privado y gu\u00eda oficial | Tour Travel & More","isPartOf":{"@id":"https:\/\/tourtravelandmore.com\/es\/#website"},"primaryImageOfPage":{"@id":"https:\/\/tourtravelandmore.com\/es\/tours\/croacia-es\/split-es\/split-actividades-es\/tour-privado-de-4-horas-a-trogir-y-split\/#primaryimage"},"image":{"@id":"https:\/\/tourtravelandmore.com\/es\/tours\/croacia-es\/split-es\/split-actividades-es\/tour-privado-de-4-horas-a-trogir-y-split\/#primaryimage"},"thumbnailUrl":"https:\/\/tourtravelandmore.com\/wp-content\/uploads\/2020\/08\/trogir-1-scaled.jpg","datePublished":"2020-08-13T07:56:40+00:00","dateModified":"2025-01-23T18:07:31+00:00","description":"Disfrute de este Tour Privado de Trogir y Split c\u00f3modo en su vehiculo privado de lujo con chofer. Conozca estas hermosas hist\u00f3ricas ciudades costeras \u2705","breadcrumb":{"@id":"https:\/\/tourtravelandmore.com\/es\/tours\/croacia-es\/split-es\/split-actividades-es\/tour-privado-de-4-horas-a-trogir-y-split\/#breadcrumb"},"inLanguage":"es","potentialAction":[{"@type":"ReadAction","target":["https:\/\/tourtravelandmore.com\/es\/tours\/croacia-es\/split-es\/split-actividades-es\/tour-privado-de-4-horas-a-trogir-y-split\/"]}]},{"@type":"ImageObject","inLanguage":"es","@id":"https:\/\/tourtravelandmore.com\/es\/tours\/croacia-es\/split-es\/split-actividades-es\/tour-privado-de-4-horas-a-trogir-y-split\/#primaryimage","url":"https:\/\/tourtravelandmore.com\/wp-content\/uploads\/2020\/08\/trogir-1-scaled.jpg","contentUrl":"https:\/\/tourtravelandmore.com\/wp-content\/uploads\/2020\/08\/trogir-1-scaled.jpg","width":2560,"height":1702},{"@type":"BreadcrumbList","@id":"https:\/\/tourtravelandmore.com\/es\/tours\/croacia-es\/split-es\/split-actividades-es\/tour-privado-de-4-horas-a-trogir-y-split\/#breadcrumb","itemListElement":[{"@type":"ListItem","position":1,"name":"Home","item":"https:\/\/tourtravelandmore.com\/es\/"},{"@type":"ListItem","position":2,"name":"Tours","item":"https:\/\/tourtravelandmore.com\/es\/tours\/"},{"@type":"ListItem","position":3,"name":"Tour Privado de Trogir y Split"}]},{"@type":"WebSite","@id":"https:\/\/tourtravelandmore.com\/es\/#website","url":"https:\/\/tourtravelandmore.com\/es\/","name":"Tour Travel And More","description":"Private sightseeing tours and luxury transfers in Spain","publisher":{"@id":"https:\/\/tourtravelandmore.com\/es\/#organization"},"potentialAction":[{"@type":"SearchAction","target":{"@type":"EntryPoint","urlTemplate":"https:\/\/tourtravelandmore.com\/es\/?s={search_term_string}"},"query-input":{"@type":"PropertyValueSpecification","valueRequired":true,"valueName":"search_term_string"}}],"inLanguage":"es"},{"@type":"Organization","@id":"https:\/\/tourtravelandmore.com\/es\/#organization","name":"Tour Travel And More","url":"https:\/\/tourtravelandmore.com\/es\/","logo":{"@type":"ImageObject","inLanguage":"es","@id":"https:\/\/tourtravelandmore.com\/es\/#\/schema\/logo\/image\/","url":"https:\/\/tourtravelandmore.com\/wp-content\/uploads\/2022\/12\/cropped-logo-cabecera-new.png","contentUrl":"https:\/\/tourtravelandmore.com\/wp-content\/uploads\/2022\/12\/cropped-logo-cabecera-new.png","width":430,"height":61,"caption":"Tour Travel And More"},"image":{"@id":"https:\/\/tourtravelandmore.com\/es\/#\/schema\/logo\/image\/"},"sameAs":["https:\/\/www.facebook.com\/tourtravelandmore\/","https:\/\/x.com\/TourTravel_More"]}]}},"_links":{"self":[{"href":"https:\/\/tourtravelandmore.com\/es\/wp-json\/wp\/v2\/product\/82223","targetHints":{"allow":["GET"]}}],"collection":[{"href":"https:\/\/tourtravelandmore.com\/es\/wp-json\/wp\/v2\/product"}],"about":[{"href":"https:\/\/tourtravelandmore.com\/es\/wp-json\/wp\/v2\/types\/product"}],"replies":[{"embeddable":true,"href":"https:\/\/tourtravelandmore.com\/es\/wp-json\/wp\/v2\/comments?post=82223"}],"wp:featuredmedia":[{"embeddable":true,"href":"https:\/\/tourtravelandmore.com\/es\/wp-json\/wp\/v2\/media\/82233"}],"wp:attachment":[{"href":"https:\/\/tourtravelandmore.com\/es\/wp-json\/wp\/v2\/media?parent=82223"}],"wp:term":[{"taxonomy":"product_brand","embeddable":true,"href":"https:\/\/tourtravelandmore.com\/es\/wp-json\/wp\/v2\/product_brand?post=82223"},{"taxonomy":"product_cat","embeddable":true,"href":"https:\/\/tourtravelandmore.com\/es\/wp-json\/wp\/v2\/product_cat?post=82223"},{"taxonomy":"product_tag","embeddable":true,"href":"https:\/\/tourtravelandmore.com\/es\/wp-json\/wp\/v2\/product_tag?post=82223"}],"curies":[{"name":"wp","href":"https:\/\/api.w.org\/{rel}","templated":true}]}}