{"id":82204,"date":"2020-08-12T17:45:02","date_gmt":"2020-08-12T15:45:03","guid":{"rendered":"https:\/\/tourtravelandmore.com\/?post_type=product&#038;p=82204"},"modified":"2025-01-15T20:28:24","modified_gmt":"2025-01-15T19:28:24","slug":"tour-privado-a-dubrovnik-desde-split","status":"publish","type":"product","link":"https:\/\/tourtravelandmore.com\/es\/tours\/croacia-es\/split-es\/split-actividades-es\/tour-privado-a-dubrovnik-desde-split\/","title":{"rendered":"Tour Privado a Dubrovnik desde Split"},"content":{"rendered":"<h2><strong>Descripci\u00f3n del Tour Privado a Dubrovnik desde Split<\/strong><\/h2>\n<p>Disfrute de este \u00fanico Tour <strong>Privado a Dubrovnik desde Split<\/strong> c\u00f3modamente en su <strong>veh\u00edculo privado de lujo con conductor<\/strong>\u00a0en ingl\u00e9s. Es una oportunidad perfecta para aprender sobre la fant\u00e1stica ciudad de Dubrovnik si nunca hab\u00edas estado all\u00ed.<\/p>\n<p>La ciudad de <strong>Dubrovnik<\/strong> se encuentra en el extremo sur de la Rep\u00fablica de Croacia. Esta hermosa ciudad est\u00e1 rodeada por fronteras de todas las costas, Montenegro, Bosnia y Herzegovina e Italia. En la Edad Media, Dubrovnik era conocida como la Ciudadela del Adri\u00e1tico, pero hoy en d\u00eda se la conoce como la Perla del Adri\u00e1tico.<\/p>\n<p>Nuestro gu\u00eda oficial privado lo llevar\u00e1 por calles de m\u00e1rmol perdidas entre laberintos, teniendo tambi\u00e9n la oportunidad de ver los hermosos palacios. El gu\u00eda estar\u00e1 a su total disposici\u00f3n durante la visita guiada de 2 horas.<\/p>\n<p>Si est\u00e1 buscando un viaje perfecto de un d\u00eda, este tour privado a Dubrovnik desde Split lo dejar\u00e1 sin aliento. Como solo ofrecemos servicios privados, puede personalizar su recorrido a su gusto. Podemos incluir entradas para cualquier monumento o museo que desee visitar. Lo \u00fanico que tienes que hacer es contactarnos a trav\u00e9s de nuestra p\u00e1gina web, correo, tel\u00e9fono o WhatsApp.<\/p>\n<p>Otra posible opci\u00f3n para un tour de d\u00eda completo, podr\u00eda ser nuestro <a href=\"https:\/\/tourtravelandmore.com\/es\/tours\/croacia-es\/split-es\/split-actividades-es\/tour-a-las-cataratas-de-kravice-y-a-mostar-desde-split\/\">tour privado a las Cataratas de Kravice y Mostar desde Split<\/a>, \u00a1echa un vistazo!.<\/p>\n<h2><strong>Puntos de inter\u00e9s en el Tour Privado a Dubrovnik desde Split<\/strong><\/h2>\n<p>Su conductor privado lo recoger\u00e1 temprano en la ma\u00f1ana en su hotel o lugar de elecci\u00f3n en Split para comenzar esta aventura. El viaje de Split a Dubrovnik es de aproximadamente 2 horas y lo mismo para regresar.<\/p>\n<p>Una vez en Dubrovnik, se encontrar\u00e1 con su gu\u00eda tur\u00edstico oficial privado para una visita guiada de 2 horas al casco antiguo. en encuentro con nuestro gu\u00eda oficial tendr\u00e1 lugar en La Puerta de Pile, la entrada que conecta con <strong>Stari Grad (casco antiguo)<\/strong>.<\/p>\n<p>En este tour, descubrir\u00e1s las tradiciones locales y la rica historia de esta joya del Adri\u00e1tico. Primero visitar\u00e1 una de las calles m\u00e1s famosas y hermosas del casco antiguo de Dubrovnik: <strong>Stradun<\/strong>. Es un camino peatonal empedrado y muy tur\u00edstico, que se extiende por 300 metros lleno de caf\u00e9s y restaurantes.<\/p>\n<p>En un extremo de la calle Stradun, se puede apreciar la hermosa <strong>plaza Lu\u017ea<\/strong> y la <strong>columna de Orlando<\/strong> (El caballero medieval). Este es un lugar ideal para tomar un refrigerio mientras disfruta del ambiente alegre.<\/p>\n<p>En la plaza Lu\u017ea, tambi\u00e9n puede encontrar el hermoso <a href=\"https:\/\/www.wallsofdubrovnik.com\">Palacio Sponza<\/a>, que sirvi\u00f3 como el servicio de aduanas de Divona. Hoy sigue siendo una de las estructuras m\u00e1s representativas del g\u00f3tico renacentista.<\/p>\n<p>Al final del recorrido, su gu\u00eda privado podr\u00e1 recomendarle un restaurante muy agradable para el almuerzo. Tambi\u00e9n podemos gestionar una reserva para usted, para que no tengas que preocuparte por nada.<\/p>\n<p>Finalmente, despu\u00e9s de un d\u00eda lleno de emociones, regresar\u00e1 a su punto de partida en Split junto con su conductor privado.<\/p>\n","protected":false},"excerpt":{"rendered":"<p>Aproveche esta oportunidad para visitar <strong>Dubrovnik desde Split con este tour privado de d\u00eda completo<\/strong>. Para aprovechar al m\u00e1ximo su tiempo, ser\u00e1 asistido por un gu\u00eda oficial que lo acompa\u00f1ar\u00e1 a dar un paseo con impresionantes vistas y le contar\u00e1 historias sobre la interesante cultura de esta hermosa ciudad croata tambi\u00e9n conocida como <em>la Perla del Adri\u00e1tico<\/em>. Tendr\u00e1 un veh\u00edculo privado de lujo con conductor disponible para todo el recorrido.<\/p>\n","protected":false},"featured_media":82214,"comment_status":"open","ping_status":"closed","template":"","meta":{"_acf_changed":false},"product_brand":[],"product_cat":[2434,2436,2440],"product_tag":[],"class_list":{"0":"post-82204","1":"product","2":"type-product","3":"status-publish","4":"has-post-thumbnail","6":"product_cat-split-es","7":"product_cat-split-actividades-es","8":"product_cat-split-tours-es","10":"first","11":"instock","12":"shipping-taxable","13":"purchasable","14":"product-type-simple"},"acf":[],"yoast_head":"<!-- This site is optimized with the Yoast SEO Premium plugin v25.3.1 (Yoast SEO v25.3.1) - https:\/\/yoast.com\/wordpress\/plugins\/seo\/ -->\n<title>\u27a1\ufe0f Tour Privado a Dubrovnik desde Split con gu\u00eda tur\u00edstico oficial | Tour Travel &amp; More<\/title>\n<meta name=\"description\" content=\"Disfrute de este Tour Privado a Dubrovnik desde Split comodamente en su veh\u00edculo privado de lujo con chofer. Conozca los lugares mas importantes \u2705\" \/>\n<meta name=\"robots\" content=\"index, follow, max-snippet:-1, max-image-preview:large, max-video-preview:-1\" \/>\n<link rel=\"canonical\" href=\"https:\/\/tourtravelandmore.com\/es\/tours\/croacia-es\/split-es\/split-actividades-es\/tour-privado-a-dubrovnik-desde-split\/\" \/>\n<meta property=\"og:locale\" content=\"es_ES\" \/>\n<meta property=\"og:type\" content=\"article\" \/>\n<meta property=\"og:title\" content=\"Tour Privado a Dubrovnik desde Split\" \/>\n<meta property=\"og:description\" content=\"Disfrute de este Tour Privado a Dubrovnik desde Split comodamente en su veh\u00edculo privado de lujo con chofer. Conozca los lugares mas importantes \u2705\" \/>\n<meta property=\"og:url\" content=\"https:\/\/tourtravelandmore.com\/es\/tours\/croacia-es\/split-es\/split-actividades-es\/tour-privado-a-dubrovnik-desde-split\/\" \/>\n<meta property=\"og:site_name\" content=\"Tour Travel And More\" \/>\n<meta property=\"article:publisher\" content=\"https:\/\/www.facebook.com\/tourtravelandmore\/\" \/>\n<meta property=\"article:modified_time\" content=\"2025-01-15T19:28:24+00:00\" \/>\n<meta property=\"og:image\" content=\"https:\/\/tourtravelandmore.com\/wp-content\/uploads\/2020\/08\/dub-10.jpg\" \/>\n\t<meta property=\"og:image:width\" content=\"960\" \/>\n\t<meta property=\"og:image:height\" content=\"640\" \/>\n\t<meta property=\"og:image:type\" content=\"image\/jpeg\" \/>\n<meta name=\"twitter:card\" content=\"summary_large_image\" \/>\n<meta name=\"twitter:site\" content=\"@TourTravel_More\" \/>\n<meta name=\"twitter:label1\" content=\"Tiempo de lectura\" \/>\n\t<meta name=\"twitter:data1\" content=\"3 minutos\" \/>\n<script type=\"application\/ld+json\" class=\"yoast-schema-graph\">{\"@context\":\"https:\/\/schema.org\",\"@graph\":[{\"@type\":\"WebPage\",\"@id\":\"https:\/\/tourtravelandmore.com\/es\/tours\/croacia-es\/split-es\/split-actividades-es\/tour-privado-a-dubrovnik-desde-split\/\",\"url\":\"https:\/\/tourtravelandmore.com\/es\/tours\/croacia-es\/split-es\/split-actividades-es\/tour-privado-a-dubrovnik-desde-split\/\",\"name\":\"\u27a1\ufe0f Tour Privado a Dubrovnik desde Split con gu\u00eda tur\u00edstico oficial | Tour Travel & More\",\"isPartOf\":{\"@id\":\"https:\/\/tourtravelandmore.com\/es\/#website\"},\"primaryImageOfPage\":{\"@id\":\"https:\/\/tourtravelandmore.com\/es\/tours\/croacia-es\/split-es\/split-actividades-es\/tour-privado-a-dubrovnik-desde-split\/#primaryimage\"},\"image\":{\"@id\":\"https:\/\/tourtravelandmore.com\/es\/tours\/croacia-es\/split-es\/split-actividades-es\/tour-privado-a-dubrovnik-desde-split\/#primaryimage\"},\"thumbnailUrl\":\"https:\/\/tourtravelandmore.com\/wp-content\/uploads\/2020\/08\/dub-10.jpg\",\"datePublished\":\"2020-08-12T15:45:03+00:00\",\"dateModified\":\"2025-01-15T19:28:24+00:00\",\"description\":\"Disfrute de este Tour Privado a Dubrovnik desde Split comodamente en su veh\u00edculo privado de lujo con chofer. Conozca los lugares mas importantes \u2705\",\"breadcrumb\":{\"@id\":\"https:\/\/tourtravelandmore.com\/es\/tours\/croacia-es\/split-es\/split-actividades-es\/tour-privado-a-dubrovnik-desde-split\/#breadcrumb\"},\"inLanguage\":\"es\",\"potentialAction\":[{\"@type\":\"ReadAction\",\"target\":[\"https:\/\/tourtravelandmore.com\/es\/tours\/croacia-es\/split-es\/split-actividades-es\/tour-privado-a-dubrovnik-desde-split\/\"]}]},{\"@type\":\"ImageObject\",\"inLanguage\":\"es\",\"@id\":\"https:\/\/tourtravelandmore.com\/es\/tours\/croacia-es\/split-es\/split-actividades-es\/tour-privado-a-dubrovnik-desde-split\/#primaryimage\",\"url\":\"https:\/\/tourtravelandmore.com\/wp-content\/uploads\/2020\/08\/dub-10.jpg\",\"contentUrl\":\"https:\/\/tourtravelandmore.com\/wp-content\/uploads\/2020\/08\/dub-10.jpg\",\"width\":960,\"height\":640},{\"@type\":\"BreadcrumbList\",\"@id\":\"https:\/\/tourtravelandmore.com\/es\/tours\/croacia-es\/split-es\/split-actividades-es\/tour-privado-a-dubrovnik-desde-split\/#breadcrumb\",\"itemListElement\":[{\"@type\":\"ListItem\",\"position\":1,\"name\":\"Home\",\"item\":\"https:\/\/tourtravelandmore.com\/es\/\"},{\"@type\":\"ListItem\",\"position\":2,\"name\":\"Tours\",\"item\":\"https:\/\/tourtravelandmore.com\/es\/tours\/\"},{\"@type\":\"ListItem\",\"position\":3,\"name\":\"Tour Privado a Dubrovnik desde Split\"}]},{\"@type\":\"WebSite\",\"@id\":\"https:\/\/tourtravelandmore.com\/es\/#website\",\"url\":\"https:\/\/tourtravelandmore.com\/es\/\",\"name\":\"Tour Travel And More\",\"description\":\"Private sightseeing tours and luxury transfers in Spain\",\"publisher\":{\"@id\":\"https:\/\/tourtravelandmore.com\/es\/#organization\"},\"potentialAction\":[{\"@type\":\"SearchAction\",\"target\":{\"@type\":\"EntryPoint\",\"urlTemplate\":\"https:\/\/tourtravelandmore.com\/es\/?s={search_term_string}\"},\"query-input\":{\"@type\":\"PropertyValueSpecification\",\"valueRequired\":true,\"valueName\":\"search_term_string\"}}],\"inLanguage\":\"es\"},{\"@type\":\"Organization\",\"@id\":\"https:\/\/tourtravelandmore.com\/es\/#organization\",\"name\":\"Tour Travel And More\",\"url\":\"https:\/\/tourtravelandmore.com\/es\/\",\"logo\":{\"@type\":\"ImageObject\",\"inLanguage\":\"es\",\"@id\":\"https:\/\/tourtravelandmore.com\/es\/#\/schema\/logo\/image\/\",\"url\":\"https:\/\/tourtravelandmore.com\/wp-content\/uploads\/2022\/12\/cropped-logo-cabecera-new.png\",\"contentUrl\":\"https:\/\/tourtravelandmore.com\/wp-content\/uploads\/2022\/12\/cropped-logo-cabecera-new.png\",\"width\":430,\"height\":61,\"caption\":\"Tour Travel And More\"},\"image\":{\"@id\":\"https:\/\/tourtravelandmore.com\/es\/#\/schema\/logo\/image\/\"},\"sameAs\":[\"https:\/\/www.facebook.com\/tourtravelandmore\/\",\"https:\/\/x.com\/TourTravel_More\"]}]}<\/script>\n<!-- \/ Yoast SEO Premium plugin. -->","yoast_head_json":{"title":"\u27a1\ufe0f Tour Privado a Dubrovnik desde Split con gu\u00eda tur\u00edstico oficial | Tour Travel & More","description":"Disfrute de este Tour Privado a Dubrovnik desde Split comodamente en su veh\u00edculo privado de lujo con chofer. Conozca los lugares mas importantes \u2705","robots":{"index":"index","follow":"follow","max-snippet":"max-snippet:-1","max-image-preview":"max-image-preview:large","max-video-preview":"max-video-preview:-1"},"canonical":"https:\/\/tourtravelandmore.com\/es\/tours\/croacia-es\/split-es\/split-actividades-es\/tour-privado-a-dubrovnik-desde-split\/","og_locale":"es_ES","og_type":"article","og_title":"Tour Privado a Dubrovnik desde Split","og_description":"Disfrute de este Tour Privado a Dubrovnik desde Split comodamente en su veh\u00edculo privado de lujo con chofer. Conozca los lugares mas importantes \u2705","og_url":"https:\/\/tourtravelandmore.com\/es\/tours\/croacia-es\/split-es\/split-actividades-es\/tour-privado-a-dubrovnik-desde-split\/","og_site_name":"Tour Travel And More","article_publisher":"https:\/\/www.facebook.com\/tourtravelandmore\/","article_modified_time":"2025-01-15T19:28:24+00:00","og_image":[{"width":960,"height":640,"url":"https:\/\/tourtravelandmore.com\/wp-content\/uploads\/2020\/08\/dub-10.jpg","type":"image\/jpeg"}],"twitter_card":"summary_large_image","twitter_site":"@TourTravel_More","twitter_misc":{"Tiempo de lectura":"3 minutos"},"schema":{"@context":"https:\/\/schema.org","@graph":[{"@type":"WebPage","@id":"https:\/\/tourtravelandmore.com\/es\/tours\/croacia-es\/split-es\/split-actividades-es\/tour-privado-a-dubrovnik-desde-split\/","url":"https:\/\/tourtravelandmore.com\/es\/tours\/croacia-es\/split-es\/split-actividades-es\/tour-privado-a-dubrovnik-desde-split\/","name":"\u27a1\ufe0f Tour Privado a Dubrovnik desde Split con gu\u00eda tur\u00edstico oficial | Tour Travel & More","isPartOf":{"@id":"https:\/\/tourtravelandmore.com\/es\/#website"},"primaryImageOfPage":{"@id":"https:\/\/tourtravelandmore.com\/es\/tours\/croacia-es\/split-es\/split-actividades-es\/tour-privado-a-dubrovnik-desde-split\/#primaryimage"},"image":{"@id":"https:\/\/tourtravelandmore.com\/es\/tours\/croacia-es\/split-es\/split-actividades-es\/tour-privado-a-dubrovnik-desde-split\/#primaryimage"},"thumbnailUrl":"https:\/\/tourtravelandmore.com\/wp-content\/uploads\/2020\/08\/dub-10.jpg","datePublished":"2020-08-12T15:45:03+00:00","dateModified":"2025-01-15T19:28:24+00:00","description":"Disfrute de este Tour Privado a Dubrovnik desde Split comodamente en su veh\u00edculo privado de lujo con chofer. Conozca los lugares mas importantes \u2705","breadcrumb":{"@id":"https:\/\/tourtravelandmore.com\/es\/tours\/croacia-es\/split-es\/split-actividades-es\/tour-privado-a-dubrovnik-desde-split\/#breadcrumb"},"inLanguage":"es","potentialAction":[{"@type":"ReadAction","target":["https:\/\/tourtravelandmore.com\/es\/tours\/croacia-es\/split-es\/split-actividades-es\/tour-privado-a-dubrovnik-desde-split\/"]}]},{"@type":"ImageObject","inLanguage":"es","@id":"https:\/\/tourtravelandmore.com\/es\/tours\/croacia-es\/split-es\/split-actividades-es\/tour-privado-a-dubrovnik-desde-split\/#primaryimage","url":"https:\/\/tourtravelandmore.com\/wp-content\/uploads\/2020\/08\/dub-10.jpg","contentUrl":"https:\/\/tourtravelandmore.com\/wp-content\/uploads\/2020\/08\/dub-10.jpg","width":960,"height":640},{"@type":"BreadcrumbList","@id":"https:\/\/tourtravelandmore.com\/es\/tours\/croacia-es\/split-es\/split-actividades-es\/tour-privado-a-dubrovnik-desde-split\/#breadcrumb","itemListElement":[{"@type":"ListItem","position":1,"name":"Home","item":"https:\/\/tourtravelandmore.com\/es\/"},{"@type":"ListItem","position":2,"name":"Tours","item":"https:\/\/tourtravelandmore.com\/es\/tours\/"},{"@type":"ListItem","position":3,"name":"Tour Privado a Dubrovnik desde Split"}]},{"@type":"WebSite","@id":"https:\/\/tourtravelandmore.com\/es\/#website","url":"https:\/\/tourtravelandmore.com\/es\/","name":"Tour Travel And More","description":"Private sightseeing tours and luxury transfers in Spain","publisher":{"@id":"https:\/\/tourtravelandmore.com\/es\/#organization"},"potentialAction":[{"@type":"SearchAction","target":{"@type":"EntryPoint","urlTemplate":"https:\/\/tourtravelandmore.com\/es\/?s={search_term_string}"},"query-input":{"@type":"PropertyValueSpecification","valueRequired":true,"valueName":"search_term_string"}}],"inLanguage":"es"},{"@type":"Organization","@id":"https:\/\/tourtravelandmore.com\/es\/#organization","name":"Tour Travel And More","url":"https:\/\/tourtravelandmore.com\/es\/","logo":{"@type":"ImageObject","inLanguage":"es","@id":"https:\/\/tourtravelandmore.com\/es\/#\/schema\/logo\/image\/","url":"https:\/\/tourtravelandmore.com\/wp-content\/uploads\/2022\/12\/cropped-logo-cabecera-new.png","contentUrl":"https:\/\/tourtravelandmore.com\/wp-content\/uploads\/2022\/12\/cropped-logo-cabecera-new.png","width":430,"height":61,"caption":"Tour Travel And More"},"image":{"@id":"https:\/\/tourtravelandmore.com\/es\/#\/schema\/logo\/image\/"},"sameAs":["https:\/\/www.facebook.com\/tourtravelandmore\/","https:\/\/x.com\/TourTravel_More"]}]}},"_links":{"self":[{"href":"https:\/\/tourtravelandmore.com\/es\/wp-json\/wp\/v2\/product\/82204","targetHints":{"allow":["GET"]}}],"collection":[{"href":"https:\/\/tourtravelandmore.com\/es\/wp-json\/wp\/v2\/product"}],"about":[{"href":"https:\/\/tourtravelandmore.com\/es\/wp-json\/wp\/v2\/types\/product"}],"replies":[{"embeddable":true,"href":"https:\/\/tourtravelandmore.com\/es\/wp-json\/wp\/v2\/comments?post=82204"}],"wp:featuredmedia":[{"embeddable":true,"href":"https:\/\/tourtravelandmore.com\/es\/wp-json\/wp\/v2\/media\/82214"}],"wp:attachment":[{"href":"https:\/\/tourtravelandmore.com\/es\/wp-json\/wp\/v2\/media?parent=82204"}],"wp:term":[{"taxonomy":"product_brand","embeddable":true,"href":"https:\/\/tourtravelandmore.com\/es\/wp-json\/wp\/v2\/product_brand?post=82204"},{"taxonomy":"product_cat","embeddable":true,"href":"https:\/\/tourtravelandmore.com\/es\/wp-json\/wp\/v2\/product_cat?post=82204"},{"taxonomy":"product_tag","embeddable":true,"href":"https:\/\/tourtravelandmore.com\/es\/wp-json\/wp\/v2\/product_tag?post=82204"}],"curies":[{"name":"wp","href":"https:\/\/api.w.org\/{rel}","templated":true}]}}