{"id":82190,"date":"2020-08-12T16:27:05","date_gmt":"2020-08-12T14:27:07","guid":{"rendered":"https:\/\/tourtravelandmore.com\/?post_type=product&#038;p=82190"},"modified":"2025-01-17T19:14:57","modified_gmt":"2025-01-17T18:14:57","slug":"tour-a-las-cataratas-de-kravice-y-a-mostar-desde-split","status":"publish","type":"product","link":"https:\/\/tourtravelandmore.com\/es\/tours\/croacia-es\/split-es\/split-actividades-es\/tour-a-las-cataratas-de-kravice-y-a-mostar-desde-split\/","title":{"rendered":"Tour Privado a las Cataratas de Kravice y a Mostar desde Split"},"content":{"rendered":"<h2>Tour Privado a las Cataratas de Kravice y a Mostar desde Split<\/h2>\n<p>Si desea un d\u00eda fuera de Split, este&nbsp;<strong>Tour a las Cataratas de Kravice y a Mostar desde Split <\/strong>es tu perfecta&nbsp;opci\u00f3n. Pase un d\u00eda en este hermoso rinc\u00f3n de Bosnia-Herzegovina acompa\u00f1ado por un <strong>gu\u00eda oficial local<\/strong>.<\/p>\n<p>A orillas del r\u00edo Neretva, al sur de Bosnia-Herzegovina, se encuentra la hermosa ciudad de <strong>Mostar<\/strong>. Un lugar multi\u00e9tnico donde conviven bosnios, croatas y musulmanes. Mostar es conocida por su casco antiguo catalogado como <strong>Patrimonio de la Humanidad por la UNESCO<\/strong> y especialmente por su viejo puente.<\/p>\n<p>El lugar cubre las aguas verde esmeralda de Neretva y conecta el este y el oeste de una ciudad ahora dividida \u00e9tnicamente entre bosnios y croatas.<\/p>\n<p>Esta es la mejor manera de embarcarse en un viaje de aventuras y guardar recuerdos inolvidables. Descubra una ciudad llena de historia en este tour a las Cataratas de Kravice y a Mostar.<\/p>\n<p>Su <strong>conductor ingl\u00e9s privado<\/strong> estar\u00e1 a su total disposici\u00f3n durante todo el recorrido. La excursi\u00f3n tiene una duraci\u00f3n total de 9 horas desde el momento de la recogida y regreso a bordo de su <strong>veh\u00edculo privado de lujo<\/strong>.<\/p>\n<h2><strong>Puntos de inter\u00e9s en el Tour a las Cataratas de Kravice y a Mostar &#8211; Excursi\u00f3n Privada desde Split<\/strong><\/h2>\n<p>En primer lugar, se encontrar\u00e1 con su conductor privado en su lugar deseado en Split, para comenzar un d\u00eda lleno de aventuras. El lugar de recogida puede ser su hotel, apartamento o incluso el puerto si es que llega en un crucero..<\/p>\n<p>Despu\u00e9s de cruzar la frontera croata, debe detenerse para admirar la grandeza de estas cascadas cristalinas de 25 metros de altura formadas por el <strong>r\u00edo Trebi\u017eat<\/strong>. Una vez all\u00ed, sus ojos quedar\u00e1n fascinados por los deslumbrantes tonos verdes y la naturaleza virgen de todo el lugar. La entrada a las cataratas de Kravice est\u00e1n incluidas en el precio del tour.<\/p>\n<p>En segundo lugar, de camino a Mostar, encontrar\u00e1 el <strong>r\u00edo Neretva<\/strong>. Una vez en <strong>Mostar<\/strong>, se encontrar\u00e1 con su gu\u00eda oficial privado para una visita guiada de 2 horas. Visitar\u00e1 el <strong>casco antiguo<\/strong>, donde descubrir\u00e1 una ciudad llena de contrastes, rica en cultura y dividida por un r\u00edo. Aqu\u00ed se encontrar\u00e1 con el popular &#8220;<a href=\"https:\/\/whc.unesco.org\/en\/list\/946\/\" data-mce-href=\"https:\/\/whc.unesco.org\/en\/list\/946\/\">Puente de Mostar&#8221;<\/a>, un puente medieval de un solo arco con una historia impresionante.<\/p>\n<p>Tambi\u00e9n puede visitar la casa <strong>Biscevic en Mostar<\/strong>, que es una estructura antigua del per\u00edodo turco en el siglo XVII. Tambi\u00e9n es el museo m\u00e1s visitado de esta hermosa ciudad.<\/p>\n<p>En tercer lugar, no deje de dar un paseo por las estrechas calles llenas de tiendas y restaurantes. Luego, solo necesitar\u00e1 subir algunos escalones para llegar al incre\u00edble alminar <strong>Koski Mehmed-Pasha<\/strong>, que ofrece una hermosa vista de esta ciudad.<\/p>\n<p>Finalmente, su conductor ingl\u00e9s privado lo llevar\u00e1 de regreso a su hotel o punto de partida en Split. En caso de que lo prefiera, tambi\u00e9n ofrecemos <a href=\"\/?p=82204\" data-mce-href=\"https:\/\/tourtravelandmore.com\/es\/tours\/croacia-es\/split-es\/split-actividades-es\/tour-privado-a-dubrovnik-desde-split\/\">excursiones privadas de d\u00eda completo a Dubrovnik desde Split<\/a>, \u00a1eche un vistazo!.<\/p>\n","protected":false},"excerpt":{"rendered":"<p>Disfrute de este tour privado de un d\u00eda completo a las <strong>Cataratas Kravice y Mostar desde Split<\/strong> c\u00f3modamente en un veh\u00edculo de lujo privado. Debe saber que <strong>Tour Travel &amp; More<\/strong> le permite planificar, modificar y ajustar su programa de viajes. Sin embargo, su gu\u00eda privado oficial siempre tendr\u00e1 a mano un plan de viaje, si as\u00ed lo prefiere. Puede realizar este recorrido con un conductor\/gu\u00eda privado o con un conductor en ingl\u00e9s y un gu\u00eda tur\u00edstico local en Mostar.<\/p>\n","protected":false},"featured_media":82200,"comment_status":"open","ping_status":"closed","template":"","meta":{"_acf_changed":false},"product_brand":[],"product_cat":[2434,2436,2440,2438],"product_tag":[],"class_list":{"0":"post-82190","1":"product","2":"type-product","3":"status-publish","4":"has-post-thumbnail","6":"product_cat-split-es","7":"product_cat-split-actividades-es","8":"product_cat-split-tours-es","9":"product_cat-split-excursiones-es","11":"first","12":"instock","13":"shipping-taxable","14":"purchasable","15":"product-type-simple"},"acf":[],"yoast_head":"<!-- This site is optimized with the Yoast SEO Premium plugin v25.3.1 (Yoast SEO v25.3.1) - https:\/\/yoast.com\/wordpress\/plugins\/seo\/ -->\n<title>\u27a1\ufe0f Tour a las Cataratas de Kravice y a Mostar en veh\u00edculo privado de lujo | Tour Travel &amp; More<\/title>\n<meta name=\"description\" content=\"Disfrute de este Tour Privado a las Cataratas de Kravice y a Mostar desde Split junto a su chofer de habla inglesa y gu\u00eda local privado \u2705\" \/>\n<meta name=\"robots\" content=\"index, follow, max-snippet:-1, max-image-preview:large, max-video-preview:-1\" \/>\n<link rel=\"canonical\" href=\"https:\/\/tourtravelandmore.com\/es\/tours\/croacia-es\/split-es\/split-actividades-es\/tour-a-las-cataratas-de-kravice-y-a-mostar-desde-split\/\" \/>\n<meta property=\"og:locale\" content=\"es_ES\" \/>\n<meta property=\"og:type\" content=\"article\" \/>\n<meta property=\"og:title\" content=\"Tour Privado a las Cataratas de Kravice y a Mostar desde Split\" \/>\n<meta property=\"og:description\" content=\"Disfrute de este Tour Privado a las Cataratas de Kravice y a Mostar desde Split junto a su chofer de habla inglesa y gu\u00eda local privado \u2705\" \/>\n<meta property=\"og:url\" content=\"https:\/\/tourtravelandmore.com\/es\/tours\/croacia-es\/split-es\/split-actividades-es\/tour-a-las-cataratas-de-kravice-y-a-mostar-desde-split\/\" \/>\n<meta property=\"og:site_name\" content=\"Tour Travel And More\" \/>\n<meta property=\"article:publisher\" content=\"https:\/\/www.facebook.com\/tourtravelandmore\/\" \/>\n<meta property=\"article:modified_time\" content=\"2025-01-17T18:14:57+00:00\" \/>\n<meta property=\"og:image\" content=\"https:\/\/tourtravelandmore.com\/wp-content\/uploads\/2020\/08\/mostar-1.jpg\" \/>\n\t<meta property=\"og:image:width\" content=\"670\" \/>\n\t<meta property=\"og:image:height\" content=\"446\" \/>\n\t<meta property=\"og:image:type\" content=\"image\/jpeg\" \/>\n<meta name=\"twitter:card\" content=\"summary_large_image\" \/>\n<meta name=\"twitter:site\" content=\"@TourTravel_More\" \/>\n<meta name=\"twitter:label1\" content=\"Tiempo de lectura\" \/>\n\t<meta name=\"twitter:data1\" content=\"3 minutos\" \/>\n<script type=\"application\/ld+json\" class=\"yoast-schema-graph\">{\"@context\":\"https:\/\/schema.org\",\"@graph\":[{\"@type\":\"WebPage\",\"@id\":\"https:\/\/tourtravelandmore.com\/es\/tours\/croacia-es\/split-es\/split-actividades-es\/tour-a-las-cataratas-de-kravice-y-a-mostar-desde-split\/\",\"url\":\"https:\/\/tourtravelandmore.com\/es\/tours\/croacia-es\/split-es\/split-actividades-es\/tour-a-las-cataratas-de-kravice-y-a-mostar-desde-split\/\",\"name\":\"\u27a1\ufe0f Tour a las Cataratas de Kravice y a Mostar en veh\u00edculo privado de lujo | Tour Travel & More\",\"isPartOf\":{\"@id\":\"https:\/\/tourtravelandmore.com\/es\/#website\"},\"primaryImageOfPage\":{\"@id\":\"https:\/\/tourtravelandmore.com\/es\/tours\/croacia-es\/split-es\/split-actividades-es\/tour-a-las-cataratas-de-kravice-y-a-mostar-desde-split\/#primaryimage\"},\"image\":{\"@id\":\"https:\/\/tourtravelandmore.com\/es\/tours\/croacia-es\/split-es\/split-actividades-es\/tour-a-las-cataratas-de-kravice-y-a-mostar-desde-split\/#primaryimage\"},\"thumbnailUrl\":\"https:\/\/tourtravelandmore.com\/wp-content\/uploads\/2020\/08\/mostar-1.jpg\",\"datePublished\":\"2020-08-12T14:27:07+00:00\",\"dateModified\":\"2025-01-17T18:14:57+00:00\",\"description\":\"Disfrute de este Tour Privado a las Cataratas de Kravice y a Mostar desde Split junto a su chofer de habla inglesa y gu\u00eda local privado \u2705\",\"breadcrumb\":{\"@id\":\"https:\/\/tourtravelandmore.com\/es\/tours\/croacia-es\/split-es\/split-actividades-es\/tour-a-las-cataratas-de-kravice-y-a-mostar-desde-split\/#breadcrumb\"},\"inLanguage\":\"es\",\"potentialAction\":[{\"@type\":\"ReadAction\",\"target\":[\"https:\/\/tourtravelandmore.com\/es\/tours\/croacia-es\/split-es\/split-actividades-es\/tour-a-las-cataratas-de-kravice-y-a-mostar-desde-split\/\"]}]},{\"@type\":\"ImageObject\",\"inLanguage\":\"es\",\"@id\":\"https:\/\/tourtravelandmore.com\/es\/tours\/croacia-es\/split-es\/split-actividades-es\/tour-a-las-cataratas-de-kravice-y-a-mostar-desde-split\/#primaryimage\",\"url\":\"https:\/\/tourtravelandmore.com\/wp-content\/uploads\/2020\/08\/mostar-1.jpg\",\"contentUrl\":\"https:\/\/tourtravelandmore.com\/wp-content\/uploads\/2020\/08\/mostar-1.jpg\",\"width\":670,\"height\":446},{\"@type\":\"BreadcrumbList\",\"@id\":\"https:\/\/tourtravelandmore.com\/es\/tours\/croacia-es\/split-es\/split-actividades-es\/tour-a-las-cataratas-de-kravice-y-a-mostar-desde-split\/#breadcrumb\",\"itemListElement\":[{\"@type\":\"ListItem\",\"position\":1,\"name\":\"Home\",\"item\":\"https:\/\/tourtravelandmore.com\/es\/\"},{\"@type\":\"ListItem\",\"position\":2,\"name\":\"Tours\",\"item\":\"https:\/\/tourtravelandmore.com\/es\/tours\/\"},{\"@type\":\"ListItem\",\"position\":3,\"name\":\"Tour Privado a las Cataratas de Kravice y a Mostar desde Split\"}]},{\"@type\":\"WebSite\",\"@id\":\"https:\/\/tourtravelandmore.com\/es\/#website\",\"url\":\"https:\/\/tourtravelandmore.com\/es\/\",\"name\":\"Tour Travel And More\",\"description\":\"Private sightseeing tours and luxury transfers in Spain\",\"publisher\":{\"@id\":\"https:\/\/tourtravelandmore.com\/es\/#organization\"},\"potentialAction\":[{\"@type\":\"SearchAction\",\"target\":{\"@type\":\"EntryPoint\",\"urlTemplate\":\"https:\/\/tourtravelandmore.com\/es\/?s={search_term_string}\"},\"query-input\":{\"@type\":\"PropertyValueSpecification\",\"valueRequired\":true,\"valueName\":\"search_term_string\"}}],\"inLanguage\":\"es\"},{\"@type\":\"Organization\",\"@id\":\"https:\/\/tourtravelandmore.com\/es\/#organization\",\"name\":\"Tour Travel And More\",\"url\":\"https:\/\/tourtravelandmore.com\/es\/\",\"logo\":{\"@type\":\"ImageObject\",\"inLanguage\":\"es\",\"@id\":\"https:\/\/tourtravelandmore.com\/es\/#\/schema\/logo\/image\/\",\"url\":\"https:\/\/tourtravelandmore.com\/wp-content\/uploads\/2022\/12\/cropped-logo-cabecera-new.png\",\"contentUrl\":\"https:\/\/tourtravelandmore.com\/wp-content\/uploads\/2022\/12\/cropped-logo-cabecera-new.png\",\"width\":430,\"height\":61,\"caption\":\"Tour Travel And More\"},\"image\":{\"@id\":\"https:\/\/tourtravelandmore.com\/es\/#\/schema\/logo\/image\/\"},\"sameAs\":[\"https:\/\/www.facebook.com\/tourtravelandmore\/\",\"https:\/\/x.com\/TourTravel_More\"]}]}<\/script>\n<!-- \/ Yoast SEO Premium plugin. -->","yoast_head_json":{"title":"\u27a1\ufe0f Tour a las Cataratas de Kravice y a Mostar en veh\u00edculo privado de lujo | Tour Travel & More","description":"Disfrute de este Tour Privado a las Cataratas de Kravice y a Mostar desde Split junto a su chofer de habla inglesa y gu\u00eda local privado \u2705","robots":{"index":"index","follow":"follow","max-snippet":"max-snippet:-1","max-image-preview":"max-image-preview:large","max-video-preview":"max-video-preview:-1"},"canonical":"https:\/\/tourtravelandmore.com\/es\/tours\/croacia-es\/split-es\/split-actividades-es\/tour-a-las-cataratas-de-kravice-y-a-mostar-desde-split\/","og_locale":"es_ES","og_type":"article","og_title":"Tour Privado a las Cataratas de Kravice y a Mostar desde Split","og_description":"Disfrute de este Tour Privado a las Cataratas de Kravice y a Mostar desde Split junto a su chofer de habla inglesa y gu\u00eda local privado \u2705","og_url":"https:\/\/tourtravelandmore.com\/es\/tours\/croacia-es\/split-es\/split-actividades-es\/tour-a-las-cataratas-de-kravice-y-a-mostar-desde-split\/","og_site_name":"Tour Travel And More","article_publisher":"https:\/\/www.facebook.com\/tourtravelandmore\/","article_modified_time":"2025-01-17T18:14:57+00:00","og_image":[{"width":670,"height":446,"url":"https:\/\/tourtravelandmore.com\/wp-content\/uploads\/2020\/08\/mostar-1.jpg","type":"image\/jpeg"}],"twitter_card":"summary_large_image","twitter_site":"@TourTravel_More","twitter_misc":{"Tiempo de lectura":"3 minutos"},"schema":{"@context":"https:\/\/schema.org","@graph":[{"@type":"WebPage","@id":"https:\/\/tourtravelandmore.com\/es\/tours\/croacia-es\/split-es\/split-actividades-es\/tour-a-las-cataratas-de-kravice-y-a-mostar-desde-split\/","url":"https:\/\/tourtravelandmore.com\/es\/tours\/croacia-es\/split-es\/split-actividades-es\/tour-a-las-cataratas-de-kravice-y-a-mostar-desde-split\/","name":"\u27a1\ufe0f Tour a las Cataratas de Kravice y a Mostar en veh\u00edculo privado de lujo | Tour Travel & More","isPartOf":{"@id":"https:\/\/tourtravelandmore.com\/es\/#website"},"primaryImageOfPage":{"@id":"https:\/\/tourtravelandmore.com\/es\/tours\/croacia-es\/split-es\/split-actividades-es\/tour-a-las-cataratas-de-kravice-y-a-mostar-desde-split\/#primaryimage"},"image":{"@id":"https:\/\/tourtravelandmore.com\/es\/tours\/croacia-es\/split-es\/split-actividades-es\/tour-a-las-cataratas-de-kravice-y-a-mostar-desde-split\/#primaryimage"},"thumbnailUrl":"https:\/\/tourtravelandmore.com\/wp-content\/uploads\/2020\/08\/mostar-1.jpg","datePublished":"2020-08-12T14:27:07+00:00","dateModified":"2025-01-17T18:14:57+00:00","description":"Disfrute de este Tour Privado a las Cataratas de Kravice y a Mostar desde Split junto a su chofer de habla inglesa y gu\u00eda local privado \u2705","breadcrumb":{"@id":"https:\/\/tourtravelandmore.com\/es\/tours\/croacia-es\/split-es\/split-actividades-es\/tour-a-las-cataratas-de-kravice-y-a-mostar-desde-split\/#breadcrumb"},"inLanguage":"es","potentialAction":[{"@type":"ReadAction","target":["https:\/\/tourtravelandmore.com\/es\/tours\/croacia-es\/split-es\/split-actividades-es\/tour-a-las-cataratas-de-kravice-y-a-mostar-desde-split\/"]}]},{"@type":"ImageObject","inLanguage":"es","@id":"https:\/\/tourtravelandmore.com\/es\/tours\/croacia-es\/split-es\/split-actividades-es\/tour-a-las-cataratas-de-kravice-y-a-mostar-desde-split\/#primaryimage","url":"https:\/\/tourtravelandmore.com\/wp-content\/uploads\/2020\/08\/mostar-1.jpg","contentUrl":"https:\/\/tourtravelandmore.com\/wp-content\/uploads\/2020\/08\/mostar-1.jpg","width":670,"height":446},{"@type":"BreadcrumbList","@id":"https:\/\/tourtravelandmore.com\/es\/tours\/croacia-es\/split-es\/split-actividades-es\/tour-a-las-cataratas-de-kravice-y-a-mostar-desde-split\/#breadcrumb","itemListElement":[{"@type":"ListItem","position":1,"name":"Home","item":"https:\/\/tourtravelandmore.com\/es\/"},{"@type":"ListItem","position":2,"name":"Tours","item":"https:\/\/tourtravelandmore.com\/es\/tours\/"},{"@type":"ListItem","position":3,"name":"Tour Privado a las Cataratas de Kravice y a Mostar desde Split"}]},{"@type":"WebSite","@id":"https:\/\/tourtravelandmore.com\/es\/#website","url":"https:\/\/tourtravelandmore.com\/es\/","name":"Tour Travel And More","description":"Private sightseeing tours and luxury transfers in Spain","publisher":{"@id":"https:\/\/tourtravelandmore.com\/es\/#organization"},"potentialAction":[{"@type":"SearchAction","target":{"@type":"EntryPoint","urlTemplate":"https:\/\/tourtravelandmore.com\/es\/?s={search_term_string}"},"query-input":{"@type":"PropertyValueSpecification","valueRequired":true,"valueName":"search_term_string"}}],"inLanguage":"es"},{"@type":"Organization","@id":"https:\/\/tourtravelandmore.com\/es\/#organization","name":"Tour Travel And More","url":"https:\/\/tourtravelandmore.com\/es\/","logo":{"@type":"ImageObject","inLanguage":"es","@id":"https:\/\/tourtravelandmore.com\/es\/#\/schema\/logo\/image\/","url":"https:\/\/tourtravelandmore.com\/wp-content\/uploads\/2022\/12\/cropped-logo-cabecera-new.png","contentUrl":"https:\/\/tourtravelandmore.com\/wp-content\/uploads\/2022\/12\/cropped-logo-cabecera-new.png","width":430,"height":61,"caption":"Tour Travel And More"},"image":{"@id":"https:\/\/tourtravelandmore.com\/es\/#\/schema\/logo\/image\/"},"sameAs":["https:\/\/www.facebook.com\/tourtravelandmore\/","https:\/\/x.com\/TourTravel_More"]}]}},"_links":{"self":[{"href":"https:\/\/tourtravelandmore.com\/es\/wp-json\/wp\/v2\/product\/82190","targetHints":{"allow":["GET"]}}],"collection":[{"href":"https:\/\/tourtravelandmore.com\/es\/wp-json\/wp\/v2\/product"}],"about":[{"href":"https:\/\/tourtravelandmore.com\/es\/wp-json\/wp\/v2\/types\/product"}],"replies":[{"embeddable":true,"href":"https:\/\/tourtravelandmore.com\/es\/wp-json\/wp\/v2\/comments?post=82190"}],"wp:featuredmedia":[{"embeddable":true,"href":"https:\/\/tourtravelandmore.com\/es\/wp-json\/wp\/v2\/media\/82200"}],"wp:attachment":[{"href":"https:\/\/tourtravelandmore.com\/es\/wp-json\/wp\/v2\/media?parent=82190"}],"wp:term":[{"taxonomy":"product_brand","embeddable":true,"href":"https:\/\/tourtravelandmore.com\/es\/wp-json\/wp\/v2\/product_brand?post=82190"},{"taxonomy":"product_cat","embeddable":true,"href":"https:\/\/tourtravelandmore.com\/es\/wp-json\/wp\/v2\/product_cat?post=82190"},{"taxonomy":"product_tag","embeddable":true,"href":"https:\/\/tourtravelandmore.com\/es\/wp-json\/wp\/v2\/product_tag?post=82190"}],"curies":[{"name":"wp","href":"https:\/\/api.w.org\/{rel}","templated":true}]}}