{"id":82161,"date":"2020-08-12T13:19:31","date_gmt":"2020-08-12T11:19:31","guid":{"rendered":"https:\/\/tourtravelandmore.com\/?post_type=product&#038;p=82161"},"modified":"2023-07-21T04:57:46","modified_gmt":"2023-07-21T02:57:46","slug":"tour-privado-a-pie-por-zadar","status":"publish","type":"product","link":"https:\/\/tourtravelandmore.com\/es\/tours\/croacia-es\/zadar-es\/zadar-actividades-es\/tour-privado-a-pie-por-zadar\/","title":{"rendered":"Tour Privado a pie por Zadar"},"content":{"rendered":"<h2><strong>Descripci\u00f3n del Tour Privado a pie por Zadar<\/strong><\/h2>\n<p>Zadar es una de las ciudades m\u00e1s antiguas y bonitas de Croacia. No pierda la oportunidad de descubrir esta maravillosa ciudad durante nuestro <strong><em>tour privado a pie en Zadar<\/em><\/strong>.<\/p>\n<p><b>La ciudad de Zadar<\/b> alberga ruinas romanas, iglesias medievales y una amplia oferta de museos. Durante su tour privado aprender\u00e1 sobre la historia y patrimonio de la ciudad.<\/p>\n<p>Podr\u00e1 disfrutar de un tour privado a pie de 2 horas junto a un gu\u00eda local licenciado. En caso que lo desee podemos coordinar un tour de duraci\u00f3n m\u00e1s larga, incluyendo incluso disposici\u00f3n de un veh\u00edculo privado.<\/p>\n<p>Nuestro tour privado a pie en Zadar es absolutamente adaptable a su deseo personal. No dude en ponerse en contacto con nosotros, le ayudaremos a coordinar una experiencia privada a medida.<\/p>\n<p>En caso de que este interesado en una excursi\u00f3n a un parque nacional, tambi\u00e9n podemos coordinarlo!<\/p>\n<h2><strong>Puntos de inter\u00e9s en el Tour Privado a pie por Zadar<\/strong><\/h2>\n<p>Para dar comienzo a su tour su gu\u00eda oficial privado le recoger\u00e1 en su hotel c\u00e9ntrico en Zadar. A continuaci\u00f3n comenzar\u00e1 su recorrido privado por los sitios m\u00e1s emblem\u00e1ticos de la ciudad.<\/p>\n<p>Durante su <strong><em>tour privado<\/em><\/strong> visitar\u00e1 los sitios m\u00e1s emblem\u00e1ticos de Zadar. Comenzar\u00e1 por las emblem\u00e1ticas Puertas de Terraferma, la cual fue antiguamente la entrada a la ciudad. La misma est\u00e1 situada en el puerto Fo\u0161a, y desde all\u00ed se pueden disfrutar espectaculares vistas panor\u00e1micas del mar. Otra parada durante su recorrido ser\u00e1 la Plaza de los Cincos Pozos, la cual est\u00e1 rodeada por la torre del capit\u00e1n y las murallas medievales. Visitar\u00e1n las murallas de la ciudad y la Igles\u00eda de San Donato. La igles\u00eda es uno de monumentos pre-romanos m\u00e1s valiosos de la edad media en Croacia. Durante la \u00faltima parte del tour visitar\u00e1 el foro romano y las dos principales atracciones de Zadar: <strong><em><a href=\"https:\/\/www.zadar.hr\/en\/experience\/history-culture\/sea-organ-sun-salutation\">El \u00f3rgano del mar y el saludo al Sol<\/a>, adonde podr\u00e1n disfrutar de uno de los atardeceres m\u00e1s bonitos de Croacia.<\/em><\/strong><\/p>\n<p>El Foro Romano se encuentra a pocos metros del mar. Fue comisionado por el primer emperador romano, Augusts, y fue edificado entre los siglos el siglo 1 AC y el 3 DC.<\/p>\n<p>Finalmente, visitar\u00e1 el \u00f3rgano del mar y el saludo al Sol. Ambos son obra del arquitecto local Nikola Ba\u0161i\u0107. El \u00f3rgano del mar es un objeto art\u00edstico de sonido experimental que reproduce sonidos utilizando el movimiento de las olas. El saludo al sol consiste en 300 platos de vidrio que absorben energia solar durante el d\u00eda y ofrecen un m\u00e1gico juego de luces despu\u00e9s del atardecer.<\/p>\n<p>Su gu\u00eda oficial privado estar\u00e1 a su entera disposici\u00f3n durante la total duraci\u00f3n del tour. Su gu\u00eda, local y experto en la ciudad, le recomendar\u00e1 los mejores sitios para disfrutar la gastronom\u00eda local.<\/p>\n","protected":false},"excerpt":{"rendered":"<p>Disfrute de este<strong> tour privado a pie por Zadar<\/strong> con su gu\u00eda tur\u00edstico oficial que le mostrar\u00e1 todos los lugares m\u00e1s incre\u00edbles de esta ciudad. Durante este tour privado, podr\u00e1 visitar la <strong>Puerta de Terraferma<\/strong>, la <strong>Torre del Capit\u00e1n<\/strong>, el <strong>Foro Romano<\/strong> y mucho m\u00e1s. Este es un recorrido completamente personalizado solo para usted y su grupo. Aproveche para admirar esta ciudad \u00fanica con este tour a pie.<\/p>\n","protected":false},"featured_media":82177,"comment_status":"open","ping_status":"closed","template":"","meta":{"_acf_changed":false},"product_brand":[],"product_cat":[2456,2458,2460],"product_tag":[],"class_list":{"0":"post-82161","1":"product","2":"type-product","3":"status-publish","4":"has-post-thumbnail","6":"product_cat-zadar-es","7":"product_cat-zadar-actividades-es","8":"product_cat-zadar-a-pie-es","10":"first","11":"instock","12":"shipping-taxable","13":"purchasable","14":"product-type-simple"},"acf":[],"yoast_head":"<!-- This site is optimized with the Yoast SEO Premium plugin v25.3.1 (Yoast SEO v25.3.1) - https:\/\/yoast.com\/wordpress\/plugins\/seo\/ -->\n<title>\u27a1\ufe0f Tour Privado a pie en Zadar con gu\u00eda oficial | Tour Travel &amp; More<\/title>\n<meta name=\"description\" content=\"Descubra la historia y patrimonio de la maravillosa ciudad de Zadar junto a un gu\u00eda oficial privado durante nuestro tour privado a pie en Zadar \u2705\" \/>\n<meta name=\"robots\" content=\"index, follow, max-snippet:-1, max-image-preview:large, max-video-preview:-1\" \/>\n<link rel=\"canonical\" href=\"https:\/\/tourtravelandmore.com\/es\/tours\/croacia-es\/zadar-es\/zadar-actividades-es\/tour-privado-a-pie-por-zadar\/\" \/>\n<meta property=\"og:locale\" content=\"es_ES\" \/>\n<meta property=\"og:type\" content=\"article\" \/>\n<meta property=\"og:title\" content=\"Tour Privado a pie por Zadar\" \/>\n<meta property=\"og:description\" content=\"Descubra la historia y patrimonio de la maravillosa ciudad de Zadar junto a un gu\u00eda oficial privado durante nuestro tour privado a pie en Zadar \u2705\" \/>\n<meta property=\"og:url\" content=\"https:\/\/tourtravelandmore.com\/es\/tours\/croacia-es\/zadar-es\/zadar-actividades-es\/tour-privado-a-pie-por-zadar\/\" \/>\n<meta property=\"og:site_name\" content=\"Tour Travel And More\" \/>\n<meta property=\"article:publisher\" content=\"https:\/\/www.facebook.com\/tourtravelandmore\/\" \/>\n<meta property=\"article:modified_time\" content=\"2023-07-21T02:57:46+00:00\" \/>\n<meta property=\"og:image\" content=\"https:\/\/tourtravelandmore.com\/wp-content\/uploads\/2020\/08\/Zadar-organ-sunset-min.jpg\" \/>\n\t<meta property=\"og:image:width\" content=\"910\" \/>\n\t<meta property=\"og:image:height\" content=\"607\" \/>\n\t<meta property=\"og:image:type\" content=\"image\/jpeg\" \/>\n<meta name=\"twitter:card\" content=\"summary_large_image\" \/>\n<meta name=\"twitter:site\" content=\"@TourTravel_More\" \/>\n<meta name=\"twitter:label1\" content=\"Tiempo de lectura\" \/>\n\t<meta name=\"twitter:data1\" content=\"2 minutos\" \/>\n<script type=\"application\/ld+json\" class=\"yoast-schema-graph\">{\"@context\":\"https:\/\/schema.org\",\"@graph\":[{\"@type\":\"WebPage\",\"@id\":\"https:\/\/tourtravelandmore.com\/es\/tours\/croacia-es\/zadar-es\/zadar-actividades-es\/tour-privado-a-pie-por-zadar\/\",\"url\":\"https:\/\/tourtravelandmore.com\/es\/tours\/croacia-es\/zadar-es\/zadar-actividades-es\/tour-privado-a-pie-por-zadar\/\",\"name\":\"\u27a1\ufe0f Tour Privado a pie en Zadar con gu\u00eda oficial | Tour Travel & More\",\"isPartOf\":{\"@id\":\"https:\/\/tourtravelandmore.com\/es\/#website\"},\"primaryImageOfPage\":{\"@id\":\"https:\/\/tourtravelandmore.com\/es\/tours\/croacia-es\/zadar-es\/zadar-actividades-es\/tour-privado-a-pie-por-zadar\/#primaryimage\"},\"image\":{\"@id\":\"https:\/\/tourtravelandmore.com\/es\/tours\/croacia-es\/zadar-es\/zadar-actividades-es\/tour-privado-a-pie-por-zadar\/#primaryimage\"},\"thumbnailUrl\":\"https:\/\/tourtravelandmore.com\/wp-content\/uploads\/2020\/08\/Zadar-organ-sunset-min.jpg\",\"datePublished\":\"2020-08-12T11:19:31+00:00\",\"dateModified\":\"2023-07-21T02:57:46+00:00\",\"description\":\"Descubra la historia y patrimonio de la maravillosa ciudad de Zadar junto a un gu\u00eda oficial privado durante nuestro tour privado a pie en Zadar \u2705\",\"breadcrumb\":{\"@id\":\"https:\/\/tourtravelandmore.com\/es\/tours\/croacia-es\/zadar-es\/zadar-actividades-es\/tour-privado-a-pie-por-zadar\/#breadcrumb\"},\"inLanguage\":\"es\",\"potentialAction\":[{\"@type\":\"ReadAction\",\"target\":[\"https:\/\/tourtravelandmore.com\/es\/tours\/croacia-es\/zadar-es\/zadar-actividades-es\/tour-privado-a-pie-por-zadar\/\"]}]},{\"@type\":\"ImageObject\",\"inLanguage\":\"es\",\"@id\":\"https:\/\/tourtravelandmore.com\/es\/tours\/croacia-es\/zadar-es\/zadar-actividades-es\/tour-privado-a-pie-por-zadar\/#primaryimage\",\"url\":\"https:\/\/tourtravelandmore.com\/wp-content\/uploads\/2020\/08\/Zadar-organ-sunset-min.jpg\",\"contentUrl\":\"https:\/\/tourtravelandmore.com\/wp-content\/uploads\/2020\/08\/Zadar-organ-sunset-min.jpg\",\"width\":910,\"height\":607,\"caption\":\"Zadar sunset\"},{\"@type\":\"BreadcrumbList\",\"@id\":\"https:\/\/tourtravelandmore.com\/es\/tours\/croacia-es\/zadar-es\/zadar-actividades-es\/tour-privado-a-pie-por-zadar\/#breadcrumb\",\"itemListElement\":[{\"@type\":\"ListItem\",\"position\":1,\"name\":\"Home\",\"item\":\"https:\/\/tourtravelandmore.com\/es\/\"},{\"@type\":\"ListItem\",\"position\":2,\"name\":\"Tours\",\"item\":\"https:\/\/tourtravelandmore.com\/es\/tours\/\"},{\"@type\":\"ListItem\",\"position\":3,\"name\":\"Tour Privado a pie por Zadar\"}]},{\"@type\":\"WebSite\",\"@id\":\"https:\/\/tourtravelandmore.com\/es\/#website\",\"url\":\"https:\/\/tourtravelandmore.com\/es\/\",\"name\":\"Tour Travel And More\",\"description\":\"Private sightseeing tours and luxury transfers in Spain\",\"publisher\":{\"@id\":\"https:\/\/tourtravelandmore.com\/es\/#organization\"},\"potentialAction\":[{\"@type\":\"SearchAction\",\"target\":{\"@type\":\"EntryPoint\",\"urlTemplate\":\"https:\/\/tourtravelandmore.com\/es\/?s={search_term_string}\"},\"query-input\":{\"@type\":\"PropertyValueSpecification\",\"valueRequired\":true,\"valueName\":\"search_term_string\"}}],\"inLanguage\":\"es\"},{\"@type\":\"Organization\",\"@id\":\"https:\/\/tourtravelandmore.com\/es\/#organization\",\"name\":\"Tour Travel And More\",\"url\":\"https:\/\/tourtravelandmore.com\/es\/\",\"logo\":{\"@type\":\"ImageObject\",\"inLanguage\":\"es\",\"@id\":\"https:\/\/tourtravelandmore.com\/es\/#\/schema\/logo\/image\/\",\"url\":\"https:\/\/tourtravelandmore.com\/wp-content\/uploads\/2022\/12\/cropped-logo-cabecera-new.png\",\"contentUrl\":\"https:\/\/tourtravelandmore.com\/wp-content\/uploads\/2022\/12\/cropped-logo-cabecera-new.png\",\"width\":430,\"height\":61,\"caption\":\"Tour Travel And More\"},\"image\":{\"@id\":\"https:\/\/tourtravelandmore.com\/es\/#\/schema\/logo\/image\/\"},\"sameAs\":[\"https:\/\/www.facebook.com\/tourtravelandmore\/\",\"https:\/\/x.com\/TourTravel_More\"]}]}<\/script>\n<!-- \/ Yoast SEO Premium plugin. -->","yoast_head_json":{"title":"\u27a1\ufe0f Tour Privado a pie en Zadar con gu\u00eda oficial | Tour Travel & More","description":"Descubra la historia y patrimonio de la maravillosa ciudad de Zadar junto a un gu\u00eda oficial privado durante nuestro tour privado a pie en Zadar \u2705","robots":{"index":"index","follow":"follow","max-snippet":"max-snippet:-1","max-image-preview":"max-image-preview:large","max-video-preview":"max-video-preview:-1"},"canonical":"https:\/\/tourtravelandmore.com\/es\/tours\/croacia-es\/zadar-es\/zadar-actividades-es\/tour-privado-a-pie-por-zadar\/","og_locale":"es_ES","og_type":"article","og_title":"Tour Privado a pie por Zadar","og_description":"Descubra la historia y patrimonio de la maravillosa ciudad de Zadar junto a un gu\u00eda oficial privado durante nuestro tour privado a pie en Zadar \u2705","og_url":"https:\/\/tourtravelandmore.com\/es\/tours\/croacia-es\/zadar-es\/zadar-actividades-es\/tour-privado-a-pie-por-zadar\/","og_site_name":"Tour Travel And More","article_publisher":"https:\/\/www.facebook.com\/tourtravelandmore\/","article_modified_time":"2023-07-21T02:57:46+00:00","og_image":[{"width":910,"height":607,"url":"https:\/\/tourtravelandmore.com\/wp-content\/uploads\/2020\/08\/Zadar-organ-sunset-min.jpg","type":"image\/jpeg"}],"twitter_card":"summary_large_image","twitter_site":"@TourTravel_More","twitter_misc":{"Tiempo de lectura":"2 minutos"},"schema":{"@context":"https:\/\/schema.org","@graph":[{"@type":"WebPage","@id":"https:\/\/tourtravelandmore.com\/es\/tours\/croacia-es\/zadar-es\/zadar-actividades-es\/tour-privado-a-pie-por-zadar\/","url":"https:\/\/tourtravelandmore.com\/es\/tours\/croacia-es\/zadar-es\/zadar-actividades-es\/tour-privado-a-pie-por-zadar\/","name":"\u27a1\ufe0f Tour Privado a pie en Zadar con gu\u00eda oficial | Tour Travel & More","isPartOf":{"@id":"https:\/\/tourtravelandmore.com\/es\/#website"},"primaryImageOfPage":{"@id":"https:\/\/tourtravelandmore.com\/es\/tours\/croacia-es\/zadar-es\/zadar-actividades-es\/tour-privado-a-pie-por-zadar\/#primaryimage"},"image":{"@id":"https:\/\/tourtravelandmore.com\/es\/tours\/croacia-es\/zadar-es\/zadar-actividades-es\/tour-privado-a-pie-por-zadar\/#primaryimage"},"thumbnailUrl":"https:\/\/tourtravelandmore.com\/wp-content\/uploads\/2020\/08\/Zadar-organ-sunset-min.jpg","datePublished":"2020-08-12T11:19:31+00:00","dateModified":"2023-07-21T02:57:46+00:00","description":"Descubra la historia y patrimonio de la maravillosa ciudad de Zadar junto a un gu\u00eda oficial privado durante nuestro tour privado a pie en Zadar \u2705","breadcrumb":{"@id":"https:\/\/tourtravelandmore.com\/es\/tours\/croacia-es\/zadar-es\/zadar-actividades-es\/tour-privado-a-pie-por-zadar\/#breadcrumb"},"inLanguage":"es","potentialAction":[{"@type":"ReadAction","target":["https:\/\/tourtravelandmore.com\/es\/tours\/croacia-es\/zadar-es\/zadar-actividades-es\/tour-privado-a-pie-por-zadar\/"]}]},{"@type":"ImageObject","inLanguage":"es","@id":"https:\/\/tourtravelandmore.com\/es\/tours\/croacia-es\/zadar-es\/zadar-actividades-es\/tour-privado-a-pie-por-zadar\/#primaryimage","url":"https:\/\/tourtravelandmore.com\/wp-content\/uploads\/2020\/08\/Zadar-organ-sunset-min.jpg","contentUrl":"https:\/\/tourtravelandmore.com\/wp-content\/uploads\/2020\/08\/Zadar-organ-sunset-min.jpg","width":910,"height":607,"caption":"Zadar sunset"},{"@type":"BreadcrumbList","@id":"https:\/\/tourtravelandmore.com\/es\/tours\/croacia-es\/zadar-es\/zadar-actividades-es\/tour-privado-a-pie-por-zadar\/#breadcrumb","itemListElement":[{"@type":"ListItem","position":1,"name":"Home","item":"https:\/\/tourtravelandmore.com\/es\/"},{"@type":"ListItem","position":2,"name":"Tours","item":"https:\/\/tourtravelandmore.com\/es\/tours\/"},{"@type":"ListItem","position":3,"name":"Tour Privado a pie por Zadar"}]},{"@type":"WebSite","@id":"https:\/\/tourtravelandmore.com\/es\/#website","url":"https:\/\/tourtravelandmore.com\/es\/","name":"Tour Travel And More","description":"Private sightseeing tours and luxury transfers in Spain","publisher":{"@id":"https:\/\/tourtravelandmore.com\/es\/#organization"},"potentialAction":[{"@type":"SearchAction","target":{"@type":"EntryPoint","urlTemplate":"https:\/\/tourtravelandmore.com\/es\/?s={search_term_string}"},"query-input":{"@type":"PropertyValueSpecification","valueRequired":true,"valueName":"search_term_string"}}],"inLanguage":"es"},{"@type":"Organization","@id":"https:\/\/tourtravelandmore.com\/es\/#organization","name":"Tour Travel And More","url":"https:\/\/tourtravelandmore.com\/es\/","logo":{"@type":"ImageObject","inLanguage":"es","@id":"https:\/\/tourtravelandmore.com\/es\/#\/schema\/logo\/image\/","url":"https:\/\/tourtravelandmore.com\/wp-content\/uploads\/2022\/12\/cropped-logo-cabecera-new.png","contentUrl":"https:\/\/tourtravelandmore.com\/wp-content\/uploads\/2022\/12\/cropped-logo-cabecera-new.png","width":430,"height":61,"caption":"Tour Travel And More"},"image":{"@id":"https:\/\/tourtravelandmore.com\/es\/#\/schema\/logo\/image\/"},"sameAs":["https:\/\/www.facebook.com\/tourtravelandmore\/","https:\/\/x.com\/TourTravel_More"]}]}},"_links":{"self":[{"href":"https:\/\/tourtravelandmore.com\/es\/wp-json\/wp\/v2\/product\/82161","targetHints":{"allow":["GET"]}}],"collection":[{"href":"https:\/\/tourtravelandmore.com\/es\/wp-json\/wp\/v2\/product"}],"about":[{"href":"https:\/\/tourtravelandmore.com\/es\/wp-json\/wp\/v2\/types\/product"}],"replies":[{"embeddable":true,"href":"https:\/\/tourtravelandmore.com\/es\/wp-json\/wp\/v2\/comments?post=82161"}],"wp:featuredmedia":[{"embeddable":true,"href":"https:\/\/tourtravelandmore.com\/es\/wp-json\/wp\/v2\/media\/82177"}],"wp:attachment":[{"href":"https:\/\/tourtravelandmore.com\/es\/wp-json\/wp\/v2\/media?parent=82161"}],"wp:term":[{"taxonomy":"product_brand","embeddable":true,"href":"https:\/\/tourtravelandmore.com\/es\/wp-json\/wp\/v2\/product_brand?post=82161"},{"taxonomy":"product_cat","embeddable":true,"href":"https:\/\/tourtravelandmore.com\/es\/wp-json\/wp\/v2\/product_cat?post=82161"},{"taxonomy":"product_tag","embeddable":true,"href":"https:\/\/tourtravelandmore.com\/es\/wp-json\/wp\/v2\/product_tag?post=82161"}],"curies":[{"name":"wp","href":"https:\/\/api.w.org\/{rel}","templated":true}]}}