{"id":82135,"date":"2020-08-12T12:12:28","date_gmt":"2020-08-12T10:12:29","guid":{"rendered":"https:\/\/tourtravelandmore.com\/?post_type=product&#038;p=82135"},"modified":"2025-01-14T17:21:29","modified_gmt":"2025-01-14T16:21:29","slug":"tour-privado-a-pie-por-split","status":"publish","type":"product","link":"https:\/\/tourtravelandmore.com\/es\/tours\/croacia-es\/split-es\/split-actividades-es\/tour-privado-a-pie-por-split\/","title":{"rendered":"Tour Privado a pie por Split"},"content":{"rendered":"<h2><strong>Descripci\u00f3n del Tour Privado a pie por Split<\/strong><\/h2>\n<p>Definitivamente, no se querr\u00e1 perder este <strong>Tour Privado a pie por Split<\/strong> con nuestro <strong>gu\u00eda tur\u00edstico oficial<\/strong>. Admire todos los lugares y monumentos m\u00e1s importantes de esta ciudad \u00fanica en la Costa Croata.<\/p>\n<p><strong>Split<\/strong> se encuentra en una peque\u00f1a pen\u00ednsula y debe su nombre a los antiguos griegos que se establecieron all\u00ed en el siglo IV. Su<br \/>\nnombre deriva de la palabra griega &#8220;Aspalathos&#8221; que significa la &#8220;flor del arbusto&#8221; en espa\u00f1ol.<\/p>\n<p>La ciudad tambi\u00e9n es relevante por su puerto pesquero y base naval del Adri\u00e1tico, as\u00ed como por su centro cultural. Split fue declarada <strong>Patrimonio de la Humanidad por la UNESCO<\/strong> en 1979.<\/p>\n<p>Tendr\u00e1 3 horas completas para explorar esta fant\u00e1stica ciudad junto con su gu\u00eda tur\u00edstico. En caso de que lo prefieras, tambi\u00e9n podemos incluir m\u00e1s horas o incluso traslado privado para hacer una experiencia completa para usted.<\/p>\n<p>Este tour privado a pie por Split es completamente personalizado. Solo tienes que ponerte en contacto con nosotros y comentarnos tus preferencias, luego nosotros haremos el resto.<\/p>\n<p>Tenemos m\u00faltiples <a href=\"https:\/\/tourtravelandmore.com\/es\/ciudad\/croacia-es\/split-es\/split-actividades-es\/\">opciones de tours privados en y desde Split<\/a>, \u00a1\u00e9chale un vistazo!.<\/p>\n<h2><strong>Puntos de inter\u00e9s en el Tour Privado a pie por Split<\/strong><\/h2>\n<p>En primer lugar, se encontrar\u00e1 con su gu\u00eda oficial privado frente al muro sur del <a href=\"http:\/\/www.diocletianspalace.org\">Palacio de Diocleciano<\/a>. Desde aqu\u00ed, ver\u00e1 la vista completa de su escala y escuchar\u00e1 c\u00f3mo y por qu\u00e9 se construy\u00f3 el palacio. En caso de que su hotel est\u00e9 ubicado en el centro, podemos organizar la recogida desde all\u00ed.<\/p>\n<p>El palacio fue amurallado y a\u00fan se conservan las diferentes puertas de entrada. Visitar\u00e1 lo que sol\u00eda ser el <strong>mausoleo Diocleciano<\/strong> que m\u00e1s tarde se convirti\u00f3 en la <strong>Catedral de San Diomo<\/strong>. Hoy en d\u00eda, es el segundo edificio m\u00e1s antiguo del mundo. La entrada al Palacio est\u00e1 incluida en el precio del tour.<\/p>\n<p>Tambi\u00e9n visitar\u00e1 la <strong>Plaza del Peristilo<\/strong>, que es la plaza central del Palacio. Este lugar es uno de los lugares m\u00e1s animados de todo Split, siempre lleno de gente y bares para tomar algo.<\/p>\n<p>En segundo lugar, dejar\u00e1 el \u00e1rea del Palacio y continuar\u00e1 hasta la entrada norte conocida como &#8220;<strong>Golden Gate<\/strong>&#8220;. Desde aqu\u00ed, explorar\u00e1 la parte medieval, mejor conocida como el <strong>Casco Antiguo<\/strong>. Caminar\u00e1 por sus calles y plazas adoquinadas donde podr\u00e1 admirar su arquitectura. La mayor\u00eda de sus edificios son de \u00e9poca renacentista, g\u00f3tica y sucesoria.<\/p>\n<p>Finalmente, caminar\u00e1 por el paseo mar\u00edtimo conocido como <strong>Riva<\/strong>, que es uno de los lugares m\u00e1s maravillosos de Split. En realidad, este paseo mar\u00edtimo conecta el centro, el puerto y la marina.<\/p>\n<p>Su gu\u00eda tur\u00edstico oficial estar\u00e1 a su total disposici\u00f3n durante todo el recorrido. Como \u00e9l conoce muy bien la ciudad, puede recomendarle los mejores restaurantes para degustar una comida t\u00edpica croata.<\/p>\n","protected":false},"excerpt":{"rendered":"<p>Con <strong>Tour Travel and More<\/strong>, definitivamente no debes perderte este <strong>tour privado por la ciudad de Split<\/strong> en solo 3 horas. Es una elecci\u00f3n perfecta para conocer el casco antiguo de Split si no dispone de mucho tiempo. \u00a1Podr\u00e1s visitar los lugares m\u00e1s importantes como el <strong>Palacio de Diocleciano<\/strong>, la <strong>Plaza del Peristilo<\/strong>, la <strong>Catedral de San Diomo<\/strong> y mucho m\u00e1s!. Podemos incluir tickets de entrada a cualquier lugar que le gustar\u00eda visitar.<\/p>\n","protected":false},"featured_media":82145,"comment_status":"open","ping_status":"closed","template":"","meta":{"_acf_changed":false},"product_brand":[],"product_cat":[2434,2436,2442],"product_tag":[],"class_list":{"0":"post-82135","1":"product","2":"type-product","3":"status-publish","4":"has-post-thumbnail","6":"product_cat-split-es","7":"product_cat-split-actividades-es","8":"product_cat-split-a-pie-es","10":"first","11":"instock","12":"shipping-taxable","13":"purchasable","14":"product-type-simple"},"acf":[],"yoast_head":"<!-- This site is optimized with the Yoast SEO Premium plugin v25.3.1 (Yoast SEO v25.3.1) - https:\/\/yoast.com\/wordpress\/plugins\/seo\/ -->\n<title>\u27a1\ufe0f Tour Privado a pie por Split con gu\u00eda oficial privado | Tour Travel &amp; More<\/title>\n<meta name=\"description\" content=\"Disfrute de este Tour Privado a pie por Split junto a su g\u00fa\u00eda oficial privado quien lo llevara a recorrer todos los lugares mas importantes de esta ciudad \u2705\" \/>\n<meta name=\"robots\" content=\"index, follow, max-snippet:-1, max-image-preview:large, max-video-preview:-1\" \/>\n<link rel=\"canonical\" href=\"https:\/\/tourtravelandmore.com\/es\/tours\/croacia-es\/split-es\/split-actividades-es\/tour-privado-a-pie-por-split\/\" \/>\n<meta property=\"og:locale\" content=\"es_ES\" \/>\n<meta property=\"og:type\" content=\"article\" \/>\n<meta property=\"og:title\" content=\"Tour Privado a pie por Split\" \/>\n<meta property=\"og:description\" content=\"Disfrute de este Tour Privado a pie por Split junto a su g\u00fa\u00eda oficial privado quien lo llevara a recorrer todos los lugares mas importantes de esta ciudad \u2705\" \/>\n<meta property=\"og:url\" content=\"https:\/\/tourtravelandmore.com\/es\/tours\/croacia-es\/split-es\/split-actividades-es\/tour-privado-a-pie-por-split\/\" \/>\n<meta property=\"og:site_name\" content=\"Tour Travel And More\" \/>\n<meta property=\"article:publisher\" content=\"https:\/\/www.facebook.com\/tourtravelandmore\/\" \/>\n<meta property=\"article:modified_time\" content=\"2025-01-14T16:21:29+00:00\" \/>\n<meta property=\"og:image\" content=\"https:\/\/tourtravelandmore.com\/wp-content\/uploads\/2020\/08\/split-5-scaled.jpg\" \/>\n\t<meta property=\"og:image:width\" content=\"2560\" \/>\n\t<meta property=\"og:image:height\" content=\"1714\" \/>\n\t<meta property=\"og:image:type\" content=\"image\/jpeg\" \/>\n<meta name=\"twitter:card\" content=\"summary_large_image\" \/>\n<meta name=\"twitter:site\" content=\"@TourTravel_More\" \/>\n<meta name=\"twitter:label1\" content=\"Tiempo de lectura\" \/>\n\t<meta name=\"twitter:data1\" content=\"2 minutos\" \/>\n<script type=\"application\/ld+json\" class=\"yoast-schema-graph\">{\"@context\":\"https:\/\/schema.org\",\"@graph\":[{\"@type\":\"WebPage\",\"@id\":\"https:\/\/tourtravelandmore.com\/es\/tours\/croacia-es\/split-es\/split-actividades-es\/tour-privado-a-pie-por-split\/\",\"url\":\"https:\/\/tourtravelandmore.com\/es\/tours\/croacia-es\/split-es\/split-actividades-es\/tour-privado-a-pie-por-split\/\",\"name\":\"\u27a1\ufe0f Tour Privado a pie por Split con gu\u00eda oficial privado | Tour Travel & More\",\"isPartOf\":{\"@id\":\"https:\/\/tourtravelandmore.com\/es\/#website\"},\"primaryImageOfPage\":{\"@id\":\"https:\/\/tourtravelandmore.com\/es\/tours\/croacia-es\/split-es\/split-actividades-es\/tour-privado-a-pie-por-split\/#primaryimage\"},\"image\":{\"@id\":\"https:\/\/tourtravelandmore.com\/es\/tours\/croacia-es\/split-es\/split-actividades-es\/tour-privado-a-pie-por-split\/#primaryimage\"},\"thumbnailUrl\":\"https:\/\/tourtravelandmore.com\/wp-content\/uploads\/2020\/08\/split-5-scaled.jpg\",\"datePublished\":\"2020-08-12T10:12:29+00:00\",\"dateModified\":\"2025-01-14T16:21:29+00:00\",\"description\":\"Disfrute de este Tour Privado a pie por Split junto a su g\u00fa\u00eda oficial privado quien lo llevara a recorrer todos los lugares mas importantes de esta ciudad \u2705\",\"breadcrumb\":{\"@id\":\"https:\/\/tourtravelandmore.com\/es\/tours\/croacia-es\/split-es\/split-actividades-es\/tour-privado-a-pie-por-split\/#breadcrumb\"},\"inLanguage\":\"es\",\"potentialAction\":[{\"@type\":\"ReadAction\",\"target\":[\"https:\/\/tourtravelandmore.com\/es\/tours\/croacia-es\/split-es\/split-actividades-es\/tour-privado-a-pie-por-split\/\"]}]},{\"@type\":\"ImageObject\",\"inLanguage\":\"es\",\"@id\":\"https:\/\/tourtravelandmore.com\/es\/tours\/croacia-es\/split-es\/split-actividades-es\/tour-privado-a-pie-por-split\/#primaryimage\",\"url\":\"https:\/\/tourtravelandmore.com\/wp-content\/uploads\/2020\/08\/split-5-scaled.jpg\",\"contentUrl\":\"https:\/\/tourtravelandmore.com\/wp-content\/uploads\/2020\/08\/split-5-scaled.jpg\",\"width\":2560,\"height\":1714},{\"@type\":\"BreadcrumbList\",\"@id\":\"https:\/\/tourtravelandmore.com\/es\/tours\/croacia-es\/split-es\/split-actividades-es\/tour-privado-a-pie-por-split\/#breadcrumb\",\"itemListElement\":[{\"@type\":\"ListItem\",\"position\":1,\"name\":\"Home\",\"item\":\"https:\/\/tourtravelandmore.com\/es\/\"},{\"@type\":\"ListItem\",\"position\":2,\"name\":\"Tours\",\"item\":\"https:\/\/tourtravelandmore.com\/es\/tours\/\"},{\"@type\":\"ListItem\",\"position\":3,\"name\":\"Tour Privado a pie por Split\"}]},{\"@type\":\"WebSite\",\"@id\":\"https:\/\/tourtravelandmore.com\/es\/#website\",\"url\":\"https:\/\/tourtravelandmore.com\/es\/\",\"name\":\"Tour Travel And More\",\"description\":\"Private sightseeing tours and luxury transfers in Spain\",\"publisher\":{\"@id\":\"https:\/\/tourtravelandmore.com\/es\/#organization\"},\"potentialAction\":[{\"@type\":\"SearchAction\",\"target\":{\"@type\":\"EntryPoint\",\"urlTemplate\":\"https:\/\/tourtravelandmore.com\/es\/?s={search_term_string}\"},\"query-input\":{\"@type\":\"PropertyValueSpecification\",\"valueRequired\":true,\"valueName\":\"search_term_string\"}}],\"inLanguage\":\"es\"},{\"@type\":\"Organization\",\"@id\":\"https:\/\/tourtravelandmore.com\/es\/#organization\",\"name\":\"Tour Travel And More\",\"url\":\"https:\/\/tourtravelandmore.com\/es\/\",\"logo\":{\"@type\":\"ImageObject\",\"inLanguage\":\"es\",\"@id\":\"https:\/\/tourtravelandmore.com\/es\/#\/schema\/logo\/image\/\",\"url\":\"https:\/\/tourtravelandmore.com\/wp-content\/uploads\/2022\/12\/cropped-logo-cabecera-new.png\",\"contentUrl\":\"https:\/\/tourtravelandmore.com\/wp-content\/uploads\/2022\/12\/cropped-logo-cabecera-new.png\",\"width\":430,\"height\":61,\"caption\":\"Tour Travel And More\"},\"image\":{\"@id\":\"https:\/\/tourtravelandmore.com\/es\/#\/schema\/logo\/image\/\"},\"sameAs\":[\"https:\/\/www.facebook.com\/tourtravelandmore\/\",\"https:\/\/x.com\/TourTravel_More\"]}]}<\/script>\n<!-- \/ Yoast SEO Premium plugin. -->","yoast_head_json":{"title":"\u27a1\ufe0f Tour Privado a pie por Split con gu\u00eda oficial privado | Tour Travel & More","description":"Disfrute de este Tour Privado a pie por Split junto a su g\u00fa\u00eda oficial privado quien lo llevara a recorrer todos los lugares mas importantes de esta ciudad \u2705","robots":{"index":"index","follow":"follow","max-snippet":"max-snippet:-1","max-image-preview":"max-image-preview:large","max-video-preview":"max-video-preview:-1"},"canonical":"https:\/\/tourtravelandmore.com\/es\/tours\/croacia-es\/split-es\/split-actividades-es\/tour-privado-a-pie-por-split\/","og_locale":"es_ES","og_type":"article","og_title":"Tour Privado a pie por Split","og_description":"Disfrute de este Tour Privado a pie por Split junto a su g\u00fa\u00eda oficial privado quien lo llevara a recorrer todos los lugares mas importantes de esta ciudad \u2705","og_url":"https:\/\/tourtravelandmore.com\/es\/tours\/croacia-es\/split-es\/split-actividades-es\/tour-privado-a-pie-por-split\/","og_site_name":"Tour Travel And More","article_publisher":"https:\/\/www.facebook.com\/tourtravelandmore\/","article_modified_time":"2025-01-14T16:21:29+00:00","og_image":[{"width":2560,"height":1714,"url":"https:\/\/tourtravelandmore.com\/wp-content\/uploads\/2020\/08\/split-5-scaled.jpg","type":"image\/jpeg"}],"twitter_card":"summary_large_image","twitter_site":"@TourTravel_More","twitter_misc":{"Tiempo de lectura":"2 minutos"},"schema":{"@context":"https:\/\/schema.org","@graph":[{"@type":"WebPage","@id":"https:\/\/tourtravelandmore.com\/es\/tours\/croacia-es\/split-es\/split-actividades-es\/tour-privado-a-pie-por-split\/","url":"https:\/\/tourtravelandmore.com\/es\/tours\/croacia-es\/split-es\/split-actividades-es\/tour-privado-a-pie-por-split\/","name":"\u27a1\ufe0f Tour Privado a pie por Split con gu\u00eda oficial privado | Tour Travel & More","isPartOf":{"@id":"https:\/\/tourtravelandmore.com\/es\/#website"},"primaryImageOfPage":{"@id":"https:\/\/tourtravelandmore.com\/es\/tours\/croacia-es\/split-es\/split-actividades-es\/tour-privado-a-pie-por-split\/#primaryimage"},"image":{"@id":"https:\/\/tourtravelandmore.com\/es\/tours\/croacia-es\/split-es\/split-actividades-es\/tour-privado-a-pie-por-split\/#primaryimage"},"thumbnailUrl":"https:\/\/tourtravelandmore.com\/wp-content\/uploads\/2020\/08\/split-5-scaled.jpg","datePublished":"2020-08-12T10:12:29+00:00","dateModified":"2025-01-14T16:21:29+00:00","description":"Disfrute de este Tour Privado a pie por Split junto a su g\u00fa\u00eda oficial privado quien lo llevara a recorrer todos los lugares mas importantes de esta ciudad \u2705","breadcrumb":{"@id":"https:\/\/tourtravelandmore.com\/es\/tours\/croacia-es\/split-es\/split-actividades-es\/tour-privado-a-pie-por-split\/#breadcrumb"},"inLanguage":"es","potentialAction":[{"@type":"ReadAction","target":["https:\/\/tourtravelandmore.com\/es\/tours\/croacia-es\/split-es\/split-actividades-es\/tour-privado-a-pie-por-split\/"]}]},{"@type":"ImageObject","inLanguage":"es","@id":"https:\/\/tourtravelandmore.com\/es\/tours\/croacia-es\/split-es\/split-actividades-es\/tour-privado-a-pie-por-split\/#primaryimage","url":"https:\/\/tourtravelandmore.com\/wp-content\/uploads\/2020\/08\/split-5-scaled.jpg","contentUrl":"https:\/\/tourtravelandmore.com\/wp-content\/uploads\/2020\/08\/split-5-scaled.jpg","width":2560,"height":1714},{"@type":"BreadcrumbList","@id":"https:\/\/tourtravelandmore.com\/es\/tours\/croacia-es\/split-es\/split-actividades-es\/tour-privado-a-pie-por-split\/#breadcrumb","itemListElement":[{"@type":"ListItem","position":1,"name":"Home","item":"https:\/\/tourtravelandmore.com\/es\/"},{"@type":"ListItem","position":2,"name":"Tours","item":"https:\/\/tourtravelandmore.com\/es\/tours\/"},{"@type":"ListItem","position":3,"name":"Tour Privado a pie por Split"}]},{"@type":"WebSite","@id":"https:\/\/tourtravelandmore.com\/es\/#website","url":"https:\/\/tourtravelandmore.com\/es\/","name":"Tour Travel And More","description":"Private sightseeing tours and luxury transfers in Spain","publisher":{"@id":"https:\/\/tourtravelandmore.com\/es\/#organization"},"potentialAction":[{"@type":"SearchAction","target":{"@type":"EntryPoint","urlTemplate":"https:\/\/tourtravelandmore.com\/es\/?s={search_term_string}"},"query-input":{"@type":"PropertyValueSpecification","valueRequired":true,"valueName":"search_term_string"}}],"inLanguage":"es"},{"@type":"Organization","@id":"https:\/\/tourtravelandmore.com\/es\/#organization","name":"Tour Travel And More","url":"https:\/\/tourtravelandmore.com\/es\/","logo":{"@type":"ImageObject","inLanguage":"es","@id":"https:\/\/tourtravelandmore.com\/es\/#\/schema\/logo\/image\/","url":"https:\/\/tourtravelandmore.com\/wp-content\/uploads\/2022\/12\/cropped-logo-cabecera-new.png","contentUrl":"https:\/\/tourtravelandmore.com\/wp-content\/uploads\/2022\/12\/cropped-logo-cabecera-new.png","width":430,"height":61,"caption":"Tour Travel And More"},"image":{"@id":"https:\/\/tourtravelandmore.com\/es\/#\/schema\/logo\/image\/"},"sameAs":["https:\/\/www.facebook.com\/tourtravelandmore\/","https:\/\/x.com\/TourTravel_More"]}]}},"_links":{"self":[{"href":"https:\/\/tourtravelandmore.com\/es\/wp-json\/wp\/v2\/product\/82135","targetHints":{"allow":["GET"]}}],"collection":[{"href":"https:\/\/tourtravelandmore.com\/es\/wp-json\/wp\/v2\/product"}],"about":[{"href":"https:\/\/tourtravelandmore.com\/es\/wp-json\/wp\/v2\/types\/product"}],"replies":[{"embeddable":true,"href":"https:\/\/tourtravelandmore.com\/es\/wp-json\/wp\/v2\/comments?post=82135"}],"wp:featuredmedia":[{"embeddable":true,"href":"https:\/\/tourtravelandmore.com\/es\/wp-json\/wp\/v2\/media\/82145"}],"wp:attachment":[{"href":"https:\/\/tourtravelandmore.com\/es\/wp-json\/wp\/v2\/media?parent=82135"}],"wp:term":[{"taxonomy":"product_brand","embeddable":true,"href":"https:\/\/tourtravelandmore.com\/es\/wp-json\/wp\/v2\/product_brand?post=82135"},{"taxonomy":"product_cat","embeddable":true,"href":"https:\/\/tourtravelandmore.com\/es\/wp-json\/wp\/v2\/product_cat?post=82135"},{"taxonomy":"product_tag","embeddable":true,"href":"https:\/\/tourtravelandmore.com\/es\/wp-json\/wp\/v2\/product_tag?post=82135"}],"curies":[{"name":"wp","href":"https:\/\/api.w.org\/{rel}","templated":true}]}}