{"id":82068,"date":"2020-08-04T10:55:11","date_gmt":"2020-08-06T09:49:54","guid":{"rendered":"https:\/\/tourtravelandmore.com\/?post_type=product&#038;p=82068"},"modified":"2025-02-24T10:28:14","modified_gmt":"2025-02-24T09:28:14","slug":"excursiones-pesca-en-miami-barco-privado-en-miami-con-tripulacion","status":"publish","type":"product","link":"https:\/\/tourtravelandmore.com\/es\/tours\/eeuu-es\/miami-es\/excursiones-pesca-en-miami-barco-privado-en-miami-con-tripulacion\/","title":{"rendered":"Excursion de pesca privada en Miami"},"content":{"rendered":"<h2>Descripci\u00f3n<\/h2>\n<p><span lang=\"es\">Esta es una gran actividad de un d\u00eda para disfrutar con su familia y amigos. Podr\u00e1 disfrutar de una ma\u00f1ana de pesca, en un barco privado en Miami con tripulaci\u00f3n. Somos especialistas en excursiones pesca en Miami.<br \/>\n<\/span><\/p>\n<p><span lang=\"es\">Le daremos la oportunidad de pescar a lo largo de la costa de Miami durante una experiencia guiada de 4 horas. <\/span><\/p>\n<p>Disponemos de 2 opciones que dos precios diferentes, una nos quedamos cerca de la costa y la segunda vamos m\u00e1s lejos. A trav\u00e9s del formulario de contacto, nuestro equipo le enviar\u00e1 los datos detallados.<\/p>\n<p>Disponemos de un veh\u00edculo privado si desea ser recogido en su hotel y devuelto. Sino quiere los Traslados el punto de encuentro ser\u00e1 directamente en la marina.<\/p>\n<p><span lang=\"es\">Nuestras excursiones pesca en Miami ser\u00e1n una gran experiencia para disfrutar de una actividad de mar en Miami. <\/span><\/p>\n<p><span lang=\"es\">Podr\u00e1 conocer la costa de Miami y disfrutar de unas horas de pesca. Podemos organizar una experiencia guiada de 4 horas o programar una m\u00e1s larga a 8 horas.<br \/>\n<\/span><\/p>\n<p><img fetchpriority=\"high\" decoding=\"async\" class=\"alignnone wp-image-106034 size-large\" src=\"https:\/\/tourtravelandmore.com\/wp-content\/uploads\/2020\/08\/114-1024x635.png\" alt=\"Excursion de pesca privada en Miami\" width=\"1024\" height=\"635\" srcset=\"https:\/\/tourtravelandmore.com\/wp-content\/uploads\/2020\/08\/114-1024x635.png 1024w, https:\/\/tourtravelandmore.com\/wp-content\/uploads\/2020\/08\/114-300x186.png 300w, https:\/\/tourtravelandmore.com\/wp-content\/uploads\/2020\/08\/114-768x476.png 768w, https:\/\/tourtravelandmore.com\/wp-content\/uploads\/2020\/08\/114-680x422.png 680w, https:\/\/tourtravelandmore.com\/wp-content\/uploads\/2020\/08\/114-595x369.png 595w, https:\/\/tourtravelandmore.com\/wp-content\/uploads\/2020\/08\/114.png 1080w\" sizes=\"(max-width: 1024px) 100vw, 1024px\" \/><\/p>\n<p>Nuestras excursiones pesca en Miami son completamente privadas, nos adaptamos a sus necesidades.<\/p>\n<p><span lang=\"es\">Para la opci\u00f3n de 4 horas, podemos organizar la recogida a las 8 a.m. o a la 1 p.m. Para la experiencia de pesca, estas son las mejores horas para comenzar.<\/span><\/p>\n<h2>Puntos de inter\u00e9s<\/h2>\n<p><span lang=\"es\">El barco de pesca que utilizamos se llama <strong>Hatteras de 51<\/strong>. Nuestro barco est\u00e1 atracado en un puerto deportivo de Miami. Podemos recogerlo desde su hotel o quedar directamente en el puerto.<\/span><\/p>\n<p><span lang=\"es\">El <strong>equipo de pesca y el cebo<\/strong> est\u00e1n incluidos en esta propuesta para usted.<\/span><\/p>\n<p><img decoding=\"async\" class=\"alignnone wp-image-106600 size-large\" src=\"https:\/\/tourtravelandmore.com\/wp-content\/uploads\/2020\/08\/Disen\u0303o-sin-ti\u0301tulo-1-1024x576.png\" alt=\"miami fishing charters\" width=\"1024\" height=\"576\" srcset=\"https:\/\/tourtravelandmore.com\/wp-content\/uploads\/2020\/08\/Disen\u0303o-sin-ti\u0301tulo-1-1024x576.png 1024w, https:\/\/tourtravelandmore.com\/wp-content\/uploads\/2020\/08\/Disen\u0303o-sin-ti\u0301tulo-1-300x169.png 300w, https:\/\/tourtravelandmore.com\/wp-content\/uploads\/2020\/08\/Disen\u0303o-sin-ti\u0301tulo-1-768x432.png 768w, https:\/\/tourtravelandmore.com\/wp-content\/uploads\/2020\/08\/Disen\u0303o-sin-ti\u0301tulo-1-1536x864.png 1536w, https:\/\/tourtravelandmore.com\/wp-content\/uploads\/2020\/08\/Disen\u0303o-sin-ti\u0301tulo-1-680x383.png 680w, https:\/\/tourtravelandmore.com\/wp-content\/uploads\/2020\/08\/Disen\u0303o-sin-ti\u0301tulo-1-595x335.png 595w, https:\/\/tourtravelandmore.com\/wp-content\/uploads\/2020\/08\/Disen\u0303o-sin-ti\u0301tulo-1.png 1920w\" sizes=\"(max-width: 1024px) 100vw, 1024px\" \/><\/p>\n<p><span lang=\"es\">Esta es una gran experiencia para toda la familia o si vas con un grupo de amigos.<br \/>\n<\/span><\/p>\n<p>Si dispone de m\u00e1s d\u00edas en Miami consulta <strong><a href=\"https:\/\/tourtravelandmore.com\/es\/ciudad\/eeuu-es\/miami-es\/\">aqui!<\/a><\/strong>, nuestro listado de tours privados y actividades. Operamos en todo Miami y le podemos ofrecer cualquier tour, Traslado o actividad en barco que desee.<\/p>\n<p>S\u00f3lo debe ponerse en contacto con nosotros a trav\u00e9s del formulario de contacto y nuestro equipo se pondr\u00e0 en contacto con usted y se le enviar\u00e1 la informaci\u00f3n detallada.<\/p>\n","protected":false},"excerpt":{"rendered":"<p>Explora el mar abierto con nuestra tripulaci\u00f3n y disfruta un d\u00eda de pesca desde Miami. Disfruta una experiencia privada y personalizada.<\/p>\n","protected":false},"featured_media":82013,"comment_status":"open","ping_status":"closed","template":"","meta":{"_acf_changed":false},"product_brand":[],"product_cat":[1602,333,334,335,2665],"product_tag":[],"class_list":{"0":"post-82068","1":"product","2":"type-product","3":"status-publish","4":"has-post-thumbnail","6":"product_cat-eeuu-es","7":"product_cat-miami-es","8":"product_cat-miami-actividades-es","9":"product_cat-miami-excursiones-es","10":"product_cat-miami-yates-y-botes-es","12":"first","13":"instock","14":"shipping-taxable","15":"purchasable","16":"product-type-simple"},"acf":[],"yoast_head":"<!-- This site is optimized with the Yoast SEO Premium plugin v25.3.1 (Yoast SEO v25.3.1) - https:\/\/yoast.com\/wordpress\/plugins\/seo\/ -->\n<title>Excursiones Pesca en Miami: Barco privado en Miami con Tripulaci\u00f3n<\/title>\n<meta name=\"description\" content=\"Disfruta de nuestras excursiones pesca en Miami, con nuestros barcos privados (Hatteras de 51), El equipo y el cebo est\u00e1n incluidos en la experiencia!\" \/>\n<meta name=\"robots\" content=\"index, follow, max-snippet:-1, max-image-preview:large, max-video-preview:-1\" \/>\n<link rel=\"canonical\" href=\"https:\/\/tourtravelandmore.com\/es\/tours\/eeuu-es\/miami-es\/excursiones-pesca-en-miami-barco-privado-en-miami-con-tripulacion\/\" \/>\n<meta property=\"og:locale\" content=\"es_ES\" \/>\n<meta property=\"og:type\" content=\"article\" \/>\n<meta property=\"og:title\" content=\"Excursion de pesca privada en Miami\" \/>\n<meta property=\"og:description\" content=\"Disfruta de nuestras excursiones pesca en Miami, con nuestros barcos privados (Hatteras de 51), El equipo y el cebo est\u00e1n incluidos en la experiencia!\" \/>\n<meta property=\"og:url\" content=\"https:\/\/tourtravelandmore.com\/es\/tours\/eeuu-es\/miami-es\/excursiones-pesca-en-miami-barco-privado-en-miami-con-tripulacion\/\" \/>\n<meta property=\"og:site_name\" content=\"Tour Travel And More\" \/>\n<meta property=\"article:publisher\" content=\"https:\/\/www.facebook.com\/tourtravelandmore\/\" \/>\n<meta property=\"article:modified_time\" content=\"2025-02-24T09:28:14+00:00\" \/>\n<meta property=\"og:image\" content=\"https:\/\/tourtravelandmore.com\/wp-content\/uploads\/2020\/08\/51-hatteras.jpg\" \/>\n\t<meta property=\"og:image:width\" content=\"750\" \/>\n\t<meta property=\"og:image:height\" content=\"402\" \/>\n\t<meta property=\"og:image:type\" content=\"image\/jpeg\" \/>\n<meta name=\"twitter:card\" content=\"summary_large_image\" \/>\n<meta name=\"twitter:site\" content=\"@TourTravel_More\" \/>\n<meta name=\"twitter:label1\" content=\"Tiempo de lectura\" \/>\n\t<meta name=\"twitter:data1\" content=\"3 minutos\" \/>\n<script type=\"application\/ld+json\" class=\"yoast-schema-graph\">{\"@context\":\"https:\/\/schema.org\",\"@graph\":[{\"@type\":\"WebPage\",\"@id\":\"https:\/\/tourtravelandmore.com\/es\/tours\/eeuu-es\/miami-es\/excursiones-pesca-en-miami-barco-privado-en-miami-con-tripulacion\/\",\"url\":\"https:\/\/tourtravelandmore.com\/es\/tours\/eeuu-es\/miami-es\/excursiones-pesca-en-miami-barco-privado-en-miami-con-tripulacion\/\",\"name\":\"Excursiones Pesca en Miami: Barco privado en Miami con Tripulaci\u00f3n\",\"isPartOf\":{\"@id\":\"https:\/\/tourtravelandmore.com\/es\/#website\"},\"primaryImageOfPage\":{\"@id\":\"https:\/\/tourtravelandmore.com\/es\/tours\/eeuu-es\/miami-es\/excursiones-pesca-en-miami-barco-privado-en-miami-con-tripulacion\/#primaryimage\"},\"image\":{\"@id\":\"https:\/\/tourtravelandmore.com\/es\/tours\/eeuu-es\/miami-es\/excursiones-pesca-en-miami-barco-privado-en-miami-con-tripulacion\/#primaryimage\"},\"thumbnailUrl\":\"https:\/\/tourtravelandmore.com\/wp-content\/uploads\/2020\/08\/51-hatteras.jpg\",\"datePublished\":\"2020-08-06T09:49:54+00:00\",\"dateModified\":\"2025-02-24T09:28:14+00:00\",\"description\":\"Disfruta de nuestras excursiones pesca en Miami, con nuestros barcos privados (Hatteras de 51), El equipo y el cebo est\u00e1n incluidos en la experiencia!\",\"breadcrumb\":{\"@id\":\"https:\/\/tourtravelandmore.com\/es\/tours\/eeuu-es\/miami-es\/excursiones-pesca-en-miami-barco-privado-en-miami-con-tripulacion\/#breadcrumb\"},\"inLanguage\":\"es\",\"potentialAction\":[{\"@type\":\"ReadAction\",\"target\":[\"https:\/\/tourtravelandmore.com\/es\/tours\/eeuu-es\/miami-es\/excursiones-pesca-en-miami-barco-privado-en-miami-con-tripulacion\/\"]}]},{\"@type\":\"ImageObject\",\"inLanguage\":\"es\",\"@id\":\"https:\/\/tourtravelandmore.com\/es\/tours\/eeuu-es\/miami-es\/excursiones-pesca-en-miami-barco-privado-en-miami-con-tripulacion\/#primaryimage\",\"url\":\"https:\/\/tourtravelandmore.com\/wp-content\/uploads\/2020\/08\/51-hatteras.jpg\",\"contentUrl\":\"https:\/\/tourtravelandmore.com\/wp-content\/uploads\/2020\/08\/51-hatteras.jpg\",\"width\":750,\"height\":402},{\"@type\":\"BreadcrumbList\",\"@id\":\"https:\/\/tourtravelandmore.com\/es\/tours\/eeuu-es\/miami-es\/excursiones-pesca-en-miami-barco-privado-en-miami-con-tripulacion\/#breadcrumb\",\"itemListElement\":[{\"@type\":\"ListItem\",\"position\":1,\"name\":\"Home\",\"item\":\"https:\/\/tourtravelandmore.com\/es\/\"},{\"@type\":\"ListItem\",\"position\":2,\"name\":\"Tours\",\"item\":\"https:\/\/tourtravelandmore.com\/es\/tours\/\"},{\"@type\":\"ListItem\",\"position\":3,\"name\":\"Excursion de pesca privada en Miami\"}]},{\"@type\":\"WebSite\",\"@id\":\"https:\/\/tourtravelandmore.com\/es\/#website\",\"url\":\"https:\/\/tourtravelandmore.com\/es\/\",\"name\":\"Tour Travel And More\",\"description\":\"Private sightseeing tours and luxury transfers in Spain\",\"publisher\":{\"@id\":\"https:\/\/tourtravelandmore.com\/es\/#organization\"},\"potentialAction\":[{\"@type\":\"SearchAction\",\"target\":{\"@type\":\"EntryPoint\",\"urlTemplate\":\"https:\/\/tourtravelandmore.com\/es\/?s={search_term_string}\"},\"query-input\":{\"@type\":\"PropertyValueSpecification\",\"valueRequired\":true,\"valueName\":\"search_term_string\"}}],\"inLanguage\":\"es\"},{\"@type\":\"Organization\",\"@id\":\"https:\/\/tourtravelandmore.com\/es\/#organization\",\"name\":\"Tour Travel And More\",\"url\":\"https:\/\/tourtravelandmore.com\/es\/\",\"logo\":{\"@type\":\"ImageObject\",\"inLanguage\":\"es\",\"@id\":\"https:\/\/tourtravelandmore.com\/es\/#\/schema\/logo\/image\/\",\"url\":\"https:\/\/tourtravelandmore.com\/wp-content\/uploads\/2022\/12\/cropped-logo-cabecera-new.png\",\"contentUrl\":\"https:\/\/tourtravelandmore.com\/wp-content\/uploads\/2022\/12\/cropped-logo-cabecera-new.png\",\"width\":430,\"height\":61,\"caption\":\"Tour Travel And More\"},\"image\":{\"@id\":\"https:\/\/tourtravelandmore.com\/es\/#\/schema\/logo\/image\/\"},\"sameAs\":[\"https:\/\/www.facebook.com\/tourtravelandmore\/\",\"https:\/\/x.com\/TourTravel_More\"]}]}<\/script>\n<!-- \/ Yoast SEO Premium plugin. -->","yoast_head_json":{"title":"Excursiones Pesca en Miami: Barco privado en Miami con Tripulaci\u00f3n","description":"Disfruta de nuestras excursiones pesca en Miami, con nuestros barcos privados (Hatteras de 51), El equipo y el cebo est\u00e1n incluidos en la experiencia!","robots":{"index":"index","follow":"follow","max-snippet":"max-snippet:-1","max-image-preview":"max-image-preview:large","max-video-preview":"max-video-preview:-1"},"canonical":"https:\/\/tourtravelandmore.com\/es\/tours\/eeuu-es\/miami-es\/excursiones-pesca-en-miami-barco-privado-en-miami-con-tripulacion\/","og_locale":"es_ES","og_type":"article","og_title":"Excursion de pesca privada en Miami","og_description":"Disfruta de nuestras excursiones pesca en Miami, con nuestros barcos privados (Hatteras de 51), El equipo y el cebo est\u00e1n incluidos en la experiencia!","og_url":"https:\/\/tourtravelandmore.com\/es\/tours\/eeuu-es\/miami-es\/excursiones-pesca-en-miami-barco-privado-en-miami-con-tripulacion\/","og_site_name":"Tour Travel And More","article_publisher":"https:\/\/www.facebook.com\/tourtravelandmore\/","article_modified_time":"2025-02-24T09:28:14+00:00","og_image":[{"width":750,"height":402,"url":"https:\/\/tourtravelandmore.com\/wp-content\/uploads\/2020\/08\/51-hatteras.jpg","type":"image\/jpeg"}],"twitter_card":"summary_large_image","twitter_site":"@TourTravel_More","twitter_misc":{"Tiempo de lectura":"3 minutos"},"schema":{"@context":"https:\/\/schema.org","@graph":[{"@type":"WebPage","@id":"https:\/\/tourtravelandmore.com\/es\/tours\/eeuu-es\/miami-es\/excursiones-pesca-en-miami-barco-privado-en-miami-con-tripulacion\/","url":"https:\/\/tourtravelandmore.com\/es\/tours\/eeuu-es\/miami-es\/excursiones-pesca-en-miami-barco-privado-en-miami-con-tripulacion\/","name":"Excursiones Pesca en Miami: Barco privado en Miami con Tripulaci\u00f3n","isPartOf":{"@id":"https:\/\/tourtravelandmore.com\/es\/#website"},"primaryImageOfPage":{"@id":"https:\/\/tourtravelandmore.com\/es\/tours\/eeuu-es\/miami-es\/excursiones-pesca-en-miami-barco-privado-en-miami-con-tripulacion\/#primaryimage"},"image":{"@id":"https:\/\/tourtravelandmore.com\/es\/tours\/eeuu-es\/miami-es\/excursiones-pesca-en-miami-barco-privado-en-miami-con-tripulacion\/#primaryimage"},"thumbnailUrl":"https:\/\/tourtravelandmore.com\/wp-content\/uploads\/2020\/08\/51-hatteras.jpg","datePublished":"2020-08-06T09:49:54+00:00","dateModified":"2025-02-24T09:28:14+00:00","description":"Disfruta de nuestras excursiones pesca en Miami, con nuestros barcos privados (Hatteras de 51), El equipo y el cebo est\u00e1n incluidos en la experiencia!","breadcrumb":{"@id":"https:\/\/tourtravelandmore.com\/es\/tours\/eeuu-es\/miami-es\/excursiones-pesca-en-miami-barco-privado-en-miami-con-tripulacion\/#breadcrumb"},"inLanguage":"es","potentialAction":[{"@type":"ReadAction","target":["https:\/\/tourtravelandmore.com\/es\/tours\/eeuu-es\/miami-es\/excursiones-pesca-en-miami-barco-privado-en-miami-con-tripulacion\/"]}]},{"@type":"ImageObject","inLanguage":"es","@id":"https:\/\/tourtravelandmore.com\/es\/tours\/eeuu-es\/miami-es\/excursiones-pesca-en-miami-barco-privado-en-miami-con-tripulacion\/#primaryimage","url":"https:\/\/tourtravelandmore.com\/wp-content\/uploads\/2020\/08\/51-hatteras.jpg","contentUrl":"https:\/\/tourtravelandmore.com\/wp-content\/uploads\/2020\/08\/51-hatteras.jpg","width":750,"height":402},{"@type":"BreadcrumbList","@id":"https:\/\/tourtravelandmore.com\/es\/tours\/eeuu-es\/miami-es\/excursiones-pesca-en-miami-barco-privado-en-miami-con-tripulacion\/#breadcrumb","itemListElement":[{"@type":"ListItem","position":1,"name":"Home","item":"https:\/\/tourtravelandmore.com\/es\/"},{"@type":"ListItem","position":2,"name":"Tours","item":"https:\/\/tourtravelandmore.com\/es\/tours\/"},{"@type":"ListItem","position":3,"name":"Excursion de pesca privada en Miami"}]},{"@type":"WebSite","@id":"https:\/\/tourtravelandmore.com\/es\/#website","url":"https:\/\/tourtravelandmore.com\/es\/","name":"Tour Travel And More","description":"Private sightseeing tours and luxury transfers in Spain","publisher":{"@id":"https:\/\/tourtravelandmore.com\/es\/#organization"},"potentialAction":[{"@type":"SearchAction","target":{"@type":"EntryPoint","urlTemplate":"https:\/\/tourtravelandmore.com\/es\/?s={search_term_string}"},"query-input":{"@type":"PropertyValueSpecification","valueRequired":true,"valueName":"search_term_string"}}],"inLanguage":"es"},{"@type":"Organization","@id":"https:\/\/tourtravelandmore.com\/es\/#organization","name":"Tour Travel And More","url":"https:\/\/tourtravelandmore.com\/es\/","logo":{"@type":"ImageObject","inLanguage":"es","@id":"https:\/\/tourtravelandmore.com\/es\/#\/schema\/logo\/image\/","url":"https:\/\/tourtravelandmore.com\/wp-content\/uploads\/2022\/12\/cropped-logo-cabecera-new.png","contentUrl":"https:\/\/tourtravelandmore.com\/wp-content\/uploads\/2022\/12\/cropped-logo-cabecera-new.png","width":430,"height":61,"caption":"Tour Travel And More"},"image":{"@id":"https:\/\/tourtravelandmore.com\/es\/#\/schema\/logo\/image\/"},"sameAs":["https:\/\/www.facebook.com\/tourtravelandmore\/","https:\/\/x.com\/TourTravel_More"]}]}},"_links":{"self":[{"href":"https:\/\/tourtravelandmore.com\/es\/wp-json\/wp\/v2\/product\/82068","targetHints":{"allow":["GET"]}}],"collection":[{"href":"https:\/\/tourtravelandmore.com\/es\/wp-json\/wp\/v2\/product"}],"about":[{"href":"https:\/\/tourtravelandmore.com\/es\/wp-json\/wp\/v2\/types\/product"}],"replies":[{"embeddable":true,"href":"https:\/\/tourtravelandmore.com\/es\/wp-json\/wp\/v2\/comments?post=82068"}],"wp:featuredmedia":[{"embeddable":true,"href":"https:\/\/tourtravelandmore.com\/es\/wp-json\/wp\/v2\/media\/82013"}],"wp:attachment":[{"href":"https:\/\/tourtravelandmore.com\/es\/wp-json\/wp\/v2\/media?parent=82068"}],"wp:term":[{"taxonomy":"product_brand","embeddable":true,"href":"https:\/\/tourtravelandmore.com\/es\/wp-json\/wp\/v2\/product_brand?post=82068"},{"taxonomy":"product_cat","embeddable":true,"href":"https:\/\/tourtravelandmore.com\/es\/wp-json\/wp\/v2\/product_cat?post=82068"},{"taxonomy":"product_tag","embeddable":true,"href":"https:\/\/tourtravelandmore.com\/es\/wp-json\/wp\/v2\/product_tag?post=82068"}],"curies":[{"name":"wp","href":"https:\/\/api.w.org\/{rel}","templated":true}]}}