{"id":82055,"date":"2020-08-04T10:39:00","date_gmt":"2020-08-05T11:35:21","guid":{"rendered":"https:\/\/tourtravelandmore.com\/?post_type=product&#038;p=82055"},"modified":"2021-04-27T05:41:22","modified_gmt":"2021-04-27T03:41:22","slug":"alquiler-yate-miami-privado-con-tripulacion-y-activiades-acuaticas","status":"publish","type":"product","link":"https:\/\/tourtravelandmore.com\/es\/tours\/eeuu-es\/miami-es\/alquiler-yate-miami-privado-con-tripulacion-y-activiades-acuaticas\/","title":{"rendered":"Alquiler Yate privado con Tripulaci\u00f3n en Miami"},"content":{"rendered":"<h2>Descripci\u00f3n del Yate Privado:<\/h2>\n<p><span lang=\"es\">Una vez en Miami, aproveche esta oportunidad para disfrutar de una <strong>experiencia en un yate privado con su tripulaci\u00f3n, gracias al alquiler Yate Miami, <\/strong>vive una experiencia \u00fanica y conoce Miami desde el agua o conoce los alrededores de Miami.<\/span><\/p>\n<p><span lang=\"es\">Solo ofrecemos alquileres de yates privados con tripulaci\u00f3n, as\u00ed que cont\u00e1ctenos para organizar la mejor experiencia para usted. Disponemos de diferentes Yates y tama\u00f1os, para alquilar un \u00fanico d\u00eda, varios d\u00edas o incluso dormir en el Yate.<\/span><\/p>\n<p><span lang=\"es\">P\u00f3ngase en contacto con nosotros si desea un traslado privado tambi\u00e9n desde su hotel o lugar de elecci\u00f3n. H\u00e1ganos saber d\u00f3nde se hospeda en Miami y organizaremos un traslado privado para que llegue de forma r\u00e1pida y segura al puerto deportivo.<\/span><\/p>\n<p><span lang=\"es\">Disponemos de diferentes yates y depender\u00e1 de cu\u00e1ntas del n\u00famero de persona, es importante que lo indiquen en el formulario para enviarle nuestra mejor propuesta.<br \/>\n<\/span><\/p>\n<p>Podemos incluir si lo desea un servicio de Catering e incluso un chef para que viva una experiencia inolvidable.<\/p>\n<p><span lang=\"es\">Podemos ver las hermosas vistas del horizonte de Miami, disfrutar de arenales \u00fanicos en la bah\u00eda de Biscayne e incluso practicar deportes acu\u00e1ticos. <\/span><\/p>\n<p>No puedes perderte la oportunidad de Alquiler Yate Miami privado.<\/p>\n<h2>Puntos de Inter\u00e9s<\/h2>\n<p><span lang=\"es\">Podemos organizar una actividad de 4 horas, 6 horas o 8 horas, incluso varios d\u00edas en el Yate, podemos quedarnos a dormir.<\/span><\/p>\n<p><span lang=\"es\">Se pueden organizar actividades de <strong>snorkel, pesca, pasar un d\u00eda en las Bahamas, ir a Key Biscayne, Elliott Key.<\/strong><\/span><\/p>\n<p><span lang=\"es\">Disfruta de este tour privado en yate con nuestra propia tripulaci\u00f3n.<\/span><\/p>\n<p><img fetchpriority=\"high\" decoding=\"async\" class=\"alignnone wp-image-106604 size-large\" src=\"https:\/\/tourtravelandmore.com\/wp-content\/uploads\/2020\/08\/Disen\u0303o-sin-ti\u0301tulo-2-1024x576.png\" alt=\"miami yacht\" width=\"1024\" height=\"576\" srcset=\"https:\/\/tourtravelandmore.com\/wp-content\/uploads\/2020\/08\/Disen\u0303o-sin-ti\u0301tulo-2-1024x576.png 1024w, https:\/\/tourtravelandmore.com\/wp-content\/uploads\/2020\/08\/Disen\u0303o-sin-ti\u0301tulo-2-300x169.png 300w, https:\/\/tourtravelandmore.com\/wp-content\/uploads\/2020\/08\/Disen\u0303o-sin-ti\u0301tulo-2-768x432.png 768w, https:\/\/tourtravelandmore.com\/wp-content\/uploads\/2020\/08\/Disen\u0303o-sin-ti\u0301tulo-2-1536x864.png 1536w, https:\/\/tourtravelandmore.com\/wp-content\/uploads\/2020\/08\/Disen\u0303o-sin-ti\u0301tulo-2-680x383.png 680w, https:\/\/tourtravelandmore.com\/wp-content\/uploads\/2020\/08\/Disen\u0303o-sin-ti\u0301tulo-2-595x335.png 595w, https:\/\/tourtravelandmore.com\/wp-content\/uploads\/2020\/08\/Disen\u0303o-sin-ti\u0301tulo-2.png 1920w\" sizes=\"(max-width: 1024px) 100vw, 1024px\" \/><\/p>\n<p><span lang=\"es\">Esta tripulaci\u00f3n incluir\u00e1 un capit\u00e1n en cualquier caso y para el resto de la tripulaci\u00f3n depender\u00e1 del tama\u00f1o del yate que tomemos. Podemos incluir un catering o un chef para la comida.<\/span><\/p>\n<p><span lang=\"es\">\u00a1Para los juguetes acu\u00e1ticos, podemos incluir motos acu\u00e1ticas, tablas de paddle, snorkel y mucho m\u00e1s!<\/span><\/p>\n<p><span lang=\"es\">Podemos organizar un recorrido privado a Islamorada y disfrutar de un yate privado para bucear en Islamorada.<\/span><\/p>\n<p><span lang=\"es\">Echa un vistazo a todos nuestros otros<a href=\"https:\/\/tourtravelandmore.com\/es\/ciudad\/eeuu-es\/miami-es\/\"> tours privados de Miami.<\/a><br \/>\n<\/span><\/p>\n<p><span lang=\"es\">Podemos organizar un recorrido privado a Islamorada y disfrutar de un yate privado para bucear en Islamorada.<\/span><\/p>\n","protected":false},"excerpt":{"rendered":"<p>Explore la maravillosa costa de Florida en un <strong>YATE PRIVADO<\/strong> Disfrute una experiencia personalizada. Coordinamos recogidas desde cualquier punto en Miami. Nuestra propuesta incluye la tripulaci\u00f3n y todos los gastos.<\/p>\n","protected":false},"featured_media":82002,"comment_status":"open","ping_status":"closed","template":"","meta":{"_acf_changed":false},"product_brand":[],"product_cat":[1602,333,334,336,335,2665],"product_tag":[],"class_list":{"0":"post-82055","1":"product","2":"type-product","3":"status-publish","4":"has-post-thumbnail","6":"product_cat-eeuu-es","7":"product_cat-miami-es","8":"product_cat-miami-actividades-es","9":"product_cat-miami-rutas-turisticas-privadas-es","10":"product_cat-miami-excursiones-es","11":"product_cat-miami-yates-y-botes-es","13":"first","14":"instock","15":"shipping-taxable","16":"purchasable","17":"product-type-simple"},"acf":[],"yoast_head":"<!-- This site is optimized with the Yoast SEO Premium plugin v25.3.1 (Yoast SEO v25.3.1) - https:\/\/yoast.com\/wordpress\/plugins\/seo\/ -->\n<title>Alquiler Yate Miami Privado con Tripulaci\u00f3n y Activiades acu\u00e1ticas | TTM\u00ae<\/title>\n<meta name=\"description\" content=\"\u2192 Allquile un Yate Miami privado con tripulaci\u00f3n y conozca la costa de Florida con su capit\u00e1n y disfrutar de un d\u00eda \u00fanico en el Yate \u2705\" \/>\n<meta name=\"robots\" content=\"index, follow, max-snippet:-1, max-image-preview:large, max-video-preview:-1\" \/>\n<link rel=\"canonical\" href=\"https:\/\/tourtravelandmore.com\/es\/tours\/eeuu-es\/miami-es\/alquiler-yate-miami-privado-con-tripulacion-y-activiades-acuaticas\/\" \/>\n<meta property=\"og:locale\" content=\"es_ES\" \/>\n<meta property=\"og:type\" content=\"article\" \/>\n<meta property=\"og:title\" content=\"Alquiler Yate privado con Tripulaci\u00f3n en Miami\" \/>\n<meta property=\"og:description\" content=\"\u2192 Allquile un Yate Miami privado con tripulaci\u00f3n y conozca la costa de Florida con su capit\u00e1n y disfrutar de un d\u00eda \u00fanico en el Yate \u2705\" \/>\n<meta property=\"og:url\" content=\"https:\/\/tourtravelandmore.com\/es\/tours\/eeuu-es\/miami-es\/alquiler-yate-miami-privado-con-tripulacion-y-activiades-acuaticas\/\" \/>\n<meta property=\"og:site_name\" content=\"Tour Travel And More\" \/>\n<meta property=\"article:publisher\" content=\"https:\/\/www.facebook.com\/tourtravelandmore\/\" \/>\n<meta property=\"article:modified_time\" content=\"2021-04-27T03:41:22+00:00\" \/>\n<meta property=\"og:image\" content=\"https:\/\/tourtravelandmore.com\/wp-content\/uploads\/2020\/08\/37-option.jpg\" \/>\n\t<meta property=\"og:image:width\" content=\"1300\" \/>\n\t<meta property=\"og:image:height\" content=\"625\" \/>\n\t<meta property=\"og:image:type\" content=\"image\/jpeg\" \/>\n<meta name=\"twitter:card\" content=\"summary_large_image\" \/>\n<meta name=\"twitter:site\" content=\"@TourTravel_More\" \/>\n<meta name=\"twitter:label1\" content=\"Tiempo de lectura\" \/>\n\t<meta name=\"twitter:data1\" content=\"2 minutos\" \/>\n<script type=\"application\/ld+json\" class=\"yoast-schema-graph\">{\"@context\":\"https:\/\/schema.org\",\"@graph\":[{\"@type\":\"WebPage\",\"@id\":\"https:\/\/tourtravelandmore.com\/es\/tours\/eeuu-es\/miami-es\/alquiler-yate-miami-privado-con-tripulacion-y-activiades-acuaticas\/\",\"url\":\"https:\/\/tourtravelandmore.com\/es\/tours\/eeuu-es\/miami-es\/alquiler-yate-miami-privado-con-tripulacion-y-activiades-acuaticas\/\",\"name\":\"Alquiler Yate Miami Privado con Tripulaci\u00f3n y Activiades acu\u00e1ticas | TTM\u00ae\",\"isPartOf\":{\"@id\":\"https:\/\/tourtravelandmore.com\/es\/#website\"},\"primaryImageOfPage\":{\"@id\":\"https:\/\/tourtravelandmore.com\/es\/tours\/eeuu-es\/miami-es\/alquiler-yate-miami-privado-con-tripulacion-y-activiades-acuaticas\/#primaryimage\"},\"image\":{\"@id\":\"https:\/\/tourtravelandmore.com\/es\/tours\/eeuu-es\/miami-es\/alquiler-yate-miami-privado-con-tripulacion-y-activiades-acuaticas\/#primaryimage\"},\"thumbnailUrl\":\"https:\/\/tourtravelandmore.com\/wp-content\/uploads\/2020\/08\/37-option.jpg\",\"datePublished\":\"2020-08-05T11:35:21+00:00\",\"dateModified\":\"2021-04-27T03:41:22+00:00\",\"description\":\"\u2192 Allquile un Yate Miami privado con tripulaci\u00f3n y conozca la costa de Florida con su capit\u00e1n y disfrutar de un d\u00eda \u00fanico en el Yate \u2705\",\"breadcrumb\":{\"@id\":\"https:\/\/tourtravelandmore.com\/es\/tours\/eeuu-es\/miami-es\/alquiler-yate-miami-privado-con-tripulacion-y-activiades-acuaticas\/#breadcrumb\"},\"inLanguage\":\"es\",\"potentialAction\":[{\"@type\":\"ReadAction\",\"target\":[\"https:\/\/tourtravelandmore.com\/es\/tours\/eeuu-es\/miami-es\/alquiler-yate-miami-privado-con-tripulacion-y-activiades-acuaticas\/\"]}]},{\"@type\":\"ImageObject\",\"inLanguage\":\"es\",\"@id\":\"https:\/\/tourtravelandmore.com\/es\/tours\/eeuu-es\/miami-es\/alquiler-yate-miami-privado-con-tripulacion-y-activiades-acuaticas\/#primaryimage\",\"url\":\"https:\/\/tourtravelandmore.com\/wp-content\/uploads\/2020\/08\/37-option.jpg\",\"contentUrl\":\"https:\/\/tourtravelandmore.com\/wp-content\/uploads\/2020\/08\/37-option.jpg\",\"width\":1300,\"height\":625},{\"@type\":\"BreadcrumbList\",\"@id\":\"https:\/\/tourtravelandmore.com\/es\/tours\/eeuu-es\/miami-es\/alquiler-yate-miami-privado-con-tripulacion-y-activiades-acuaticas\/#breadcrumb\",\"itemListElement\":[{\"@type\":\"ListItem\",\"position\":1,\"name\":\"Home\",\"item\":\"https:\/\/tourtravelandmore.com\/es\/\"},{\"@type\":\"ListItem\",\"position\":2,\"name\":\"Tours\",\"item\":\"https:\/\/tourtravelandmore.com\/es\/tours\/\"},{\"@type\":\"ListItem\",\"position\":3,\"name\":\"Alquiler Yate privado con Tripulaci\u00f3n en Miami\"}]},{\"@type\":\"WebSite\",\"@id\":\"https:\/\/tourtravelandmore.com\/es\/#website\",\"url\":\"https:\/\/tourtravelandmore.com\/es\/\",\"name\":\"Tour Travel And More\",\"description\":\"Private sightseeing tours and luxury transfers in Spain\",\"publisher\":{\"@id\":\"https:\/\/tourtravelandmore.com\/es\/#organization\"},\"potentialAction\":[{\"@type\":\"SearchAction\",\"target\":{\"@type\":\"EntryPoint\",\"urlTemplate\":\"https:\/\/tourtravelandmore.com\/es\/?s={search_term_string}\"},\"query-input\":{\"@type\":\"PropertyValueSpecification\",\"valueRequired\":true,\"valueName\":\"search_term_string\"}}],\"inLanguage\":\"es\"},{\"@type\":\"Organization\",\"@id\":\"https:\/\/tourtravelandmore.com\/es\/#organization\",\"name\":\"Tour Travel And More\",\"url\":\"https:\/\/tourtravelandmore.com\/es\/\",\"logo\":{\"@type\":\"ImageObject\",\"inLanguage\":\"es\",\"@id\":\"https:\/\/tourtravelandmore.com\/es\/#\/schema\/logo\/image\/\",\"url\":\"https:\/\/tourtravelandmore.com\/wp-content\/uploads\/2022\/12\/cropped-logo-cabecera-new.png\",\"contentUrl\":\"https:\/\/tourtravelandmore.com\/wp-content\/uploads\/2022\/12\/cropped-logo-cabecera-new.png\",\"width\":430,\"height\":61,\"caption\":\"Tour Travel And More\"},\"image\":{\"@id\":\"https:\/\/tourtravelandmore.com\/es\/#\/schema\/logo\/image\/\"},\"sameAs\":[\"https:\/\/www.facebook.com\/tourtravelandmore\/\",\"https:\/\/x.com\/TourTravel_More\"]}]}<\/script>\n<!-- \/ Yoast SEO Premium plugin. -->","yoast_head_json":{"title":"Alquiler Yate Miami Privado con Tripulaci\u00f3n y Activiades acu\u00e1ticas | TTM\u00ae","description":"\u2192 Allquile un Yate Miami privado con tripulaci\u00f3n y conozca la costa de Florida con su capit\u00e1n y disfrutar de un d\u00eda \u00fanico en el Yate \u2705","robots":{"index":"index","follow":"follow","max-snippet":"max-snippet:-1","max-image-preview":"max-image-preview:large","max-video-preview":"max-video-preview:-1"},"canonical":"https:\/\/tourtravelandmore.com\/es\/tours\/eeuu-es\/miami-es\/alquiler-yate-miami-privado-con-tripulacion-y-activiades-acuaticas\/","og_locale":"es_ES","og_type":"article","og_title":"Alquiler Yate privado con Tripulaci\u00f3n en Miami","og_description":"\u2192 Allquile un Yate Miami privado con tripulaci\u00f3n y conozca la costa de Florida con su capit\u00e1n y disfrutar de un d\u00eda \u00fanico en el Yate \u2705","og_url":"https:\/\/tourtravelandmore.com\/es\/tours\/eeuu-es\/miami-es\/alquiler-yate-miami-privado-con-tripulacion-y-activiades-acuaticas\/","og_site_name":"Tour Travel And More","article_publisher":"https:\/\/www.facebook.com\/tourtravelandmore\/","article_modified_time":"2021-04-27T03:41:22+00:00","og_image":[{"width":1300,"height":625,"url":"https:\/\/tourtravelandmore.com\/wp-content\/uploads\/2020\/08\/37-option.jpg","type":"image\/jpeg"}],"twitter_card":"summary_large_image","twitter_site":"@TourTravel_More","twitter_misc":{"Tiempo de lectura":"2 minutos"},"schema":{"@context":"https:\/\/schema.org","@graph":[{"@type":"WebPage","@id":"https:\/\/tourtravelandmore.com\/es\/tours\/eeuu-es\/miami-es\/alquiler-yate-miami-privado-con-tripulacion-y-activiades-acuaticas\/","url":"https:\/\/tourtravelandmore.com\/es\/tours\/eeuu-es\/miami-es\/alquiler-yate-miami-privado-con-tripulacion-y-activiades-acuaticas\/","name":"Alquiler Yate Miami Privado con Tripulaci\u00f3n y Activiades acu\u00e1ticas | TTM\u00ae","isPartOf":{"@id":"https:\/\/tourtravelandmore.com\/es\/#website"},"primaryImageOfPage":{"@id":"https:\/\/tourtravelandmore.com\/es\/tours\/eeuu-es\/miami-es\/alquiler-yate-miami-privado-con-tripulacion-y-activiades-acuaticas\/#primaryimage"},"image":{"@id":"https:\/\/tourtravelandmore.com\/es\/tours\/eeuu-es\/miami-es\/alquiler-yate-miami-privado-con-tripulacion-y-activiades-acuaticas\/#primaryimage"},"thumbnailUrl":"https:\/\/tourtravelandmore.com\/wp-content\/uploads\/2020\/08\/37-option.jpg","datePublished":"2020-08-05T11:35:21+00:00","dateModified":"2021-04-27T03:41:22+00:00","description":"\u2192 Allquile un Yate Miami privado con tripulaci\u00f3n y conozca la costa de Florida con su capit\u00e1n y disfrutar de un d\u00eda \u00fanico en el Yate \u2705","breadcrumb":{"@id":"https:\/\/tourtravelandmore.com\/es\/tours\/eeuu-es\/miami-es\/alquiler-yate-miami-privado-con-tripulacion-y-activiades-acuaticas\/#breadcrumb"},"inLanguage":"es","potentialAction":[{"@type":"ReadAction","target":["https:\/\/tourtravelandmore.com\/es\/tours\/eeuu-es\/miami-es\/alquiler-yate-miami-privado-con-tripulacion-y-activiades-acuaticas\/"]}]},{"@type":"ImageObject","inLanguage":"es","@id":"https:\/\/tourtravelandmore.com\/es\/tours\/eeuu-es\/miami-es\/alquiler-yate-miami-privado-con-tripulacion-y-activiades-acuaticas\/#primaryimage","url":"https:\/\/tourtravelandmore.com\/wp-content\/uploads\/2020\/08\/37-option.jpg","contentUrl":"https:\/\/tourtravelandmore.com\/wp-content\/uploads\/2020\/08\/37-option.jpg","width":1300,"height":625},{"@type":"BreadcrumbList","@id":"https:\/\/tourtravelandmore.com\/es\/tours\/eeuu-es\/miami-es\/alquiler-yate-miami-privado-con-tripulacion-y-activiades-acuaticas\/#breadcrumb","itemListElement":[{"@type":"ListItem","position":1,"name":"Home","item":"https:\/\/tourtravelandmore.com\/es\/"},{"@type":"ListItem","position":2,"name":"Tours","item":"https:\/\/tourtravelandmore.com\/es\/tours\/"},{"@type":"ListItem","position":3,"name":"Alquiler Yate privado con Tripulaci\u00f3n en Miami"}]},{"@type":"WebSite","@id":"https:\/\/tourtravelandmore.com\/es\/#website","url":"https:\/\/tourtravelandmore.com\/es\/","name":"Tour Travel And More","description":"Private sightseeing tours and luxury transfers in Spain","publisher":{"@id":"https:\/\/tourtravelandmore.com\/es\/#organization"},"potentialAction":[{"@type":"SearchAction","target":{"@type":"EntryPoint","urlTemplate":"https:\/\/tourtravelandmore.com\/es\/?s={search_term_string}"},"query-input":{"@type":"PropertyValueSpecification","valueRequired":true,"valueName":"search_term_string"}}],"inLanguage":"es"},{"@type":"Organization","@id":"https:\/\/tourtravelandmore.com\/es\/#organization","name":"Tour Travel And More","url":"https:\/\/tourtravelandmore.com\/es\/","logo":{"@type":"ImageObject","inLanguage":"es","@id":"https:\/\/tourtravelandmore.com\/es\/#\/schema\/logo\/image\/","url":"https:\/\/tourtravelandmore.com\/wp-content\/uploads\/2022\/12\/cropped-logo-cabecera-new.png","contentUrl":"https:\/\/tourtravelandmore.com\/wp-content\/uploads\/2022\/12\/cropped-logo-cabecera-new.png","width":430,"height":61,"caption":"Tour Travel And More"},"image":{"@id":"https:\/\/tourtravelandmore.com\/es\/#\/schema\/logo\/image\/"},"sameAs":["https:\/\/www.facebook.com\/tourtravelandmore\/","https:\/\/x.com\/TourTravel_More"]}]}},"_links":{"self":[{"href":"https:\/\/tourtravelandmore.com\/es\/wp-json\/wp\/v2\/product\/82055","targetHints":{"allow":["GET"]}}],"collection":[{"href":"https:\/\/tourtravelandmore.com\/es\/wp-json\/wp\/v2\/product"}],"about":[{"href":"https:\/\/tourtravelandmore.com\/es\/wp-json\/wp\/v2\/types\/product"}],"replies":[{"embeddable":true,"href":"https:\/\/tourtravelandmore.com\/es\/wp-json\/wp\/v2\/comments?post=82055"}],"wp:featuredmedia":[{"embeddable":true,"href":"https:\/\/tourtravelandmore.com\/es\/wp-json\/wp\/v2\/media\/82002"}],"wp:attachment":[{"href":"https:\/\/tourtravelandmore.com\/es\/wp-json\/wp\/v2\/media?parent=82055"}],"wp:term":[{"taxonomy":"product_brand","embeddable":true,"href":"https:\/\/tourtravelandmore.com\/es\/wp-json\/wp\/v2\/product_brand?post=82055"},{"taxonomy":"product_cat","embeddable":true,"href":"https:\/\/tourtravelandmore.com\/es\/wp-json\/wp\/v2\/product_cat?post=82055"},{"taxonomy":"product_tag","embeddable":true,"href":"https:\/\/tourtravelandmore.com\/es\/wp-json\/wp\/v2\/product_tag?post=82055"}],"curies":[{"name":"wp","href":"https:\/\/api.w.org\/{rel}","templated":true}]}}