{"id":8194,"date":"2016-10-20T12:46:07","date_gmt":"2016-10-24T09:47:26","guid":{"rendered":"http:\/\/tourtravelandmore.com\/es\/?post_type=product&#038;p=8194"},"modified":"2022-11-26T00:42:36","modified_gmt":"2022-11-25T23:42:36","slug":"tour-privado-barcelona-ciudad","status":"publish","type":"product","link":"https:\/\/tourtravelandmore.com\/es\/tours\/espana-es\/barcelona-es\/tour-privado-barcelona-ciudad\/","title":{"rendered":"Tour de Barcelona- Tour Privado"},"content":{"rendered":"<h2>Descripci\u00f3n del Tour de Barcelona- Tour Privado<\/h2>\n<p>El Tour de Barcelona, <strong><em>es el mejor Tour Privado<\/em><\/strong>, para conocer la ciudad de Barcelona, si se dispone de poco tiempo o pocos d\u00edas, ya que utilizaremos al m\u00e1ximo el veh\u00edculo para conocer toda la ciudad, junto a nuestro gu\u00eda oficial que os ir\u00e1 explicando con detalles la hist\u00f3rica de la ciudad, Monumentos, cultura y an\u00e9cdotas.<\/p>\n<p>Barcelona es una ciudad en el municipio de Espa\u00f1a y en la provincia de Barcelona, dentro de la comunidad aut\u00f3noma de Catalu\u00f1a. Tiene una poblaci\u00f3n de m\u00e1s de 1,600,000 habitantes. Es la segunda ciudad m\u00e1s poblada e importante de Espa\u00f1a despu\u00e9s de Madrid.<\/p>\n<p>Pueden escoger la hora de salida del tour y vuestro lugar de recogida dentro de la ciudad de Barcelona.<\/p>\n<p>La duraci\u00f3n del Tour de Barcelona son 4 horas y puede empezar por la ma\u00f1ana o por la tarde. Si desea un Tour m\u00e1s largo para conocer m\u00e1s a fondo la ciudad y poder parar a comer no hay problema, lo podemos organizar de 6 u 8 horas o el n\u00famero que desea. Solo nos lo tiene que indicar en el Formulario de contacto y le pasaremos la propuesta con todo detalle.<\/p>\n<p>El Tour de Barcelona es con gu\u00eda oficial y veh\u00edculo, pararemos en aquellos lugares m\u00e1s relevantes para realizar explicaciones m\u00e1s detallas y fotos.<\/p>\n<h2>Puntos de Inter\u00e9s en el Tour de Barcelona- Tour Privado<\/h2>\n<p>Durante vuestro tour privado, podr\u00e9is ver, entre otros monumentos, los siguientes:<\/p>\n<ul>\n<li><strong>Paseo de Gracia: <\/strong>Una de las calles m\u00e1s valiosos y famosas de la ciudad, ah\u00ed se encuentran dos de los principales monumentos de Antonio Gaudi, la Pedrera y la Casa Batll\u00f3, adem\u00e1s de las mejores tiendas y las marcas m\u00e1s importantes del sector de la Moda, Chanel, Armani, Tiffani, Prada, Miu Miu&#8230;<\/li>\n<li><strong>Plaza Catalu\u00f1a<\/strong><\/li>\n<li><strong>Camp Nou: <\/strong>Estadio de F\u00fatbo, para los amantes del F\u00fatbol podemos incluir la entrada y conocer el Museo, el Campo, Vestuario y sala de Prensa y al finalizar pasar por la tienda para comprar la camiseta de F\u00fatbol de nuestro jugador favorito.<\/li>\n<li><strong>Las Ramblas: <\/strong>Una de las zonas m\u00e1s cruciales de la ciudad y m\u00e1s animadas, formada por <strong>Rambla de Canaletes<\/strong>, <strong>Rambla de los Estudios<\/strong>, <strong>Rambla de las Flores, Rambla de los Capuchinos, Rambla de Santa M\u00f2nica.<\/strong><\/li>\n<li><strong>Barrio G\u00f3tico: <\/strong>Uno de los barrios m\u00e1s antiguos de la ciudad y m\u00e1s hermosos.<strong><br \/>\n<\/strong><\/li>\n<li><strong>Barceloneta: <\/strong>Es un barrio marinero y uno de los m\u00e1s importantes de la ciudad.<strong><br \/>\n<\/strong><\/li>\n<li><strong>Montjuic: <\/strong>Es un excelente mirador para conocer la ciudad de lejos y perfecto para pararnos y contemplar las vistas junto a nuestro gu\u00eda oficial. Conoceremos la <strong>Fuente M\u00e1gica de Montj\u00fcic, Castillo de Montj\u00fcic, Anillo Ol\u00edmpico de Montj\u00fcic y Pueblo Espa\u00f1ol.<\/strong><\/li>\n<li><strong>Plaza Espa\u00f1a<\/strong><\/li>\n<li><strong>Monumentos Antonio Gaudi: <\/strong>A lo largo del Tour conoceremos las obras m\u00e1s importantes de Antonio Gaudi en la ciudad, La Sagrada Familia, Park Guell, Casa Batll\u00f3, La Pedrera.<\/li>\n<li><strong>Puerto Olimpico: <\/strong>Es una de las Zonas m\u00e1s bonitas de la ciudad, y cuanto con un agradable paseo, zonas de Playa para ba\u00f1arse, Restaurantes, y bares y discotecas de Ocio.<\/li>\n<li><strong>\u00a1Mucho m\u00e1s!<\/strong><\/li>\n<\/ul>\n<p>No pierdas la oportunidad de hacer un Tour privado para su familia o en pareja y descubrir Barcelona de la mejor forma y m\u00e1s c\u00f3moda, desde un Hotel, Apartamento o Terminal de Cruceros y en el idioma que nuestro viajero haya escogido.<\/p>\n<p>En este Tour no hay monumentos inclu\u00eddos, pero si lo desean pode\u00eds a\u00f1adir monumentos o ampliar la duraci\u00f3n, solo tienen que especificarlo en el Formulario de contacto.<\/p>\n<p>Si desean realizar un Tour que incluya los monumentos de Gaudi os recomendas el <a href=\"https:\/\/tourtravelandmore.com\/es\/tours\/espana-es\/barcelona-es\/tour-privado-gaudi-barcelona\/\">Tour privado de Gaudi<\/a>, d\u00f3nde entraremos en la Sagrada Familia y Park Guell o el <a href=\"https:\/\/tourtravelandmore.com\/es\/tours\/espana-es\/barcelona-es\/tour-privado-pie-con-visita-la-pedrera-y-casa-batllo-4-horas\/\"><strong>Tour privado a pie de la Pedrara y Casa Batll\u00f3.<\/strong><\/a><\/p>\n","protected":false},"excerpt":{"rendered":"<p>Disfrute de este <strong>tour privado de medio d\u00eda por Barcelona completamente personalizado<\/strong> y disfruta de sus monumentos y lugares de inter\u00e9s m\u00e1s importantes. Aprovecha para conocer Barcelona en esta experiencia con tu propio gu\u00eda tur\u00edstico oficial privado y veh\u00edculo privado con ch\u00f3fer. Personalice su propia experiencia. \u00a1No te pierdas monumentos y lugares de inter\u00e9s como <strong>Montjuic<\/strong>, la <strong>Sagrada Familia de Gaud\u00ed<\/strong>, el <strong>Park G\u00fcell<\/strong> y mucho m\u00e1s!<\/p>\n","protected":false},"featured_media":80672,"comment_status":"open","ping_status":"closed","template":"","meta":{"_acf_changed":false},"product_brand":[],"product_cat":[69,283,266,270,547],"product_tag":[],"class_list":{"0":"post-8194","1":"product","2":"type-product","3":"status-publish","4":"has-post-thumbnail","6":"product_cat-barcelona-es","7":"product_cat-barcelona-top-ventas-es","8":"product_cat-barcelona-actividades-es","9":"product_cat-barcelona-rutas-turisticas-privadas-es","10":"product_cat-barcelona-excursiones-privadas-cruceros-es","12":"first","13":"instock","14":"shipping-taxable","15":"purchasable","16":"product-type-simple"},"acf":[],"yoast_head":"<!-- This site is optimized with the Yoast SEO Premium plugin v25.3.1 (Yoast SEO v25.3.1) - https:\/\/yoast.com\/wordpress\/plugins\/seo\/ -->\n<title>\u27a1\ufe0f Tour de Barcelona | Tour Travel &amp; More<\/title>\n<meta name=\"description\" content=\"Disfrute de este tour de Barcelona con gu\u00eda oficial privado y veh\u00edculo privado con chofer. Conoce la ciudad, la Historia, los Monumentos y atracciones \u2705\" \/>\n<meta name=\"robots\" content=\"index, follow, max-snippet:-1, max-image-preview:large, max-video-preview:-1\" \/>\n<link rel=\"canonical\" href=\"https:\/\/tourtravelandmore.com\/es\/tours\/espana-es\/barcelona-es\/tour-privado-barcelona-ciudad\/\" \/>\n<meta property=\"og:locale\" content=\"es_ES\" \/>\n<meta property=\"og:type\" content=\"article\" \/>\n<meta property=\"og:title\" content=\"Tour de Barcelona- Tour Privado\" \/>\n<meta property=\"og:description\" content=\"Disfrute de este tour de Barcelona con gu\u00eda oficial privado y veh\u00edculo privado con chofer. Conoce la ciudad, la Historia, los Monumentos y atracciones \u2705\" \/>\n<meta property=\"og:url\" content=\"https:\/\/tourtravelandmore.com\/es\/tours\/espana-es\/barcelona-es\/tour-privado-barcelona-ciudad\/\" \/>\n<meta property=\"og:site_name\" content=\"Tour Travel And More\" \/>\n<meta property=\"article:publisher\" content=\"https:\/\/www.facebook.com\/tourtravelandmore\/\" \/>\n<meta property=\"article:modified_time\" content=\"2022-11-25T23:42:36+00:00\" \/>\n<meta property=\"og:image\" content=\"https:\/\/tourtravelandmore.com\/wp-content\/uploads\/2016\/10\/Barcelona4.jpeg\" \/>\n\t<meta property=\"og:image:width\" content=\"1880\" \/>\n\t<meta property=\"og:image:height\" content=\"1253\" \/>\n\t<meta property=\"og:image:type\" content=\"image\/jpeg\" \/>\n<meta name=\"twitter:card\" content=\"summary_large_image\" \/>\n<meta name=\"twitter:site\" content=\"@TourTravel_More\" \/>\n<meta name=\"twitter:label1\" content=\"Tiempo de lectura\" \/>\n\t<meta name=\"twitter:data1\" content=\"3 minutos\" \/>\n<script type=\"application\/ld+json\" class=\"yoast-schema-graph\">{\"@context\":\"https:\/\/schema.org\",\"@graph\":[{\"@type\":\"WebPage\",\"@id\":\"https:\/\/tourtravelandmore.com\/es\/tours\/espana-es\/barcelona-es\/tour-privado-barcelona-ciudad\/\",\"url\":\"https:\/\/tourtravelandmore.com\/es\/tours\/espana-es\/barcelona-es\/tour-privado-barcelona-ciudad\/\",\"name\":\"\u27a1\ufe0f Tour de Barcelona | Tour Travel & More\",\"isPartOf\":{\"@id\":\"https:\/\/tourtravelandmore.com\/es\/#website\"},\"primaryImageOfPage\":{\"@id\":\"https:\/\/tourtravelandmore.com\/es\/tours\/espana-es\/barcelona-es\/tour-privado-barcelona-ciudad\/#primaryimage\"},\"image\":{\"@id\":\"https:\/\/tourtravelandmore.com\/es\/tours\/espana-es\/barcelona-es\/tour-privado-barcelona-ciudad\/#primaryimage\"},\"thumbnailUrl\":\"https:\/\/tourtravelandmore.com\/wp-content\/uploads\/2016\/10\/Barcelona4.jpeg\",\"datePublished\":\"2016-10-24T09:47:26+00:00\",\"dateModified\":\"2022-11-25T23:42:36+00:00\",\"description\":\"Disfrute de este tour de Barcelona con gu\u00eda oficial privado y veh\u00edculo privado con chofer. Conoce la ciudad, la Historia, los Monumentos y atracciones \u2705\",\"breadcrumb\":{\"@id\":\"https:\/\/tourtravelandmore.com\/es\/tours\/espana-es\/barcelona-es\/tour-privado-barcelona-ciudad\/#breadcrumb\"},\"inLanguage\":\"es\",\"potentialAction\":[{\"@type\":\"ReadAction\",\"target\":[\"https:\/\/tourtravelandmore.com\/es\/tours\/espana-es\/barcelona-es\/tour-privado-barcelona-ciudad\/\"]}]},{\"@type\":\"ImageObject\",\"inLanguage\":\"es\",\"@id\":\"https:\/\/tourtravelandmore.com\/es\/tours\/espana-es\/barcelona-es\/tour-privado-barcelona-ciudad\/#primaryimage\",\"url\":\"https:\/\/tourtravelandmore.com\/wp-content\/uploads\/2016\/10\/Barcelona4.jpeg\",\"contentUrl\":\"https:\/\/tourtravelandmore.com\/wp-content\/uploads\/2016\/10\/Barcelona4.jpeg\",\"width\":1880,\"height\":1253,\"caption\":\"La Pedrera\"},{\"@type\":\"BreadcrumbList\",\"@id\":\"https:\/\/tourtravelandmore.com\/es\/tours\/espana-es\/barcelona-es\/tour-privado-barcelona-ciudad\/#breadcrumb\",\"itemListElement\":[{\"@type\":\"ListItem\",\"position\":1,\"name\":\"Home\",\"item\":\"https:\/\/tourtravelandmore.com\/es\/\"},{\"@type\":\"ListItem\",\"position\":2,\"name\":\"Tours\",\"item\":\"https:\/\/tourtravelandmore.com\/es\/tours\/\"},{\"@type\":\"ListItem\",\"position\":3,\"name\":\"Tour de Barcelona- Tour Privado\"}]},{\"@type\":\"WebSite\",\"@id\":\"https:\/\/tourtravelandmore.com\/es\/#website\",\"url\":\"https:\/\/tourtravelandmore.com\/es\/\",\"name\":\"Tour Travel And More\",\"description\":\"Private sightseeing tours and luxury transfers in Spain\",\"publisher\":{\"@id\":\"https:\/\/tourtravelandmore.com\/es\/#organization\"},\"potentialAction\":[{\"@type\":\"SearchAction\",\"target\":{\"@type\":\"EntryPoint\",\"urlTemplate\":\"https:\/\/tourtravelandmore.com\/es\/?s={search_term_string}\"},\"query-input\":{\"@type\":\"PropertyValueSpecification\",\"valueRequired\":true,\"valueName\":\"search_term_string\"}}],\"inLanguage\":\"es\"},{\"@type\":\"Organization\",\"@id\":\"https:\/\/tourtravelandmore.com\/es\/#organization\",\"name\":\"Tour Travel And More\",\"url\":\"https:\/\/tourtravelandmore.com\/es\/\",\"logo\":{\"@type\":\"ImageObject\",\"inLanguage\":\"es\",\"@id\":\"https:\/\/tourtravelandmore.com\/es\/#\/schema\/logo\/image\/\",\"url\":\"https:\/\/tourtravelandmore.com\/wp-content\/uploads\/2022\/12\/cropped-logo-cabecera-new.png\",\"contentUrl\":\"https:\/\/tourtravelandmore.com\/wp-content\/uploads\/2022\/12\/cropped-logo-cabecera-new.png\",\"width\":430,\"height\":61,\"caption\":\"Tour Travel And More\"},\"image\":{\"@id\":\"https:\/\/tourtravelandmore.com\/es\/#\/schema\/logo\/image\/\"},\"sameAs\":[\"https:\/\/www.facebook.com\/tourtravelandmore\/\",\"https:\/\/x.com\/TourTravel_More\"]}]}<\/script>\n<!-- \/ Yoast SEO Premium plugin. -->","yoast_head_json":{"title":"\u27a1\ufe0f Tour de Barcelona | Tour Travel & More","description":"Disfrute de este tour de Barcelona con gu\u00eda oficial privado y veh\u00edculo privado con chofer. Conoce la ciudad, la Historia, los Monumentos y atracciones \u2705","robots":{"index":"index","follow":"follow","max-snippet":"max-snippet:-1","max-image-preview":"max-image-preview:large","max-video-preview":"max-video-preview:-1"},"canonical":"https:\/\/tourtravelandmore.com\/es\/tours\/espana-es\/barcelona-es\/tour-privado-barcelona-ciudad\/","og_locale":"es_ES","og_type":"article","og_title":"Tour de Barcelona- Tour Privado","og_description":"Disfrute de este tour de Barcelona con gu\u00eda oficial privado y veh\u00edculo privado con chofer. Conoce la ciudad, la Historia, los Monumentos y atracciones \u2705","og_url":"https:\/\/tourtravelandmore.com\/es\/tours\/espana-es\/barcelona-es\/tour-privado-barcelona-ciudad\/","og_site_name":"Tour Travel And More","article_publisher":"https:\/\/www.facebook.com\/tourtravelandmore\/","article_modified_time":"2022-11-25T23:42:36+00:00","og_image":[{"width":1880,"height":1253,"url":"https:\/\/tourtravelandmore.com\/wp-content\/uploads\/2016\/10\/Barcelona4.jpeg","type":"image\/jpeg"}],"twitter_card":"summary_large_image","twitter_site":"@TourTravel_More","twitter_misc":{"Tiempo de lectura":"3 minutos"},"schema":{"@context":"https:\/\/schema.org","@graph":[{"@type":"WebPage","@id":"https:\/\/tourtravelandmore.com\/es\/tours\/espana-es\/barcelona-es\/tour-privado-barcelona-ciudad\/","url":"https:\/\/tourtravelandmore.com\/es\/tours\/espana-es\/barcelona-es\/tour-privado-barcelona-ciudad\/","name":"\u27a1\ufe0f Tour de Barcelona | Tour Travel & More","isPartOf":{"@id":"https:\/\/tourtravelandmore.com\/es\/#website"},"primaryImageOfPage":{"@id":"https:\/\/tourtravelandmore.com\/es\/tours\/espana-es\/barcelona-es\/tour-privado-barcelona-ciudad\/#primaryimage"},"image":{"@id":"https:\/\/tourtravelandmore.com\/es\/tours\/espana-es\/barcelona-es\/tour-privado-barcelona-ciudad\/#primaryimage"},"thumbnailUrl":"https:\/\/tourtravelandmore.com\/wp-content\/uploads\/2016\/10\/Barcelona4.jpeg","datePublished":"2016-10-24T09:47:26+00:00","dateModified":"2022-11-25T23:42:36+00:00","description":"Disfrute de este tour de Barcelona con gu\u00eda oficial privado y veh\u00edculo privado con chofer. Conoce la ciudad, la Historia, los Monumentos y atracciones \u2705","breadcrumb":{"@id":"https:\/\/tourtravelandmore.com\/es\/tours\/espana-es\/barcelona-es\/tour-privado-barcelona-ciudad\/#breadcrumb"},"inLanguage":"es","potentialAction":[{"@type":"ReadAction","target":["https:\/\/tourtravelandmore.com\/es\/tours\/espana-es\/barcelona-es\/tour-privado-barcelona-ciudad\/"]}]},{"@type":"ImageObject","inLanguage":"es","@id":"https:\/\/tourtravelandmore.com\/es\/tours\/espana-es\/barcelona-es\/tour-privado-barcelona-ciudad\/#primaryimage","url":"https:\/\/tourtravelandmore.com\/wp-content\/uploads\/2016\/10\/Barcelona4.jpeg","contentUrl":"https:\/\/tourtravelandmore.com\/wp-content\/uploads\/2016\/10\/Barcelona4.jpeg","width":1880,"height":1253,"caption":"La Pedrera"},{"@type":"BreadcrumbList","@id":"https:\/\/tourtravelandmore.com\/es\/tours\/espana-es\/barcelona-es\/tour-privado-barcelona-ciudad\/#breadcrumb","itemListElement":[{"@type":"ListItem","position":1,"name":"Home","item":"https:\/\/tourtravelandmore.com\/es\/"},{"@type":"ListItem","position":2,"name":"Tours","item":"https:\/\/tourtravelandmore.com\/es\/tours\/"},{"@type":"ListItem","position":3,"name":"Tour de Barcelona- Tour Privado"}]},{"@type":"WebSite","@id":"https:\/\/tourtravelandmore.com\/es\/#website","url":"https:\/\/tourtravelandmore.com\/es\/","name":"Tour Travel And More","description":"Private sightseeing tours and luxury transfers in Spain","publisher":{"@id":"https:\/\/tourtravelandmore.com\/es\/#organization"},"potentialAction":[{"@type":"SearchAction","target":{"@type":"EntryPoint","urlTemplate":"https:\/\/tourtravelandmore.com\/es\/?s={search_term_string}"},"query-input":{"@type":"PropertyValueSpecification","valueRequired":true,"valueName":"search_term_string"}}],"inLanguage":"es"},{"@type":"Organization","@id":"https:\/\/tourtravelandmore.com\/es\/#organization","name":"Tour Travel And More","url":"https:\/\/tourtravelandmore.com\/es\/","logo":{"@type":"ImageObject","inLanguage":"es","@id":"https:\/\/tourtravelandmore.com\/es\/#\/schema\/logo\/image\/","url":"https:\/\/tourtravelandmore.com\/wp-content\/uploads\/2022\/12\/cropped-logo-cabecera-new.png","contentUrl":"https:\/\/tourtravelandmore.com\/wp-content\/uploads\/2022\/12\/cropped-logo-cabecera-new.png","width":430,"height":61,"caption":"Tour Travel And More"},"image":{"@id":"https:\/\/tourtravelandmore.com\/es\/#\/schema\/logo\/image\/"},"sameAs":["https:\/\/www.facebook.com\/tourtravelandmore\/","https:\/\/x.com\/TourTravel_More"]}]}},"_links":{"self":[{"href":"https:\/\/tourtravelandmore.com\/es\/wp-json\/wp\/v2\/product\/8194","targetHints":{"allow":["GET"]}}],"collection":[{"href":"https:\/\/tourtravelandmore.com\/es\/wp-json\/wp\/v2\/product"}],"about":[{"href":"https:\/\/tourtravelandmore.com\/es\/wp-json\/wp\/v2\/types\/product"}],"replies":[{"embeddable":true,"href":"https:\/\/tourtravelandmore.com\/es\/wp-json\/wp\/v2\/comments?post=8194"}],"wp:featuredmedia":[{"embeddable":true,"href":"https:\/\/tourtravelandmore.com\/es\/wp-json\/wp\/v2\/media\/80672"}],"wp:attachment":[{"href":"https:\/\/tourtravelandmore.com\/es\/wp-json\/wp\/v2\/media?parent=8194"}],"wp:term":[{"taxonomy":"product_brand","embeddable":true,"href":"https:\/\/tourtravelandmore.com\/es\/wp-json\/wp\/v2\/product_brand?post=8194"},{"taxonomy":"product_cat","embeddable":true,"href":"https:\/\/tourtravelandmore.com\/es\/wp-json\/wp\/v2\/product_cat?post=8194"},{"taxonomy":"product_tag","embeddable":true,"href":"https:\/\/tourtravelandmore.com\/es\/wp-json\/wp\/v2\/product_tag?post=8194"}],"curies":[{"name":"wp","href":"https:\/\/api.w.org\/{rel}","templated":true}]}}