{"id":81902,"date":"2020-07-28T11:52:18","date_gmt":"2020-07-29T09:43:54","guid":{"rendered":"https:\/\/tourtravelandmore.com\/?post_type=product&#038;p=81902"},"modified":"2023-03-04T06:01:35","modified_gmt":"2023-03-04T05:01:35","slug":"tour-privado-la-laguna-y-parque-nacional-el-teide","status":"publish","type":"product","link":"https:\/\/tourtravelandmore.com\/es\/tours\/espana-es\/tenerife-es\/tour-privado-la-laguna-y-parque-nacional-el-teide\/","title":{"rendered":"Tour privado La Laguna y Parque Nacional el Teide"},"content":{"rendered":"<h2><strong>Descripci\u00f3n del Tour privado La Laguna y Parque Nacional el Teide<\/strong><\/h2>\n<p><span lang=\"es\">Tenerife es mucho m\u00e1s que playas, existen dos sitios, declarados Patrimonio Mundial de la Humanidad, ubicados en Tenerife, son una visita obligada si est\u00e1s en la Isla. Gracias a este tour privado de Tenerife podr\u00e1s conocer <strong>La Laguna y el Parque Nacional del Teide.<\/strong><br \/>\n<\/span><\/p>\n<p><span lang=\"es\">Es por eso que este Tour privado de Tenerife conoceremos <strong>La Laguna y el Parque Nacional del Teide<\/strong>, ambos declarados Patrimonio Mundial de la Humanidad en Tenerife.<\/span><\/p>\n<p><span lang=\"es\">Organizaremos una recogida c\u00f3moda desde cualquier lugar de la isla. Dependiendo de d\u00f3nde se encuentre, comenzaremos con La Laguna o con el Parque Nacional del Teide. <\/span><\/p>\n<p>La duraci\u00f3n del tour son 8 horas. El Tour es completamente privado. Puede escoger la hora de comienzo y lugar.<\/p>\n<p><span lang=\"es\">La ciudad de San Crist\u00f3bal de La Laguna se encuentra en la parte norte de la isla. Es una parte verdaderamente \u00fanica para visitar. <\/span><\/p>\n<p><span lang=\"es\">Sobre el Parque Nacional del Teide., realmente no hay palabras para explicar lo incre\u00edble que es esta ubicaci\u00f3n. El Teide es un volc\u00e1n activo. Hemos incluido al Teleferico para poder subir a la cima y contemplar las vistas y el crater.<br \/>\n<\/span><\/p>\n<p>A lo largo del tour pararemos para comer en un lugar t\u00edpico junto a su chofer\/guia privado.<\/p>\n<h2><strong>Puntos de inter\u00e9s en el Tour privado La Laguna y Parque Nacional el Teide<\/strong><\/h2>\n<p>Ambos lugares La Laguna y el Parque Nacional de Teide, <span lang=\"es\">est\u00e1n declarados Patrimonio de la Humanidad y est\u00e1n protegidos por la UNESCO.<\/span><\/p>\n<p>En <strong>La Laguna<\/strong> veremos:<\/p>\n<ul>\n<li id=\"tw-target-text\" class=\"tw-data-text tw-text-large XcVN5d tw-ta\" data-placeholder=\"Traducci\u00f3n\"><strong><span lang=\"es\">Catedral de la Laguna <\/span><\/strong><\/li>\n<li class=\"tw-data-text tw-text-large XcVN5d tw-ta\" data-placeholder=\"Traducci\u00f3n\"><strong><span lang=\"es\">Universidad de la Laguna <\/span><\/strong><\/li>\n<li class=\"tw-data-text tw-text-large XcVN5d tw-ta\" data-placeholder=\"Traducci\u00f3n\"><strong><span lang=\"es\">Real Santuario del Sant\u00edsimo Cristo de La Laguna<\/span><\/strong><\/li>\n<li class=\"tw-data-text tw-text-large XcVN5d tw-ta\" data-placeholder=\"Traducci\u00f3n\"><strong><span lang=\"es\">Casco antiguo de la Laguna <\/span><\/strong><\/li>\n<li data-placeholder=\"Traducci\u00f3n\"><strong>Muchos m\u00e1s<\/strong><\/li>\n<\/ul>\n<p><span lang=\"es\">Para el Parque Nacional del Teide tenemos dos opciones diferentes. Podemos llegar al Teide sin subir o podemos organizar una visita a la cumbre, incluido el telef\u00e9rico. Esta \u00faltima visita incluir\u00eda los telef\u00e9ricos de ida y vuelta, \u00a1esto significa subir a la cumbre y bajar!<\/span><\/p>\n<p><span lang=\"es\">El tour es completamente privado, nos podemos adaptar a sus necesidades o preferencia, solo nos lo tiene que indicar.<\/span><\/p>\n<p><span lang=\"es\">Despu\u00e9s de visitar ambos sitios, nuestra gu\u00eda de conductor lo llevar\u00e1 de regreso a su lugar de elecci\u00f3n en la isla.<\/span><\/p>\n<p><span lang=\"es\">\u00a1Eche un vistazo a nuestros <a href=\"https:\/\/tourtravelandmore.com\/es\/ciudad\/espana-es\/tenerife-es\/\">Tours privados en Tenerife!<\/a><\/span><\/p>\n","protected":false},"excerpt":{"rendered":"<p>Disfrute de este Tour Privado de 8 horas por Tenerife y aproveche a visitar <strong>La Laguna<\/strong> y el<strong> Parque Nacional Teide<\/strong>. Tendr\u00e1 la posibilidad de conocer ambos lugares junto a su chofer\/gu\u00eda privado en un veh\u00edculo privado de lujo. La recogida para el tour puede ser en cualquier sitio de la isla. Cont\u00e1ctenos para armar su tour personalizado.<\/p>\n","protected":false},"featured_media":33637,"comment_status":"open","ping_status":"closed","template":"","meta":{"_acf_changed":false},"product_brand":[],"product_cat":[1023,1024,1025,1026],"product_tag":[],"class_list":{"0":"post-81902","1":"product","2":"type-product","3":"status-publish","4":"has-post-thumbnail","6":"product_cat-tenerife-es","7":"product_cat-tenerife-actividades-es","8":"product_cat-tenerife-rutas-turisticas-privadas-es","9":"product_cat-tenerife-excursiones-privadas-cruceros-es","11":"first","12":"instock","13":"shipping-taxable","14":"purchasable","15":"product-type-simple"},"acf":[],"yoast_head":"<!-- This site is optimized with the Yoast SEO Premium plugin v25.3.1 (Yoast SEO v25.3.1) - https:\/\/yoast.com\/wordpress\/plugins\/seo\/ -->\n<title>\u27a1\ufe0f Tour privado de Tenerife: La Laguna y Parque Nacional el Teide | Tour Travel &amp; More<\/title>\n<meta name=\"description\" content=\"Descubre dos lugares \u00fanicos declarados Patrimonio de la Humanidad, gracias a este tour privado de Tenerife, d\u00f3nde veremos: La Lagura y el Teide \u2705\" \/>\n<meta name=\"robots\" content=\"index, follow, max-snippet:-1, max-image-preview:large, max-video-preview:-1\" \/>\n<link rel=\"canonical\" href=\"https:\/\/tourtravelandmore.com\/es\/tours\/espana-es\/tenerife-es\/tour-privado-la-laguna-y-parque-nacional-el-teide\/\" \/>\n<meta property=\"og:locale\" content=\"es_ES\" \/>\n<meta property=\"og:type\" content=\"article\" \/>\n<meta property=\"og:title\" content=\"Tour privado La Laguna y Parque Nacional el Teide\" \/>\n<meta property=\"og:description\" content=\"Descubre dos lugares \u00fanicos declarados Patrimonio de la Humanidad, gracias a este tour privado de Tenerife, d\u00f3nde veremos: La Lagura y el Teide \u2705\" \/>\n<meta property=\"og:url\" content=\"https:\/\/tourtravelandmore.com\/es\/tours\/espana-es\/tenerife-es\/tour-privado-la-laguna-y-parque-nacional-el-teide\/\" \/>\n<meta property=\"og:site_name\" content=\"Tour Travel And More\" \/>\n<meta property=\"article:publisher\" content=\"https:\/\/www.facebook.com\/tourtravelandmore\/\" \/>\n<meta property=\"article:modified_time\" content=\"2023-03-04T05:01:35+00:00\" \/>\n<meta property=\"og:image\" content=\"https:\/\/tourtravelandmore.com\/wp-content\/uploads\/2019\/02\/teide.jpg\" \/>\n\t<meta property=\"og:image:width\" content=\"1000\" \/>\n\t<meta property=\"og:image:height\" content=\"667\" \/>\n\t<meta property=\"og:image:type\" content=\"image\/jpeg\" \/>\n<meta name=\"twitter:card\" content=\"summary_large_image\" \/>\n<meta name=\"twitter:site\" content=\"@TourTravel_More\" \/>\n<meta name=\"twitter:label1\" content=\"Tiempo de lectura\" \/>\n\t<meta name=\"twitter:data1\" content=\"2 minutos\" \/>\n<script type=\"application\/ld+json\" class=\"yoast-schema-graph\">{\"@context\":\"https:\/\/schema.org\",\"@graph\":[{\"@type\":\"WebPage\",\"@id\":\"https:\/\/tourtravelandmore.com\/es\/tours\/espana-es\/tenerife-es\/tour-privado-la-laguna-y-parque-nacional-el-teide\/\",\"url\":\"https:\/\/tourtravelandmore.com\/es\/tours\/espana-es\/tenerife-es\/tour-privado-la-laguna-y-parque-nacional-el-teide\/\",\"name\":\"\u27a1\ufe0f Tour privado de Tenerife: La Laguna y Parque Nacional el Teide | Tour Travel & More\",\"isPartOf\":{\"@id\":\"https:\/\/tourtravelandmore.com\/es\/#website\"},\"primaryImageOfPage\":{\"@id\":\"https:\/\/tourtravelandmore.com\/es\/tours\/espana-es\/tenerife-es\/tour-privado-la-laguna-y-parque-nacional-el-teide\/#primaryimage\"},\"image\":{\"@id\":\"https:\/\/tourtravelandmore.com\/es\/tours\/espana-es\/tenerife-es\/tour-privado-la-laguna-y-parque-nacional-el-teide\/#primaryimage\"},\"thumbnailUrl\":\"https:\/\/tourtravelandmore.com\/wp-content\/uploads\/2019\/02\/teide.jpg\",\"datePublished\":\"2020-07-29T09:43:54+00:00\",\"dateModified\":\"2023-03-04T05:01:35+00:00\",\"description\":\"Descubre dos lugares \u00fanicos declarados Patrimonio de la Humanidad, gracias a este tour privado de Tenerife, d\u00f3nde veremos: La Lagura y el Teide \u2705\",\"breadcrumb\":{\"@id\":\"https:\/\/tourtravelandmore.com\/es\/tours\/espana-es\/tenerife-es\/tour-privado-la-laguna-y-parque-nacional-el-teide\/#breadcrumb\"},\"inLanguage\":\"es\",\"potentialAction\":[{\"@type\":\"ReadAction\",\"target\":[\"https:\/\/tourtravelandmore.com\/es\/tours\/espana-es\/tenerife-es\/tour-privado-la-laguna-y-parque-nacional-el-teide\/\"]}]},{\"@type\":\"ImageObject\",\"inLanguage\":\"es\",\"@id\":\"https:\/\/tourtravelandmore.com\/es\/tours\/espana-es\/tenerife-es\/tour-privado-la-laguna-y-parque-nacional-el-teide\/#primaryimage\",\"url\":\"https:\/\/tourtravelandmore.com\/wp-content\/uploads\/2019\/02\/teide.jpg\",\"contentUrl\":\"https:\/\/tourtravelandmore.com\/wp-content\/uploads\/2019\/02\/teide.jpg\",\"width\":1000,\"height\":667},{\"@type\":\"BreadcrumbList\",\"@id\":\"https:\/\/tourtravelandmore.com\/es\/tours\/espana-es\/tenerife-es\/tour-privado-la-laguna-y-parque-nacional-el-teide\/#breadcrumb\",\"itemListElement\":[{\"@type\":\"ListItem\",\"position\":1,\"name\":\"Home\",\"item\":\"https:\/\/tourtravelandmore.com\/es\/\"},{\"@type\":\"ListItem\",\"position\":2,\"name\":\"Tours\",\"item\":\"https:\/\/tourtravelandmore.com\/es\/tours\/\"},{\"@type\":\"ListItem\",\"position\":3,\"name\":\"Tour privado La Laguna y Parque Nacional el Teide\"}]},{\"@type\":\"WebSite\",\"@id\":\"https:\/\/tourtravelandmore.com\/es\/#website\",\"url\":\"https:\/\/tourtravelandmore.com\/es\/\",\"name\":\"Tour Travel And More\",\"description\":\"Private sightseeing tours and luxury transfers in Spain\",\"publisher\":{\"@id\":\"https:\/\/tourtravelandmore.com\/es\/#organization\"},\"potentialAction\":[{\"@type\":\"SearchAction\",\"target\":{\"@type\":\"EntryPoint\",\"urlTemplate\":\"https:\/\/tourtravelandmore.com\/es\/?s={search_term_string}\"},\"query-input\":{\"@type\":\"PropertyValueSpecification\",\"valueRequired\":true,\"valueName\":\"search_term_string\"}}],\"inLanguage\":\"es\"},{\"@type\":\"Organization\",\"@id\":\"https:\/\/tourtravelandmore.com\/es\/#organization\",\"name\":\"Tour Travel And More\",\"url\":\"https:\/\/tourtravelandmore.com\/es\/\",\"logo\":{\"@type\":\"ImageObject\",\"inLanguage\":\"es\",\"@id\":\"https:\/\/tourtravelandmore.com\/es\/#\/schema\/logo\/image\/\",\"url\":\"https:\/\/tourtravelandmore.com\/wp-content\/uploads\/2022\/12\/cropped-logo-cabecera-new.png\",\"contentUrl\":\"https:\/\/tourtravelandmore.com\/wp-content\/uploads\/2022\/12\/cropped-logo-cabecera-new.png\",\"width\":430,\"height\":61,\"caption\":\"Tour Travel And More\"},\"image\":{\"@id\":\"https:\/\/tourtravelandmore.com\/es\/#\/schema\/logo\/image\/\"},\"sameAs\":[\"https:\/\/www.facebook.com\/tourtravelandmore\/\",\"https:\/\/x.com\/TourTravel_More\"]}]}<\/script>\n<!-- \/ Yoast SEO Premium plugin. -->","yoast_head_json":{"title":"\u27a1\ufe0f Tour privado de Tenerife: La Laguna y Parque Nacional el Teide | Tour Travel & More","description":"Descubre dos lugares \u00fanicos declarados Patrimonio de la Humanidad, gracias a este tour privado de Tenerife, d\u00f3nde veremos: La Lagura y el Teide \u2705","robots":{"index":"index","follow":"follow","max-snippet":"max-snippet:-1","max-image-preview":"max-image-preview:large","max-video-preview":"max-video-preview:-1"},"canonical":"https:\/\/tourtravelandmore.com\/es\/tours\/espana-es\/tenerife-es\/tour-privado-la-laguna-y-parque-nacional-el-teide\/","og_locale":"es_ES","og_type":"article","og_title":"Tour privado La Laguna y Parque Nacional el Teide","og_description":"Descubre dos lugares \u00fanicos declarados Patrimonio de la Humanidad, gracias a este tour privado de Tenerife, d\u00f3nde veremos: La Lagura y el Teide \u2705","og_url":"https:\/\/tourtravelandmore.com\/es\/tours\/espana-es\/tenerife-es\/tour-privado-la-laguna-y-parque-nacional-el-teide\/","og_site_name":"Tour Travel And More","article_publisher":"https:\/\/www.facebook.com\/tourtravelandmore\/","article_modified_time":"2023-03-04T05:01:35+00:00","og_image":[{"width":1000,"height":667,"url":"https:\/\/tourtravelandmore.com\/wp-content\/uploads\/2019\/02\/teide.jpg","type":"image\/jpeg"}],"twitter_card":"summary_large_image","twitter_site":"@TourTravel_More","twitter_misc":{"Tiempo de lectura":"2 minutos"},"schema":{"@context":"https:\/\/schema.org","@graph":[{"@type":"WebPage","@id":"https:\/\/tourtravelandmore.com\/es\/tours\/espana-es\/tenerife-es\/tour-privado-la-laguna-y-parque-nacional-el-teide\/","url":"https:\/\/tourtravelandmore.com\/es\/tours\/espana-es\/tenerife-es\/tour-privado-la-laguna-y-parque-nacional-el-teide\/","name":"\u27a1\ufe0f Tour privado de Tenerife: La Laguna y Parque Nacional el Teide | Tour Travel & More","isPartOf":{"@id":"https:\/\/tourtravelandmore.com\/es\/#website"},"primaryImageOfPage":{"@id":"https:\/\/tourtravelandmore.com\/es\/tours\/espana-es\/tenerife-es\/tour-privado-la-laguna-y-parque-nacional-el-teide\/#primaryimage"},"image":{"@id":"https:\/\/tourtravelandmore.com\/es\/tours\/espana-es\/tenerife-es\/tour-privado-la-laguna-y-parque-nacional-el-teide\/#primaryimage"},"thumbnailUrl":"https:\/\/tourtravelandmore.com\/wp-content\/uploads\/2019\/02\/teide.jpg","datePublished":"2020-07-29T09:43:54+00:00","dateModified":"2023-03-04T05:01:35+00:00","description":"Descubre dos lugares \u00fanicos declarados Patrimonio de la Humanidad, gracias a este tour privado de Tenerife, d\u00f3nde veremos: La Lagura y el Teide \u2705","breadcrumb":{"@id":"https:\/\/tourtravelandmore.com\/es\/tours\/espana-es\/tenerife-es\/tour-privado-la-laguna-y-parque-nacional-el-teide\/#breadcrumb"},"inLanguage":"es","potentialAction":[{"@type":"ReadAction","target":["https:\/\/tourtravelandmore.com\/es\/tours\/espana-es\/tenerife-es\/tour-privado-la-laguna-y-parque-nacional-el-teide\/"]}]},{"@type":"ImageObject","inLanguage":"es","@id":"https:\/\/tourtravelandmore.com\/es\/tours\/espana-es\/tenerife-es\/tour-privado-la-laguna-y-parque-nacional-el-teide\/#primaryimage","url":"https:\/\/tourtravelandmore.com\/wp-content\/uploads\/2019\/02\/teide.jpg","contentUrl":"https:\/\/tourtravelandmore.com\/wp-content\/uploads\/2019\/02\/teide.jpg","width":1000,"height":667},{"@type":"BreadcrumbList","@id":"https:\/\/tourtravelandmore.com\/es\/tours\/espana-es\/tenerife-es\/tour-privado-la-laguna-y-parque-nacional-el-teide\/#breadcrumb","itemListElement":[{"@type":"ListItem","position":1,"name":"Home","item":"https:\/\/tourtravelandmore.com\/es\/"},{"@type":"ListItem","position":2,"name":"Tours","item":"https:\/\/tourtravelandmore.com\/es\/tours\/"},{"@type":"ListItem","position":3,"name":"Tour privado La Laguna y Parque Nacional el Teide"}]},{"@type":"WebSite","@id":"https:\/\/tourtravelandmore.com\/es\/#website","url":"https:\/\/tourtravelandmore.com\/es\/","name":"Tour Travel And More","description":"Private sightseeing tours and luxury transfers in Spain","publisher":{"@id":"https:\/\/tourtravelandmore.com\/es\/#organization"},"potentialAction":[{"@type":"SearchAction","target":{"@type":"EntryPoint","urlTemplate":"https:\/\/tourtravelandmore.com\/es\/?s={search_term_string}"},"query-input":{"@type":"PropertyValueSpecification","valueRequired":true,"valueName":"search_term_string"}}],"inLanguage":"es"},{"@type":"Organization","@id":"https:\/\/tourtravelandmore.com\/es\/#organization","name":"Tour Travel And More","url":"https:\/\/tourtravelandmore.com\/es\/","logo":{"@type":"ImageObject","inLanguage":"es","@id":"https:\/\/tourtravelandmore.com\/es\/#\/schema\/logo\/image\/","url":"https:\/\/tourtravelandmore.com\/wp-content\/uploads\/2022\/12\/cropped-logo-cabecera-new.png","contentUrl":"https:\/\/tourtravelandmore.com\/wp-content\/uploads\/2022\/12\/cropped-logo-cabecera-new.png","width":430,"height":61,"caption":"Tour Travel And More"},"image":{"@id":"https:\/\/tourtravelandmore.com\/es\/#\/schema\/logo\/image\/"},"sameAs":["https:\/\/www.facebook.com\/tourtravelandmore\/","https:\/\/x.com\/TourTravel_More"]}]}},"_links":{"self":[{"href":"https:\/\/tourtravelandmore.com\/es\/wp-json\/wp\/v2\/product\/81902","targetHints":{"allow":["GET"]}}],"collection":[{"href":"https:\/\/tourtravelandmore.com\/es\/wp-json\/wp\/v2\/product"}],"about":[{"href":"https:\/\/tourtravelandmore.com\/es\/wp-json\/wp\/v2\/types\/product"}],"replies":[{"embeddable":true,"href":"https:\/\/tourtravelandmore.com\/es\/wp-json\/wp\/v2\/comments?post=81902"}],"wp:featuredmedia":[{"embeddable":true,"href":"https:\/\/tourtravelandmore.com\/es\/wp-json\/wp\/v2\/media\/33637"}],"wp:attachment":[{"href":"https:\/\/tourtravelandmore.com\/es\/wp-json\/wp\/v2\/media?parent=81902"}],"wp:term":[{"taxonomy":"product_brand","embeddable":true,"href":"https:\/\/tourtravelandmore.com\/es\/wp-json\/wp\/v2\/product_brand?post=81902"},{"taxonomy":"product_cat","embeddable":true,"href":"https:\/\/tourtravelandmore.com\/es\/wp-json\/wp\/v2\/product_cat?post=81902"},{"taxonomy":"product_tag","embeddable":true,"href":"https:\/\/tourtravelandmore.com\/es\/wp-json\/wp\/v2\/product_tag?post=81902"}],"curies":[{"name":"wp","href":"https:\/\/api.w.org\/{rel}","templated":true}]}}