{"id":81897,"date":"2020-07-28T12:28:52","date_gmt":"2020-07-29T08:39:22","guid":{"rendered":"https:\/\/tourtravelandmore.com\/?post_type=product&#038;p=81897"},"modified":"2023-03-04T06:04:35","modified_gmt":"2023-03-04T05:04:35","slug":"tour-privado-laguna-y-reserva-de-la-biosfera-anaga","status":"publish","type":"product","link":"https:\/\/tourtravelandmore.com\/es\/tours\/espana-es\/tenerife-es\/tour-privado-laguna-y-reserva-de-la-biosfera-anaga\/","title":{"rendered":"Tour privado Laguna y Reserva de la Biosfera Anaga"},"content":{"rendered":"<h2>Descripci\u00f3n del Tour privado Laguna y Reserva de la Biosfera Anaga<\/h2>\n<p><span lang=\"es\">Disfruta de este Tour privado la Laguna y Reserva de la Biosfera Anaga. Conoce la hermosa ciudad de La Laguna y disfruta de un tiempo paseando por la Biosfera de Anaga.<\/span><\/p>\n<p><span lang=\"es\">Nuestro Chofer\/guia privado le estar\u00e1 esperando en su Hotel, Apartamento o Terminal de Cruceros para empezar su tour. <\/span><\/p>\n<p><span lang=\"es\">Operamos en toda la Isla, le podemos recoger desde cualquier lugar. El Tour es completamente privado, pueden escoger la Hora de comienzo y lugar de recogida.<br \/>\n<\/span><\/p>\n<p>La duraci\u00f3n del tour son 8 Horas.<\/p>\n<p><span lang=\"es\">Despu\u00e9s de la recogida, nos dirigiremos hacia la<strong> Biosfera de Anaga.<\/strong> Disfrutar\u00e1 de una visita privada de Anaga. El \u00e1rea de Anaga se encuentra en la esquina noreste de la isla.<\/span><\/p>\n<p><span lang=\"es\">Luego nos dirigiremos hacia <strong>La Laguna<\/strong>. En La Laguna, tendr\u00e1s algo de tiempo para comer algo. Luego disfrutar\u00e1s de la ciudad junto a su chofer\/gu\u00eda.<br \/>\n<\/span><\/p>\n<h2>Puntos de Inter\u00e9s en el Tour privado Laguna y Reserva de la Biosfera Anaga<\/h2>\n<p><span lang=\"es\">Aproveche esta oportunidad para conocer La Laguna y la reserva de la Biosfera de Anaga con su chofer\/guia privado.<\/span><\/p>\n<p><span lang=\"es\">En primer lugar, disfrute de la biosfera de Anaga. \u00a1Aqu\u00ed es donde comenzar\u00e1 el Tour Privado de La Biosfera La Laguna y Anaga!<\/span><\/p>\n<p><span lang=\"es\">Disfruta de los paisajes \u00fanicos de Anaga, con la diversa flora y fauna. Hermosos acantilados, aves para observar, peces, reptiles y casi 2000 especies. <\/span><\/p>\n<p><span lang=\"es\">Luego conduciremos hacia La Laguna. En La Laguna, a su llegada, tendremos tiempo para comer. <\/span><\/p>\n<p><span lang=\"es\">A continuaci\u00f3n comenzaremos la visita privada de la ciudad de La Laguna, declarada, Patrimonio de la Humanidad. Es por eso que debemos destinar parte del recorrido aqu\u00ed. La Laguna es una ciudad ubicada cerca de Santra Cruz de Tenerife.<\/span><\/p>\n<p><span lang=\"es\">Entre otros monumentos en La Laguna, disfrute de los siguientes sitios:<\/span><\/p>\n<ul>\n<li><strong><span lang=\"es\">Catedral de la laguna<\/span><\/strong><\/li>\n<li><strong><span lang=\"es\">Iglesia de la Concepci\u00f3n<\/span><\/strong><\/li>\n<li><strong><span lang=\"es\">Casco antiguo de la Laguna<\/span><\/strong><\/li>\n<li><strong><span lang=\"es\">Real Santuario del Sant\u00edsimo Cristo de La Laguna<\/span><\/strong><\/li>\n<li><strong><span lang=\"es\">Universidad de la Laguna<\/span><\/strong><\/li>\n<\/ul>\n<p><span lang=\"es\">Despu\u00e9s de visitar La Laguna, lo devolveremos de su lugar de elecci\u00f3n en la isla.<\/span><\/p>\n<p><a href=\"https:\/\/tourtravelandmore.com\/es\/ciudad\/espana-es\/tenerife-es\/\"><span lang=\"es\">\u00a1Eche un vistazo a nuestros tours privados aqu\u00ed!<\/span><\/a><\/p>\n","protected":false},"excerpt":{"rendered":"<p>Disfrute de este tour privado de d\u00eda completo por Tenerife y visite <strong>La Laguna<\/strong> y la <strong>Reserva de la Biosfera de Anagua<\/strong>. Descubrir\u00e1 una de las zonas declaradas como Patrimonio de la Humanidad por la UNESCO junto a su chofer\/gu\u00eda privado. Kendra a su disposici\u00f3n un veh\u00edculo privado durante todo su tour. Podemos gestionar la recogida desde cualquier punto de la isla.<\/p>\n","protected":false},"featured_media":81878,"comment_status":"open","ping_status":"closed","template":"","meta":{"_acf_changed":false},"product_brand":[],"product_cat":[1023,1024,1025,1026],"product_tag":[],"class_list":{"0":"post-81897","1":"product","2":"type-product","3":"status-publish","4":"has-post-thumbnail","6":"product_cat-tenerife-es","7":"product_cat-tenerife-actividades-es","8":"product_cat-tenerife-rutas-turisticas-privadas-es","9":"product_cat-tenerife-excursiones-privadas-cruceros-es","11":"first","12":"instock","13":"shipping-taxable","14":"purchasable","15":"product-type-simple"},"acf":[],"yoast_head":"<!-- This site is optimized with the Yoast SEO Premium plugin v25.3.1 (Yoast SEO v25.3.1) - https:\/\/yoast.com\/wordpress\/plugins\/seo\/ -->\n<title>\u27a1\ufe0f Tour privado la Laguna y reserva de la Biosfera de Anaga con Chofer\/guia | Tour Travel &amp; More<\/title>\n<meta name=\"description\" content=\"Descrube una de las Zonas declarada de Tenerifes declaradas Patrimonio de la Humanidad, gracias a este tour privado la Laguna y la Biosfera de Anaga \u2705\" \/>\n<meta name=\"robots\" content=\"index, follow, max-snippet:-1, max-image-preview:large, max-video-preview:-1\" \/>\n<link rel=\"canonical\" href=\"https:\/\/tourtravelandmore.com\/es\/tours\/espana-es\/tenerife-es\/tour-privado-laguna-y-reserva-de-la-biosfera-anaga\/\" \/>\n<meta property=\"og:locale\" content=\"es_ES\" \/>\n<meta property=\"og:type\" content=\"article\" \/>\n<meta property=\"og:title\" content=\"Tour privado Laguna y Reserva de la Biosfera Anaga\" \/>\n<meta property=\"og:description\" content=\"Descrube una de las Zonas declarada de Tenerifes declaradas Patrimonio de la Humanidad, gracias a este tour privado la Laguna y la Biosfera de Anaga \u2705\" \/>\n<meta property=\"og:url\" content=\"https:\/\/tourtravelandmore.com\/es\/tours\/espana-es\/tenerife-es\/tour-privado-laguna-y-reserva-de-la-biosfera-anaga\/\" \/>\n<meta property=\"og:site_name\" content=\"Tour Travel And More\" \/>\n<meta property=\"article:publisher\" content=\"https:\/\/www.facebook.com\/tourtravelandmore\/\" \/>\n<meta property=\"article:modified_time\" content=\"2023-03-04T05:04:35+00:00\" \/>\n<meta property=\"og:image\" content=\"https:\/\/tourtravelandmore.com\/wp-content\/uploads\/2020\/07\/la-laguna-3.jpg\" \/>\n\t<meta property=\"og:image:width\" content=\"1024\" \/>\n\t<meta property=\"og:image:height\" content=\"683\" \/>\n\t<meta property=\"og:image:type\" content=\"image\/jpeg\" \/>\n<meta name=\"twitter:card\" content=\"summary_large_image\" \/>\n<meta name=\"twitter:site\" content=\"@TourTravel_More\" \/>\n<meta name=\"twitter:label1\" content=\"Tiempo de lectura\" \/>\n\t<meta name=\"twitter:data1\" content=\"2 minutos\" \/>\n<script type=\"application\/ld+json\" class=\"yoast-schema-graph\">{\"@context\":\"https:\/\/schema.org\",\"@graph\":[{\"@type\":\"WebPage\",\"@id\":\"https:\/\/tourtravelandmore.com\/es\/tours\/espana-es\/tenerife-es\/tour-privado-laguna-y-reserva-de-la-biosfera-anaga\/\",\"url\":\"https:\/\/tourtravelandmore.com\/es\/tours\/espana-es\/tenerife-es\/tour-privado-laguna-y-reserva-de-la-biosfera-anaga\/\",\"name\":\"\u27a1\ufe0f Tour privado la Laguna y reserva de la Biosfera de Anaga con Chofer\/guia | Tour Travel & More\",\"isPartOf\":{\"@id\":\"https:\/\/tourtravelandmore.com\/es\/#website\"},\"primaryImageOfPage\":{\"@id\":\"https:\/\/tourtravelandmore.com\/es\/tours\/espana-es\/tenerife-es\/tour-privado-laguna-y-reserva-de-la-biosfera-anaga\/#primaryimage\"},\"image\":{\"@id\":\"https:\/\/tourtravelandmore.com\/es\/tours\/espana-es\/tenerife-es\/tour-privado-laguna-y-reserva-de-la-biosfera-anaga\/#primaryimage\"},\"thumbnailUrl\":\"https:\/\/tourtravelandmore.com\/wp-content\/uploads\/2020\/07\/la-laguna-3.jpg\",\"datePublished\":\"2020-07-29T08:39:22+00:00\",\"dateModified\":\"2023-03-04T05:04:35+00:00\",\"description\":\"Descrube una de las Zonas declarada de Tenerifes declaradas Patrimonio de la Humanidad, gracias a este tour privado la Laguna y la Biosfera de Anaga \u2705\",\"breadcrumb\":{\"@id\":\"https:\/\/tourtravelandmore.com\/es\/tours\/espana-es\/tenerife-es\/tour-privado-laguna-y-reserva-de-la-biosfera-anaga\/#breadcrumb\"},\"inLanguage\":\"es\",\"potentialAction\":[{\"@type\":\"ReadAction\",\"target\":[\"https:\/\/tourtravelandmore.com\/es\/tours\/espana-es\/tenerife-es\/tour-privado-laguna-y-reserva-de-la-biosfera-anaga\/\"]}]},{\"@type\":\"ImageObject\",\"inLanguage\":\"es\",\"@id\":\"https:\/\/tourtravelandmore.com\/es\/tours\/espana-es\/tenerife-es\/tour-privado-laguna-y-reserva-de-la-biosfera-anaga\/#primaryimage\",\"url\":\"https:\/\/tourtravelandmore.com\/wp-content\/uploads\/2020\/07\/la-laguna-3.jpg\",\"contentUrl\":\"https:\/\/tourtravelandmore.com\/wp-content\/uploads\/2020\/07\/la-laguna-3.jpg\",\"width\":1024,\"height\":683},{\"@type\":\"BreadcrumbList\",\"@id\":\"https:\/\/tourtravelandmore.com\/es\/tours\/espana-es\/tenerife-es\/tour-privado-laguna-y-reserva-de-la-biosfera-anaga\/#breadcrumb\",\"itemListElement\":[{\"@type\":\"ListItem\",\"position\":1,\"name\":\"Home\",\"item\":\"https:\/\/tourtravelandmore.com\/es\/\"},{\"@type\":\"ListItem\",\"position\":2,\"name\":\"Tours\",\"item\":\"https:\/\/tourtravelandmore.com\/es\/tours\/\"},{\"@type\":\"ListItem\",\"position\":3,\"name\":\"Tour privado Laguna y Reserva de la Biosfera Anaga\"}]},{\"@type\":\"WebSite\",\"@id\":\"https:\/\/tourtravelandmore.com\/es\/#website\",\"url\":\"https:\/\/tourtravelandmore.com\/es\/\",\"name\":\"Tour Travel And More\",\"description\":\"Private sightseeing tours and luxury transfers in Spain\",\"publisher\":{\"@id\":\"https:\/\/tourtravelandmore.com\/es\/#organization\"},\"potentialAction\":[{\"@type\":\"SearchAction\",\"target\":{\"@type\":\"EntryPoint\",\"urlTemplate\":\"https:\/\/tourtravelandmore.com\/es\/?s={search_term_string}\"},\"query-input\":{\"@type\":\"PropertyValueSpecification\",\"valueRequired\":true,\"valueName\":\"search_term_string\"}}],\"inLanguage\":\"es\"},{\"@type\":\"Organization\",\"@id\":\"https:\/\/tourtravelandmore.com\/es\/#organization\",\"name\":\"Tour Travel And More\",\"url\":\"https:\/\/tourtravelandmore.com\/es\/\",\"logo\":{\"@type\":\"ImageObject\",\"inLanguage\":\"es\",\"@id\":\"https:\/\/tourtravelandmore.com\/es\/#\/schema\/logo\/image\/\",\"url\":\"https:\/\/tourtravelandmore.com\/wp-content\/uploads\/2022\/12\/cropped-logo-cabecera-new.png\",\"contentUrl\":\"https:\/\/tourtravelandmore.com\/wp-content\/uploads\/2022\/12\/cropped-logo-cabecera-new.png\",\"width\":430,\"height\":61,\"caption\":\"Tour Travel And More\"},\"image\":{\"@id\":\"https:\/\/tourtravelandmore.com\/es\/#\/schema\/logo\/image\/\"},\"sameAs\":[\"https:\/\/www.facebook.com\/tourtravelandmore\/\",\"https:\/\/x.com\/TourTravel_More\"]}]}<\/script>\n<!-- \/ Yoast SEO Premium plugin. -->","yoast_head_json":{"title":"\u27a1\ufe0f Tour privado la Laguna y reserva de la Biosfera de Anaga con Chofer\/guia | Tour Travel & More","description":"Descrube una de las Zonas declarada de Tenerifes declaradas Patrimonio de la Humanidad, gracias a este tour privado la Laguna y la Biosfera de Anaga \u2705","robots":{"index":"index","follow":"follow","max-snippet":"max-snippet:-1","max-image-preview":"max-image-preview:large","max-video-preview":"max-video-preview:-1"},"canonical":"https:\/\/tourtravelandmore.com\/es\/tours\/espana-es\/tenerife-es\/tour-privado-laguna-y-reserva-de-la-biosfera-anaga\/","og_locale":"es_ES","og_type":"article","og_title":"Tour privado Laguna y Reserva de la Biosfera Anaga","og_description":"Descrube una de las Zonas declarada de Tenerifes declaradas Patrimonio de la Humanidad, gracias a este tour privado la Laguna y la Biosfera de Anaga \u2705","og_url":"https:\/\/tourtravelandmore.com\/es\/tours\/espana-es\/tenerife-es\/tour-privado-laguna-y-reserva-de-la-biosfera-anaga\/","og_site_name":"Tour Travel And More","article_publisher":"https:\/\/www.facebook.com\/tourtravelandmore\/","article_modified_time":"2023-03-04T05:04:35+00:00","og_image":[{"width":1024,"height":683,"url":"https:\/\/tourtravelandmore.com\/wp-content\/uploads\/2020\/07\/la-laguna-3.jpg","type":"image\/jpeg"}],"twitter_card":"summary_large_image","twitter_site":"@TourTravel_More","twitter_misc":{"Tiempo de lectura":"2 minutos"},"schema":{"@context":"https:\/\/schema.org","@graph":[{"@type":"WebPage","@id":"https:\/\/tourtravelandmore.com\/es\/tours\/espana-es\/tenerife-es\/tour-privado-laguna-y-reserva-de-la-biosfera-anaga\/","url":"https:\/\/tourtravelandmore.com\/es\/tours\/espana-es\/tenerife-es\/tour-privado-laguna-y-reserva-de-la-biosfera-anaga\/","name":"\u27a1\ufe0f Tour privado la Laguna y reserva de la Biosfera de Anaga con Chofer\/guia | Tour Travel & More","isPartOf":{"@id":"https:\/\/tourtravelandmore.com\/es\/#website"},"primaryImageOfPage":{"@id":"https:\/\/tourtravelandmore.com\/es\/tours\/espana-es\/tenerife-es\/tour-privado-laguna-y-reserva-de-la-biosfera-anaga\/#primaryimage"},"image":{"@id":"https:\/\/tourtravelandmore.com\/es\/tours\/espana-es\/tenerife-es\/tour-privado-laguna-y-reserva-de-la-biosfera-anaga\/#primaryimage"},"thumbnailUrl":"https:\/\/tourtravelandmore.com\/wp-content\/uploads\/2020\/07\/la-laguna-3.jpg","datePublished":"2020-07-29T08:39:22+00:00","dateModified":"2023-03-04T05:04:35+00:00","description":"Descrube una de las Zonas declarada de Tenerifes declaradas Patrimonio de la Humanidad, gracias a este tour privado la Laguna y la Biosfera de Anaga \u2705","breadcrumb":{"@id":"https:\/\/tourtravelandmore.com\/es\/tours\/espana-es\/tenerife-es\/tour-privado-laguna-y-reserva-de-la-biosfera-anaga\/#breadcrumb"},"inLanguage":"es","potentialAction":[{"@type":"ReadAction","target":["https:\/\/tourtravelandmore.com\/es\/tours\/espana-es\/tenerife-es\/tour-privado-laguna-y-reserva-de-la-biosfera-anaga\/"]}]},{"@type":"ImageObject","inLanguage":"es","@id":"https:\/\/tourtravelandmore.com\/es\/tours\/espana-es\/tenerife-es\/tour-privado-laguna-y-reserva-de-la-biosfera-anaga\/#primaryimage","url":"https:\/\/tourtravelandmore.com\/wp-content\/uploads\/2020\/07\/la-laguna-3.jpg","contentUrl":"https:\/\/tourtravelandmore.com\/wp-content\/uploads\/2020\/07\/la-laguna-3.jpg","width":1024,"height":683},{"@type":"BreadcrumbList","@id":"https:\/\/tourtravelandmore.com\/es\/tours\/espana-es\/tenerife-es\/tour-privado-laguna-y-reserva-de-la-biosfera-anaga\/#breadcrumb","itemListElement":[{"@type":"ListItem","position":1,"name":"Home","item":"https:\/\/tourtravelandmore.com\/es\/"},{"@type":"ListItem","position":2,"name":"Tours","item":"https:\/\/tourtravelandmore.com\/es\/tours\/"},{"@type":"ListItem","position":3,"name":"Tour privado Laguna y Reserva de la Biosfera Anaga"}]},{"@type":"WebSite","@id":"https:\/\/tourtravelandmore.com\/es\/#website","url":"https:\/\/tourtravelandmore.com\/es\/","name":"Tour Travel And More","description":"Private sightseeing tours and luxury transfers in Spain","publisher":{"@id":"https:\/\/tourtravelandmore.com\/es\/#organization"},"potentialAction":[{"@type":"SearchAction","target":{"@type":"EntryPoint","urlTemplate":"https:\/\/tourtravelandmore.com\/es\/?s={search_term_string}"},"query-input":{"@type":"PropertyValueSpecification","valueRequired":true,"valueName":"search_term_string"}}],"inLanguage":"es"},{"@type":"Organization","@id":"https:\/\/tourtravelandmore.com\/es\/#organization","name":"Tour Travel And More","url":"https:\/\/tourtravelandmore.com\/es\/","logo":{"@type":"ImageObject","inLanguage":"es","@id":"https:\/\/tourtravelandmore.com\/es\/#\/schema\/logo\/image\/","url":"https:\/\/tourtravelandmore.com\/wp-content\/uploads\/2022\/12\/cropped-logo-cabecera-new.png","contentUrl":"https:\/\/tourtravelandmore.com\/wp-content\/uploads\/2022\/12\/cropped-logo-cabecera-new.png","width":430,"height":61,"caption":"Tour Travel And More"},"image":{"@id":"https:\/\/tourtravelandmore.com\/es\/#\/schema\/logo\/image\/"},"sameAs":["https:\/\/www.facebook.com\/tourtravelandmore\/","https:\/\/x.com\/TourTravel_More"]}]}},"_links":{"self":[{"href":"https:\/\/tourtravelandmore.com\/es\/wp-json\/wp\/v2\/product\/81897","targetHints":{"allow":["GET"]}}],"collection":[{"href":"https:\/\/tourtravelandmore.com\/es\/wp-json\/wp\/v2\/product"}],"about":[{"href":"https:\/\/tourtravelandmore.com\/es\/wp-json\/wp\/v2\/types\/product"}],"replies":[{"embeddable":true,"href":"https:\/\/tourtravelandmore.com\/es\/wp-json\/wp\/v2\/comments?post=81897"}],"wp:featuredmedia":[{"embeddable":true,"href":"https:\/\/tourtravelandmore.com\/es\/wp-json\/wp\/v2\/media\/81878"}],"wp:attachment":[{"href":"https:\/\/tourtravelandmore.com\/es\/wp-json\/wp\/v2\/media?parent=81897"}],"wp:term":[{"taxonomy":"product_brand","embeddable":true,"href":"https:\/\/tourtravelandmore.com\/es\/wp-json\/wp\/v2\/product_brand?post=81897"},{"taxonomy":"product_cat","embeddable":true,"href":"https:\/\/tourtravelandmore.com\/es\/wp-json\/wp\/v2\/product_cat?post=81897"},{"taxonomy":"product_tag","embeddable":true,"href":"https:\/\/tourtravelandmore.com\/es\/wp-json\/wp\/v2\/product_tag?post=81897"}],"curies":[{"name":"wp","href":"https:\/\/api.w.org\/{rel}","templated":true}]}}